{"id":9682,"date":"2025-11-11T09:56:40","date_gmt":"2025-11-11T09:56:40","guid":{"rendered":"https:\/\/gambling6.com\/arpajaiset\/hanki-mega-sena-lottoliput-netissa\/"},"modified":"2025-11-11T09:56:40","modified_gmt":"2025-11-11T09:56:40","slug":"hanki-mega-sena-lottoliput-netissa","status":"publish","type":"page","link":"https:\/\/gambling6.com\/fi\/arpajaiset\/hanki-mega-sena-lottoliput-netissa\/","title":{"rendered":"Hanki Mega Sena -lottoliput netiss\u00e4"},"content":{"rendered":"<h2>Mega Sena -arpajaiset<\/h2>\n<p>Brasilialainen Mega Sena -arpajaisten taattu v\u00e4himm\u00e4ispotti on 1,1 miljoonaa dollaria, ja ne vet\u00e4v\u00e4t valtavan yleis\u00f6n kahdesti viikossa. Mega Sena -arpajaisten lippujen ostaminen verkosta nostaa usein huomattavasti suurempia voittoja.<strong>Maassa, joka tunnetaan maailmanlaajuisesti kauniista naisista rannoilla ja hauskanpidosta, Brasilian kansallinen Mega-Sena-arpajaiset lis\u00e4\u00e4v\u00e4t j\u00e4nnityst\u00e4 j\u00e4ttipoteilla, jotka voivat nousta 35 miljoonaan dollariin.<\/p>\n<p><strong>Ik\u00e4\u00e4n kuin 35 miljoonaa dollaria ei olisi tarpeeksi, uudenvuodenaattona j\u00e4rjestet\u00e4\u00e4n erityinen arvonta, jossa taattu j\u00e4ttipotti on 200 miljoonaa dollaria.<\/strong><\/p>\n<p>Mega-Sena-arpajaiset, jotka j\u00e4rjestet\u00e4\u00e4n kahdesti viikossa Brasiliassa, ovat Etel\u00e4-Amerikan suurin arpajaiset, ja niit\u00e4 voi ostaa verkosta. Brasilian asukkaat ja monet nettipelaajat ker\u00e4\u00e4ntyv\u00e4t kahdesti viikossa ostamaan lippuja t\u00e4h\u00e4n helppok\u00e4ytt\u00f6iseen lottoon. <\/p>\n<h2>Mega-Sena-arpajaisten pelaaminen verkossa.<\/h2>\n<p>Osallistuaksesi t\u00e4h\u00e4n arvontaan sinun tarvitsee vain valita kuusi numeroa v\u00e4lilt\u00e4 1\u201360 ja odottaa arvontaa. P\u00e4\u00e4voiton lunastamiseksi sinun tarvitsee vain saada kuusi numeroa oikein. <strong>Verkkopelaajana seuraava askel on lent\u00e4\u00e4 Brasiliaan<\/strong>, lunastaa p\u00e4\u00e4voittosi ja parveilla rannalla kaikkien uusien yst\u00e4viesi kanssa.<\/p>\n<p>Mega Senan voittamisen todenn\u00e4k\u00f6isyys verkkolipuillasi on noin 50 000 000:1. Mega Sena -lippujen ostaminen verkosta voi my\u00f6s voittaa toisen tai kolmannen tason palkinnot, jotka ovat usein huomattavia. <a class=\"thirstylink\" title=\"Redfoxlotto\" href=\"https:\/\/gambling6.com\/go\/redfoxlotto\/\" target=\"_blank\" rel=\"nofollow noopener\">Klikkaa t\u00e4st\u00e4 vieraillaksesi yhteisty\u00f6kumppanimme RedFoxlotton sivustolla ja hankkiaksesi Mega Sena -arvontan lippusi verkosta.<\/a><\/p>\n<table style=\"width: 500px;\" border=\"1\" cellspacing=\"5\" cellpadding=\"5\" align=\"center\">\n<tbody>\n<tr>\n<td colspan=\"3\" align=\"center\">Viisi suurinta j\u00e4ttipottia vuodelle 2013<\/td>\n<\/tr>\n<tr>\n<td>Arvonta<\/td>\n<td align=\"center\">P\u00e4iv\u00e4m\u00e4\u00e4r\u00e4<\/td>\n<td align=\"center\">P\u00e4\u00e4potti (USD)<\/td>\n<\/tr>\n<tr>\n<td>Mega-Sena &#8211; Latinalainen Amerikka<\/td>\n<td align=\"center\">6. marraskuuta 2013<\/td>\n<td align=\"right\">34 615 000 dollaria<\/td>\n<\/tr>\n<tr>\n<td>Mega-Sena &#8211; Latinalainen Amerikka<\/td>\n<td align=\"center\">1. kes\u00e4kuuta 2013<\/td>\n<td align=\"right\">18 505 745 $<\/td>\n<\/tr>\n<tr>\n<td>Mega-Sena &#8211; Latinalainen Amerikka<\/td>\n<td align=\"center\">3. hein\u00e4kuuta 2013<\/td>\n<td align=\"right\">18 205 319 $<\/td>\n<\/tr>\n<tr>\n<td>Mega-Sena &#8211; Latinalainen Amerikka<\/td>\n<td align=\"center\">31. elokuuta 2013<\/td>\n<td align=\"right\">13 760 000 $<\/td>\n<\/tr>\n<tr>\n<td>Mega-Sena &#8211; Latinalainen Amerikka<\/td>\n<td align=\"center\">14. elokuuta 2013<\/td>\n<td align=\"right\">10 884 923 $<\/td>\n<\/tr>\n<\/tbody>\n<\/table>\n<p>&nbsp; <\/p>\n<table style=\"width: 500px;\" border=\"1\" cellspacing=\"5\" cellpadding=\"5\" align=\"center\">\n<tbody>\n<tr>\n<td colspan=\"3\" align=\"center\">Mega-Sena-arpajaiset &#8211; Brasilian voittotasot<\/td>\n<\/tr>\n<tr>\n<td>Palkinto<\/td>\n<td align=\"center\">Ottelut<\/td>\n<td align=\"center\">Kertoimet<\/td>\n<\/tr>\n<tr>\n<td>1. (P\u00e4\u00e4potti)<\/td>\n<td align=\"center\">6<\/td>\n<td align=\"right\">50 063 856 : 1<\/td>\n<\/tr>\n<tr>\n<td>2.<\/td>\n<td align=\"center\">5<\/td>\n<td align=\"right\">154 518 : 1<\/td>\n<\/tr>\n<tr>\n<td>3.<\/td>\n<td align=\"center\">4<\/td>\n<td align=\"right\">2 332:1<\/td>\n<\/tr>\n<\/tbody>\n<\/table>\n","protected":false},"excerpt":{"rendered":"<p>Mega Sena -arpajaiset Brasilialainen Mega Sena -arpajaisten taattu v\u00e4himm\u00e4ispotti on 1,1 miljoonaa dollaria, ja ne vet\u00e4v\u00e4t valtavan yleis\u00f6n kahdesti viikossa. Mega Sena -arpajaisten lippujen ostaminen verkosta nostaa usein huomattavasti suurempia voittoja.Maassa, joka tunnetaan maailmanlaajuisesti kauniista naisista rannoilla ja hauskanpidosta, Brasilian kansallinen Mega-Sena-arpajaiset lis\u00e4\u00e4v\u00e4t j\u00e4nnityst\u00e4 j\u00e4ttipoteilla, jotka voivat nousta 35 miljoonaan dollariin. Ik\u00e4\u00e4n kuin 35 miljoonaa [&hellip;]<\/p>\n","protected":false},"author":1,"featured_media":0,"parent":9280,"menu_order":8,"comment_status":"closed","ping_status":"closed","template":"","meta":{"footnotes":""},"class_list":["post-9682","page","type-page","status-publish","hentry"],"yoast_head":"<!-- This site is optimized with the Yoast SEO plugin v27.3 - https:\/\/yoast.com\/product\/yoast-seo-wordpress\/ -->\n<title>Osta Mega Sena -lottoliput netist\u00e4<\/title>\n<meta name=\"description\" content=\"Ota selv\u00e4\u00e4, miten voit hankkia netist\u00e4 lippuja Brasilian Mega-Sena-lottoon.\" \/>\n<meta name=\"robots\" content=\"index, follow, max-snippet:-1, max-image-preview:large, max-video-preview:-1\" \/>\n<link rel=\"canonical\" href=\"https:\/\/gambling6.com\/fi\/arpajaiset\/hanki-mega-sena-lottoliput-netissa\/\" \/>\n<meta property=\"og:locale\" content=\"fi_FI\" \/>\n<meta property=\"og:type\" content=\"article\" \/>\n<meta property=\"og:title\" content=\"Osta Mega Sena -lottoliput netist\u00e4\" \/>\n<meta property=\"og:description\" content=\"Ota selv\u00e4\u00e4, miten voit hankkia netist\u00e4 lippuja Brasilian Mega-Sena-lottoon.\" \/>\n<meta property=\"og:url\" content=\"https:\/\/gambling6.com\/fi\/arpajaiset\/hanki-mega-sena-lottoliput-netissa\/\" \/>\n<meta property=\"og:site_name\" content=\"Gambling6\" \/>\n<meta name=\"twitter:card\" content=\"summary_large_image\" \/>\n<meta name=\"twitter:label1\" content=\"Arvioitu lukuaika\" \/>\n\t<meta name=\"twitter:data1\" content=\"1 minuutti\" \/>\n<script type=\"application\/ld+json\" class=\"yoast-schema-graph\">{\"@context\":\"https:\\\/\\\/schema.org\",\"@graph\":[{\"@type\":\"WebPage\",\"@id\":\"https:\\\/\\\/gambling6.com\\\/fi\\\/arpajaiset\\\/hanki-mega-sena-lottoliput-netissa\\\/\",\"url\":\"https:\\\/\\\/gambling6.com\\\/fi\\\/arpajaiset\\\/hanki-mega-sena-lottoliput-netissa\\\/\",\"name\":\"Osta Mega Sena -lottoliput netist\u00e4\",\"isPartOf\":{\"@id\":\"https:\\\/\\\/gambling6.com\\\/fi\\\/#website\"},\"datePublished\":\"2025-11-11T09:56:40+00:00\",\"description\":\"Ota selv\u00e4\u00e4, miten voit hankkia netist\u00e4 lippuja Brasilian Mega-Sena-lottoon.\",\"breadcrumb\":{\"@id\":\"https:\\\/\\\/gambling6.com\\\/fi\\\/arpajaiset\\\/hanki-mega-sena-lottoliput-netissa\\\/#breadcrumb\"},\"inLanguage\":\"fi\",\"potentialAction\":[{\"@type\":\"ReadAction\",\"target\":[\"https:\\\/\\\/gambling6.com\\\/fi\\\/arpajaiset\\\/hanki-mega-sena-lottoliput-netissa\\\/\"]}]},{\"@type\":\"BreadcrumbList\",\"@id\":\"https:\\\/\\\/gambling6.com\\\/fi\\\/arpajaiset\\\/hanki-mega-sena-lottoliput-netissa\\\/#breadcrumb\",\"itemListElement\":[{\"@type\":\"ListItem\",\"position\":1,\"name\":\"Home\",\"item\":\"https:\\\/\\\/gambling6.com\\\/fi\\\/home\\\/\"},{\"@type\":\"ListItem\",\"position\":2,\"name\":\"Arpajaiset\",\"item\":\"https:\\\/\\\/gambling6.com\\\/fi\\\/arpajaiset\\\/\"},{\"@type\":\"ListItem\",\"position\":3,\"name\":\"Hanki Mega Sena -lottoliput netiss\u00e4\"}]},{\"@type\":\"WebSite\",\"@id\":\"https:\\\/\\\/gambling6.com\\\/fi\\\/#website\",\"url\":\"https:\\\/\\\/gambling6.com\\\/fi\\\/\",\"name\":\"Gambling6\",\"description\":\"\",\"potentialAction\":[{\"@type\":\"SearchAction\",\"target\":{\"@type\":\"EntryPoint\",\"urlTemplate\":\"https:\\\/\\\/gambling6.com\\\/fi\\\/?s={search_term_string}\"},\"query-input\":{\"@type\":\"PropertyValueSpecification\",\"valueRequired\":true,\"valueName\":\"search_term_string\"}}],\"inLanguage\":\"fi\"}]}<\/script>\n<!-- \/ Yoast SEO plugin. -->","yoast_head_json":{"title":"Osta Mega Sena -lottoliput netist\u00e4","description":"Ota selv\u00e4\u00e4, miten voit hankkia netist\u00e4 lippuja Brasilian Mega-Sena-lottoon.","robots":{"index":"index","follow":"follow","max-snippet":"max-snippet:-1","max-image-preview":"max-image-preview:large","max-video-preview":"max-video-preview:-1"},"canonical":"https:\/\/gambling6.com\/fi\/arpajaiset\/hanki-mega-sena-lottoliput-netissa\/","og_locale":"fi_FI","og_type":"article","og_title":"Osta Mega Sena -lottoliput netist\u00e4","og_description":"Ota selv\u00e4\u00e4, miten voit hankkia netist\u00e4 lippuja Brasilian Mega-Sena-lottoon.","og_url":"https:\/\/gambling6.com\/fi\/arpajaiset\/hanki-mega-sena-lottoliput-netissa\/","og_site_name":"Gambling6","twitter_card":"summary_large_image","twitter_misc":{"Arvioitu lukuaika":"1 minuutti"},"schema":{"@context":"https:\/\/schema.org","@graph":[{"@type":"WebPage","@id":"https:\/\/gambling6.com\/fi\/arpajaiset\/hanki-mega-sena-lottoliput-netissa\/","url":"https:\/\/gambling6.com\/fi\/arpajaiset\/hanki-mega-sena-lottoliput-netissa\/","name":"Osta Mega Sena -lottoliput netist\u00e4","isPartOf":{"@id":"https:\/\/gambling6.com\/fi\/#website"},"datePublished":"2025-11-11T09:56:40+00:00","description":"Ota selv\u00e4\u00e4, miten voit hankkia netist\u00e4 lippuja Brasilian Mega-Sena-lottoon.","breadcrumb":{"@id":"https:\/\/gambling6.com\/fi\/arpajaiset\/hanki-mega-sena-lottoliput-netissa\/#breadcrumb"},"inLanguage":"fi","potentialAction":[{"@type":"ReadAction","target":["https:\/\/gambling6.com\/fi\/arpajaiset\/hanki-mega-sena-lottoliput-netissa\/"]}]},{"@type":"BreadcrumbList","@id":"https:\/\/gambling6.com\/fi\/arpajaiset\/hanki-mega-sena-lottoliput-netissa\/#breadcrumb","itemListElement":[{"@type":"ListItem","position":1,"name":"Home","item":"https:\/\/gambling6.com\/fi\/home\/"},{"@type":"ListItem","position":2,"name":"Arpajaiset","item":"https:\/\/gambling6.com\/fi\/arpajaiset\/"},{"@type":"ListItem","position":3,"name":"Hanki Mega Sena -lottoliput netiss\u00e4"}]},{"@type":"WebSite","@id":"https:\/\/gambling6.com\/fi\/#website","url":"https:\/\/gambling6.com\/fi\/","name":"Gambling6","description":"","potentialAction":[{"@type":"SearchAction","target":{"@type":"EntryPoint","urlTemplate":"https:\/\/gambling6.com\/fi\/?s={search_term_string}"},"query-input":{"@type":"PropertyValueSpecification","valueRequired":true,"valueName":"search_term_string"}}],"inLanguage":"fi"}]}},"_links":{"self":[{"href":"https:\/\/gambling6.com\/fi\/wp-json\/wp\/v2\/pages\/9682","targetHints":{"allow":["GET"]}}],"collection":[{"href":"https:\/\/gambling6.com\/fi\/wp-json\/wp\/v2\/pages"}],"about":[{"href":"https:\/\/gambling6.com\/fi\/wp-json\/wp\/v2\/types\/page"}],"author":[{"embeddable":true,"href":"https:\/\/gambling6.com\/fi\/wp-json\/wp\/v2\/users\/1"}],"replies":[{"embeddable":true,"href":"https:\/\/gambling6.com\/fi\/wp-json\/wp\/v2\/comments?post=9682"}],"version-history":[{"count":0,"href":"https:\/\/gambling6.com\/fi\/wp-json\/wp\/v2\/pages\/9682\/revisions"}],"up":[{"embeddable":true,"href":"https:\/\/gambling6.com\/fi\/wp-json\/wp\/v2\/pages\/9280"}],"wp:attachment":[{"href":"https:\/\/gambling6.com\/fi\/wp-json\/wp\/v2\/media?parent=9682"}],"curies":[{"name":"wp","href":"https:\/\/api.w.org\/{rel}","templated":true}]}}