{"id":9706,"date":"2025-11-11T10:31:29","date_gmt":"2025-11-11T10:31:29","guid":{"rendered":"https:\/\/gambling6.com\/arpajaiset\/hanki-nettilippuja-uk-national-lottoon\/"},"modified":"2025-11-15T10:43:32","modified_gmt":"2025-11-15T10:43:32","slug":"hanki-nettilippuja-uk-national-lottoon","status":"publish","type":"page","link":"https:\/\/gambling6.com\/fi\/arpajaiset\/hanki-nettilippuja-uk-national-lottoon\/","title":{"rendered":"Hanki nettilippuja UK National Lottoon"},"content":{"rendered":"<h2>UK National Lotteryn liput netiss\u00e4<\/h2>\n<p><strong style=\"background-color: initial;\">Osottamalla UK National Lotteryn verkkolipun olet osa Ison-Britannian suosikkilottoa.<\/strong><span style=\"background-color: initial;\"> Sek\u00e4 verkossa ett\u00e4 paikallisesti lippujen myynti on noin 50 000 000 arvontaa kohden. Lipulla sinulla on 1\/56 mahdollisuus voittaa 25 puntaa, joka on UK National Lotterin aloitusp\u00e4\u00e4palkinto.<\/span><\/p>\n<p>Pelataksesi t\u00e4t\u00e4 lottoa valitset kuusi p\u00e4\u00e4numeroa v\u00e4lilt\u00e4 1\u201349. P\u00e4\u00e4voiton lunastamiseksi sinun tarvitsee vain saada kuusi numeroa oikein. <strong>UK National Lotterin voittotodenn\u00e4k\u00f6isyys on noin 1\/14 miljoonaa.<\/strong> N\u00e4m\u00e4 kertoimet ovat paljon paremmat kuin Euromillionsin voitto; Itse asiassa sinulla on noin 10 kertaa suurempi todenn\u00e4k\u00f6isyys lunastaa voittosi.<\/p>\n<p>Joka keskiviikko ja lauantai lipunmyynti kasvaa pilviin, kun\u00a0<span style=\"box-sizing: border-box; margin: 0px; padding: 0px;\">paikalliset britit ja\u00a0<strong>kansainv\u00e4liset nettilottopelaajat ostavat lippuja voittaakseen<\/strong><\/span><strong>p\u00e4\u00e4voiton<\/strong>, joka l\u00e4hes aina ylitt\u00e4\u00e4 5 miljoonaa puntaa. Vaikka 45 % lipunmyynnist\u00e4 menee takuupottiin, t\u00e4m\u00e4n loton k\u00e4ytt\u00f6\u00f6noton j\u00e4lkeen vuonna 1994 on lahjoitettu yli 42 miljardia puntaa hy\u00f6dyllisiin tarkoituksiin Isossa-Britanniassa ja ulkomailla. <img loading=\"lazy\" decoding=\"async\" class=\"size-medium wp-image-1371 alignright\" src=\"https:\/\/gambling6.com\/wp-content\/uploads\/2022\/04\/2_ticket_uk_lottery-192x300.jpg\" alt=\"lippu uk arpajaiset\" width=\"192\" height=\"300\" srcset=\"https:\/\/gambling6.com\/wp-content\/uploads\/2022\/04\/2_ticket_uk_lottery-192x300.jpg 192w, https:\/\/gambling6.com\/wp-content\/uploads\/2022\/04\/2_ticket_uk_lottery.jpg 564w\" sizes=\"auto, (max-width: 192px) 100vw, 192px\" \/>Kun t\u00e4m\u00e4 arpajaiset arvotaan lauantaisin ja keskiviikkoisin Lontoossa, yleis\u00f6 puristaa lippuja k\u00e4mmeniss\u00e4\u00e4n melkoisen paljon. Ihmiset parveilevat paikallisissa pubeissa Tellin \u00e4\u00e4rell\u00e4 toivoen voittavansa 5 miljoonaa puntaa. Lis\u00e4ksi, jos j\u00e4ttipottia ei voiteta, se siirret\u00e4\u00e4n seuraavaan arvontaan. <a class=\"thirstylink\" title=\"RedFoxLotto en\" href=\"https:\/\/gambling6.com\/go\/redfoxlotto-en\/\" target=\"_blank\" rel=\"nofollow noopener\">Hanki verkkolippusi ja mahdollisuus lunastaa UK National Lotteryn palkinto vierailemalla yhteisty\u00f6kumppanimme RedFoxLotto-sivustolla.<\/a><\/p>\n<table style=\"width: 500px;\" border=\"1\" cellspacing=\"5\" cellpadding=\"5\" align=\"center\">\n<tbody>\n<tr>\n<td colspan=\"3\" align=\"center\">Viisi suurinta j\u00e4ttipottia vuodelle 2013<\/td>\n<\/tr>\n<tr>\n<td>Arvonta<\/td>\n<td align=\"center\">P\u00e4iv\u00e4m\u00e4\u00e4r\u00e4<\/td>\n<td align=\"center\">P\u00e4\u00e4potti (USD)<\/td>\n<\/tr>\n<tr>\n<td>Kansallinen arpajaiset &#8211; Iso-Britannia<\/td>\n<td align=\"center\">5. lokakuuta 2013<\/td>\n<td style=\"text-align: center;\" align=\"right\">16 500 000 dollaria<\/td>\n<\/tr>\n<tr>\n<td>Kansallisarpajaiset &#8211; Iso-Britannia<\/td>\n<td align=\"center\">12. lokakuuta 2013<\/td>\n<td align=\"right\">16 500 000 dollaria<\/td>\n<\/tr>\n<tr>\n<td>Kansallisarpajaiset &#8211; Iso-Britannia<\/td>\n<td align=\"center\">18. syyskuuta 2013<\/td>\n<td align=\"right\">14 025 000 dollaria<\/td>\n<\/tr>\n<tr>\n<td>Kansallisarpajaiset &#8211; Iso-Britannia<\/td>\n<td align=\"center\">18. joulukuuta 2013<\/td>\n<td align=\"right\">13 173 600 dollaria<\/td>\n<\/tr>\n<tr>\n<td>Kansallisarpajaiset &#8211; Iso-Britannia<\/td>\n<td align=\"center\">2. marraskuuta 2013<\/td>\n<td align=\"right\">13 134 000 dollaria<\/td>\n<\/tr>\n<\/tbody>\n<\/table>\n<p>&nbsp;<\/p>\n<table style=\"width: 500px;\" border=\"1\" cellspacing=\"5\" cellpadding=\"5\" align=\"center\">\n<tbody>\n<tr>\n<td colspan=\"3\" align=\"center\">Ison-Britannian kansallisen arpajaisten voittotasot<\/td>\n<\/tr>\n<tr>\n<td>Palkinto<\/td>\n<td align=\"center\">Ottelut<\/td>\n<td align=\"center\">Kertoimet<\/td>\n<\/tr>\n<tr>\n<td>1. sija (p\u00e4\u00e4voitto)<\/td>\n<td style=\"text-align: center;\" align=\"center\">6<\/td>\n<td align=\"right\">13 983 816 : 1<\/td>\n<\/tr>\n<tr>\n<td>2.<\/td>\n<td align=\"center\">5 + 1<\/td>\n<td align=\"right\">2 330 636 : 1<\/td>\n<\/tr>\n<tr>\n<td>3.<\/td>\n<td align=\"center\">5<\/td>\n<td align=\"right\">55 492 : 1<\/td>\n<\/tr>\n<tr>\n<td>4.<\/td>\n<td align=\"center\">4<\/td>\n<td align=\"right\">1 033 : 1<\/td>\n<\/tr>\n<tr>\n<td>5.<\/td>\n<td align=\"center\">3<\/td>\n<td align=\"right\">57 : 1<\/td>\n<\/tr>\n<\/tbody>\n<\/table>\n","protected":false},"excerpt":{"rendered":"<p>UK National Lotteryn liput netiss\u00e4 Osottamalla UK National Lotteryn verkkolipun olet osa Ison-Britannian suosikkilottoa. Sek\u00e4 verkossa ett\u00e4 paikallisesti lippujen myynti on noin 50 000 000 arvontaa kohden. Lipulla sinulla on 1\/56 mahdollisuus voittaa 25 puntaa, joka on UK National Lotterin aloitusp\u00e4\u00e4palkinto. Pelataksesi t\u00e4t\u00e4 lottoa valitset kuusi p\u00e4\u00e4numeroa v\u00e4lilt\u00e4 1\u201349. P\u00e4\u00e4voiton lunastamiseksi sinun tarvitsee vain saada [&hellip;]<\/p>\n","protected":false},"author":1,"featured_media":0,"parent":9280,"menu_order":6,"comment_status":"closed","ping_status":"closed","template":"","meta":{"footnotes":""},"class_list":["post-9706","page","type-page","status-publish","hentry"],"yoast_head":"<!-- This site is optimized with the Yoast SEO plugin v27.4 - https:\/\/yoast.com\/product\/yoast-seo-wordpress\/ -->\n<title>Osta UK National Lotton -lippuja verkosta<\/title>\n<meta name=\"description\" content=\"Osallistu UK National Lottoon hankkimalla kuponkisi verkosta.\" \/>\n<meta name=\"robots\" content=\"index, follow, max-snippet:-1, max-image-preview:large, max-video-preview:-1\" \/>\n<link rel=\"canonical\" href=\"https:\/\/gambling6.com\/fi\/arpajaiset\/hanki-nettilippuja-uk-national-lottoon\/\" \/>\n<meta property=\"og:locale\" content=\"fi_FI\" \/>\n<meta property=\"og:type\" content=\"article\" \/>\n<meta property=\"og:title\" content=\"Osta UK National Lotton -lippuja verkosta\" \/>\n<meta property=\"og:description\" content=\"Osallistu UK National Lottoon hankkimalla kuponkisi verkosta.\" \/>\n<meta property=\"og:url\" content=\"https:\/\/gambling6.com\/fi\/arpajaiset\/hanki-nettilippuja-uk-national-lottoon\/\" \/>\n<meta property=\"og:site_name\" content=\"Gambling6\" \/>\n<meta property=\"article:modified_time\" content=\"2025-11-15T10:43:32+00:00\" \/>\n<meta property=\"og:image\" content=\"https:\/\/gambling6.com\/wp-content\/uploads\/2022\/04\/2_ticket_uk_lottery.jpg\" \/>\n\t<meta property=\"og:image:width\" content=\"564\" \/>\n\t<meta property=\"og:image:height\" content=\"883\" \/>\n\t<meta property=\"og:image:type\" content=\"image\/jpeg\" \/>\n<meta name=\"twitter:card\" content=\"summary_large_image\" \/>\n<meta name=\"twitter:label1\" content=\"Arvioitu lukuaika\" \/>\n\t<meta name=\"twitter:data1\" content=\"1 minuutti\" \/>\n<script type=\"application\/ld+json\" class=\"yoast-schema-graph\">{\"@context\":\"https:\\\/\\\/schema.org\",\"@graph\":[{\"@type\":\"WebPage\",\"@id\":\"https:\\\/\\\/gambling6.com\\\/fi\\\/arpajaiset\\\/hanki-nettilippuja-uk-national-lottoon\\\/\",\"url\":\"https:\\\/\\\/gambling6.com\\\/fi\\\/arpajaiset\\\/hanki-nettilippuja-uk-national-lottoon\\\/\",\"name\":\"Osta UK National Lotton -lippuja verkosta\",\"isPartOf\":{\"@id\":\"https:\\\/\\\/gambling6.com\\\/fi\\\/#website\"},\"primaryImageOfPage\":{\"@id\":\"https:\\\/\\\/gambling6.com\\\/fi\\\/arpajaiset\\\/hanki-nettilippuja-uk-national-lottoon\\\/#primaryimage\"},\"image\":{\"@id\":\"https:\\\/\\\/gambling6.com\\\/fi\\\/arpajaiset\\\/hanki-nettilippuja-uk-national-lottoon\\\/#primaryimage\"},\"thumbnailUrl\":\"https:\\\/\\\/gambling6.com\\\/wp-content\\\/uploads\\\/2022\\\/04\\\/2_ticket_uk_lottery-192x300.jpg\",\"datePublished\":\"2025-11-11T10:31:29+00:00\",\"dateModified\":\"2025-11-15T10:43:32+00:00\",\"description\":\"Osallistu UK National Lottoon hankkimalla kuponkisi verkosta.\",\"breadcrumb\":{\"@id\":\"https:\\\/\\\/gambling6.com\\\/fi\\\/arpajaiset\\\/hanki-nettilippuja-uk-national-lottoon\\\/#breadcrumb\"},\"inLanguage\":\"fi\",\"potentialAction\":[{\"@type\":\"ReadAction\",\"target\":[\"https:\\\/\\\/gambling6.com\\\/fi\\\/arpajaiset\\\/hanki-nettilippuja-uk-national-lottoon\\\/\"]}]},{\"@type\":\"ImageObject\",\"inLanguage\":\"fi\",\"@id\":\"https:\\\/\\\/gambling6.com\\\/fi\\\/arpajaiset\\\/hanki-nettilippuja-uk-national-lottoon\\\/#primaryimage\",\"url\":\"https:\\\/\\\/gambling6.com\\\/wp-content\\\/uploads\\\/2022\\\/04\\\/2_ticket_uk_lottery-192x300.jpg\",\"contentUrl\":\"https:\\\/\\\/gambling6.com\\\/wp-content\\\/uploads\\\/2022\\\/04\\\/2_ticket_uk_lottery-192x300.jpg\"},{\"@type\":\"BreadcrumbList\",\"@id\":\"https:\\\/\\\/gambling6.com\\\/fi\\\/arpajaiset\\\/hanki-nettilippuja-uk-national-lottoon\\\/#breadcrumb\",\"itemListElement\":[{\"@type\":\"ListItem\",\"position\":1,\"name\":\"Home\",\"item\":\"https:\\\/\\\/gambling6.com\\\/fi\\\/home\\\/\"},{\"@type\":\"ListItem\",\"position\":2,\"name\":\"Arpajaiset\",\"item\":\"https:\\\/\\\/gambling6.com\\\/fi\\\/arpajaiset\\\/\"},{\"@type\":\"ListItem\",\"position\":3,\"name\":\"Hanki nettilippuja UK National Lottoon\"}]},{\"@type\":\"WebSite\",\"@id\":\"https:\\\/\\\/gambling6.com\\\/fi\\\/#website\",\"url\":\"https:\\\/\\\/gambling6.com\\\/fi\\\/\",\"name\":\"Gambling6\",\"description\":\"\",\"potentialAction\":[{\"@type\":\"SearchAction\",\"target\":{\"@type\":\"EntryPoint\",\"urlTemplate\":\"https:\\\/\\\/gambling6.com\\\/fi\\\/?s={search_term_string}\"},\"query-input\":{\"@type\":\"PropertyValueSpecification\",\"valueRequired\":true,\"valueName\":\"search_term_string\"}}],\"inLanguage\":\"fi\"}]}<\/script>\n<!-- \/ Yoast SEO plugin. -->","yoast_head_json":{"title":"Osta UK National Lotton -lippuja verkosta","description":"Osallistu UK National Lottoon hankkimalla kuponkisi verkosta.","robots":{"index":"index","follow":"follow","max-snippet":"max-snippet:-1","max-image-preview":"max-image-preview:large","max-video-preview":"max-video-preview:-1"},"canonical":"https:\/\/gambling6.com\/fi\/arpajaiset\/hanki-nettilippuja-uk-national-lottoon\/","og_locale":"fi_FI","og_type":"article","og_title":"Osta UK National Lotton -lippuja verkosta","og_description":"Osallistu UK National Lottoon hankkimalla kuponkisi verkosta.","og_url":"https:\/\/gambling6.com\/fi\/arpajaiset\/hanki-nettilippuja-uk-national-lottoon\/","og_site_name":"Gambling6","article_modified_time":"2025-11-15T10:43:32+00:00","og_image":[{"width":564,"height":883,"url":"https:\/\/gambling6.com\/wp-content\/uploads\/2022\/04\/2_ticket_uk_lottery.jpg","type":"image\/jpeg"}],"twitter_card":"summary_large_image","twitter_misc":{"Arvioitu lukuaika":"1 minuutti"},"schema":{"@context":"https:\/\/schema.org","@graph":[{"@type":"WebPage","@id":"https:\/\/gambling6.com\/fi\/arpajaiset\/hanki-nettilippuja-uk-national-lottoon\/","url":"https:\/\/gambling6.com\/fi\/arpajaiset\/hanki-nettilippuja-uk-national-lottoon\/","name":"Osta UK National Lotton -lippuja verkosta","isPartOf":{"@id":"https:\/\/gambling6.com\/fi\/#website"},"primaryImageOfPage":{"@id":"https:\/\/gambling6.com\/fi\/arpajaiset\/hanki-nettilippuja-uk-national-lottoon\/#primaryimage"},"image":{"@id":"https:\/\/gambling6.com\/fi\/arpajaiset\/hanki-nettilippuja-uk-national-lottoon\/#primaryimage"},"thumbnailUrl":"https:\/\/gambling6.com\/wp-content\/uploads\/2022\/04\/2_ticket_uk_lottery-192x300.jpg","datePublished":"2025-11-11T10:31:29+00:00","dateModified":"2025-11-15T10:43:32+00:00","description":"Osallistu UK National Lottoon hankkimalla kuponkisi verkosta.","breadcrumb":{"@id":"https:\/\/gambling6.com\/fi\/arpajaiset\/hanki-nettilippuja-uk-national-lottoon\/#breadcrumb"},"inLanguage":"fi","potentialAction":[{"@type":"ReadAction","target":["https:\/\/gambling6.com\/fi\/arpajaiset\/hanki-nettilippuja-uk-national-lottoon\/"]}]},{"@type":"ImageObject","inLanguage":"fi","@id":"https:\/\/gambling6.com\/fi\/arpajaiset\/hanki-nettilippuja-uk-national-lottoon\/#primaryimage","url":"https:\/\/gambling6.com\/wp-content\/uploads\/2022\/04\/2_ticket_uk_lottery-192x300.jpg","contentUrl":"https:\/\/gambling6.com\/wp-content\/uploads\/2022\/04\/2_ticket_uk_lottery-192x300.jpg"},{"@type":"BreadcrumbList","@id":"https:\/\/gambling6.com\/fi\/arpajaiset\/hanki-nettilippuja-uk-national-lottoon\/#breadcrumb","itemListElement":[{"@type":"ListItem","position":1,"name":"Home","item":"https:\/\/gambling6.com\/fi\/home\/"},{"@type":"ListItem","position":2,"name":"Arpajaiset","item":"https:\/\/gambling6.com\/fi\/arpajaiset\/"},{"@type":"ListItem","position":3,"name":"Hanki nettilippuja UK National Lottoon"}]},{"@type":"WebSite","@id":"https:\/\/gambling6.com\/fi\/#website","url":"https:\/\/gambling6.com\/fi\/","name":"Gambling6","description":"","potentialAction":[{"@type":"SearchAction","target":{"@type":"EntryPoint","urlTemplate":"https:\/\/gambling6.com\/fi\/?s={search_term_string}"},"query-input":{"@type":"PropertyValueSpecification","valueRequired":true,"valueName":"search_term_string"}}],"inLanguage":"fi"}]}},"_links":{"self":[{"href":"https:\/\/gambling6.com\/fi\/wp-json\/wp\/v2\/pages\/9706","targetHints":{"allow":["GET"]}}],"collection":[{"href":"https:\/\/gambling6.com\/fi\/wp-json\/wp\/v2\/pages"}],"about":[{"href":"https:\/\/gambling6.com\/fi\/wp-json\/wp\/v2\/types\/page"}],"author":[{"embeddable":true,"href":"https:\/\/gambling6.com\/fi\/wp-json\/wp\/v2\/users\/1"}],"replies":[{"embeddable":true,"href":"https:\/\/gambling6.com\/fi\/wp-json\/wp\/v2\/comments?post=9706"}],"version-history":[{"count":1,"href":"https:\/\/gambling6.com\/fi\/wp-json\/wp\/v2\/pages\/9706\/revisions"}],"predecessor-version":[{"id":10934,"href":"https:\/\/gambling6.com\/fi\/wp-json\/wp\/v2\/pages\/9706\/revisions\/10934"}],"up":[{"embeddable":true,"href":"https:\/\/gambling6.com\/fi\/wp-json\/wp\/v2\/pages\/9280"}],"wp:attachment":[{"href":"https:\/\/gambling6.com\/fi\/wp-json\/wp\/v2\/media?parent=9706"}],"curies":[{"name":"wp","href":"https:\/\/api.w.org\/{rel}","templated":true}]}}