{"id":9708,"date":"2025-11-11T10:34:48","date_gmt":"2025-11-11T10:34:48","guid":{"rendered":"https:\/\/gambling6.com\/arpajaiset\/hanki-superenalotto-liput-netista\/"},"modified":"2025-11-11T10:34:48","modified_gmt":"2025-11-11T10:34:48","slug":"hanki-superenalotto-liput-netista","status":"publish","type":"page","link":"https:\/\/gambling6.com\/fi\/arpajaiset\/hanki-superenalotto-liput-netista\/","title":{"rendered":"Hanki Superenalotto-liput netist\u00e4"},"content":{"rendered":"<h2>Superenalotto<\/h2>\n<p>Italialaiset ovat lottofanaatikoita, erityisesti Superenalottonsa yst\u00e4vi\u00e4. Joka viikko t\u00e4m\u00e4n lottoarvonta on myyty uskomattoman paljon, ja voittotodenn\u00e4k\u00f6isyys on yli 1 600 miljoonasta. <strong>Italian Superenaloton nettilottolippujen ostaminen antaa huonoimmat mahdolliset voittotodenn\u00e4k\u00f6isyydet kaikista maailmanlaajuisista lottoarvonnoista.<\/strong> Silti t\u00e4m\u00e4 n\u00e4ytt\u00e4\u00e4 olevan t\u00e4rkein vetonaula paikallisille eurooppalaisille ja maailmanlaajuisille nettilottopelaajille.<\/p>\n<h2><img loading=\"lazy\" decoding=\"async\" class=\"size-full wp-image-1575 alignright\" src=\"https:\/\/gambling6.com\/wp-content\/uploads\/2022\/04\/2_ticket_superenalotto.jpg\" alt=\"superenalotto ticket\" width=\"228\" height=\"300\" \/>SuperEnaloton j\u00e4ttipotit siirret\u00e4\u00e4n<\/h2>\n<p>Italian Superenaloton voittotodenn\u00e4k\u00f6isyyksien vuoksi j\u00e4ttipotti siirret\u00e4\u00e4n melko usein. Valitsemalla kuusi numeroa yhden ja 90 v\u00e4lilt\u00e4 saat mahdollisuuden voittaa j\u00e4ttipotin saamalla kaikki kuusi numeroa oikein. Vain viiden numeron oikein saaminen antaa sinulle toisen tason palkinnon. Lis\u00e4numero arvotaan erikseen, ja sit\u00e4 kutsutaan Jolly Balliksi. <strong>Nettipelaajat kiirehtiv\u00e4t ostamaan lippuja yritt\u00e4\u00e4kseen napata enn\u00e4tykselliset jopa 500 miljoonan euron j\u00e4ttipotit.<\/strong><\/p>\n<p>Italialaisessa Superenalotossa on kolme arvontaa viikossa. <b>J\u00e4ttipotti alkaa 2 miljoonasta eurosta, eik\u00e4 ole yll\u00e4tys, ett\u00e4 ihmiset ovat niin kiinnostuneita pelaamisesta.<\/b> Sek\u00e4 paikalliset ett\u00e4 nettipelaajat haluavat osan t\u00e4st\u00e4 kansainv\u00e4lisest\u00e4 lotosta, jolla on raportoidusti korkeimmat kertoimet.<\/p>\n<p>Vuonna 1997 Italiassa perustettu Superenalotto her\u00e4tti nopeasti eurooppalaisten lottopelaajien huomion, ja j\u00e4ttipotit kasvoivat ja kertyiv\u00e4t. Suurin j\u00e4ttipotti, 223 miljoonaa euroa, voitti yksitt\u00e4inen lipunhaltija vuonna 2010. <strong>Koska\u00a0<\/strong><span style=\"box-sizing: border-box; margin: 0px; padding: 0px;\"><strong>enemm\u00e4n ihmisi\u00e4 ostaa Superenaloton lippuja verkosta<\/strong>, j\u00e4ttipotilla on potentiaalia kasvaa entisest\u00e4\u00e4n, koska sen koolle ei ole rajoitusta<\/span>.<\/p>\n<p>Suuren j\u00e4ttipotin voittamisen lis\u00e4ksi nettipelaajat voivat osallistua johonkin viidest\u00e4 muusta saatavilla olevasta palkinnosta. <a class=\"thirstylink\" title=\"RedFoxLotto en\" href=\"https:\/\/gambling6.com\/go\/redfoxlotto-en\/\" target=\"_blank\" rel=\"nofollow noopener\">Hanki Italian Superenaloton lippusi RedFoxLoton kautta napsauttamalla t\u00e4st\u00e4.<\/a><\/p>\n<table style=\"width: 500px;\" border=\"1\" cellspacing=\"5\" cellpadding=\"5\" align=\"center\">\n<tbody>\n<tr>\n<td colspan=\"3\" align=\"center\">Vuoden 2013 suurimmat j\u00e4ttipotit<\/td>\n<\/tr>\n<tr>\n<td>Arvonta<\/td>\n<td align=\"center\">P\u00e4iv\u00e4m\u00e4\u00e4r\u00e4<\/td>\n<td align=\"center\">P\u00e4\u00e4potti (USD)<\/td>\n<\/tr>\n<tr>\n<td>Superenalotto &#8211; Italia<\/td>\n<td align=\"center\">29. kes\u00e4kuuta 2013<\/td>\n<td align=\"right\">55 759 000 dollaria<\/td>\n<\/tr>\n<tr>\n<td>Superenalotto &#8211; Italia<\/td>\n<td align=\"center\">15. lokakuuta 2013<\/td>\n<td align=\"right\">25 124 430 dollaria<\/td>\n<\/tr>\n<tr>\n<td>SuperEnalotto &#8211; Italia<\/td>\n<td align=\"center\">3. lokakuuta 2013<\/td>\n<td align=\"right\">21 372 000 dollaria<\/td>\n<\/tr>\n<tr>\n<td>SuperEnalotto &#8211; Italia<\/td>\n<td align=\"center\">27. hein\u00e4kuuta 2013<\/td>\n<td align=\"right\">19 043 000 dollaria<\/td>\n<\/tr>\n<\/tbody>\n<\/table>\n<p>&nbsp;<\/p>\n<table style=\"width: 500px;\" border=\"1\" cellspacing=\"5\" cellpadding=\"5\" align=\"center\">\n<tbody>\n<tr>\n<td colspan=\"3\" align=\"center\">Superenalotto &#8211; Italia -palkintotasot<\/td>\n<\/tr>\n<tr>\n<td>Palkinto<\/td>\n<td align=\"center\">Ottelut<\/td>\n<td align=\"center\">Kertoimet<\/td>\n<\/tr>\n<tr>\n<td>1. (P\u00e4\u00e4potti)<\/td>\n<td align=\"center\">6<\/td>\n<td align=\"right\">622 614 630 : 1<\/td>\n<\/tr>\n<tr>\n<td>2.<\/td>\n<td align=\"center\">5 + 1<\/td>\n<td align=\"right\">103 769 105 : 1<\/td>\n<\/tr>\n<tr>\n<td>3.<\/td>\n<td align=\"center\">5<\/td>\n<td align=\"right\">1 235 346 : 1<\/td>\n<\/tr>\n<tr>\n<td>4.<\/td>\n<td align=\"center\">4<\/td>\n<td align=\"right\">11 907 : 1<\/td>\n<\/tr>\n<tr>\n<td>5.<\/td>\n<td align=\"center\">3<\/td>\n<td align=\"right\">327 : 1<\/td>\n<\/tr>\n<\/tbody>\n<\/table>\n","protected":false},"excerpt":{"rendered":"<p>Superenalotto Italialaiset ovat lottofanaatikoita, erityisesti Superenalottonsa yst\u00e4vi\u00e4. Joka viikko t\u00e4m\u00e4n lottoarvonta on myyty uskomattoman paljon, ja voittotodenn\u00e4k\u00f6isyys on yli 1 600 miljoonasta. Italian Superenaloton nettilottolippujen ostaminen antaa huonoimmat mahdolliset voittotodenn\u00e4k\u00f6isyydet kaikista maailmanlaajuisista lottoarvonnoista. Silti t\u00e4m\u00e4 n\u00e4ytt\u00e4\u00e4 olevan t\u00e4rkein vetonaula paikallisille eurooppalaisille ja maailmanlaajuisille nettilottopelaajille. SuperEnaloton j\u00e4ttipotit siirret\u00e4\u00e4n Italian Superenaloton voittotodenn\u00e4k\u00f6isyyksien vuoksi j\u00e4ttipotti siirret\u00e4\u00e4n melko usein. [&hellip;]<\/p>\n","protected":false},"author":1,"featured_media":0,"parent":9280,"menu_order":7,"comment_status":"closed","ping_status":"closed","template":"","meta":{"footnotes":""},"class_list":["post-9708","page","type-page","status-publish","hentry"],"yoast_head":"<!-- This site is optimized with the Yoast SEO plugin v27.4 - https:\/\/yoast.com\/product\/yoast-seo-wordpress\/ -->\n<title>Osta Superenaloton liput netist\u00e4<\/title>\n<meta name=\"description\" content=\"Hanki Superenalotto-lippusi verkosta yhteisty\u00f6kumppanimme RedFoxLotto-sivustolta.\" \/>\n<meta name=\"robots\" content=\"index, follow, max-snippet:-1, max-image-preview:large, max-video-preview:-1\" \/>\n<link rel=\"canonical\" href=\"https:\/\/gambling6.com\/fi\/arpajaiset\/hanki-superenalotto-liput-netista\/\" \/>\n<meta property=\"og:locale\" content=\"fi_FI\" \/>\n<meta property=\"og:type\" content=\"article\" \/>\n<meta property=\"og:title\" content=\"Osta Superenaloton liput netist\u00e4\" \/>\n<meta property=\"og:description\" content=\"Hanki Superenalotto-lippusi verkosta yhteisty\u00f6kumppanimme RedFoxLotto-sivustolta.\" \/>\n<meta property=\"og:url\" content=\"https:\/\/gambling6.com\/fi\/arpajaiset\/hanki-superenalotto-liput-netista\/\" \/>\n<meta property=\"og:site_name\" content=\"Gambling6\" \/>\n<meta property=\"og:image\" content=\"https:\/\/gambling6.com\/wp-content\/uploads\/2022\/04\/2_ticket_superenalotto.jpg\" \/>\n\t<meta property=\"og:image:width\" content=\"228\" \/>\n\t<meta property=\"og:image:height\" content=\"300\" \/>\n\t<meta property=\"og:image:type\" content=\"image\/jpeg\" \/>\n<meta name=\"twitter:card\" content=\"summary_large_image\" \/>\n<meta name=\"twitter:label1\" content=\"Arvioitu lukuaika\" \/>\n\t<meta name=\"twitter:data1\" content=\"1 minuutti\" \/>\n<script type=\"application\/ld+json\" class=\"yoast-schema-graph\">{\"@context\":\"https:\\\/\\\/schema.org\",\"@graph\":[{\"@type\":\"WebPage\",\"@id\":\"https:\\\/\\\/gambling6.com\\\/fi\\\/arpajaiset\\\/hanki-superenalotto-liput-netista\\\/\",\"url\":\"https:\\\/\\\/gambling6.com\\\/fi\\\/arpajaiset\\\/hanki-superenalotto-liput-netista\\\/\",\"name\":\"Osta Superenaloton liput netist\u00e4\",\"isPartOf\":{\"@id\":\"https:\\\/\\\/gambling6.com\\\/fi\\\/#website\"},\"primaryImageOfPage\":{\"@id\":\"https:\\\/\\\/gambling6.com\\\/fi\\\/arpajaiset\\\/hanki-superenalotto-liput-netista\\\/#primaryimage\"},\"image\":{\"@id\":\"https:\\\/\\\/gambling6.com\\\/fi\\\/arpajaiset\\\/hanki-superenalotto-liput-netista\\\/#primaryimage\"},\"thumbnailUrl\":\"https:\\\/\\\/gambling6.com\\\/wp-content\\\/uploads\\\/2022\\\/04\\\/2_ticket_superenalotto.jpg\",\"datePublished\":\"2025-11-11T10:34:48+00:00\",\"description\":\"Hanki Superenalotto-lippusi verkosta yhteisty\u00f6kumppanimme RedFoxLotto-sivustolta.\",\"breadcrumb\":{\"@id\":\"https:\\\/\\\/gambling6.com\\\/fi\\\/arpajaiset\\\/hanki-superenalotto-liput-netista\\\/#breadcrumb\"},\"inLanguage\":\"fi\",\"potentialAction\":[{\"@type\":\"ReadAction\",\"target\":[\"https:\\\/\\\/gambling6.com\\\/fi\\\/arpajaiset\\\/hanki-superenalotto-liput-netista\\\/\"]}]},{\"@type\":\"ImageObject\",\"inLanguage\":\"fi\",\"@id\":\"https:\\\/\\\/gambling6.com\\\/fi\\\/arpajaiset\\\/hanki-superenalotto-liput-netista\\\/#primaryimage\",\"url\":\"https:\\\/\\\/gambling6.com\\\/wp-content\\\/uploads\\\/2022\\\/04\\\/2_ticket_superenalotto.jpg\",\"contentUrl\":\"https:\\\/\\\/gambling6.com\\\/wp-content\\\/uploads\\\/2022\\\/04\\\/2_ticket_superenalotto.jpg\"},{\"@type\":\"BreadcrumbList\",\"@id\":\"https:\\\/\\\/gambling6.com\\\/fi\\\/arpajaiset\\\/hanki-superenalotto-liput-netista\\\/#breadcrumb\",\"itemListElement\":[{\"@type\":\"ListItem\",\"position\":1,\"name\":\"Home\",\"item\":\"https:\\\/\\\/gambling6.com\\\/fi\\\/home\\\/\"},{\"@type\":\"ListItem\",\"position\":2,\"name\":\"Arpajaiset\",\"item\":\"https:\\\/\\\/gambling6.com\\\/fi\\\/arpajaiset\\\/\"},{\"@type\":\"ListItem\",\"position\":3,\"name\":\"Hanki Superenalotto-liput netist\u00e4\"}]},{\"@type\":\"WebSite\",\"@id\":\"https:\\\/\\\/gambling6.com\\\/fi\\\/#website\",\"url\":\"https:\\\/\\\/gambling6.com\\\/fi\\\/\",\"name\":\"Gambling6\",\"description\":\"\",\"potentialAction\":[{\"@type\":\"SearchAction\",\"target\":{\"@type\":\"EntryPoint\",\"urlTemplate\":\"https:\\\/\\\/gambling6.com\\\/fi\\\/?s={search_term_string}\"},\"query-input\":{\"@type\":\"PropertyValueSpecification\",\"valueRequired\":true,\"valueName\":\"search_term_string\"}}],\"inLanguage\":\"fi\"}]}<\/script>\n<!-- \/ Yoast SEO plugin. -->","yoast_head_json":{"title":"Osta Superenaloton liput netist\u00e4","description":"Hanki Superenalotto-lippusi verkosta yhteisty\u00f6kumppanimme RedFoxLotto-sivustolta.","robots":{"index":"index","follow":"follow","max-snippet":"max-snippet:-1","max-image-preview":"max-image-preview:large","max-video-preview":"max-video-preview:-1"},"canonical":"https:\/\/gambling6.com\/fi\/arpajaiset\/hanki-superenalotto-liput-netista\/","og_locale":"fi_FI","og_type":"article","og_title":"Osta Superenaloton liput netist\u00e4","og_description":"Hanki Superenalotto-lippusi verkosta yhteisty\u00f6kumppanimme RedFoxLotto-sivustolta.","og_url":"https:\/\/gambling6.com\/fi\/arpajaiset\/hanki-superenalotto-liput-netista\/","og_site_name":"Gambling6","og_image":[{"width":228,"height":300,"url":"https:\/\/gambling6.com\/wp-content\/uploads\/2022\/04\/2_ticket_superenalotto.jpg","type":"image\/jpeg"}],"twitter_card":"summary_large_image","twitter_misc":{"Arvioitu lukuaika":"1 minuutti"},"schema":{"@context":"https:\/\/schema.org","@graph":[{"@type":"WebPage","@id":"https:\/\/gambling6.com\/fi\/arpajaiset\/hanki-superenalotto-liput-netista\/","url":"https:\/\/gambling6.com\/fi\/arpajaiset\/hanki-superenalotto-liput-netista\/","name":"Osta Superenaloton liput netist\u00e4","isPartOf":{"@id":"https:\/\/gambling6.com\/fi\/#website"},"primaryImageOfPage":{"@id":"https:\/\/gambling6.com\/fi\/arpajaiset\/hanki-superenalotto-liput-netista\/#primaryimage"},"image":{"@id":"https:\/\/gambling6.com\/fi\/arpajaiset\/hanki-superenalotto-liput-netista\/#primaryimage"},"thumbnailUrl":"https:\/\/gambling6.com\/wp-content\/uploads\/2022\/04\/2_ticket_superenalotto.jpg","datePublished":"2025-11-11T10:34:48+00:00","description":"Hanki Superenalotto-lippusi verkosta yhteisty\u00f6kumppanimme RedFoxLotto-sivustolta.","breadcrumb":{"@id":"https:\/\/gambling6.com\/fi\/arpajaiset\/hanki-superenalotto-liput-netista\/#breadcrumb"},"inLanguage":"fi","potentialAction":[{"@type":"ReadAction","target":["https:\/\/gambling6.com\/fi\/arpajaiset\/hanki-superenalotto-liput-netista\/"]}]},{"@type":"ImageObject","inLanguage":"fi","@id":"https:\/\/gambling6.com\/fi\/arpajaiset\/hanki-superenalotto-liput-netista\/#primaryimage","url":"https:\/\/gambling6.com\/wp-content\/uploads\/2022\/04\/2_ticket_superenalotto.jpg","contentUrl":"https:\/\/gambling6.com\/wp-content\/uploads\/2022\/04\/2_ticket_superenalotto.jpg"},{"@type":"BreadcrumbList","@id":"https:\/\/gambling6.com\/fi\/arpajaiset\/hanki-superenalotto-liput-netista\/#breadcrumb","itemListElement":[{"@type":"ListItem","position":1,"name":"Home","item":"https:\/\/gambling6.com\/fi\/home\/"},{"@type":"ListItem","position":2,"name":"Arpajaiset","item":"https:\/\/gambling6.com\/fi\/arpajaiset\/"},{"@type":"ListItem","position":3,"name":"Hanki Superenalotto-liput netist\u00e4"}]},{"@type":"WebSite","@id":"https:\/\/gambling6.com\/fi\/#website","url":"https:\/\/gambling6.com\/fi\/","name":"Gambling6","description":"","potentialAction":[{"@type":"SearchAction","target":{"@type":"EntryPoint","urlTemplate":"https:\/\/gambling6.com\/fi\/?s={search_term_string}"},"query-input":{"@type":"PropertyValueSpecification","valueRequired":true,"valueName":"search_term_string"}}],"inLanguage":"fi"}]}},"_links":{"self":[{"href":"https:\/\/gambling6.com\/fi\/wp-json\/wp\/v2\/pages\/9708","targetHints":{"allow":["GET"]}}],"collection":[{"href":"https:\/\/gambling6.com\/fi\/wp-json\/wp\/v2\/pages"}],"about":[{"href":"https:\/\/gambling6.com\/fi\/wp-json\/wp\/v2\/types\/page"}],"author":[{"embeddable":true,"href":"https:\/\/gambling6.com\/fi\/wp-json\/wp\/v2\/users\/1"}],"replies":[{"embeddable":true,"href":"https:\/\/gambling6.com\/fi\/wp-json\/wp\/v2\/comments?post=9708"}],"version-history":[{"count":0,"href":"https:\/\/gambling6.com\/fi\/wp-json\/wp\/v2\/pages\/9708\/revisions"}],"up":[{"embeddable":true,"href":"https:\/\/gambling6.com\/fi\/wp-json\/wp\/v2\/pages\/9280"}],"wp:attachment":[{"href":"https:\/\/gambling6.com\/fi\/wp-json\/wp\/v2\/media?parent=9708"}],"curies":[{"name":"wp","href":"https:\/\/api.w.org\/{rel}","templated":true}]}}