{"id":5547,"date":"2022-05-30T10:00:42","date_gmt":"2022-05-30T09:00:42","guid":{"rendered":"https:\/\/gambling6.com\/?p=5547"},"modified":"2025-11-17T11:00:04","modified_gmt":"2025-11-17T11:00:04","slug":"revue-du-site-du-casino-888","status":"publish","type":"page","link":"https:\/\/gambling6.com\/fr\/revue-du-site-du-casino-888\/","title":{"rendered":"Revue du Casino 888"},"content":{"rendered":"<h2>Pas seulement un site de roulette &#8211; 888 Casino<\/h2>\n<p>Le casino en ligne 888 est une marque \u00e9tablie dans l&rsquo;industrie du jeu. Ce casino en ligne dispose \u00e0 la fois d&rsquo;un \u00e9tonnant casino en Flash qui se charge rapidement sur votre navigateur et d&rsquo;une option de logiciel de jeu que vous devez t\u00e9l\u00e9charger pour acc\u00e9der aux jeux. La version t\u00e9l\u00e9chargeable est pr\u00e9f\u00e9r\u00e9e par les joueurs car elle offre une sensation et un aspect coh\u00e9rents pour tous les jeux.<br \/>\n<a href=\"https:\/\/ic.aff-handler.com\/C\/45871?sr=1064399&amp;anid=\" rel=\"nofollow\"><img loading=\"lazy\" decoding=\"async\" class=\"alignnone\" src=\"https:\/\/ic.aff-handler.com\/I\/45871?sr=1064399&amp;anid=\" width=\"499\" height=\"64\" \/><\/a><\/p>\n<p>De la roulette europ\u00e9enne \u00e0 la roulette 3D, vous pouvez profiter de tous les types de roulette que vous avez en t\u00eate dans ce casino. Il existe \u00e9galement des jeux de roulette \u00e0 entr\u00e9e libre qui vous permettent d&rsquo;apprendre les r\u00e8gles du jeu si vous \u00eates novice en la mati\u00e8re. L&rsquo;attraction principale du casino est la roulette en direct. Vous avez la possibilit\u00e9 de choisir parmi trois tables \u00e0 z\u00e9ro unique : roulette europ\u00e9enne, fran\u00e7aise et Venezia (croupier parlant italien).<\/p>\n<p>La gamme des mises va de 1 \u00e0 un maximum de 200. Les devises accept\u00e9es sont le dollar am\u00e9ricain, l&rsquo;euro et la livre sterling. Le jeu offre une grande esth\u00e9tique aux joueurs. La meilleure partie est que les joueurs peuvent y jouer sur le navigateur et n&rsquo;ont pas \u00e0 t\u00e9l\u00e9charger de logiciel. Il existe deux vues diff\u00e9rentes du jeu : la vue classique et la vue 3D. Le jeu a tout ce qu&rsquo;il faut, tout amateur de roulette ne peut demander plus.<\/p>\n<p>Outre les jeux de roulette, vous trouverez ici toutes sortes de jeux en ligne pour de l&rsquo;argent. Poker, livre de sport, bingo, cartes \u00e0 gratter, machines \u00e0 sous, blackjack &#8211; vous le savez, ils l&rsquo;ont !<\/p>\n<p>Ce casino, dont le si\u00e8ge est \u00e0 Gibraltar, est tr\u00e8s s\u00e9rieux lorsqu&rsquo;il s&rsquo;agit de prot\u00e9ger les informations personnelles de ses membres. Il suit divers protocoles de s\u00e9curit\u00e9 stricts pour prot\u00e9ger les donn\u00e9es et les informations contre les attaques des cyber-voleurs. Le casino est fier d&rsquo;avoir obtenu plusieurs certifications de s\u00e9curit\u00e9. Il propose 20 m\u00e9thodes de d\u00e9p\u00f4t diff\u00e9rentes, dont les plus fiables du secteur, comme Visa et Neteller. Il est essentiel que le casino maintienne un haut niveau de s\u00e9curit\u00e9 car les joueurs doivent divulguer des documents de v\u00e9rification afin d&rsquo;\u00e9viter les fraudes et les informations sont sensibles par nature. Avec de telles mesures de s\u00e9curit\u00e9, les joueurs peuvent profiter du jeu sans inqui\u00e9tude.<\/p>\n<p>Outre les jeux, ce qui int\u00e9resse le plus les joueurs de casino, ce sont les bonus et les promotions. 888 propose d&rsquo;excellentes promotions \u00e0 intervalles r\u00e9guliers. Ils offrent un g\u00e9n\u00e9reux bonus d&rsquo;adh\u00e9sion \u00e0 tous les nouveaux joueurs. Vous \u00eates libre de l&rsquo;utiliser dans n&rsquo;importe quelle section de jeux de casino. Lorsque vous jouez \u00e0 la roulette pour la premi\u00e8re fois, vous \u00eates accueilli avec un bonus d&rsquo;entr\u00e9e de 1 500 \u20ac. Le casino propose \u00e9galement une promotion de parrainage qui vous permet d&rsquo;obtenir des bonus en invitant des amis \u00e0 devenir membres du casino. Dans l&rsquo;ensemble, <a class=\"thirstylink\" title=\"888 casino fr\" href=\"https:\/\/gambling6.com\/go\/888-casino-fr\/\" target=\"_blank\" rel=\"nofollow noopener\">le casino 888<\/a> est un endroit amusant pour tout amateur de roulette. Tout amateur de jeu peut s&rsquo;amuser et passer un bon moment dans ce casino !<\/p>\n","protected":false},"excerpt":{"rendered":"<p>Pas seulement un site de roulette &#8211; 888 Casino Le casino en ligne 888 est une marque \u00e9tablie dans l&rsquo;industrie du jeu. Ce casino en ligne dispose \u00e0 la fois d&rsquo;un \u00e9tonnant casino en Flash qui se charge rapidement sur votre navigateur et d&rsquo;une option de logiciel de jeu que vous devez t\u00e9l\u00e9charger pour acc\u00e9der [&hellip;]<\/p>\n","protected":false},"author":1,"featured_media":0,"parent":0,"menu_order":3,"comment_status":"closed","ping_status":"closed","template":"","meta":{"footnotes":""},"class_list":["post-5547","page","type-page","status-publish","hentry"],"yoast_head":"<!-- This site is optimized with the Yoast SEO plugin v27.4 - https:\/\/yoast.com\/product\/yoast-seo-wordpress\/ -->\n<title>Revue du site 888 Casino<\/title>\n<meta name=\"description\" content=\"Casinos 888 - Une revue du site de roulette en ligne le plus populaire\" \/>\n<meta name=\"robots\" content=\"index, follow, max-snippet:-1, max-image-preview:large, max-video-preview:-1\" \/>\n<link rel=\"canonical\" href=\"https:\/\/gambling6.com\/fr\/revue-du-site-du-casino-888\/\" \/>\n<meta property=\"og:locale\" content=\"fr_FR\" \/>\n<meta property=\"og:type\" content=\"article\" \/>\n<meta property=\"og:title\" content=\"Revue du site 888 Casino\" \/>\n<meta property=\"og:description\" content=\"Casinos 888 - Une revue du site de roulette en ligne le plus populaire\" \/>\n<meta property=\"og:url\" content=\"https:\/\/gambling6.com\/fr\/revue-du-site-du-casino-888\/\" \/>\n<meta property=\"og:site_name\" content=\"Gambling6\" \/>\n<meta property=\"article:modified_time\" content=\"2025-11-17T11:00:04+00:00\" \/>\n<meta property=\"og:image\" content=\"https:\/\/ic.aff-handler.com\/I\/45871?sr=1064399&amp;anid=\" \/>\n<meta name=\"twitter:card\" content=\"summary_large_image\" \/>\n<meta name=\"twitter:label1\" content=\"Dur\u00e9e de lecture estim\u00e9e\" \/>\n\t<meta name=\"twitter:data1\" content=\"3 minutes\" \/>\n<script type=\"application\/ld+json\" class=\"yoast-schema-graph\">{\"@context\":\"https:\\\/\\\/schema.org\",\"@graph\":[{\"@type\":\"WebPage\",\"@id\":\"https:\\\/\\\/gambling6.com\\\/fr\\\/revue-du-site-du-casino-888\\\/\",\"url\":\"https:\\\/\\\/gambling6.com\\\/fr\\\/revue-du-site-du-casino-888\\\/\",\"name\":\"Revue du site 888 Casino\",\"isPartOf\":{\"@id\":\"https:\\\/\\\/gambling6.com\\\/fr\\\/#website\"},\"primaryImageOfPage\":{\"@id\":\"https:\\\/\\\/gambling6.com\\\/fr\\\/revue-du-site-du-casino-888\\\/#primaryimage\"},\"image\":{\"@id\":\"https:\\\/\\\/gambling6.com\\\/fr\\\/revue-du-site-du-casino-888\\\/#primaryimage\"},\"thumbnailUrl\":\"https:\\\/\\\/ic.aff-handler.com\\\/I\\\/45871?sr=1064399&amp;anid=\",\"datePublished\":\"2022-05-30T09:00:42+00:00\",\"dateModified\":\"2025-11-17T11:00:04+00:00\",\"description\":\"Casinos 888 - Une revue du site de roulette en ligne le plus populaire\",\"breadcrumb\":{\"@id\":\"https:\\\/\\\/gambling6.com\\\/fr\\\/revue-du-site-du-casino-888\\\/#breadcrumb\"},\"inLanguage\":\"fr-FR\",\"potentialAction\":[{\"@type\":\"ReadAction\",\"target\":[\"https:\\\/\\\/gambling6.com\\\/fr\\\/revue-du-site-du-casino-888\\\/\"]}]},{\"@type\":\"ImageObject\",\"inLanguage\":\"fr-FR\",\"@id\":\"https:\\\/\\\/gambling6.com\\\/fr\\\/revue-du-site-du-casino-888\\\/#primaryimage\",\"url\":\"https:\\\/\\\/ic.aff-handler.com\\\/I\\\/45871?sr=1064399&amp;anid=\",\"contentUrl\":\"https:\\\/\\\/ic.aff-handler.com\\\/I\\\/45871?sr=1064399&amp;anid=\"},{\"@type\":\"BreadcrumbList\",\"@id\":\"https:\\\/\\\/gambling6.com\\\/fr\\\/revue-du-site-du-casino-888\\\/#breadcrumb\",\"itemListElement\":[{\"@type\":\"ListItem\",\"position\":1,\"name\":\"Home\",\"item\":\"https:\\\/\\\/gambling6.com\\\/fr\\\/home\\\/\"},{\"@type\":\"ListItem\",\"position\":2,\"name\":\"Revue du Casino 888\"}]},{\"@type\":\"WebSite\",\"@id\":\"https:\\\/\\\/gambling6.com\\\/fr\\\/#website\",\"url\":\"https:\\\/\\\/gambling6.com\\\/fr\\\/\",\"name\":\"Gambling6\",\"description\":\"\",\"potentialAction\":[{\"@type\":\"SearchAction\",\"target\":{\"@type\":\"EntryPoint\",\"urlTemplate\":\"https:\\\/\\\/gambling6.com\\\/fr\\\/?s={search_term_string}\"},\"query-input\":{\"@type\":\"PropertyValueSpecification\",\"valueRequired\":true,\"valueName\":\"search_term_string\"}}],\"inLanguage\":\"fr-FR\"}]}<\/script>\n<!-- \/ Yoast SEO plugin. -->","yoast_head_json":{"title":"Revue du site 888 Casino","description":"Casinos 888 - Une revue du site de roulette en ligne le plus populaire","robots":{"index":"index","follow":"follow","max-snippet":"max-snippet:-1","max-image-preview":"max-image-preview:large","max-video-preview":"max-video-preview:-1"},"canonical":"https:\/\/gambling6.com\/fr\/revue-du-site-du-casino-888\/","og_locale":"fr_FR","og_type":"article","og_title":"Revue du site 888 Casino","og_description":"Casinos 888 - Une revue du site de roulette en ligne le plus populaire","og_url":"https:\/\/gambling6.com\/fr\/revue-du-site-du-casino-888\/","og_site_name":"Gambling6","article_modified_time":"2025-11-17T11:00:04+00:00","og_image":[{"url":"https:\/\/ic.aff-handler.com\/I\/45871?sr=1064399&amp;anid=","type":"","width":"","height":""}],"twitter_card":"summary_large_image","twitter_misc":{"Dur\u00e9e de lecture estim\u00e9e":"3 minutes"},"schema":{"@context":"https:\/\/schema.org","@graph":[{"@type":"WebPage","@id":"https:\/\/gambling6.com\/fr\/revue-du-site-du-casino-888\/","url":"https:\/\/gambling6.com\/fr\/revue-du-site-du-casino-888\/","name":"Revue du site 888 Casino","isPartOf":{"@id":"https:\/\/gambling6.com\/fr\/#website"},"primaryImageOfPage":{"@id":"https:\/\/gambling6.com\/fr\/revue-du-site-du-casino-888\/#primaryimage"},"image":{"@id":"https:\/\/gambling6.com\/fr\/revue-du-site-du-casino-888\/#primaryimage"},"thumbnailUrl":"https:\/\/ic.aff-handler.com\/I\/45871?sr=1064399&amp;anid=","datePublished":"2022-05-30T09:00:42+00:00","dateModified":"2025-11-17T11:00:04+00:00","description":"Casinos 888 - Une revue du site de roulette en ligne le plus populaire","breadcrumb":{"@id":"https:\/\/gambling6.com\/fr\/revue-du-site-du-casino-888\/#breadcrumb"},"inLanguage":"fr-FR","potentialAction":[{"@type":"ReadAction","target":["https:\/\/gambling6.com\/fr\/revue-du-site-du-casino-888\/"]}]},{"@type":"ImageObject","inLanguage":"fr-FR","@id":"https:\/\/gambling6.com\/fr\/revue-du-site-du-casino-888\/#primaryimage","url":"https:\/\/ic.aff-handler.com\/I\/45871?sr=1064399&amp;anid=","contentUrl":"https:\/\/ic.aff-handler.com\/I\/45871?sr=1064399&amp;anid="},{"@type":"BreadcrumbList","@id":"https:\/\/gambling6.com\/fr\/revue-du-site-du-casino-888\/#breadcrumb","itemListElement":[{"@type":"ListItem","position":1,"name":"Home","item":"https:\/\/gambling6.com\/fr\/home\/"},{"@type":"ListItem","position":2,"name":"Revue du Casino 888"}]},{"@type":"WebSite","@id":"https:\/\/gambling6.com\/fr\/#website","url":"https:\/\/gambling6.com\/fr\/","name":"Gambling6","description":"","potentialAction":[{"@type":"SearchAction","target":{"@type":"EntryPoint","urlTemplate":"https:\/\/gambling6.com\/fr\/?s={search_term_string}"},"query-input":{"@type":"PropertyValueSpecification","valueRequired":true,"valueName":"search_term_string"}}],"inLanguage":"fr-FR"}]}},"_links":{"self":[{"href":"https:\/\/gambling6.com\/fr\/wp-json\/wp\/v2\/pages\/5547","targetHints":{"allow":["GET"]}}],"collection":[{"href":"https:\/\/gambling6.com\/fr\/wp-json\/wp\/v2\/pages"}],"about":[{"href":"https:\/\/gambling6.com\/fr\/wp-json\/wp\/v2\/types\/page"}],"author":[{"embeddable":true,"href":"https:\/\/gambling6.com\/fr\/wp-json\/wp\/v2\/users\/1"}],"replies":[{"embeddable":true,"href":"https:\/\/gambling6.com\/fr\/wp-json\/wp\/v2\/comments?post=5547"}],"version-history":[{"count":1,"href":"https:\/\/gambling6.com\/fr\/wp-json\/wp\/v2\/pages\/5547\/revisions"}],"predecessor-version":[{"id":5548,"href":"https:\/\/gambling6.com\/fr\/wp-json\/wp\/v2\/pages\/5547\/revisions\/5548"}],"wp:attachment":[{"href":"https:\/\/gambling6.com\/fr\/wp-json\/wp\/v2\/media?parent=5547"}],"curies":[{"name":"wp","href":"https:\/\/api.w.org\/{rel}","templated":true}]}}