{"id":5798,"date":"2022-06-02T14:54:48","date_gmt":"2022-06-02T13:54:48","guid":{"rendered":"https:\/\/gambling6.com\/?p=5798"},"modified":"2025-11-17T12:03:37","modified_gmt":"2025-11-17T12:03:37","slug":"revue-de-redfoxlotto","status":"publish","type":"page","link":"https:\/\/gambling6.com\/fr\/revue-de-redfoxlotto\/","title":{"rendered":"Examen de RedFoxLotto"},"content":{"rendered":"<h2>Une revue de RedFoxLotto<\/h2>\n<p><strong>RedFoxLotto<\/strong> est un site extr\u00eamement facile \u00e0 utiliser, s\u00fbr et s\u00e9curis\u00e9 pour acheter des billets en ligne pour toutes les grandes loteries du monde. Sur le site de RedFoxLotto, vous aurez la possibilit\u00e9 de jouer \u00e0 de nombreuses loteries mondiales, et les billets de loterie mondiale peuvent \u00eatre command\u00e9s 24 heures sur 24, 7 jours sur 7. Il est facile de cr\u00e9er un compte, de d\u00e9poser de l&rsquo;argent et de commencer \u00e0 jouer des billets de loterie internationale en quelques minutes.<\/p>\n<h2>Vous gardez tout l&rsquo;argent que vous gagnez chez RedFoxLotto<\/h2>\n<p>RedFoxLotto emploie des coursiers de loterie dans le monde entier qui ach\u00e8tent en votre nom les billets de loterie que vous souhaitez jouer. Une fois les billets achet\u00e9s, votre nom est imprim\u00e9 sur les billets, qui sont scann\u00e9s et t\u00e9l\u00e9charg\u00e9s sur votre compte avant le tirage. Cette m\u00e9thode garantit que vous verrez vos billets et recevrez 100 % de vos gains. RedFoxLotto ne prend pas de pourcentage sur vos gains ; tous les frais sont inclus dans l&rsquo;achat de vos billets. <strong>Que vous gagniez 10 dollars ou 10 millions de dollars, chaque centime est d\u00e9pos\u00e9 sur votre compte en ligne RedFoxLotto<\/strong>.<\/p>\n<h2>Billets disponibles pour toutes les grandes loteries<\/h2>\n<p><strong>Les billets sont disponibles pour toutes les grandes loteries du monde, y compris MEGA Millions, Powerball USA, Eurojackpot, Euro Millions et plus encore.<\/strong> Quel que soit le pays dans lequel vous vivez, vous pouvez participer \u00e0 l&rsquo;achat de billets pour toutes les grandes loteries du monde. Tout ce que vous avez \u00e0 faire est de vous connecter \u00e0 votre compte, de choisir le RedFoxLotto auquel vous souhaitez jouer, de choisir les num\u00e9ros que vous souhaitez jouer et de vous asseoir pour attendre le tirage. RedFoxLotto vous enverra des notifications de vos gains.<br \/>\n<a href=\"https:\/\/redfoxlotto.com\/?ref=a8564250a2&amp;medium=G6\"><img loading=\"lazy\" decoding=\"async\" class=\"aligncenter\" src=\"https:\/\/redfoxlotto.com\/image\/?size=7&amp;lottery=powerball\" width=\"532\" height=\"68\" \/><\/a><\/p>\n<h2>Il est facile de r\u00e9cup\u00e9rer ses gains au RedFoxLotto.<\/h2>\n<p>Pour tout ticket gagnant, <strong>RedFoxLotto vous enverra un e-mail ou vous appellera dans le cas de prix plus importants pour vous informer de votre gain.<\/strong> Les gains jusqu&rsquo;\u00e0 2 000 \u20ac seront automatiquement d\u00e9pos\u00e9s sur votre compte. S&rsquo;il vous arrive de gagner un prix sup\u00e9rieur \u00e0 2 000 euros, les experts en traitement de RedFoxLotto vous guideront dans les d\u00e9marches n\u00e9cessaires pour recevoir vos gains. Les gagnants de gros lots peuvent choisir que RedFoxLotto agisse en leur nom ou, s&rsquo;ils le pr\u00e9f\u00e8rent, ils peuvent se rendre en personne pour r\u00e9cup\u00e9rer leurs gains. Nous sommes convaincus que si vous devenez un gagnant multimillionnaire, vous n&rsquo;aurez aucun probl\u00e8me \u00e0 effectuer toutes les d\u00e9marches n\u00e9cessaires pour r\u00e9cup\u00e9rer vos gains.<\/p>\n<h2>Payer vos tickets de loterie en ligne<\/h2>\n<p>RedFoxLotto propose de nombreuses options de paiement s\u00e9curis\u00e9, quel que soit le pays dans lequel vous vivez.<strong> Il accepte Visa, MasterCard, American Express, Money Booker et un certain nombre d&rsquo;autres produits de portefeuille en ligne.<\/strong> Vous pouvez choisir de d\u00e9poser vos gains en utilisant l&rsquo;une de ces m\u00e9thodes ou de recevoir l&rsquo;argent directement sur votre compte bancaire. RedFoxLotto op\u00e8re au sein du syst\u00e8me bancaire britannique et est fortement r\u00e9glement\u00e9 par l&rsquo;Organisation internationale de la loterie.<\/p>\n<p>Chaque ann\u00e9e, RedFoxLotto repr\u00e9sente des millions de dollars de gagnants et offre une garantie de paiement de 100 %. Si vous avez des questions, il est facile de contacter les repr\u00e9sentants du service client\u00e8le, disponibles 24 heures sur 24 sur win trillions. Vous n&rsquo;avez plus besoin de vous rendre dans les kiosques de loterie locaux pour acheter des billets pour toutes les grandes loteries internationales. Vous pouvez acheter des billets depuis le confort de votre maison ou de votre bureau en temps voulu pour toutes les loteries.<\/p>\n<p><strong>Commencez \u00e0 jouer aux loteries internationales en ligne d\u00e8s aujourd&rsquo;hui en visitant notre partenaire RedFoxLotto et en ouvrant votre compte personnel.<\/strong> Une fois que vous aurez ouvert votre compte, vous trouverez de nombreuses offres de bonus et des programmes sp\u00e9ciaux d&rsquo;achat de billets qui vous permettront de jouer au loto de mani\u00e8re simple et rentable.<\/p>\n<p><a class=\"thirstylink\" title=\"RedFoxLotto en\" href=\"https:\/\/gambling6.com\/go\/redfoxlotto-en\/\" target=\"_blank\" rel=\"nofollow noopener\">Cliquez ici maintenant pour cr\u00e9er votre compte personnel en ligne RedFoxLotto<\/a> et vous pourriez devenir multimillionnaire du jour au lendemain.<\/p>\n","protected":false},"excerpt":{"rendered":"<p>Une revue de RedFoxLotto RedFoxLotto est un site extr\u00eamement facile \u00e0 utiliser, s\u00fbr et s\u00e9curis\u00e9 pour acheter des billets en ligne pour toutes les grandes loteries du monde. Sur le site de RedFoxLotto, vous aurez la possibilit\u00e9 de jouer \u00e0 de nombreuses loteries mondiales, et les billets de loterie mondiale peuvent \u00eatre command\u00e9s 24 heures [&hellip;]<\/p>\n","protected":false},"author":1,"featured_media":0,"parent":0,"menu_order":1,"comment_status":"closed","ping_status":"closed","template":"","meta":{"footnotes":""},"class_list":["post-5798","page","type-page","status-publish","hentry"],"yoast_head":"<!-- This site is optimized with the Yoast SEO plugin v27.4 - https:\/\/yoast.com\/product\/yoast-seo-wordpress\/ -->\n<title>Revue de RedFoxLotto<\/title>\n<meta name=\"description\" content=\"Vous pouvez acheter des billets pour toutes les loteries internationales en ligne, y compris Powerball et MEGA Millions.\" \/>\n<meta name=\"robots\" content=\"index, follow, max-snippet:-1, max-image-preview:large, max-video-preview:-1\" \/>\n<link rel=\"canonical\" href=\"https:\/\/gambling6.com\/fr\/revue-de-redfoxlotto\/\" \/>\n<meta property=\"og:locale\" content=\"fr_FR\" \/>\n<meta property=\"og:type\" content=\"article\" \/>\n<meta property=\"og:title\" content=\"Revue de RedFoxLotto\" \/>\n<meta property=\"og:description\" content=\"Vous pouvez acheter des billets pour toutes les loteries internationales en ligne, y compris Powerball et MEGA Millions.\" \/>\n<meta property=\"og:url\" content=\"https:\/\/gambling6.com\/fr\/revue-de-redfoxlotto\/\" \/>\n<meta property=\"og:site_name\" content=\"Gambling6\" \/>\n<meta property=\"article:published_time\" content=\"2022-06-02T13:54:48+00:00\" \/>\n<meta property=\"article:modified_time\" content=\"2025-11-17T12:03:37+00:00\" \/>\n<meta property=\"og:image\" content=\"https:\/\/redfoxlotto.com\/image\/?size=7&amp;lottery=powerball\" \/>\n<meta name=\"author\" content=\"Catfish\" \/>\n<meta name=\"twitter:card\" content=\"summary_large_image\" \/>\n<meta name=\"twitter:label1\" content=\"\u00c9crit par\" \/>\n\t<meta name=\"twitter:data1\" content=\"Catfish\" \/>\n\t<meta name=\"twitter:label2\" content=\"Dur\u00e9e de lecture estim\u00e9e\" \/>\n\t<meta name=\"twitter:data2\" content=\"3 minutes\" \/>\n<script type=\"application\/ld+json\" class=\"yoast-schema-graph\">{\"@context\":\"https:\\\/\\\/schema.org\",\"@graph\":[{\"@type\":\"Article\",\"@id\":\"https:\\\/\\\/gambling6.com\\\/fr\\\/revue-de-redfoxlotto\\\/#article\",\"isPartOf\":{\"@id\":\"https:\\\/\\\/gambling6.com\\\/fr\\\/revue-de-redfoxlotto\\\/\"},\"author\":{\"name\":\"Catfish\",\"@id\":\"https:\\\/\\\/gambling6.com\\\/fr\\\/#\\\/schema\\\/person\\\/d093de87a44a018ef67117d02d86ddaf\"},\"headline\":\"Examen de RedFoxLotto\",\"datePublished\":\"2022-06-02T13:54:48+00:00\",\"dateModified\":\"2025-11-17T12:03:37+00:00\",\"mainEntityOfPage\":{\"@id\":\"https:\\\/\\\/gambling6.com\\\/fr\\\/revue-de-redfoxlotto\\\/\"},\"wordCount\":698,\"image\":{\"@id\":\"https:\\\/\\\/gambling6.com\\\/fr\\\/revue-de-redfoxlotto\\\/#primaryimage\"},\"thumbnailUrl\":\"https:\\\/\\\/redfoxlotto.com\\\/image\\\/?size=7&amp;lottery=powerball\",\"articleSection\":[\"Actualit\u00e9s de la loterie\"],\"inLanguage\":\"fr-FR\"},{\"@type\":\"WebPage\",\"@id\":\"https:\\\/\\\/gambling6.com\\\/fr\\\/revue-de-redfoxlotto\\\/\",\"url\":\"https:\\\/\\\/gambling6.com\\\/fr\\\/revue-de-redfoxlotto\\\/\",\"name\":\"Revue de RedFoxLotto\",\"isPartOf\":{\"@id\":\"https:\\\/\\\/gambling6.com\\\/fr\\\/#website\"},\"primaryImageOfPage\":{\"@id\":\"https:\\\/\\\/gambling6.com\\\/fr\\\/revue-de-redfoxlotto\\\/#primaryimage\"},\"image\":{\"@id\":\"https:\\\/\\\/gambling6.com\\\/fr\\\/revue-de-redfoxlotto\\\/#primaryimage\"},\"thumbnailUrl\":\"https:\\\/\\\/redfoxlotto.com\\\/image\\\/?size=7&amp;lottery=powerball\",\"datePublished\":\"2022-06-02T13:54:48+00:00\",\"dateModified\":\"2025-11-17T12:03:37+00:00\",\"author\":{\"@id\":\"https:\\\/\\\/gambling6.com\\\/fr\\\/#\\\/schema\\\/person\\\/d093de87a44a018ef67117d02d86ddaf\"},\"description\":\"Vous pouvez acheter des billets pour toutes les loteries internationales en ligne, y compris Powerball et MEGA Millions.\",\"breadcrumb\":{\"@id\":\"https:\\\/\\\/gambling6.com\\\/fr\\\/revue-de-redfoxlotto\\\/#breadcrumb\"},\"inLanguage\":\"fr-FR\",\"potentialAction\":[{\"@type\":\"ReadAction\",\"target\":[\"https:\\\/\\\/gambling6.com\\\/fr\\\/revue-de-redfoxlotto\\\/\"]}]},{\"@type\":\"ImageObject\",\"inLanguage\":\"fr-FR\",\"@id\":\"https:\\\/\\\/gambling6.com\\\/fr\\\/revue-de-redfoxlotto\\\/#primaryimage\",\"url\":\"https:\\\/\\\/redfoxlotto.com\\\/image\\\/?size=7&amp;lottery=powerball\",\"contentUrl\":\"https:\\\/\\\/redfoxlotto.com\\\/image\\\/?size=7&amp;lottery=powerball\"},{\"@type\":\"BreadcrumbList\",\"@id\":\"https:\\\/\\\/gambling6.com\\\/fr\\\/revue-de-redfoxlotto\\\/#breadcrumb\",\"itemListElement\":[{\"@type\":\"ListItem\",\"position\":1,\"name\":\"Home\",\"item\":\"https:\\\/\\\/gambling6.com\\\/fr\\\/home\\\/\"},{\"@type\":\"ListItem\",\"position\":2,\"name\":\"Examen de RedFoxLotto\"}]},{\"@type\":\"WebSite\",\"@id\":\"https:\\\/\\\/gambling6.com\\\/fr\\\/#website\",\"url\":\"https:\\\/\\\/gambling6.com\\\/fr\\\/\",\"name\":\"Gambling6\",\"description\":\"\",\"potentialAction\":[{\"@type\":\"SearchAction\",\"target\":{\"@type\":\"EntryPoint\",\"urlTemplate\":\"https:\\\/\\\/gambling6.com\\\/fr\\\/?s={search_term_string}\"},\"query-input\":{\"@type\":\"PropertyValueSpecification\",\"valueRequired\":true,\"valueName\":\"search_term_string\"}}],\"inLanguage\":\"fr-FR\"},{\"@type\":\"Person\",\"@id\":\"https:\\\/\\\/gambling6.com\\\/fr\\\/#\\\/schema\\\/person\\\/d093de87a44a018ef67117d02d86ddaf\",\"name\":\"Catfish\",\"image\":{\"@type\":\"ImageObject\",\"inLanguage\":\"fr-FR\",\"@id\":\"https:\\\/\\\/secure.gravatar.com\\\/avatar\\\/32edfa28ccbf005c231538b245a2670a36c7f33f2d3a9ab09e50843b363f2821?s=96&d=mm&r=g\",\"url\":\"https:\\\/\\\/secure.gravatar.com\\\/avatar\\\/32edfa28ccbf005c231538b245a2670a36c7f33f2d3a9ab09e50843b363f2821?s=96&d=mm&r=g\",\"contentUrl\":\"https:\\\/\\\/secure.gravatar.com\\\/avatar\\\/32edfa28ccbf005c231538b245a2670a36c7f33f2d3a9ab09e50843b363f2821?s=96&d=mm&r=g\",\"caption\":\"Catfish\"},\"sameAs\":[\"http:\\\/\\\/gambling6.com\"],\"url\":\"https:\\\/\\\/gambling6.com\\\/fr\\\/author\\\/catfish\\\/\"}]}<\/script>\n<!-- \/ Yoast SEO plugin. -->","yoast_head_json":{"title":"Revue de RedFoxLotto","description":"Vous pouvez acheter des billets pour toutes les loteries internationales en ligne, y compris Powerball et MEGA Millions.","robots":{"index":"index","follow":"follow","max-snippet":"max-snippet:-1","max-image-preview":"max-image-preview:large","max-video-preview":"max-video-preview:-1"},"canonical":"https:\/\/gambling6.com\/fr\/revue-de-redfoxlotto\/","og_locale":"fr_FR","og_type":"article","og_title":"Revue de RedFoxLotto","og_description":"Vous pouvez acheter des billets pour toutes les loteries internationales en ligne, y compris Powerball et MEGA Millions.","og_url":"https:\/\/gambling6.com\/fr\/revue-de-redfoxlotto\/","og_site_name":"Gambling6","article_published_time":"2022-06-02T13:54:48+00:00","article_modified_time":"2025-11-17T12:03:37+00:00","og_image":[{"url":"https:\/\/redfoxlotto.com\/image\/?size=7&amp;lottery=powerball","type":"","width":"","height":""}],"author":"Catfish","twitter_card":"summary_large_image","twitter_misc":{"\u00c9crit par":"Catfish","Dur\u00e9e de lecture estim\u00e9e":"3 minutes"},"schema":{"@context":"https:\/\/schema.org","@graph":[{"@type":"Article","@id":"https:\/\/gambling6.com\/fr\/revue-de-redfoxlotto\/#article","isPartOf":{"@id":"https:\/\/gambling6.com\/fr\/revue-de-redfoxlotto\/"},"author":{"name":"Catfish","@id":"https:\/\/gambling6.com\/fr\/#\/schema\/person\/d093de87a44a018ef67117d02d86ddaf"},"headline":"Examen de RedFoxLotto","datePublished":"2022-06-02T13:54:48+00:00","dateModified":"2025-11-17T12:03:37+00:00","mainEntityOfPage":{"@id":"https:\/\/gambling6.com\/fr\/revue-de-redfoxlotto\/"},"wordCount":698,"image":{"@id":"https:\/\/gambling6.com\/fr\/revue-de-redfoxlotto\/#primaryimage"},"thumbnailUrl":"https:\/\/redfoxlotto.com\/image\/?size=7&amp;lottery=powerball","articleSection":["Actualit\u00e9s de la loterie"],"inLanguage":"fr-FR"},{"@type":"WebPage","@id":"https:\/\/gambling6.com\/fr\/revue-de-redfoxlotto\/","url":"https:\/\/gambling6.com\/fr\/revue-de-redfoxlotto\/","name":"Revue de RedFoxLotto","isPartOf":{"@id":"https:\/\/gambling6.com\/fr\/#website"},"primaryImageOfPage":{"@id":"https:\/\/gambling6.com\/fr\/revue-de-redfoxlotto\/#primaryimage"},"image":{"@id":"https:\/\/gambling6.com\/fr\/revue-de-redfoxlotto\/#primaryimage"},"thumbnailUrl":"https:\/\/redfoxlotto.com\/image\/?size=7&amp;lottery=powerball","datePublished":"2022-06-02T13:54:48+00:00","dateModified":"2025-11-17T12:03:37+00:00","author":{"@id":"https:\/\/gambling6.com\/fr\/#\/schema\/person\/d093de87a44a018ef67117d02d86ddaf"},"description":"Vous pouvez acheter des billets pour toutes les loteries internationales en ligne, y compris Powerball et MEGA Millions.","breadcrumb":{"@id":"https:\/\/gambling6.com\/fr\/revue-de-redfoxlotto\/#breadcrumb"},"inLanguage":"fr-FR","potentialAction":[{"@type":"ReadAction","target":["https:\/\/gambling6.com\/fr\/revue-de-redfoxlotto\/"]}]},{"@type":"ImageObject","inLanguage":"fr-FR","@id":"https:\/\/gambling6.com\/fr\/revue-de-redfoxlotto\/#primaryimage","url":"https:\/\/redfoxlotto.com\/image\/?size=7&amp;lottery=powerball","contentUrl":"https:\/\/redfoxlotto.com\/image\/?size=7&amp;lottery=powerball"},{"@type":"BreadcrumbList","@id":"https:\/\/gambling6.com\/fr\/revue-de-redfoxlotto\/#breadcrumb","itemListElement":[{"@type":"ListItem","position":1,"name":"Home","item":"https:\/\/gambling6.com\/fr\/home\/"},{"@type":"ListItem","position":2,"name":"Examen de RedFoxLotto"}]},{"@type":"WebSite","@id":"https:\/\/gambling6.com\/fr\/#website","url":"https:\/\/gambling6.com\/fr\/","name":"Gambling6","description":"","potentialAction":[{"@type":"SearchAction","target":{"@type":"EntryPoint","urlTemplate":"https:\/\/gambling6.com\/fr\/?s={search_term_string}"},"query-input":{"@type":"PropertyValueSpecification","valueRequired":true,"valueName":"search_term_string"}}],"inLanguage":"fr-FR"},{"@type":"Person","@id":"https:\/\/gambling6.com\/fr\/#\/schema\/person\/d093de87a44a018ef67117d02d86ddaf","name":"Catfish","image":{"@type":"ImageObject","inLanguage":"fr-FR","@id":"https:\/\/secure.gravatar.com\/avatar\/32edfa28ccbf005c231538b245a2670a36c7f33f2d3a9ab09e50843b363f2821?s=96&d=mm&r=g","url":"https:\/\/secure.gravatar.com\/avatar\/32edfa28ccbf005c231538b245a2670a36c7f33f2d3a9ab09e50843b363f2821?s=96&d=mm&r=g","contentUrl":"https:\/\/secure.gravatar.com\/avatar\/32edfa28ccbf005c231538b245a2670a36c7f33f2d3a9ab09e50843b363f2821?s=96&d=mm&r=g","caption":"Catfish"},"sameAs":["http:\/\/gambling6.com"],"url":"https:\/\/gambling6.com\/fr\/author\/catfish\/"}]}},"_links":{"self":[{"href":"https:\/\/gambling6.com\/fr\/wp-json\/wp\/v2\/pages\/5798","targetHints":{"allow":["GET"]}}],"collection":[{"href":"https:\/\/gambling6.com\/fr\/wp-json\/wp\/v2\/pages"}],"about":[{"href":"https:\/\/gambling6.com\/fr\/wp-json\/wp\/v2\/types\/page"}],"author":[{"embeddable":true,"href":"https:\/\/gambling6.com\/fr\/wp-json\/wp\/v2\/users\/1"}],"replies":[{"embeddable":true,"href":"https:\/\/gambling6.com\/fr\/wp-json\/wp\/v2\/comments?post=5798"}],"version-history":[{"count":1,"href":"https:\/\/gambling6.com\/fr\/wp-json\/wp\/v2\/pages\/5798\/revisions"}],"predecessor-version":[{"id":5799,"href":"https:\/\/gambling6.com\/fr\/wp-json\/wp\/v2\/pages\/5798\/revisions\/5799"}],"wp:attachment":[{"href":"https:\/\/gambling6.com\/fr\/wp-json\/wp\/v2\/media?parent=5798"}],"curies":[{"name":"wp","href":"https:\/\/api.w.org\/{rel}","templated":true}]}}