{"id":6059,"date":"2022-06-07T09:04:40","date_gmt":"2022-06-07T08:04:40","guid":{"rendered":"https:\/\/gambling6.com\/?p=6059"},"modified":"2025-11-17T16:13:56","modified_gmt":"2025-11-17T16:13:56","slug":"strategie-de-jeu-pour-le-bingo-en-ligne","status":"publish","type":"page","link":"https:\/\/gambling6.com\/fr\/bingo\/strategie-de-jeu-pour-le-bingo-en-ligne\/","title":{"rendered":"Strat\u00e9gie de jeu pour le bingo en ligne"},"content":{"rendered":"<h2>Jouer au bingo en ligne avec la bonne strat\u00e9gie<\/h2>\n<p>Gr\u00e2ce au d\u00e9veloppement d&rsquo;Internet, vous pouvez d\u00e9sormais profiter d&rsquo;un jeu de bingo divertissant depuis le confort de votre maison. Le plus int\u00e9ressant est que vous pouvez jouer \u00e0 ce jeu quand vous le souhaitez. C&rsquo;est la raison pour laquelle le bingo en ligne est devenu si populaire parmi les gens, en particulier les femmes. Si vous \u00eates un d\u00e9butant, ne vous inqui\u00e9tez pas, vous pouvez apprendre le jeu en l&rsquo;essayant d&rsquo;abord sur un site de bingo gratuit. Un bon endroit pour commencer est Bingo Billy &#8211; <a class=\"thirstylink\" title=\"Bingo Billy en\" href=\"https:\/\/gambling6.com\/go\/downtownbingo-en\/\" target=\"_blank\" rel=\"nofollow noopener\">cliquez ici pour visiter le site.<\/a><\/p>\n<p>Toutefois, si vous jouez au jeu en ligne, voici quelques conseils qui peuvent vous aider \u00e0 augmenter vos chances de gagner. Lisez ce qui suit pour en savoir plus. Faites quelques recherches rapides et d\u00e9couvrez les sites de bingo qui offrent les meilleurs bonus de d\u00e9p\u00f4t. De nombreux sites proposent \u00e9galement des bonus d&rsquo;inscription lucratifs. Il est toujours conseill\u00e9 de jouer au bingo sur des sites de casino de confiance. Assurez-vous de lire les avis des utilisateurs de ces sites de casino avant de vous enregistrer ou de vous inscrire.<br \/>\n<a href=\"https:\/\/record.revenueplanet.com\/_BoBybWC_aAPUOsjNOfgKefwM06wa-Rwt\/1\/\" target=\"_new\" rel=\"noopener\"><img loading=\"lazy\" decoding=\"async\" class=\"aligncenter\" style=\"border: none;\" src=\"https:\/\/media.revenueplanet.com\/uploads\/nbb-468x60-nov-generic.gif\" alt=\"BingoBilly bingo gratuit\" width=\"468\" height=\"60\" \/><\/a><\/p>\n<p>Seuls les casinos r\u00e9put\u00e9s et dignes de confiance versent l&rsquo;int\u00e9gralit\u00e9 du montant que vous avez gagn\u00e9 au cours d&rsquo;un jeu. L&rsquo;internet est inond\u00e9 de sites de bingo et, malheureusement, il existe de nombreux sites frauduleux qui volent votre argent et ne vous paient pas lorsque vous gagnez une partie. C&rsquo;est pourquoi vous devez \u00eatre tr\u00e8s prudent lorsque vous choisissez un casino en ligne. Les jeux de bingo sont jou\u00e9s juste pour le plaisir.<\/p>\n<p>Les r\u00e8gles et r\u00e8glements du jeu sont tr\u00e8s faciles \u00e0 suivre. Le jeu de bingo d\u00e9pend totalement de la chance. Il n&rsquo;y a aucun \u00e9l\u00e9ment qui puisse pr\u00e9dire le r\u00e9sultat ou influencer le jeu. Vous pouvez vous d\u00e9tendre et jouer \u00e0 votre guise car vous n&rsquo;avez aucune d\u00e9cision \u00e0 prendre. Le bingo en ligne a rendu le jeu plus accessible, car vous pouvez y jouer \u00e0 votre rythme et depuis n&rsquo;importe quel endroit disposant d&rsquo;une connexion Internet et d&rsquo;un ordinateur.<\/p>\n<p>Essayez toujours de jouer sur un site qui est moins fr\u00e9quent\u00e9. Cela augmentera vos chances de gagner le jeu car vous devrez vous mesurer \u00e0 un plus petit nombre de joueurs. Sur un site o\u00f9 le nombre de joueurs est \u00e9quilibr\u00e9, vous avez plus de chances de gagner la partie. Optez pour les sites qui proposent des salons de discussion pour faciliter la communication entre les joueurs. Vous pouvez \u00e9galement discuter avec les autres joueurs des cartes qu&rsquo;ils jouent. Vous pouvez \u00e9galement augmenter le nombre de cartes pour apporter la victoire de votre c\u00f4t\u00e9.<\/p>\n<p>Tout d\u00e9pend aussi du moment o\u00f9 vous choisissez de jouer. Il a \u00e9t\u00e9 constat\u00e9 que si vous jouez \u00e0 des heures indues, vous avez une chance de gagner car peu de joueurs sont en ligne \u00e0 ce moment de la journ\u00e9e. Dans les jeux de bingo \u00e0 gros jackpot, \u00e9vitez toujours d&rsquo;avoir trop de cartes. Choisissez toujours les sites de casino qui offrent des bonus de d\u00e9p\u00f4t de 100 %. De nos jours, les sites de casino proposent \u00e9galement des programmes de parrainage. Dans le cadre de ce programme, vous recevrez de l&rsquo;argent gratuit si votre filleul s&rsquo;inscrit au casino. En plus de cela, il existe \u00e9galement de nombreux bonus promotionnels que le casino en ligne offre de temps en temps.<\/p>\n","protected":false},"excerpt":{"rendered":"<p>Jouer au bingo en ligne avec la bonne strat\u00e9gie Gr\u00e2ce au d\u00e9veloppement d&rsquo;Internet, vous pouvez d\u00e9sormais profiter d&rsquo;un jeu de bingo divertissant depuis le confort de votre maison. Le plus int\u00e9ressant est que vous pouvez jouer \u00e0 ce jeu quand vous le souhaitez. C&rsquo;est la raison pour laquelle le bingo en ligne est devenu si [&hellip;]<\/p>\n","protected":false},"author":1,"featured_media":0,"parent":8498,"menu_order":3,"comment_status":"closed","ping_status":"closed","template":"","meta":{"footnotes":""},"class_list":["post-6059","page","type-page","status-publish","hentry"],"yoast_head":"<!-- This site is optimized with the Yoast SEO plugin v27.4 - https:\/\/yoast.com\/product\/yoast-seo-wordpress\/ -->\n<title>Strat\u00e9gie de jeu pour le bingo en ligne<\/title>\n<meta name=\"description\" content=\"Augmentez vos chances de gagner au bingo en ligne en suivant la bonne strat\u00e9gie de jeu.\" \/>\n<meta name=\"robots\" content=\"index, follow, max-snippet:-1, max-image-preview:large, max-video-preview:-1\" \/>\n<link rel=\"canonical\" href=\"https:\/\/gambling6.com\/fr\/bingo\/strategie-de-jeu-pour-le-bingo-en-ligne\/\" \/>\n<meta property=\"og:locale\" content=\"fr_FR\" \/>\n<meta property=\"og:type\" content=\"article\" \/>\n<meta property=\"og:title\" content=\"Strat\u00e9gie de jeu pour le bingo en ligne\" \/>\n<meta property=\"og:description\" content=\"Augmentez vos chances de gagner au bingo en ligne en suivant la bonne strat\u00e9gie de jeu.\" \/>\n<meta property=\"og:url\" content=\"https:\/\/gambling6.com\/fr\/bingo\/strategie-de-jeu-pour-le-bingo-en-ligne\/\" \/>\n<meta property=\"og:site_name\" content=\"Gambling6\" \/>\n<meta property=\"article:published_time\" content=\"2022-06-07T08:04:40+00:00\" \/>\n<meta property=\"article:modified_time\" content=\"2025-11-17T16:13:56+00:00\" \/>\n<meta property=\"og:image\" content=\"https:\/\/media.revenueplanet.com\/uploads\/nbb-468x60-nov-generic.gif\" \/>\n<meta name=\"author\" content=\"Catfish\" \/>\n<meta name=\"twitter:card\" content=\"summary_large_image\" \/>\n<meta name=\"twitter:label1\" content=\"\u00c9crit par\" \/>\n\t<meta name=\"twitter:data1\" content=\"Catfish\" \/>\n\t<meta name=\"twitter:label2\" content=\"Dur\u00e9e de lecture estim\u00e9e\" \/>\n\t<meta name=\"twitter:data2\" content=\"3 minutes\" \/>\n<script type=\"application\/ld+json\" class=\"yoast-schema-graph\">{\"@context\":\"https:\\\/\\\/schema.org\",\"@graph\":[{\"@type\":\"Article\",\"@id\":\"https:\\\/\\\/gambling6.com\\\/fr\\\/bingo\\\/strategie-de-jeu-pour-le-bingo-en-ligne\\\/#article\",\"isPartOf\":{\"@id\":\"https:\\\/\\\/gambling6.com\\\/fr\\\/bingo\\\/strategie-de-jeu-pour-le-bingo-en-ligne\\\/\"},\"author\":{\"name\":\"Catfish\",\"@id\":\"https:\\\/\\\/gambling6.com\\\/fr\\\/#\\\/schema\\\/person\\\/d093de87a44a018ef67117d02d86ddaf\"},\"headline\":\"Strat\u00e9gie de jeu pour le bingo en ligne\",\"datePublished\":\"2022-06-07T08:04:40+00:00\",\"dateModified\":\"2025-11-17T16:13:56+00:00\",\"mainEntityOfPage\":{\"@id\":\"https:\\\/\\\/gambling6.com\\\/fr\\\/bingo\\\/strategie-de-jeu-pour-le-bingo-en-ligne\\\/\"},\"wordCount\":605,\"image\":{\"@id\":\"https:\\\/\\\/gambling6.com\\\/fr\\\/bingo\\\/strategie-de-jeu-pour-le-bingo-en-ligne\\\/#primaryimage\"},\"thumbnailUrl\":\"https:\\\/\\\/media.revenueplanet.com\\\/uploads\\\/nbb-468x60-nov-generic.gif\",\"articleSection\":[\"Actualit\u00e9s Bingo\"],\"inLanguage\":\"fr-FR\"},{\"@type\":\"WebPage\",\"@id\":\"https:\\\/\\\/gambling6.com\\\/fr\\\/bingo\\\/strategie-de-jeu-pour-le-bingo-en-ligne\\\/\",\"url\":\"https:\\\/\\\/gambling6.com\\\/fr\\\/bingo\\\/strategie-de-jeu-pour-le-bingo-en-ligne\\\/\",\"name\":\"Strat\u00e9gie de jeu pour le bingo en ligne\",\"isPartOf\":{\"@id\":\"https:\\\/\\\/gambling6.com\\\/fr\\\/#website\"},\"primaryImageOfPage\":{\"@id\":\"https:\\\/\\\/gambling6.com\\\/fr\\\/bingo\\\/strategie-de-jeu-pour-le-bingo-en-ligne\\\/#primaryimage\"},\"image\":{\"@id\":\"https:\\\/\\\/gambling6.com\\\/fr\\\/bingo\\\/strategie-de-jeu-pour-le-bingo-en-ligne\\\/#primaryimage\"},\"thumbnailUrl\":\"https:\\\/\\\/media.revenueplanet.com\\\/uploads\\\/nbb-468x60-nov-generic.gif\",\"datePublished\":\"2022-06-07T08:04:40+00:00\",\"dateModified\":\"2025-11-17T16:13:56+00:00\",\"author\":{\"@id\":\"https:\\\/\\\/gambling6.com\\\/fr\\\/#\\\/schema\\\/person\\\/d093de87a44a018ef67117d02d86ddaf\"},\"description\":\"Augmentez vos chances de gagner au bingo en ligne en suivant la bonne strat\u00e9gie de jeu.\",\"breadcrumb\":{\"@id\":\"https:\\\/\\\/gambling6.com\\\/fr\\\/bingo\\\/strategie-de-jeu-pour-le-bingo-en-ligne\\\/#breadcrumb\"},\"inLanguage\":\"fr-FR\",\"potentialAction\":[{\"@type\":\"ReadAction\",\"target\":[\"https:\\\/\\\/gambling6.com\\\/fr\\\/bingo\\\/strategie-de-jeu-pour-le-bingo-en-ligne\\\/\"]}]},{\"@type\":\"ImageObject\",\"inLanguage\":\"fr-FR\",\"@id\":\"https:\\\/\\\/gambling6.com\\\/fr\\\/bingo\\\/strategie-de-jeu-pour-le-bingo-en-ligne\\\/#primaryimage\",\"url\":\"https:\\\/\\\/media.revenueplanet.com\\\/uploads\\\/nbb-468x60-nov-generic.gif\",\"contentUrl\":\"https:\\\/\\\/media.revenueplanet.com\\\/uploads\\\/nbb-468x60-nov-generic.gif\"},{\"@type\":\"BreadcrumbList\",\"@id\":\"https:\\\/\\\/gambling6.com\\\/fr\\\/bingo\\\/strategie-de-jeu-pour-le-bingo-en-ligne\\\/#breadcrumb\",\"itemListElement\":[{\"@type\":\"ListItem\",\"position\":1,\"name\":\"Home\",\"item\":\"https:\\\/\\\/gambling6.com\\\/fr\\\/home\\\/\"},{\"@type\":\"ListItem\",\"position\":2,\"name\":\"Strat\u00e9gie de jeu pour le bingo en ligne\"}]},{\"@type\":\"WebSite\",\"@id\":\"https:\\\/\\\/gambling6.com\\\/fr\\\/#website\",\"url\":\"https:\\\/\\\/gambling6.com\\\/fr\\\/\",\"name\":\"Gambling6\",\"description\":\"\",\"potentialAction\":[{\"@type\":\"SearchAction\",\"target\":{\"@type\":\"EntryPoint\",\"urlTemplate\":\"https:\\\/\\\/gambling6.com\\\/fr\\\/?s={search_term_string}\"},\"query-input\":{\"@type\":\"PropertyValueSpecification\",\"valueRequired\":true,\"valueName\":\"search_term_string\"}}],\"inLanguage\":\"fr-FR\"},{\"@type\":\"Person\",\"@id\":\"https:\\\/\\\/gambling6.com\\\/fr\\\/#\\\/schema\\\/person\\\/d093de87a44a018ef67117d02d86ddaf\",\"name\":\"Catfish\",\"image\":{\"@type\":\"ImageObject\",\"inLanguage\":\"fr-FR\",\"@id\":\"https:\\\/\\\/secure.gravatar.com\\\/avatar\\\/32edfa28ccbf005c231538b245a2670a36c7f33f2d3a9ab09e50843b363f2821?s=96&d=mm&r=g\",\"url\":\"https:\\\/\\\/secure.gravatar.com\\\/avatar\\\/32edfa28ccbf005c231538b245a2670a36c7f33f2d3a9ab09e50843b363f2821?s=96&d=mm&r=g\",\"contentUrl\":\"https:\\\/\\\/secure.gravatar.com\\\/avatar\\\/32edfa28ccbf005c231538b245a2670a36c7f33f2d3a9ab09e50843b363f2821?s=96&d=mm&r=g\",\"caption\":\"Catfish\"},\"sameAs\":[\"http:\\\/\\\/gambling6.com\"],\"url\":\"https:\\\/\\\/gambling6.com\\\/fr\\\/author\\\/catfish\\\/\"}]}<\/script>\n<!-- \/ Yoast SEO plugin. -->","yoast_head_json":{"title":"Strat\u00e9gie de jeu pour le bingo en ligne","description":"Augmentez vos chances de gagner au bingo en ligne en suivant la bonne strat\u00e9gie de jeu.","robots":{"index":"index","follow":"follow","max-snippet":"max-snippet:-1","max-image-preview":"max-image-preview:large","max-video-preview":"max-video-preview:-1"},"canonical":"https:\/\/gambling6.com\/fr\/bingo\/strategie-de-jeu-pour-le-bingo-en-ligne\/","og_locale":"fr_FR","og_type":"article","og_title":"Strat\u00e9gie de jeu pour le bingo en ligne","og_description":"Augmentez vos chances de gagner au bingo en ligne en suivant la bonne strat\u00e9gie de jeu.","og_url":"https:\/\/gambling6.com\/fr\/bingo\/strategie-de-jeu-pour-le-bingo-en-ligne\/","og_site_name":"Gambling6","article_published_time":"2022-06-07T08:04:40+00:00","article_modified_time":"2025-11-17T16:13:56+00:00","og_image":[{"url":"https:\/\/media.revenueplanet.com\/uploads\/nbb-468x60-nov-generic.gif","type":"","width":"","height":""}],"author":"Catfish","twitter_card":"summary_large_image","twitter_misc":{"\u00c9crit par":"Catfish","Dur\u00e9e de lecture estim\u00e9e":"3 minutes"},"schema":{"@context":"https:\/\/schema.org","@graph":[{"@type":"Article","@id":"https:\/\/gambling6.com\/fr\/bingo\/strategie-de-jeu-pour-le-bingo-en-ligne\/#article","isPartOf":{"@id":"https:\/\/gambling6.com\/fr\/bingo\/strategie-de-jeu-pour-le-bingo-en-ligne\/"},"author":{"name":"Catfish","@id":"https:\/\/gambling6.com\/fr\/#\/schema\/person\/d093de87a44a018ef67117d02d86ddaf"},"headline":"Strat\u00e9gie de jeu pour le bingo en ligne","datePublished":"2022-06-07T08:04:40+00:00","dateModified":"2025-11-17T16:13:56+00:00","mainEntityOfPage":{"@id":"https:\/\/gambling6.com\/fr\/bingo\/strategie-de-jeu-pour-le-bingo-en-ligne\/"},"wordCount":605,"image":{"@id":"https:\/\/gambling6.com\/fr\/bingo\/strategie-de-jeu-pour-le-bingo-en-ligne\/#primaryimage"},"thumbnailUrl":"https:\/\/media.revenueplanet.com\/uploads\/nbb-468x60-nov-generic.gif","articleSection":["Actualit\u00e9s Bingo"],"inLanguage":"fr-FR"},{"@type":"WebPage","@id":"https:\/\/gambling6.com\/fr\/bingo\/strategie-de-jeu-pour-le-bingo-en-ligne\/","url":"https:\/\/gambling6.com\/fr\/bingo\/strategie-de-jeu-pour-le-bingo-en-ligne\/","name":"Strat\u00e9gie de jeu pour le bingo en ligne","isPartOf":{"@id":"https:\/\/gambling6.com\/fr\/#website"},"primaryImageOfPage":{"@id":"https:\/\/gambling6.com\/fr\/bingo\/strategie-de-jeu-pour-le-bingo-en-ligne\/#primaryimage"},"image":{"@id":"https:\/\/gambling6.com\/fr\/bingo\/strategie-de-jeu-pour-le-bingo-en-ligne\/#primaryimage"},"thumbnailUrl":"https:\/\/media.revenueplanet.com\/uploads\/nbb-468x60-nov-generic.gif","datePublished":"2022-06-07T08:04:40+00:00","dateModified":"2025-11-17T16:13:56+00:00","author":{"@id":"https:\/\/gambling6.com\/fr\/#\/schema\/person\/d093de87a44a018ef67117d02d86ddaf"},"description":"Augmentez vos chances de gagner au bingo en ligne en suivant la bonne strat\u00e9gie de jeu.","breadcrumb":{"@id":"https:\/\/gambling6.com\/fr\/bingo\/strategie-de-jeu-pour-le-bingo-en-ligne\/#breadcrumb"},"inLanguage":"fr-FR","potentialAction":[{"@type":"ReadAction","target":["https:\/\/gambling6.com\/fr\/bingo\/strategie-de-jeu-pour-le-bingo-en-ligne\/"]}]},{"@type":"ImageObject","inLanguage":"fr-FR","@id":"https:\/\/gambling6.com\/fr\/bingo\/strategie-de-jeu-pour-le-bingo-en-ligne\/#primaryimage","url":"https:\/\/media.revenueplanet.com\/uploads\/nbb-468x60-nov-generic.gif","contentUrl":"https:\/\/media.revenueplanet.com\/uploads\/nbb-468x60-nov-generic.gif"},{"@type":"BreadcrumbList","@id":"https:\/\/gambling6.com\/fr\/bingo\/strategie-de-jeu-pour-le-bingo-en-ligne\/#breadcrumb","itemListElement":[{"@type":"ListItem","position":1,"name":"Home","item":"https:\/\/gambling6.com\/fr\/home\/"},{"@type":"ListItem","position":2,"name":"Strat\u00e9gie de jeu pour le bingo en ligne"}]},{"@type":"WebSite","@id":"https:\/\/gambling6.com\/fr\/#website","url":"https:\/\/gambling6.com\/fr\/","name":"Gambling6","description":"","potentialAction":[{"@type":"SearchAction","target":{"@type":"EntryPoint","urlTemplate":"https:\/\/gambling6.com\/fr\/?s={search_term_string}"},"query-input":{"@type":"PropertyValueSpecification","valueRequired":true,"valueName":"search_term_string"}}],"inLanguage":"fr-FR"},{"@type":"Person","@id":"https:\/\/gambling6.com\/fr\/#\/schema\/person\/d093de87a44a018ef67117d02d86ddaf","name":"Catfish","image":{"@type":"ImageObject","inLanguage":"fr-FR","@id":"https:\/\/secure.gravatar.com\/avatar\/32edfa28ccbf005c231538b245a2670a36c7f33f2d3a9ab09e50843b363f2821?s=96&d=mm&r=g","url":"https:\/\/secure.gravatar.com\/avatar\/32edfa28ccbf005c231538b245a2670a36c7f33f2d3a9ab09e50843b363f2821?s=96&d=mm&r=g","contentUrl":"https:\/\/secure.gravatar.com\/avatar\/32edfa28ccbf005c231538b245a2670a36c7f33f2d3a9ab09e50843b363f2821?s=96&d=mm&r=g","caption":"Catfish"},"sameAs":["http:\/\/gambling6.com"],"url":"https:\/\/gambling6.com\/fr\/author\/catfish\/"}]}},"_links":{"self":[{"href":"https:\/\/gambling6.com\/fr\/wp-json\/wp\/v2\/pages\/6059","targetHints":{"allow":["GET"]}}],"collection":[{"href":"https:\/\/gambling6.com\/fr\/wp-json\/wp\/v2\/pages"}],"about":[{"href":"https:\/\/gambling6.com\/fr\/wp-json\/wp\/v2\/types\/page"}],"author":[{"embeddable":true,"href":"https:\/\/gambling6.com\/fr\/wp-json\/wp\/v2\/users\/1"}],"replies":[{"embeddable":true,"href":"https:\/\/gambling6.com\/fr\/wp-json\/wp\/v2\/comments?post=6059"}],"version-history":[{"count":1,"href":"https:\/\/gambling6.com\/fr\/wp-json\/wp\/v2\/pages\/6059\/revisions"}],"predecessor-version":[{"id":6060,"href":"https:\/\/gambling6.com\/fr\/wp-json\/wp\/v2\/pages\/6059\/revisions\/6060"}],"up":[{"embeddable":true,"href":"https:\/\/gambling6.com\/fr\/wp-json\/wp\/v2\/pages\/8498"}],"wp:attachment":[{"href":"https:\/\/gambling6.com\/fr\/wp-json\/wp\/v2\/media?parent=6059"}],"curies":[{"name":"wp","href":"https:\/\/api.w.org\/{rel}","templated":true}]}}