{"id":8095,"date":"2025-10-29T08:41:09","date_gmt":"2025-10-29T08:41:09","guid":{"rendered":"https:\/\/gambling6.com\/?page_id=8095"},"modified":"2025-10-29T11:04:57","modified_gmt":"2025-10-29T11:04:57","slug":"home","status":"publish","type":"page","link":"https:\/\/gambling6.com\/fr\/","title":{"rendered":"Home"},"content":{"rendered":"<h2>Bienvenue sur Gambling6 &#8211; toutes les informations dont vous avez besoin sur les jeux d&rsquo;argent<\/h2>\n<p><img loading=\"lazy\" decoding=\"async\" class=\" wp-image-2679 alignright\" src=\"https:\/\/gambling6.com\/wp-content\/uploads\/2022\/04\/1_win_lottery_online1.jpg\" alt=\"Jeux d'argent en ligne\" width=\"253\" height=\"168\" \/><br \/>\nPour beaucoup de gens, le monde des jeux d&rsquo;argent en ligne avec de l&rsquo;argent r\u00e9el peut sembler effrayant et quelque chose qu&rsquo;ils h\u00e9sitent \u00e0 essayer. Ils aiment peut-\u00eatre les jeux d&rsquo;argent en g\u00e9n\u00e9ral, mais ils se demandent si les sites de jeux d&rsquo;argent en ligne sont fiables. Cependant, aujourd&rsquo;hui, c&rsquo;est l&rsquo;un des moyens les plus simples de profiter de tous vos jeux de casino pr\u00e9f\u00e9r\u00e9s, m\u00eame si vous ne vivez pas \u00e0 proximit\u00e9 d&rsquo;un casino.<\/p>\n<p>Les sites de jeux d&rsquo;argent en ligne ont permis aux gens de jouer au poker, au blackjack, \u00e0 la roulette, au vid\u00e9o poker, aux machines \u00e0 sous, au bingo, aux cartes \u00e0 gratter, de parier sur des \u00e9v\u00e9nements sportifs, et maintenant vous pouvez m\u00eame participer \u00e0 l&rsquo;un des grands jackpots de loto en ligne du monde entier, sans avoir \u00e0 quitter le confort de votre foyer.<\/p>\n<p>Tout le monde aime les sites de casino qui offrent des paiements rapides, et si vous aimez jouer, vous devez d\u00e9couvrir ce dont il s&rsquo;agit et voir comment vous pouvez vous lancer sur les nombreux sites de jeux en ligne qui existent. Suivre les conseils d&rsquo;un site de ressources sur les jeux d&rsquo;argent en ligne comme le n\u00f4tre vous aidera \u00e0 choisir un bon fournisseur et vous garantira une excellente exp\u00e9rience. Si vous souhaitez vous lancer imm\u00e9diatement, voici mes recommandations personnelles :<\/p>\n<h2>Meilleur site de jeux d&rsquo;argent polyvalent<\/h2>\n<p>Personnellement, j&rsquo;aime jouer \u00e0 tous mes jeux d&rsquo;argent en ligne sur un seul et m\u00eame site, sans avoir \u00e0 effectuer de d\u00e9p\u00f4ts sur diff\u00e9rents sites. C&rsquo;est pourquoi mon site polyvalent pr\u00e9f\u00e9r\u00e9 est 888, un excellent casino en ligne qui propose les machines \u00e0 sous les plus cool que j&rsquo;ai jamais vues et une excellente salle de poker en ligne.<\/p>\n<p>La s\u00e9lection de jeux de casino, notamment le blackjack, la roulette et bien d&rsquo;autres, comble toutes les attentes. Si vous recherchez une exp\u00e9rience de bingo ou de cartes \u00e0 gratter r\u00e9aliste, vous ne trouverez pas mieux que 888.<\/p>\n<p>Et puis il y a la section des paris sportifs, qui propose un large choix d&rsquo;\u00e9v\u00e9nements sur lesquels parier et les meilleures cotes que vous trouverez sur le web. Vous pouvez m\u00eame parier sur des valeurs financi\u00e8res, telles que les principaux indices boursiers et les taux de change ! <a class=\"thirstylink\" title=\"888 casino en\" href=\"https:\/\/gambling6.com\/go\/888-casino-en\/\" target=\"_blank\" rel=\"nofollow noopener\">Utilisez ce lien pour vous rendre sur 888 d\u00e8s aujourd&rsquo;hui et vous obtiendrez un bonus pouvant aller jusqu&rsquo;\u00e0 1 500 \u20ac sur votre premier d\u00e9p\u00f4t.<\/a><\/p>\n<h2>Meilleur site de jeux d&rsquo;argent polyvalent pour les r\u00e9sidents am\u00e9ricains<\/h2>\n<p>Si vous r\u00e9sidez aux \u00c9tats-Unis, vos choix sont limit\u00e9s et certains des op\u00e9rateurs qui acceptent les clients am\u00e9ricains sont un peu louches, vous devez donc faire attention \u00e0 ceux que vous choisissez.<\/p>\n<p>Un site se d\u00e9marque toutefois de la concurrence, il s&rsquo;agit de <a class=\"thirstylink\" title=\"Betonline casino en\" href=\"https:\/\/gambling6.com\/go\/betonline-casino-en\/\" target=\"_blank\" rel=\"nofollow noopener\">Betonline. Vous pouvez y jouer au poker en ligne, \u00e0 des jeux de casino, aux machines \u00e0 sous, \u00e0 la roulette, au blackjack et placer des paris sportifs<\/a>. Ce site accepte les joueurs am\u00e9ricains et propose plusieurs moyens de d\u00e9poser des fonds sur votre compte et de retirer vos gains.<\/p>\n<h2>Gambling6 &#8211; les six formes les plus populaires de jeux d&rsquo;argent en ligne<\/h2>\n<p>Sur Gambling6.com, vous trouverez des informations sur les sujets suivants :<\/p>\n<ul>\n<li>Jeux de casino, notamment le blackjack, la roulette, le craps, le vid\u00e9o poker, les machines \u00e0 sous, etc.<\/li>\n<li>Toutes les variantes du poker<\/li>\n<li>Bingo en ligne<\/li>\n<li>Cartes \u00e0 gratter en ligne<\/li>\n<li>Paris sportifs et paris sur d&rsquo;autres \u00e9v\u00e9nements<\/li>\n<li>Comment obtenir un ticket en ligne pour n&rsquo;importe quelle loterie en dehors de votre pays de r\u00e9sidence<\/li>\n<\/ul>\n<h2>Que diriez-vous de vous amuser avec la loterie et de remporter des jackpots de classe mondiale ?<\/h2>\n<p>Supposons que vous soyez un fan de loto et que vous ne souhaitiez pas vous limiter \u00e0 votre loto local. Dans ce cas, nous avons une bonne nouvelle pour vous : vous pouvez d\u00e9sormais tenter votre chance \u00e0 n&rsquo;importe quel jackpot de loterie dans le monde entier. RedFoxLotto vous permet d&rsquo;acheter en ligne des billets de loterie pour les plus gros jackpots du monde, tels que Mega Millions, Powerball, El Gordo, EuroMillions et bien d&rsquo;autres encore. <a href=\"https:\/\/redfoxlotto.com\/fr\">Cliquez ici pour d\u00e9couvrir quelle loterie offre le plus gros jackpot \u00e0 venir et obtenez un billet en quelques secondes !<\/a><\/p>\n<h2>FAQ sur les casinos en ligne<\/h2>\n<p>Si vous \u00eates novice dans le monde des casinos en ligne, vous vous posez probablement des questions sur les jeux en ligne et leur fonctionnement. Certaines de vos questions sont les m\u00eames que celles que se posent de nombreux autres nouveaux joueurs de casino en ligne. Vous trouverez les r\u00e9ponses \u00e0 ces questions dans cette section FAQ, qui vous aidera \u00e0 vous lancer.<\/p>\n<p><strong>Dois-je avoir un certain \u00e2ge pour jouer dans un casino en ligne ?<\/strong><\/p>\n<p>Chaque casino en ligne \u00e9tablit ses propres r\u00e8gles et directives. Cependant, la plupart d&rsquo;entre eux exigent que les joueurs aient 18 ou 21 ans pour participer \u00e0 des jeux de casino en argent r\u00e9el.<\/p>\n<p><strong>Dois-je t\u00e9l\u00e9charger quelque chose sur mon ordinateur pour jouer \u00e0 des jeux de casino en ligne ?<\/strong><\/p>\n<p>De nombreux casinos en ligne vous permettent de jouer en mode instantan\u00e9. Si vous choisissez de profiter du mode instantan\u00e9, vous n&rsquo;aurez pas besoin de t\u00e9l\u00e9charger de logiciel sur votre ordinateur.<\/p>\n<p><strong>Est-il difficile de s&rsquo;inscrire sur un casino en ligne ?<\/strong><\/p>\n<p>Le processus est en r\u00e9alit\u00e9 tr\u00e8s simple. Vous devrez saisir des informations de base vous concernant, puis t\u00e9l\u00e9charger et installer le logiciel si vous pr\u00e9voyez de jouer \u00e0 des jeux n\u00e9cessitant un t\u00e9l\u00e9chargement. L&rsquo;ensemble du processus ne prend que quelques minutes.<\/p>\n<p><strong>Dois-je d\u00e9poser de l&rsquo;argent imm\u00e9diatement ?<\/strong><\/p>\n<p>La plupart des casinos vous permettent d&rsquo;essayer leurs jeux sans effectuer de d\u00e9p\u00f4t. Certains vous offrent des tours gratuits ou vous permettent de jouer gratuitement pendant une p\u00e9riode donn\u00e9e. Souvent, vous pouvez m\u00eame conserver vos gains pendant cette p\u00e9riode si vous effectuez un d\u00e9p\u00f4t en argent r\u00e9el par la suite !<\/p>\n<p><strong>En quoi consistent les bonus ?<\/strong><\/p>\n<p>La plupart des casinos en ligne utilisent des bonus pour inciter les joueurs \u00e0 jouer et \u00e0 revenir. Certains bonus peuvent valoir des centaines, voire des milliers de dollars. La plupart du temps, vous devrez remplir certaines conditions avant de pouvoir en b\u00e9n\u00e9ficier. Les instructions pour d\u00e9bloquer le bonus se trouvent sur le casino en ligne qui offre le bonus.<\/p>\n<p><strong>\u00c0 quels jeux puis-je jouer dans un casino en ligne ?<\/strong><\/p>\n<p>Chaque casino en ligne propose sa propre s\u00e9lection de jeux. Cependant, certains des jeux les plus courants sont les machines \u00e0 sous vid\u00e9o, les machines \u00e0 sous, la roulette, le craps, le blackjack, le poker et m\u00eame des loteries du monde entier.<\/p>\n<p><strong>Combien d&rsquo;argent puis-je vraiment gagner en jouant dans un casino en ligne ?<\/strong><\/p>\n<p>Tout d&rsquo;abord, rien ne garantit que vous gagnerez quoi que ce soit. Cependant, il y a beaucoup d&rsquo;argent \u00e0 gagner. Vous trouverez des jackpots de machines \u00e0 sous d&rsquo;un million de dollars, des tournois de poker avec un million de dollars ou plus de gains garantis, etc. En fait, la plupart des casinos en ligne ont de meilleurs taux de redistribution que les casinos terrestres. Cela s&rsquo;explique par le fait qu&rsquo;ils ont des frais g\u00e9n\u00e9raux moins \u00e9lev\u00e9s et peuvent se permettre de payer un taux de redistribution plus \u00e9lev\u00e9.<\/p>\n","protected":false},"excerpt":{"rendered":"<p>Bienvenue sur Gambling6 &#8211; toutes les informations dont vous avez besoin sur les jeux d&rsquo;argent Pour beaucoup de gens, le monde des jeux d&rsquo;argent en ligne avec de l&rsquo;argent r\u00e9el peut sembler effrayant et quelque chose qu&rsquo;ils h\u00e9sitent \u00e0 essayer. Ils aiment peut-\u00eatre les jeux d&rsquo;argent en g\u00e9n\u00e9ral, mais ils se demandent si les sites [&hellip;]<\/p>\n","protected":false},"author":1,"featured_media":0,"parent":0,"menu_order":1,"comment_status":"closed","ping_status":"closed","template":"","meta":{"footnotes":""},"class_list":["post-8095","page","type-page","status-publish","hentry"],"yoast_head":"<!-- This site is optimized with the Yoast SEO plugin v27.5 - https:\/\/yoast.com\/product\/yoast-seo-wordpress\/ -->\n<title>Meilleurs jeux d&#039;argent en ligne | Bienvenue sur Gambling6<\/title>\n<meta name=\"description\" content=\"Si vous aimez jouer pour de l&#039;argent, notre site d\u00e9di\u00e9 aux jeux d&#039;argent vous fournit toutes les informations dont vous avez besoin sur les 6 jeux en ligne les plus populaires.\" \/>\n<meta name=\"robots\" content=\"index, follow, max-snippet:-1, max-image-preview:large, max-video-preview:-1\" \/>\n<link rel=\"canonical\" href=\"https:\/\/gambling6.com\/fr\/\" \/>\n<meta property=\"og:locale\" content=\"fr_FR\" \/>\n<meta property=\"og:type\" content=\"article\" \/>\n<meta property=\"og:title\" content=\"Meilleurs jeux d&#039;argent en ligne | Bienvenue sur Gambling6\" \/>\n<meta property=\"og:description\" content=\"Si vous aimez jouer pour de l&#039;argent, notre site d\u00e9di\u00e9 aux jeux d&#039;argent vous fournit toutes les informations dont vous avez besoin sur les 6 jeux en ligne les plus populaires.\" \/>\n<meta property=\"og:url\" content=\"https:\/\/gambling6.com\/fr\/\" \/>\n<meta property=\"og:site_name\" content=\"Gambling6\" \/>\n<meta property=\"article:modified_time\" content=\"2025-10-29T11:04:57+00:00\" \/>\n<meta property=\"og:image\" content=\"https:\/\/gambling6.com\/wp-content\/uploads\/2022\/04\/1_win_lottery_online1.jpg\" \/>\n\t<meta property=\"og:image:width\" content=\"300\" \/>\n\t<meta property=\"og:image:height\" content=\"199\" \/>\n\t<meta property=\"og:image:type\" content=\"image\/jpeg\" \/>\n<meta name=\"twitter:card\" content=\"summary_large_image\" \/>\n<meta name=\"twitter:label1\" content=\"Dur\u00e9e de lecture estim\u00e9e\" \/>\n\t<meta name=\"twitter:data1\" content=\"6 minutes\" \/>\n<script type=\"application\/ld+json\" class=\"yoast-schema-graph\">{\"@context\":\"https:\\\/\\\/schema.org\",\"@graph\":[{\"@type\":\"WebPage\",\"@id\":\"https:\\\/\\\/gambling6.com\\\/fr\\\/\",\"url\":\"https:\\\/\\\/gambling6.com\\\/fr\\\/\",\"name\":\"Meilleurs jeux d'argent en ligne | Bienvenue sur Gambling6\",\"isPartOf\":{\"@id\":\"https:\\\/\\\/gambling6.com\\\/fr\\\/#website\"},\"primaryImageOfPage\":{\"@id\":\"https:\\\/\\\/gambling6.com\\\/fr\\\/#primaryimage\"},\"image\":{\"@id\":\"https:\\\/\\\/gambling6.com\\\/fr\\\/#primaryimage\"},\"thumbnailUrl\":\"https:\\\/\\\/gambling6.com\\\/wp-content\\\/uploads\\\/2022\\\/04\\\/1_win_lottery_online1.jpg\",\"datePublished\":\"2025-10-29T08:41:09+00:00\",\"dateModified\":\"2025-10-29T11:04:57+00:00\",\"description\":\"Si vous aimez jouer pour de l'argent, notre site d\u00e9di\u00e9 aux jeux d'argent vous fournit toutes les informations dont vous avez besoin sur les 6 jeux en ligne les plus populaires.\",\"breadcrumb\":{\"@id\":\"https:\\\/\\\/gambling6.com\\\/fr\\\/#breadcrumb\"},\"inLanguage\":\"fr-FR\",\"potentialAction\":[{\"@type\":\"ReadAction\",\"target\":[\"https:\\\/\\\/gambling6.com\\\/fr\\\/\"]}]},{\"@type\":\"ImageObject\",\"inLanguage\":\"fr-FR\",\"@id\":\"https:\\\/\\\/gambling6.com\\\/fr\\\/#primaryimage\",\"url\":\"https:\\\/\\\/gambling6.com\\\/wp-content\\\/uploads\\\/2022\\\/04\\\/1_win_lottery_online1.jpg\",\"contentUrl\":\"https:\\\/\\\/gambling6.com\\\/wp-content\\\/uploads\\\/2022\\\/04\\\/1_win_lottery_online1.jpg\"},{\"@type\":\"BreadcrumbList\",\"@id\":\"https:\\\/\\\/gambling6.com\\\/fr\\\/#breadcrumb\",\"itemListElement\":[{\"@type\":\"ListItem\",\"position\":1,\"name\":\"Home\",\"item\":\"https:\\\/\\\/gambling6.com\\\/fr\\\/home\\\/\"},{\"@type\":\"ListItem\",\"position\":2,\"name\":\"Home\"}]},{\"@type\":\"WebSite\",\"@id\":\"https:\\\/\\\/gambling6.com\\\/fr\\\/#website\",\"url\":\"https:\\\/\\\/gambling6.com\\\/fr\\\/\",\"name\":\"Gambling6\",\"description\":\"\",\"potentialAction\":[{\"@type\":\"SearchAction\",\"target\":{\"@type\":\"EntryPoint\",\"urlTemplate\":\"https:\\\/\\\/gambling6.com\\\/fr\\\/?s={search_term_string}\"},\"query-input\":{\"@type\":\"PropertyValueSpecification\",\"valueRequired\":true,\"valueName\":\"search_term_string\"}}],\"inLanguage\":\"fr-FR\"}]}<\/script>\n<!-- \/ Yoast SEO plugin. -->","yoast_head_json":{"title":"Meilleurs jeux d'argent en ligne | Bienvenue sur Gambling6","description":"Si vous aimez jouer pour de l'argent, notre site d\u00e9di\u00e9 aux jeux d'argent vous fournit toutes les informations dont vous avez besoin sur les 6 jeux en ligne les plus populaires.","robots":{"index":"index","follow":"follow","max-snippet":"max-snippet:-1","max-image-preview":"max-image-preview:large","max-video-preview":"max-video-preview:-1"},"canonical":"https:\/\/gambling6.com\/fr\/","og_locale":"fr_FR","og_type":"article","og_title":"Meilleurs jeux d'argent en ligne | Bienvenue sur Gambling6","og_description":"Si vous aimez jouer pour de l'argent, notre site d\u00e9di\u00e9 aux jeux d'argent vous fournit toutes les informations dont vous avez besoin sur les 6 jeux en ligne les plus populaires.","og_url":"https:\/\/gambling6.com\/fr\/","og_site_name":"Gambling6","article_modified_time":"2025-10-29T11:04:57+00:00","og_image":[{"width":300,"height":199,"url":"https:\/\/gambling6.com\/wp-content\/uploads\/2022\/04\/1_win_lottery_online1.jpg","type":"image\/jpeg"}],"twitter_card":"summary_large_image","twitter_misc":{"Dur\u00e9e de lecture estim\u00e9e":"6 minutes"},"schema":{"@context":"https:\/\/schema.org","@graph":[{"@type":"WebPage","@id":"https:\/\/gambling6.com\/fr\/","url":"https:\/\/gambling6.com\/fr\/","name":"Meilleurs jeux d'argent en ligne | Bienvenue sur Gambling6","isPartOf":{"@id":"https:\/\/gambling6.com\/fr\/#website"},"primaryImageOfPage":{"@id":"https:\/\/gambling6.com\/fr\/#primaryimage"},"image":{"@id":"https:\/\/gambling6.com\/fr\/#primaryimage"},"thumbnailUrl":"https:\/\/gambling6.com\/wp-content\/uploads\/2022\/04\/1_win_lottery_online1.jpg","datePublished":"2025-10-29T08:41:09+00:00","dateModified":"2025-10-29T11:04:57+00:00","description":"Si vous aimez jouer pour de l'argent, notre site d\u00e9di\u00e9 aux jeux d'argent vous fournit toutes les informations dont vous avez besoin sur les 6 jeux en ligne les plus populaires.","breadcrumb":{"@id":"https:\/\/gambling6.com\/fr\/#breadcrumb"},"inLanguage":"fr-FR","potentialAction":[{"@type":"ReadAction","target":["https:\/\/gambling6.com\/fr\/"]}]},{"@type":"ImageObject","inLanguage":"fr-FR","@id":"https:\/\/gambling6.com\/fr\/#primaryimage","url":"https:\/\/gambling6.com\/wp-content\/uploads\/2022\/04\/1_win_lottery_online1.jpg","contentUrl":"https:\/\/gambling6.com\/wp-content\/uploads\/2022\/04\/1_win_lottery_online1.jpg"},{"@type":"BreadcrumbList","@id":"https:\/\/gambling6.com\/fr\/#breadcrumb","itemListElement":[{"@type":"ListItem","position":1,"name":"Home","item":"https:\/\/gambling6.com\/fr\/home\/"},{"@type":"ListItem","position":2,"name":"Home"}]},{"@type":"WebSite","@id":"https:\/\/gambling6.com\/fr\/#website","url":"https:\/\/gambling6.com\/fr\/","name":"Gambling6","description":"","potentialAction":[{"@type":"SearchAction","target":{"@type":"EntryPoint","urlTemplate":"https:\/\/gambling6.com\/fr\/?s={search_term_string}"},"query-input":{"@type":"PropertyValueSpecification","valueRequired":true,"valueName":"search_term_string"}}],"inLanguage":"fr-FR"}]}},"_links":{"self":[{"href":"https:\/\/gambling6.com\/fr\/wp-json\/wp\/v2\/pages\/8095","targetHints":{"allow":["GET"]}}],"collection":[{"href":"https:\/\/gambling6.com\/fr\/wp-json\/wp\/v2\/pages"}],"about":[{"href":"https:\/\/gambling6.com\/fr\/wp-json\/wp\/v2\/types\/page"}],"author":[{"embeddable":true,"href":"https:\/\/gambling6.com\/fr\/wp-json\/wp\/v2\/users\/1"}],"replies":[{"embeddable":true,"href":"https:\/\/gambling6.com\/fr\/wp-json\/wp\/v2\/comments?post=8095"}],"version-history":[{"count":3,"href":"https:\/\/gambling6.com\/fr\/wp-json\/wp\/v2\/pages\/8095\/revisions"}],"predecessor-version":[{"id":8119,"href":"https:\/\/gambling6.com\/fr\/wp-json\/wp\/v2\/pages\/8095\/revisions\/8119"}],"wp:attachment":[{"href":"https:\/\/gambling6.com\/fr\/wp-json\/wp\/v2\/media?parent=8095"}],"curies":[{"name":"wp","href":"https:\/\/api.w.org\/{rel}","templated":true}]}}