{"id":8290,"date":"2025-11-07T09:15:36","date_gmt":"2025-11-07T09:15:36","guid":{"rendered":"https:\/\/gambling6.com\/casino\/"},"modified":"2025-11-12T15:36:05","modified_gmt":"2025-11-12T15:36:05","slug":"casino","status":"publish","type":"page","link":"https:\/\/gambling6.com\/fr\/casino\/","title":{"rendered":"Casino"},"content":{"rendered":"<h2>Guide du d\u00e9butant au casino en ligne<\/h2>\n<p>Soyons r\u00e9alistes\u00a0: les casinos en ligne sont l\u00e0 pour durer. Leur popularit\u00e9 croissante confirme que les joueurs les adorent. Jouer en ligne avec de l\u2019argent r\u00e9el procure du plaisir \u00e0 tous ceux qui s\u2019y essaient, et ils en redemandent. Presque chaque jour, des sommes importantes changent de mains dans ces casinos. Qu\u2019il s\u2019agisse de d\u00e9p\u00f4ts ou de retraits, tout se fait \u00e0 une vitesse fulgurante gr\u00e2ce \u00e0 Internet.<\/p>\n<p>Cependant, c\u2019est souvent l\u00e0 que l\u2019inqui\u00e9tude commence \u00e0 gagner certains joueurs. Plus que les combinaisons de cartes ou de machines \u00e0 sous, ce sont les options de paiement et leur s\u00e9curit\u00e9 qui les pr\u00e9occupent. Et on les comprend. Les transactions en ligne peuvent vite tourner au cauchemar si l\u2019on n\u2019est pas suffisamment vigilant.<\/p>\n<p>C\u2019est pourquoi de nombreux casinos en ligne mettent tout en \u0153uvre pour rassurer leurs clients quant \u00e0 la s\u00e9curit\u00e9 des <strong>options de paiement<\/strong> propos\u00e9es sur leurs sites. Il est en effet judicieux de rester vigilant lors des transactions en ligne. Le pire serait que les informations de votre carte bancaire tombent entre de mauvaises mains. Internet regorge de pirates informatiques et d&rsquo;escrocs, et vous ne voulez surtout pas en \u00eatre la prochaine victime. Le mieux est de vous renseigner sur les diff\u00e9rents modes de paiement en ligne.<\/p>\n<p>Les casinos en ligne proposent de nombreux moyens de paiement s\u00e9curis\u00e9s pour vos jeux d&rsquo;argent. Le paiement par carte bancaire est tr\u00e8s courant. Presque tous les casinos acceptent les cartes Visa, Mastercard et American Express. Vous pouvez utiliser n&rsquo;importe laquelle de ces cartes pour effectuer vos transactions.<\/p>\n<h2>Casinos en ligne acceptant les clients am\u00e9ricains<\/h2>\n<p><img loading=\"lazy\" decoding=\"async\" class=\" wp-image-2901 alignright\" src=\"https:\/\/gambling6.com\/wp-content\/uploads\/2022\/04\/download-image2-300x190.jpg\" alt=\"t\u00e9l\u00e9chargement de casino en ligne\" width=\"249\" height=\"158\" srcset=\"https:\/\/gambling6.com\/wp-content\/uploads\/2022\/04\/download-image2-300x190.jpg 300w, https:\/\/gambling6.com\/wp-content\/uploads\/2022\/04\/download-image2.jpg 435w\" sizes=\"auto, (max-width: 249px) 100vw, 249px\" \/>Si vous r\u00e9sidez aux \u00c9tats-Unis, vos options de casinos en ligne sont quelque peu limit\u00e9es en raison de la l\u00e9gislation am\u00e9ricaine. Il en va de m\u00eame pour les options de paiement disponibles. C&rsquo;est pourquoi, en tant que r\u00e9sident am\u00e9ricain, vous devriez rechercher un casino proposant des m\u00e9thodes de d\u00e9p\u00f4t et de retrait pratiques pour commencer \u00e0 jouer en ligne.<\/p>\n<p>Le casino BetOnline se distingue particuli\u00e8rement par sa facilit\u00e9 de traitement des paiements, raison pour laquelle nous le recommandons vivement aux visiteurs am\u00e9ricains. <a class=\"thirstylink\" title=\"Betonline casino en\" href=\"https:\/\/gambling6.com\/go\/betonline-casino-en\/\" target=\"_blank\" rel=\"nofollow noopener\"><strong>Cliquez <\/strong><strong>ici pour les visiter maintenant.<\/strong><\/a><\/p>\n<p>Bien que cela puisse para\u00eetre \u00e9vident, avant de saisir vos informations de carte bancaire, assurez-vous de bien comprendre l&rsquo;objet de la transaction et de faire confiance au site. Vous pouvez \u00e9galement opter pour un mode de paiement en ligne. De nombreux portails en ligne sont d\u00e9di\u00e9s \u00e0 cet effet. Certes, les casinos ont parfois leurs sites de paiement pr\u00e9f\u00e9r\u00e9s, mais certains sont plus populaires que d&rsquo;autres.<\/p>\n<p>Parmi ces sites de paiement en ligne, on trouve Neteller, Money Transfer, eWalletXpress, PayPal, Instadebit et Moneybookers. Moneybookers est une m\u00e9thode tr\u00e8s populaire dans les pays europ\u00e9ens, notamment au Royaume-Uni. Ce service a contribu\u00e9 \u00e0 fid\u00e9liser les citoyens europ\u00e9ens aux casinos en ligne.<\/p>\n<h2>Casinos acceptant les paiements via PayPal<\/h2>\n<p>Si vous connaissez PayPal, vous n&rsquo;aurez aucun mal \u00e0 l&rsquo;utiliser pour vos sessions de jeu en ligne. Il vous suffit d&rsquo;enregistrer votre nom et d&rsquo;associer votre carte bancaire \u00e0 votre compte. Ce mode de paiement est accept\u00e9 par la plupart des casinos et sites de jeux en ligne. Si vous souhaitez rester anonyme lorsque vous jouez en ligne, eWalletXpress est la solution id\u00e9ale. Outre sa s\u00e9curit\u00e9, ce site permet aux d\u00e9posants de pr\u00e9server leur anonymat. C&rsquo;est une m\u00e9thode de transaction rapide accept\u00e9e par la plupart des casinos en ligne.<\/p>\n<p>Gr\u00e2ce \u00e0 la popularit\u00e9 des transactions en ligne, notamment des jeux d&rsquo;argent en ligne, PayPal a acquis une grande notori\u00e9t\u00e9. Il semble qu&rsquo;un petit nombre de casinos fassent confiance \u00e0 ce site pour la s\u00e9curit\u00e9 de ses paiements.<\/p>\n<p>888 Casino propose l&rsquo;option PayPal \u00e0 tous ses joueurs r\u00e9sidant au Royaume-Uni et en Irlande. Cependant, si vous r\u00e9sidez en Australie et souhaitez jouer sur ce site, vous pouvez effectuer vos transactions par MasterCard. Outre les deux pays mentionn\u00e9s ci-dessus, les autres pays europ\u00e9ens couverts par ce syst\u00e8me de transactions en ligne sont l&rsquo;Espagne, le Portugal, l&rsquo;Italie, l&rsquo;Autriche, la Finlande, la Su\u00e8de et le Danemark.<\/p>\n<p>En ce moment, 888 Casino propose une offre exceptionnelle pour les nouveaux joueurs\u00a0: un bonus de 100\u00a0% jusqu&rsquo;\u00e0 1\u00a0500\u00a0\u20ac sur votre premier d\u00e9p\u00f4t\u00a0! Cette offre promotionnelle est r\u00e9serv\u00e9e aux r\u00e9sidents de certains pays. Pour plus d&rsquo;informations,<a class=\"thirstylink\" title=\"888 casino en\" href=\"https:\/\/gambling6.com\/go\/888-casino-en\/\" target=\"_blank\" rel=\"nofollow noopener\"> veuillez consulter le site web de 888.<\/a><\/p>\n<p>En r\u00e9sum\u00e9, la plupart des casinos en ligne proposent des options de paiement accessibles \u00e0 tous les joueurs, quel que soit leur lieu de r\u00e9sidence.Les citoyens am\u00e9ricains et australiens peuvent utiliser Visa, MasterCard, Neteller et Moneybookers, tandis que les r\u00e9sidents europ\u00e9ens peuvent utiliser PayPal.<\/p>\n<p>888 Casino propose une vari\u00e9t\u00e9 de jeux, y compris des jeux 3D. Vous pouvez placer vos mises via PayPal, MasterCard ou tout autre moyen de paiement accept\u00e9. Tous ces modes de paiement sont s\u00fbrs et s\u00e9curis\u00e9s. Cependant, comme de nombreux autres casinos en ligne, 888casinos.com impose un d\u00e9p\u00f4t minimum. Ce montant d\u00e9pend g\u00e9n\u00e9ralement du mode de paiement choisi. Si vous utilisez une carte MasterCard ou Visa, le d\u00e9p\u00f4t minimum est de 20 $, 20 \u20ac ou 20 \u00a3, selon votre r\u00e9gion. Les joueurs utilisant une carte de d\u00e9bit Maestro doivent d\u00e9poser au moins 10 $ ou 10 \u20ac. Si vous utilisez des plateformes en ligne comme PayPal, MoneyBookers ou Neteller, le d\u00e9p\u00f4t minimum est de 20 $.<\/p>\n<p>Le montant peut varier d&rsquo;une devise \u00e0 l&rsquo;autre en fonction du taux de change et des frais applicables. Ainsi, un joueur d\u00e9posant 10 \u00a3 via Neteller peut se retrouver \u00e0 payer 20 $, soit le double. Il est donc pr\u00e9f\u00e9rable de conna\u00eetre la devise utilis\u00e9e par le casino lors de vos transactions.<\/p>\n<p>En r\u00e9sum\u00e9, lorsque vous jouez en ligne dans un casino, privil\u00e9giez un mode de paiement fiable. Vous \u00e9viterez ainsi les mauvaises surprises. Apr\u00e8s tout, le but est de s&rsquo;amuser, pas de se faire arnaquer. Alors, jouez en toute s\u00e9curit\u00e9 et que la chance soit avec vous\u00a0!<\/p>\n","protected":false},"excerpt":{"rendered":"<p>Guide du d\u00e9butant au casino en ligne Soyons r\u00e9alistes\u00a0: les casinos en ligne sont l\u00e0 pour durer. Leur popularit\u00e9 croissante confirme que les joueurs les adorent. Jouer en ligne avec de l\u2019argent r\u00e9el procure du plaisir \u00e0 tous ceux qui s\u2019y essaient, et ils en redemandent. Presque chaque jour, des sommes importantes changent de mains [&hellip;]<\/p>\n","protected":false},"author":1,"featured_media":0,"parent":0,"menu_order":2,"comment_status":"closed","ping_status":"closed","template":"","meta":{"footnotes":""},"class_list":["post-8290","page","type-page","status-publish","hentry"],"yoast_head":"<!-- This site is optimized with the Yoast SEO plugin v27.4 - https:\/\/yoast.com\/product\/yoast-seo-wordpress\/ -->\n<title>D\u00e9buter dans les jeux d&#039;argent en ligne | Guide des casinos en ligne<\/title>\n<meta name=\"description\" content=\"Soyons r\u00e9alistes\u00a0: les casinos en ligne sont l\u00e0 pour durer. Lancez-vous d\u00e8s maintenant\u00a0! Notre guide des casinos en ligne vous aide \u00e0 choisir les meilleurs sites.\" \/>\n<meta name=\"robots\" content=\"index, follow, max-snippet:-1, max-image-preview:large, max-video-preview:-1\" \/>\n<link rel=\"canonical\" href=\"https:\/\/gambling6.com\/fr\/casino\/\" \/>\n<meta property=\"og:locale\" content=\"fr_FR\" \/>\n<meta property=\"og:type\" content=\"article\" \/>\n<meta property=\"og:title\" content=\"D\u00e9buter dans les jeux d&#039;argent en ligne | Guide des casinos en ligne\" \/>\n<meta property=\"og:description\" content=\"Soyons r\u00e9alistes\u00a0: les casinos en ligne sont l\u00e0 pour durer. Lancez-vous d\u00e8s maintenant\u00a0! Notre guide des casinos en ligne vous aide \u00e0 choisir les meilleurs sites.\" \/>\n<meta property=\"og:url\" content=\"https:\/\/gambling6.com\/fr\/casino\/\" \/>\n<meta property=\"og:site_name\" content=\"Gambling6\" \/>\n<meta property=\"article:modified_time\" content=\"2025-11-12T15:36:05+00:00\" \/>\n<meta property=\"og:image\" content=\"https:\/\/gambling6.com\/wp-content\/uploads\/2022\/04\/download-image2.jpg\" \/>\n\t<meta property=\"og:image:width\" content=\"435\" \/>\n\t<meta property=\"og:image:height\" content=\"276\" \/>\n\t<meta property=\"og:image:type\" content=\"image\/jpeg\" \/>\n<meta name=\"twitter:card\" content=\"summary_large_image\" \/>\n<meta name=\"twitter:label1\" content=\"Dur\u00e9e de lecture estim\u00e9e\" \/>\n\t<meta name=\"twitter:data1\" content=\"5 minutes\" \/>\n<script type=\"application\/ld+json\" class=\"yoast-schema-graph\">{\"@context\":\"https:\\\/\\\/schema.org\",\"@graph\":[{\"@type\":\"WebPage\",\"@id\":\"https:\\\/\\\/gambling6.com\\\/fr\\\/casino\\\/\",\"url\":\"https:\\\/\\\/gambling6.com\\\/fr\\\/casino\\\/\",\"name\":\"D\u00e9buter dans les jeux d'argent en ligne | Guide des casinos en ligne\",\"isPartOf\":{\"@id\":\"https:\\\/\\\/gambling6.com\\\/fr\\\/#website\"},\"primaryImageOfPage\":{\"@id\":\"https:\\\/\\\/gambling6.com\\\/fr\\\/casino\\\/#primaryimage\"},\"image\":{\"@id\":\"https:\\\/\\\/gambling6.com\\\/fr\\\/casino\\\/#primaryimage\"},\"thumbnailUrl\":\"https:\\\/\\\/gambling6.com\\\/wp-content\\\/uploads\\\/2022\\\/04\\\/download-image2-300x190.jpg\",\"datePublished\":\"2025-11-07T09:15:36+00:00\",\"dateModified\":\"2025-11-12T15:36:05+00:00\",\"description\":\"Soyons r\u00e9alistes\u00a0: les casinos en ligne sont l\u00e0 pour durer. Lancez-vous d\u00e8s maintenant\u00a0! Notre guide des casinos en ligne vous aide \u00e0 choisir les meilleurs sites.\",\"breadcrumb\":{\"@id\":\"https:\\\/\\\/gambling6.com\\\/fr\\\/casino\\\/#breadcrumb\"},\"inLanguage\":\"fr-FR\",\"potentialAction\":[{\"@type\":\"ReadAction\",\"target\":[\"https:\\\/\\\/gambling6.com\\\/fr\\\/casino\\\/\"]}]},{\"@type\":\"ImageObject\",\"inLanguage\":\"fr-FR\",\"@id\":\"https:\\\/\\\/gambling6.com\\\/fr\\\/casino\\\/#primaryimage\",\"url\":\"https:\\\/\\\/gambling6.com\\\/wp-content\\\/uploads\\\/2022\\\/04\\\/download-image2-300x190.jpg\",\"contentUrl\":\"https:\\\/\\\/gambling6.com\\\/wp-content\\\/uploads\\\/2022\\\/04\\\/download-image2-300x190.jpg\"},{\"@type\":\"BreadcrumbList\",\"@id\":\"https:\\\/\\\/gambling6.com\\\/fr\\\/casino\\\/#breadcrumb\",\"itemListElement\":[{\"@type\":\"ListItem\",\"position\":1,\"name\":\"Home\",\"item\":\"https:\\\/\\\/gambling6.com\\\/fr\\\/home\\\/\"},{\"@type\":\"ListItem\",\"position\":2,\"name\":\"Casino\"}]},{\"@type\":\"WebSite\",\"@id\":\"https:\\\/\\\/gambling6.com\\\/fr\\\/#website\",\"url\":\"https:\\\/\\\/gambling6.com\\\/fr\\\/\",\"name\":\"Gambling6\",\"description\":\"\",\"potentialAction\":[{\"@type\":\"SearchAction\",\"target\":{\"@type\":\"EntryPoint\",\"urlTemplate\":\"https:\\\/\\\/gambling6.com\\\/fr\\\/?s={search_term_string}\"},\"query-input\":{\"@type\":\"PropertyValueSpecification\",\"valueRequired\":true,\"valueName\":\"search_term_string\"}}],\"inLanguage\":\"fr-FR\"}]}<\/script>\n<!-- \/ Yoast SEO plugin. -->","yoast_head_json":{"title":"D\u00e9buter dans les jeux d'argent en ligne | Guide des casinos en ligne","description":"Soyons r\u00e9alistes\u00a0: les casinos en ligne sont l\u00e0 pour durer. Lancez-vous d\u00e8s maintenant\u00a0! Notre guide des casinos en ligne vous aide \u00e0 choisir les meilleurs sites.","robots":{"index":"index","follow":"follow","max-snippet":"max-snippet:-1","max-image-preview":"max-image-preview:large","max-video-preview":"max-video-preview:-1"},"canonical":"https:\/\/gambling6.com\/fr\/casino\/","og_locale":"fr_FR","og_type":"article","og_title":"D\u00e9buter dans les jeux d'argent en ligne | Guide des casinos en ligne","og_description":"Soyons r\u00e9alistes\u00a0: les casinos en ligne sont l\u00e0 pour durer. Lancez-vous d\u00e8s maintenant\u00a0! Notre guide des casinos en ligne vous aide \u00e0 choisir les meilleurs sites.","og_url":"https:\/\/gambling6.com\/fr\/casino\/","og_site_name":"Gambling6","article_modified_time":"2025-11-12T15:36:05+00:00","og_image":[{"width":435,"height":276,"url":"https:\/\/gambling6.com\/wp-content\/uploads\/2022\/04\/download-image2.jpg","type":"image\/jpeg"}],"twitter_card":"summary_large_image","twitter_misc":{"Dur\u00e9e de lecture estim\u00e9e":"5 minutes"},"schema":{"@context":"https:\/\/schema.org","@graph":[{"@type":"WebPage","@id":"https:\/\/gambling6.com\/fr\/casino\/","url":"https:\/\/gambling6.com\/fr\/casino\/","name":"D\u00e9buter dans les jeux d'argent en ligne | Guide des casinos en ligne","isPartOf":{"@id":"https:\/\/gambling6.com\/fr\/#website"},"primaryImageOfPage":{"@id":"https:\/\/gambling6.com\/fr\/casino\/#primaryimage"},"image":{"@id":"https:\/\/gambling6.com\/fr\/casino\/#primaryimage"},"thumbnailUrl":"https:\/\/gambling6.com\/wp-content\/uploads\/2022\/04\/download-image2-300x190.jpg","datePublished":"2025-11-07T09:15:36+00:00","dateModified":"2025-11-12T15:36:05+00:00","description":"Soyons r\u00e9alistes\u00a0: les casinos en ligne sont l\u00e0 pour durer. Lancez-vous d\u00e8s maintenant\u00a0! Notre guide des casinos en ligne vous aide \u00e0 choisir les meilleurs sites.","breadcrumb":{"@id":"https:\/\/gambling6.com\/fr\/casino\/#breadcrumb"},"inLanguage":"fr-FR","potentialAction":[{"@type":"ReadAction","target":["https:\/\/gambling6.com\/fr\/casino\/"]}]},{"@type":"ImageObject","inLanguage":"fr-FR","@id":"https:\/\/gambling6.com\/fr\/casino\/#primaryimage","url":"https:\/\/gambling6.com\/wp-content\/uploads\/2022\/04\/download-image2-300x190.jpg","contentUrl":"https:\/\/gambling6.com\/wp-content\/uploads\/2022\/04\/download-image2-300x190.jpg"},{"@type":"BreadcrumbList","@id":"https:\/\/gambling6.com\/fr\/casino\/#breadcrumb","itemListElement":[{"@type":"ListItem","position":1,"name":"Home","item":"https:\/\/gambling6.com\/fr\/home\/"},{"@type":"ListItem","position":2,"name":"Casino"}]},{"@type":"WebSite","@id":"https:\/\/gambling6.com\/fr\/#website","url":"https:\/\/gambling6.com\/fr\/","name":"Gambling6","description":"","potentialAction":[{"@type":"SearchAction","target":{"@type":"EntryPoint","urlTemplate":"https:\/\/gambling6.com\/fr\/?s={search_term_string}"},"query-input":{"@type":"PropertyValueSpecification","valueRequired":true,"valueName":"search_term_string"}}],"inLanguage":"fr-FR"}]}},"_links":{"self":[{"href":"https:\/\/gambling6.com\/fr\/wp-json\/wp\/v2\/pages\/8290","targetHints":{"allow":["GET"]}}],"collection":[{"href":"https:\/\/gambling6.com\/fr\/wp-json\/wp\/v2\/pages"}],"about":[{"href":"https:\/\/gambling6.com\/fr\/wp-json\/wp\/v2\/types\/page"}],"author":[{"embeddable":true,"href":"https:\/\/gambling6.com\/fr\/wp-json\/wp\/v2\/users\/1"}],"replies":[{"embeddable":true,"href":"https:\/\/gambling6.com\/fr\/wp-json\/wp\/v2\/comments?post=8290"}],"version-history":[{"count":3,"href":"https:\/\/gambling6.com\/fr\/wp-json\/wp\/v2\/pages\/8290\/revisions"}],"predecessor-version":[{"id":10392,"href":"https:\/\/gambling6.com\/fr\/wp-json\/wp\/v2\/pages\/8290\/revisions\/10392"}],"wp:attachment":[{"href":"https:\/\/gambling6.com\/fr\/wp-json\/wp\/v2\/media?parent=8290"}],"curies":[{"name":"wp","href":"https:\/\/api.w.org\/{rel}","templated":true}]}}