{"id":8348,"date":"2025-11-07T11:49:58","date_gmt":"2025-11-07T11:49:58","guid":{"rendered":"https:\/\/gambling6.com\/casino\/avis-sur-les-casinos\/"},"modified":"2025-11-12T06:40:57","modified_gmt":"2025-11-12T06:40:57","slug":"avis-sur-les-casinos","status":"publish","type":"page","link":"https:\/\/gambling6.com\/fr\/casino\/avis-sur-les-casinos\/","title":{"rendered":"Avis sur les casinos"},"content":{"rendered":"<h2>Nous vous aidons \u00e0 choisir le meilleur site de jeux d&rsquo;argent gr\u00e2ce \u00e0 nos avis<\/h2>\n<p>Les sites de casino vous permettent de parier sur des jeux de casino ou des \u00e9v\u00e9nements sportifs, ou encore de jouer au poker en ligne. Jouer en ligne vous offre l&rsquo;avantage de jouer depuis chez vous. Vous pouvez ainsi vibrer au rythme des paris sur vos sports pr\u00e9f\u00e9r\u00e9s sans quitter votre domicile. La popularit\u00e9 croissante des jeux d&rsquo;argent en ligne a engendr\u00e9 la cr\u00e9ation de nombreux sites de paris et casinos en ligne. Comme dans tout secteur, les jeux d&rsquo;argent en ligne ne sont pas exempts d&rsquo;op\u00e9rateurs peu scrupuleux. Il est donc essentiel de bien choisir son site de casino. <strong>Consulter nos avis sur les sites de casino peut vous aider \u00e0 d\u00e9terminer leur fiabilit\u00e9.<\/strong><\/p>\n<p><a href=\"https:\/\/ic.aff-handler.com\/C\/47965?sr=1064399&amp;anid=\" rel=\"nofollow\"><img loading=\"lazy\" decoding=\"async\" class=\"alignright\" src=\"https:\/\/ic.aff-handler.com\/I\/47965?sr=1064399&amp;anid=\" width=\"420\" height=\"84\" \/><\/a><\/p>\n<ul>\n<li><strong>R\u00e9putation<\/strong><\/li>\n<\/ul>\n<p>La r\u00e9putation des sites de casino est le premier crit\u00e8re \u00e0 prendre en compte avant de prendre une d\u00e9cision. Comme il est impossible de visiter le casino physiquement, vous devez vous fier \u00e0 sa r\u00e9putation pour d\u00e9cider d&rsquo;y jouer ou non. Les meilleurs sites de casino sont ceux qui poss\u00e8dent des ann\u00e9es d&rsquo;exp\u00e9rience dans le secteur et qui se sont forg\u00e9 une excellente r\u00e9putation en mati\u00e8re de service client.<\/p>\n<ul>\n<li><strong>Licence<\/strong><\/li>\n<\/ul>\n<p>Les sites de casino fiables obtiennent les licences n\u00e9cessaires pour exercer leurs activit\u00e9s. Les commissions des jeux ou les autorit\u00e9s de jeux reconnues dans les juridictions concern\u00e9es d\u00e9livrent ces licences aux sites de jeux d&rsquo;argent, apr\u00e8s s&rsquo;\u00eatre assur\u00e9es que le site respecte certaines normes en mati\u00e8re de s\u00e9curit\u00e9, d&rsquo;\u00e9quit\u00e9 des jeux, de paiements et de service client. Les sites de jeux d&rsquo;argent fiables affichent clairement leur licence, mais un bon avis sur un casino devrait \u00e9galement indiquer o\u00f9 il est agr\u00e9\u00e9. Leurs syst\u00e8mes et processus sont audit\u00e9s par les organismes comp\u00e9tents et ils obtiennent des certifications. Vous pouvez consulter ces certifications sur leurs sites web. Choisir un site de jeux d&rsquo;argent agr\u00e9\u00e9 vous garantit une exp\u00e9rience de jeu en toute s\u00e9curit\u00e9.<\/p>\n<ul>\n<li><strong>Options de jeu<\/strong><\/li>\n<\/ul>\n<p>Le site de casino que vous choisirez devra proposer une gamme de jeux, notamment le craps, la roulette, le blackjack, les machines \u00e0 sous, le vid\u00e9o poker et les jeux de table. Le logiciel utilis\u00e9 par le site vous permettra d&rsquo;\u00e9valuer la qualit\u00e9 de l&rsquo;exp\u00e9rience de jeu. Si vous choisissez un site de casino proposant une large gamme de jeux, votre exp\u00e9rience de jeu en ligne sera bien plus agr\u00e9able.<\/p>\n<ul>\n<li><strong>Logiciel de jeu<\/strong><\/li>\n<\/ul>\n<p>Les meilleurs sites de jeux en ligne utilisent un logiciel de jeu performant qui vous plonge dans une ambiance de casino authentique. Il offre des graphismes et un son de la plus haute qualit\u00e9 et est facile d&rsquo;utilisation\u00a0: vous pouvez le t\u00e9l\u00e9charger, l&rsquo;installer et l&rsquo;utiliser sans probl\u00e8me.<\/p>\n<ul>\n<li><strong>Options de d\u00e9p\u00f4t et de retrait<\/strong><\/li>\n<\/ul>\n<p>Il est essentiel de consulter les avis concernant les options de d\u00e9p\u00f4t et de retrait propos\u00e9es par le casino en ligne. Ces options doivent correspondre \u00e0 vos besoins. De nos jours, de nombreux joueurs recherchent une s\u00e9curit\u00e9 accrue lorsqu&rsquo;ils jouent dans les casinos en ligne et souhaitent donc disposer de plusieurs options de d\u00e9p\u00f4t. Les meilleurs sites de jeux proposent diverses options, telles que les cartes de cr\u00e9dit, les virements bancaires, les portefeuilles \u00e9lectroniques comme Neteller et PayPal, les cartes comme Ukash et Paysafecard, et m\u00eame les paiements en cryptomonnaie. Nos pages d&rsquo;\u00e9valuation de casinos vous informent sur la rapidit\u00e9 et la simplicit\u00e9 des d\u00e9p\u00f4ts et retraits. Le casino doit s&rsquo;efforcer de prot\u00e9ger vos informations financi\u00e8res et personnelles en effectuant les transactions via des serveurs s\u00e9curis\u00e9s.<\/p>\n<ul>\n<li><strong>Service client<\/strong><\/li>\n<\/ul>\n<p><span style=\"background-color: transparent;\">Le service client est un crit\u00e8re essentiel avant de choisir un site de casino.<\/span><strong style=\"background-color: transparent;\">casino.<\/strong><span style=\"background-color: transparent;\">Les meilleurs sites proposent un service client convivial disponible 24h\/24 et 7j\/7 par t\u00e9l\u00e9phone, e-mail et chat en direct.<\/span><\/p>\n<p>En cas de doute, optez pour un casino leader du march\u00e9 comme 888 Casino\u00a0: ils r\u00e9pondent \u00e0 tous vos besoins en mati\u00e8re de jeux. <a class=\"thirstylink\" title=\"888 casino en\" href=\"https:\/\/gambling6.com\/go\/888-casino-en\/\" target=\"_blank\" rel=\"nofollow noopener\">Cliquez ici pour visiter 888 d\u00e8s aujourd&rsquo;hui.<\/a><\/p>\n","protected":false},"excerpt":{"rendered":"<p>Nous vous aidons \u00e0 choisir le meilleur site de jeux d&rsquo;argent gr\u00e2ce \u00e0 nos avis Les sites de casino vous permettent de parier sur des jeux de casino ou des \u00e9v\u00e9nements sportifs, ou encore de jouer au poker en ligne. Jouer en ligne vous offre l&rsquo;avantage de jouer depuis chez vous. Vous pouvez ainsi vibrer [&hellip;]<\/p>\n","protected":false},"author":1,"featured_media":0,"parent":8290,"menu_order":0,"comment_status":"closed","ping_status":"closed","template":"","meta":{"footnotes":""},"class_list":["post-8348","page","type-page","status-publish","hentry"],"yoast_head":"<!-- This site is optimized with the Yoast SEO plugin v27.4 - https:\/\/yoast.com\/product\/yoast-seo-wordpress\/ -->\n<title>Avis et tests des sites de casino en ligne recommand\u00e9s<\/title>\n<meta name=\"description\" content=\"Nos \u00e9valuations de sites de casino vous donnent une id\u00e9e de ce qu&#039;il faut rechercher lorsque vous cherchez les meilleurs sites de casino en ligne.\" \/>\n<meta name=\"robots\" content=\"index, follow, max-snippet:-1, max-image-preview:large, max-video-preview:-1\" \/>\n<link rel=\"canonical\" href=\"https:\/\/gambling6.com\/fr\/casino\/avis-sur-les-casinos\/\" \/>\n<meta property=\"og:locale\" content=\"fr_FR\" \/>\n<meta property=\"og:type\" content=\"article\" \/>\n<meta property=\"og:title\" content=\"Avis et tests des sites de casino en ligne recommand\u00e9s\" \/>\n<meta property=\"og:description\" content=\"Nos \u00e9valuations de sites de casino vous donnent une id\u00e9e de ce qu&#039;il faut rechercher lorsque vous cherchez les meilleurs sites de casino en ligne.\" \/>\n<meta property=\"og:url\" content=\"https:\/\/gambling6.com\/fr\/casino\/avis-sur-les-casinos\/\" \/>\n<meta property=\"og:site_name\" content=\"Gambling6\" \/>\n<meta property=\"article:modified_time\" content=\"2025-11-12T06:40:57+00:00\" \/>\n<meta property=\"og:image\" content=\"https:\/\/ic.aff-handler.com\/I\/47965?sr=1064399&amp;anid=\" \/>\n<meta name=\"twitter:card\" content=\"summary_large_image\" \/>\n<meta name=\"twitter:label1\" content=\"Dur\u00e9e de lecture estim\u00e9e\" \/>\n\t<meta name=\"twitter:data1\" content=\"4 minutes\" \/>\n<script type=\"application\/ld+json\" class=\"yoast-schema-graph\">{\"@context\":\"https:\\\/\\\/schema.org\",\"@graph\":[{\"@type\":\"WebPage\",\"@id\":\"https:\\\/\\\/gambling6.com\\\/fr\\\/casino\\\/avis-sur-les-casinos\\\/\",\"url\":\"https:\\\/\\\/gambling6.com\\\/fr\\\/casino\\\/avis-sur-les-casinos\\\/\",\"name\":\"Avis et tests des sites de casino en ligne recommand\u00e9s\",\"isPartOf\":{\"@id\":\"https:\\\/\\\/gambling6.com\\\/fr\\\/#website\"},\"primaryImageOfPage\":{\"@id\":\"https:\\\/\\\/gambling6.com\\\/fr\\\/casino\\\/avis-sur-les-casinos\\\/#primaryimage\"},\"image\":{\"@id\":\"https:\\\/\\\/gambling6.com\\\/fr\\\/casino\\\/avis-sur-les-casinos\\\/#primaryimage\"},\"thumbnailUrl\":\"https:\\\/\\\/ic.aff-handler.com\\\/I\\\/47965?sr=1064399&amp;anid=\",\"datePublished\":\"2025-11-07T11:49:58+00:00\",\"dateModified\":\"2025-11-12T06:40:57+00:00\",\"description\":\"Nos \u00e9valuations de sites de casino vous donnent une id\u00e9e de ce qu'il faut rechercher lorsque vous cherchez les meilleurs sites de casino en ligne.\",\"breadcrumb\":{\"@id\":\"https:\\\/\\\/gambling6.com\\\/fr\\\/casino\\\/avis-sur-les-casinos\\\/#breadcrumb\"},\"inLanguage\":\"fr-FR\",\"potentialAction\":[{\"@type\":\"ReadAction\",\"target\":[\"https:\\\/\\\/gambling6.com\\\/fr\\\/casino\\\/avis-sur-les-casinos\\\/\"]}]},{\"@type\":\"ImageObject\",\"inLanguage\":\"fr-FR\",\"@id\":\"https:\\\/\\\/gambling6.com\\\/fr\\\/casino\\\/avis-sur-les-casinos\\\/#primaryimage\",\"url\":\"https:\\\/\\\/ic.aff-handler.com\\\/I\\\/47965?sr=1064399&amp;anid=\",\"contentUrl\":\"https:\\\/\\\/ic.aff-handler.com\\\/I\\\/47965?sr=1064399&amp;anid=\"},{\"@type\":\"BreadcrumbList\",\"@id\":\"https:\\\/\\\/gambling6.com\\\/fr\\\/casino\\\/avis-sur-les-casinos\\\/#breadcrumb\",\"itemListElement\":[{\"@type\":\"ListItem\",\"position\":1,\"name\":\"Home\",\"item\":\"https:\\\/\\\/gambling6.com\\\/fr\\\/home\\\/\"},{\"@type\":\"ListItem\",\"position\":2,\"name\":\"Casino\",\"item\":\"https:\\\/\\\/gambling6.com\\\/fr\\\/get-started-with-online-gambling\\\/\"},{\"@type\":\"ListItem\",\"position\":3,\"name\":\"Avis sur les casinos\"}]},{\"@type\":\"WebSite\",\"@id\":\"https:\\\/\\\/gambling6.com\\\/fr\\\/#website\",\"url\":\"https:\\\/\\\/gambling6.com\\\/fr\\\/\",\"name\":\"Gambling6\",\"description\":\"\",\"potentialAction\":[{\"@type\":\"SearchAction\",\"target\":{\"@type\":\"EntryPoint\",\"urlTemplate\":\"https:\\\/\\\/gambling6.com\\\/fr\\\/?s={search_term_string}\"},\"query-input\":{\"@type\":\"PropertyValueSpecification\",\"valueRequired\":true,\"valueName\":\"search_term_string\"}}],\"inLanguage\":\"fr-FR\"}]}<\/script>\n<!-- \/ Yoast SEO plugin. -->","yoast_head_json":{"title":"Avis et tests des sites de casino en ligne recommand\u00e9s","description":"Nos \u00e9valuations de sites de casino vous donnent une id\u00e9e de ce qu'il faut rechercher lorsque vous cherchez les meilleurs sites de casino en ligne.","robots":{"index":"index","follow":"follow","max-snippet":"max-snippet:-1","max-image-preview":"max-image-preview:large","max-video-preview":"max-video-preview:-1"},"canonical":"https:\/\/gambling6.com\/fr\/casino\/avis-sur-les-casinos\/","og_locale":"fr_FR","og_type":"article","og_title":"Avis et tests des sites de casino en ligne recommand\u00e9s","og_description":"Nos \u00e9valuations de sites de casino vous donnent une id\u00e9e de ce qu'il faut rechercher lorsque vous cherchez les meilleurs sites de casino en ligne.","og_url":"https:\/\/gambling6.com\/fr\/casino\/avis-sur-les-casinos\/","og_site_name":"Gambling6","article_modified_time":"2025-11-12T06:40:57+00:00","og_image":[{"url":"https:\/\/ic.aff-handler.com\/I\/47965?sr=1064399&amp;anid=","type":"","width":"","height":""}],"twitter_card":"summary_large_image","twitter_misc":{"Dur\u00e9e de lecture estim\u00e9e":"4 minutes"},"schema":{"@context":"https:\/\/schema.org","@graph":[{"@type":"WebPage","@id":"https:\/\/gambling6.com\/fr\/casino\/avis-sur-les-casinos\/","url":"https:\/\/gambling6.com\/fr\/casino\/avis-sur-les-casinos\/","name":"Avis et tests des sites de casino en ligne recommand\u00e9s","isPartOf":{"@id":"https:\/\/gambling6.com\/fr\/#website"},"primaryImageOfPage":{"@id":"https:\/\/gambling6.com\/fr\/casino\/avis-sur-les-casinos\/#primaryimage"},"image":{"@id":"https:\/\/gambling6.com\/fr\/casino\/avis-sur-les-casinos\/#primaryimage"},"thumbnailUrl":"https:\/\/ic.aff-handler.com\/I\/47965?sr=1064399&amp;anid=","datePublished":"2025-11-07T11:49:58+00:00","dateModified":"2025-11-12T06:40:57+00:00","description":"Nos \u00e9valuations de sites de casino vous donnent une id\u00e9e de ce qu'il faut rechercher lorsque vous cherchez les meilleurs sites de casino en ligne.","breadcrumb":{"@id":"https:\/\/gambling6.com\/fr\/casino\/avis-sur-les-casinos\/#breadcrumb"},"inLanguage":"fr-FR","potentialAction":[{"@type":"ReadAction","target":["https:\/\/gambling6.com\/fr\/casino\/avis-sur-les-casinos\/"]}]},{"@type":"ImageObject","inLanguage":"fr-FR","@id":"https:\/\/gambling6.com\/fr\/casino\/avis-sur-les-casinos\/#primaryimage","url":"https:\/\/ic.aff-handler.com\/I\/47965?sr=1064399&amp;anid=","contentUrl":"https:\/\/ic.aff-handler.com\/I\/47965?sr=1064399&amp;anid="},{"@type":"BreadcrumbList","@id":"https:\/\/gambling6.com\/fr\/casino\/avis-sur-les-casinos\/#breadcrumb","itemListElement":[{"@type":"ListItem","position":1,"name":"Home","item":"https:\/\/gambling6.com\/fr\/home\/"},{"@type":"ListItem","position":2,"name":"Casino","item":"https:\/\/gambling6.com\/fr\/get-started-with-online-gambling\/"},{"@type":"ListItem","position":3,"name":"Avis sur les casinos"}]},{"@type":"WebSite","@id":"https:\/\/gambling6.com\/fr\/#website","url":"https:\/\/gambling6.com\/fr\/","name":"Gambling6","description":"","potentialAction":[{"@type":"SearchAction","target":{"@type":"EntryPoint","urlTemplate":"https:\/\/gambling6.com\/fr\/?s={search_term_string}"},"query-input":{"@type":"PropertyValueSpecification","valueRequired":true,"valueName":"search_term_string"}}],"inLanguage":"fr-FR"}]}},"_links":{"self":[{"href":"https:\/\/gambling6.com\/fr\/wp-json\/wp\/v2\/pages\/8348","targetHints":{"allow":["GET"]}}],"collection":[{"href":"https:\/\/gambling6.com\/fr\/wp-json\/wp\/v2\/pages"}],"about":[{"href":"https:\/\/gambling6.com\/fr\/wp-json\/wp\/v2\/types\/page"}],"author":[{"embeddable":true,"href":"https:\/\/gambling6.com\/fr\/wp-json\/wp\/v2\/users\/1"}],"replies":[{"embeddable":true,"href":"https:\/\/gambling6.com\/fr\/wp-json\/wp\/v2\/comments?post=8348"}],"version-history":[{"count":1,"href":"https:\/\/gambling6.com\/fr\/wp-json\/wp\/v2\/pages\/8348\/revisions"}],"predecessor-version":[{"id":10369,"href":"https:\/\/gambling6.com\/fr\/wp-json\/wp\/v2\/pages\/8348\/revisions\/10369"}],"up":[{"embeddable":true,"href":"https:\/\/gambling6.com\/fr\/wp-json\/wp\/v2\/pages\/8290"}],"wp:attachment":[{"href":"https:\/\/gambling6.com\/fr\/wp-json\/wp\/v2\/media?parent=8348"}],"curies":[{"name":"wp","href":"https:\/\/api.w.org\/{rel}","templated":true}]}}