{"id":8372,"date":"2025-11-07T13:14:58","date_gmt":"2025-11-07T13:14:58","guid":{"rendered":"https:\/\/gambling6.com\/casino\/casinos-en-ligne-contre-casinos-terrestres\/"},"modified":"2025-11-07T13:14:58","modified_gmt":"2025-11-07T13:14:58","slug":"casinos-en-ligne-contre-casinos-terrestres","status":"publish","type":"page","link":"https:\/\/gambling6.com\/fr\/casino\/casinos-en-ligne-contre-casinos-terrestres\/","title":{"rendered":"Casinos en ligne contre casinos terrestres"},"content":{"rendered":"<h2>Casinos physiques ou en ligne<\/h2>\n<h3>Chaque type a ses atouts<\/h3>\n<p><img loading=\"lazy\" decoding=\"async\" class=\" wp-image-332 alignright\" src=\"https:\/\/gambling6.com\/wp-content\/uploads\/2013\/12\/phil_ivey-247x300.jpg\" alt=\"casino en direct\" width=\"175\" height=\"213\" srcset=\"https:\/\/gambling6.com\/wp-content\/uploads\/2013\/12\/phil_ivey-247x300.jpg 247w, https:\/\/gambling6.com\/wp-content\/uploads\/2013\/12\/phil_ivey.jpg 250w\" sizes=\"auto, (max-width: 175px) 100vw, 175px\" \/>Les joueurs de casino devraient pouvoir jouer \u00e0 leurs jeux pr\u00e9f\u00e9r\u00e9s de la mani\u00e8re qui leur convient le mieux et qui correspond \u00e0 leur personnalit\u00e9. Certains joueurs privil\u00e9gieront toujours les casinos terrestres pour leur ambiance. Ils aiment interagir avec les autres joueurs, la foule et l&rsquo;animation.<\/p>\n<p>D&rsquo;autres joueurs, en revanche, pr\u00e9f\u00e8rent jouer dans un environnement calme et relaxant o\u00f9 ils ont le contr\u00f4le total. Ces joueurs ont tendance \u00e0 se tourner vers les casinos en ligne. Quel que soit votre choix, vous trouverez forc\u00e9ment votre bonheur, que ce soit dans un casino physique ou en ligne. <\/p>\n<h3>Voici les principales diff\u00e9rences entre les casinos en ligne et les casinos terrestres\u00a0:<\/h3>\n<ul>\n<li>De toute \u00e9vidence, les casinos en ligne et les casinos terrestres offrent des environnements totalement diff\u00e9rents. Dans un casino terrestre, les joueurs peuvent s&rsquo;immerger physiquement dans l&rsquo;exp\u00e9rience. Les casinos en ligne, quant \u00e0 eux, se jouent sur Internet, ce qui permet aux joueurs de jouer \u00e0 leurs jeux pr\u00e9f\u00e9r\u00e9s o\u00f9 qu&rsquo;ils soient\u00a0: \u00e0 la maison, au bureau, ou n&rsquo;importe o\u00f9 ailleurs, pourvu qu&rsquo;ils aient une connexion internet.<\/li>\n<li>Les casinos terrestres proposent des programmes de fid\u00e9lit\u00e9 permettant aux joueurs de gagner des r\u00e9compenses. Ces r\u00e9compenses varient selon les casinos. Les sites de jeux en ligne proposent \u00e9galement leurs propres programmes de fid\u00e9lit\u00e9, appel\u00e9s programmes VIP. Cependant, de nombreux joueurs de casino trouvent que les casinos en ligne ont tendance \u00e0 \u00eatre plus g\u00e9n\u00e9reux car ils n&rsquo;ont pas les m\u00eames frais g\u00e9n\u00e9raux que les casinos terrestres.\n<p>Bien que les casinos terrestres offrent aux joueurs la possibilit\u00e9 de jouer \u00e0 presque tous les jeux de casino qu&rsquo;ils souhaitent, il arrive que les joueurs n&rsquo;aient pas envie de parcourir tout le casino pour passer d&rsquo;une table \u00e0 l&rsquo;autre. Il arrive aussi qu&rsquo;ils veuillent jouer \u00e0 un jeu en particulier, mais qu&rsquo;il n&rsquo;y ait pas de place disponible. En revanche, les casinos en ligne permettent aux joueurs de jouer aux jeux qu&rsquo;ils veulent \u00e0 tout moment, sans avoir \u00e0 se d\u00e9placer ni \u00e0 attendre une place.<\/p>\n<p>Les casinos terrestres peuvent \u00eatre intimidants pour les nouveaux joueurs et ils manquent souvent de ressources gratuites pour les aider \u00e0 apprendre les jeux et les diff\u00e9rentes strat\u00e9gies. Les casinos en ligne permettent aux joueurs de jouer dans un environnement plus rassurant et offrent une multitude de ressources gratuites pour les guider \u00e0 travers les diff\u00e9rents aspects des jeux de casino en ligne.<\/p>\n<p>Quiconque envisage de jouer en ligne devrait commencer par se renseigner sur les casinos utilisant la plateforme Microgaming. Le meilleur d&rsquo;entre eux est sans aucun doute 888 Casino, que vous pouvez visiter en cliquant sur la banni\u00e8re ci-dessous.<\/p>\n<p>Si vous r\u00e9sidez aux \u00c9tats-Unis, BetOnline est la meilleure option pour les jeux de casino en g\u00e9n\u00e9ral ou pour le poker en ligne. <img loading=\"lazy\" decoding=\"async\" class=\"wp-image-7875 aligncenter\" src=\"https:\/\/gambling6.com\/wp-content\/uploads\/2025\/10\/BOL_AQC_banner_468x60_FS1_casino-300x38.gif\" alt=\"Casino BetOnline\" width=\"694\" height=\"88\" \/><\/p>\n","protected":false},"excerpt":{"rendered":"<p>Casinos physiques ou en ligne Chaque type a ses atouts Les joueurs de casino devraient pouvoir jouer \u00e0 leurs jeux pr\u00e9f\u00e9r\u00e9s de la mani\u00e8re qui leur convient le mieux et qui correspond \u00e0 leur personnalit\u00e9. Certains joueurs privil\u00e9gieront toujours les casinos terrestres pour leur ambiance. Ils aiment interagir avec les autres joueurs, la foule et [&hellip;]<\/p>\n","protected":false},"author":1,"featured_media":0,"parent":8290,"menu_order":28,"comment_status":"closed","ping_status":"closed","template":"","meta":{"footnotes":""},"class_list":["post-8372","page","type-page","status-publish","hentry"],"yoast_head":"<!-- This site is optimized with the Yoast SEO plugin v27.3 - https:\/\/yoast.com\/product\/yoast-seo-wordpress\/ -->\n<title>Comparaison des casinos terrestres et en ligne<\/title>\n<meta name=\"description\" content=\"Les casinos en ligne et les casinos terrestres offrent tous deux aux joueurs un excellent moment et de nombreuses opportunit\u00e9s.\" \/>\n<meta name=\"robots\" content=\"index, follow, max-snippet:-1, max-image-preview:large, max-video-preview:-1\" \/>\n<link rel=\"canonical\" href=\"https:\/\/gambling6.com\/fr\/casino\/casinos-en-ligne-contre-casinos-terrestres\/\" \/>\n<meta property=\"og:locale\" content=\"fr_FR\" \/>\n<meta property=\"og:type\" content=\"article\" \/>\n<meta property=\"og:title\" content=\"Comparaison des casinos terrestres et en ligne\" \/>\n<meta property=\"og:description\" content=\"Les casinos en ligne et les casinos terrestres offrent tous deux aux joueurs un excellent moment et de nombreuses opportunit\u00e9s.\" \/>\n<meta property=\"og:url\" content=\"https:\/\/gambling6.com\/fr\/casino\/casinos-en-ligne-contre-casinos-terrestres\/\" \/>\n<meta property=\"og:site_name\" content=\"Gambling6\" \/>\n<meta property=\"og:image\" content=\"https:\/\/gambling6.com\/wp-content\/uploads\/2013\/12\/phil_ivey.jpg\" \/>\n\t<meta property=\"og:image:width\" content=\"250\" \/>\n\t<meta property=\"og:image:height\" content=\"304\" \/>\n\t<meta property=\"og:image:type\" content=\"image\/jpeg\" \/>\n<meta name=\"twitter:card\" content=\"summary_large_image\" \/>\n<meta name=\"twitter:label1\" content=\"Dur\u00e9e de lecture estim\u00e9e\" \/>\n\t<meta name=\"twitter:data1\" content=\"2 minutes\" \/>\n<script type=\"application\/ld+json\" class=\"yoast-schema-graph\">{\"@context\":\"https:\\\/\\\/schema.org\",\"@graph\":[{\"@type\":\"WebPage\",\"@id\":\"https:\\\/\\\/gambling6.com\\\/fr\\\/casino\\\/casinos-en-ligne-contre-casinos-terrestres\\\/\",\"url\":\"https:\\\/\\\/gambling6.com\\\/fr\\\/casino\\\/casinos-en-ligne-contre-casinos-terrestres\\\/\",\"name\":\"Comparaison des casinos terrestres et en ligne\",\"isPartOf\":{\"@id\":\"https:\\\/\\\/gambling6.com\\\/fr\\\/#website\"},\"primaryImageOfPage\":{\"@id\":\"https:\\\/\\\/gambling6.com\\\/fr\\\/casino\\\/casinos-en-ligne-contre-casinos-terrestres\\\/#primaryimage\"},\"image\":{\"@id\":\"https:\\\/\\\/gambling6.com\\\/fr\\\/casino\\\/casinos-en-ligne-contre-casinos-terrestres\\\/#primaryimage\"},\"thumbnailUrl\":\"https:\\\/\\\/gambling6.com\\\/wp-content\\\/uploads\\\/2013\\\/12\\\/phil_ivey-247x300.jpg\",\"datePublished\":\"2025-11-07T13:14:58+00:00\",\"description\":\"Les casinos en ligne et les casinos terrestres offrent tous deux aux joueurs un excellent moment et de nombreuses opportunit\u00e9s.\",\"breadcrumb\":{\"@id\":\"https:\\\/\\\/gambling6.com\\\/fr\\\/casino\\\/casinos-en-ligne-contre-casinos-terrestres\\\/#breadcrumb\"},\"inLanguage\":\"fr-FR\",\"potentialAction\":[{\"@type\":\"ReadAction\",\"target\":[\"https:\\\/\\\/gambling6.com\\\/fr\\\/casino\\\/casinos-en-ligne-contre-casinos-terrestres\\\/\"]}]},{\"@type\":\"ImageObject\",\"inLanguage\":\"fr-FR\",\"@id\":\"https:\\\/\\\/gambling6.com\\\/fr\\\/casino\\\/casinos-en-ligne-contre-casinos-terrestres\\\/#primaryimage\",\"url\":\"https:\\\/\\\/gambling6.com\\\/wp-content\\\/uploads\\\/2013\\\/12\\\/phil_ivey-247x300.jpg\",\"contentUrl\":\"https:\\\/\\\/gambling6.com\\\/wp-content\\\/uploads\\\/2013\\\/12\\\/phil_ivey-247x300.jpg\"},{\"@type\":\"BreadcrumbList\",\"@id\":\"https:\\\/\\\/gambling6.com\\\/fr\\\/casino\\\/casinos-en-ligne-contre-casinos-terrestres\\\/#breadcrumb\",\"itemListElement\":[{\"@type\":\"ListItem\",\"position\":1,\"name\":\"Home\",\"item\":\"https:\\\/\\\/gambling6.com\\\/fr\\\/home\\\/\"},{\"@type\":\"ListItem\",\"position\":2,\"name\":\"Casino\",\"item\":\"https:\\\/\\\/gambling6.com\\\/fr\\\/get-started-with-online-gambling\\\/\"},{\"@type\":\"ListItem\",\"position\":3,\"name\":\"Casinos en ligne contre casinos terrestres\"}]},{\"@type\":\"WebSite\",\"@id\":\"https:\\\/\\\/gambling6.com\\\/fr\\\/#website\",\"url\":\"https:\\\/\\\/gambling6.com\\\/fr\\\/\",\"name\":\"Gambling6\",\"description\":\"\",\"potentialAction\":[{\"@type\":\"SearchAction\",\"target\":{\"@type\":\"EntryPoint\",\"urlTemplate\":\"https:\\\/\\\/gambling6.com\\\/fr\\\/?s={search_term_string}\"},\"query-input\":{\"@type\":\"PropertyValueSpecification\",\"valueRequired\":true,\"valueName\":\"search_term_string\"}}],\"inLanguage\":\"fr-FR\"}]}<\/script>\n<!-- \/ Yoast SEO plugin. -->","yoast_head_json":{"title":"Comparaison des casinos terrestres et en ligne","description":"Les casinos en ligne et les casinos terrestres offrent tous deux aux joueurs un excellent moment et de nombreuses opportunit\u00e9s.","robots":{"index":"index","follow":"follow","max-snippet":"max-snippet:-1","max-image-preview":"max-image-preview:large","max-video-preview":"max-video-preview:-1"},"canonical":"https:\/\/gambling6.com\/fr\/casino\/casinos-en-ligne-contre-casinos-terrestres\/","og_locale":"fr_FR","og_type":"article","og_title":"Comparaison des casinos terrestres et en ligne","og_description":"Les casinos en ligne et les casinos terrestres offrent tous deux aux joueurs un excellent moment et de nombreuses opportunit\u00e9s.","og_url":"https:\/\/gambling6.com\/fr\/casino\/casinos-en-ligne-contre-casinos-terrestres\/","og_site_name":"Gambling6","og_image":[{"width":250,"height":304,"url":"https:\/\/gambling6.com\/wp-content\/uploads\/2013\/12\/phil_ivey.jpg","type":"image\/jpeg"}],"twitter_card":"summary_large_image","twitter_misc":{"Dur\u00e9e de lecture estim\u00e9e":"2 minutes"},"schema":{"@context":"https:\/\/schema.org","@graph":[{"@type":"WebPage","@id":"https:\/\/gambling6.com\/fr\/casino\/casinos-en-ligne-contre-casinos-terrestres\/","url":"https:\/\/gambling6.com\/fr\/casino\/casinos-en-ligne-contre-casinos-terrestres\/","name":"Comparaison des casinos terrestres et en ligne","isPartOf":{"@id":"https:\/\/gambling6.com\/fr\/#website"},"primaryImageOfPage":{"@id":"https:\/\/gambling6.com\/fr\/casino\/casinos-en-ligne-contre-casinos-terrestres\/#primaryimage"},"image":{"@id":"https:\/\/gambling6.com\/fr\/casino\/casinos-en-ligne-contre-casinos-terrestres\/#primaryimage"},"thumbnailUrl":"https:\/\/gambling6.com\/wp-content\/uploads\/2013\/12\/phil_ivey-247x300.jpg","datePublished":"2025-11-07T13:14:58+00:00","description":"Les casinos en ligne et les casinos terrestres offrent tous deux aux joueurs un excellent moment et de nombreuses opportunit\u00e9s.","breadcrumb":{"@id":"https:\/\/gambling6.com\/fr\/casino\/casinos-en-ligne-contre-casinos-terrestres\/#breadcrumb"},"inLanguage":"fr-FR","potentialAction":[{"@type":"ReadAction","target":["https:\/\/gambling6.com\/fr\/casino\/casinos-en-ligne-contre-casinos-terrestres\/"]}]},{"@type":"ImageObject","inLanguage":"fr-FR","@id":"https:\/\/gambling6.com\/fr\/casino\/casinos-en-ligne-contre-casinos-terrestres\/#primaryimage","url":"https:\/\/gambling6.com\/wp-content\/uploads\/2013\/12\/phil_ivey-247x300.jpg","contentUrl":"https:\/\/gambling6.com\/wp-content\/uploads\/2013\/12\/phil_ivey-247x300.jpg"},{"@type":"BreadcrumbList","@id":"https:\/\/gambling6.com\/fr\/casino\/casinos-en-ligne-contre-casinos-terrestres\/#breadcrumb","itemListElement":[{"@type":"ListItem","position":1,"name":"Home","item":"https:\/\/gambling6.com\/fr\/home\/"},{"@type":"ListItem","position":2,"name":"Casino","item":"https:\/\/gambling6.com\/fr\/get-started-with-online-gambling\/"},{"@type":"ListItem","position":3,"name":"Casinos en ligne contre casinos terrestres"}]},{"@type":"WebSite","@id":"https:\/\/gambling6.com\/fr\/#website","url":"https:\/\/gambling6.com\/fr\/","name":"Gambling6","description":"","potentialAction":[{"@type":"SearchAction","target":{"@type":"EntryPoint","urlTemplate":"https:\/\/gambling6.com\/fr\/?s={search_term_string}"},"query-input":{"@type":"PropertyValueSpecification","valueRequired":true,"valueName":"search_term_string"}}],"inLanguage":"fr-FR"}]}},"_links":{"self":[{"href":"https:\/\/gambling6.com\/fr\/wp-json\/wp\/v2\/pages\/8372","targetHints":{"allow":["GET"]}}],"collection":[{"href":"https:\/\/gambling6.com\/fr\/wp-json\/wp\/v2\/pages"}],"about":[{"href":"https:\/\/gambling6.com\/fr\/wp-json\/wp\/v2\/types\/page"}],"author":[{"embeddable":true,"href":"https:\/\/gambling6.com\/fr\/wp-json\/wp\/v2\/users\/1"}],"replies":[{"embeddable":true,"href":"https:\/\/gambling6.com\/fr\/wp-json\/wp\/v2\/comments?post=8372"}],"version-history":[{"count":0,"href":"https:\/\/gambling6.com\/fr\/wp-json\/wp\/v2\/pages\/8372\/revisions"}],"up":[{"embeddable":true,"href":"https:\/\/gambling6.com\/fr\/wp-json\/wp\/v2\/pages\/8290"}],"wp:attachment":[{"href":"https:\/\/gambling6.com\/fr\/wp-json\/wp\/v2\/media?parent=8372"}],"curies":[{"name":"wp","href":"https:\/\/api.w.org\/{rel}","templated":true}]}}