{"id":8396,"date":"2025-11-07T16:01:51","date_gmt":"2025-11-07T16:01:51","guid":{"rendered":"https:\/\/gambling6.com\/casino\/cinq-raisons-principales-de-sinscrire-dans-un-casino-en-ligne\/"},"modified":"2025-11-12T08:36:28","modified_gmt":"2025-11-12T08:36:28","slug":"cinq-raisons-principales-de-sinscrire-dans-un-casino-en-ligne","status":"publish","type":"page","link":"https:\/\/gambling6.com\/fr\/casino\/cinq-raisons-principales-de-sinscrire-dans-un-casino-en-ligne\/","title":{"rendered":"Cinq raisons principales de s&rsquo;inscrire dans un casino en ligne"},"content":{"rendered":"<h2>Pourquoi jouer dans un casino en ligne\u00a0?<\/h2>\n<h2>Les casinos en ligne offrent de nombreux avantages.<\/h2>\n<p><img loading=\"lazy\" decoding=\"async\" class=\"size-medium wp-image-318 alignright\" src=\"https:\/\/gambling6.com\/wp-content\/uploads\/2013\/12\/classic-casino-games-300x179.jpg\" alt=\"casino en ligne\" width=\"300\" height=\"179\" srcset=\"https:\/\/gambling6.com\/wp-content\/uploads\/2013\/12\/classic-casino-games-300x179.jpg 300w, https:\/\/gambling6.com\/wp-content\/uploads\/2013\/12\/classic-casino-games.jpg 612w\" sizes=\"auto, (max-width: 300px) 100vw, 300px\" \/>Chaque joueur de casino en ligne a ses propres raisons de jouer sur Internet. Cependant, certaines sont plus courantes. En choisissant de jouer en ligne, les joueurs d\u00e9couvrent un tout nouveau monde. Les casinos en ligne proposent une grande vari\u00e9t\u00e9 de styles, permettant \u00e0 chacun de trouver celui qui lui convient.<\/p>\n<p>Avec notre casino en ligne pr\u00e9f\u00e9r\u00e9, 888, vous \u00eates s\u00fbr de faire le bon choix. <a class=\"thirstylink\" title=\"888 casino en\" href=\"https:\/\/gambling6.com\/go\/888-casino-en\/\" target=\"_blank\" rel=\"nofollow noopener\">Ce lien vous m\u00e8nera vers leur site web et vous garantit un bonus attractif pouvant atteindre 1\u00a0500\u00a0\u20ac.<\/a><\/p>\n<h2>Voici cinq des principales raisons pour lesquelles la plupart des joueurs s&rsquo;inscrivent dans un casino en ligne\u00a0:<\/h2>\n<ol>\n<li>L&rsquo;une des principales raisons de s&rsquo;inscrire dans un casino en ligne est la pr\u00e9sence de bonus. Il existe de nombreux types de bonus, et chaque casino propose \u00e0 ses joueurs ceux qu&rsquo;il juge appropri\u00e9s. Certains bonus peuvent \u00eatre tr\u00e8s avantageux et m\u00eame offrir aux joueurs la possibilit\u00e9 de gagner des centaines, voire des milliers d&rsquo;euros gratuitement. Parmi les bonus les plus courants propos\u00e9s par les casinos en ligne, on trouve les bonus de bienvenue, les bonus de recharge, les bonus de jeu et les bonus de parrainage. Les joueurs souhaitent consulter les conditions des bonus afin de savoir comment y \u00eatre \u00e9ligibles et ce qu&rsquo;ils doivent faire exactement pour les d\u00e9bloquer.Une autre raison majeure pour laquelle de nombreux joueurs rejoignent les casinos en ligne est le nombre de jeux auxquels ils peuvent jouer au m\u00eame endroit. Lorsqu&rsquo;ils se rendent sur l&rsquo;un des casinos en ligne populaires, les joueurs peuvent passer d&rsquo;un jeu \u00e0 l&rsquo;autre sans quitter leur place. Ils n&rsquo;ont pas \u00e0 se soucier d&rsquo;attendre qu&rsquo;une place se lib\u00e8re ni des autres d\u00e9sagr\u00e9ments li\u00e9s aux casinos terrestres. Les jeux sont facilement accessibles et disponibles en permanence, \u00e0 condition que le joueur ait choisi l&rsquo;un des casinos les plus populaires.Un autre avantage pour de nombreux joueurs est d&rsquo;ordre financier. Les joueurs qui fr\u00e9quentent les casinos en ligne n&rsquo;ont pas \u00e0 payer l&rsquo;essence, les billets, l&rsquo;h\u00e9bergement, les repas au restaurant ni aucune autre d\u00e9pense li\u00e9e \u00e0 un d\u00e9placement dans un casino terrestre. Ils disposent ainsi de plus d&rsquo;argent \u00e0 consacrer aux jeux, ce qui est toujours un atout.\n<p>Certains joueurs m\u00e8nent une vie tr\u00e9pidante et active. Cela signifie qu&rsquo;il leur sera peut-\u00eatre tr\u00e8s difficile de se rendre dans les casinos terrestres. Cependant, les casinos en ligne sont toujours l\u00e0 pour eux. M\u00eame s&rsquo;ils ne peuvent se connecter que quelques minutes par jour, ils pourront au moins jouer un peu en s&rsquo;inscrivant sur un casino en ligne.<\/p>\n<p>Un autre avantage ind\u00e9niable des casinos en ligne est que les joueurs ont un contr\u00f4le total sur leur exp\u00e9rience de jeu. Ils choisissent le casino, les bonus, les promotions et les jeux, et peuvent personnaliser de nombreux aspects des diff\u00e9rents jeux de casino en ligne.<\/p>\n<p>Toute personne \u00e0 la recherche d&rsquo;un bon casino en ligne, s\u00fbr et simple d&rsquo;utilisation, voudra consulter les avis et trouver un casino utilisant un logiciel fiable, offrant un excellent service client et proposant une large s\u00e9lection de jeux.<\/li>\n<\/ol>\n","protected":false},"excerpt":{"rendered":"<p>Pourquoi jouer dans un casino en ligne\u00a0? Les casinos en ligne offrent de nombreux avantages. Chaque joueur de casino en ligne a ses propres raisons de jouer sur Internet. Cependant, certaines sont plus courantes. En choisissant de jouer en ligne, les joueurs d\u00e9couvrent un tout nouveau monde. Les casinos en ligne proposent une grande vari\u00e9t\u00e9 [&hellip;]<\/p>\n","protected":false},"author":1,"featured_media":0,"parent":8290,"menu_order":30,"comment_status":"closed","ping_status":"closed","template":"","meta":{"footnotes":""},"class_list":["post-8396","page","type-page","status-publish","hentry"],"yoast_head":"<!-- This site is optimized with the Yoast SEO plugin v27.4 - https:\/\/yoast.com\/product\/yoast-seo-wordpress\/ -->\n<title>Raisons de s&#039;inscrire dans un casino en ligne<\/title>\n<meta name=\"description\" content=\"Les casinos en ligne ont \u00e9norm\u00e9ment \u00e0 offrir aux joueurs en qu\u00eate de divertissement et de nombreuses chances de repartir gagnants.\" \/>\n<meta name=\"robots\" content=\"index, follow, max-snippet:-1, max-image-preview:large, max-video-preview:-1\" \/>\n<link rel=\"canonical\" href=\"https:\/\/gambling6.com\/fr\/casino\/cinq-raisons-principales-de-sinscrire-dans-un-casino-en-ligne\/\" \/>\n<meta property=\"og:locale\" content=\"fr_FR\" \/>\n<meta property=\"og:type\" content=\"article\" \/>\n<meta property=\"og:title\" content=\"Raisons de s&#039;inscrire dans un casino en ligne\" \/>\n<meta property=\"og:description\" content=\"Les casinos en ligne ont \u00e9norm\u00e9ment \u00e0 offrir aux joueurs en qu\u00eate de divertissement et de nombreuses chances de repartir gagnants.\" \/>\n<meta property=\"og:url\" content=\"https:\/\/gambling6.com\/fr\/casino\/cinq-raisons-principales-de-sinscrire-dans-un-casino-en-ligne\/\" \/>\n<meta property=\"og:site_name\" content=\"Gambling6\" \/>\n<meta property=\"article:modified_time\" content=\"2025-11-12T08:36:28+00:00\" \/>\n<meta property=\"og:image\" content=\"https:\/\/gambling6.com\/wp-content\/uploads\/2013\/12\/classic-casino-games.jpg\" \/>\n\t<meta property=\"og:image:width\" content=\"612\" \/>\n\t<meta property=\"og:image:height\" content=\"366\" \/>\n\t<meta property=\"og:image:type\" content=\"image\/jpeg\" \/>\n<meta name=\"twitter:card\" content=\"summary_large_image\" \/>\n<meta name=\"twitter:label1\" content=\"Dur\u00e9e de lecture estim\u00e9e\" \/>\n\t<meta name=\"twitter:data1\" content=\"3 minutes\" \/>\n<script type=\"application\/ld+json\" class=\"yoast-schema-graph\">{\"@context\":\"https:\\\/\\\/schema.org\",\"@graph\":[{\"@type\":\"WebPage\",\"@id\":\"https:\\\/\\\/gambling6.com\\\/fr\\\/casino\\\/cinq-raisons-principales-de-sinscrire-dans-un-casino-en-ligne\\\/\",\"url\":\"https:\\\/\\\/gambling6.com\\\/fr\\\/casino\\\/cinq-raisons-principales-de-sinscrire-dans-un-casino-en-ligne\\\/\",\"name\":\"Raisons de s'inscrire dans un casino en ligne\",\"isPartOf\":{\"@id\":\"https:\\\/\\\/gambling6.com\\\/fr\\\/#website\"},\"primaryImageOfPage\":{\"@id\":\"https:\\\/\\\/gambling6.com\\\/fr\\\/casino\\\/cinq-raisons-principales-de-sinscrire-dans-un-casino-en-ligne\\\/#primaryimage\"},\"image\":{\"@id\":\"https:\\\/\\\/gambling6.com\\\/fr\\\/casino\\\/cinq-raisons-principales-de-sinscrire-dans-un-casino-en-ligne\\\/#primaryimage\"},\"thumbnailUrl\":\"https:\\\/\\\/gambling6.com\\\/wp-content\\\/uploads\\\/2013\\\/12\\\/classic-casino-games-300x179.jpg\",\"datePublished\":\"2025-11-07T16:01:51+00:00\",\"dateModified\":\"2025-11-12T08:36:28+00:00\",\"description\":\"Les casinos en ligne ont \u00e9norm\u00e9ment \u00e0 offrir aux joueurs en qu\u00eate de divertissement et de nombreuses chances de repartir gagnants.\",\"breadcrumb\":{\"@id\":\"https:\\\/\\\/gambling6.com\\\/fr\\\/casino\\\/cinq-raisons-principales-de-sinscrire-dans-un-casino-en-ligne\\\/#breadcrumb\"},\"inLanguage\":\"fr-FR\",\"potentialAction\":[{\"@type\":\"ReadAction\",\"target\":[\"https:\\\/\\\/gambling6.com\\\/fr\\\/casino\\\/cinq-raisons-principales-de-sinscrire-dans-un-casino-en-ligne\\\/\"]}]},{\"@type\":\"ImageObject\",\"inLanguage\":\"fr-FR\",\"@id\":\"https:\\\/\\\/gambling6.com\\\/fr\\\/casino\\\/cinq-raisons-principales-de-sinscrire-dans-un-casino-en-ligne\\\/#primaryimage\",\"url\":\"https:\\\/\\\/gambling6.com\\\/wp-content\\\/uploads\\\/2013\\\/12\\\/classic-casino-games-300x179.jpg\",\"contentUrl\":\"https:\\\/\\\/gambling6.com\\\/wp-content\\\/uploads\\\/2013\\\/12\\\/classic-casino-games-300x179.jpg\"},{\"@type\":\"BreadcrumbList\",\"@id\":\"https:\\\/\\\/gambling6.com\\\/fr\\\/casino\\\/cinq-raisons-principales-de-sinscrire-dans-un-casino-en-ligne\\\/#breadcrumb\",\"itemListElement\":[{\"@type\":\"ListItem\",\"position\":1,\"name\":\"Home\",\"item\":\"https:\\\/\\\/gambling6.com\\\/fr\\\/home\\\/\"},{\"@type\":\"ListItem\",\"position\":2,\"name\":\"Casino\",\"item\":\"https:\\\/\\\/gambling6.com\\\/fr\\\/get-started-with-online-gambling\\\/\"},{\"@type\":\"ListItem\",\"position\":3,\"name\":\"Cinq raisons principales de s&rsquo;inscrire dans un casino en ligne\"}]},{\"@type\":\"WebSite\",\"@id\":\"https:\\\/\\\/gambling6.com\\\/fr\\\/#website\",\"url\":\"https:\\\/\\\/gambling6.com\\\/fr\\\/\",\"name\":\"Gambling6\",\"description\":\"\",\"potentialAction\":[{\"@type\":\"SearchAction\",\"target\":{\"@type\":\"EntryPoint\",\"urlTemplate\":\"https:\\\/\\\/gambling6.com\\\/fr\\\/?s={search_term_string}\"},\"query-input\":{\"@type\":\"PropertyValueSpecification\",\"valueRequired\":true,\"valueName\":\"search_term_string\"}}],\"inLanguage\":\"fr-FR\"}]}<\/script>\n<!-- \/ Yoast SEO plugin. -->","yoast_head_json":{"title":"Raisons de s'inscrire dans un casino en ligne","description":"Les casinos en ligne ont \u00e9norm\u00e9ment \u00e0 offrir aux joueurs en qu\u00eate de divertissement et de nombreuses chances de repartir gagnants.","robots":{"index":"index","follow":"follow","max-snippet":"max-snippet:-1","max-image-preview":"max-image-preview:large","max-video-preview":"max-video-preview:-1"},"canonical":"https:\/\/gambling6.com\/fr\/casino\/cinq-raisons-principales-de-sinscrire-dans-un-casino-en-ligne\/","og_locale":"fr_FR","og_type":"article","og_title":"Raisons de s'inscrire dans un casino en ligne","og_description":"Les casinos en ligne ont \u00e9norm\u00e9ment \u00e0 offrir aux joueurs en qu\u00eate de divertissement et de nombreuses chances de repartir gagnants.","og_url":"https:\/\/gambling6.com\/fr\/casino\/cinq-raisons-principales-de-sinscrire-dans-un-casino-en-ligne\/","og_site_name":"Gambling6","article_modified_time":"2025-11-12T08:36:28+00:00","og_image":[{"width":612,"height":366,"url":"https:\/\/gambling6.com\/wp-content\/uploads\/2013\/12\/classic-casino-games.jpg","type":"image\/jpeg"}],"twitter_card":"summary_large_image","twitter_misc":{"Dur\u00e9e de lecture estim\u00e9e":"3 minutes"},"schema":{"@context":"https:\/\/schema.org","@graph":[{"@type":"WebPage","@id":"https:\/\/gambling6.com\/fr\/casino\/cinq-raisons-principales-de-sinscrire-dans-un-casino-en-ligne\/","url":"https:\/\/gambling6.com\/fr\/casino\/cinq-raisons-principales-de-sinscrire-dans-un-casino-en-ligne\/","name":"Raisons de s'inscrire dans un casino en ligne","isPartOf":{"@id":"https:\/\/gambling6.com\/fr\/#website"},"primaryImageOfPage":{"@id":"https:\/\/gambling6.com\/fr\/casino\/cinq-raisons-principales-de-sinscrire-dans-un-casino-en-ligne\/#primaryimage"},"image":{"@id":"https:\/\/gambling6.com\/fr\/casino\/cinq-raisons-principales-de-sinscrire-dans-un-casino-en-ligne\/#primaryimage"},"thumbnailUrl":"https:\/\/gambling6.com\/wp-content\/uploads\/2013\/12\/classic-casino-games-300x179.jpg","datePublished":"2025-11-07T16:01:51+00:00","dateModified":"2025-11-12T08:36:28+00:00","description":"Les casinos en ligne ont \u00e9norm\u00e9ment \u00e0 offrir aux joueurs en qu\u00eate de divertissement et de nombreuses chances de repartir gagnants.","breadcrumb":{"@id":"https:\/\/gambling6.com\/fr\/casino\/cinq-raisons-principales-de-sinscrire-dans-un-casino-en-ligne\/#breadcrumb"},"inLanguage":"fr-FR","potentialAction":[{"@type":"ReadAction","target":["https:\/\/gambling6.com\/fr\/casino\/cinq-raisons-principales-de-sinscrire-dans-un-casino-en-ligne\/"]}]},{"@type":"ImageObject","inLanguage":"fr-FR","@id":"https:\/\/gambling6.com\/fr\/casino\/cinq-raisons-principales-de-sinscrire-dans-un-casino-en-ligne\/#primaryimage","url":"https:\/\/gambling6.com\/wp-content\/uploads\/2013\/12\/classic-casino-games-300x179.jpg","contentUrl":"https:\/\/gambling6.com\/wp-content\/uploads\/2013\/12\/classic-casino-games-300x179.jpg"},{"@type":"BreadcrumbList","@id":"https:\/\/gambling6.com\/fr\/casino\/cinq-raisons-principales-de-sinscrire-dans-un-casino-en-ligne\/#breadcrumb","itemListElement":[{"@type":"ListItem","position":1,"name":"Home","item":"https:\/\/gambling6.com\/fr\/home\/"},{"@type":"ListItem","position":2,"name":"Casino","item":"https:\/\/gambling6.com\/fr\/get-started-with-online-gambling\/"},{"@type":"ListItem","position":3,"name":"Cinq raisons principales de s&rsquo;inscrire dans un casino en ligne"}]},{"@type":"WebSite","@id":"https:\/\/gambling6.com\/fr\/#website","url":"https:\/\/gambling6.com\/fr\/","name":"Gambling6","description":"","potentialAction":[{"@type":"SearchAction","target":{"@type":"EntryPoint","urlTemplate":"https:\/\/gambling6.com\/fr\/?s={search_term_string}"},"query-input":{"@type":"PropertyValueSpecification","valueRequired":true,"valueName":"search_term_string"}}],"inLanguage":"fr-FR"}]}},"_links":{"self":[{"href":"https:\/\/gambling6.com\/fr\/wp-json\/wp\/v2\/pages\/8396","targetHints":{"allow":["GET"]}}],"collection":[{"href":"https:\/\/gambling6.com\/fr\/wp-json\/wp\/v2\/pages"}],"about":[{"href":"https:\/\/gambling6.com\/fr\/wp-json\/wp\/v2\/types\/page"}],"author":[{"embeddable":true,"href":"https:\/\/gambling6.com\/fr\/wp-json\/wp\/v2\/users\/1"}],"replies":[{"embeddable":true,"href":"https:\/\/gambling6.com\/fr\/wp-json\/wp\/v2\/comments?post=8396"}],"version-history":[{"count":1,"href":"https:\/\/gambling6.com\/fr\/wp-json\/wp\/v2\/pages\/8396\/revisions"}],"predecessor-version":[{"id":10411,"href":"https:\/\/gambling6.com\/fr\/wp-json\/wp\/v2\/pages\/8396\/revisions\/10411"}],"up":[{"embeddable":true,"href":"https:\/\/gambling6.com\/fr\/wp-json\/wp\/v2\/pages\/8290"}],"wp:attachment":[{"href":"https:\/\/gambling6.com\/fr\/wp-json\/wp\/v2\/media?parent=8396"}],"curies":[{"name":"wp","href":"https:\/\/api.w.org\/{rel}","templated":true}]}}