{"id":8432,"date":"2025-11-07T17:37:40","date_gmt":"2025-11-07T17:37:40","guid":{"rendered":"https:\/\/gambling6.com\/conseils-sur-les-meilleurs-sites-de-bingo\/"},"modified":"2025-11-12T12:04:41","modified_gmt":"2025-11-12T12:04:41","slug":"conseils-sur-les-meilleurs-sites-de-bingo","status":"publish","type":"page","link":"https:\/\/gambling6.com\/fr\/bingo\/conseils-sur-les-meilleurs-sites-de-bingo\/","title":{"rendered":"Conseils sur les meilleurs sites de bingo"},"content":{"rendered":"<h2>Choisir un site de bingo<\/h2>\n<p>Le bingo est un jeu passionnant qui demande beaucoup moins d&rsquo;habilet\u00e9 que des jeux comme le blackjack ou le poker. Sa simplicit\u00e9 attire de nombreuses personnes. Il n&rsquo;est pas n\u00e9cessaire d&rsquo;apprendre de r\u00e8gles ou de strat\u00e9gies compliqu\u00e9es. De plus, jouer au bingo est \u00e9conomique. De nombreux sites proposent ce jeu en ligne. Vous pouvez vous inscrire et jouer m\u00eame avec une somme modique. <img loading=\"lazy\" decoding=\"async\" class=\" alignright size-full wp-image-213\" style=\"margin: 5px; float: right;\" src=\"http:\/\/gambling6.com\/wp-content\/uploads\/2013\/12\/img_110.png\" alt=\"choisir le meilleur site de bingo\" width=\"288\" height=\"175\" \/><\/p>\n<p>Avec autant de sites de bingo disponibles, trouver le meilleur site de bingo en ligne peut s&rsquo;av\u00e9rer complexe. Il est donc conseill\u00e9 de prendre en compte les crit\u00e8res essentiels et de d\u00e9terminer si un site vous convient.<\/p>\n<ul>\n<li><strong>R\u00e9putation et exp\u00e9rience<\/strong><\/li>\n<\/ul>\n<p>Assurez-vous de choisir un site de bingo \u00e9tabli depuis longtemps et jouissant d&rsquo;une excellente r\u00e9putation pour la qualit\u00e9 de son exp\u00e9rience de jeu. Vous pouvez le v\u00e9rifier en consultant les avis de joueurs professionnels et de joueurs r\u00e9els. Un site de bingo fr\u00e9quent\u00e9 par de nombreux joueurs est g\u00e9n\u00e9ralement fiable, car les joueurs pr\u00e9f\u00e8rent quitter un site qui ne leur offre pas une exp\u00e9rience de jeu agr\u00e9able.<\/p>\n<p><a href=\"https:\/\/record.revenueplanet.com\/_BoBybWC_aAPUOsjNOfgKefwM06wa-Rwt\/1\/\" target=\"_new\"><img loading=\"lazy\" decoding=\"async\" class=\"aligncenter\" style=\"border: none;\" src=\"https:\/\/media.revenueplanet.com\/uploads\/nbb-468x60-nov-generic.gif\" alt=\"BingoBilly Free Bingo\" width=\"686\" height=\"88\" \/><\/a><\/p>\n<ul>\n<li><strong>Jeux propos\u00e9s<\/strong><\/li>\n<\/ul>\n<p>Le site que vous souhaitez choisir doit proposer une large gamme de jeux. Le <strong>Bingo<\/strong> se d\u00e9cline sous diff\u00e9rentes formes. Le bingo \u00e0 90 boules, \u00e0 80 boules, \u00e0 75 boules, le mini, le quickie, le coverall, le bonanza et le pattern sont quelques-unes des variantes populaires. Choisir un site qui propose toutes ces variantes vous permettra de jouer sans vous ennuyer.<\/p>\n<ul>\n<li><strong>Bonus<\/strong><\/li>\n<\/ul>\n<p>Bien qu&rsquo;il ne soit pas conseill\u00e9 de choisir un site de jeux uniquement en fonction du bonus offert, le site proposant le bonus le plus \u00e9lev\u00e9 n&rsquo;est pas forc\u00e9ment le meilleur site de bingo pour vous. Des fonctionnalit\u00e9s utiles et une grande vari\u00e9t\u00e9 de jeux sont sans aucun doute des aspects plus importants. La plupart des sites de bingo offrent un bonus de bienvenue. Une fois votre premier d\u00e9p\u00f4t effectu\u00e9, le montant du bonus de bienvenue sera automatiquement cr\u00e9dit\u00e9 sur votre compte. Vous pouvez utiliser ce bonus pour jouer davantage. Assurez-vous de lire les conditions g\u00e9n\u00e9rales associ\u00e9es au bonus. G\u00e9n\u00e9ralement, le bonus doit \u00eatre utilis\u00e9 dans un d\u00e9lai d&rsquo;un mois.<\/p>\n<ul>\n<li><strong>M\u00e9thodes de d\u00e9p\u00f4t et de retrait<\/strong><\/li>\n<\/ul>\n<p>Les meilleurs sites de bingo proposent diverses m\u00e9thodes de d\u00e9p\u00f4t afin que vous puissiez choisir celle qui vous convient le mieux. Ils offrent \u00e9galement un large choix d&rsquo;options pour retirer vos gains. La cr\u00e9ation d&rsquo;un compte est simple. Vous pouvez facilement remplir leur formulaire d&rsquo;inscription en ligne et renseigner vos informations bancaires.<\/p>\n<ul>\n<li><strong>Service client<\/strong><\/li>\n<\/ul>\n<p>Vous pouvez v\u00e9rifier si le site de jeux offre un service client de qualit\u00e9. Les meilleurs sites disposent d&rsquo;une \u00e9quipe d&rsquo;assistance comp\u00e9tente qui r\u00e9pond \u00e0 vos questions et r\u00e9sout vos probl\u00e8mes rapidement. Que vous rencontriez des difficult\u00e9s pour ouvrir un compte ou retirer vos gains, leur assistance est disponible \u00e0 tout moment. Ils proposent un chat en direct, une assistance t\u00e9l\u00e9phonique et par e-mail pour r\u00e9pondre \u00e0 vos questions de mani\u00e8re professionnelle.<\/p>\n<p>Prendre en compte tous ces \u00e9l\u00e9ments vous aidera \u00e0 choisir un excellent site de bingo en ligne. Personnellement, nous appr\u00e9cions Bingo Billy. M\u00eame si vous r\u00e9sidez aux \u00c9tats-Unis, vous pouvez jouer sur <a class=\"thirstylink\" title=\"Bingo Billy en\" href=\"https:\/\/gambling6.com\/go\/bingobilly-en\/\" target=\"_blank\" rel=\"nofollow noopener\">Bingo Billy. Suivez ce lien pour acc\u00e9der \u00e0 leur site web.<\/a><\/p>\n","protected":false},"excerpt":{"rendered":"<p>Choisir un site de bingo Le bingo est un jeu passionnant qui demande beaucoup moins d&rsquo;habilet\u00e9 que des jeux comme le blackjack ou le poker. Sa simplicit\u00e9 attire de nombreuses personnes. Il n&rsquo;est pas n\u00e9cessaire d&rsquo;apprendre de r\u00e8gles ou de strat\u00e9gies compliqu\u00e9es. De plus, jouer au bingo est \u00e9conomique. De nombreux sites proposent ce jeu [&hellip;]<\/p>\n","protected":false},"author":1,"featured_media":214,"parent":8498,"menu_order":5,"comment_status":"closed","ping_status":"closed","template":"","meta":{"footnotes":""},"class_list":["post-8432","page","type-page","status-publish","has-post-thumbnail","hentry"],"yoast_head":"<!-- This site is optimized with the Yoast SEO plugin v27.4 - https:\/\/yoast.com\/product\/yoast-seo-wordpress\/ -->\n<title>Conseils pour le bingo - Quels sont les meilleurs sites de bingo ?<\/title>\n<meta name=\"description\" content=\"Choisir le meilleur site de bingo est important, mais lequel choisir\u00a0? Trouvez les r\u00e9ponses ici.\" \/>\n<meta name=\"robots\" content=\"index, follow, max-snippet:-1, max-image-preview:large, max-video-preview:-1\" \/>\n<link rel=\"canonical\" href=\"https:\/\/gambling6.com\/fr\/bingo\/conseils-sur-les-meilleurs-sites-de-bingo\/\" \/>\n<meta property=\"og:locale\" content=\"fr_FR\" \/>\n<meta property=\"og:type\" content=\"article\" \/>\n<meta property=\"og:title\" content=\"Conseils pour le bingo - Quels sont les meilleurs sites de bingo ?\" \/>\n<meta property=\"og:description\" content=\"Choisir le meilleur site de bingo est important, mais lequel choisir\u00a0? Trouvez les r\u00e9ponses ici.\" \/>\n<meta property=\"og:url\" content=\"https:\/\/gambling6.com\/fr\/bingo\/conseils-sur-les-meilleurs-sites-de-bingo\/\" \/>\n<meta property=\"og:site_name\" content=\"Gambling6\" \/>\n<meta property=\"article:modified_time\" content=\"2025-11-12T12:04:41+00:00\" \/>\n<meta property=\"og:image\" content=\"https:\/\/gambling6.com\/wp-content\/uploads\/2013\/12\/img_110.png\" \/>\n\t<meta property=\"og:image:width\" content=\"288\" \/>\n\t<meta property=\"og:image:height\" content=\"175\" \/>\n\t<meta property=\"og:image:type\" content=\"image\/png\" \/>\n<meta name=\"twitter:card\" content=\"summary_large_image\" \/>\n<meta name=\"twitter:label1\" content=\"Dur\u00e9e de lecture estim\u00e9e\" \/>\n\t<meta name=\"twitter:data1\" content=\"3 minutes\" \/>\n<script type=\"application\/ld+json\" class=\"yoast-schema-graph\">{\"@context\":\"https:\\\/\\\/schema.org\",\"@graph\":[{\"@type\":\"WebPage\",\"@id\":\"https:\\\/\\\/gambling6.com\\\/fr\\\/bingo\\\/conseils-sur-les-meilleurs-sites-de-bingo\\\/\",\"url\":\"https:\\\/\\\/gambling6.com\\\/fr\\\/bingo\\\/conseils-sur-les-meilleurs-sites-de-bingo\\\/\",\"name\":\"Conseils pour le bingo - Quels sont les meilleurs sites de bingo ?\",\"isPartOf\":{\"@id\":\"https:\\\/\\\/gambling6.com\\\/fr\\\/#website\"},\"primaryImageOfPage\":{\"@id\":\"https:\\\/\\\/gambling6.com\\\/fr\\\/bingo\\\/conseils-sur-les-meilleurs-sites-de-bingo\\\/#primaryimage\"},\"image\":{\"@id\":\"https:\\\/\\\/gambling6.com\\\/fr\\\/bingo\\\/conseils-sur-les-meilleurs-sites-de-bingo\\\/#primaryimage\"},\"thumbnailUrl\":\"https:\\\/\\\/gambling6.com\\\/wp-content\\\/uploads\\\/2013\\\/12\\\/img_110.png\",\"datePublished\":\"2025-11-07T17:37:40+00:00\",\"dateModified\":\"2025-11-12T12:04:41+00:00\",\"description\":\"Choisir le meilleur site de bingo est important, mais lequel choisir\u00a0? Trouvez les r\u00e9ponses ici.\",\"breadcrumb\":{\"@id\":\"https:\\\/\\\/gambling6.com\\\/fr\\\/bingo\\\/conseils-sur-les-meilleurs-sites-de-bingo\\\/#breadcrumb\"},\"inLanguage\":\"fr-FR\",\"potentialAction\":[{\"@type\":\"ReadAction\",\"target\":[\"https:\\\/\\\/gambling6.com\\\/fr\\\/bingo\\\/conseils-sur-les-meilleurs-sites-de-bingo\\\/\"]}]},{\"@type\":\"ImageObject\",\"inLanguage\":\"fr-FR\",\"@id\":\"https:\\\/\\\/gambling6.com\\\/fr\\\/bingo\\\/conseils-sur-les-meilleurs-sites-de-bingo\\\/#primaryimage\",\"url\":\"https:\\\/\\\/gambling6.com\\\/wp-content\\\/uploads\\\/2013\\\/12\\\/img_110.png\",\"contentUrl\":\"https:\\\/\\\/gambling6.com\\\/wp-content\\\/uploads\\\/2013\\\/12\\\/img_110.png\",\"width\":288,\"height\":175},{\"@type\":\"BreadcrumbList\",\"@id\":\"https:\\\/\\\/gambling6.com\\\/fr\\\/bingo\\\/conseils-sur-les-meilleurs-sites-de-bingo\\\/#breadcrumb\",\"itemListElement\":[{\"@type\":\"ListItem\",\"position\":1,\"name\":\"Home\",\"item\":\"https:\\\/\\\/gambling6.com\\\/fr\\\/home\\\/\"},{\"@type\":\"ListItem\",\"position\":2,\"name\":\"Bingo\",\"item\":\"https:\\\/\\\/gambling6.com\\\/fr\\\/bingo\\\/\"},{\"@type\":\"ListItem\",\"position\":3,\"name\":\"Conseils sur les meilleurs sites de bingo\"}]},{\"@type\":\"WebSite\",\"@id\":\"https:\\\/\\\/gambling6.com\\\/fr\\\/#website\",\"url\":\"https:\\\/\\\/gambling6.com\\\/fr\\\/\",\"name\":\"Gambling6\",\"description\":\"\",\"potentialAction\":[{\"@type\":\"SearchAction\",\"target\":{\"@type\":\"EntryPoint\",\"urlTemplate\":\"https:\\\/\\\/gambling6.com\\\/fr\\\/?s={search_term_string}\"},\"query-input\":{\"@type\":\"PropertyValueSpecification\",\"valueRequired\":true,\"valueName\":\"search_term_string\"}}],\"inLanguage\":\"fr-FR\"}]}<\/script>\n<!-- \/ Yoast SEO plugin. -->","yoast_head_json":{"title":"Conseils pour le bingo - Quels sont les meilleurs sites de bingo ?","description":"Choisir le meilleur site de bingo est important, mais lequel choisir\u00a0? Trouvez les r\u00e9ponses ici.","robots":{"index":"index","follow":"follow","max-snippet":"max-snippet:-1","max-image-preview":"max-image-preview:large","max-video-preview":"max-video-preview:-1"},"canonical":"https:\/\/gambling6.com\/fr\/bingo\/conseils-sur-les-meilleurs-sites-de-bingo\/","og_locale":"fr_FR","og_type":"article","og_title":"Conseils pour le bingo - Quels sont les meilleurs sites de bingo ?","og_description":"Choisir le meilleur site de bingo est important, mais lequel choisir\u00a0? Trouvez les r\u00e9ponses ici.","og_url":"https:\/\/gambling6.com\/fr\/bingo\/conseils-sur-les-meilleurs-sites-de-bingo\/","og_site_name":"Gambling6","article_modified_time":"2025-11-12T12:04:41+00:00","og_image":[{"width":288,"height":175,"url":"https:\/\/gambling6.com\/wp-content\/uploads\/2013\/12\/img_110.png","type":"image\/png"}],"twitter_card":"summary_large_image","twitter_misc":{"Dur\u00e9e de lecture estim\u00e9e":"3 minutes"},"schema":{"@context":"https:\/\/schema.org","@graph":[{"@type":"WebPage","@id":"https:\/\/gambling6.com\/fr\/bingo\/conseils-sur-les-meilleurs-sites-de-bingo\/","url":"https:\/\/gambling6.com\/fr\/bingo\/conseils-sur-les-meilleurs-sites-de-bingo\/","name":"Conseils pour le bingo - Quels sont les meilleurs sites de bingo ?","isPartOf":{"@id":"https:\/\/gambling6.com\/fr\/#website"},"primaryImageOfPage":{"@id":"https:\/\/gambling6.com\/fr\/bingo\/conseils-sur-les-meilleurs-sites-de-bingo\/#primaryimage"},"image":{"@id":"https:\/\/gambling6.com\/fr\/bingo\/conseils-sur-les-meilleurs-sites-de-bingo\/#primaryimage"},"thumbnailUrl":"https:\/\/gambling6.com\/wp-content\/uploads\/2013\/12\/img_110.png","datePublished":"2025-11-07T17:37:40+00:00","dateModified":"2025-11-12T12:04:41+00:00","description":"Choisir le meilleur site de bingo est important, mais lequel choisir\u00a0? Trouvez les r\u00e9ponses ici.","breadcrumb":{"@id":"https:\/\/gambling6.com\/fr\/bingo\/conseils-sur-les-meilleurs-sites-de-bingo\/#breadcrumb"},"inLanguage":"fr-FR","potentialAction":[{"@type":"ReadAction","target":["https:\/\/gambling6.com\/fr\/bingo\/conseils-sur-les-meilleurs-sites-de-bingo\/"]}]},{"@type":"ImageObject","inLanguage":"fr-FR","@id":"https:\/\/gambling6.com\/fr\/bingo\/conseils-sur-les-meilleurs-sites-de-bingo\/#primaryimage","url":"https:\/\/gambling6.com\/wp-content\/uploads\/2013\/12\/img_110.png","contentUrl":"https:\/\/gambling6.com\/wp-content\/uploads\/2013\/12\/img_110.png","width":288,"height":175},{"@type":"BreadcrumbList","@id":"https:\/\/gambling6.com\/fr\/bingo\/conseils-sur-les-meilleurs-sites-de-bingo\/#breadcrumb","itemListElement":[{"@type":"ListItem","position":1,"name":"Home","item":"https:\/\/gambling6.com\/fr\/home\/"},{"@type":"ListItem","position":2,"name":"Bingo","item":"https:\/\/gambling6.com\/fr\/bingo\/"},{"@type":"ListItem","position":3,"name":"Conseils sur les meilleurs sites de bingo"}]},{"@type":"WebSite","@id":"https:\/\/gambling6.com\/fr\/#website","url":"https:\/\/gambling6.com\/fr\/","name":"Gambling6","description":"","potentialAction":[{"@type":"SearchAction","target":{"@type":"EntryPoint","urlTemplate":"https:\/\/gambling6.com\/fr\/?s={search_term_string}"},"query-input":{"@type":"PropertyValueSpecification","valueRequired":true,"valueName":"search_term_string"}}],"inLanguage":"fr-FR"}]}},"_links":{"self":[{"href":"https:\/\/gambling6.com\/fr\/wp-json\/wp\/v2\/pages\/8432","targetHints":{"allow":["GET"]}}],"collection":[{"href":"https:\/\/gambling6.com\/fr\/wp-json\/wp\/v2\/pages"}],"about":[{"href":"https:\/\/gambling6.com\/fr\/wp-json\/wp\/v2\/types\/page"}],"author":[{"embeddable":true,"href":"https:\/\/gambling6.com\/fr\/wp-json\/wp\/v2\/users\/1"}],"replies":[{"embeddable":true,"href":"https:\/\/gambling6.com\/fr\/wp-json\/wp\/v2\/comments?post=8432"}],"version-history":[{"count":2,"href":"https:\/\/gambling6.com\/fr\/wp-json\/wp\/v2\/pages\/8432\/revisions"}],"predecessor-version":[{"id":10617,"href":"https:\/\/gambling6.com\/fr\/wp-json\/wp\/v2\/pages\/8432\/revisions\/10617"}],"up":[{"embeddable":true,"href":"https:\/\/gambling6.com\/fr\/wp-json\/wp\/v2\/pages\/8498"}],"wp:featuredmedia":[{"embeddable":true,"href":"https:\/\/gambling6.com\/fr\/wp-json\/wp\/v2\/media\/214"}],"wp:attachment":[{"href":"https:\/\/gambling6.com\/fr\/wp-json\/wp\/v2\/media?parent=8432"}],"curies":[{"name":"wp","href":"https:\/\/api.w.org\/{rel}","templated":true}]}}