{"id":8563,"date":"2025-11-07T20:25:12","date_gmt":"2025-11-07T20:25:12","guid":{"rendered":"https:\/\/gambling6.com\/casino\/jouer-sur-mobile-misez-sur-les-jeux-dargent-en-deplacement\/"},"modified":"2025-11-12T09:19:22","modified_gmt":"2025-11-12T09:19:22","slug":"jouer-sur-mobile-misez-sur-les-jeux-dargent-en-deplacement","status":"publish","type":"page","link":"https:\/\/gambling6.com\/fr\/casino\/jouer-sur-mobile-misez-sur-les-jeux-dargent-en-deplacement\/","title":{"rendered":"Jouer sur mobile \u2013 Misez sur les jeux d&rsquo;argent en d\u00e9placement"},"content":{"rendered":"<h2>Jeux d&rsquo;argent en ligne sur appareils mobiles<\/h2>\n<h3>HTML5 ou applications natives\u00a0? \u200b\u200b\u00c0 vous de choisir\u00a0!<\/h3>\n<p>En consultant un bon annuaire de jeux d&rsquo;argent, on constate facilement qu&rsquo;il existe de nombreuses options int\u00e9ressantes pour les joueurs souhaitant profiter de leurs jeux pr\u00e9f\u00e9r\u00e9s sur Internet. De nombreux sites proposent des jeux d&rsquo;argent en ligne s\u00e9curis\u00e9s dans presque toutes les cat\u00e9gories, le poker, les jeux de casino et les paris sportifs figurant g\u00e9n\u00e9ralement en t\u00eate de liste. Il est important de noter que des options existent \u00e9galement pour les joueurs am\u00e9ricains, malgr\u00e9 la r\u00e9glementation en vigueur sur ce march\u00e9. Les Am\u00e9ricains ne devraient donc avoir aucun mal \u00e0 trouver un site fiable via un portail de jeux en ligne.<\/p>\n<p><img class=\" alignright size-full wp-image-400\" style=\"margin: 5px; float: right;\" \/><\/p>\n<p>S&rsquo;il n&rsquo;a pas pr\u00e9cis\u00e9 de date, la n\u00e9cessit\u00e9 pour les \u00c9tats de conserver le contr\u00f4le des jeux d&rsquo;argent rend obligatoire la l\u00e9galisation et une r\u00e9glementation stricte des jeux d&rsquo;argent mobiles. Face \u00e0 l&rsquo;engouement croissant des joueurs pour les jeux sur appareils mobiles, op\u00e9rateurs et autorit\u00e9s de r\u00e9gulation des diff\u00e9rents march\u00e9s doivent collaborer pour trouver une solution optimale.<\/p>\n<h2>HTML5<\/h2>\n<p>Certains des principaux op\u00e9rateurs du march\u00e9 des jeux d&rsquo;argent en ligne ont d\u00e9j\u00e0 entrepris d&rsquo;importantes d\u00e9marches pour am\u00e9liorer leurs offres mobiles. 888 est mondialement connu, notamment pour ses paris sportifs en ligne, qui couvrent la quasi-totalit\u00e9 du globe et proposent des paris sur tous les sports majeurs et diverses ligues. Le site propose \u00e9galement des jeux de casino, du poker, du bingo et d&rsquo;autres cat\u00e9gories de jeux en ligne, ce qui en fait l&rsquo;un des acteurs incontournables du secteur.<\/p>\n<p><a class=\"thirstylink\" title=\"888 casino en\" href=\"https:\/\/gambling6.com\/go\/888-casino-en\/\" target=\"_blank\" rel=\"nofollow noopener\"><strong>Cliquez ici pour visiter 888 Casino<\/strong><\/a> &#8211; Cr\u00e9ez un compte joueur gratuitement, puis t\u00e9l\u00e9chargez l&rsquo;application mobile.<\/p>\n<p>R\u00e9cemment, 888 a migr\u00e9 sa plateforme mobile vers une version HTML5 afin d&rsquo;offrir une exp\u00e9rience utilisateur plus fluide. En r\u00e9sum\u00e9, la diffusion audio et vid\u00e9o de l&rsquo;op\u00e9rateur sera d\u00e9sormais assur\u00e9e par HTML5, permettant aux utilisateurs de suivre l&rsquo;action sur l&rsquo;appareil de leur choix sans avoir besoin d&rsquo;un plug-in Flash. Cela ouvre \u00e9galement la voie \u00e0 de nouvelles possibilit\u00e9s, car les utilisateurs peuvent d\u00e9sormais placer des paris tout en recevant des donn\u00e9es en temps r\u00e9el. La version HTML5 offre \u00e9galement une meilleure exp\u00e9rience utilisateur. Elle peut d\u00e9tecter la taille de l&rsquo;\u00e9cran de l&rsquo;appareil, les capacit\u00e9s du syst\u00e8me et les connexions disponibles.<\/p>\n<p>Cela implique de prendre les pr\u00e9cautions n\u00e9cessaires pour garantir un fonctionnement optimal, comme r\u00e9duire la qualit\u00e9 ou attendre avant de lancer une vid\u00e9o afin d&rsquo;\u00e9conomiser de la bande passante. Les sites d&rsquo;\u00e9valuation de jeux d&rsquo;argent facilitent grandement la recherche d&rsquo;un casino en ligne fiable en regroupant les sites en diff\u00e9rentes cat\u00e9gories selon leurs points forts. Certains sites ont tendance \u00e0 se concentrer sur leurs offres mobiles, et les casinos en ligne am\u00e9ricains sont toujours un excellent sujet de discussion.<\/p>\n<h2>Applications natives<\/h2>\n<p>Les applications natives n\u00e9cessitent un t\u00e9l\u00e9chargement et une installation, ce qui implique la n\u00e9cessit\u00e9 de diff\u00e9rentes versions pour prendre en charge les divers syst\u00e8mes d&rsquo;exploitation mobiles disponibles. Bien que tr\u00e8s r\u00e9pandues parmi les casinos en ligne, elles perdent progressivement du terrain face \u00e0 HTML5. Il existe de nombreuses raisons \u00e0 cela, la principale \u00e9tant qu&rsquo;une seule version HTML5 peut s&rsquo;adapter \u00e0 tous les appareils mobiles et effectuer automatiquement les modifications n\u00e9cessaires. Il est important de noter que, comme mentionn\u00e9 pr\u00e9c\u00e9demment, 888 ne compte pas abandonner ses applications natives ni cesser d&rsquo;utiliser la technologie HTML4.<\/p>\n<p>C&rsquo;est un excellent exemple pour les autres op\u00e9rateurs, car un passage brutal \u00e0 HTML5 et l&rsquo;abandon des options pr\u00e9c\u00e9dentes priveraient certains utilisateurs d&rsquo;acc\u00e8s aux offres. Tous les joueurs ne disposent pas de la technologie n\u00e9cessaire pour faire fonctionner parfaitement la nouvelle g\u00e9n\u00e9ration de logiciels. Par cons\u00e9quent, bien qu&rsquo;il s&rsquo;agisse d&rsquo;un pas important vers une meilleure exp\u00e9rience de jeu mobile, cela ne devrait pas impacter n\u00e9gativement les clients actuels. Les applications natives restent un excellent moyen de profiter des jeux de casino en ligne sur diff\u00e9rents appareils mobiles. La prise en main est g\u00e9n\u00e9ralement rapide. Ainsi, m\u00eame si HTML5 repr\u00e9sente la prochaine grande \u00e9tape pour tous les op\u00e9rateurs, les offres actuellement disponibles sont d\u00e9j\u00e0 tr\u00e8s int\u00e9ressantes.<\/p>\n","protected":false},"excerpt":{"rendered":"<p>Jeux d&rsquo;argent en ligne sur appareils mobiles HTML5 ou applications natives\u00a0? \u200b\u200b\u00c0 vous de choisir\u00a0! En consultant un bon annuaire de jeux d&rsquo;argent, on constate facilement qu&rsquo;il existe de nombreuses options int\u00e9ressantes pour les joueurs souhaitant profiter de leurs jeux pr\u00e9f\u00e9r\u00e9s sur Internet. De nombreux sites proposent des jeux d&rsquo;argent en ligne s\u00e9curis\u00e9s dans presque [&hellip;]<\/p>\n","protected":false},"author":1,"featured_media":401,"parent":8290,"menu_order":40,"comment_status":"closed","ping_status":"closed","template":"","meta":{"footnotes":""},"class_list":["post-8563","page","type-page","status-publish","has-post-thumbnail","hentry"],"yoast_head":"<!-- This site is optimized with the Yoast SEO plugin v27.4 - https:\/\/yoast.com\/product\/yoast-seo-wordpress\/ -->\n<title>Jeux d&#039;argent en ligne sur appareils mobiles<\/title>\n<meta name=\"description\" content=\"Les jeux d&#039;argent mobiles gagnent en popularit\u00e9 et les applications b\u00e9n\u00e9ficient de graphismes de plus en plus performants et de fonctionnalit\u00e9s accrues.\" \/>\n<meta name=\"robots\" content=\"index, follow, max-snippet:-1, max-image-preview:large, max-video-preview:-1\" \/>\n<link rel=\"canonical\" href=\"https:\/\/gambling6.com\/fr\/casino\/jouer-sur-mobile-misez-sur-les-jeux-dargent-en-deplacement\/\" \/>\n<meta property=\"og:locale\" content=\"fr_FR\" \/>\n<meta property=\"og:type\" content=\"article\" \/>\n<meta property=\"og:title\" content=\"Jeux d&#039;argent en ligne sur appareils mobiles\" \/>\n<meta property=\"og:description\" content=\"Les jeux d&#039;argent mobiles gagnent en popularit\u00e9 et les applications b\u00e9n\u00e9ficient de graphismes de plus en plus performants et de fonctionnalit\u00e9s accrues.\" \/>\n<meta property=\"og:url\" content=\"https:\/\/gambling6.com\/fr\/casino\/jouer-sur-mobile-misez-sur-les-jeux-dargent-en-deplacement\/\" \/>\n<meta property=\"og:site_name\" content=\"Gambling6\" \/>\n<meta property=\"article:modified_time\" content=\"2025-11-12T09:19:22+00:00\" \/>\n<meta property=\"og:image\" content=\"https:\/\/gambling6.com\/wp-content\/uploads\/2013\/12\/mobile-gambling-150x150.jpg\" \/>\n\t<meta property=\"og:image:width\" content=\"150\" \/>\n\t<meta property=\"og:image:height\" content=\"150\" \/>\n\t<meta property=\"og:image:type\" content=\"image\/jpeg\" \/>\n<meta name=\"twitter:card\" content=\"summary_large_image\" \/>\n<meta name=\"twitter:label1\" content=\"Dur\u00e9e de lecture estim\u00e9e\" \/>\n\t<meta name=\"twitter:data1\" content=\"4 minutes\" \/>\n<script type=\"application\/ld+json\" class=\"yoast-schema-graph\">{\"@context\":\"https:\\\/\\\/schema.org\",\"@graph\":[{\"@type\":\"WebPage\",\"@id\":\"https:\\\/\\\/gambling6.com\\\/fr\\\/casino\\\/jouer-sur-mobile-misez-sur-les-jeux-dargent-en-deplacement\\\/\",\"url\":\"https:\\\/\\\/gambling6.com\\\/fr\\\/casino\\\/jouer-sur-mobile-misez-sur-les-jeux-dargent-en-deplacement\\\/\",\"name\":\"Jeux d'argent en ligne sur appareils mobiles\",\"isPartOf\":{\"@id\":\"https:\\\/\\\/gambling6.com\\\/fr\\\/#website\"},\"primaryImageOfPage\":{\"@id\":\"https:\\\/\\\/gambling6.com\\\/fr\\\/casino\\\/jouer-sur-mobile-misez-sur-les-jeux-dargent-en-deplacement\\\/#primaryimage\"},\"image\":{\"@id\":\"https:\\\/\\\/gambling6.com\\\/fr\\\/casino\\\/jouer-sur-mobile-misez-sur-les-jeux-dargent-en-deplacement\\\/#primaryimage\"},\"thumbnailUrl\":\"https:\\\/\\\/gambling6.com\\\/wp-content\\\/uploads\\\/2013\\\/12\\\/mobile-gambling-150x150.jpg\",\"datePublished\":\"2025-11-07T20:25:12+00:00\",\"dateModified\":\"2025-11-12T09:19:22+00:00\",\"description\":\"Les jeux d'argent mobiles gagnent en popularit\u00e9 et les applications b\u00e9n\u00e9ficient de graphismes de plus en plus performants et de fonctionnalit\u00e9s accrues.\",\"breadcrumb\":{\"@id\":\"https:\\\/\\\/gambling6.com\\\/fr\\\/casino\\\/jouer-sur-mobile-misez-sur-les-jeux-dargent-en-deplacement\\\/#breadcrumb\"},\"inLanguage\":\"fr-FR\",\"potentialAction\":[{\"@type\":\"ReadAction\",\"target\":[\"https:\\\/\\\/gambling6.com\\\/fr\\\/casino\\\/jouer-sur-mobile-misez-sur-les-jeux-dargent-en-deplacement\\\/\"]}]},{\"@type\":\"ImageObject\",\"inLanguage\":\"fr-FR\",\"@id\":\"https:\\\/\\\/gambling6.com\\\/fr\\\/casino\\\/jouer-sur-mobile-misez-sur-les-jeux-dargent-en-deplacement\\\/#primaryimage\",\"url\":\"https:\\\/\\\/gambling6.com\\\/wp-content\\\/uploads\\\/2013\\\/12\\\/mobile-gambling-150x150.jpg\",\"contentUrl\":\"https:\\\/\\\/gambling6.com\\\/wp-content\\\/uploads\\\/2013\\\/12\\\/mobile-gambling-150x150.jpg\",\"width\":150,\"height\":150,\"caption\":\"online slotmachine\"},{\"@type\":\"BreadcrumbList\",\"@id\":\"https:\\\/\\\/gambling6.com\\\/fr\\\/casino\\\/jouer-sur-mobile-misez-sur-les-jeux-dargent-en-deplacement\\\/#breadcrumb\",\"itemListElement\":[{\"@type\":\"ListItem\",\"position\":1,\"name\":\"Home\",\"item\":\"https:\\\/\\\/gambling6.com\\\/fr\\\/home\\\/\"},{\"@type\":\"ListItem\",\"position\":2,\"name\":\"Casino\",\"item\":\"https:\\\/\\\/gambling6.com\\\/fr\\\/get-started-with-online-gambling\\\/\"},{\"@type\":\"ListItem\",\"position\":3,\"name\":\"Jouer sur mobile \u2013 Misez sur les jeux d&rsquo;argent en d\u00e9placement\"}]},{\"@type\":\"WebSite\",\"@id\":\"https:\\\/\\\/gambling6.com\\\/fr\\\/#website\",\"url\":\"https:\\\/\\\/gambling6.com\\\/fr\\\/\",\"name\":\"Gambling6\",\"description\":\"\",\"potentialAction\":[{\"@type\":\"SearchAction\",\"target\":{\"@type\":\"EntryPoint\",\"urlTemplate\":\"https:\\\/\\\/gambling6.com\\\/fr\\\/?s={search_term_string}\"},\"query-input\":{\"@type\":\"PropertyValueSpecification\",\"valueRequired\":true,\"valueName\":\"search_term_string\"}}],\"inLanguage\":\"fr-FR\"}]}<\/script>\n<!-- \/ Yoast SEO plugin. -->","yoast_head_json":{"title":"Jeux d'argent en ligne sur appareils mobiles","description":"Les jeux d'argent mobiles gagnent en popularit\u00e9 et les applications b\u00e9n\u00e9ficient de graphismes de plus en plus performants et de fonctionnalit\u00e9s accrues.","robots":{"index":"index","follow":"follow","max-snippet":"max-snippet:-1","max-image-preview":"max-image-preview:large","max-video-preview":"max-video-preview:-1"},"canonical":"https:\/\/gambling6.com\/fr\/casino\/jouer-sur-mobile-misez-sur-les-jeux-dargent-en-deplacement\/","og_locale":"fr_FR","og_type":"article","og_title":"Jeux d'argent en ligne sur appareils mobiles","og_description":"Les jeux d'argent mobiles gagnent en popularit\u00e9 et les applications b\u00e9n\u00e9ficient de graphismes de plus en plus performants et de fonctionnalit\u00e9s accrues.","og_url":"https:\/\/gambling6.com\/fr\/casino\/jouer-sur-mobile-misez-sur-les-jeux-dargent-en-deplacement\/","og_site_name":"Gambling6","article_modified_time":"2025-11-12T09:19:22+00:00","og_image":[{"width":150,"height":150,"url":"https:\/\/gambling6.com\/wp-content\/uploads\/2013\/12\/mobile-gambling-150x150.jpg","type":"image\/jpeg"}],"twitter_card":"summary_large_image","twitter_misc":{"Dur\u00e9e de lecture estim\u00e9e":"4 minutes"},"schema":{"@context":"https:\/\/schema.org","@graph":[{"@type":"WebPage","@id":"https:\/\/gambling6.com\/fr\/casino\/jouer-sur-mobile-misez-sur-les-jeux-dargent-en-deplacement\/","url":"https:\/\/gambling6.com\/fr\/casino\/jouer-sur-mobile-misez-sur-les-jeux-dargent-en-deplacement\/","name":"Jeux d'argent en ligne sur appareils mobiles","isPartOf":{"@id":"https:\/\/gambling6.com\/fr\/#website"},"primaryImageOfPage":{"@id":"https:\/\/gambling6.com\/fr\/casino\/jouer-sur-mobile-misez-sur-les-jeux-dargent-en-deplacement\/#primaryimage"},"image":{"@id":"https:\/\/gambling6.com\/fr\/casino\/jouer-sur-mobile-misez-sur-les-jeux-dargent-en-deplacement\/#primaryimage"},"thumbnailUrl":"https:\/\/gambling6.com\/wp-content\/uploads\/2013\/12\/mobile-gambling-150x150.jpg","datePublished":"2025-11-07T20:25:12+00:00","dateModified":"2025-11-12T09:19:22+00:00","description":"Les jeux d'argent mobiles gagnent en popularit\u00e9 et les applications b\u00e9n\u00e9ficient de graphismes de plus en plus performants et de fonctionnalit\u00e9s accrues.","breadcrumb":{"@id":"https:\/\/gambling6.com\/fr\/casino\/jouer-sur-mobile-misez-sur-les-jeux-dargent-en-deplacement\/#breadcrumb"},"inLanguage":"fr-FR","potentialAction":[{"@type":"ReadAction","target":["https:\/\/gambling6.com\/fr\/casino\/jouer-sur-mobile-misez-sur-les-jeux-dargent-en-deplacement\/"]}]},{"@type":"ImageObject","inLanguage":"fr-FR","@id":"https:\/\/gambling6.com\/fr\/casino\/jouer-sur-mobile-misez-sur-les-jeux-dargent-en-deplacement\/#primaryimage","url":"https:\/\/gambling6.com\/wp-content\/uploads\/2013\/12\/mobile-gambling-150x150.jpg","contentUrl":"https:\/\/gambling6.com\/wp-content\/uploads\/2013\/12\/mobile-gambling-150x150.jpg","width":150,"height":150,"caption":"online slotmachine"},{"@type":"BreadcrumbList","@id":"https:\/\/gambling6.com\/fr\/casino\/jouer-sur-mobile-misez-sur-les-jeux-dargent-en-deplacement\/#breadcrumb","itemListElement":[{"@type":"ListItem","position":1,"name":"Home","item":"https:\/\/gambling6.com\/fr\/home\/"},{"@type":"ListItem","position":2,"name":"Casino","item":"https:\/\/gambling6.com\/fr\/get-started-with-online-gambling\/"},{"@type":"ListItem","position":3,"name":"Jouer sur mobile \u2013 Misez sur les jeux d&rsquo;argent en d\u00e9placement"}]},{"@type":"WebSite","@id":"https:\/\/gambling6.com\/fr\/#website","url":"https:\/\/gambling6.com\/fr\/","name":"Gambling6","description":"","potentialAction":[{"@type":"SearchAction","target":{"@type":"EntryPoint","urlTemplate":"https:\/\/gambling6.com\/fr\/?s={search_term_string}"},"query-input":{"@type":"PropertyValueSpecification","valueRequired":true,"valueName":"search_term_string"}}],"inLanguage":"fr-FR"}]}},"_links":{"self":[{"href":"https:\/\/gambling6.com\/fr\/wp-json\/wp\/v2\/pages\/8563","targetHints":{"allow":["GET"]}}],"collection":[{"href":"https:\/\/gambling6.com\/fr\/wp-json\/wp\/v2\/pages"}],"about":[{"href":"https:\/\/gambling6.com\/fr\/wp-json\/wp\/v2\/types\/page"}],"author":[{"embeddable":true,"href":"https:\/\/gambling6.com\/fr\/wp-json\/wp\/v2\/users\/1"}],"replies":[{"embeddable":true,"href":"https:\/\/gambling6.com\/fr\/wp-json\/wp\/v2\/comments?post=8563"}],"version-history":[{"count":1,"href":"https:\/\/gambling6.com\/fr\/wp-json\/wp\/v2\/pages\/8563\/revisions"}],"predecessor-version":[{"id":10459,"href":"https:\/\/gambling6.com\/fr\/wp-json\/wp\/v2\/pages\/8563\/revisions\/10459"}],"up":[{"embeddable":true,"href":"https:\/\/gambling6.com\/fr\/wp-json\/wp\/v2\/pages\/8290"}],"wp:featuredmedia":[{"embeddable":true,"href":"https:\/\/gambling6.com\/fr\/wp-json\/wp\/v2\/media\/401"}],"wp:attachment":[{"href":"https:\/\/gambling6.com\/fr\/wp-json\/wp\/v2\/media?parent=8563"}],"curies":[{"name":"wp","href":"https:\/\/api.w.org\/{rel}","templated":true}]}}