{"id":8613,"date":"2025-11-07T21:33:54","date_gmt":"2025-11-07T21:33:54","guid":{"rendered":"https:\/\/gambling6.com\/jouer-sur-des-sites-de-poker-europeens\/"},"modified":"2025-11-12T17:57:17","modified_gmt":"2025-11-12T17:57:17","slug":"jouer-sur-des-sites-de-poker-europeens","status":"publish","type":"page","link":"https:\/\/gambling6.com\/fr\/poker\/jouer-sur-des-sites-de-poker-europeens\/","title":{"rendered":"Jouer sur des sites de poker europ\u00e9ens"},"content":{"rendered":"<h2>On trouve aussi du poker sur les sites europ\u00e9ens.<\/h2>\n<p>Ces derni\u00e8res ann\u00e9es, la popularit\u00e9 du poker a explos\u00e9. Les pays europ\u00e9ens repr\u00e9sentent un march\u00e9 important pour les sites de poker en ligne, et la r\u00e9pression du gouvernement am\u00e9ricain contre les jeux d&rsquo;argent en ligne a contraint les op\u00e9rateurs \u00e0 se concentrer massivement sur le march\u00e9 europ\u00e9en. Si le poker en direct est une v\u00e9ritable passion pour les Europ\u00e9ens, le poker en ligne gagne rapidement en popularit\u00e9 aupr\u00e8s des joueurs connect\u00e9s. Des pays comme le Royaume-Uni, l&rsquo;Autriche et l&rsquo;Allemagne organisent m\u00eame des tournois et des circuits internationaux de poker.<\/p>\n<p><img loading=\"lazy\" decoding=\"async\" class=\"size-full wp-image-3075 alignright\" src=\"https:\/\/gambling6.com\/wp-content\/uploads\/2022\/04\/poker_bonusode_test_bericht.png\" alt=\"sites de poker europ\u00e9ens\" width=\"246\" height=\"200\" \/>Le continent europ\u00e9en comprend plusieurs pays membres de l&rsquo;Union europ\u00e9enne (UE). Le poker en ligne y est bien vu\u00a0; d&rsquo;ailleurs, les sites de poker en ligne ne sont pas interdits d&rsquo;exploitation sur le march\u00e9 europ\u00e9en. Cependant, chaque \u00c9tat membre applique sa propre l\u00e9gislation en mati\u00e8re de jeux d&rsquo;argent en ligne. De ce fait, expliquer la l\u00e9galit\u00e9 du poker en ligne en Europe est assez complexe. Tous les \u00c9tats membres de l&rsquo;Union europ\u00e9enne doivent accepter les services des autres \u00c9tats membres, mais chaque pays est libre de d\u00e9cider de la l\u00e9galit\u00e9 des jeux d&rsquo;argent en ligne.<\/p>\n<p>Par cons\u00e9quent, certains \u00c9tats membres de l&rsquo;UE ont interdit les jeux d&rsquo;argent en ligne, quelques-uns les ont l\u00e9galis\u00e9s, tandis que d&rsquo;autres ont adopt\u00e9 une approche ambigu\u00eb. Bien qu&rsquo;il soit l\u00e9gal de jouer en ligne, les joueurs de poker en ligne europ\u00e9ens doivent faire preuve de prudence et se renseigner sur la r\u00e9glementation locale en vigueur avant de jouer. M\u00eame si les sites de poker en ligne sont tax\u00e9s et r\u00e9glement\u00e9s par l&rsquo;Union europ\u00e9enne, la l\u00e9gislation relative aux jeux d&rsquo;argent en ligne varie d&rsquo;un \u00c9tat membre \u00e0 l&rsquo;autre.<\/p>\n<h2>Meilleur site de poker en ligne pour les joueurs europ\u00e9ens<\/h2>\n<p>Les joueurs de poker en ligne europ\u00e9ens ont un choix de sites de poker beaucoup plus vaste que les joueurs am\u00e9ricains. Parmi eux, 888 Poker se distingue.<\/p>\n<p><span style=\"background-color: transparent;\"><strong>888 Poker<\/strong> est un nom incontournable parmi les sites de poker europ\u00e9ens. Et ils offrent m\u00eame aux nouveaux joueurs une bankroll gratuite de 20 \u20ac \u2014 un d\u00e9but totalement sans risque au poker en argent r\u00e9el ! De plus, vous avez droit \u00e0 un bonus suppl\u00e9mentaire de 300 \u20ac sur un d\u00e9p\u00f4t ult\u00e9rieur. <\/span><a class=\"thirstylink\" title=\"888 poker en\" href=\"https:\/\/gambling6.com\/go\/888-poker-en\/\" target=\"_blank\" rel=\"nofollow noopener\"><strong>Cliquez ici pour vous inscrire sur 888 et commencez \u00e0 jouer gratuitement avec 20 \u20ac en argent r\u00e9el.<\/strong><\/a><\/p>\n<p><a href=\"https:\/\/ic.aff-handler.com\/C\/46138?sr=1073333&amp;anid=\" rel=\"nofollow\"><img loading=\"lazy\" decoding=\"async\" class=\"aligncenter\" src=\"https:\/\/ic.aff-handler.com\/I\/46138?sr=1073333&amp;anid=\" width=\"530\" height=\"68\" \/><\/a><\/p>\n<p>Par exemple, le Royaume-Uni autorise ses citoyens \u00e0 jouer en ligne et permet \u00e9galement aux sites de jeux d&rsquo;argent \u00e9trangers d&rsquo;op\u00e9rer sur son territoire. Aux Pays-Bas, seuls les sites de poker en ligne titulaires d&rsquo;une licence n\u00e9erlandaise sont autoris\u00e9s \u00e0 jouer sur les sites d\u00e9tenus par les r\u00e9sidents. Les pays d&rsquo;Europe de l&rsquo;Est, quant \u00e0 eux, n&rsquo;ont pas particip\u00e9 \u00e0 la course aux jeux d&rsquo;argent en ligne, mais gr\u00e2ce \u00e0 un acc\u00e8s internet facilit\u00e9, ils s&rsquo;y sont r\u00e9cemment lanc\u00e9s. Une proposition a d&rsquo;ailleurs \u00e9t\u00e9 soumise \u00e0 l&rsquo;UE pour la mise en place d&rsquo;un syst\u00e8me r\u00e9glementaire uniforme pour les jeux d&rsquo;argent en ligne dans les \u00c9tats membres. Cette mesure permettrait d&rsquo;harmoniser et de simplifier la proc\u00e9dure d&rsquo;octroi des licences \u00e0 travers l&rsquo;Europe.<\/p>\n<p>Pour les joueurs des sites de poker europ\u00e9ens, seule la l\u00e9gislation fiscale s&rsquo;applique. Ils sont impos\u00e9s par leur pays respectif et par l&rsquo;UE lorsqu&rsquo;ils effectuent un d\u00e9p\u00f4t sur un site de poker en ligne bas\u00e9 \u00e0 l&rsquo;\u00e9tranger. Les langues varient d&rsquo;un pays \u00e0 l&rsquo;autre en Europe. Les sites de poker europ\u00e9ens s&rsquo;adressent g\u00e9n\u00e9ralement \u00e0 leur client\u00e8le dans la langue locale. Cependant, certains des principaux sites proposent aujourd&rsquo;hui leur site web en plusieurs langues, leur logiciel \u00e9tant multilingue.<\/p>\n<p>Le service client est \u00e9galement disponible en plusieurs langues. Outre l&rsquo;anglais, le site peut proposer le fran\u00e7ais, l&rsquo;espagnol, l&rsquo;allemand, le n\u00e9erlandais, le danois, l&rsquo;italien, le norv\u00e9gien, le portugais, etc. De m\u00eame, les sites de poker europ\u00e9ens acceptent diff\u00e9rentes devises. Bien que les principales devises soient le dollar am\u00e9ricain ou la livre sterling, l&rsquo;euro est la monnaie commune au sein de l&rsquo;UE. Les joueurs de poker europ\u00e9ens privil\u00e9gient l&rsquo;euro ou la livre sterling pour leurs d\u00e9p\u00f4ts sur les sites de poker en ligne.<\/p>\n<p>Les sites de poker europ\u00e9ens proposent g\u00e9n\u00e9ralement plusieurs options de d\u00e9p\u00f4t et de retrait afin de r\u00e9pondre aux besoins des clients des diff\u00e9rents pays de l&rsquo;Union europ\u00e9enne. Les m\u00e9thodes de paiement standard incluent les cartes de d\u00e9bit, les cartes de cr\u00e9dit, les portefeuilles \u00e9lectroniques, les virements bancaires et les ch\u00e8ques \u00e9lectroniques. La m\u00e9thode la plus simple et la plus courante pour approvisionner un compte de poker en ligne est la carte de cr\u00e9dit. Cependant, certains \u00e9metteurs de cartes de cr\u00e9dit peuvent refuser les transactions li\u00e9es aux jeux d&rsquo;argent en ligne\u00a0; il est donc conseill\u00e9 de v\u00e9rifier avant d&rsquo;opter pour cette m\u00e9thode.<\/p>\n<p>De nombreux joueurs de poker trouvent pratique d&rsquo;approvisionner leurs comptes de poker en ligne via un portefeuille \u00e9lectronique. Ils peuvent ouvrir un compte aupr\u00e8s de n&rsquo;importe quel service de portefeuille \u00e9lectronique et l&rsquo;approvisionner par virement bancaire.<\/p>\n","protected":false},"excerpt":{"rendered":"<p>On trouve aussi du poker sur les sites europ\u00e9ens. Ces derni\u00e8res ann\u00e9es, la popularit\u00e9 du poker a explos\u00e9. Les pays europ\u00e9ens repr\u00e9sentent un march\u00e9 important pour les sites de poker en ligne, et la r\u00e9pression du gouvernement am\u00e9ricain contre les jeux d&rsquo;argent en ligne a contraint les op\u00e9rateurs \u00e0 se concentrer massivement sur le march\u00e9 [&hellip;]<\/p>\n","protected":false},"author":1,"featured_media":0,"parent":8777,"menu_order":22,"comment_status":"closed","ping_status":"closed","template":"","meta":{"footnotes":""},"class_list":["post-8613","page","type-page","status-publish","hentry"],"yoast_head":"<!-- This site is optimized with the Yoast SEO plugin v27.4 - https:\/\/yoast.com\/product\/yoast-seo-wordpress\/ -->\n<title>Meilleurs sites de poker europ\u00e9ens<\/title>\n<meta name=\"description\" content=\"Les joueurs de poker europ\u00e9ens ont l&#039;embarras du choix parmi de nombreux sites\u00a0; voici nos salles de poker pr\u00e9f\u00e9r\u00e9es en Europe.\" \/>\n<meta name=\"robots\" content=\"index, follow, max-snippet:-1, max-image-preview:large, max-video-preview:-1\" \/>\n<link rel=\"canonical\" href=\"https:\/\/gambling6.com\/fr\/poker\/jouer-sur-des-sites-de-poker-europeens\/\" \/>\n<meta property=\"og:locale\" content=\"fr_FR\" \/>\n<meta property=\"og:type\" content=\"article\" \/>\n<meta property=\"og:title\" content=\"Meilleurs sites de poker europ\u00e9ens\" \/>\n<meta property=\"og:description\" content=\"Les joueurs de poker europ\u00e9ens ont l&#039;embarras du choix parmi de nombreux sites\u00a0; voici nos salles de poker pr\u00e9f\u00e9r\u00e9es en Europe.\" \/>\n<meta property=\"og:url\" content=\"https:\/\/gambling6.com\/fr\/poker\/jouer-sur-des-sites-de-poker-europeens\/\" \/>\n<meta property=\"og:site_name\" content=\"Gambling6\" \/>\n<meta property=\"article:modified_time\" content=\"2025-11-12T17:57:17+00:00\" \/>\n<meta property=\"og:image\" content=\"https:\/\/gambling6.com\/wp-content\/uploads\/2022\/04\/poker_bonusode_test_bericht.png\" \/>\n\t<meta property=\"og:image:width\" content=\"246\" \/>\n\t<meta property=\"og:image:height\" content=\"200\" \/>\n\t<meta property=\"og:image:type\" content=\"image\/png\" \/>\n<meta name=\"twitter:card\" content=\"summary_large_image\" \/>\n<meta name=\"twitter:label1\" content=\"Dur\u00e9e de lecture estim\u00e9e\" \/>\n\t<meta name=\"twitter:data1\" content=\"4 minutes\" \/>\n<script type=\"application\/ld+json\" class=\"yoast-schema-graph\">{\"@context\":\"https:\\\/\\\/schema.org\",\"@graph\":[{\"@type\":\"WebPage\",\"@id\":\"https:\\\/\\\/gambling6.com\\\/fr\\\/poker\\\/jouer-sur-des-sites-de-poker-europeens\\\/\",\"url\":\"https:\\\/\\\/gambling6.com\\\/fr\\\/poker\\\/jouer-sur-des-sites-de-poker-europeens\\\/\",\"name\":\"Meilleurs sites de poker europ\u00e9ens\",\"isPartOf\":{\"@id\":\"https:\\\/\\\/gambling6.com\\\/fr\\\/#website\"},\"primaryImageOfPage\":{\"@id\":\"https:\\\/\\\/gambling6.com\\\/fr\\\/poker\\\/jouer-sur-des-sites-de-poker-europeens\\\/#primaryimage\"},\"image\":{\"@id\":\"https:\\\/\\\/gambling6.com\\\/fr\\\/poker\\\/jouer-sur-des-sites-de-poker-europeens\\\/#primaryimage\"},\"thumbnailUrl\":\"https:\\\/\\\/gambling6.com\\\/wp-content\\\/uploads\\\/2022\\\/04\\\/poker_bonusode_test_bericht.png\",\"datePublished\":\"2025-11-07T21:33:54+00:00\",\"dateModified\":\"2025-11-12T17:57:17+00:00\",\"description\":\"Les joueurs de poker europ\u00e9ens ont l'embarras du choix parmi de nombreux sites\u00a0; voici nos salles de poker pr\u00e9f\u00e9r\u00e9es en Europe.\",\"breadcrumb\":{\"@id\":\"https:\\\/\\\/gambling6.com\\\/fr\\\/poker\\\/jouer-sur-des-sites-de-poker-europeens\\\/#breadcrumb\"},\"inLanguage\":\"fr-FR\",\"potentialAction\":[{\"@type\":\"ReadAction\",\"target\":[\"https:\\\/\\\/gambling6.com\\\/fr\\\/poker\\\/jouer-sur-des-sites-de-poker-europeens\\\/\"]}]},{\"@type\":\"ImageObject\",\"inLanguage\":\"fr-FR\",\"@id\":\"https:\\\/\\\/gambling6.com\\\/fr\\\/poker\\\/jouer-sur-des-sites-de-poker-europeens\\\/#primaryimage\",\"url\":\"https:\\\/\\\/gambling6.com\\\/wp-content\\\/uploads\\\/2022\\\/04\\\/poker_bonusode_test_bericht.png\",\"contentUrl\":\"https:\\\/\\\/gambling6.com\\\/wp-content\\\/uploads\\\/2022\\\/04\\\/poker_bonusode_test_bericht.png\"},{\"@type\":\"BreadcrumbList\",\"@id\":\"https:\\\/\\\/gambling6.com\\\/fr\\\/poker\\\/jouer-sur-des-sites-de-poker-europeens\\\/#breadcrumb\",\"itemListElement\":[{\"@type\":\"ListItem\",\"position\":1,\"name\":\"Home\",\"item\":\"https:\\\/\\\/gambling6.com\\\/fr\\\/home\\\/\"},{\"@type\":\"ListItem\",\"position\":2,\"name\":\"Poker\",\"item\":\"https:\\\/\\\/gambling6.com\\\/fr\\\/poker\\\/\"},{\"@type\":\"ListItem\",\"position\":3,\"name\":\"Jouer sur des sites de poker europ\u00e9ens\"}]},{\"@type\":\"WebSite\",\"@id\":\"https:\\\/\\\/gambling6.com\\\/fr\\\/#website\",\"url\":\"https:\\\/\\\/gambling6.com\\\/fr\\\/\",\"name\":\"Gambling6\",\"description\":\"\",\"potentialAction\":[{\"@type\":\"SearchAction\",\"target\":{\"@type\":\"EntryPoint\",\"urlTemplate\":\"https:\\\/\\\/gambling6.com\\\/fr\\\/?s={search_term_string}\"},\"query-input\":{\"@type\":\"PropertyValueSpecification\",\"valueRequired\":true,\"valueName\":\"search_term_string\"}}],\"inLanguage\":\"fr-FR\"}]}<\/script>\n<!-- \/ Yoast SEO plugin. -->","yoast_head_json":{"title":"Meilleurs sites de poker europ\u00e9ens","description":"Les joueurs de poker europ\u00e9ens ont l'embarras du choix parmi de nombreux sites\u00a0; voici nos salles de poker pr\u00e9f\u00e9r\u00e9es en Europe.","robots":{"index":"index","follow":"follow","max-snippet":"max-snippet:-1","max-image-preview":"max-image-preview:large","max-video-preview":"max-video-preview:-1"},"canonical":"https:\/\/gambling6.com\/fr\/poker\/jouer-sur-des-sites-de-poker-europeens\/","og_locale":"fr_FR","og_type":"article","og_title":"Meilleurs sites de poker europ\u00e9ens","og_description":"Les joueurs de poker europ\u00e9ens ont l'embarras du choix parmi de nombreux sites\u00a0; voici nos salles de poker pr\u00e9f\u00e9r\u00e9es en Europe.","og_url":"https:\/\/gambling6.com\/fr\/poker\/jouer-sur-des-sites-de-poker-europeens\/","og_site_name":"Gambling6","article_modified_time":"2025-11-12T17:57:17+00:00","og_image":[{"width":246,"height":200,"url":"https:\/\/gambling6.com\/wp-content\/uploads\/2022\/04\/poker_bonusode_test_bericht.png","type":"image\/png"}],"twitter_card":"summary_large_image","twitter_misc":{"Dur\u00e9e de lecture estim\u00e9e":"4 minutes"},"schema":{"@context":"https:\/\/schema.org","@graph":[{"@type":"WebPage","@id":"https:\/\/gambling6.com\/fr\/poker\/jouer-sur-des-sites-de-poker-europeens\/","url":"https:\/\/gambling6.com\/fr\/poker\/jouer-sur-des-sites-de-poker-europeens\/","name":"Meilleurs sites de poker europ\u00e9ens","isPartOf":{"@id":"https:\/\/gambling6.com\/fr\/#website"},"primaryImageOfPage":{"@id":"https:\/\/gambling6.com\/fr\/poker\/jouer-sur-des-sites-de-poker-europeens\/#primaryimage"},"image":{"@id":"https:\/\/gambling6.com\/fr\/poker\/jouer-sur-des-sites-de-poker-europeens\/#primaryimage"},"thumbnailUrl":"https:\/\/gambling6.com\/wp-content\/uploads\/2022\/04\/poker_bonusode_test_bericht.png","datePublished":"2025-11-07T21:33:54+00:00","dateModified":"2025-11-12T17:57:17+00:00","description":"Les joueurs de poker europ\u00e9ens ont l'embarras du choix parmi de nombreux sites\u00a0; voici nos salles de poker pr\u00e9f\u00e9r\u00e9es en Europe.","breadcrumb":{"@id":"https:\/\/gambling6.com\/fr\/poker\/jouer-sur-des-sites-de-poker-europeens\/#breadcrumb"},"inLanguage":"fr-FR","potentialAction":[{"@type":"ReadAction","target":["https:\/\/gambling6.com\/fr\/poker\/jouer-sur-des-sites-de-poker-europeens\/"]}]},{"@type":"ImageObject","inLanguage":"fr-FR","@id":"https:\/\/gambling6.com\/fr\/poker\/jouer-sur-des-sites-de-poker-europeens\/#primaryimage","url":"https:\/\/gambling6.com\/wp-content\/uploads\/2022\/04\/poker_bonusode_test_bericht.png","contentUrl":"https:\/\/gambling6.com\/wp-content\/uploads\/2022\/04\/poker_bonusode_test_bericht.png"},{"@type":"BreadcrumbList","@id":"https:\/\/gambling6.com\/fr\/poker\/jouer-sur-des-sites-de-poker-europeens\/#breadcrumb","itemListElement":[{"@type":"ListItem","position":1,"name":"Home","item":"https:\/\/gambling6.com\/fr\/home\/"},{"@type":"ListItem","position":2,"name":"Poker","item":"https:\/\/gambling6.com\/fr\/poker\/"},{"@type":"ListItem","position":3,"name":"Jouer sur des sites de poker europ\u00e9ens"}]},{"@type":"WebSite","@id":"https:\/\/gambling6.com\/fr\/#website","url":"https:\/\/gambling6.com\/fr\/","name":"Gambling6","description":"","potentialAction":[{"@type":"SearchAction","target":{"@type":"EntryPoint","urlTemplate":"https:\/\/gambling6.com\/fr\/?s={search_term_string}"},"query-input":{"@type":"PropertyValueSpecification","valueRequired":true,"valueName":"search_term_string"}}],"inLanguage":"fr-FR"}]}},"_links":{"self":[{"href":"https:\/\/gambling6.com\/fr\/wp-json\/wp\/v2\/pages\/8613","targetHints":{"allow":["GET"]}}],"collection":[{"href":"https:\/\/gambling6.com\/fr\/wp-json\/wp\/v2\/pages"}],"about":[{"href":"https:\/\/gambling6.com\/fr\/wp-json\/wp\/v2\/types\/page"}],"author":[{"embeddable":true,"href":"https:\/\/gambling6.com\/fr\/wp-json\/wp\/v2\/users\/1"}],"replies":[{"embeddable":true,"href":"https:\/\/gambling6.com\/fr\/wp-json\/wp\/v2\/comments?post=8613"}],"version-history":[{"count":2,"href":"https:\/\/gambling6.com\/fr\/wp-json\/wp\/v2\/pages\/8613\/revisions"}],"predecessor-version":[{"id":10726,"href":"https:\/\/gambling6.com\/fr\/wp-json\/wp\/v2\/pages\/8613\/revisions\/10726"}],"up":[{"embeddable":true,"href":"https:\/\/gambling6.com\/fr\/wp-json\/wp\/v2\/pages\/8777"}],"wp:attachment":[{"href":"https:\/\/gambling6.com\/fr\/wp-json\/wp\/v2\/media?parent=8613"}],"curies":[{"name":"wp","href":"https:\/\/api.w.org\/{rel}","templated":true}]}}