{"id":8683,"date":"2025-11-07T22:47:22","date_gmt":"2025-11-07T22:47:22","guid":{"rendered":"https:\/\/gambling6.com\/cartes-a-gratter\/"},"modified":"2025-11-15T10:12:31","modified_gmt":"2025-11-15T10:12:31","slug":"cartes-a-gratter","status":"publish","type":"page","link":"https:\/\/gambling6.com\/fr\/cartes-a-gratter\/","title":{"rendered":"cartes \u00e0 gratter"},"content":{"rendered":"<p>Si vous aimez l&rsquo;adr\u00e9naline des jeux \u00e0 gratter ou autres jeux \u00e0 gain instantan\u00e9, <strong>vous allez adorer notre recommandation de site pour jouer aux cartes \u00e0 gratter en ligne.<\/strong> De nombreux sites proposent des cartes \u00e0 gratter sur Internet. Tous offrent des bonus d&rsquo;inscription et une large s\u00e9lection de jeux. Inscrivez-vous, choisissez un mode de paiement, rechargez votre compte et commencez \u00e0 jouer en quelques minutes. <img loading=\"lazy\" decoding=\"async\" class=\" alignright wp-image-511\" style=\"margin: 10px; border: 5px solid #ffffff; float: right;\" src=\"http:\/\/gambling6.com\/wp-content\/uploads\/2013\/12\/best_online_scratchcards.jpg\" alt=\"meilleurs jeux \u00e0 gratter en ligne\" width=\"299\" height=\"163\" srcset=\"https:\/\/gambling6.com\/wp-content\/uploads\/2013\/12\/best_online_scratchcards.jpg 446w, https:\/\/gambling6.com\/wp-content\/uploads\/2013\/12\/best_online_scratchcards-300x163.jpg 300w\" sizes=\"auto, (max-width: 299px) 100vw, 299px\" \/><\/p>\n<h2>Les sites de cartes \u00e0 gratter en ligne proposent des animations attrayantes<\/h2>\n<p>Contrairement aux jeux propos\u00e9s par votre d\u00e9taillant de loterie pr\u00e9f\u00e9r\u00e9, les versions en ligne des cartes \u00e0 gratter offrent des animations captivantes pour une exp\u00e9rience de jeu divertissante. Le frisson de la victoire et la mont\u00e9e d&rsquo;adr\u00e9naline ressentie en voyant appara\u00eetre les symboles gagnants \u00e0 l&rsquo;\u00e9cran sont ce qui fid\u00e9lise les joueurs sur les sites de jeux \u00e0 gratter en ligne. Ces sites ont ajout\u00e9 des \u00e9l\u00e9ments visuels pour intensifier le suspense et l&rsquo;excitation.<\/p>\n<h2>Les jeux \u00e0 gratter Instant Win de 888 Casino sont con\u00e7us pour les joueurs europ\u00e9ens et britanniques.<\/h2>\n<p>888 Casino est reconnu internationalement comme un casino de premier plan, mais il est \u00e9galement un acteur incontournable du jeu \u00e0 gratter en ligne. <a class=\"thirstylink\" title=\"888 casino en\" href=\"https:\/\/gambling6.com\/go\/888-casino-en\/\" target=\"_blank\" rel=\"nofollow noopener\">Vous pouvez acc\u00e9der \u00e0 la section jeux \u00e0 gratter en cliquant ici.<\/a><\/p>\n<p>Que trouverez-vous exactement dans les jeux de jeux \u00e0 gratter en ligne de 888 Casino\u00a0? Avant tout, les joueurs appr\u00e9cieront le grand nombre de cartes propos\u00e9es. Vous pouvez jouer \u00e0 plus de 40 jeux diff\u00e9rents, et si vous vous lassez des cartes \u00e0 gratter, vous pouvez rapidement passer \u00e0 leurs centaines de machines \u00e0 sous en ligne avec jackpots progressifs et une gamme de jeux pour tous les joueurs. Nombre de ces machines commencent avec des mises minimales et offrent des gains exceptionnels.<\/p>\n<p>Ce site propose une large gamme de jeux de casino, mais aussi du poker et des paris sportifs.<\/p>\n<p>L&rsquo;attrait de 888 Casino repose sur son \u00e9quipe d&rsquo;assistance, qui s&rsquo;efforce de cr\u00e9er un environnement qui vous donne envie de revenir. Elle imagine constamment de nouvelles fa\u00e7ons de vous proposer de nouveaux jeux et de nouvelles opportunit\u00e9s de gains, et vous tient inform\u00e9 \u00e0 chaque \u00e9tape.<\/p>\n<p>Ajoutez des jackpots colossaux \u00e0 une multitude de jeux et une \u00e9quipe de premier ordre qui travaille jour et nuit pour vous offrir de nouveaux programmes et vous divertir, et vous obtenez un cocktail explosif pour les amateurs de cartes \u00e0 gratter. Ne manquez pas l&rsquo;aventure 888 Casino\u00a0!<\/p>\n","protected":false},"excerpt":{"rendered":"<p>Si vous aimez l&rsquo;adr\u00e9naline des jeux \u00e0 gratter ou autres jeux \u00e0 gain instantan\u00e9, vous allez adorer notre recommandation de site pour jouer aux cartes \u00e0 gratter en ligne. De nombreux sites proposent des cartes \u00e0 gratter sur Internet. Tous offrent des bonus d&rsquo;inscription et une large s\u00e9lection de jeux. Inscrivez-vous, choisissez un mode de [&hellip;]<\/p>\n","protected":false},"author":1,"featured_media":512,"parent":0,"menu_order":7,"comment_status":"closed","ping_status":"closed","template":"","meta":{"footnotes":""},"class_list":["post-8683","page","type-page","status-publish","has-post-thumbnail","hentry"],"yoast_head":"<!-- This site is optimized with the Yoast SEO plugin v27.6 - https:\/\/yoast.com\/product\/yoast-seo-wordpress\/ -->\n<title>Quels sont les meilleurs sites de jeux \u00e0 gratter en ligne ?<\/title>\n<meta name=\"description\" content=\"Commencez \u00e0 jouer sur le meilleur site de jeux \u00e0 gratter en ligne. Des dizaines de jeux \u00e0 gratter sont disponibles, avec une large gamme de prix.\" \/>\n<meta name=\"robots\" content=\"index, follow, max-snippet:-1, max-image-preview:large, max-video-preview:-1\" \/>\n<link rel=\"canonical\" href=\"https:\/\/gambling6.com\/fr\/cartes-a-gratter\/\" \/>\n<meta property=\"og:locale\" content=\"fr_FR\" \/>\n<meta property=\"og:type\" content=\"article\" \/>\n<meta property=\"og:title\" content=\"Quels sont les meilleurs sites de jeux \u00e0 gratter en ligne ?\" \/>\n<meta property=\"og:description\" content=\"Commencez \u00e0 jouer sur le meilleur site de jeux \u00e0 gratter en ligne. Des dizaines de jeux \u00e0 gratter sont disponibles, avec une large gamme de prix.\" \/>\n<meta property=\"og:url\" content=\"https:\/\/gambling6.com\/fr\/cartes-a-gratter\/\" \/>\n<meta property=\"og:site_name\" content=\"Gambling6\" \/>\n<meta property=\"article:modified_time\" content=\"2025-11-15T10:12:31+00:00\" \/>\n<meta property=\"og:image\" content=\"https:\/\/gambling6.com\/wp-content\/uploads\/2013\/12\/best_online_scratchcards.jpg\" \/>\n\t<meta property=\"og:image:width\" content=\"446\" \/>\n\t<meta property=\"og:image:height\" content=\"243\" \/>\n\t<meta property=\"og:image:type\" content=\"image\/jpeg\" \/>\n<meta name=\"twitter:card\" content=\"summary_large_image\" \/>\n<meta name=\"twitter:label1\" content=\"Dur\u00e9e de lecture estim\u00e9e\" \/>\n\t<meta name=\"twitter:data1\" content=\"2 minutes\" \/>\n<script type=\"application\/ld+json\" class=\"yoast-schema-graph\">{\"@context\":\"https:\\\/\\\/schema.org\",\"@graph\":[{\"@type\":\"WebPage\",\"@id\":\"https:\\\/\\\/gambling6.com\\\/fr\\\/cartes-a-gratter\\\/\",\"url\":\"https:\\\/\\\/gambling6.com\\\/fr\\\/cartes-a-gratter\\\/\",\"name\":\"Quels sont les meilleurs sites de jeux \u00e0 gratter en ligne ?\",\"isPartOf\":{\"@id\":\"https:\\\/\\\/gambling6.com\\\/fr\\\/#website\"},\"primaryImageOfPage\":{\"@id\":\"https:\\\/\\\/gambling6.com\\\/fr\\\/cartes-a-gratter\\\/#primaryimage\"},\"image\":{\"@id\":\"https:\\\/\\\/gambling6.com\\\/fr\\\/cartes-a-gratter\\\/#primaryimage\"},\"thumbnailUrl\":\"https:\\\/\\\/gambling6.com\\\/wp-content\\\/uploads\\\/2013\\\/12\\\/best_online_scratchcards.jpg\",\"datePublished\":\"2025-11-07T22:47:22+00:00\",\"dateModified\":\"2025-11-15T10:12:31+00:00\",\"description\":\"Commencez \u00e0 jouer sur le meilleur site de jeux \u00e0 gratter en ligne. Des dizaines de jeux \u00e0 gratter sont disponibles, avec une large gamme de prix.\",\"breadcrumb\":{\"@id\":\"https:\\\/\\\/gambling6.com\\\/fr\\\/cartes-a-gratter\\\/#breadcrumb\"},\"inLanguage\":\"fr-FR\",\"potentialAction\":[{\"@type\":\"ReadAction\",\"target\":[\"https:\\\/\\\/gambling6.com\\\/fr\\\/cartes-a-gratter\\\/\"]}]},{\"@type\":\"ImageObject\",\"inLanguage\":\"fr-FR\",\"@id\":\"https:\\\/\\\/gambling6.com\\\/fr\\\/cartes-a-gratter\\\/#primaryimage\",\"url\":\"https:\\\/\\\/gambling6.com\\\/wp-content\\\/uploads\\\/2013\\\/12\\\/best_online_scratchcards.jpg\",\"contentUrl\":\"https:\\\/\\\/gambling6.com\\\/wp-content\\\/uploads\\\/2013\\\/12\\\/best_online_scratchcards.jpg\",\"width\":446,\"height\":243},{\"@type\":\"BreadcrumbList\",\"@id\":\"https:\\\/\\\/gambling6.com\\\/fr\\\/cartes-a-gratter\\\/#breadcrumb\",\"itemListElement\":[{\"@type\":\"ListItem\",\"position\":1,\"name\":\"Home\",\"item\":\"https:\\\/\\\/gambling6.com\\\/fr\\\/home\\\/\"},{\"@type\":\"ListItem\",\"position\":2,\"name\":\"cartes \u00e0 gratter\"}]},{\"@type\":\"WebSite\",\"@id\":\"https:\\\/\\\/gambling6.com\\\/fr\\\/#website\",\"url\":\"https:\\\/\\\/gambling6.com\\\/fr\\\/\",\"name\":\"Gambling6\",\"description\":\"\",\"potentialAction\":[{\"@type\":\"SearchAction\",\"target\":{\"@type\":\"EntryPoint\",\"urlTemplate\":\"https:\\\/\\\/gambling6.com\\\/fr\\\/?s={search_term_string}\"},\"query-input\":{\"@type\":\"PropertyValueSpecification\",\"valueRequired\":true,\"valueName\":\"search_term_string\"}}],\"inLanguage\":\"fr-FR\"}]}<\/script>\n<!-- \/ Yoast SEO plugin. -->","yoast_head_json":{"title":"Quels sont les meilleurs sites de jeux \u00e0 gratter en ligne ?","description":"Commencez \u00e0 jouer sur le meilleur site de jeux \u00e0 gratter en ligne. Des dizaines de jeux \u00e0 gratter sont disponibles, avec une large gamme de prix.","robots":{"index":"index","follow":"follow","max-snippet":"max-snippet:-1","max-image-preview":"max-image-preview:large","max-video-preview":"max-video-preview:-1"},"canonical":"https:\/\/gambling6.com\/fr\/cartes-a-gratter\/","og_locale":"fr_FR","og_type":"article","og_title":"Quels sont les meilleurs sites de jeux \u00e0 gratter en ligne ?","og_description":"Commencez \u00e0 jouer sur le meilleur site de jeux \u00e0 gratter en ligne. Des dizaines de jeux \u00e0 gratter sont disponibles, avec une large gamme de prix.","og_url":"https:\/\/gambling6.com\/fr\/cartes-a-gratter\/","og_site_name":"Gambling6","article_modified_time":"2025-11-15T10:12:31+00:00","og_image":[{"width":446,"height":243,"url":"https:\/\/gambling6.com\/wp-content\/uploads\/2013\/12\/best_online_scratchcards.jpg","type":"image\/jpeg"}],"twitter_card":"summary_large_image","twitter_misc":{"Dur\u00e9e de lecture estim\u00e9e":"2 minutes"},"schema":{"@context":"https:\/\/schema.org","@graph":[{"@type":"WebPage","@id":"https:\/\/gambling6.com\/fr\/cartes-a-gratter\/","url":"https:\/\/gambling6.com\/fr\/cartes-a-gratter\/","name":"Quels sont les meilleurs sites de jeux \u00e0 gratter en ligne ?","isPartOf":{"@id":"https:\/\/gambling6.com\/fr\/#website"},"primaryImageOfPage":{"@id":"https:\/\/gambling6.com\/fr\/cartes-a-gratter\/#primaryimage"},"image":{"@id":"https:\/\/gambling6.com\/fr\/cartes-a-gratter\/#primaryimage"},"thumbnailUrl":"https:\/\/gambling6.com\/wp-content\/uploads\/2013\/12\/best_online_scratchcards.jpg","datePublished":"2025-11-07T22:47:22+00:00","dateModified":"2025-11-15T10:12:31+00:00","description":"Commencez \u00e0 jouer sur le meilleur site de jeux \u00e0 gratter en ligne. Des dizaines de jeux \u00e0 gratter sont disponibles, avec une large gamme de prix.","breadcrumb":{"@id":"https:\/\/gambling6.com\/fr\/cartes-a-gratter\/#breadcrumb"},"inLanguage":"fr-FR","potentialAction":[{"@type":"ReadAction","target":["https:\/\/gambling6.com\/fr\/cartes-a-gratter\/"]}]},{"@type":"ImageObject","inLanguage":"fr-FR","@id":"https:\/\/gambling6.com\/fr\/cartes-a-gratter\/#primaryimage","url":"https:\/\/gambling6.com\/wp-content\/uploads\/2013\/12\/best_online_scratchcards.jpg","contentUrl":"https:\/\/gambling6.com\/wp-content\/uploads\/2013\/12\/best_online_scratchcards.jpg","width":446,"height":243},{"@type":"BreadcrumbList","@id":"https:\/\/gambling6.com\/fr\/cartes-a-gratter\/#breadcrumb","itemListElement":[{"@type":"ListItem","position":1,"name":"Home","item":"https:\/\/gambling6.com\/fr\/home\/"},{"@type":"ListItem","position":2,"name":"cartes \u00e0 gratter"}]},{"@type":"WebSite","@id":"https:\/\/gambling6.com\/fr\/#website","url":"https:\/\/gambling6.com\/fr\/","name":"Gambling6","description":"","potentialAction":[{"@type":"SearchAction","target":{"@type":"EntryPoint","urlTemplate":"https:\/\/gambling6.com\/fr\/?s={search_term_string}"},"query-input":{"@type":"PropertyValueSpecification","valueRequired":true,"valueName":"search_term_string"}}],"inLanguage":"fr-FR"}]}},"_links":{"self":[{"href":"https:\/\/gambling6.com\/fr\/wp-json\/wp\/v2\/pages\/8683","targetHints":{"allow":["GET"]}}],"collection":[{"href":"https:\/\/gambling6.com\/fr\/wp-json\/wp\/v2\/pages"}],"about":[{"href":"https:\/\/gambling6.com\/fr\/wp-json\/wp\/v2\/types\/page"}],"author":[{"embeddable":true,"href":"https:\/\/gambling6.com\/fr\/wp-json\/wp\/v2\/users\/1"}],"replies":[{"embeddable":true,"href":"https:\/\/gambling6.com\/fr\/wp-json\/wp\/v2\/comments?post=8683"}],"version-history":[{"count":1,"href":"https:\/\/gambling6.com\/fr\/wp-json\/wp\/v2\/pages\/8683\/revisions"}],"predecessor-version":[{"id":10919,"href":"https:\/\/gambling6.com\/fr\/wp-json\/wp\/v2\/pages\/8683\/revisions\/10919"}],"wp:featuredmedia":[{"embeddable":true,"href":"https:\/\/gambling6.com\/fr\/wp-json\/wp\/v2\/media\/512"}],"wp:attachment":[{"href":"https:\/\/gambling6.com\/fr\/wp-json\/wp\/v2\/media?parent=8683"}],"curies":[{"name":"wp","href":"https:\/\/api.w.org\/{rel}","templated":true}]}}