{"id":8777,"date":"2025-11-08T00:02:21","date_gmt":"2025-11-08T00:02:21","guid":{"rendered":"https:\/\/gambling6.com\/poker\/"},"modified":"2025-11-12T17:49:44","modified_gmt":"2025-11-12T17:49:44","slug":"poker","status":"publish","type":"page","link":"https:\/\/gambling6.com\/fr\/poker\/","title":{"rendered":"Poker"},"content":{"rendered":"<h2 style=\"text-align: left;\"><img loading=\"lazy\" decoding=\"async\" class=\"wp-image-3009 alignright\" src=\"https:\/\/gambling6.com\/wp-content\/uploads\/2022\/04\/pokertournament-300x209.jpg\" alt=\"commencez le poker en ligne\" width=\"266\" height=\"185\" srcset=\"https:\/\/gambling6.com\/wp-content\/uploads\/2022\/04\/pokertournament-300x209.jpg 300w, https:\/\/gambling6.com\/wp-content\/uploads\/2022\/04\/pokertournament.jpg 415w\" sizes=\"auto, (max-width: 266px) 100vw, 266px\" \/>Commencer au poker en ligne<\/h2>\n<p>Si vous souhaitez commencer \u00e0 jouer au poker en ligne, voici quelques points importants \u00e0 savoir. Le poker est un jeu d&rsquo;adresse. Cela ne signifie pas que la chance n&rsquo;y joue aucun r\u00f4le \u2013 bien au contraire \u2013 mais il est ind\u00e9niable que pour gagner de l&rsquo;argent, il vous faudra un certain temps pour ma\u00eetriser les techniques.<\/p>\n<h2>5 r\u00e8gles d&rsquo;or pour d\u00e9buter au poker en ligne<\/h2>\n<ol>\n<li>Choisissez judicieusement votre salle de poker\u00a0: consultez nos avis avant de choisir votre site.<\/li>\n<li>Commencez par jouer en argent fictif pour vous familiariser avec les r\u00e8gles et le jeu, puis d\u00e9butez avec le niveau de mise r\u00e9el le plus bas.<\/li>\n<li>Consacrez du temps \u00e0 l&rsquo;\u00e9tude des strat\u00e9gies de poker. Sachez quelles mains de d\u00e9part sont favorables dans chaque situation et comment les jouer selon votre position \u00e0 la table. \u00ab\u00a0La prudence est de mise\u00a0\u00bb est le meilleur conseil pour un d\u00e9butant, et votre position relative est cruciale pour vos d\u00e9cisions.<\/li>\n<li>Profitez d&rsquo;un bon bonus sur votre premier d\u00e9p\u00f4t, ou m\u00eame d&rsquo;une offre de bankroll gratuite comme celle de 888 Poker. Ils vous offrent 20\u00a0\u20ac (ou \u00a3, selon votre pays) \u00e0 l&rsquo;inscription\u00a0! De plus, vous b\u00e9n\u00e9ficiez d&rsquo;un bonus de d\u00e9p\u00f4t de 100\u00a0% jusqu&rsquo;\u00e0 300\u00a0\u20ac ou \u00a3.<a class=\"thirstylink\" title=\"888 poker en\" href=\"https:\/\/gambling6.com\/go\/888-poker-en\/\" target=\"_blank\" rel=\"nofollow noopener\"> <span style=\"text-decoration: underline;\"><strong>Cliquez ici pour<\/strong><\/span><span style=\"text-decoration: underline;\"><strong>aller<\/strong><\/span><span style=\"text-decoration: underline;\"><strong>aller<\/strong><\/span><span style=\"text-decoration: underline;\"><strong>vers<\/strong><\/span><span style=\"text-decoration: underline;\"><strong>8<\/strong><\/span><span style=\"text-decoration: underline;\"><strong>88 Poker maintenant.<\/strong><\/span><\/a><\/li>\n<li>G\u00e9rez votre bankroll avec soin. Pr\u00e9voyez au moins 100 fois, id\u00e9alement 200 fois, le montant de la mise minimale pour le niveau auquel vous jouez.<\/li>\n<\/ol>\n<p><a href=\"https:\/\/ic.aff-handler.com\/C\/46138?sr=1073333&amp;anid=\" rel=\"nofollow\"><img loading=\"lazy\" decoding=\"async\" class=\"aligncenter\" src=\"https:\/\/ic.aff-handler.com\/I\/46138?sr=1073333&amp;anid=\" width=\"563\" height=\"72\" \/><\/a><\/p>\n<h2>Les meilleurs sites pour jouer au poker en ligne pour les d\u00e9butants<\/h2>\n<p>Nous en avons d\u00e9j\u00e0 mentionn\u00e9 un. Voici 888 Poker, o\u00f9 la promotion de 20 \u20ac de bankroll gratuite vous permet de jouer imm\u00e9diatement en argent r\u00e9el, sans d\u00e9p\u00f4t. Vous recevrez ensuite un autre bonus lors de votre premier d\u00e9p\u00f4t, doublant ainsi votre mise. Ce fournisseur n&rsquo;accepte cependant pas les joueurs r\u00e9sidant aux \u00c9tats-Unis.<\/p>\n<h2>Meilleurs sites pour les joueurs de poker am\u00e9ricains<\/h2>\n<p>En raison des restrictions l\u00e9gales aux \u00c9tats-Unis, vos options sont limit\u00e9es. La plupart des op\u00e9rateurs se sont retir\u00e9s du march\u00e9 am\u00e9ricain, et un march\u00e9 des jeux d&rsquo;argent en ligne r\u00e9glement\u00e9 aux \u00c9tats-Unis reste encore un projet d&rsquo;avenir, du moins dans la plupart des \u00c9tats.<\/p>\n<p>Cela dit, actuellement, votre meilleure option est BetOnline Poker. <a class=\"thirstylink\" title=\"Betonline poker en\" href=\"https:\/\/gambling6.com\/go\/betonline-poker-en\/\" target=\"_blank\" rel=\"nofollow noopener\">Cliquez sur ce lien pour visiter leur site<\/a>, o\u00f9 vous pourrez jouer au poker ainsi qu&rsquo;\u00e0 tous types de jeux de casino.<\/p>\n","protected":false},"excerpt":{"rendered":"<p>Commencer au poker en ligne Si vous souhaitez commencer \u00e0 jouer au poker en ligne, voici quelques points importants \u00e0 savoir. Le poker est un jeu d&rsquo;adresse. Cela ne signifie pas que la chance n&rsquo;y joue aucun r\u00f4le \u2013 bien au contraire \u2013 mais il est ind\u00e9niable que pour gagner de l&rsquo;argent, il vous faudra [&hellip;]<\/p>\n","protected":false},"author":1,"featured_media":0,"parent":0,"menu_order":5,"comment_status":"closed","ping_status":"closed","template":"","meta":{"footnotes":""},"class_list":["post-8777","page","type-page","status-publish","hentry"],"yoast_head":"<!-- This site is optimized with the Yoast SEO plugin v27.4 - https:\/\/yoast.com\/product\/yoast-seo-wordpress\/ -->\n<title>Meilleurs sites pour d\u00e9buter au poker en ligne ?<\/title>\n<meta name=\"description\" content=\"Meilleurs sites de poker en ligne, 5 r\u00e8gles d&#039;or pour d\u00e9buter\" \/>\n<meta name=\"robots\" content=\"index, follow, max-snippet:-1, max-image-preview:large, max-video-preview:-1\" \/>\n<link rel=\"canonical\" href=\"https:\/\/gambling6.com\/fr\/poker\/\" \/>\n<meta property=\"og:locale\" content=\"fr_FR\" \/>\n<meta property=\"og:type\" content=\"article\" \/>\n<meta property=\"og:title\" content=\"Meilleurs sites pour d\u00e9buter au poker en ligne ?\" \/>\n<meta property=\"og:description\" content=\"Meilleurs sites de poker en ligne, 5 r\u00e8gles d&#039;or pour d\u00e9buter\" \/>\n<meta property=\"og:url\" content=\"https:\/\/gambling6.com\/fr\/poker\/\" \/>\n<meta property=\"og:site_name\" content=\"Gambling6\" \/>\n<meta property=\"article:modified_time\" content=\"2025-11-12T17:49:44+00:00\" \/>\n<meta property=\"og:image\" content=\"https:\/\/gambling6.com\/wp-content\/uploads\/2022\/04\/pokertournament.jpg\" \/>\n\t<meta property=\"og:image:width\" content=\"415\" \/>\n\t<meta property=\"og:image:height\" content=\"289\" \/>\n\t<meta property=\"og:image:type\" content=\"image\/jpeg\" \/>\n<meta name=\"twitter:card\" content=\"summary_large_image\" \/>\n<meta name=\"twitter:label1\" content=\"Dur\u00e9e de lecture estim\u00e9e\" \/>\n\t<meta name=\"twitter:data1\" content=\"2 minutes\" \/>\n<script type=\"application\/ld+json\" class=\"yoast-schema-graph\">{\"@context\":\"https:\\\/\\\/schema.org\",\"@graph\":[{\"@type\":\"WebPage\",\"@id\":\"https:\\\/\\\/gambling6.com\\\/fr\\\/poker\\\/\",\"url\":\"https:\\\/\\\/gambling6.com\\\/fr\\\/poker\\\/\",\"name\":\"Meilleurs sites pour d\u00e9buter au poker en ligne ?\",\"isPartOf\":{\"@id\":\"https:\\\/\\\/gambling6.com\\\/fr\\\/#website\"},\"primaryImageOfPage\":{\"@id\":\"https:\\\/\\\/gambling6.com\\\/fr\\\/poker\\\/#primaryimage\"},\"image\":{\"@id\":\"https:\\\/\\\/gambling6.com\\\/fr\\\/poker\\\/#primaryimage\"},\"thumbnailUrl\":\"https:\\\/\\\/gambling6.com\\\/wp-content\\\/uploads\\\/2022\\\/04\\\/pokertournament-300x209.jpg\",\"datePublished\":\"2025-11-08T00:02:21+00:00\",\"dateModified\":\"2025-11-12T17:49:44+00:00\",\"description\":\"Meilleurs sites de poker en ligne, 5 r\u00e8gles d'or pour d\u00e9buter\",\"breadcrumb\":{\"@id\":\"https:\\\/\\\/gambling6.com\\\/fr\\\/poker\\\/#breadcrumb\"},\"inLanguage\":\"fr-FR\",\"potentialAction\":[{\"@type\":\"ReadAction\",\"target\":[\"https:\\\/\\\/gambling6.com\\\/fr\\\/poker\\\/\"]}]},{\"@type\":\"ImageObject\",\"inLanguage\":\"fr-FR\",\"@id\":\"https:\\\/\\\/gambling6.com\\\/fr\\\/poker\\\/#primaryimage\",\"url\":\"https:\\\/\\\/gambling6.com\\\/wp-content\\\/uploads\\\/2022\\\/04\\\/pokertournament-300x209.jpg\",\"contentUrl\":\"https:\\\/\\\/gambling6.com\\\/wp-content\\\/uploads\\\/2022\\\/04\\\/pokertournament-300x209.jpg\"},{\"@type\":\"BreadcrumbList\",\"@id\":\"https:\\\/\\\/gambling6.com\\\/fr\\\/poker\\\/#breadcrumb\",\"itemListElement\":[{\"@type\":\"ListItem\",\"position\":1,\"name\":\"Home\",\"item\":\"https:\\\/\\\/gambling6.com\\\/fr\\\/home\\\/\"},{\"@type\":\"ListItem\",\"position\":2,\"name\":\"Poker\"}]},{\"@type\":\"WebSite\",\"@id\":\"https:\\\/\\\/gambling6.com\\\/fr\\\/#website\",\"url\":\"https:\\\/\\\/gambling6.com\\\/fr\\\/\",\"name\":\"Gambling6\",\"description\":\"\",\"potentialAction\":[{\"@type\":\"SearchAction\",\"target\":{\"@type\":\"EntryPoint\",\"urlTemplate\":\"https:\\\/\\\/gambling6.com\\\/fr\\\/?s={search_term_string}\"},\"query-input\":{\"@type\":\"PropertyValueSpecification\",\"valueRequired\":true,\"valueName\":\"search_term_string\"}}],\"inLanguage\":\"fr-FR\"}]}<\/script>\n<!-- \/ Yoast SEO plugin. -->","yoast_head_json":{"title":"Meilleurs sites pour d\u00e9buter au poker en ligne ?","description":"Meilleurs sites de poker en ligne, 5 r\u00e8gles d'or pour d\u00e9buter","robots":{"index":"index","follow":"follow","max-snippet":"max-snippet:-1","max-image-preview":"max-image-preview:large","max-video-preview":"max-video-preview:-1"},"canonical":"https:\/\/gambling6.com\/fr\/poker\/","og_locale":"fr_FR","og_type":"article","og_title":"Meilleurs sites pour d\u00e9buter au poker en ligne ?","og_description":"Meilleurs sites de poker en ligne, 5 r\u00e8gles d'or pour d\u00e9buter","og_url":"https:\/\/gambling6.com\/fr\/poker\/","og_site_name":"Gambling6","article_modified_time":"2025-11-12T17:49:44+00:00","og_image":[{"width":415,"height":289,"url":"https:\/\/gambling6.com\/wp-content\/uploads\/2022\/04\/pokertournament.jpg","type":"image\/jpeg"}],"twitter_card":"summary_large_image","twitter_misc":{"Dur\u00e9e de lecture estim\u00e9e":"2 minutes"},"schema":{"@context":"https:\/\/schema.org","@graph":[{"@type":"WebPage","@id":"https:\/\/gambling6.com\/fr\/poker\/","url":"https:\/\/gambling6.com\/fr\/poker\/","name":"Meilleurs sites pour d\u00e9buter au poker en ligne ?","isPartOf":{"@id":"https:\/\/gambling6.com\/fr\/#website"},"primaryImageOfPage":{"@id":"https:\/\/gambling6.com\/fr\/poker\/#primaryimage"},"image":{"@id":"https:\/\/gambling6.com\/fr\/poker\/#primaryimage"},"thumbnailUrl":"https:\/\/gambling6.com\/wp-content\/uploads\/2022\/04\/pokertournament-300x209.jpg","datePublished":"2025-11-08T00:02:21+00:00","dateModified":"2025-11-12T17:49:44+00:00","description":"Meilleurs sites de poker en ligne, 5 r\u00e8gles d'or pour d\u00e9buter","breadcrumb":{"@id":"https:\/\/gambling6.com\/fr\/poker\/#breadcrumb"},"inLanguage":"fr-FR","potentialAction":[{"@type":"ReadAction","target":["https:\/\/gambling6.com\/fr\/poker\/"]}]},{"@type":"ImageObject","inLanguage":"fr-FR","@id":"https:\/\/gambling6.com\/fr\/poker\/#primaryimage","url":"https:\/\/gambling6.com\/wp-content\/uploads\/2022\/04\/pokertournament-300x209.jpg","contentUrl":"https:\/\/gambling6.com\/wp-content\/uploads\/2022\/04\/pokertournament-300x209.jpg"},{"@type":"BreadcrumbList","@id":"https:\/\/gambling6.com\/fr\/poker\/#breadcrumb","itemListElement":[{"@type":"ListItem","position":1,"name":"Home","item":"https:\/\/gambling6.com\/fr\/home\/"},{"@type":"ListItem","position":2,"name":"Poker"}]},{"@type":"WebSite","@id":"https:\/\/gambling6.com\/fr\/#website","url":"https:\/\/gambling6.com\/fr\/","name":"Gambling6","description":"","potentialAction":[{"@type":"SearchAction","target":{"@type":"EntryPoint","urlTemplate":"https:\/\/gambling6.com\/fr\/?s={search_term_string}"},"query-input":{"@type":"PropertyValueSpecification","valueRequired":true,"valueName":"search_term_string"}}],"inLanguage":"fr-FR"}]}},"_links":{"self":[{"href":"https:\/\/gambling6.com\/fr\/wp-json\/wp\/v2\/pages\/8777","targetHints":{"allow":["GET"]}}],"collection":[{"href":"https:\/\/gambling6.com\/fr\/wp-json\/wp\/v2\/pages"}],"about":[{"href":"https:\/\/gambling6.com\/fr\/wp-json\/wp\/v2\/types\/page"}],"author":[{"embeddable":true,"href":"https:\/\/gambling6.com\/fr\/wp-json\/wp\/v2\/users\/1"}],"replies":[{"embeddable":true,"href":"https:\/\/gambling6.com\/fr\/wp-json\/wp\/v2\/comments?post=8777"}],"version-history":[{"count":2,"href":"https:\/\/gambling6.com\/fr\/wp-json\/wp\/v2\/pages\/8777\/revisions"}],"predecessor-version":[{"id":10720,"href":"https:\/\/gambling6.com\/fr\/wp-json\/wp\/v2\/pages\/8777\/revisions\/10720"}],"wp:attachment":[{"href":"https:\/\/gambling6.com\/fr\/wp-json\/wp\/v2\/media?parent=8777"}],"curies":[{"name":"wp","href":"https:\/\/api.w.org\/{rel}","templated":true}]}}