{"id":8832,"date":"2025-11-08T08:29:06","date_gmt":"2025-11-08T08:29:06","guid":{"rendered":"https:\/\/gambling6.com\/casino\/proteger-votre-compte-de-jeu-en-ligne\/"},"modified":"2025-11-12T16:48:07","modified_gmt":"2025-11-12T16:48:07","slug":"proteger-votre-compte-de-jeu-en-ligne","status":"publish","type":"page","link":"https:\/\/gambling6.com\/fr\/casino\/proteger-votre-compte-de-jeu-en-ligne\/","title":{"rendered":"Prot\u00e9ger votre compte de jeu en ligne"},"content":{"rendered":"<h2>\u00c9vitez les sites douteux et prenez des pr\u00e9cautions.<\/h2>\n<p>Le monde du jeu en ligne a connu une croissance fulgurante, et si cela est g\u00e9n\u00e9ralement une bonne chose pour les joueurs, cela comporte aussi quelques inconv\u00e9nients. La s\u00e9curit\u00e9 en ligne offerte par les casinos est sans doute l&rsquo;\u00e9l\u00e9ment le plus crucial lorsqu&rsquo;on joue en argent r\u00e9el, et les utilisateurs doivent avoir la garantie de transactions financi\u00e8res irr\u00e9prochables.<\/p>\n<p>Malheureusement, dans le monde technologiquement avanc\u00e9 d&rsquo;aujourd&rsquo;hui, les arnaques et les fraudes en ligne sont bien trop fr\u00e9quentes pour croire que vous n&rsquo;en serez pas victime et, par cons\u00e9quent, ne prendre aucune mesure de pr\u00e9caution. De nouveaux casinos en ligne apparaissent presque du jour au lendemain, promettant des bonus mirobolants pour se lancer et attirer un grand nombre de clients.<\/p>\n<p>Il est essentiel de savoir si l&rsquo;on peut leur faire confiance, et il est fortement recommand\u00e9 de se renseigner au pr\u00e9alable aupr\u00e8s d&rsquo;autres sites. Les avis laiss\u00e9s par les utilisateurs ou les joueurs exp\u00e9riment\u00e9s sont de plus en plus populaires sur Internet, car de plus en plus de joueurs prennent conscience du risque de se lancer \u00e0 l&rsquo;aveuglette et recherchent d&rsquo;abord des informations rassurantes.<\/p>\n<h2>Jeux d&rsquo;argent en ligne aux \u00c9tats-Unis<\/h2>\n<p><img loading=\"lazy\" decoding=\"async\" class=\" wp-image-2415 alignright\" src=\"https:\/\/gambling6.com\/wp-content\/uploads\/2022\/04\/1_play_euromillions_online3-300x200.jpg\" alt=\"s\u00e9curit\u00e9 du casino\" width=\"263\" height=\"175\" srcset=\"https:\/\/gambling6.com\/wp-content\/uploads\/2022\/04\/1_play_euromillions_online3-300x200.jpg 300w, https:\/\/gambling6.com\/wp-content\/uploads\/2022\/04\/1_play_euromillions_online3.jpg 320w\" sizes=\"auto, (max-width: 263px) 100vw, 263px\" \/>Les \u00c9tats-Unis repr\u00e9sentent un march\u00e9 des jeux d&rsquo;argent en ligne dynamique. Bien que les casinos en ligne soient interdits dans tous les \u00c9tats, \u00e0 l&rsquo;exception de deux, le secteur parall\u00e8le des jeux en ligne est immense, principalement parce que les joueurs am\u00e9ricains souhaitent jouer \u00e0 des jeux de casino en ligne. Ce nombre important de clients potentiels explique \u00e9galement la pr\u00e9sence de nombreux casinos en ligne am\u00e9ricains, facilitant ainsi l&rsquo;acc\u00e8s aux jeux pour les joueurs am\u00e9ricains.<\/p>\n<p>En effet, les principaux sites acceptent m\u00eame les cartes de cr\u00e9dit am\u00e9ricaines comme moyen de paiement, et tout est con\u00e7u pour offrir un maximum de confort aux joueurs. Bien que ces casinos en ligne ne soient pas r\u00e9glement\u00e9s par les \u00c9tats-Unis, ils d\u00e9tiennent des licences d\u00e9livr\u00e9es par des juridictions \u00e9trang\u00e8res, garantissant ainsi un environnement s\u00fbr et s\u00e9curis\u00e9. Le probl\u00e8me, c&rsquo;est que, parall\u00e8lement aux excellents casinos destin\u00e9s au march\u00e9 am\u00e9ricain, il existe aussi de nombreux sites douteux qui rencontrent des probl\u00e8mes de retrait ou qui n&rsquo;offrent tout simplement pas un taux de redistribution \u00e9quitable.<\/p>\n<p>C&rsquo;est pourquoi il est essentiel de consulter des avis sur le site auquel vous souhaitez vous inscrire et de v\u00e9rifier sa fiabilit\u00e9. Cela ne prend que quelques minutes et vous garantit une exp\u00e9rience de jeu en ligne optimale. En mati\u00e8re d&rsquo;\u00e9quit\u00e9, les casinos en ligne fiables utilisent des g\u00e9n\u00e9rateurs de nombres al\u00e9atoires pour assurer que chaque jeu repose uniquement sur le hasard. Un casino en ligne peut combiner les tables de casino traditionnelles avec les avantages du jeu en ligne gr\u00e2ce \u00e0 la diffusion vid\u00e9o en direct d&rsquo;un croupier.<\/p>\n<p>En tant que joueur bas\u00e9 aux \u00c9tats-Unis, vous ne pouvez pas vous tromper en choisissant le leader du march\u00e9 des casinos en ligne\u00a0: BetOnline.<a class=\"thirstylink\" title=\"Betonline casino en\" href=\"https:\/\/gambling6.com\/go\/betonline-casino-en\/\" target=\"_blank\" rel=\"nofollow noopener\"> Cliquez ici pour visiter leur site web<\/a>. Votre s\u00e9curit\u00e9 y est entre de bonnes mains, contrairement \u00e0 la plupart des autres op\u00e9rateurs de casinos offshore qui acceptent les r\u00e9sidents am\u00e9ricains.<\/p>\n<h2>Mesures de s\u00e9curit\u00e9 \u00e0 prendre en compte<\/h2>\n<p>Il convient \u00e9galement de mentionner qu&rsquo;une part importante de la responsabilit\u00e9 incombe au joueur, et qu&rsquo;il existe des mesures sp\u00e9cifiques qu&rsquo;il peut prendre pour pr\u00e9venir les arnaques et prot\u00e9ger ses fonds.<\/p>\n<p><strong>1. Utilisez un mot de passe s\u00e9curis\u00e9<\/strong><\/p>\n<p>De plus en plus de sites encouragent les utilisateurs \u00e0 utiliser des mots de passe s\u00e9curis\u00e9s et difficiles \u00e0 deviner. Inclure des chiffres et des lettres, en majuscules et en minuscules, rend un mot de passe beaucoup plus s\u00fbr, et il est \u00e9galement recommand\u00e9 de ne pas utiliser le m\u00eame mot de passe pour plusieurs comptes.<\/p>\n<p><strong>2. Assurez-vous d&rsquo;avoir un bon antivirus.<\/strong><\/p>\n<p>La plupart des joueurs ont tendance \u00e0 oublier l&rsquo;importance d&rsquo;un bon antivirus. Celui-ci peut d\u00e9tecter imm\u00e9diatement tout probl\u00e8me lorsque vous naviguez sur Internet ou t\u00e9l\u00e9chargez un fichier, comme l&rsquo;application d&rsquo;un nouveau casino en ligne.<\/p>\n<p>3. V\u00e9rifiez toujours la s\u00e9curit\u00e9 de la page.<\/p>\n<p>Lorsque vous saisissez des donn\u00e9es personnelles, telles que vos informations de compte, assurez-vous que la page est s\u00e9curis\u00e9e. Pour cela, v\u00e9rifiez que la barre d&rsquo;adresse de votre navigateur contient bien le protocole HTTPS et que le cadenas est ferm\u00e9.<\/p>\n","protected":false},"excerpt":{"rendered":"<p>\u00c9vitez les sites douteux et prenez des pr\u00e9cautions. Le monde du jeu en ligne a connu une croissance fulgurante, et si cela est g\u00e9n\u00e9ralement une bonne chose pour les joueurs, cela comporte aussi quelques inconv\u00e9nients. La s\u00e9curit\u00e9 en ligne offerte par les casinos est sans doute l&rsquo;\u00e9l\u00e9ment le plus crucial lorsqu&rsquo;on joue en argent r\u00e9el, [&hellip;]<\/p>\n","protected":false},"author":1,"featured_media":0,"parent":8290,"menu_order":36,"comment_status":"closed","ping_status":"closed","template":"","meta":{"footnotes":""},"class_list":["post-8832","page","type-page","status-publish","hentry"],"yoast_head":"<!-- This site is optimized with the Yoast SEO plugin v27.3 - https:\/\/yoast.com\/product\/yoast-seo-wordpress\/ -->\n<title>Comment puis-je s\u00e9curiser mon compte de casino en ligne ?<\/title>\n<meta name=\"description\" content=\"Conseils utiles pour jouer en ligne en toute s\u00e9curit\u00e9\u00a0: assurez-vous que votre compte de casino est s\u00e9curis\u00e9.\" \/>\n<meta name=\"robots\" content=\"index, follow, max-snippet:-1, max-image-preview:large, max-video-preview:-1\" \/>\n<link rel=\"canonical\" href=\"https:\/\/gambling6.com\/fr\/casino\/proteger-votre-compte-de-jeu-en-ligne\/\" \/>\n<meta property=\"og:locale\" content=\"fr_FR\" \/>\n<meta property=\"og:type\" content=\"article\" \/>\n<meta property=\"og:title\" content=\"Comment puis-je s\u00e9curiser mon compte de casino en ligne ?\" \/>\n<meta property=\"og:description\" content=\"Conseils utiles pour jouer en ligne en toute s\u00e9curit\u00e9\u00a0: assurez-vous que votre compte de casino est s\u00e9curis\u00e9.\" \/>\n<meta property=\"og:url\" content=\"https:\/\/gambling6.com\/fr\/casino\/proteger-votre-compte-de-jeu-en-ligne\/\" \/>\n<meta property=\"og:site_name\" content=\"Gambling6\" \/>\n<meta property=\"article:modified_time\" content=\"2025-11-12T16:48:07+00:00\" \/>\n<meta property=\"og:image\" content=\"https:\/\/gambling6.com\/wp-content\/uploads\/2022\/04\/1_play_euromillions_online3.jpg\" \/>\n\t<meta property=\"og:image:width\" content=\"320\" \/>\n\t<meta property=\"og:image:height\" content=\"213\" \/>\n\t<meta property=\"og:image:type\" content=\"image\/jpeg\" \/>\n<meta name=\"twitter:card\" content=\"summary_large_image\" \/>\n<meta name=\"twitter:label1\" content=\"Dur\u00e9e de lecture estim\u00e9e\" \/>\n\t<meta name=\"twitter:data1\" content=\"4 minutes\" \/>\n<script type=\"application\/ld+json\" class=\"yoast-schema-graph\">{\"@context\":\"https:\\\/\\\/schema.org\",\"@graph\":[{\"@type\":\"WebPage\",\"@id\":\"https:\\\/\\\/gambling6.com\\\/fr\\\/casino\\\/proteger-votre-compte-de-jeu-en-ligne\\\/\",\"url\":\"https:\\\/\\\/gambling6.com\\\/fr\\\/casino\\\/proteger-votre-compte-de-jeu-en-ligne\\\/\",\"name\":\"Comment puis-je s\u00e9curiser mon compte de casino en ligne ?\",\"isPartOf\":{\"@id\":\"https:\\\/\\\/gambling6.com\\\/fr\\\/#website\"},\"primaryImageOfPage\":{\"@id\":\"https:\\\/\\\/gambling6.com\\\/fr\\\/casino\\\/proteger-votre-compte-de-jeu-en-ligne\\\/#primaryimage\"},\"image\":{\"@id\":\"https:\\\/\\\/gambling6.com\\\/fr\\\/casino\\\/proteger-votre-compte-de-jeu-en-ligne\\\/#primaryimage\"},\"thumbnailUrl\":\"https:\\\/\\\/gambling6.com\\\/wp-content\\\/uploads\\\/2022\\\/04\\\/1_play_euromillions_online3-300x200.jpg\",\"datePublished\":\"2025-11-08T08:29:06+00:00\",\"dateModified\":\"2025-11-12T16:48:07+00:00\",\"description\":\"Conseils utiles pour jouer en ligne en toute s\u00e9curit\u00e9\u00a0: assurez-vous que votre compte de casino est s\u00e9curis\u00e9.\",\"breadcrumb\":{\"@id\":\"https:\\\/\\\/gambling6.com\\\/fr\\\/casino\\\/proteger-votre-compte-de-jeu-en-ligne\\\/#breadcrumb\"},\"inLanguage\":\"fr-FR\",\"potentialAction\":[{\"@type\":\"ReadAction\",\"target\":[\"https:\\\/\\\/gambling6.com\\\/fr\\\/casino\\\/proteger-votre-compte-de-jeu-en-ligne\\\/\"]}]},{\"@type\":\"ImageObject\",\"inLanguage\":\"fr-FR\",\"@id\":\"https:\\\/\\\/gambling6.com\\\/fr\\\/casino\\\/proteger-votre-compte-de-jeu-en-ligne\\\/#primaryimage\",\"url\":\"https:\\\/\\\/gambling6.com\\\/wp-content\\\/uploads\\\/2022\\\/04\\\/1_play_euromillions_online3-300x200.jpg\",\"contentUrl\":\"https:\\\/\\\/gambling6.com\\\/wp-content\\\/uploads\\\/2022\\\/04\\\/1_play_euromillions_online3-300x200.jpg\"},{\"@type\":\"BreadcrumbList\",\"@id\":\"https:\\\/\\\/gambling6.com\\\/fr\\\/casino\\\/proteger-votre-compte-de-jeu-en-ligne\\\/#breadcrumb\",\"itemListElement\":[{\"@type\":\"ListItem\",\"position\":1,\"name\":\"Home\",\"item\":\"https:\\\/\\\/gambling6.com\\\/fr\\\/home\\\/\"},{\"@type\":\"ListItem\",\"position\":2,\"name\":\"Casino\",\"item\":\"https:\\\/\\\/gambling6.com\\\/fr\\\/get-started-with-online-gambling\\\/\"},{\"@type\":\"ListItem\",\"position\":3,\"name\":\"Prot\u00e9ger votre compte de jeu en ligne\"}]},{\"@type\":\"WebSite\",\"@id\":\"https:\\\/\\\/gambling6.com\\\/fr\\\/#website\",\"url\":\"https:\\\/\\\/gambling6.com\\\/fr\\\/\",\"name\":\"Gambling6\",\"description\":\"\",\"potentialAction\":[{\"@type\":\"SearchAction\",\"target\":{\"@type\":\"EntryPoint\",\"urlTemplate\":\"https:\\\/\\\/gambling6.com\\\/fr\\\/?s={search_term_string}\"},\"query-input\":{\"@type\":\"PropertyValueSpecification\",\"valueRequired\":true,\"valueName\":\"search_term_string\"}}],\"inLanguage\":\"fr-FR\"}]}<\/script>\n<!-- \/ Yoast SEO plugin. -->","yoast_head_json":{"title":"Comment puis-je s\u00e9curiser mon compte de casino en ligne ?","description":"Conseils utiles pour jouer en ligne en toute s\u00e9curit\u00e9\u00a0: assurez-vous que votre compte de casino est s\u00e9curis\u00e9.","robots":{"index":"index","follow":"follow","max-snippet":"max-snippet:-1","max-image-preview":"max-image-preview:large","max-video-preview":"max-video-preview:-1"},"canonical":"https:\/\/gambling6.com\/fr\/casino\/proteger-votre-compte-de-jeu-en-ligne\/","og_locale":"fr_FR","og_type":"article","og_title":"Comment puis-je s\u00e9curiser mon compte de casino en ligne ?","og_description":"Conseils utiles pour jouer en ligne en toute s\u00e9curit\u00e9\u00a0: assurez-vous que votre compte de casino est s\u00e9curis\u00e9.","og_url":"https:\/\/gambling6.com\/fr\/casino\/proteger-votre-compte-de-jeu-en-ligne\/","og_site_name":"Gambling6","article_modified_time":"2025-11-12T16:48:07+00:00","og_image":[{"width":320,"height":213,"url":"https:\/\/gambling6.com\/wp-content\/uploads\/2022\/04\/1_play_euromillions_online3.jpg","type":"image\/jpeg"}],"twitter_card":"summary_large_image","twitter_misc":{"Dur\u00e9e de lecture estim\u00e9e":"4 minutes"},"schema":{"@context":"https:\/\/schema.org","@graph":[{"@type":"WebPage","@id":"https:\/\/gambling6.com\/fr\/casino\/proteger-votre-compte-de-jeu-en-ligne\/","url":"https:\/\/gambling6.com\/fr\/casino\/proteger-votre-compte-de-jeu-en-ligne\/","name":"Comment puis-je s\u00e9curiser mon compte de casino en ligne ?","isPartOf":{"@id":"https:\/\/gambling6.com\/fr\/#website"},"primaryImageOfPage":{"@id":"https:\/\/gambling6.com\/fr\/casino\/proteger-votre-compte-de-jeu-en-ligne\/#primaryimage"},"image":{"@id":"https:\/\/gambling6.com\/fr\/casino\/proteger-votre-compte-de-jeu-en-ligne\/#primaryimage"},"thumbnailUrl":"https:\/\/gambling6.com\/wp-content\/uploads\/2022\/04\/1_play_euromillions_online3-300x200.jpg","datePublished":"2025-11-08T08:29:06+00:00","dateModified":"2025-11-12T16:48:07+00:00","description":"Conseils utiles pour jouer en ligne en toute s\u00e9curit\u00e9\u00a0: assurez-vous que votre compte de casino est s\u00e9curis\u00e9.","breadcrumb":{"@id":"https:\/\/gambling6.com\/fr\/casino\/proteger-votre-compte-de-jeu-en-ligne\/#breadcrumb"},"inLanguage":"fr-FR","potentialAction":[{"@type":"ReadAction","target":["https:\/\/gambling6.com\/fr\/casino\/proteger-votre-compte-de-jeu-en-ligne\/"]}]},{"@type":"ImageObject","inLanguage":"fr-FR","@id":"https:\/\/gambling6.com\/fr\/casino\/proteger-votre-compte-de-jeu-en-ligne\/#primaryimage","url":"https:\/\/gambling6.com\/wp-content\/uploads\/2022\/04\/1_play_euromillions_online3-300x200.jpg","contentUrl":"https:\/\/gambling6.com\/wp-content\/uploads\/2022\/04\/1_play_euromillions_online3-300x200.jpg"},{"@type":"BreadcrumbList","@id":"https:\/\/gambling6.com\/fr\/casino\/proteger-votre-compte-de-jeu-en-ligne\/#breadcrumb","itemListElement":[{"@type":"ListItem","position":1,"name":"Home","item":"https:\/\/gambling6.com\/fr\/home\/"},{"@type":"ListItem","position":2,"name":"Casino","item":"https:\/\/gambling6.com\/fr\/get-started-with-online-gambling\/"},{"@type":"ListItem","position":3,"name":"Prot\u00e9ger votre compte de jeu en ligne"}]},{"@type":"WebSite","@id":"https:\/\/gambling6.com\/fr\/#website","url":"https:\/\/gambling6.com\/fr\/","name":"Gambling6","description":"","potentialAction":[{"@type":"SearchAction","target":{"@type":"EntryPoint","urlTemplate":"https:\/\/gambling6.com\/fr\/?s={search_term_string}"},"query-input":{"@type":"PropertyValueSpecification","valueRequired":true,"valueName":"search_term_string"}}],"inLanguage":"fr-FR"}]}},"_links":{"self":[{"href":"https:\/\/gambling6.com\/fr\/wp-json\/wp\/v2\/pages\/8832","targetHints":{"allow":["GET"]}}],"collection":[{"href":"https:\/\/gambling6.com\/fr\/wp-json\/wp\/v2\/pages"}],"about":[{"href":"https:\/\/gambling6.com\/fr\/wp-json\/wp\/v2\/types\/page"}],"author":[{"embeddable":true,"href":"https:\/\/gambling6.com\/fr\/wp-json\/wp\/v2\/users\/1"}],"replies":[{"embeddable":true,"href":"https:\/\/gambling6.com\/fr\/wp-json\/wp\/v2\/comments?post=8832"}],"version-history":[{"count":2,"href":"https:\/\/gambling6.com\/fr\/wp-json\/wp\/v2\/pages\/8832\/revisions"}],"predecessor-version":[{"id":10685,"href":"https:\/\/gambling6.com\/fr\/wp-json\/wp\/v2\/pages\/8832\/revisions\/10685"}],"up":[{"embeddable":true,"href":"https:\/\/gambling6.com\/fr\/wp-json\/wp\/v2\/pages\/8290"}],"wp:attachment":[{"href":"https:\/\/gambling6.com\/fr\/wp-json\/wp\/v2\/media?parent=8832"}],"curies":[{"name":"wp","href":"https:\/\/api.w.org\/{rel}","templated":true}]}}