{"id":8891,"date":"2025-11-08T09:19:58","date_gmt":"2025-11-08T09:19:58","guid":{"rendered":"https:\/\/gambling6.com\/casino\/lorigine-du-blackjack\/"},"modified":"2025-11-08T09:19:58","modified_gmt":"2025-11-08T09:19:58","slug":"lorigine-du-blackjack","status":"publish","type":"page","link":"https:\/\/gambling6.com\/fr\/casino\/lorigine-du-blackjack\/","title":{"rendered":"L&rsquo;origine du blackjack"},"content":{"rendered":"<h2>Quand le Blackjack a-t-il \u00e9t\u00e9 jou\u00e9 pour la premi\u00e8re fois\u00a0?<\/h2>\n<p><a href=\"http:\/\/gambling6.com\/wp-content\/uploads\/2013\/12\/history-of-black-jack.jpg\"><img loading=\"lazy\" decoding=\"async\" class=\"aligncenter size-full wp-image-547 alignright size-full wp-image-183\" style=\"margin: 5px; float: right;\" src=\"http:\/\/gambling6.com\/wp-content\/uploads\/2013\/12\/history-of-black-jack.jpg\" alt=\"histoire du blackjack\" width=\"243\" height=\"207\" \/><\/a>Les historiens des jeux de hasard sont perplexes quant \u00e0 l&rsquo;histoire et \u00e0 l&rsquo;origine du jeu que nous connaissons sous le nom de Blackjack. Aujourd&rsquo;hui encore, son histoire fait l&rsquo;objet de vifs d\u00e9bats parmi les chercheurs. L&rsquo;histoire des jeux de cartes permet d&rsquo;\u00e9tablir que les cartes \u00e0 jouer \u00e9taient utilis\u00e9es d\u00e8s 900 apr\u00e8s J.-C. en Chine, en Inde et en \u00c9gypte. On dit que les premiers jeux de cartes sont originaires de Chine.<\/p>\n<p>Cependant, on attribue g\u00e9n\u00e9ralement l&rsquo;invention du blackjack aux Fran\u00e7ais. Ces derniers pratiquaient des jeux de cartes appel\u00e9s \u00ab chemin de fer \u00bb et \u00ab French Ferme \u00bb. Le blackjack serait d\u00e9riv\u00e9 de ces deux jeux fran\u00e7ais.<\/p>\n<p>Vers 1700, un jeu nomm\u00e9 \u00ab vingt-et-un \u00bb fit son apparition dans les casinos fran\u00e7ais. Au XIXe si\u00e8cle, ce m\u00eame jeu se r\u00e9pandit aux \u00c9tats-Unis.<\/p>\n<p>Bien que le \u00ab vingt-et-un \u00bb semble tr\u00e8s similaire au blackjack, il s&rsquo;en distingue par certains aspects. Dans ce jeu, le but est d&rsquo;obtenir un \u00ab naturel \u00bb avec un total de cartes \u00e9gal \u00e0 vingt et un. De plus, les cartes sont distribu\u00e9es par manches, et des mises sont plac\u00e9es \u00e0 chaque manche. Seul le croupier a le droit de doubler sa mise, et s&rsquo;il obtient un naturel, tous les autres joueurs doivent lui payer le triple.<\/p>\n<p>Un autre argument avanc\u00e9 par les chercheurs est que le jeu italien appel\u00e9 \u00ab\u00a0Sept et demi\u00a0\u00bb pourrait avoir contribu\u00e9 \u00e0 l&rsquo;\u00e9volution du Blackjack actuel. Ce jeu se jouait avec des cartes num\u00e9rot\u00e9es 8, 9 et 10, ainsi que des figures (valant la moiti\u00e9 de la valeur de chaque carte). De plus, le roi de carreau faisait office de joker. On pense que ce fut le premier jeu \u00e0 introduire le concept de \u00ab\u00a0bust\u00a0\u00bb. Cela signifie que si le total des cartes d&rsquo;un joueur d\u00e9passait sept et demi, il \u00e9tait \u00e9limin\u00e9.<\/p>\n<p>Le \u00ab\u00a0Trente et un\u00a0\u00bb, c\u00e9l\u00e8bre jeu espagnol, \u00e9tait \u00e9galement similaire au Blackjack. Cependant, le total \u00e9tait de trente et un au lieu de vingt et un, et on y jouait avec trois cartes au lieu de deux.<\/p>\n<p>\u00c0 ses d\u00e9buts dans les casinos am\u00e9ricains, vers 1910, le Blackjack ne rencontra pas un grand succ\u00e8s. Les \u00e9tablissements de jeux mirent en place diverses incitations et bonus pour attirer les joueurs. Le bonus initialement propos\u00e9 par le casino \u00e9tait de 10 contre 1. Certains casinos ont ensuite ajout\u00e9 une dimension attractive au jeu en acceptant le Valet de Tr\u00e8fle et le Valet de Pique, offrant ainsi un gain de 10 contre 1.<\/p>\n<p>Autre particularit\u00e9\u00a0: l\u2019appellation \u00ab\u00a0Blackjack\u00a0\u00bb pour ce jeu. On raconte qu\u2019il fut nomm\u00e9 ainsi car, pour obtenir le bonus, le joueur devait avoir soit le Valet de Pique, soit l\u2019As de Pique comme deux premi\u00e8res cartes.<\/p>\n<p>Bien que le Valet ne soit plus indispensable pour gagner, et que toute carte valant 10 et un As suffisent d\u00e9sormais, le nom \u00ab\u00a0Blackjack\u00a0\u00bb est rest\u00e9.<\/p>\n","protected":false},"excerpt":{"rendered":"<p>Quand le Blackjack a-t-il \u00e9t\u00e9 jou\u00e9 pour la premi\u00e8re fois\u00a0? Les historiens des jeux de hasard sont perplexes quant \u00e0 l&rsquo;histoire et \u00e0 l&rsquo;origine du jeu que nous connaissons sous le nom de Blackjack. Aujourd&rsquo;hui encore, son histoire fait l&rsquo;objet de vifs d\u00e9bats parmi les chercheurs. L&rsquo;histoire des jeux de cartes permet d&rsquo;\u00e9tablir que les [&hellip;]<\/p>\n","protected":false},"author":1,"featured_media":184,"parent":8290,"menu_order":56,"comment_status":"closed","ping_status":"closed","template":"","meta":{"footnotes":""},"class_list":["post-8891","page","type-page","status-publish","has-post-thumbnail","hentry"],"yoast_head":"<!-- This site is optimized with the Yoast SEO plugin v27.4 - https:\/\/yoast.com\/product\/yoast-seo-wordpress\/ -->\n<title>L&#039;origine du jeu de cartes Blackjack<\/title>\n<meta name=\"description\" content=\"D\u00e9couvrez l&#039;histoire du blackjack, de ce jeu de rue populaire \u00e0 son statut de passe-temps de casino, jusqu&#039;aux casinos en ligne.\" \/>\n<meta name=\"robots\" content=\"index, follow, max-snippet:-1, max-image-preview:large, max-video-preview:-1\" \/>\n<link rel=\"canonical\" href=\"https:\/\/gambling6.com\/fr\/casino\/lorigine-du-blackjack\/\" \/>\n<meta property=\"og:locale\" content=\"fr_FR\" \/>\n<meta property=\"og:type\" content=\"article\" \/>\n<meta property=\"og:title\" content=\"L&#039;origine du jeu de cartes Blackjack\" \/>\n<meta property=\"og:description\" content=\"D\u00e9couvrez l&#039;histoire du blackjack, de ce jeu de rue populaire \u00e0 son statut de passe-temps de casino, jusqu&#039;aux casinos en ligne.\" \/>\n<meta property=\"og:url\" content=\"https:\/\/gambling6.com\/fr\/casino\/lorigine-du-blackjack\/\" \/>\n<meta property=\"og:site_name\" content=\"Gambling6\" \/>\n<meta property=\"og:image\" content=\"https:\/\/gambling6.com\/wp-content\/uploads\/2013\/12\/history-of-balck-jack.jpg\" \/>\n\t<meta property=\"og:image:width\" content=\"243\" \/>\n\t<meta property=\"og:image:height\" content=\"207\" \/>\n\t<meta property=\"og:image:type\" content=\"image\/jpeg\" \/>\n<meta name=\"twitter:card\" content=\"summary_large_image\" \/>\n<meta name=\"twitter:label1\" content=\"Dur\u00e9e de lecture estim\u00e9e\" \/>\n\t<meta name=\"twitter:data1\" content=\"2 minutes\" \/>\n<script type=\"application\/ld+json\" class=\"yoast-schema-graph\">{\"@context\":\"https:\\\/\\\/schema.org\",\"@graph\":[{\"@type\":\"WebPage\",\"@id\":\"https:\\\/\\\/gambling6.com\\\/fr\\\/casino\\\/lorigine-du-blackjack\\\/\",\"url\":\"https:\\\/\\\/gambling6.com\\\/fr\\\/casino\\\/lorigine-du-blackjack\\\/\",\"name\":\"L'origine du jeu de cartes Blackjack\",\"isPartOf\":{\"@id\":\"https:\\\/\\\/gambling6.com\\\/fr\\\/#website\"},\"primaryImageOfPage\":{\"@id\":\"https:\\\/\\\/gambling6.com\\\/fr\\\/casino\\\/lorigine-du-blackjack\\\/#primaryimage\"},\"image\":{\"@id\":\"https:\\\/\\\/gambling6.com\\\/fr\\\/casino\\\/lorigine-du-blackjack\\\/#primaryimage\"},\"thumbnailUrl\":\"https:\\\/\\\/gambling6.com\\\/wp-content\\\/uploads\\\/2013\\\/12\\\/history-of-balck-jack.jpg\",\"datePublished\":\"2025-11-08T09:19:58+00:00\",\"description\":\"D\u00e9couvrez l'histoire du blackjack, de ce jeu de rue populaire \u00e0 son statut de passe-temps de casino, jusqu'aux casinos en ligne.\",\"breadcrumb\":{\"@id\":\"https:\\\/\\\/gambling6.com\\\/fr\\\/casino\\\/lorigine-du-blackjack\\\/#breadcrumb\"},\"inLanguage\":\"fr-FR\",\"potentialAction\":[{\"@type\":\"ReadAction\",\"target\":[\"https:\\\/\\\/gambling6.com\\\/fr\\\/casino\\\/lorigine-du-blackjack\\\/\"]}]},{\"@type\":\"ImageObject\",\"inLanguage\":\"fr-FR\",\"@id\":\"https:\\\/\\\/gambling6.com\\\/fr\\\/casino\\\/lorigine-du-blackjack\\\/#primaryimage\",\"url\":\"https:\\\/\\\/gambling6.com\\\/wp-content\\\/uploads\\\/2013\\\/12\\\/history-of-balck-jack.jpg\",\"contentUrl\":\"https:\\\/\\\/gambling6.com\\\/wp-content\\\/uploads\\\/2013\\\/12\\\/history-of-balck-jack.jpg\",\"width\":243,\"height\":207,\"caption\":\"blackjack\"},{\"@type\":\"BreadcrumbList\",\"@id\":\"https:\\\/\\\/gambling6.com\\\/fr\\\/casino\\\/lorigine-du-blackjack\\\/#breadcrumb\",\"itemListElement\":[{\"@type\":\"ListItem\",\"position\":1,\"name\":\"Home\",\"item\":\"https:\\\/\\\/gambling6.com\\\/fr\\\/home\\\/\"},{\"@type\":\"ListItem\",\"position\":2,\"name\":\"Casino\",\"item\":\"https:\\\/\\\/gambling6.com\\\/fr\\\/get-started-with-online-gambling\\\/\"},{\"@type\":\"ListItem\",\"position\":3,\"name\":\"L&#8217;origine du blackjack\"}]},{\"@type\":\"WebSite\",\"@id\":\"https:\\\/\\\/gambling6.com\\\/fr\\\/#website\",\"url\":\"https:\\\/\\\/gambling6.com\\\/fr\\\/\",\"name\":\"Gambling6\",\"description\":\"\",\"potentialAction\":[{\"@type\":\"SearchAction\",\"target\":{\"@type\":\"EntryPoint\",\"urlTemplate\":\"https:\\\/\\\/gambling6.com\\\/fr\\\/?s={search_term_string}\"},\"query-input\":{\"@type\":\"PropertyValueSpecification\",\"valueRequired\":true,\"valueName\":\"search_term_string\"}}],\"inLanguage\":\"fr-FR\"}]}<\/script>\n<!-- \/ Yoast SEO plugin. -->","yoast_head_json":{"title":"L'origine du jeu de cartes Blackjack","description":"D\u00e9couvrez l'histoire du blackjack, de ce jeu de rue populaire \u00e0 son statut de passe-temps de casino, jusqu'aux casinos en ligne.","robots":{"index":"index","follow":"follow","max-snippet":"max-snippet:-1","max-image-preview":"max-image-preview:large","max-video-preview":"max-video-preview:-1"},"canonical":"https:\/\/gambling6.com\/fr\/casino\/lorigine-du-blackjack\/","og_locale":"fr_FR","og_type":"article","og_title":"L'origine du jeu de cartes Blackjack","og_description":"D\u00e9couvrez l'histoire du blackjack, de ce jeu de rue populaire \u00e0 son statut de passe-temps de casino, jusqu'aux casinos en ligne.","og_url":"https:\/\/gambling6.com\/fr\/casino\/lorigine-du-blackjack\/","og_site_name":"Gambling6","og_image":[{"width":243,"height":207,"url":"https:\/\/gambling6.com\/wp-content\/uploads\/2013\/12\/history-of-balck-jack.jpg","type":"image\/jpeg"}],"twitter_card":"summary_large_image","twitter_misc":{"Dur\u00e9e de lecture estim\u00e9e":"2 minutes"},"schema":{"@context":"https:\/\/schema.org","@graph":[{"@type":"WebPage","@id":"https:\/\/gambling6.com\/fr\/casino\/lorigine-du-blackjack\/","url":"https:\/\/gambling6.com\/fr\/casino\/lorigine-du-blackjack\/","name":"L'origine du jeu de cartes Blackjack","isPartOf":{"@id":"https:\/\/gambling6.com\/fr\/#website"},"primaryImageOfPage":{"@id":"https:\/\/gambling6.com\/fr\/casino\/lorigine-du-blackjack\/#primaryimage"},"image":{"@id":"https:\/\/gambling6.com\/fr\/casino\/lorigine-du-blackjack\/#primaryimage"},"thumbnailUrl":"https:\/\/gambling6.com\/wp-content\/uploads\/2013\/12\/history-of-balck-jack.jpg","datePublished":"2025-11-08T09:19:58+00:00","description":"D\u00e9couvrez l'histoire du blackjack, de ce jeu de rue populaire \u00e0 son statut de passe-temps de casino, jusqu'aux casinos en ligne.","breadcrumb":{"@id":"https:\/\/gambling6.com\/fr\/casino\/lorigine-du-blackjack\/#breadcrumb"},"inLanguage":"fr-FR","potentialAction":[{"@type":"ReadAction","target":["https:\/\/gambling6.com\/fr\/casino\/lorigine-du-blackjack\/"]}]},{"@type":"ImageObject","inLanguage":"fr-FR","@id":"https:\/\/gambling6.com\/fr\/casino\/lorigine-du-blackjack\/#primaryimage","url":"https:\/\/gambling6.com\/wp-content\/uploads\/2013\/12\/history-of-balck-jack.jpg","contentUrl":"https:\/\/gambling6.com\/wp-content\/uploads\/2013\/12\/history-of-balck-jack.jpg","width":243,"height":207,"caption":"blackjack"},{"@type":"BreadcrumbList","@id":"https:\/\/gambling6.com\/fr\/casino\/lorigine-du-blackjack\/#breadcrumb","itemListElement":[{"@type":"ListItem","position":1,"name":"Home","item":"https:\/\/gambling6.com\/fr\/home\/"},{"@type":"ListItem","position":2,"name":"Casino","item":"https:\/\/gambling6.com\/fr\/get-started-with-online-gambling\/"},{"@type":"ListItem","position":3,"name":"L&#8217;origine du blackjack"}]},{"@type":"WebSite","@id":"https:\/\/gambling6.com\/fr\/#website","url":"https:\/\/gambling6.com\/fr\/","name":"Gambling6","description":"","potentialAction":[{"@type":"SearchAction","target":{"@type":"EntryPoint","urlTemplate":"https:\/\/gambling6.com\/fr\/?s={search_term_string}"},"query-input":{"@type":"PropertyValueSpecification","valueRequired":true,"valueName":"search_term_string"}}],"inLanguage":"fr-FR"}]}},"_links":{"self":[{"href":"https:\/\/gambling6.com\/fr\/wp-json\/wp\/v2\/pages\/8891","targetHints":{"allow":["GET"]}}],"collection":[{"href":"https:\/\/gambling6.com\/fr\/wp-json\/wp\/v2\/pages"}],"about":[{"href":"https:\/\/gambling6.com\/fr\/wp-json\/wp\/v2\/types\/page"}],"author":[{"embeddable":true,"href":"https:\/\/gambling6.com\/fr\/wp-json\/wp\/v2\/users\/1"}],"replies":[{"embeddable":true,"href":"https:\/\/gambling6.com\/fr\/wp-json\/wp\/v2\/comments?post=8891"}],"version-history":[{"count":0,"href":"https:\/\/gambling6.com\/fr\/wp-json\/wp\/v2\/pages\/8891\/revisions"}],"up":[{"embeddable":true,"href":"https:\/\/gambling6.com\/fr\/wp-json\/wp\/v2\/pages\/8290"}],"wp:featuredmedia":[{"embeddable":true,"href":"https:\/\/gambling6.com\/fr\/wp-json\/wp\/v2\/media\/184"}],"wp:attachment":[{"href":"https:\/\/gambling6.com\/fr\/wp-json\/wp\/v2\/media?parent=8891"}],"curies":[{"name":"wp","href":"https:\/\/api.w.org\/{rel}","templated":true}]}}