{"id":8921,"date":"2025-11-08T10:07:07","date_gmt":"2025-11-08T10:07:07","guid":{"rendered":"https:\/\/gambling6.com\/casino\/tout-ce-que-vous-devez-savoir-sur-les-machines-a-sous-en-ligne\/"},"modified":"2025-11-12T09:37:46","modified_gmt":"2025-11-12T09:37:46","slug":"tout-ce-que-vous-devez-savoir-sur-les-machines-a-sous-en-ligne","status":"publish","type":"page","link":"https:\/\/gambling6.com\/fr\/casino\/tout-ce-que-vous-devez-savoir-sur-les-machines-a-sous-en-ligne\/","title":{"rendered":"Tout ce que vous devez savoir sur les machines \u00e0 sous en ligne"},"content":{"rendered":"<h2>Jouer aux machines \u00e0 sous\u00a0: le jeu de casino en ligne le plus populaire<\/h2>\n<p>Les machines \u00e0 sous en ligne sont le jeu pr\u00e9f\u00e9r\u00e9 des joueurs de casino, et ce pour de nombreuses raisons. Si elles paraissent simples au premier abord, il y a en r\u00e9alit\u00e9 quelques points importants \u00e0 conna\u00eetre pour am\u00e9liorer vos r\u00e9sultats et profiter d&rsquo;une meilleure exp\u00e9rience de jeu en ligne. Pour en savoir plus sur les diff\u00e9rentes fonctionnalit\u00e9s des machines \u00e0 sous en argent r\u00e9el, consultez notre site web d\u00e9di\u00e9 \u00e0 l&rsquo;apprentissage du jeu et aux strat\u00e9gies \u00e0 adopter.<\/p>\n<h2>Pr\u00e9sentation des machines \u00e0 sous en ligne<\/h2>\n<p><img class=\" alignright size-full wp-image-370\" style=\"margin: 5px; float: right;\" \/><\/p>\n<p>Il peut ensuite faire tourner les rouleaux, et si les symboles s&rsquo;arr\u00eatent sur une combinaison sp\u00e9cifique sur chaque ligne s\u00e9lectionn\u00e9e, le jeu attribue un gain en fonction des probabilit\u00e9s et du montant de la mise. C&rsquo;est cette simplicit\u00e9, combin\u00e9e \u00e0 la possibilit\u00e9 de remporter des gains importants, qui a fait le succ\u00e8s du jeu. Avec la popularit\u00e9 croissante des casinos en ligne ces derni\u00e8res ann\u00e9es, les machines \u00e0 sous ont conserv\u00e9 leur attrait, les joueurs se tournant vers internet pour acc\u00e9der plus facilement \u00e0 leurs jeux pr\u00e9f\u00e9r\u00e9s.<\/p>\n<p>Les m\u00eames r\u00e8gles s&rsquo;appliquent, mais les machines \u00e0 sous en ligne utilisent d\u00e9sormais des g\u00e9n\u00e9rateurs de nombres al\u00e9atoires pour d\u00e9terminer les symboles affich\u00e9s une fois les rouleaux arr\u00eat\u00e9s. Les probabilit\u00e9s de gain restent th\u00e9oriquement les m\u00eames, mais la plupart des joueurs affirment que les machines \u00e0 sous en ligne sont bien plus rentables, car elles ne sont en aucun cas modifi\u00e9es en fonction de leur emplacement dans le casino.<\/p>\n<h2>Nouvelles possibilit\u00e9s en ligne<\/h2>\n<p>Les machines \u00e0 sous en ligne ont connu un v\u00e9ritable essor ces derni\u00e8res ann\u00e9es, et internet a permis aux d\u00e9veloppeurs de logiciels de faire \u00e9voluer le jeu. Les joueurs peuvent d\u00e9sormais choisir parmi un grand nombre de lignes de paiement. Chaque ligne suppl\u00e9mentaire offre les m\u00eames chances de former une combinaison gagnante, ce qui permet au joueur de miser davantage et de jouer sur plus de lignes en un seul tour. internet a \u00e9galement offert le meilleur moyen de d\u00e9velopper les machines \u00e0 sous en ligne en fonction de leurs th\u00e8mes et styles. De nouveaux titres sont r\u00e9guli\u00e8rement lanc\u00e9s et peuvent couvrir des th\u00e8mes vari\u00e9s, les possibilit\u00e9s n&rsquo;ayant de limite que l&rsquo;imagination. Des films populaires, comme The Dark Knight et Gladiator, inspirent les machines \u00e0 sous en ligne.<\/p>\n<p>Parmi les meilleurs casinos proposant des jeux aux th\u00e8mes attrayants et au design soign\u00e9, on trouve sans aucun doute 888 Casino. <a class=\"thirstylink\" title=\"888 casino en\" href=\"https:\/\/gambling6.com\/go\/888-casino-en\/\" target=\"_blank\" rel=\"nofollow noopener\">Si vous souhaitez les essayer, suivez ce lien\u00a0: vous ne serez pas d\u00e9\u00e7u.<\/a><\/p>\n<h2>Machines \u00e0 sous progressives<\/h2>\n<p>Les machines \u00e0 sous progressives existent aussi dans les casinos terrestres, mais elles sont particuli\u00e8rement populaires en ligne. Le principe est simple\u00a0: le casino relie plusieurs machines \u00e0 sous afin que chaque mise contribue \u00e0 un jackpot unique, remportable \u00e0 tout moment. Dans les casinos en ligne, relier ces jeux est beaucoup plus simple, ce qui permet \u00e0 un plus grand nombre d&rsquo;utilisateurs de jouer simultan\u00e9ment. Il en r\u00e9sulte des machines \u00e0 sous progressives tr\u00e8s populaires, capables de distribuer des millions de dollars tous les deux mois.<\/p>\n<p>Le jackpot augmente \u00e0 chaque mise suppl\u00e9mentaire des joueurs jusqu&rsquo;\u00e0 ce qu&rsquo;un joueur obtienne la combinaison gagnante et remporte la totalit\u00e9 de la somme. Par exemple, dans une machine \u00e0 sous en ligne sur le th\u00e8me du poker, le jackpot est remport\u00e9 en r\u00e9alisant une quinte flush royale. Bien s\u00fbr, des prix moins importants sont \u00e9galement attribu\u00e9s pour d&rsquo;autres combinaisons plus fr\u00e9quentes, ce qui incite les joueurs \u00e0 diversifier leurs mises. Les machines \u00e0 sous progressives populaires sont disponibles simultan\u00e9ment dans plusieurs casinos en ligne, \u00e0 condition qu&rsquo;ils utilisent le m\u00eame fournisseur de logiciels.<\/p>\n<h2>Strat\u00e9gies pour les machines \u00e0 sous en ligne<\/h2>\n<p>Bien que les machines \u00e0 sous soient avant tout un jeu de hasard, quelques conseils pratiques peuvent vous aider \u00e0 augmenter vos gains. Il est essentiel de comprendre qu&rsquo;un tour est ind\u00e9pendant du pr\u00e9c\u00e9dent\u00a0; chaque tour offre les m\u00eames chances de gagner. De nombreux joueurs pensent qu&rsquo;en jouant suffisamment longtemps, ils finiront par remporter le gros lot. La meilleure fa\u00e7on de gagner aux machines \u00e0 sous en ligne est de bien g\u00e9rer son budget et d&rsquo;\u00e9viter les risques inutiles d\u00e8s le d\u00e9but. Cela signifie qu&rsquo;il est conseill\u00e9 de jouer sur un nombre limit\u00e9 de lignes et d&rsquo;\u00e9viter les jeux proposant l&rsquo;option \u00ab\u00a0quitte ou double\u00a0\u00bb. Pour mieux comprendre le fonctionnement du jeu, vous pouvez commencer par jouer avec de l&rsquo;argent virtuel.<\/p>\n","protected":false},"excerpt":{"rendered":"<p>Jouer aux machines \u00e0 sous\u00a0: le jeu de casino en ligne le plus populaire Les machines \u00e0 sous en ligne sont le jeu pr\u00e9f\u00e9r\u00e9 des joueurs de casino, et ce pour de nombreuses raisons. Si elles paraissent simples au premier abord, il y a en r\u00e9alit\u00e9 quelques points importants \u00e0 conna\u00eetre pour am\u00e9liorer vos r\u00e9sultats [&hellip;]<\/p>\n","protected":false},"author":1,"featured_media":371,"parent":8290,"menu_order":42,"comment_status":"closed","ping_status":"closed","template":"","meta":{"footnotes":""},"class_list":["post-8921","page","type-page","status-publish","has-post-thumbnail","hentry"],"yoast_head":"<!-- This site is optimized with the Yoast SEO plugin v27.4 - https:\/\/yoast.com\/product\/yoast-seo-wordpress\/ -->\n<title>Informations sur le fonctionnement des jeux de machines \u00e0 sous en ligne<\/title>\n<meta name=\"description\" content=\"Apprenez \u00e0 jouer aux machines \u00e0 sous en ligne et \u00e0 remporter des millions de dollars de jackpots progressifs en un seul clic.\" \/>\n<meta name=\"robots\" content=\"index, follow, max-snippet:-1, max-image-preview:large, max-video-preview:-1\" \/>\n<link rel=\"canonical\" href=\"https:\/\/gambling6.com\/fr\/casino\/tout-ce-que-vous-devez-savoir-sur-les-machines-a-sous-en-ligne\/\" \/>\n<meta property=\"og:locale\" content=\"fr_FR\" \/>\n<meta property=\"og:type\" content=\"article\" \/>\n<meta property=\"og:title\" content=\"Informations sur le fonctionnement des jeux de machines \u00e0 sous en ligne\" \/>\n<meta property=\"og:description\" content=\"Apprenez \u00e0 jouer aux machines \u00e0 sous en ligne et \u00e0 remporter des millions de dollars de jackpots progressifs en un seul clic.\" \/>\n<meta property=\"og:url\" content=\"https:\/\/gambling6.com\/fr\/casino\/tout-ce-que-vous-devez-savoir-sur-les-machines-a-sous-en-ligne\/\" \/>\n<meta property=\"og:site_name\" content=\"Gambling6\" \/>\n<meta property=\"article:modified_time\" content=\"2025-11-12T09:37:46+00:00\" \/>\n<meta property=\"og:image\" content=\"https:\/\/gambling6.com\/wp-content\/uploads\/2013\/12\/Slots-150x150.jpg\" \/>\n\t<meta property=\"og:image:width\" content=\"150\" \/>\n\t<meta property=\"og:image:height\" content=\"150\" \/>\n\t<meta property=\"og:image:type\" content=\"image\/jpeg\" \/>\n<meta name=\"twitter:card\" content=\"summary_large_image\" \/>\n<meta name=\"twitter:label1\" content=\"Dur\u00e9e de lecture estim\u00e9e\" \/>\n\t<meta name=\"twitter:data1\" content=\"4 minutes\" \/>\n<script type=\"application\/ld+json\" class=\"yoast-schema-graph\">{\"@context\":\"https:\\\/\\\/schema.org\",\"@graph\":[{\"@type\":\"WebPage\",\"@id\":\"https:\\\/\\\/gambling6.com\\\/fr\\\/casino\\\/tout-ce-que-vous-devez-savoir-sur-les-machines-a-sous-en-ligne\\\/\",\"url\":\"https:\\\/\\\/gambling6.com\\\/fr\\\/casino\\\/tout-ce-que-vous-devez-savoir-sur-les-machines-a-sous-en-ligne\\\/\",\"name\":\"Informations sur le fonctionnement des jeux de machines \u00e0 sous en ligne\",\"isPartOf\":{\"@id\":\"https:\\\/\\\/gambling6.com\\\/fr\\\/#website\"},\"primaryImageOfPage\":{\"@id\":\"https:\\\/\\\/gambling6.com\\\/fr\\\/casino\\\/tout-ce-que-vous-devez-savoir-sur-les-machines-a-sous-en-ligne\\\/#primaryimage\"},\"image\":{\"@id\":\"https:\\\/\\\/gambling6.com\\\/fr\\\/casino\\\/tout-ce-que-vous-devez-savoir-sur-les-machines-a-sous-en-ligne\\\/#primaryimage\"},\"thumbnailUrl\":\"https:\\\/\\\/gambling6.com\\\/wp-content\\\/uploads\\\/2013\\\/12\\\/Slots-150x150.jpg\",\"datePublished\":\"2025-11-08T10:07:07+00:00\",\"dateModified\":\"2025-11-12T09:37:46+00:00\",\"description\":\"Apprenez \u00e0 jouer aux machines \u00e0 sous en ligne et \u00e0 remporter des millions de dollars de jackpots progressifs en un seul clic.\",\"breadcrumb\":{\"@id\":\"https:\\\/\\\/gambling6.com\\\/fr\\\/casino\\\/tout-ce-que-vous-devez-savoir-sur-les-machines-a-sous-en-ligne\\\/#breadcrumb\"},\"inLanguage\":\"fr-FR\",\"potentialAction\":[{\"@type\":\"ReadAction\",\"target\":[\"https:\\\/\\\/gambling6.com\\\/fr\\\/casino\\\/tout-ce-que-vous-devez-savoir-sur-les-machines-a-sous-en-ligne\\\/\"]}]},{\"@type\":\"ImageObject\",\"inLanguage\":\"fr-FR\",\"@id\":\"https:\\\/\\\/gambling6.com\\\/fr\\\/casino\\\/tout-ce-que-vous-devez-savoir-sur-les-machines-a-sous-en-ligne\\\/#primaryimage\",\"url\":\"https:\\\/\\\/gambling6.com\\\/wp-content\\\/uploads\\\/2013\\\/12\\\/Slots-150x150.jpg\",\"contentUrl\":\"https:\\\/\\\/gambling6.com\\\/wp-content\\\/uploads\\\/2013\\\/12\\\/Slots-150x150.jpg\",\"width\":150,\"height\":150},{\"@type\":\"BreadcrumbList\",\"@id\":\"https:\\\/\\\/gambling6.com\\\/fr\\\/casino\\\/tout-ce-que-vous-devez-savoir-sur-les-machines-a-sous-en-ligne\\\/#breadcrumb\",\"itemListElement\":[{\"@type\":\"ListItem\",\"position\":1,\"name\":\"Home\",\"item\":\"https:\\\/\\\/gambling6.com\\\/fr\\\/home\\\/\"},{\"@type\":\"ListItem\",\"position\":2,\"name\":\"Casino\",\"item\":\"https:\\\/\\\/gambling6.com\\\/fr\\\/get-started-with-online-gambling\\\/\"},{\"@type\":\"ListItem\",\"position\":3,\"name\":\"Tout ce que vous devez savoir sur les machines \u00e0 sous en ligne\"}]},{\"@type\":\"WebSite\",\"@id\":\"https:\\\/\\\/gambling6.com\\\/fr\\\/#website\",\"url\":\"https:\\\/\\\/gambling6.com\\\/fr\\\/\",\"name\":\"Gambling6\",\"description\":\"\",\"potentialAction\":[{\"@type\":\"SearchAction\",\"target\":{\"@type\":\"EntryPoint\",\"urlTemplate\":\"https:\\\/\\\/gambling6.com\\\/fr\\\/?s={search_term_string}\"},\"query-input\":{\"@type\":\"PropertyValueSpecification\",\"valueRequired\":true,\"valueName\":\"search_term_string\"}}],\"inLanguage\":\"fr-FR\"}]}<\/script>\n<!-- \/ Yoast SEO plugin. -->","yoast_head_json":{"title":"Informations sur le fonctionnement des jeux de machines \u00e0 sous en ligne","description":"Apprenez \u00e0 jouer aux machines \u00e0 sous en ligne et \u00e0 remporter des millions de dollars de jackpots progressifs en un seul clic.","robots":{"index":"index","follow":"follow","max-snippet":"max-snippet:-1","max-image-preview":"max-image-preview:large","max-video-preview":"max-video-preview:-1"},"canonical":"https:\/\/gambling6.com\/fr\/casino\/tout-ce-que-vous-devez-savoir-sur-les-machines-a-sous-en-ligne\/","og_locale":"fr_FR","og_type":"article","og_title":"Informations sur le fonctionnement des jeux de machines \u00e0 sous en ligne","og_description":"Apprenez \u00e0 jouer aux machines \u00e0 sous en ligne et \u00e0 remporter des millions de dollars de jackpots progressifs en un seul clic.","og_url":"https:\/\/gambling6.com\/fr\/casino\/tout-ce-que-vous-devez-savoir-sur-les-machines-a-sous-en-ligne\/","og_site_name":"Gambling6","article_modified_time":"2025-11-12T09:37:46+00:00","og_image":[{"width":150,"height":150,"url":"https:\/\/gambling6.com\/wp-content\/uploads\/2013\/12\/Slots-150x150.jpg","type":"image\/jpeg"}],"twitter_card":"summary_large_image","twitter_misc":{"Dur\u00e9e de lecture estim\u00e9e":"4 minutes"},"schema":{"@context":"https:\/\/schema.org","@graph":[{"@type":"WebPage","@id":"https:\/\/gambling6.com\/fr\/casino\/tout-ce-que-vous-devez-savoir-sur-les-machines-a-sous-en-ligne\/","url":"https:\/\/gambling6.com\/fr\/casino\/tout-ce-que-vous-devez-savoir-sur-les-machines-a-sous-en-ligne\/","name":"Informations sur le fonctionnement des jeux de machines \u00e0 sous en ligne","isPartOf":{"@id":"https:\/\/gambling6.com\/fr\/#website"},"primaryImageOfPage":{"@id":"https:\/\/gambling6.com\/fr\/casino\/tout-ce-que-vous-devez-savoir-sur-les-machines-a-sous-en-ligne\/#primaryimage"},"image":{"@id":"https:\/\/gambling6.com\/fr\/casino\/tout-ce-que-vous-devez-savoir-sur-les-machines-a-sous-en-ligne\/#primaryimage"},"thumbnailUrl":"https:\/\/gambling6.com\/wp-content\/uploads\/2013\/12\/Slots-150x150.jpg","datePublished":"2025-11-08T10:07:07+00:00","dateModified":"2025-11-12T09:37:46+00:00","description":"Apprenez \u00e0 jouer aux machines \u00e0 sous en ligne et \u00e0 remporter des millions de dollars de jackpots progressifs en un seul clic.","breadcrumb":{"@id":"https:\/\/gambling6.com\/fr\/casino\/tout-ce-que-vous-devez-savoir-sur-les-machines-a-sous-en-ligne\/#breadcrumb"},"inLanguage":"fr-FR","potentialAction":[{"@type":"ReadAction","target":["https:\/\/gambling6.com\/fr\/casino\/tout-ce-que-vous-devez-savoir-sur-les-machines-a-sous-en-ligne\/"]}]},{"@type":"ImageObject","inLanguage":"fr-FR","@id":"https:\/\/gambling6.com\/fr\/casino\/tout-ce-que-vous-devez-savoir-sur-les-machines-a-sous-en-ligne\/#primaryimage","url":"https:\/\/gambling6.com\/wp-content\/uploads\/2013\/12\/Slots-150x150.jpg","contentUrl":"https:\/\/gambling6.com\/wp-content\/uploads\/2013\/12\/Slots-150x150.jpg","width":150,"height":150},{"@type":"BreadcrumbList","@id":"https:\/\/gambling6.com\/fr\/casino\/tout-ce-que-vous-devez-savoir-sur-les-machines-a-sous-en-ligne\/#breadcrumb","itemListElement":[{"@type":"ListItem","position":1,"name":"Home","item":"https:\/\/gambling6.com\/fr\/home\/"},{"@type":"ListItem","position":2,"name":"Casino","item":"https:\/\/gambling6.com\/fr\/get-started-with-online-gambling\/"},{"@type":"ListItem","position":3,"name":"Tout ce que vous devez savoir sur les machines \u00e0 sous en ligne"}]},{"@type":"WebSite","@id":"https:\/\/gambling6.com\/fr\/#website","url":"https:\/\/gambling6.com\/fr\/","name":"Gambling6","description":"","potentialAction":[{"@type":"SearchAction","target":{"@type":"EntryPoint","urlTemplate":"https:\/\/gambling6.com\/fr\/?s={search_term_string}"},"query-input":{"@type":"PropertyValueSpecification","valueRequired":true,"valueName":"search_term_string"}}],"inLanguage":"fr-FR"}]}},"_links":{"self":[{"href":"https:\/\/gambling6.com\/fr\/wp-json\/wp\/v2\/pages\/8921","targetHints":{"allow":["GET"]}}],"collection":[{"href":"https:\/\/gambling6.com\/fr\/wp-json\/wp\/v2\/pages"}],"about":[{"href":"https:\/\/gambling6.com\/fr\/wp-json\/wp\/v2\/types\/page"}],"author":[{"embeddable":true,"href":"https:\/\/gambling6.com\/fr\/wp-json\/wp\/v2\/users\/1"}],"replies":[{"embeddable":true,"href":"https:\/\/gambling6.com\/fr\/wp-json\/wp\/v2\/comments?post=8921"}],"version-history":[{"count":1,"href":"https:\/\/gambling6.com\/fr\/wp-json\/wp\/v2\/pages\/8921\/revisions"}],"predecessor-version":[{"id":10482,"href":"https:\/\/gambling6.com\/fr\/wp-json\/wp\/v2\/pages\/8921\/revisions\/10482"}],"up":[{"embeddable":true,"href":"https:\/\/gambling6.com\/fr\/wp-json\/wp\/v2\/pages\/8290"}],"wp:featuredmedia":[{"embeddable":true,"href":"https:\/\/gambling6.com\/fr\/wp-json\/wp\/v2\/media\/371"}],"wp:attachment":[{"href":"https:\/\/gambling6.com\/fr\/wp-json\/wp\/v2\/media?parent=8921"}],"curies":[{"name":"wp","href":"https:\/\/api.w.org\/{rel}","templated":true}]}}