{"id":8959,"date":"2025-11-08T11:57:47","date_gmt":"2025-11-08T11:57:47","guid":{"rendered":"https:\/\/gambling6.com\/casino\/ou-trouver-des-machines-a-sous-en-ligne-de-haute-qualite\/"},"modified":"2025-11-12T17:04:50","modified_gmt":"2025-11-12T17:04:50","slug":"ou-trouver-des-machines-a-sous-en-ligne-de-haute-qualite","status":"publish","type":"page","link":"https:\/\/gambling6.com\/fr\/casino\/ou-trouver-des-machines-a-sous-en-ligne-de-haute-qualite\/","title":{"rendered":"O\u00f9 trouver des machines \u00e0 sous en ligne de haute qualit\u00e9"},"content":{"rendered":"<h2>Casinos de machines \u00e0 sous en ligne de qualit\u00e9<\/h2>\n<p>Dans les casinos en ligne, les machines \u00e0 sous occupent g\u00e9n\u00e9ralement la premi\u00e8re place en termes de vari\u00e9t\u00e9, de nombre de joueurs et de jackpots. Il est facile de comprendre pourquoi les machines \u00e0 sous en ligne sont si populaires\u00a0: en un seul tour de roue, chaque joueur a la possibilit\u00e9 de remporter des gains importants, voire des millions de dollars. D&rsquo;ailleurs, les machines \u00e0 sous sont si populaires en ligne que certains casinos proposent des bonus sp\u00e9cifiques pour ces jeux, car les joueurs s&rsquo;inscrivent uniquement pour jouer aux machines \u00e0 sous et ne s&rsquo;int\u00e9ressent \u00e0 rien d&rsquo;autre. La meilleure strat\u00e9gie aux machines \u00e0 sous en ligne \u00e9tant de jouer le plus possible, ces bonus s&rsquo;av\u00e8rent tr\u00e8s utiles.<\/p>\n<h2>Fournisseurs de logiciels de jeux de casino<\/h2>\n<p><img loading=\"lazy\" decoding=\"async\" class=\"size-full wp-image-400 alignright\" src=\"https:\/\/gambling6.com\/wp-content\/uploads\/2013\/12\/mobile-gambling-150x150.jpg\" alt=\"machine \u00e0 sous en ligne\" width=\"150\" height=\"150\" \/>Chaque casino en ligne utilise un logiciel de d\u00e9veloppement, et plusieurs entreprises se sont fait un nom en proposant certains des jeux de casino les plus beaux d&rsquo;Internet. Suivez ce lien si vous ne savez pas quel logiciel de machines \u00e0 sous choisir\u00a0; vous y d\u00e9couvrirez les deux noms les plus populaires du secteur.<\/p>\n<h2>Jouer aux meilleures machines \u00e0 sous en ligne<\/h2>\n<p>Les graphismes et les fonctionnalit\u00e9s peuvent varier consid\u00e9rablement d&rsquo;un logiciel \u00e0 l&rsquo;autre. Il est donc toujours conseill\u00e9 d&rsquo;en essayer plusieurs et de choisir celle qui vous convient le mieux. En connaissant l&rsquo;apparence des jeux d&rsquo;un d\u00e9veloppeur de logiciels particulier, vous aurez beaucoup plus de facilit\u00e9 \u00e0 choisir un nouveau casino en ligne. Bien que certains sites proposent quelques jeux uniques, con\u00e7us sp\u00e9cialement pour le casino en ligne en question, tous les sites utilisant le m\u00eame fournisseur de logiciels offrent quasiment les m\u00eames jeux. Pour satisfaire leurs clients, certains casinos en ligne proposent des jeux de plusieurs fournisseurs, ce qui est toujours appr\u00e9ciable.<\/p>\n<h3>Jeux de machines \u00e0 sous en ligne<\/h3>\n<p>Avec autant de casinos en ligne proposant des machines \u00e0 sous de diff\u00e9rents fournisseurs, il peut \u00eatre difficile de savoir lesquels sont vraiment les meilleurs. Un casino en ligne vous garantit une excellente exp\u00e9rience de jeu \u00e0 chaque fois. D\u00e9couvrez cette option, actuellement consid\u00e9r\u00e9e comme le casino proposant les meilleures machines \u00e0 sous sur Internet, car il offre quasiment tout. Le site mentionn\u00e9 ici peut changer si une meilleure option appara\u00eet, mais pour l&rsquo;instant, le meilleur site pour jouer aux machines \u00e0 sous est 888 Casino. 888 est un leader des jeux d&rsquo;argent en ligne avec un important service de paris sportifs, une salle de poker r\u00e9aliste et un casino exceptionnel.<\/p>\n<p>Ce qui fait de 888 Casino un site exceptionnel pour jouer aux machines \u00e0 sous, c&rsquo;est son vaste choix de titres propos\u00e9s par Playtech, IGT, Microgaming, et m\u00eame quelques cr\u00e9ations originales. Un nouveau joueur mettra plusieurs jours \u00e0 explorer tous les jeux disponibles, et la vari\u00e9t\u00e9 des styles garantit qu&rsquo;il ne s&rsquo;ennuiera jamais.<\/p>\n<p><a href=\"https:\/\/ic.aff-handler.com\/C\/45871?sr=1064399&amp;anid=\" rel=\"nofollow\"><img loading=\"lazy\" decoding=\"async\" class=\"aligncenter\" src=\"https:\/\/ic.aff-handler.com\/I\/45871?sr=1064399&amp;anid=\" width=\"725\" height=\"93\" \/><\/a><\/p>\n<p>Bien s\u00fbr, un excellent casino en ligne ne se r\u00e9sume pas \u00e0 ses jeux\u00a0; d&rsquo;autres facteurs doivent \u00eatre r\u00e9unis pour qu&rsquo;un site soit consid\u00e9r\u00e9 comme remarquable. L&rsquo;aspect le plus important est sans doute la s\u00e9curit\u00e9, car les transactions financi\u00e8res repr\u00e9sentent une part importante des jeux d&rsquo;argent en ligne, et le casino en ligne se doit de garantir une s\u00e9curit\u00e9 optimale en permanence.<\/p>\n<p>Si vous r\u00e9sidez aux \u00c9tats-Unis, la l\u00e9gislation am\u00e9ricaine vous emp\u00eache de vous inscrire sur 888 Casino. Les alternatives int\u00e9ressantes pour les joueurs am\u00e9ricains sont rares, mais nous vous recommandons BetOnline Casino pour tous vos jeux d&rsquo;argent en ligne. Cliquez sur la banni\u00e8re ci-dessous pour visiter BetOnlineCasino\u00a0\u2013 vous ne serez pas d\u00e9\u00e7u\u00a0!<\/p>\n<p><a class=\"thirstylink\" title=\"Casino Betonline en\" href=\"https:\/\/gambling6.com\/go\/betonline-casino-en\/\" target=\"_blank\" rel=\"nofollow noopener\"><img loading=\"lazy\" decoding=\"async\" class=\"wp-image-7875 aligncenter\" src=\"https:\/\/gambling6.com\/wp-content\/uploads\/2025\/10\/BOL_AQC_banner_468x60_FS1_casino-300x38.gif\" alt=\"Casino BetOnline\" width=\"553\" height=\"70\" \/><\/a><\/p>\n<p>C&rsquo;est pourquoi il est toujours judicieux de consulter les avis et de v\u00e9rifier quels casinos en ligne sont fiables et lesquels sont connus pour leurs probl\u00e8mes de paiement. Puisqu&rsquo;il s&rsquo;agit d&rsquo;argent, les bonus et les promotions sont devenus essentiels ces derni\u00e8res ann\u00e9es, et ce sont g\u00e9n\u00e9ralement les premiers \u00e9l\u00e9ments que consulte un nouveau joueur. Il est tr\u00e8s courant que les meilleurs casinos en ligne offrent des bonus de bienvenue bas\u00e9s sur le montant du d\u00e9p\u00f4t, et les bonus pour les machines \u00e0 sous sont les plus fr\u00e9quents en raison de la popularit\u00e9 du jeu.<\/p>\n","protected":false},"excerpt":{"rendered":"<p>Casinos de machines \u00e0 sous en ligne de qualit\u00e9 Dans les casinos en ligne, les machines \u00e0 sous occupent g\u00e9n\u00e9ralement la premi\u00e8re place en termes de vari\u00e9t\u00e9, de nombre de joueurs et de jackpots. Il est facile de comprendre pourquoi les machines \u00e0 sous en ligne sont si populaires\u00a0: en un seul tour de roue, [&hellip;]<\/p>\n","protected":false},"author":1,"featured_media":0,"parent":8290,"menu_order":47,"comment_status":"closed","ping_status":"closed","template":"","meta":{"footnotes":""},"class_list":["post-8959","page","type-page","status-publish","hentry"],"yoast_head":"<!-- This site is optimized with the Yoast SEO plugin v27.3 - https:\/\/yoast.com\/product\/yoast-seo-wordpress\/ -->\n<title>Machines \u00e0 sous en ligne de qualit\u00e9 sup\u00e9rieure<\/title>\n<meta name=\"description\" content=\"Jouez aux meilleures machines \u00e0 sous en ligne\u00a0! Trouvez ici des machines \u00e0 sous de qualit\u00e9 sup\u00e9rieure\u00a0!\" \/>\n<meta name=\"robots\" content=\"index, follow, max-snippet:-1, max-image-preview:large, max-video-preview:-1\" \/>\n<link rel=\"canonical\" href=\"https:\/\/gambling6.com\/fr\/casino\/ou-trouver-des-machines-a-sous-en-ligne-de-haute-qualite\/\" \/>\n<meta property=\"og:locale\" content=\"fr_FR\" \/>\n<meta property=\"og:type\" content=\"article\" \/>\n<meta property=\"og:title\" content=\"Machines \u00e0 sous en ligne de qualit\u00e9 sup\u00e9rieure\" \/>\n<meta property=\"og:description\" content=\"Jouez aux meilleures machines \u00e0 sous en ligne\u00a0! Trouvez ici des machines \u00e0 sous de qualit\u00e9 sup\u00e9rieure\u00a0!\" \/>\n<meta property=\"og:url\" content=\"https:\/\/gambling6.com\/fr\/casino\/ou-trouver-des-machines-a-sous-en-ligne-de-haute-qualite\/\" \/>\n<meta property=\"og:site_name\" content=\"Gambling6\" \/>\n<meta property=\"article:modified_time\" content=\"2025-11-12T17:04:50+00:00\" \/>\n<meta property=\"og:image\" content=\"https:\/\/gambling6.com\/wp-content\/uploads\/2013\/12\/mobile-gambling-150x150.jpg\" \/>\n\t<meta property=\"og:image:width\" content=\"150\" \/>\n\t<meta property=\"og:image:height\" content=\"150\" \/>\n\t<meta property=\"og:image:type\" content=\"image\/jpeg\" \/>\n<meta name=\"twitter:card\" content=\"summary_large_image\" \/>\n<meta name=\"twitter:label1\" content=\"Dur\u00e9e de lecture estim\u00e9e\" \/>\n\t<meta name=\"twitter:data1\" content=\"4 minutes\" \/>\n<script type=\"application\/ld+json\" class=\"yoast-schema-graph\">{\"@context\":\"https:\\\/\\\/schema.org\",\"@graph\":[{\"@type\":\"WebPage\",\"@id\":\"https:\\\/\\\/gambling6.com\\\/fr\\\/casino\\\/ou-trouver-des-machines-a-sous-en-ligne-de-haute-qualite\\\/\",\"url\":\"https:\\\/\\\/gambling6.com\\\/fr\\\/casino\\\/ou-trouver-des-machines-a-sous-en-ligne-de-haute-qualite\\\/\",\"name\":\"Machines \u00e0 sous en ligne de qualit\u00e9 sup\u00e9rieure\",\"isPartOf\":{\"@id\":\"https:\\\/\\\/gambling6.com\\\/fr\\\/#website\"},\"primaryImageOfPage\":{\"@id\":\"https:\\\/\\\/gambling6.com\\\/fr\\\/casino\\\/ou-trouver-des-machines-a-sous-en-ligne-de-haute-qualite\\\/#primaryimage\"},\"image\":{\"@id\":\"https:\\\/\\\/gambling6.com\\\/fr\\\/casino\\\/ou-trouver-des-machines-a-sous-en-ligne-de-haute-qualite\\\/#primaryimage\"},\"thumbnailUrl\":\"https:\\\/\\\/gambling6.com\\\/wp-content\\\/uploads\\\/2013\\\/12\\\/mobile-gambling-150x150.jpg\",\"datePublished\":\"2025-11-08T11:57:47+00:00\",\"dateModified\":\"2025-11-12T17:04:50+00:00\",\"description\":\"Jouez aux meilleures machines \u00e0 sous en ligne\u00a0! Trouvez ici des machines \u00e0 sous de qualit\u00e9 sup\u00e9rieure\u00a0!\",\"breadcrumb\":{\"@id\":\"https:\\\/\\\/gambling6.com\\\/fr\\\/casino\\\/ou-trouver-des-machines-a-sous-en-ligne-de-haute-qualite\\\/#breadcrumb\"},\"inLanguage\":\"fr-FR\",\"potentialAction\":[{\"@type\":\"ReadAction\",\"target\":[\"https:\\\/\\\/gambling6.com\\\/fr\\\/casino\\\/ou-trouver-des-machines-a-sous-en-ligne-de-haute-qualite\\\/\"]}]},{\"@type\":\"ImageObject\",\"inLanguage\":\"fr-FR\",\"@id\":\"https:\\\/\\\/gambling6.com\\\/fr\\\/casino\\\/ou-trouver-des-machines-a-sous-en-ligne-de-haute-qualite\\\/#primaryimage\",\"url\":\"https:\\\/\\\/gambling6.com\\\/wp-content\\\/uploads\\\/2013\\\/12\\\/mobile-gambling-150x150.jpg\",\"contentUrl\":\"https:\\\/\\\/gambling6.com\\\/wp-content\\\/uploads\\\/2013\\\/12\\\/mobile-gambling-150x150.jpg\"},{\"@type\":\"BreadcrumbList\",\"@id\":\"https:\\\/\\\/gambling6.com\\\/fr\\\/casino\\\/ou-trouver-des-machines-a-sous-en-ligne-de-haute-qualite\\\/#breadcrumb\",\"itemListElement\":[{\"@type\":\"ListItem\",\"position\":1,\"name\":\"Home\",\"item\":\"https:\\\/\\\/gambling6.com\\\/fr\\\/home\\\/\"},{\"@type\":\"ListItem\",\"position\":2,\"name\":\"Casino\",\"item\":\"https:\\\/\\\/gambling6.com\\\/fr\\\/get-started-with-online-gambling\\\/\"},{\"@type\":\"ListItem\",\"position\":3,\"name\":\"O\u00f9 trouver des machines \u00e0 sous en ligne de haute qualit\u00e9\"}]},{\"@type\":\"WebSite\",\"@id\":\"https:\\\/\\\/gambling6.com\\\/fr\\\/#website\",\"url\":\"https:\\\/\\\/gambling6.com\\\/fr\\\/\",\"name\":\"Gambling6\",\"description\":\"\",\"potentialAction\":[{\"@type\":\"SearchAction\",\"target\":{\"@type\":\"EntryPoint\",\"urlTemplate\":\"https:\\\/\\\/gambling6.com\\\/fr\\\/?s={search_term_string}\"},\"query-input\":{\"@type\":\"PropertyValueSpecification\",\"valueRequired\":true,\"valueName\":\"search_term_string\"}}],\"inLanguage\":\"fr-FR\"}]}<\/script>\n<!-- \/ Yoast SEO plugin. -->","yoast_head_json":{"title":"Machines \u00e0 sous en ligne de qualit\u00e9 sup\u00e9rieure","description":"Jouez aux meilleures machines \u00e0 sous en ligne\u00a0! Trouvez ici des machines \u00e0 sous de qualit\u00e9 sup\u00e9rieure\u00a0!","robots":{"index":"index","follow":"follow","max-snippet":"max-snippet:-1","max-image-preview":"max-image-preview:large","max-video-preview":"max-video-preview:-1"},"canonical":"https:\/\/gambling6.com\/fr\/casino\/ou-trouver-des-machines-a-sous-en-ligne-de-haute-qualite\/","og_locale":"fr_FR","og_type":"article","og_title":"Machines \u00e0 sous en ligne de qualit\u00e9 sup\u00e9rieure","og_description":"Jouez aux meilleures machines \u00e0 sous en ligne\u00a0! Trouvez ici des machines \u00e0 sous de qualit\u00e9 sup\u00e9rieure\u00a0!","og_url":"https:\/\/gambling6.com\/fr\/casino\/ou-trouver-des-machines-a-sous-en-ligne-de-haute-qualite\/","og_site_name":"Gambling6","article_modified_time":"2025-11-12T17:04:50+00:00","og_image":[{"width":150,"height":150,"url":"https:\/\/gambling6.com\/wp-content\/uploads\/2013\/12\/mobile-gambling-150x150.jpg","type":"image\/jpeg"}],"twitter_card":"summary_large_image","twitter_misc":{"Dur\u00e9e de lecture estim\u00e9e":"4 minutes"},"schema":{"@context":"https:\/\/schema.org","@graph":[{"@type":"WebPage","@id":"https:\/\/gambling6.com\/fr\/casino\/ou-trouver-des-machines-a-sous-en-ligne-de-haute-qualite\/","url":"https:\/\/gambling6.com\/fr\/casino\/ou-trouver-des-machines-a-sous-en-ligne-de-haute-qualite\/","name":"Machines \u00e0 sous en ligne de qualit\u00e9 sup\u00e9rieure","isPartOf":{"@id":"https:\/\/gambling6.com\/fr\/#website"},"primaryImageOfPage":{"@id":"https:\/\/gambling6.com\/fr\/casino\/ou-trouver-des-machines-a-sous-en-ligne-de-haute-qualite\/#primaryimage"},"image":{"@id":"https:\/\/gambling6.com\/fr\/casino\/ou-trouver-des-machines-a-sous-en-ligne-de-haute-qualite\/#primaryimage"},"thumbnailUrl":"https:\/\/gambling6.com\/wp-content\/uploads\/2013\/12\/mobile-gambling-150x150.jpg","datePublished":"2025-11-08T11:57:47+00:00","dateModified":"2025-11-12T17:04:50+00:00","description":"Jouez aux meilleures machines \u00e0 sous en ligne\u00a0! Trouvez ici des machines \u00e0 sous de qualit\u00e9 sup\u00e9rieure\u00a0!","breadcrumb":{"@id":"https:\/\/gambling6.com\/fr\/casino\/ou-trouver-des-machines-a-sous-en-ligne-de-haute-qualite\/#breadcrumb"},"inLanguage":"fr-FR","potentialAction":[{"@type":"ReadAction","target":["https:\/\/gambling6.com\/fr\/casino\/ou-trouver-des-machines-a-sous-en-ligne-de-haute-qualite\/"]}]},{"@type":"ImageObject","inLanguage":"fr-FR","@id":"https:\/\/gambling6.com\/fr\/casino\/ou-trouver-des-machines-a-sous-en-ligne-de-haute-qualite\/#primaryimage","url":"https:\/\/gambling6.com\/wp-content\/uploads\/2013\/12\/mobile-gambling-150x150.jpg","contentUrl":"https:\/\/gambling6.com\/wp-content\/uploads\/2013\/12\/mobile-gambling-150x150.jpg"},{"@type":"BreadcrumbList","@id":"https:\/\/gambling6.com\/fr\/casino\/ou-trouver-des-machines-a-sous-en-ligne-de-haute-qualite\/#breadcrumb","itemListElement":[{"@type":"ListItem","position":1,"name":"Home","item":"https:\/\/gambling6.com\/fr\/home\/"},{"@type":"ListItem","position":2,"name":"Casino","item":"https:\/\/gambling6.com\/fr\/get-started-with-online-gambling\/"},{"@type":"ListItem","position":3,"name":"O\u00f9 trouver des machines \u00e0 sous en ligne de haute qualit\u00e9"}]},{"@type":"WebSite","@id":"https:\/\/gambling6.com\/fr\/#website","url":"https:\/\/gambling6.com\/fr\/","name":"Gambling6","description":"","potentialAction":[{"@type":"SearchAction","target":{"@type":"EntryPoint","urlTemplate":"https:\/\/gambling6.com\/fr\/?s={search_term_string}"},"query-input":{"@type":"PropertyValueSpecification","valueRequired":true,"valueName":"search_term_string"}}],"inLanguage":"fr-FR"}]}},"_links":{"self":[{"href":"https:\/\/gambling6.com\/fr\/wp-json\/wp\/v2\/pages\/8959","targetHints":{"allow":["GET"]}}],"collection":[{"href":"https:\/\/gambling6.com\/fr\/wp-json\/wp\/v2\/pages"}],"about":[{"href":"https:\/\/gambling6.com\/fr\/wp-json\/wp\/v2\/types\/page"}],"author":[{"embeddable":true,"href":"https:\/\/gambling6.com\/fr\/wp-json\/wp\/v2\/users\/1"}],"replies":[{"embeddable":true,"href":"https:\/\/gambling6.com\/fr\/wp-json\/wp\/v2\/comments?post=8959"}],"version-history":[{"count":1,"href":"https:\/\/gambling6.com\/fr\/wp-json\/wp\/v2\/pages\/8959\/revisions"}],"predecessor-version":[{"id":10694,"href":"https:\/\/gambling6.com\/fr\/wp-json\/wp\/v2\/pages\/8959\/revisions\/10694"}],"up":[{"embeddable":true,"href":"https:\/\/gambling6.com\/fr\/wp-json\/wp\/v2\/pages\/8290"}],"wp:attachment":[{"href":"https:\/\/gambling6.com\/fr\/wp-json\/wp\/v2\/media?parent=8959"}],"curies":[{"name":"wp","href":"https:\/\/api.w.org\/{rel}","templated":true}]}}