{"id":8989,"date":"2025-11-08T12:44:23","date_gmt":"2025-11-08T12:44:23","guid":{"rendered":"https:\/\/gambling6.com\/casino\/certains-jeux-de-casino-sont-en-realite-gratuits\/"},"modified":"2025-11-12T17:12:12","modified_gmt":"2025-11-12T17:12:12","slug":"certains-jeux-de-casino-sont-en-realite-gratuits","status":"publish","type":"page","link":"https:\/\/gambling6.com\/fr\/casino\/certains-jeux-de-casino-sont-en-realite-gratuits\/","title":{"rendered":"Certains jeux de casino sont en r\u00e9alit\u00e9 gratuits !"},"content":{"rendered":"<h2>Pourquoi les casinos offrent des jeux gratuits<\/h2>\n<p>Avec l&rsquo;av\u00e8nement d&rsquo;Internet, la plupart des <a href=\"http:\/\/gambling6.com\/wp-content\/uploads\/2013\/12\/img_116.png\"><img loading=\"lazy\" decoding=\"async\" class=\"alignright size-full wp-image-638 alignleft size-full wp-image-238\" style=\"margin: 5px; float: left;\" src=\"http:\/\/gambling6.com\/wp-content\/uploads\/2013\/12\/img_116.png\" alt=\"jeux de casino gratuits\" width=\"219\" height=\"151\" \/><\/a>amateurs de casino<\/a> jouent d\u00e9sormais aux jeux de casino depuis chez eux. Les casinos en ligne offrent plus d&rsquo;avantages que les casinos terrestres. Jouer en ligne est non seulement pratique, mais permet aussi de jouer \u00e0 ses jeux pr\u00e9f\u00e9r\u00e9s sans risquer son argent. Face \u00e0 une forte concurrence, les casinos en ligne offrent des jeux gratuits pour attirer de nouveaux joueurs. Vous pouvez jouer \u00e0 ces jeux gratuits jusqu&rsquo;\u00e0 perfectionner vos comp\u00e9tences et devenir un expert.<\/p>\n<h2>\u00c0 quoi s&rsquo;attendre en choisissant un casino proposant des jeux gratuits<\/h2>\n<p>Pour jouer gratuitement aux jeux de <strong>casino<\/strong>, l&rsquo;essentiel est de trouver un bon site web offrant une grande vari\u00e9t\u00e9 de jeux gratuits. Assurez-vous que le site est fiable et r\u00e9put\u00e9. Votre aventure de jeu en ligne commence par la cr\u00e9ation d&rsquo;un compte. Les casinos en ligne vous demanderont de fournir des informations personnelles telles que votre nom, votre \u00e2ge, votre adresse et votre adresse e-mail. Les meilleurs casinos s&rsquo;efforcent d&rsquo;offrir un environnement s\u00fbr et agr\u00e9able, o\u00f9 vous pourrez profiter de vos jeux pr\u00e9f\u00e9r\u00e9s pendant des heures. Une fois votre compte cr\u00e9\u00e9, vous pourrez choisir entre le mode d\u00e9mo et le mode argent r\u00e9el. Le mode d\u00e9mo vous permet d&rsquo;essayer diff\u00e9rents jeux sans d\u00e9penser un centime.<\/p>\n<h2>Y a-t-il un risque \u00e0 jouer gratuitement aux jeux\u00a0?<\/h2>\n<p>Jouer gratuitement aux jeux de <strong>casino<\/strong> ne comporte aucun risque si vous choisissez un site web de confiance. Les casinos mettent tout en \u0153uvre pour vous offrir une exp\u00e9rience de jeu exceptionnelle et vous permettre de devenir un v\u00e9ritable joueur.<\/p>\n<p>Si vous souhaitez essayer les jeux de casino gratuitement tout en jouant avec de l&rsquo;argent r\u00e9el, nous avons une excellente recommandation pour vous. 888 Casino vous offre 20 \u20ac pour jouer, sans d\u00e9p\u00f4t initial. Et si vous d\u00e9cidez de d\u00e9poser des fonds suppl\u00e9mentaires par la suite, vous recevrez un bonus suppl\u00e9mentaire pouvant atteindre 1\u00a0500 \u20ac sur votre premier d\u00e9p\u00f4t.<\/p>\n<p><a href=\"https:\/\/ic.aff-handler.com\/C\/45871?sr=1064399&amp;anid=\" rel=\"nofollow\"><img loading=\"lazy\" decoding=\"async\" class=\"aligncenter\" src=\"https:\/\/ic.aff-handler.com\/I\/45871?sr=1064399&amp;anid=\" width=\"594\" height=\"77\" \/><\/a><\/p>\n<p><strong>Existe-t-il des restrictions\u00a0?<\/strong><\/p>\n<p>Les casinos en ligne vous permettent g\u00e9n\u00e9ralement de jouer un certain nombre de fois et pendant une p\u00e9riode d\u00e9termin\u00e9e. Il peut y avoir des restrictions concernant les jeux gratuits. Les casinos peuvent ne pas vous permettre de jouer gratuitement \u00e0 tous les jeux de leur site web. La plupart des casinos exigent que vous misiez un certain nombre de fois avant de pouvoir retirer vos gains.<\/p>\n<h2>O\u00f9 trouver des jeux de casino gratuits\u00a0?<\/h2>\n<p>De nombreux sites web vous permettent de jouer gratuitement \u00e0 des jeux de <strong>casino<\/strong>. Le meilleur endroit pour jouer gratuitement est un site qui ne n\u00e9cessite aucun t\u00e9l\u00e9chargement de logiciel. Il vous permet de jouer instantan\u00e9ment en cliquant sur votre jeu pr\u00e9f\u00e9r\u00e9. Vous pouvez v\u00e9rifier si le site propose une large gamme de jeux gratuits, tels que des jeux de table, des machines \u00e0 sous, du bingo, du vid\u00e9o poker et bien d&rsquo;autres, pour ne pas vous ennuyer.<\/p>\n<p>Les jeux de casino gratuits vous offrent la possibilit\u00e9 de tester de nouveaux programmes, techniques ou strat\u00e9gies et de v\u00e9rifier leur efficacit\u00e9 dans un environnement de jeu en ligne r\u00e9el. Comme vous ne risquez pas de perdre d&rsquo;argent, vous pouvez jouer sans aucune pression.<\/p>\n","protected":false},"excerpt":{"rendered":"<p>Pourquoi les casinos offrent des jeux gratuits Avec l&rsquo;av\u00e8nement d&rsquo;Internet, la plupart des amateurs de casino jouent d\u00e9sormais aux jeux de casino depuis chez eux. Les casinos en ligne offrent plus d&rsquo;avantages que les casinos terrestres. Jouer en ligne est non seulement pratique, mais permet aussi de jouer \u00e0 ses jeux pr\u00e9f\u00e9r\u00e9s sans risquer son [&hellip;]<\/p>\n","protected":false},"author":1,"featured_media":239,"parent":8290,"menu_order":53,"comment_status":"closed","ping_status":"closed","template":"","meta":{"footnotes":""},"class_list":["post-8989","page","type-page","status-publish","has-post-thumbnail","hentry"],"yoast_head":"<!-- This site is optimized with the Yoast SEO plugin v27.6 - https:\/\/yoast.com\/product\/yoast-seo-wordpress\/ -->\n<title>Jouez gratuitement aux jeux de casino en ligne<\/title>\n<meta name=\"description\" content=\"Jouer \u00e0 des jeux de casino gratuits est tr\u00e8s amusant. Conna\u00eetre certains \u00e9l\u00e9ments importants \u00e0 leur sujet peut s&#039;av\u00e9rer utile.\" \/>\n<meta name=\"robots\" content=\"index, follow, max-snippet:-1, max-image-preview:large, max-video-preview:-1\" \/>\n<link rel=\"canonical\" href=\"https:\/\/gambling6.com\/fr\/casino\/certains-jeux-de-casino-sont-en-realite-gratuits\/\" \/>\n<meta property=\"og:locale\" content=\"fr_FR\" \/>\n<meta property=\"og:type\" content=\"article\" \/>\n<meta property=\"og:title\" content=\"Jouez gratuitement aux jeux de casino en ligne\" \/>\n<meta property=\"og:description\" content=\"Jouer \u00e0 des jeux de casino gratuits est tr\u00e8s amusant. Conna\u00eetre certains \u00e9l\u00e9ments importants \u00e0 leur sujet peut s&#039;av\u00e9rer utile.\" \/>\n<meta property=\"og:url\" content=\"https:\/\/gambling6.com\/fr\/casino\/certains-jeux-de-casino-sont-en-realite-gratuits\/\" \/>\n<meta property=\"og:site_name\" content=\"Gambling6\" \/>\n<meta property=\"article:modified_time\" content=\"2025-11-12T17:12:12+00:00\" \/>\n<meta property=\"og:image\" content=\"https:\/\/gambling6.com\/wp-content\/uploads\/2013\/12\/img_116.png\" \/>\n\t<meta property=\"og:image:width\" content=\"270\" \/>\n\t<meta property=\"og:image:height\" content=\"186\" \/>\n\t<meta property=\"og:image:type\" content=\"image\/png\" \/>\n<meta name=\"twitter:card\" content=\"summary_large_image\" \/>\n<meta name=\"twitter:label1\" content=\"Dur\u00e9e de lecture estim\u00e9e\" \/>\n\t<meta name=\"twitter:data1\" content=\"3 minutes\" \/>\n<script type=\"application\/ld+json\" class=\"yoast-schema-graph\">{\"@context\":\"https:\\\/\\\/schema.org\",\"@graph\":[{\"@type\":\"WebPage\",\"@id\":\"https:\\\/\\\/gambling6.com\\\/fr\\\/casino\\\/certains-jeux-de-casino-sont-en-realite-gratuits\\\/\",\"url\":\"https:\\\/\\\/gambling6.com\\\/fr\\\/casino\\\/certains-jeux-de-casino-sont-en-realite-gratuits\\\/\",\"name\":\"Jouez gratuitement aux jeux de casino en ligne\",\"isPartOf\":{\"@id\":\"https:\\\/\\\/gambling6.com\\\/fr\\\/#website\"},\"primaryImageOfPage\":{\"@id\":\"https:\\\/\\\/gambling6.com\\\/fr\\\/casino\\\/certains-jeux-de-casino-sont-en-realite-gratuits\\\/#primaryimage\"},\"image\":{\"@id\":\"https:\\\/\\\/gambling6.com\\\/fr\\\/casino\\\/certains-jeux-de-casino-sont-en-realite-gratuits\\\/#primaryimage\"},\"thumbnailUrl\":\"https:\\\/\\\/gambling6.com\\\/wp-content\\\/uploads\\\/2013\\\/12\\\/img_116.png\",\"datePublished\":\"2025-11-08T12:44:23+00:00\",\"dateModified\":\"2025-11-12T17:12:12+00:00\",\"description\":\"Jouer \u00e0 des jeux de casino gratuits est tr\u00e8s amusant. Conna\u00eetre certains \u00e9l\u00e9ments importants \u00e0 leur sujet peut s'av\u00e9rer utile.\",\"breadcrumb\":{\"@id\":\"https:\\\/\\\/gambling6.com\\\/fr\\\/casino\\\/certains-jeux-de-casino-sont-en-realite-gratuits\\\/#breadcrumb\"},\"inLanguage\":\"fr-FR\",\"potentialAction\":[{\"@type\":\"ReadAction\",\"target\":[\"https:\\\/\\\/gambling6.com\\\/fr\\\/casino\\\/certains-jeux-de-casino-sont-en-realite-gratuits\\\/\"]}]},{\"@type\":\"ImageObject\",\"inLanguage\":\"fr-FR\",\"@id\":\"https:\\\/\\\/gambling6.com\\\/fr\\\/casino\\\/certains-jeux-de-casino-sont-en-realite-gratuits\\\/#primaryimage\",\"url\":\"https:\\\/\\\/gambling6.com\\\/wp-content\\\/uploads\\\/2013\\\/12\\\/img_116.png\",\"contentUrl\":\"https:\\\/\\\/gambling6.com\\\/wp-content\\\/uploads\\\/2013\\\/12\\\/img_116.png\",\"width\":270,\"height\":186},{\"@type\":\"BreadcrumbList\",\"@id\":\"https:\\\/\\\/gambling6.com\\\/fr\\\/casino\\\/certains-jeux-de-casino-sont-en-realite-gratuits\\\/#breadcrumb\",\"itemListElement\":[{\"@type\":\"ListItem\",\"position\":1,\"name\":\"Home\",\"item\":\"https:\\\/\\\/gambling6.com\\\/fr\\\/home\\\/\"},{\"@type\":\"ListItem\",\"position\":2,\"name\":\"Casino\",\"item\":\"https:\\\/\\\/gambling6.com\\\/fr\\\/get-started-with-online-gambling\\\/\"},{\"@type\":\"ListItem\",\"position\":3,\"name\":\"Certains jeux de casino sont en r\u00e9alit\u00e9 gratuits !\"}]},{\"@type\":\"WebSite\",\"@id\":\"https:\\\/\\\/gambling6.com\\\/fr\\\/#website\",\"url\":\"https:\\\/\\\/gambling6.com\\\/fr\\\/\",\"name\":\"Gambling6\",\"description\":\"\",\"potentialAction\":[{\"@type\":\"SearchAction\",\"target\":{\"@type\":\"EntryPoint\",\"urlTemplate\":\"https:\\\/\\\/gambling6.com\\\/fr\\\/?s={search_term_string}\"},\"query-input\":{\"@type\":\"PropertyValueSpecification\",\"valueRequired\":true,\"valueName\":\"search_term_string\"}}],\"inLanguage\":\"fr-FR\"}]}<\/script>\n<!-- \/ Yoast SEO plugin. -->","yoast_head_json":{"title":"Jouez gratuitement aux jeux de casino en ligne","description":"Jouer \u00e0 des jeux de casino gratuits est tr\u00e8s amusant. Conna\u00eetre certains \u00e9l\u00e9ments importants \u00e0 leur sujet peut s'av\u00e9rer utile.","robots":{"index":"index","follow":"follow","max-snippet":"max-snippet:-1","max-image-preview":"max-image-preview:large","max-video-preview":"max-video-preview:-1"},"canonical":"https:\/\/gambling6.com\/fr\/casino\/certains-jeux-de-casino-sont-en-realite-gratuits\/","og_locale":"fr_FR","og_type":"article","og_title":"Jouez gratuitement aux jeux de casino en ligne","og_description":"Jouer \u00e0 des jeux de casino gratuits est tr\u00e8s amusant. Conna\u00eetre certains \u00e9l\u00e9ments importants \u00e0 leur sujet peut s'av\u00e9rer utile.","og_url":"https:\/\/gambling6.com\/fr\/casino\/certains-jeux-de-casino-sont-en-realite-gratuits\/","og_site_name":"Gambling6","article_modified_time":"2025-11-12T17:12:12+00:00","og_image":[{"width":270,"height":186,"url":"https:\/\/gambling6.com\/wp-content\/uploads\/2013\/12\/img_116.png","type":"image\/png"}],"twitter_card":"summary_large_image","twitter_misc":{"Dur\u00e9e de lecture estim\u00e9e":"3 minutes"},"schema":{"@context":"https:\/\/schema.org","@graph":[{"@type":"WebPage","@id":"https:\/\/gambling6.com\/fr\/casino\/certains-jeux-de-casino-sont-en-realite-gratuits\/","url":"https:\/\/gambling6.com\/fr\/casino\/certains-jeux-de-casino-sont-en-realite-gratuits\/","name":"Jouez gratuitement aux jeux de casino en ligne","isPartOf":{"@id":"https:\/\/gambling6.com\/fr\/#website"},"primaryImageOfPage":{"@id":"https:\/\/gambling6.com\/fr\/casino\/certains-jeux-de-casino-sont-en-realite-gratuits\/#primaryimage"},"image":{"@id":"https:\/\/gambling6.com\/fr\/casino\/certains-jeux-de-casino-sont-en-realite-gratuits\/#primaryimage"},"thumbnailUrl":"https:\/\/gambling6.com\/wp-content\/uploads\/2013\/12\/img_116.png","datePublished":"2025-11-08T12:44:23+00:00","dateModified":"2025-11-12T17:12:12+00:00","description":"Jouer \u00e0 des jeux de casino gratuits est tr\u00e8s amusant. Conna\u00eetre certains \u00e9l\u00e9ments importants \u00e0 leur sujet peut s'av\u00e9rer utile.","breadcrumb":{"@id":"https:\/\/gambling6.com\/fr\/casino\/certains-jeux-de-casino-sont-en-realite-gratuits\/#breadcrumb"},"inLanguage":"fr-FR","potentialAction":[{"@type":"ReadAction","target":["https:\/\/gambling6.com\/fr\/casino\/certains-jeux-de-casino-sont-en-realite-gratuits\/"]}]},{"@type":"ImageObject","inLanguage":"fr-FR","@id":"https:\/\/gambling6.com\/fr\/casino\/certains-jeux-de-casino-sont-en-realite-gratuits\/#primaryimage","url":"https:\/\/gambling6.com\/wp-content\/uploads\/2013\/12\/img_116.png","contentUrl":"https:\/\/gambling6.com\/wp-content\/uploads\/2013\/12\/img_116.png","width":270,"height":186},{"@type":"BreadcrumbList","@id":"https:\/\/gambling6.com\/fr\/casino\/certains-jeux-de-casino-sont-en-realite-gratuits\/#breadcrumb","itemListElement":[{"@type":"ListItem","position":1,"name":"Home","item":"https:\/\/gambling6.com\/fr\/home\/"},{"@type":"ListItem","position":2,"name":"Casino","item":"https:\/\/gambling6.com\/fr\/get-started-with-online-gambling\/"},{"@type":"ListItem","position":3,"name":"Certains jeux de casino sont en r\u00e9alit\u00e9 gratuits !"}]},{"@type":"WebSite","@id":"https:\/\/gambling6.com\/fr\/#website","url":"https:\/\/gambling6.com\/fr\/","name":"Gambling6","description":"","potentialAction":[{"@type":"SearchAction","target":{"@type":"EntryPoint","urlTemplate":"https:\/\/gambling6.com\/fr\/?s={search_term_string}"},"query-input":{"@type":"PropertyValueSpecification","valueRequired":true,"valueName":"search_term_string"}}],"inLanguage":"fr-FR"}]}},"_links":{"self":[{"href":"https:\/\/gambling6.com\/fr\/wp-json\/wp\/v2\/pages\/8989","targetHints":{"allow":["GET"]}}],"collection":[{"href":"https:\/\/gambling6.com\/fr\/wp-json\/wp\/v2\/pages"}],"about":[{"href":"https:\/\/gambling6.com\/fr\/wp-json\/wp\/v2\/types\/page"}],"author":[{"embeddable":true,"href":"https:\/\/gambling6.com\/fr\/wp-json\/wp\/v2\/users\/1"}],"replies":[{"embeddable":true,"href":"https:\/\/gambling6.com\/fr\/wp-json\/wp\/v2\/comments?post=8989"}],"version-history":[{"count":1,"href":"https:\/\/gambling6.com\/fr\/wp-json\/wp\/v2\/pages\/8989\/revisions"}],"predecessor-version":[{"id":10700,"href":"https:\/\/gambling6.com\/fr\/wp-json\/wp\/v2\/pages\/8989\/revisions\/10700"}],"up":[{"embeddable":true,"href":"https:\/\/gambling6.com\/fr\/wp-json\/wp\/v2\/pages\/8290"}],"wp:featuredmedia":[{"embeddable":true,"href":"https:\/\/gambling6.com\/fr\/wp-json\/wp\/v2\/media\/239"}],"wp:attachment":[{"href":"https:\/\/gambling6.com\/fr\/wp-json\/wp\/v2\/media?parent=8989"}],"curies":[{"name":"wp","href":"https:\/\/api.w.org\/{rel}","templated":true}]}}