{"id":9032,"date":"2025-11-08T13:33:10","date_gmt":"2025-11-08T13:33:10","guid":{"rendered":"https:\/\/gambling6.com\/casino\/casinos-en-ligne-avec-argent-reel-comprendre-les-petites-lignes\/"},"modified":"2025-11-15T09:06:21","modified_gmt":"2025-11-15T09:06:21","slug":"casinos-en-ligne-avec-argent-reel-comprendre-les-petites-lignes","status":"publish","type":"page","link":"https:\/\/gambling6.com\/fr\/casino\/casinos-en-ligne-avec-argent-reel-comprendre-les-petites-lignes\/","title":{"rendered":"Casinos en ligne avec argent r\u00e9el\u00a0: Comprendre les petites lignes"},"content":{"rendered":"<h2>V\u00e9rifier les conditions g\u00e9n\u00e9rales des casinos en ligne<\/h2>\n<p><img loading=\"lazy\" decoding=\"async\" class=\"alignright size-full wp-image-62 alignleft size-full wp-image-64\" style=\"margin: 5px; float: left;\" title=\"Conditions g\u00e9n\u00e9rales des casinos\" src=\"http:\/\/gambling6.com\/wp-content\/uploads\/2013\/12\/casino-fine-print.jpg\" alt=\"Conditions g\u00e9n\u00e9rales des casinos\" width=\"168\" height=\"147\" \/><span style=\"box-sizing: border-box; margin: 0px; padding: 0px;\">Lorsque vous vous inscrivez sur un casino en ligne,<\/strong> vous devez accepter le contrat d&rsquo;utilisation, qui contient les conditions g\u00e9n\u00e9rales du casino que vous devez respecter.<\/span> Certaines de ces conditions concernent les proc\u00e9dures bancaires du casino, tandis que d&rsquo;autres peuvent concerner les mises, les jeux et les bonus.<\/p>\n<p>Il est essentiel de bien comprendre et d&rsquo;appr\u00e9hender l&rsquo;impact de ces conditions g\u00e9n\u00e9rales avant de les accepter. Le transfert de fonds vers et depuis le casino est sans doute l&rsquo;aspect le plus crucial pour le joueur. Il est donc primordial de savoir pr\u00e9cis\u00e9ment \u00e0 quoi vous vous engagez en acceptant les conditions du casino. Cet article vise \u00e0 simplifier le langage juridique afin d&rsquo;expliquer en quoi consistent ces conditions. En acceptant le contrat d&rsquo;utilisation, le joueur s&rsquo;engage \u00e0 respecter certaines obligations et \u00e0 fournir certaines garanties.<\/p>\n<p>De mani\u00e8re g\u00e9n\u00e9rale, certains casinos en ligne incluent dans leurs conditions g\u00e9n\u00e9rales des clauses qui peuvent avoir des cons\u00e9quences tr\u00e8s n\u00e9gatives pour les joueurs. Ils misent sur le fait que personne ne lira l&rsquo;int\u00e9gralit\u00e9 de ces clauses. Par cons\u00e9quent, nous vous conseillons de privil\u00e9gier les casinos r\u00e9glement\u00e9s, jouissant d&rsquo;une bonne r\u00e9putation et proposant des conditions g\u00e9n\u00e9rales \u00e9quitables.<\/p>\n<p>BetOnline Casino fait partie de ces casinos. Leurs conditions g\u00e9n\u00e9rales sont claires et transparentes. Elles refl\u00e8tent le fait qu&rsquo;en raison de la r\u00e9cente r\u00e9glementation am\u00e9ricaine, les proc\u00e9dures de d\u00e9p\u00f4t et de retrait sont moins simples qu&rsquo;auparavant. Cependant, dans ces conditions, elles restent \u00e9quitables.<\/p>\n<p><a class=\"thirstylink\" title=\"Casino Betonline en\" href=\"https:\/\/gambling6.com\/go\/betonline-casino-en\/\" target=\"_blank\" rel=\"nofollow noopener\"><img loading=\"lazy\" decoding=\"async\" class=\"wp-image-7875 aligncenter\" src=\"https:\/\/gambling6.com\/wp-content\/uploads\/2025\/10\/BOL_AQC_banner_468x60_FS1_casino-300x38.gif\" alt=\"Casino BetOnline\" width=\"498\" height=\"63\" \/><\/a><\/p>\n<h2>Ce que les conditions g\u00e9n\u00e9rales du casino exigent g\u00e9n\u00e9ralement du joueur<\/h2>\n<p>Le casino exige \u00e9galement du joueur qu&rsquo;il confirme \u00eatre le propri\u00e9taire l\u00e9gitime des fonds utilis\u00e9s pour les mises. Autrement dit, il ne peut pas utiliser une carte bancaire qui ne lui appartient pas pour approvisionner son compte. De plus, sa carte bancaire sera v\u00e9rifi\u00e9e avant tout retrait. De m\u00eame, il ne peut utiliser aucun autre moyen de paiement que celui \u00e0 son nom.<\/p>\n<p>Toute violation du contrat, qu&rsquo;elle soit li\u00e9e aux op\u00e9rations bancaires ou aux mises, affectera en premier lieu le compte du joueur. En cas de suspension du compte, le casino peut retenir les fonds litigieux\u00a0; dans la plupart des cas, il retiendra la totalit\u00e9 des fonds, y compris les bonus, les d\u00e9p\u00f4ts et les remboursements, sans distinction. Ceci est conforme aux conditions que vous avez accept\u00e9es.<\/p>\n<p>Si le joueur doit de l&rsquo;argent au casino, ce dernier peut tout mettre en \u0153uvre pour recouvrer la somme due, y compris faire appel \u00e0 des agences de recouvrement. Certains casinos en ligne appliquent des politiques strictes concernant les comptes inactifs. Un de mes amis l&rsquo;a appris \u00e0 ses d\u00e9pens. Il s&rsquo;\u00e9tait inscrit sur un casino en ligne et y avait jou\u00e9 pendant un certain temps, gagnant une belle somme. Il a ensuite chang\u00e9 de casino, pr\u00e9voyant de revenir au premier peu de temps apr\u00e8s. Lorsqu&rsquo;il a consult\u00e9 son compte \u00e0 son tour, il n&rsquo;y a trouv\u00e9 aucun solde. En contactant le service client, on lui a indiqu\u00e9 que son argent avait \u00e9t\u00e9 confisqu\u00e9 car il n&rsquo;avait pas jou\u00e9 au casino depuis plus de six mois. Bien s\u00fbr, cela est plut\u00f4t inhabituel, et m\u00eame si cela vous arrivait, vous pourriez r\u00e9soudre le probl\u00e8me en envoyant un court e-mail au service client.<\/p>\n<h2>Points \u00e0 prendre en compte<\/h2>\n<p>Si vous d\u00e9cidez d&rsquo;arr\u00eater de jouer dans votre casino en ligne, assurez-vous de retirer tous les fonds de votre compte casino, m\u00eame pour une courte interruption. V\u00e9rifiez si des frais sont appliqu\u00e9s aux retraits. Si des frais fixes sont appliqu\u00e9s, il est pr\u00e9f\u00e9rable de retirer tous vos fonds en une seule fois plut\u00f4t que d&rsquo;effectuer plusieurs retraits. Ne retirez pas vos gains si vous pr\u00e9voyez de d\u00e9poser \u00e0 nouveau peu de temps apr\u00e8s\u00a0: vous perdrez de l&rsquo;argent. <strong>Comparez les diff\u00e9rentes options de paiement disponibles\u00a0: certaines sont moins ch\u00e8res, d&rsquo;autres plus ch\u00e8res\u00a0!<\/strong><\/p>\n<p>D&rsquo;autres conditions g\u00e9n\u00e9rales s&rsquo;appliquent aux bonus et aux offres promotionnelles du casino. Il s&rsquo;agit g\u00e9n\u00e9ralement des conditions d&rsquo;\u00e9ligibilit\u00e9 et des exigences de mise n\u00e9cessaires pour d\u00e9bloquer le bonus. Il est conseill\u00e9 de lire et de comprendre ces conditions avant d&rsquo;accepter une offre de bonus. De m\u00eame, avant de s&rsquo;inscrire sur un casino en ligne, les joueurs doivent lire attentivement les conditions g\u00e9n\u00e9rales et bien comprendre les clauses en petits caract\u00e8res ainsi que la FAQ relative aux jeux en argent r\u00e9el afin d&rsquo;\u00e9viter tout d\u00e9sagr\u00e9ment ult\u00e9rieur. G\u00e9n\u00e9ralement, les casinos en ligne consacrent une page enti\u00e8re aux accords destin\u00e9s aux utilisateurs finaux.Votre premi\u00e8re t\u00e2che devrait \u00eatre de les lire attentivement avant de d\u00e9cider de rejoindre le casino.<\/p>\n","protected":false},"excerpt":{"rendered":"<p>V\u00e9rifier les conditions g\u00e9n\u00e9rales des casinos en ligne Lorsque vous vous inscrivez sur un casino en ligne, vous devez accepter le contrat d&rsquo;utilisation, qui contient les conditions g\u00e9n\u00e9rales du casino que vous devez respecter. Certaines de ces conditions concernent les proc\u00e9dures bancaires du casino, tandis que d&rsquo;autres peuvent concerner les mises, les jeux et les [&hellip;]<\/p>\n","protected":false},"author":1,"featured_media":65,"parent":8290,"menu_order":68,"comment_status":"closed","ping_status":"closed","template":"","meta":{"footnotes":""},"class_list":["post-9032","page","type-page","status-publish","has-post-thumbnail","hentry"],"yoast_head":"<!-- This site is optimized with the Yoast SEO plugin v27.4 - https:\/\/yoast.com\/product\/yoast-seo-wordpress\/ -->\n<title>\u00c0 quoi faut-il faire attention dans les conditions g\u00e9n\u00e9rales du casino ?<\/title>\n<meta name=\"description\" content=\"Conditions g\u00e9n\u00e9rales des casinos en ligne\u00a0: ce \u00e0 quoi vous pouvez vous attendre et ce \u00e0 quoi vous pouvez vous attendre.\" \/>\n<meta name=\"robots\" content=\"index, follow, max-snippet:-1, max-image-preview:large, max-video-preview:-1\" \/>\n<link rel=\"canonical\" href=\"https:\/\/gambling6.com\/fr\/casino\/casinos-en-ligne-avec-argent-reel-comprendre-les-petites-lignes\/\" \/>\n<meta property=\"og:locale\" content=\"fr_FR\" \/>\n<meta property=\"og:type\" content=\"article\" \/>\n<meta property=\"og:title\" content=\"\u00c0 quoi faut-il faire attention dans les conditions g\u00e9n\u00e9rales du casino ?\" \/>\n<meta property=\"og:description\" content=\"Conditions g\u00e9n\u00e9rales des casinos en ligne\u00a0: ce \u00e0 quoi vous pouvez vous attendre et ce \u00e0 quoi vous pouvez vous attendre.\" \/>\n<meta property=\"og:url\" content=\"https:\/\/gambling6.com\/fr\/casino\/casinos-en-ligne-avec-argent-reel-comprendre-les-petites-lignes\/\" \/>\n<meta property=\"og:site_name\" content=\"Gambling6\" \/>\n<meta property=\"article:modified_time\" content=\"2025-11-15T09:06:21+00:00\" \/>\n<meta property=\"og:image\" content=\"https:\/\/gambling6.com\/wp-content\/uploads\/2013\/12\/casino-fine-print.jpg\" \/>\n\t<meta property=\"og:image:width\" content=\"200\" \/>\n\t<meta property=\"og:image:height\" content=\"175\" \/>\n\t<meta property=\"og:image:type\" content=\"image\/jpeg\" \/>\n<meta name=\"twitter:card\" content=\"summary_large_image\" \/>\n<meta name=\"twitter:label1\" content=\"Dur\u00e9e de lecture estim\u00e9e\" \/>\n\t<meta name=\"twitter:data1\" content=\"4 minutes\" \/>\n<script type=\"application\/ld+json\" class=\"yoast-schema-graph\">{\"@context\":\"https:\\\/\\\/schema.org\",\"@graph\":[{\"@type\":\"WebPage\",\"@id\":\"https:\\\/\\\/gambling6.com\\\/fr\\\/casino\\\/casinos-en-ligne-avec-argent-reel-comprendre-les-petites-lignes\\\/\",\"url\":\"https:\\\/\\\/gambling6.com\\\/fr\\\/casino\\\/casinos-en-ligne-avec-argent-reel-comprendre-les-petites-lignes\\\/\",\"name\":\"\u00c0 quoi faut-il faire attention dans les conditions g\u00e9n\u00e9rales du casino ?\",\"isPartOf\":{\"@id\":\"https:\\\/\\\/gambling6.com\\\/fr\\\/#website\"},\"primaryImageOfPage\":{\"@id\":\"https:\\\/\\\/gambling6.com\\\/fr\\\/casino\\\/casinos-en-ligne-avec-argent-reel-comprendre-les-petites-lignes\\\/#primaryimage\"},\"image\":{\"@id\":\"https:\\\/\\\/gambling6.com\\\/fr\\\/casino\\\/casinos-en-ligne-avec-argent-reel-comprendre-les-petites-lignes\\\/#primaryimage\"},\"thumbnailUrl\":\"https:\\\/\\\/gambling6.com\\\/wp-content\\\/uploads\\\/2013\\\/12\\\/casino-fine-print.jpg\",\"datePublished\":\"2025-11-08T13:33:10+00:00\",\"dateModified\":\"2025-11-15T09:06:21+00:00\",\"description\":\"Conditions g\u00e9n\u00e9rales des casinos en ligne\u00a0: ce \u00e0 quoi vous pouvez vous attendre et ce \u00e0 quoi vous pouvez vous attendre.\",\"breadcrumb\":{\"@id\":\"https:\\\/\\\/gambling6.com\\\/fr\\\/casino\\\/casinos-en-ligne-avec-argent-reel-comprendre-les-petites-lignes\\\/#breadcrumb\"},\"inLanguage\":\"fr-FR\",\"potentialAction\":[{\"@type\":\"ReadAction\",\"target\":[\"https:\\\/\\\/gambling6.com\\\/fr\\\/casino\\\/casinos-en-ligne-avec-argent-reel-comprendre-les-petites-lignes\\\/\"]}]},{\"@type\":\"ImageObject\",\"inLanguage\":\"fr-FR\",\"@id\":\"https:\\\/\\\/gambling6.com\\\/fr\\\/casino\\\/casinos-en-ligne-avec-argent-reel-comprendre-les-petites-lignes\\\/#primaryimage\",\"url\":\"https:\\\/\\\/gambling6.com\\\/wp-content\\\/uploads\\\/2013\\\/12\\\/casino-fine-print.jpg\",\"contentUrl\":\"https:\\\/\\\/gambling6.com\\\/wp-content\\\/uploads\\\/2013\\\/12\\\/casino-fine-print.jpg\",\"width\":200,\"height\":175,\"caption\":\"casino fine print\"},{\"@type\":\"BreadcrumbList\",\"@id\":\"https:\\\/\\\/gambling6.com\\\/fr\\\/casino\\\/casinos-en-ligne-avec-argent-reel-comprendre-les-petites-lignes\\\/#breadcrumb\",\"itemListElement\":[{\"@type\":\"ListItem\",\"position\":1,\"name\":\"Home\",\"item\":\"https:\\\/\\\/gambling6.com\\\/fr\\\/home\\\/\"},{\"@type\":\"ListItem\",\"position\":2,\"name\":\"Casino\",\"item\":\"https:\\\/\\\/gambling6.com\\\/fr\\\/get-started-with-online-gambling\\\/\"},{\"@type\":\"ListItem\",\"position\":3,\"name\":\"Casinos en ligne avec argent r\u00e9el\u00a0: Comprendre les petites lignes\"}]},{\"@type\":\"WebSite\",\"@id\":\"https:\\\/\\\/gambling6.com\\\/fr\\\/#website\",\"url\":\"https:\\\/\\\/gambling6.com\\\/fr\\\/\",\"name\":\"Gambling6\",\"description\":\"\",\"potentialAction\":[{\"@type\":\"SearchAction\",\"target\":{\"@type\":\"EntryPoint\",\"urlTemplate\":\"https:\\\/\\\/gambling6.com\\\/fr\\\/?s={search_term_string}\"},\"query-input\":{\"@type\":\"PropertyValueSpecification\",\"valueRequired\":true,\"valueName\":\"search_term_string\"}}],\"inLanguage\":\"fr-FR\"}]}<\/script>\n<!-- \/ Yoast SEO plugin. -->","yoast_head_json":{"title":"\u00c0 quoi faut-il faire attention dans les conditions g\u00e9n\u00e9rales du casino ?","description":"Conditions g\u00e9n\u00e9rales des casinos en ligne\u00a0: ce \u00e0 quoi vous pouvez vous attendre et ce \u00e0 quoi vous pouvez vous attendre.","robots":{"index":"index","follow":"follow","max-snippet":"max-snippet:-1","max-image-preview":"max-image-preview:large","max-video-preview":"max-video-preview:-1"},"canonical":"https:\/\/gambling6.com\/fr\/casino\/casinos-en-ligne-avec-argent-reel-comprendre-les-petites-lignes\/","og_locale":"fr_FR","og_type":"article","og_title":"\u00c0 quoi faut-il faire attention dans les conditions g\u00e9n\u00e9rales du casino ?","og_description":"Conditions g\u00e9n\u00e9rales des casinos en ligne\u00a0: ce \u00e0 quoi vous pouvez vous attendre et ce \u00e0 quoi vous pouvez vous attendre.","og_url":"https:\/\/gambling6.com\/fr\/casino\/casinos-en-ligne-avec-argent-reel-comprendre-les-petites-lignes\/","og_site_name":"Gambling6","article_modified_time":"2025-11-15T09:06:21+00:00","og_image":[{"width":200,"height":175,"url":"https:\/\/gambling6.com\/wp-content\/uploads\/2013\/12\/casino-fine-print.jpg","type":"image\/jpeg"}],"twitter_card":"summary_large_image","twitter_misc":{"Dur\u00e9e de lecture estim\u00e9e":"4 minutes"},"schema":{"@context":"https:\/\/schema.org","@graph":[{"@type":"WebPage","@id":"https:\/\/gambling6.com\/fr\/casino\/casinos-en-ligne-avec-argent-reel-comprendre-les-petites-lignes\/","url":"https:\/\/gambling6.com\/fr\/casino\/casinos-en-ligne-avec-argent-reel-comprendre-les-petites-lignes\/","name":"\u00c0 quoi faut-il faire attention dans les conditions g\u00e9n\u00e9rales du casino ?","isPartOf":{"@id":"https:\/\/gambling6.com\/fr\/#website"},"primaryImageOfPage":{"@id":"https:\/\/gambling6.com\/fr\/casino\/casinos-en-ligne-avec-argent-reel-comprendre-les-petites-lignes\/#primaryimage"},"image":{"@id":"https:\/\/gambling6.com\/fr\/casino\/casinos-en-ligne-avec-argent-reel-comprendre-les-petites-lignes\/#primaryimage"},"thumbnailUrl":"https:\/\/gambling6.com\/wp-content\/uploads\/2013\/12\/casino-fine-print.jpg","datePublished":"2025-11-08T13:33:10+00:00","dateModified":"2025-11-15T09:06:21+00:00","description":"Conditions g\u00e9n\u00e9rales des casinos en ligne\u00a0: ce \u00e0 quoi vous pouvez vous attendre et ce \u00e0 quoi vous pouvez vous attendre.","breadcrumb":{"@id":"https:\/\/gambling6.com\/fr\/casino\/casinos-en-ligne-avec-argent-reel-comprendre-les-petites-lignes\/#breadcrumb"},"inLanguage":"fr-FR","potentialAction":[{"@type":"ReadAction","target":["https:\/\/gambling6.com\/fr\/casino\/casinos-en-ligne-avec-argent-reel-comprendre-les-petites-lignes\/"]}]},{"@type":"ImageObject","inLanguage":"fr-FR","@id":"https:\/\/gambling6.com\/fr\/casino\/casinos-en-ligne-avec-argent-reel-comprendre-les-petites-lignes\/#primaryimage","url":"https:\/\/gambling6.com\/wp-content\/uploads\/2013\/12\/casino-fine-print.jpg","contentUrl":"https:\/\/gambling6.com\/wp-content\/uploads\/2013\/12\/casino-fine-print.jpg","width":200,"height":175,"caption":"casino fine print"},{"@type":"BreadcrumbList","@id":"https:\/\/gambling6.com\/fr\/casino\/casinos-en-ligne-avec-argent-reel-comprendre-les-petites-lignes\/#breadcrumb","itemListElement":[{"@type":"ListItem","position":1,"name":"Home","item":"https:\/\/gambling6.com\/fr\/home\/"},{"@type":"ListItem","position":2,"name":"Casino","item":"https:\/\/gambling6.com\/fr\/get-started-with-online-gambling\/"},{"@type":"ListItem","position":3,"name":"Casinos en ligne avec argent r\u00e9el\u00a0: Comprendre les petites lignes"}]},{"@type":"WebSite","@id":"https:\/\/gambling6.com\/fr\/#website","url":"https:\/\/gambling6.com\/fr\/","name":"Gambling6","description":"","potentialAction":[{"@type":"SearchAction","target":{"@type":"EntryPoint","urlTemplate":"https:\/\/gambling6.com\/fr\/?s={search_term_string}"},"query-input":{"@type":"PropertyValueSpecification","valueRequired":true,"valueName":"search_term_string"}}],"inLanguage":"fr-FR"}]}},"_links":{"self":[{"href":"https:\/\/gambling6.com\/fr\/wp-json\/wp\/v2\/pages\/9032","targetHints":{"allow":["GET"]}}],"collection":[{"href":"https:\/\/gambling6.com\/fr\/wp-json\/wp\/v2\/pages"}],"about":[{"href":"https:\/\/gambling6.com\/fr\/wp-json\/wp\/v2\/types\/page"}],"author":[{"embeddable":true,"href":"https:\/\/gambling6.com\/fr\/wp-json\/wp\/v2\/users\/1"}],"replies":[{"embeddable":true,"href":"https:\/\/gambling6.com\/fr\/wp-json\/wp\/v2\/comments?post=9032"}],"version-history":[{"count":1,"href":"https:\/\/gambling6.com\/fr\/wp-json\/wp\/v2\/pages\/9032\/revisions"}],"predecessor-version":[{"id":10858,"href":"https:\/\/gambling6.com\/fr\/wp-json\/wp\/v2\/pages\/9032\/revisions\/10858"}],"up":[{"embeddable":true,"href":"https:\/\/gambling6.com\/fr\/wp-json\/wp\/v2\/pages\/8290"}],"wp:featuredmedia":[{"embeddable":true,"href":"https:\/\/gambling6.com\/fr\/wp-json\/wp\/v2\/media\/65"}],"wp:attachment":[{"href":"https:\/\/gambling6.com\/fr\/wp-json\/wp\/v2\/media?parent=9032"}],"curies":[{"name":"wp","href":"https:\/\/api.w.org\/{rel}","templated":true}]}}