{"id":9080,"date":"2025-11-08T14:37:12","date_gmt":"2025-11-08T14:37:12","guid":{"rendered":"https:\/\/gambling6.com\/conseils-pour-les-paris-sportifs-votre-guide-des-paris-en-ligne\/"},"modified":"2025-11-12T19:17:54","modified_gmt":"2025-11-12T19:17:54","slug":"conseils-pour-les-paris-sportifs-votre-guide-des-paris-en-ligne","status":"publish","type":"page","link":"https:\/\/gambling6.com\/fr\/paris-sportifs\/conseils-pour-les-paris-sportifs-votre-guide-des-paris-en-ligne\/","title":{"rendered":"Conseils pour les paris sportifs &#8211; Votre guide des paris en ligne"},"content":{"rendered":"<h2>Guide complet du monde des paris en ligne\u00a0!<\/h2>\n<p>Depuis la nuit des temps, le jeu fait partie int\u00e9grante de la nature humaine. Avec l&rsquo;av\u00e8nement d&rsquo;Internet, l&rsquo;apparition des sites de jeux d&rsquo;argent \u00e9tait in\u00e9vitable. Ces derniers ont connu un succ\u00e8s fulgurant, et les jeux d&rsquo;argent en ligne figurent aujourd&rsquo;hui parmi les activit\u00e9s les plus populaires au monde.<\/p>\n<p>Vous souhaitez jouer en ligne\u00a0? Sachez qu&rsquo;il vous suffit de quelques minutes pour cr\u00e9er un compte sur l&rsquo;un des principaux sites de jeux en ligne. Vous pourrez ensuite jouer \u00e0 tous les jeux de votre choix\u00a0: casino, poker, paris sportifs ou financiers, et bien plus encore.<\/p>\n<p><img loading=\"lazy\" decoding=\"async\" class=\"size-medium wp-image-3057 alignright\" src=\"https:\/\/gambling6.com\/wp-content\/uploads\/2022\/04\/soccermoney-300x200.jpg\" alt=\"guide des paris en ligne\" width=\"300\" height=\"200\" srcset=\"https:\/\/gambling6.com\/wp-content\/uploads\/2022\/04\/soccermoney-300x200.jpg 300w, https:\/\/gambling6.com\/wp-content\/uploads\/2022\/04\/soccermoney.jpg 424w\" sizes=\"auto, (max-width: 300px) 100vw, 300px\" \/>En parlant de paris en ligne, sachez que si vous souhaitez rejoindre un site de jeux d&rsquo;argent en ligne sans avoir \u00e0 apprendre les r\u00e8gles (contrairement au poker ou aux jeux de casino en ligne), les paris en ligne sont la solution id\u00e9ale. Vous connaissez d\u00e9j\u00e0 les r\u00e8gles\u00a0: il vous suffit de deviner le r\u00e9sultat d&rsquo;un match de sport professionnel, et c&rsquo;est tout. Si vous avez raison, vous gagnez. Si vous avez tort, vous pouvez retenter votre chance.<\/p>\n<p>Imaginons que vous n&rsquo;ayez jamais entendu parler des paris en ligne jusqu&rsquo;\u00e0 pr\u00e9sent. Il serait imprudent de commencer \u00e0 jouer sans rien conna\u00eetre du secteur, des sports ou m\u00eame des sites de jeux en ligne sur lesquels vous souhaitez vous inscrire. C&rsquo;est pourquoi il existe des sites dont le seul but est de vous familiariser avec vos activit\u00e9s de jeux en ligne pr\u00e9f\u00e9r\u00e9es en vous fournissant un maximum d&rsquo;informations.<\/p>\n<p>BetOnline est l&rsquo;un des meilleurs sites de paris en ligne au monde. Des paris hippiques aux paris sportifs en g\u00e9n\u00e9ral, en passant par les paris financiers, tout est pr\u00e9sent\u00e9 ici en d\u00e9tail. En quelques minutes seulement, vous trouverez tout ce qu&rsquo;un d\u00e9butant doit savoir dans la section qui vous int\u00e9resse.<\/p>\n<p><a class=\"thirstylink\" title=\"Betonline sports en\" href=\"https:\/\/gambling6.com\/go\/betonline-sports-en\/\" target=\"_blank\" rel=\"nofollow noopener\">Rejoignez les millions de passionn\u00e9s de paris sportifs du monde entier sur Betonline, notre site de paris sportifs pr\u00e9f\u00e9r\u00e9, en suivant ce lien.<\/a><\/p>\n<p>Par exemple, si vous souhaitez parier sur les courses hippiques, consultez la section \u00ab\u00a0Paris hippiques\u00a0\u00bb. Vous y trouverez toutes les informations n\u00e9cessaires sur les courses en ligne\u00a0: courses de l\u00e9vriers, courses hippiques traditionnelles, sports plus r\u00e9cents comme le NASCAR ou la Formule 1\u2026 BetOnline vous offre tout ce que vous devez savoir sur chacun de ces sports.<\/p>\n<p>En r\u00e9sum\u00e9, si vous souhaitez vous lancer dans les paris sportifs, essayez BetOnline, l&rsquo;un des meilleurs sites de jeux en ligne. Ils vous permettront de passer de novice complet \u00e0 un niveau de gains important\u00a0!<\/p>\n","protected":false},"excerpt":{"rendered":"<p>Guide complet du monde des paris en ligne\u00a0! Depuis la nuit des temps, le jeu fait partie int\u00e9grante de la nature humaine. Avec l&rsquo;av\u00e8nement d&rsquo;Internet, l&rsquo;apparition des sites de jeux d&rsquo;argent \u00e9tait in\u00e9vitable. Ces derniers ont connu un succ\u00e8s fulgurant, et les jeux d&rsquo;argent en ligne figurent aujourd&rsquo;hui parmi les activit\u00e9s les plus populaires au [&hellip;]<\/p>\n","protected":false},"author":1,"featured_media":0,"parent":9212,"menu_order":14,"comment_status":"closed","ping_status":"closed","template":"","meta":{"footnotes":""},"class_list":["post-9080","page","type-page","status-publish","hentry"],"yoast_head":"<!-- This site is optimized with the Yoast SEO plugin v27.3 - https:\/\/yoast.com\/product\/yoast-seo-wordpress\/ -->\n<title>Guide et conseils pour les paris sportifs en ligne<\/title>\n<meta name=\"description\" content=\"Commencez \u00e0 parier en ligne d\u00e8s aujourd&#039;hui. Visitez BetOnline pour d\u00e9couvrir une gamme compl\u00e8te d&#039;options de paris, ainsi que du poker et des jeux de casino en ligne, le tout sur un seul site web.\" \/>\n<meta name=\"robots\" content=\"index, follow, max-snippet:-1, max-image-preview:large, max-video-preview:-1\" \/>\n<link rel=\"canonical\" href=\"https:\/\/gambling6.com\/fr\/paris-sportifs\/conseils-pour-les-paris-sportifs-votre-guide-des-paris-en-ligne\/\" \/>\n<meta property=\"og:locale\" content=\"fr_FR\" \/>\n<meta property=\"og:type\" content=\"article\" \/>\n<meta property=\"og:title\" content=\"Guide et conseils pour les paris sportifs en ligne\" \/>\n<meta property=\"og:description\" content=\"Commencez \u00e0 parier en ligne d\u00e8s aujourd&#039;hui. Visitez BetOnline pour d\u00e9couvrir une gamme compl\u00e8te d&#039;options de paris, ainsi que du poker et des jeux de casino en ligne, le tout sur un seul site web.\" \/>\n<meta property=\"og:url\" content=\"https:\/\/gambling6.com\/fr\/paris-sportifs\/conseils-pour-les-paris-sportifs-votre-guide-des-paris-en-ligne\/\" \/>\n<meta property=\"og:site_name\" content=\"Gambling6\" \/>\n<meta property=\"article:modified_time\" content=\"2025-11-12T19:17:54+00:00\" \/>\n<meta property=\"og:image\" content=\"https:\/\/gambling6.com\/wp-content\/uploads\/2022\/04\/soccermoney.jpg\" \/>\n\t<meta property=\"og:image:width\" content=\"424\" \/>\n\t<meta property=\"og:image:height\" content=\"283\" \/>\n\t<meta property=\"og:image:type\" content=\"image\/jpeg\" \/>\n<meta name=\"twitter:card\" content=\"summary_large_image\" \/>\n<meta name=\"twitter:label1\" content=\"Dur\u00e9e de lecture estim\u00e9e\" \/>\n\t<meta name=\"twitter:data1\" content=\"2 minutes\" \/>\n<script type=\"application\/ld+json\" class=\"yoast-schema-graph\">{\"@context\":\"https:\\\/\\\/schema.org\",\"@graph\":[{\"@type\":\"WebPage\",\"@id\":\"https:\\\/\\\/gambling6.com\\\/fr\\\/paris-sportifs\\\/conseils-pour-les-paris-sportifs-votre-guide-des-paris-en-ligne\\\/\",\"url\":\"https:\\\/\\\/gambling6.com\\\/fr\\\/paris-sportifs\\\/conseils-pour-les-paris-sportifs-votre-guide-des-paris-en-ligne\\\/\",\"name\":\"Guide et conseils pour les paris sportifs en ligne\",\"isPartOf\":{\"@id\":\"https:\\\/\\\/gambling6.com\\\/fr\\\/#website\"},\"primaryImageOfPage\":{\"@id\":\"https:\\\/\\\/gambling6.com\\\/fr\\\/paris-sportifs\\\/conseils-pour-les-paris-sportifs-votre-guide-des-paris-en-ligne\\\/#primaryimage\"},\"image\":{\"@id\":\"https:\\\/\\\/gambling6.com\\\/fr\\\/paris-sportifs\\\/conseils-pour-les-paris-sportifs-votre-guide-des-paris-en-ligne\\\/#primaryimage\"},\"thumbnailUrl\":\"https:\\\/\\\/gambling6.com\\\/wp-content\\\/uploads\\\/2022\\\/04\\\/soccermoney-300x200.jpg\",\"datePublished\":\"2025-11-08T14:37:12+00:00\",\"dateModified\":\"2025-11-12T19:17:54+00:00\",\"description\":\"Commencez \u00e0 parier en ligne d\u00e8s aujourd'hui. Visitez BetOnline pour d\u00e9couvrir une gamme compl\u00e8te d'options de paris, ainsi que du poker et des jeux de casino en ligne, le tout sur un seul site web.\",\"breadcrumb\":{\"@id\":\"https:\\\/\\\/gambling6.com\\\/fr\\\/paris-sportifs\\\/conseils-pour-les-paris-sportifs-votre-guide-des-paris-en-ligne\\\/#breadcrumb\"},\"inLanguage\":\"fr-FR\",\"potentialAction\":[{\"@type\":\"ReadAction\",\"target\":[\"https:\\\/\\\/gambling6.com\\\/fr\\\/paris-sportifs\\\/conseils-pour-les-paris-sportifs-votre-guide-des-paris-en-ligne\\\/\"]}]},{\"@type\":\"ImageObject\",\"inLanguage\":\"fr-FR\",\"@id\":\"https:\\\/\\\/gambling6.com\\\/fr\\\/paris-sportifs\\\/conseils-pour-les-paris-sportifs-votre-guide-des-paris-en-ligne\\\/#primaryimage\",\"url\":\"https:\\\/\\\/gambling6.com\\\/wp-content\\\/uploads\\\/2022\\\/04\\\/soccermoney-300x200.jpg\",\"contentUrl\":\"https:\\\/\\\/gambling6.com\\\/wp-content\\\/uploads\\\/2022\\\/04\\\/soccermoney-300x200.jpg\"},{\"@type\":\"BreadcrumbList\",\"@id\":\"https:\\\/\\\/gambling6.com\\\/fr\\\/paris-sportifs\\\/conseils-pour-les-paris-sportifs-votre-guide-des-paris-en-ligne\\\/#breadcrumb\",\"itemListElement\":[{\"@type\":\"ListItem\",\"position\":1,\"name\":\"Home\",\"item\":\"https:\\\/\\\/gambling6.com\\\/fr\\\/home\\\/\"},{\"@type\":\"ListItem\",\"position\":2,\"name\":\"Paris sportifs\",\"item\":\"https:\\\/\\\/gambling6.com\\\/fr\\\/introduction-to-online-sportsbetting\\\/\"},{\"@type\":\"ListItem\",\"position\":3,\"name\":\"Conseils pour les paris sportifs &#8211; Votre guide des paris en ligne\"}]},{\"@type\":\"WebSite\",\"@id\":\"https:\\\/\\\/gambling6.com\\\/fr\\\/#website\",\"url\":\"https:\\\/\\\/gambling6.com\\\/fr\\\/\",\"name\":\"Gambling6\",\"description\":\"\",\"potentialAction\":[{\"@type\":\"SearchAction\",\"target\":{\"@type\":\"EntryPoint\",\"urlTemplate\":\"https:\\\/\\\/gambling6.com\\\/fr\\\/?s={search_term_string}\"},\"query-input\":{\"@type\":\"PropertyValueSpecification\",\"valueRequired\":true,\"valueName\":\"search_term_string\"}}],\"inLanguage\":\"fr-FR\"}]}<\/script>\n<!-- \/ Yoast SEO plugin. -->","yoast_head_json":{"title":"Guide et conseils pour les paris sportifs en ligne","description":"Commencez \u00e0 parier en ligne d\u00e8s aujourd'hui. Visitez BetOnline pour d\u00e9couvrir une gamme compl\u00e8te d'options de paris, ainsi que du poker et des jeux de casino en ligne, le tout sur un seul site web.","robots":{"index":"index","follow":"follow","max-snippet":"max-snippet:-1","max-image-preview":"max-image-preview:large","max-video-preview":"max-video-preview:-1"},"canonical":"https:\/\/gambling6.com\/fr\/paris-sportifs\/conseils-pour-les-paris-sportifs-votre-guide-des-paris-en-ligne\/","og_locale":"fr_FR","og_type":"article","og_title":"Guide et conseils pour les paris sportifs en ligne","og_description":"Commencez \u00e0 parier en ligne d\u00e8s aujourd'hui. Visitez BetOnline pour d\u00e9couvrir une gamme compl\u00e8te d'options de paris, ainsi que du poker et des jeux de casino en ligne, le tout sur un seul site web.","og_url":"https:\/\/gambling6.com\/fr\/paris-sportifs\/conseils-pour-les-paris-sportifs-votre-guide-des-paris-en-ligne\/","og_site_name":"Gambling6","article_modified_time":"2025-11-12T19:17:54+00:00","og_image":[{"width":424,"height":283,"url":"https:\/\/gambling6.com\/wp-content\/uploads\/2022\/04\/soccermoney.jpg","type":"image\/jpeg"}],"twitter_card":"summary_large_image","twitter_misc":{"Dur\u00e9e de lecture estim\u00e9e":"2 minutes"},"schema":{"@context":"https:\/\/schema.org","@graph":[{"@type":"WebPage","@id":"https:\/\/gambling6.com\/fr\/paris-sportifs\/conseils-pour-les-paris-sportifs-votre-guide-des-paris-en-ligne\/","url":"https:\/\/gambling6.com\/fr\/paris-sportifs\/conseils-pour-les-paris-sportifs-votre-guide-des-paris-en-ligne\/","name":"Guide et conseils pour les paris sportifs en ligne","isPartOf":{"@id":"https:\/\/gambling6.com\/fr\/#website"},"primaryImageOfPage":{"@id":"https:\/\/gambling6.com\/fr\/paris-sportifs\/conseils-pour-les-paris-sportifs-votre-guide-des-paris-en-ligne\/#primaryimage"},"image":{"@id":"https:\/\/gambling6.com\/fr\/paris-sportifs\/conseils-pour-les-paris-sportifs-votre-guide-des-paris-en-ligne\/#primaryimage"},"thumbnailUrl":"https:\/\/gambling6.com\/wp-content\/uploads\/2022\/04\/soccermoney-300x200.jpg","datePublished":"2025-11-08T14:37:12+00:00","dateModified":"2025-11-12T19:17:54+00:00","description":"Commencez \u00e0 parier en ligne d\u00e8s aujourd'hui. Visitez BetOnline pour d\u00e9couvrir une gamme compl\u00e8te d'options de paris, ainsi que du poker et des jeux de casino en ligne, le tout sur un seul site web.","breadcrumb":{"@id":"https:\/\/gambling6.com\/fr\/paris-sportifs\/conseils-pour-les-paris-sportifs-votre-guide-des-paris-en-ligne\/#breadcrumb"},"inLanguage":"fr-FR","potentialAction":[{"@type":"ReadAction","target":["https:\/\/gambling6.com\/fr\/paris-sportifs\/conseils-pour-les-paris-sportifs-votre-guide-des-paris-en-ligne\/"]}]},{"@type":"ImageObject","inLanguage":"fr-FR","@id":"https:\/\/gambling6.com\/fr\/paris-sportifs\/conseils-pour-les-paris-sportifs-votre-guide-des-paris-en-ligne\/#primaryimage","url":"https:\/\/gambling6.com\/wp-content\/uploads\/2022\/04\/soccermoney-300x200.jpg","contentUrl":"https:\/\/gambling6.com\/wp-content\/uploads\/2022\/04\/soccermoney-300x200.jpg"},{"@type":"BreadcrumbList","@id":"https:\/\/gambling6.com\/fr\/paris-sportifs\/conseils-pour-les-paris-sportifs-votre-guide-des-paris-en-ligne\/#breadcrumb","itemListElement":[{"@type":"ListItem","position":1,"name":"Home","item":"https:\/\/gambling6.com\/fr\/home\/"},{"@type":"ListItem","position":2,"name":"Paris sportifs","item":"https:\/\/gambling6.com\/fr\/introduction-to-online-sportsbetting\/"},{"@type":"ListItem","position":3,"name":"Conseils pour les paris sportifs &#8211; Votre guide des paris en ligne"}]},{"@type":"WebSite","@id":"https:\/\/gambling6.com\/fr\/#website","url":"https:\/\/gambling6.com\/fr\/","name":"Gambling6","description":"","potentialAction":[{"@type":"SearchAction","target":{"@type":"EntryPoint","urlTemplate":"https:\/\/gambling6.com\/fr\/?s={search_term_string}"},"query-input":{"@type":"PropertyValueSpecification","valueRequired":true,"valueName":"search_term_string"}}],"inLanguage":"fr-FR"}]}},"_links":{"self":[{"href":"https:\/\/gambling6.com\/fr\/wp-json\/wp\/v2\/pages\/9080","targetHints":{"allow":["GET"]}}],"collection":[{"href":"https:\/\/gambling6.com\/fr\/wp-json\/wp\/v2\/pages"}],"about":[{"href":"https:\/\/gambling6.com\/fr\/wp-json\/wp\/v2\/types\/page"}],"author":[{"embeddable":true,"href":"https:\/\/gambling6.com\/fr\/wp-json\/wp\/v2\/users\/1"}],"replies":[{"embeddable":true,"href":"https:\/\/gambling6.com\/fr\/wp-json\/wp\/v2\/comments?post=9080"}],"version-history":[{"count":1,"href":"https:\/\/gambling6.com\/fr\/wp-json\/wp\/v2\/pages\/9080\/revisions"}],"predecessor-version":[{"id":9214,"href":"https:\/\/gambling6.com\/fr\/wp-json\/wp\/v2\/pages\/9080\/revisions\/9214"}],"up":[{"embeddable":true,"href":"https:\/\/gambling6.com\/fr\/wp-json\/wp\/v2\/pages\/9212"}],"wp:attachment":[{"href":"https:\/\/gambling6.com\/fr\/wp-json\/wp\/v2\/media?parent=9080"}],"curies":[{"name":"wp","href":"https:\/\/api.w.org\/{rel}","templated":true}]}}