{"id":9147,"date":"2025-11-10T10:24:49","date_gmt":"2025-11-10T10:24:49","guid":{"rendered":"https:\/\/gambling6.com\/achetez-vos-billets-de-loterie-powerball-en-ligne\/"},"modified":"2025-11-12T09:58:12","modified_gmt":"2025-11-12T09:58:12","slug":"achetez-vos-billets-de-loterie-powerball-en-ligne","status":"publish","type":"page","link":"https:\/\/gambling6.com\/fr\/achetez-vos-billets-de-loterie-powerball-en-ligne\/","title":{"rendered":"Achetez vos billets de loterie Powerball en ligne"},"content":{"rendered":"<h2>Jouez au Powerball en ligne.<\/h2>\n<p>Le Powerball est mondialement connu pour ses jackpots incroyables. Des jackpots d\u00e9passant les 100 millions de dollars sont r\u00e9guli\u00e8rement enregistr\u00e9s. <strong>L&rsquo;augmentation du jackpot est exponentielle gr\u00e2ce \u00e0 la possibilit\u00e9 d&rsquo;acheter des billets en ligne.<\/strong> Jouer au Powerball en ligne est simple et pratique\u00a0: il vous suffit d&rsquo;un ordinateur et d&rsquo;une connexion internet, depuis chez vous.<\/p>\n<h2>Billets Powerball en ligne\u00a0: un jeu d&rsquo;enfant\u00a0!<\/h2>\n<p>Pour jouer au Powerball en ligne, rendez-vous sur le site de notre partenaire <a class=\"thirstylink\" title=\"Redfoxlotto\" href=\"https:\/\/gambling6.com\/go\/redfoxlotto\/\" target=\"_blank\" rel=\"nofollow noopener\">RedFoxLotto (cliquez ici pour visiter)<\/a> et cr\u00e9ez un compte. L&rsquo;ouverture d&rsquo;un compte est tr\u00e8s simple et vous pourrez commencer \u00e0 jouer au Powerball en quelques minutes. L&rsquo;\u00e9tape suivante consiste \u00e0 vous rendre dans la section des billets, o\u00f9 vous utiliserez le formulaire pour choisir cinq num\u00e9ros principaux.<\/p>\n<p>Ensuite, vous choisissez un num\u00e9ro bonus Powerball. <strong>Pour remporter le jackpot, vous devez trouver les cinq num\u00e9ros principaux et le num\u00e9ro Powerball parmi les num\u00e9ros tir\u00e9s.<\/strong> Pas d&rsquo;inqui\u00e9tude\u00a0! Si vous ne trouvez pas les cinq num\u00e9ros principaux et le num\u00e9ro Powerball, vous pouvez participer au tirage et tenter de remporter l&rsquo;un des sept autres prix.<\/p>\n<h2>Les ventes de billets Powerball en ligne explosent\u00a0!<\/h2>\n<p><img loading=\"lazy\" decoding=\"async\" class=\"size-medium wp-image-1533 alignright\" src=\"https:\/\/gambling6.com\/wp-content\/uploads\/2022\/04\/2_ticket_powerball_au2-1-163x300.jpg\" alt=\"billet Powerball\" width=\"163\" height=\"300\" srcset=\"https:\/\/gambling6.com\/wp-content\/uploads\/2022\/04\/2_ticket_powerball_au2-1-163x300.jpg 163w, https:\/\/gambling6.com\/wp-content\/uploads\/2022\/04\/2_ticket_powerball_au2-1.jpg 250w\" sizes=\"auto, (max-width: 163px) 100vw, 163px\" \/>Ces deux derni\u00e8res ann\u00e9es, les ventes de billets Powerball aux \u00c9tats-Unis ont connu une croissance fulgurante, doublant chaque ann\u00e9e sur cette p\u00e9riode. La taille des cagnottes et la facilit\u00e9 d&rsquo;achat de billets en ligne sont les principaux facteurs de cette croissance substantielle. Si l&rsquo;on se fie aux ventes pass\u00e9es, on peut s&rsquo;attendre \u00e0 une augmentation de la taille des cagnottes dans les ann\u00e9es \u00e0 venir.<\/p>\n<p>La pratique de la loterie est en plein essor dans le monde entier. \u00c0 l&rsquo;exception du Mega Millions, qui d\u00e9tient le record de la plus grosse cagnotte, la plupart des loteries en ligne ont enregistr\u00e9 des cagnottes record l&rsquo;ann\u00e9e derni\u00e8re. Rien n&rsquo;indique que ces cagnottes record diminueront de sit\u00f4t. Au contraire, on peut s&rsquo;attendre \u00e0 ce que les records soient r\u00e9guli\u00e8rement battus, car les joueurs se ruent sur leurs ordinateurs d\u00e8s que l&rsquo;annonce d&rsquo;une cagnotte importante se pr\u00e9sente.<\/p>\n<p>V\u00e9rifiez les num\u00e9ros gagnants du Powerball en ligne. Si vous achetez des billets, assurez-vous de prendre le temps de v\u00e9rifier les r\u00e9sultats \u00e0 l&rsquo;aide d&rsquo;un outil de base de donn\u00e9es en ligne. Chaque ann\u00e9e, de nombreux gains restent non r\u00e9clam\u00e9s car, lorsqu&rsquo;on apprend qu&rsquo;un jackpot a \u00e9t\u00e9 remport\u00e9 dans une r\u00e9gion o\u00f9 l&rsquo;on ne r\u00e9side pas ou dans un \u00e9tablissement o\u00f9 l&rsquo;on n&rsquo;a pas achet\u00e9 son billet, on jette ce dernier et on ne v\u00e9rifie pas s&rsquo;il y a eu gain sur d&rsquo;autres niveaux de prix.<\/p>\n<p>Ne faites pas l&rsquo;erreur de jeter votre argent \u00e0 la poubelle ou de le laisser dormir dans votre portefeuille. Vous m\u00e9ritez tout l&rsquo;argent que vous avez gagn\u00e9. Jouez au Powerball en ligne d\u00e8s aujourd&rsquo;hui et vous pourriez devenir le prochain multimillionnaire.<\/p>\n<table style=\"width: 500px;\" border=\"1\" cellspacing=\"5\" cellpadding=\"5\" align=\"center\">\n<tbody>\n<tr>\n<td colspan=\"3\" align=\"center\">Top 10 des jackpots de 2013<\/td>\n<\/tr>\n<tr>\n<td>Tirage<\/td>\n<td align=\"center\">Date<\/td>\n<td align=\"center\">Jackpot (USD)<\/td>\n<\/tr>\n<tr>\n<td>Powerball &#8211; \u00c9tats-Unis<\/td>\n<td align=\"center\">18 mai 2013<\/td>\n<td align=\"right\">590\u00a0500\u00a0000 $<\/td>\n<\/tr>\n<tr>\n<td>Powerball &#8211; \u00c9tats-Unis<\/td>\n<td align=\"center\">7 ao\u00fbt 2013<\/td>\n<td align=\"right\">448\u00a0400\u00a0000 $<\/td>\n<\/tr>\n<tr>\n<td>Powerball &#8211; \u00c9tats-Unis<\/td>\n<td align=\"center\">18 sept. 2013<\/td>\n<td align=\"right\">399\u00a0400\u00a0000 $<\/td>\n<\/tr>\n<tr>\n<td>Powerball &#8211; \u00c9tats-Unis<\/td>\n<td align=\"center\">23 mars 2013<\/td>\n<td align=\"right\">338\u00a0300\u00a0000 $<\/td>\n<\/tr>\n<tr>\n<td>Powerball &#8211; \u00c9tats-Unis<\/td>\n<td align=\"center\">6 f\u00e9vr. 2013<\/td>\n<td align=\"right\">217\u00a0000\u00a0000 $<\/td>\n<\/tr>\n<tr>\n<td>Powerball &#8211; \u00c9tats-Unis<\/td>\n<td align=\"center\">23 oct. 2013<\/td>\n<td align=\"right\">213\u00a0400\u00a0000 $<\/td>\n<\/tr>\n<tr>\n<td>Powerball &#8211; \u00c9tats-Unis<\/td>\n<td align=\"center\">22 juin 2013<\/td>\n<td align=\"right\">131\u00a0500\u00a0000 $<\/td>\n<\/tr>\n<tr>\n<td>Powerball &#8211; \u00c9tats-Unis<\/td>\n<td align=\"center\">16 nov. 2013<\/td>\n<td align=\"right\">130\u00a0300\u00a0000 $<\/td>\n<\/tr>\n<tr>\n<td>Powerball &#8211; \u00c9tats-Unis<\/td>\n<td align=\"center\">11 d\u00e9c. 2013<\/td>\n<td align=\"right\">122\u00a0900\u00a0000 $<\/td>\n<\/tr>\n<tr>\n<td>Powerball &#8211; \u00c9tats-Unis<\/td>\n<td align=\"center\">25 d\u00e9c. 2013<\/td>\n<td align=\"right\">74\u00a0000\u00a0000 $<\/td>\n<\/tr>\n<\/tbody>\n<\/table>\n<p>r\u00a0\u00bb&gt;3 + 112\u00a0245 : 1<\/p>\n<table style=\"width: 500px;\" border=\"1\" cellspacing=\"5\" cellpadding=\"5\" align=\"center\">\n<tbody>\n<tr>\n<td colspan=\"3\" align=\"center\">Powerball Lotto &#8211; Niveaux de prix aux \u00c9tats-Unis<\/td>\n<\/tr>\n<tr>\n<td>Prix<\/td>\n<td align=\"center\">Correspondances<\/td>\n<td align=\"center\">Probabilit\u00e9s<\/td>\n<\/tr>\n<tr>\n<td>1er prix (Jackpot)<\/td>\n<td align=\"center\">5 + 1<\/td>\n<td align=\"right\">175\u00a0223\u00a0510 : 1<\/td>\n<\/tr>\n<tr>\n<td>2e prix<\/td>\n<td align=\"center\">5<\/td>\n<td align=\"right\">5\u00a0153\u00a0633 : 1<\/td>\n<\/tr>\n<tr>\n<td>3e<\/td>\n<td align=\"center\">4 + 1<\/td>\n<td align=\"right\">648\u00a0976 : 1<\/td>\n<\/tr>\n<tr>\n<td>4e<\/td>\n<td align=\"center\">4<\/td>\n<td align=\"right\">19\u00a0087 : 1<\/td>\n<\/tr>\n<tr>\n<td>5e<\/td>\n<td align=\"center\">4<\/td>\n<td align=\"right\">19\u00a0087 : 1<\/td>\n<\/tr>\n<tr>\n<td>5e<\/td>\n<td align=\"center\">4<\/td>\n<\/tr>\n<tr>\n<td>6e<\/td>\n<td align=\"center\">3<\/td>\n<td align=\"right\">360 : 1<\/td>\n<\/tr>\n<tr>\n<td>7e<\/td>\n<td align=\"center\">2 + 1<\/td>\n<td align=\"right\">706 : 1<\/td>\n<\/tr>\n<tr>\n<td>8e<\/td>\n<td align=\"center\">1 + 1<\/td>\n<td align=\"right\">111 : 1<\/td>\n<\/tr>\n<tr>\n<td>9e<\/td>\n<td align=\"center\">0 + 1<\/td>\n<td align=\"right\">55 : 1<\/td>\n<\/tr>\n<\/tbody>\n<\/table>\n","protected":false},"excerpt":{"rendered":"<p>Jouez au Powerball en ligne. Le Powerball est mondialement connu pour ses jackpots incroyables. Des jackpots d\u00e9passant les 100 millions de dollars sont r\u00e9guli\u00e8rement enregistr\u00e9s. L&rsquo;augmentation du jackpot est exponentielle gr\u00e2ce \u00e0 la possibilit\u00e9 d&rsquo;acheter des billets en ligne. Jouer au Powerball en ligne est simple et pratique\u00a0: il vous suffit d&rsquo;un ordinateur et d&rsquo;une [&hellip;]<\/p>\n","protected":false},"author":1,"featured_media":0,"parent":0,"menu_order":4,"comment_status":"closed","ping_status":"closed","template":"","meta":{"footnotes":""},"class_list":["post-9147","page","type-page","status-publish","hentry"],"yoast_head":"<!-- This site is optimized with the Yoast SEO plugin v27.4 - https:\/\/yoast.com\/product\/yoast-seo-wordpress\/ -->\n<title>Achetez vos billets de loterie Powerball en ligne<\/title>\n<meta name=\"description\" content=\"Achetez vos billets en ligne d\u00e8s aujourd&#039;hui pour la loterie Powerball aux \u00c9tats-Unis.\" \/>\n<meta name=\"robots\" content=\"index, follow, max-snippet:-1, max-image-preview:large, max-video-preview:-1\" \/>\n<link rel=\"canonical\" href=\"https:\/\/gambling6.com\/fr\/achetez-vos-billets-de-loterie-powerball-en-ligne\/\" \/>\n<meta property=\"og:locale\" content=\"fr_FR\" \/>\n<meta property=\"og:type\" content=\"article\" \/>\n<meta property=\"og:title\" content=\"Achetez vos billets de loterie Powerball en ligne\" \/>\n<meta property=\"og:description\" content=\"Achetez vos billets en ligne d\u00e8s aujourd&#039;hui pour la loterie Powerball aux \u00c9tats-Unis.\" \/>\n<meta property=\"og:url\" content=\"https:\/\/gambling6.com\/fr\/achetez-vos-billets-de-loterie-powerball-en-ligne\/\" \/>\n<meta property=\"og:site_name\" content=\"Gambling6\" \/>\n<meta property=\"article:modified_time\" content=\"2025-11-12T09:58:12+00:00\" \/>\n<meta property=\"og:image\" content=\"https:\/\/gambling6.com\/wp-content\/uploads\/2022\/04\/2_ticket_powerball_au2-1.jpg\" \/>\n\t<meta property=\"og:image:width\" content=\"250\" \/>\n\t<meta property=\"og:image:height\" content=\"460\" \/>\n\t<meta property=\"og:image:type\" content=\"image\/jpeg\" \/>\n<meta name=\"twitter:card\" content=\"summary_large_image\" \/>\n<meta name=\"twitter:label1\" content=\"Dur\u00e9e de lecture estim\u00e9e\" \/>\n\t<meta name=\"twitter:data1\" content=\"3 minutes\" \/>\n<script type=\"application\/ld+json\" class=\"yoast-schema-graph\">{\"@context\":\"https:\\\/\\\/schema.org\",\"@graph\":[{\"@type\":\"WebPage\",\"@id\":\"https:\\\/\\\/gambling6.com\\\/fr\\\/achetez-vos-billets-de-loterie-powerball-en-ligne\\\/\",\"url\":\"https:\\\/\\\/gambling6.com\\\/fr\\\/achetez-vos-billets-de-loterie-powerball-en-ligne\\\/\",\"name\":\"Achetez vos billets de loterie Powerball en ligne\",\"isPartOf\":{\"@id\":\"https:\\\/\\\/gambling6.com\\\/fr\\\/#website\"},\"primaryImageOfPage\":{\"@id\":\"https:\\\/\\\/gambling6.com\\\/fr\\\/achetez-vos-billets-de-loterie-powerball-en-ligne\\\/#primaryimage\"},\"image\":{\"@id\":\"https:\\\/\\\/gambling6.com\\\/fr\\\/achetez-vos-billets-de-loterie-powerball-en-ligne\\\/#primaryimage\"},\"thumbnailUrl\":\"https:\\\/\\\/gambling6.com\\\/wp-content\\\/uploads\\\/2022\\\/04\\\/2_ticket_powerball_au2-1-163x300.jpg\",\"datePublished\":\"2025-11-10T10:24:49+00:00\",\"dateModified\":\"2025-11-12T09:58:12+00:00\",\"description\":\"Achetez vos billets en ligne d\u00e8s aujourd'hui pour la loterie Powerball aux \u00c9tats-Unis.\",\"breadcrumb\":{\"@id\":\"https:\\\/\\\/gambling6.com\\\/fr\\\/achetez-vos-billets-de-loterie-powerball-en-ligne\\\/#breadcrumb\"},\"inLanguage\":\"fr-FR\",\"potentialAction\":[{\"@type\":\"ReadAction\",\"target\":[\"https:\\\/\\\/gambling6.com\\\/fr\\\/achetez-vos-billets-de-loterie-powerball-en-ligne\\\/\"]}]},{\"@type\":\"ImageObject\",\"inLanguage\":\"fr-FR\",\"@id\":\"https:\\\/\\\/gambling6.com\\\/fr\\\/achetez-vos-billets-de-loterie-powerball-en-ligne\\\/#primaryimage\",\"url\":\"https:\\\/\\\/gambling6.com\\\/wp-content\\\/uploads\\\/2022\\\/04\\\/2_ticket_powerball_au2-1-163x300.jpg\",\"contentUrl\":\"https:\\\/\\\/gambling6.com\\\/wp-content\\\/uploads\\\/2022\\\/04\\\/2_ticket_powerball_au2-1-163x300.jpg\"},{\"@type\":\"BreadcrumbList\",\"@id\":\"https:\\\/\\\/gambling6.com\\\/fr\\\/achetez-vos-billets-de-loterie-powerball-en-ligne\\\/#breadcrumb\",\"itemListElement\":[{\"@type\":\"ListItem\",\"position\":1,\"name\":\"Home\",\"item\":\"https:\\\/\\\/gambling6.com\\\/fr\\\/home\\\/\"},{\"@type\":\"ListItem\",\"position\":2,\"name\":\"Achetez vos billets de loterie Powerball en ligne\"}]},{\"@type\":\"WebSite\",\"@id\":\"https:\\\/\\\/gambling6.com\\\/fr\\\/#website\",\"url\":\"https:\\\/\\\/gambling6.com\\\/fr\\\/\",\"name\":\"Gambling6\",\"description\":\"\",\"potentialAction\":[{\"@type\":\"SearchAction\",\"target\":{\"@type\":\"EntryPoint\",\"urlTemplate\":\"https:\\\/\\\/gambling6.com\\\/fr\\\/?s={search_term_string}\"},\"query-input\":{\"@type\":\"PropertyValueSpecification\",\"valueRequired\":true,\"valueName\":\"search_term_string\"}}],\"inLanguage\":\"fr-FR\"}]}<\/script>\n<!-- \/ Yoast SEO plugin. -->","yoast_head_json":{"title":"Achetez vos billets de loterie Powerball en ligne","description":"Achetez vos billets en ligne d\u00e8s aujourd'hui pour la loterie Powerball aux \u00c9tats-Unis.","robots":{"index":"index","follow":"follow","max-snippet":"max-snippet:-1","max-image-preview":"max-image-preview:large","max-video-preview":"max-video-preview:-1"},"canonical":"https:\/\/gambling6.com\/fr\/achetez-vos-billets-de-loterie-powerball-en-ligne\/","og_locale":"fr_FR","og_type":"article","og_title":"Achetez vos billets de loterie Powerball en ligne","og_description":"Achetez vos billets en ligne d\u00e8s aujourd'hui pour la loterie Powerball aux \u00c9tats-Unis.","og_url":"https:\/\/gambling6.com\/fr\/achetez-vos-billets-de-loterie-powerball-en-ligne\/","og_site_name":"Gambling6","article_modified_time":"2025-11-12T09:58:12+00:00","og_image":[{"width":250,"height":460,"url":"https:\/\/gambling6.com\/wp-content\/uploads\/2022\/04\/2_ticket_powerball_au2-1.jpg","type":"image\/jpeg"}],"twitter_card":"summary_large_image","twitter_misc":{"Dur\u00e9e de lecture estim\u00e9e":"3 minutes"},"schema":{"@context":"https:\/\/schema.org","@graph":[{"@type":"WebPage","@id":"https:\/\/gambling6.com\/fr\/achetez-vos-billets-de-loterie-powerball-en-ligne\/","url":"https:\/\/gambling6.com\/fr\/achetez-vos-billets-de-loterie-powerball-en-ligne\/","name":"Achetez vos billets de loterie Powerball en ligne","isPartOf":{"@id":"https:\/\/gambling6.com\/fr\/#website"},"primaryImageOfPage":{"@id":"https:\/\/gambling6.com\/fr\/achetez-vos-billets-de-loterie-powerball-en-ligne\/#primaryimage"},"image":{"@id":"https:\/\/gambling6.com\/fr\/achetez-vos-billets-de-loterie-powerball-en-ligne\/#primaryimage"},"thumbnailUrl":"https:\/\/gambling6.com\/wp-content\/uploads\/2022\/04\/2_ticket_powerball_au2-1-163x300.jpg","datePublished":"2025-11-10T10:24:49+00:00","dateModified":"2025-11-12T09:58:12+00:00","description":"Achetez vos billets en ligne d\u00e8s aujourd'hui pour la loterie Powerball aux \u00c9tats-Unis.","breadcrumb":{"@id":"https:\/\/gambling6.com\/fr\/achetez-vos-billets-de-loterie-powerball-en-ligne\/#breadcrumb"},"inLanguage":"fr-FR","potentialAction":[{"@type":"ReadAction","target":["https:\/\/gambling6.com\/fr\/achetez-vos-billets-de-loterie-powerball-en-ligne\/"]}]},{"@type":"ImageObject","inLanguage":"fr-FR","@id":"https:\/\/gambling6.com\/fr\/achetez-vos-billets-de-loterie-powerball-en-ligne\/#primaryimage","url":"https:\/\/gambling6.com\/wp-content\/uploads\/2022\/04\/2_ticket_powerball_au2-1-163x300.jpg","contentUrl":"https:\/\/gambling6.com\/wp-content\/uploads\/2022\/04\/2_ticket_powerball_au2-1-163x300.jpg"},{"@type":"BreadcrumbList","@id":"https:\/\/gambling6.com\/fr\/achetez-vos-billets-de-loterie-powerball-en-ligne\/#breadcrumb","itemListElement":[{"@type":"ListItem","position":1,"name":"Home","item":"https:\/\/gambling6.com\/fr\/home\/"},{"@type":"ListItem","position":2,"name":"Achetez vos billets de loterie Powerball en ligne"}]},{"@type":"WebSite","@id":"https:\/\/gambling6.com\/fr\/#website","url":"https:\/\/gambling6.com\/fr\/","name":"Gambling6","description":"","potentialAction":[{"@type":"SearchAction","target":{"@type":"EntryPoint","urlTemplate":"https:\/\/gambling6.com\/fr\/?s={search_term_string}"},"query-input":{"@type":"PropertyValueSpecification","valueRequired":true,"valueName":"search_term_string"}}],"inLanguage":"fr-FR"}]}},"_links":{"self":[{"href":"https:\/\/gambling6.com\/fr\/wp-json\/wp\/v2\/pages\/9147","targetHints":{"allow":["GET"]}}],"collection":[{"href":"https:\/\/gambling6.com\/fr\/wp-json\/wp\/v2\/pages"}],"about":[{"href":"https:\/\/gambling6.com\/fr\/wp-json\/wp\/v2\/types\/page"}],"author":[{"embeddable":true,"href":"https:\/\/gambling6.com\/fr\/wp-json\/wp\/v2\/users\/1"}],"replies":[{"embeddable":true,"href":"https:\/\/gambling6.com\/fr\/wp-json\/wp\/v2\/comments?post=9147"}],"version-history":[{"count":1,"href":"https:\/\/gambling6.com\/fr\/wp-json\/wp\/v2\/pages\/9147\/revisions"}],"predecessor-version":[{"id":10504,"href":"https:\/\/gambling6.com\/fr\/wp-json\/wp\/v2\/pages\/9147\/revisions\/10504"}],"wp:attachment":[{"href":"https:\/\/gambling6.com\/fr\/wp-json\/wp\/v2\/media?parent=9147"}],"curies":[{"name":"wp","href":"https:\/\/api.w.org\/{rel}","templated":true}]}}