{"id":9212,"date":"2025-11-10T11:32:27","date_gmt":"2025-11-10T11:32:27","guid":{"rendered":"https:\/\/gambling6.com\/paris-sportifs\/"},"modified":"2025-11-12T10:17:44","modified_gmt":"2025-11-12T10:17:44","slug":"paris-sportifs","status":"publish","type":"page","link":"https:\/\/gambling6.com\/fr\/paris-sportifs\/","title":{"rendered":"Paris sportifs"},"content":{"rendered":"<h2>Les bases des paris sportifs<\/h2>\n<p>Les paris sportifs, terme d\u00e9riv\u00e9 de la simple contraction de \u00ab paris sportifs \u00bb, consistent \u00e0 pr\u00e9dire les r\u00e9sultats d&rsquo;\u00e9v\u00e9nements sportifs professionnels et amateurs, et \u00e0 miser sur ces r\u00e9sultats. <strong>Le terme \u00ab paris sportifs \u00bb d\u00e9signe un site o\u00f9 l&rsquo;on peut parier sur le sport.<\/strong> Aux \u00c9tats-Unis, cette activit\u00e9 est g\u00e9n\u00e9ralement ill\u00e9gale. En effet, seuls quatre des cinquante \u00c9tats am\u00e9ricains autorisent les paris sportifs \u00e0 100 %. Puis, internet est arriv\u00e9.<\/p>\n<h2>Des millions de personnes parient sur le sport chaque jour<\/h2>\n<p>Chaque jour, des millions de personnes se connectent \u00e0 des milliers de sites web pour parier sur tous les sports possibles. Cependant, <strong>cette introduction aux paris sportifs en ligne vous montrera que cela ne se r\u00e9sume pas \u00e0 conna\u00eetre l&rsquo;\u00e9cart de points et \u00e0 miser sur l&rsquo;\u00e9quipe gagnante<\/strong>. Parier sur un match peut non seulement le rendre plus captivant, mais l&rsquo;art des paris sportifs peut aussi s&rsquo;av\u00e9rer tr\u00e8s lucratif s&rsquo;il est pratiqu\u00e9 correctement. Si vous d\u00e9butez dans les paris sportifs, il est essentiel de conna\u00eetre les bases et les principes fondamentaux pour ne pas \u00eatre perdu une fois la partie commenc\u00e9e.<\/p>\n<h2>Terminologie des paris sportifs en ligne<\/h2>\n<p>Tout d&rsquo;abord, familiarisez-vous avec la terminologie utilis\u00e9e dans les paris sportifs. Le premier terme que nous allons aborder est le handicap\u00a0; il consiste \u00e0 donner un avantage \u00e0 une \u00e9quipe ou \u00e0 un joueur en augmentant son score (coups, buts, touchdowns ou points) afin de lui donner une meilleure chance de rivaliser avec lui. Imaginons, par exemple, que je joue au basket en un contre un avec Michael Jordan, et que le premier \u00e0 21 points gagne. Je pourrais avoir un avantage de 18 points, ce qui lui donnerait un handicap de 18 points. Il devrait donc marquer 21 points avant que je n&rsquo;en marque 3 pour gagner. Il existe de nombreux exemples de handicap, ou \u00ab\u00a0\u00e9cart de points\u00a0\u00bb, comme on les appelle aussi. Comprendre ce principe est essentiel pour r\u00e9ussir ses paris sportifs en ligne.<\/p>\n<h2>Bien conna\u00eetre son bookmaker en ligne<\/h2>\n<p><strong>Les paris sportifs, en ligne ou en direct, se font g\u00e9n\u00e9ralement dans un \u00e9tablissement appel\u00e9 \u00ab\u00a0bookmaker\u00a0\u00bb.<\/strong> Un bookmaker est un \u00e9tablissement qui accepte les paris, et c&rsquo;est lui qui fixe g\u00e9n\u00e9ralement l&rsquo;\u00e9cart de points pour cet \u00e9tablissement. Le processus de calcul de l&rsquo;\u00e9cart de points, par opposition \u00e0 la cote de 1:1 (une cote de 1:1), peut \u00eatre tr\u00e8s complexe et varier d&rsquo;un bookmaker \u00e0 l&rsquo;autre. Betonline Sportsbook &#8211; Accepte les parieurs am\u00e9ricains<\/p>\n<p>Pour placer vos paris sportifs, il vous faut trouver un casino ou un site de paris sportifs en ligne r\u00e9put\u00e9. <a class=\"thirstylink\" title=\"Betonline casino en\" href=\"https:\/\/gambling6.com\/go\/betonline-casino-en\/\" target=\"_blank\" rel=\"nofollow noopener\">Betonline Casino est une excellente option<\/a>. Ce casino en ligne est reconnu pour son incroyable s\u00e9curit\u00e9 et propose de nombreuses m\u00e9thodes de d\u00e9p\u00f4t et de retrait. Vous trouverez certainement celle qui vous convient.<\/p>\n<p>888 Casino est une autre alternative int\u00e9ressante, notamment gr\u00e2ce \u00e0 sa section de paris sportifs parmi les meilleures. Vous y trouverez \u00e9galement une salle de poker de qualit\u00e9, une vaste s\u00e9lection de jeux de casino, et m\u00eame du bingo et des jeux \u00e0 gratter.<\/p>\n<p>Le seul inconv\u00e9nient de 888 Casino est qu&rsquo;il n&rsquo;accepte pas les clients r\u00e9sidant aux \u00c9tats-Unis. Mais si vous r\u00e9sidez \u00e0 l&rsquo;\u00e9tranger, nous vous recommandons vivement de v<a class=\"thirstylink\" title=\"888 casino en\" href=\"https:\/\/gambling6.com\/go\/888-casino-en\/\" target=\"_blank\" rel=\"nofollow noopener\">isiter le site web de 888 Casino\u00a0&#8211; suivez simplement ce lien.<\/a><\/p>\n<p>Faites vos premiers pas, mais vous avez encore beaucoup \u00e0 apprendre sur les paris sportifs en ligne. Nous mettrons r\u00e9guli\u00e8rement ce site \u00e0 jour afin que vous puissiez vous informer sur les cotes et les facteurs influen\u00e7ant les r\u00e9sultats de certains \u00e9v\u00e9nements. <strong>Si vous souhaitez devenir un expert en paris sportifs<\/strong>, vous \u00eates au bon endroit. Installez-vous confortablement et pr\u00e9parez-vous \u00e0 vivre une exp\u00e9rience de paris sportifs en ligne divertissante.<\/p>\n","protected":false},"excerpt":{"rendered":"<p>Les bases des paris sportifs Les paris sportifs, terme d\u00e9riv\u00e9 de la simple contraction de \u00ab paris sportifs \u00bb, consistent \u00e0 pr\u00e9dire les r\u00e9sultats d&rsquo;\u00e9v\u00e9nements sportifs professionnels et amateurs, et \u00e0 miser sur ces r\u00e9sultats. Le terme \u00ab paris sportifs \u00bb d\u00e9signe un site o\u00f9 l&rsquo;on peut parier sur le sport. Aux \u00c9tats-Unis, cette activit\u00e9 [&hellip;]<\/p>\n","protected":false},"author":1,"featured_media":0,"parent":0,"menu_order":4,"comment_status":"closed","ping_status":"closed","template":"","meta":{"footnotes":""},"class_list":["post-9212","page","type-page","status-publish","hentry"],"yoast_head":"<!-- This site is optimized with the Yoast SEO plugin v27.4 - https:\/\/yoast.com\/product\/yoast-seo-wordpress\/ -->\n<title>Introduction aux paris sportifs en ligne<\/title>\n<meta name=\"description\" content=\"D\u00e9couvrez quelques termes utilis\u00e9s dans les paris sportifs en ligne.\" \/>\n<meta name=\"robots\" content=\"index, follow, max-snippet:-1, max-image-preview:large, max-video-preview:-1\" \/>\n<link rel=\"canonical\" href=\"https:\/\/gambling6.com\/fr\/paris-sportifs\/\" \/>\n<meta property=\"og:locale\" content=\"fr_FR\" \/>\n<meta property=\"og:type\" content=\"article\" \/>\n<meta property=\"og:title\" content=\"Introduction aux paris sportifs en ligne\" \/>\n<meta property=\"og:description\" content=\"D\u00e9couvrez quelques termes utilis\u00e9s dans les paris sportifs en ligne.\" \/>\n<meta property=\"og:url\" content=\"https:\/\/gambling6.com\/fr\/paris-sportifs\/\" \/>\n<meta property=\"og:site_name\" content=\"Gambling6\" \/>\n<meta property=\"article:modified_time\" content=\"2025-11-12T10:17:44+00:00\" \/>\n<meta name=\"twitter:card\" content=\"summary_large_image\" \/>\n<meta name=\"twitter:label1\" content=\"Dur\u00e9e de lecture estim\u00e9e\" \/>\n\t<meta name=\"twitter:data1\" content=\"3 minutes\" \/>\n<script type=\"application\/ld+json\" class=\"yoast-schema-graph\">{\"@context\":\"https:\\\/\\\/schema.org\",\"@graph\":[{\"@type\":\"WebPage\",\"@id\":\"https:\\\/\\\/gambling6.com\\\/fr\\\/paris-sportifs\\\/\",\"url\":\"https:\\\/\\\/gambling6.com\\\/fr\\\/paris-sportifs\\\/\",\"name\":\"Introduction aux paris sportifs en ligne\",\"isPartOf\":{\"@id\":\"https:\\\/\\\/gambling6.com\\\/fr\\\/#website\"},\"datePublished\":\"2025-11-10T11:32:27+00:00\",\"dateModified\":\"2025-11-12T10:17:44+00:00\",\"description\":\"D\u00e9couvrez quelques termes utilis\u00e9s dans les paris sportifs en ligne.\",\"breadcrumb\":{\"@id\":\"https:\\\/\\\/gambling6.com\\\/fr\\\/paris-sportifs\\\/#breadcrumb\"},\"inLanguage\":\"fr-FR\",\"potentialAction\":[{\"@type\":\"ReadAction\",\"target\":[\"https:\\\/\\\/gambling6.com\\\/fr\\\/paris-sportifs\\\/\"]}]},{\"@type\":\"BreadcrumbList\",\"@id\":\"https:\\\/\\\/gambling6.com\\\/fr\\\/paris-sportifs\\\/#breadcrumb\",\"itemListElement\":[{\"@type\":\"ListItem\",\"position\":1,\"name\":\"Home\",\"item\":\"https:\\\/\\\/gambling6.com\\\/fr\\\/home\\\/\"},{\"@type\":\"ListItem\",\"position\":2,\"name\":\"Paris sportifs\"}]},{\"@type\":\"WebSite\",\"@id\":\"https:\\\/\\\/gambling6.com\\\/fr\\\/#website\",\"url\":\"https:\\\/\\\/gambling6.com\\\/fr\\\/\",\"name\":\"Gambling6\",\"description\":\"\",\"potentialAction\":[{\"@type\":\"SearchAction\",\"target\":{\"@type\":\"EntryPoint\",\"urlTemplate\":\"https:\\\/\\\/gambling6.com\\\/fr\\\/?s={search_term_string}\"},\"query-input\":{\"@type\":\"PropertyValueSpecification\",\"valueRequired\":true,\"valueName\":\"search_term_string\"}}],\"inLanguage\":\"fr-FR\"}]}<\/script>\n<!-- \/ Yoast SEO plugin. -->","yoast_head_json":{"title":"Introduction aux paris sportifs en ligne","description":"D\u00e9couvrez quelques termes utilis\u00e9s dans les paris sportifs en ligne.","robots":{"index":"index","follow":"follow","max-snippet":"max-snippet:-1","max-image-preview":"max-image-preview:large","max-video-preview":"max-video-preview:-1"},"canonical":"https:\/\/gambling6.com\/fr\/paris-sportifs\/","og_locale":"fr_FR","og_type":"article","og_title":"Introduction aux paris sportifs en ligne","og_description":"D\u00e9couvrez quelques termes utilis\u00e9s dans les paris sportifs en ligne.","og_url":"https:\/\/gambling6.com\/fr\/paris-sportifs\/","og_site_name":"Gambling6","article_modified_time":"2025-11-12T10:17:44+00:00","twitter_card":"summary_large_image","twitter_misc":{"Dur\u00e9e de lecture estim\u00e9e":"3 minutes"},"schema":{"@context":"https:\/\/schema.org","@graph":[{"@type":"WebPage","@id":"https:\/\/gambling6.com\/fr\/paris-sportifs\/","url":"https:\/\/gambling6.com\/fr\/paris-sportifs\/","name":"Introduction aux paris sportifs en ligne","isPartOf":{"@id":"https:\/\/gambling6.com\/fr\/#website"},"datePublished":"2025-11-10T11:32:27+00:00","dateModified":"2025-11-12T10:17:44+00:00","description":"D\u00e9couvrez quelques termes utilis\u00e9s dans les paris sportifs en ligne.","breadcrumb":{"@id":"https:\/\/gambling6.com\/fr\/paris-sportifs\/#breadcrumb"},"inLanguage":"fr-FR","potentialAction":[{"@type":"ReadAction","target":["https:\/\/gambling6.com\/fr\/paris-sportifs\/"]}]},{"@type":"BreadcrumbList","@id":"https:\/\/gambling6.com\/fr\/paris-sportifs\/#breadcrumb","itemListElement":[{"@type":"ListItem","position":1,"name":"Home","item":"https:\/\/gambling6.com\/fr\/home\/"},{"@type":"ListItem","position":2,"name":"Paris sportifs"}]},{"@type":"WebSite","@id":"https:\/\/gambling6.com\/fr\/#website","url":"https:\/\/gambling6.com\/fr\/","name":"Gambling6","description":"","potentialAction":[{"@type":"SearchAction","target":{"@type":"EntryPoint","urlTemplate":"https:\/\/gambling6.com\/fr\/?s={search_term_string}"},"query-input":{"@type":"PropertyValueSpecification","valueRequired":true,"valueName":"search_term_string"}}],"inLanguage":"fr-FR"}]}},"_links":{"self":[{"href":"https:\/\/gambling6.com\/fr\/wp-json\/wp\/v2\/pages\/9212","targetHints":{"allow":["GET"]}}],"collection":[{"href":"https:\/\/gambling6.com\/fr\/wp-json\/wp\/v2\/pages"}],"about":[{"href":"https:\/\/gambling6.com\/fr\/wp-json\/wp\/v2\/types\/page"}],"author":[{"embeddable":true,"href":"https:\/\/gambling6.com\/fr\/wp-json\/wp\/v2\/users\/1"}],"replies":[{"embeddable":true,"href":"https:\/\/gambling6.com\/fr\/wp-json\/wp\/v2\/comments?post=9212"}],"version-history":[{"count":1,"href":"https:\/\/gambling6.com\/fr\/wp-json\/wp\/v2\/pages\/9212\/revisions"}],"predecessor-version":[{"id":10526,"href":"https:\/\/gambling6.com\/fr\/wp-json\/wp\/v2\/pages\/9212\/revisions\/10526"}],"wp:attachment":[{"href":"https:\/\/gambling6.com\/fr\/wp-json\/wp\/v2\/media?parent=9212"}],"curies":[{"name":"wp","href":"https:\/\/api.w.org\/{rel}","templated":true}]}}