{"id":9283,"date":"2025-11-10T13:09:12","date_gmt":"2025-11-10T13:09:12","guid":{"rendered":"https:\/\/gambling6.com\/loterie\/"},"modified":"2025-11-12T18:30:05","modified_gmt":"2025-11-12T18:30:05","slug":"loterie","status":"publish","type":"page","link":"https:\/\/gambling6.com\/fr\/loterie\/","title":{"rendered":"Loterie"},"content":{"rendered":"<h2>Le loto devient international et en ligne<\/h2>\n<p>Bien qu\u2019il soit consid\u00e9r\u00e9 comme une excellente forme de divertissement, l\u2019achat de billets de loterie internationale est \u00e9galement devenu un grand business. Les jeux d\u2019argent, en g\u00e9n\u00e9ral, ont connu une v\u00e9ritable explosion, en partie gr\u00e2ce \u00e0 l\u2019exposition m\u00e9diatique exceptionnelle du poker, et le succ\u00e8s d\u2019internet y a fortement contribu\u00e9. <strong>Jouer aux loteries internationales et acheter des billets en ligne a acc\u00e9l\u00e9r\u00e9 la croissance des jackpots,<\/strong> et de nombreuses personnes int\u00e8grent d\u00e9sormais RedFoxLotto dans leur plan de revenus.<\/p>\n<h2>Internet facilite l\u2019achat de billets de loterie<\/h2>\n<p>Internet a chang\u00e9 nos vies de bien des fa\u00e7ons ; il a d\u00e9finitivement rendu le monde beaucoup plus petit. Il existe des centaines de loteries jou\u00e9es chaque jour dans de nombreux pays du monde. La plupart des tirages nationaux, y compris ceux avec des jackpots plus importants, sont d\u00e9sormais accessibles aux personnes achetant des billets de loto \u00e0 l\u2019international. <strong>Les grandes loteries mondiales, telles que Mega Millions aux \u00c9tats-Unis et Powerball aux \u00c9tats-Unis et en Australie, permettent d\u2019acheter des billets en ligne via notre partenaire RedFoxLotto.<\/strong><img loading=\"lazy\" decoding=\"async\" class=\"alignright size-full wp-image-437\" style=\"margin: 10px; border: 5px none #ffffff; float: right;\" src=\"http:\/\/gambling6.com\/wp-content\/uploads\/2013\/12\/International-Community-150x150.jpg\" alt=\"Loteries internationales en ligne\" width=\"150\" height=\"150\" \/><\/p>\n<h2>Achetez vos billets de loterie 24h\/24 et 7j\/7<\/h2>\n<p>Dans le monde technologique d\u2019aujourd\u2019hui, nous pouvons acheter des billets pour de nombreuses loteries internationales 24 heures sur 24 et 365 jours par an. Gr\u00e2ce \u00e0 internet, nous pouvons acheter ces billets sans avoir \u00e0 courir chez le d\u00e9taillant de loterie ni \u00e0 faire la queue. Nous pouvons prendre le temps de choisir nos num\u00e9ros et d\u2019utiliser les diff\u00e9rents outils disponibles \u00e0 cet effet. La facilit\u00e9 de participation aux loteries internationales a fait grimper les jackpots et les prix multi-niveaux \u00e0 des niveaux records. Ces gains ont conduit de nombreuses personnes \u00e0 cr\u00e9er une activit\u00e9 autour de RedFoxLotto en ligne.<\/p>\n<h2>Acheter des billets de loterie en ligne est s\u00e9curis\u00e9<\/h2>\n<p>Avec notre partenaire RedFoxLotto, acheter des billets pour les loteries internationales est s\u00fbr et simple. Tout d\u2019abord, vous devrez ouvrir un compte. Lors de la cr\u00e9ation de votre compte, il vous sera demand\u00e9 de fournir des informations personnelles. Assurez-vous de saisir des informations exactes et \u00e0 jour afin de pouvoir v\u00e9rifier votre identit\u00e9 lorsque vous gagnerez le gros lot. Les informations que vous entrez et envoyez sont prot\u00e9g\u00e9es par un cryptage 256 bits, et l\u2019h\u00e9bergement s\u00e9curis\u00e9 garantit qu\u2019elles restent priv\u00e9es et utilis\u00e9es uniquement aux fins mentionn\u00e9es sur le site.<\/p>\n<h2>M\u00e9thodes bancaires en ligne pour vos gains RedFoxLotto<\/h2>\n<p>Vous pouvez utiliser des cartes telles que Visa, MasterCard et Visa D\u00e9bit pour acheter vos billets. Plusieurs autres m\u00e9thodes de paiement sont \u00e9galement disponibles, notamment les virements bancaires et les paiements en cryptomonnaie. Mais si vous r\u00e9alisez un gain important, vous devrez fournir un compte bancaire afin que vos gains puissent y \u00eatre transf\u00e9r\u00e9s. L\u2019environnement s\u00e9curis\u00e9 en fait un excellent choix pour jouer aux loteries internationales et recevoir vos gains.<\/p>\n<h2>Acheter des billets de loterie en ligne pr\u00e9sente de nombreux avantages<\/h2>\n<p>Un autre avantage d\u2019acheter vos billets de loterie en ligne est que de nombreux outils sont disponibles pour vous aider \u00e0 analyser les num\u00e9ros des plus grands tirages internationaux. Ces outils en ligne vous permettent de consulter les num\u00e9ros les plus fr\u00e9quents, les moins fr\u00e9quents et l\u2019historique des tirages de loteries du monde entier. Ces informations vous donnent un avantage lors de l\u2019achat de vos billets et peuvent renforcer votre compte en banque gr\u00e2ce \u00e0 des gains \u00e0 plusieurs niveaux.<\/p>\n<p>Jouer \u00e0 RedFoxLotto peut \u00eatre \u00e0 la fois amusant et rentable. Commencez \u00e0 jouer aux loteries internationales d\u00e8s aujourd\u2019hui. <a class=\"thirstylink\" title=\"Redfoxlotto\" href=\"https:\/\/gambling6.com\/go\/redfoxlotto\/\" target=\"_blank\" rel=\"nofollow noopener\">Pour acheter vos billets de loterie internationale en ligne, visitez notre partenaire RedFoxLotto.<\/a><\/p>\n<h2>Faut-il \u00eatre r\u00e9sident pour jouer \u00e0 une loterie internationale ?<\/h2>\n<p>La r\u00e9ponse est simple : non, pas du tout ! Si vous avez lu des articles sur internet ou dans les journaux parlant de personnes ayant remport\u00e9 des jackpots de plusieurs millions de dollars, vous vous \u00eates peut-\u00eatre demand\u00e9 : \u00ab Pourquoi ne pourrais-je pas tenter ma chance \u00e0 l\u2019une de ces loteries ? \u00bb Eh bien, ce n\u2019est plus un probl\u00e8me si vous n\u2019\u00eates pas r\u00e9sident du pays o\u00f9 la loterie est tir\u00e9e.<\/p>\n<p>Vous pouvez obtenir un billet pour n\u2019importe quelle loterie dont vous souhaitez gagner le jackpot, car ils sont disponibles en ligne pour tout le monde, partout dans le monde. Ce site vous aide \u00e0 acheter un billet de loto en ligne pour les plus grands jackpots internationaux. Et la proc\u00e9dure ne pourrait pas \u00eatre plus simple. Cliquez sur le lien ci-dessus et choisissez une loterie. Vous serez redirig\u00e9 vers une page o\u00f9 vous pourrez s\u00e9lectionner vous-m\u00eame vos num\u00e9ros favoris ou laisser l\u2019ordinateur les choisir al\u00e9atoirement pour vous.<\/p>\n<p>Ensuite, vous payez en ligne via l\u2019option de paiement la plus pratique pour vous. Ces m\u00e9thodes incluent des portefeuilles \u00e9lectroniques s\u00e9curis\u00e9s et populaires tels que Skrill, ainsi que les cryptomonnaies. Bien s\u00fbr, vous pouvez \u00e9galement choisir l\u2019option la plus courante : le paiement par carte de cr\u00e9dit.<\/p>\n<p><strong>Que se passe-t-il ensuite \u2013 comment obtenir mon billet de loto en ligne ?<\/strong> Cela fonctionne comme un service de messagerie \u2013 votre billet de loto en ligne sera achet\u00e9 en votre nom, puis scann\u00e9 et t\u00e9l\u00e9charg\u00e9 dans votre compte.<\/p>\n<p>Il ne vous reste plus qu\u2019\u00e0 vous d\u00e9tendre et attendre le tirage, v\u00e9rifier vos num\u00e9ros et voir combien vous avez gagn\u00e9. Si vous gagnez un montant inf\u00e9rieur \u00e0 2000 \u20ac, l\u2019argent sera cr\u00e9dit\u00e9 sur votre compte client. Pour des montants plus \u00e9lev\u00e9s, le r\u00e8glement de RedFoxLotto vous demandera de remplir un formulaire de demande fourni sur le site. Celui-ci sera transmis \u00e0 la commission de loterie comp\u00e9tente en votre nom, et avant que vous ne le sachiez, un ch\u00e8que sera en route pour vous ! <a class=\"thirstylink\" title=\"Redfoxlotto\" href=\"https:\/\/gambling6.com\/go\/redfoxlotto\/\" target=\"_blank\" rel=\"nofollow noopener\">Achetez vos billets de loterie d\u00e8s aujourd\u2019hui sur RedFoxLotto !<\/a><\/p>\n<p>&nbsp;<\/p>\n","protected":false},"excerpt":{"rendered":"<p>Le loto devient international et en ligne Bien qu\u2019il soit consid\u00e9r\u00e9 comme une excellente forme de divertissement, l\u2019achat de billets de loterie internationale est \u00e9galement devenu un grand business. Les jeux d\u2019argent, en g\u00e9n\u00e9ral, ont connu une v\u00e9ritable explosion, en partie gr\u00e2ce \u00e0 l\u2019exposition m\u00e9diatique exceptionnelle du poker, et le succ\u00e8s d\u2019internet y a fortement [&hellip;]<\/p>\n","protected":false},"author":1,"featured_media":438,"parent":0,"menu_order":8,"comment_status":"closed","ping_status":"closed","template":"","meta":{"footnotes":""},"class_list":["post-9283","page","type-page","status-publish","has-post-thumbnail","hentry"],"yoast_head":"<!-- This site is optimized with the Yoast SEO plugin v27.3 - https:\/\/yoast.com\/product\/yoast-seo-wordpress\/ -->\n<title>Achat de billets de loterie internationale en ligne<\/title>\n<meta name=\"description\" content=\"Acheter des billets de loterie internationale en ligne est facile. O\u00f9 que vous soyez, participez aux meilleures loteries du monde.\" \/>\n<meta name=\"robots\" content=\"index, follow, max-snippet:-1, max-image-preview:large, max-video-preview:-1\" \/>\n<link rel=\"canonical\" href=\"https:\/\/gambling6.com\/fr\/loterie\/\" \/>\n<meta property=\"og:locale\" content=\"fr_FR\" \/>\n<meta property=\"og:type\" content=\"article\" \/>\n<meta property=\"og:title\" content=\"Achat de billets de loterie internationale en ligne\" \/>\n<meta property=\"og:description\" content=\"Acheter des billets de loterie internationale en ligne est facile. O\u00f9 que vous soyez, participez aux meilleures loteries du monde.\" \/>\n<meta property=\"og:url\" content=\"https:\/\/gambling6.com\/fr\/loterie\/\" \/>\n<meta property=\"og:site_name\" content=\"Gambling6\" \/>\n<meta property=\"article:modified_time\" content=\"2025-11-12T18:30:05+00:00\" \/>\n<meta property=\"og:image\" content=\"https:\/\/gambling6.com\/wp-content\/uploads\/2013\/12\/International-Community-150x150.jpg\" \/>\n\t<meta property=\"og:image:width\" content=\"150\" \/>\n\t<meta property=\"og:image:height\" content=\"150\" \/>\n\t<meta property=\"og:image:type\" content=\"image\/jpeg\" \/>\n<meta name=\"twitter:card\" content=\"summary_large_image\" \/>\n<meta name=\"twitter:label1\" content=\"Dur\u00e9e de lecture estim\u00e9e\" \/>\n\t<meta name=\"twitter:data1\" content=\"5 minutes\" \/>\n<script type=\"application\/ld+json\" class=\"yoast-schema-graph\">{\"@context\":\"https:\\\/\\\/schema.org\",\"@graph\":[{\"@type\":\"WebPage\",\"@id\":\"https:\\\/\\\/gambling6.com\\\/fr\\\/loterie\\\/\",\"url\":\"https:\\\/\\\/gambling6.com\\\/fr\\\/loterie\\\/\",\"name\":\"Achat de billets de loterie internationale en ligne\",\"isPartOf\":{\"@id\":\"https:\\\/\\\/gambling6.com\\\/fr\\\/#website\"},\"primaryImageOfPage\":{\"@id\":\"https:\\\/\\\/gambling6.com\\\/fr\\\/loterie\\\/#primaryimage\"},\"image\":{\"@id\":\"https:\\\/\\\/gambling6.com\\\/fr\\\/loterie\\\/#primaryimage\"},\"thumbnailUrl\":\"https:\\\/\\\/gambling6.com\\\/wp-content\\\/uploads\\\/2013\\\/12\\\/International-Community-150x150.jpg\",\"datePublished\":\"2025-11-10T13:09:12+00:00\",\"dateModified\":\"2025-11-12T18:30:05+00:00\",\"description\":\"Acheter des billets de loterie internationale en ligne est facile. O\u00f9 que vous soyez, participez aux meilleures loteries du monde.\",\"breadcrumb\":{\"@id\":\"https:\\\/\\\/gambling6.com\\\/fr\\\/loterie\\\/#breadcrumb\"},\"inLanguage\":\"fr-FR\",\"potentialAction\":[{\"@type\":\"ReadAction\",\"target\":[\"https:\\\/\\\/gambling6.com\\\/fr\\\/loterie\\\/\"]}]},{\"@type\":\"ImageObject\",\"inLanguage\":\"fr-FR\",\"@id\":\"https:\\\/\\\/gambling6.com\\\/fr\\\/loterie\\\/#primaryimage\",\"url\":\"https:\\\/\\\/gambling6.com\\\/wp-content\\\/uploads\\\/2013\\\/12\\\/International-Community-150x150.jpg\",\"contentUrl\":\"https:\\\/\\\/gambling6.com\\\/wp-content\\\/uploads\\\/2013\\\/12\\\/International-Community-150x150.jpg\",\"width\":150,\"height\":150},{\"@type\":\"BreadcrumbList\",\"@id\":\"https:\\\/\\\/gambling6.com\\\/fr\\\/loterie\\\/#breadcrumb\",\"itemListElement\":[{\"@type\":\"ListItem\",\"position\":1,\"name\":\"Home\",\"item\":\"https:\\\/\\\/gambling6.com\\\/fr\\\/home\\\/\"},{\"@type\":\"ListItem\",\"position\":2,\"name\":\"Loterie\"}]},{\"@type\":\"WebSite\",\"@id\":\"https:\\\/\\\/gambling6.com\\\/fr\\\/#website\",\"url\":\"https:\\\/\\\/gambling6.com\\\/fr\\\/\",\"name\":\"Gambling6\",\"description\":\"\",\"potentialAction\":[{\"@type\":\"SearchAction\",\"target\":{\"@type\":\"EntryPoint\",\"urlTemplate\":\"https:\\\/\\\/gambling6.com\\\/fr\\\/?s={search_term_string}\"},\"query-input\":{\"@type\":\"PropertyValueSpecification\",\"valueRequired\":true,\"valueName\":\"search_term_string\"}}],\"inLanguage\":\"fr-FR\"}]}<\/script>\n<!-- \/ Yoast SEO plugin. -->","yoast_head_json":{"title":"Achat de billets de loterie internationale en ligne","description":"Acheter des billets de loterie internationale en ligne est facile. O\u00f9 que vous soyez, participez aux meilleures loteries du monde.","robots":{"index":"index","follow":"follow","max-snippet":"max-snippet:-1","max-image-preview":"max-image-preview:large","max-video-preview":"max-video-preview:-1"},"canonical":"https:\/\/gambling6.com\/fr\/loterie\/","og_locale":"fr_FR","og_type":"article","og_title":"Achat de billets de loterie internationale en ligne","og_description":"Acheter des billets de loterie internationale en ligne est facile. O\u00f9 que vous soyez, participez aux meilleures loteries du monde.","og_url":"https:\/\/gambling6.com\/fr\/loterie\/","og_site_name":"Gambling6","article_modified_time":"2025-11-12T18:30:05+00:00","og_image":[{"width":150,"height":150,"url":"https:\/\/gambling6.com\/wp-content\/uploads\/2013\/12\/International-Community-150x150.jpg","type":"image\/jpeg"}],"twitter_card":"summary_large_image","twitter_misc":{"Dur\u00e9e de lecture estim\u00e9e":"5 minutes"},"schema":{"@context":"https:\/\/schema.org","@graph":[{"@type":"WebPage","@id":"https:\/\/gambling6.com\/fr\/loterie\/","url":"https:\/\/gambling6.com\/fr\/loterie\/","name":"Achat de billets de loterie internationale en ligne","isPartOf":{"@id":"https:\/\/gambling6.com\/fr\/#website"},"primaryImageOfPage":{"@id":"https:\/\/gambling6.com\/fr\/loterie\/#primaryimage"},"image":{"@id":"https:\/\/gambling6.com\/fr\/loterie\/#primaryimage"},"thumbnailUrl":"https:\/\/gambling6.com\/wp-content\/uploads\/2013\/12\/International-Community-150x150.jpg","datePublished":"2025-11-10T13:09:12+00:00","dateModified":"2025-11-12T18:30:05+00:00","description":"Acheter des billets de loterie internationale en ligne est facile. O\u00f9 que vous soyez, participez aux meilleures loteries du monde.","breadcrumb":{"@id":"https:\/\/gambling6.com\/fr\/loterie\/#breadcrumb"},"inLanguage":"fr-FR","potentialAction":[{"@type":"ReadAction","target":["https:\/\/gambling6.com\/fr\/loterie\/"]}]},{"@type":"ImageObject","inLanguage":"fr-FR","@id":"https:\/\/gambling6.com\/fr\/loterie\/#primaryimage","url":"https:\/\/gambling6.com\/wp-content\/uploads\/2013\/12\/International-Community-150x150.jpg","contentUrl":"https:\/\/gambling6.com\/wp-content\/uploads\/2013\/12\/International-Community-150x150.jpg","width":150,"height":150},{"@type":"BreadcrumbList","@id":"https:\/\/gambling6.com\/fr\/loterie\/#breadcrumb","itemListElement":[{"@type":"ListItem","position":1,"name":"Home","item":"https:\/\/gambling6.com\/fr\/home\/"},{"@type":"ListItem","position":2,"name":"Loterie"}]},{"@type":"WebSite","@id":"https:\/\/gambling6.com\/fr\/#website","url":"https:\/\/gambling6.com\/fr\/","name":"Gambling6","description":"","potentialAction":[{"@type":"SearchAction","target":{"@type":"EntryPoint","urlTemplate":"https:\/\/gambling6.com\/fr\/?s={search_term_string}"},"query-input":{"@type":"PropertyValueSpecification","valueRequired":true,"valueName":"search_term_string"}}],"inLanguage":"fr-FR"}]}},"_links":{"self":[{"href":"https:\/\/gambling6.com\/fr\/wp-json\/wp\/v2\/pages\/9283","targetHints":{"allow":["GET"]}}],"collection":[{"href":"https:\/\/gambling6.com\/fr\/wp-json\/wp\/v2\/pages"}],"about":[{"href":"https:\/\/gambling6.com\/fr\/wp-json\/wp\/v2\/types\/page"}],"author":[{"embeddable":true,"href":"https:\/\/gambling6.com\/fr\/wp-json\/wp\/v2\/users\/1"}],"replies":[{"embeddable":true,"href":"https:\/\/gambling6.com\/fr\/wp-json\/wp\/v2\/comments?post=9283"}],"version-history":[{"count":1,"href":"https:\/\/gambling6.com\/fr\/wp-json\/wp\/v2\/pages\/9283\/revisions"}],"predecessor-version":[{"id":10639,"href":"https:\/\/gambling6.com\/fr\/wp-json\/wp\/v2\/pages\/9283\/revisions\/10639"}],"wp:featuredmedia":[{"embeddable":true,"href":"https:\/\/gambling6.com\/fr\/wp-json\/wp\/v2\/media\/438"}],"wp:attachment":[{"href":"https:\/\/gambling6.com\/fr\/wp-json\/wp\/v2\/media?parent=9283"}],"curies":[{"name":"wp","href":"https:\/\/api.w.org\/{rel}","templated":true}]}}