{"id":9343,"date":"2025-11-10T20:35:48","date_gmt":"2025-11-10T20:35:48","guid":{"rendered":"https:\/\/gambling6.com\/loterie\/achetez-vos-billets-en-ligne-pour-la-loterie-mega-millions\/"},"modified":"2025-11-10T20:35:48","modified_gmt":"2025-11-10T20:35:48","slug":"achetez-vos-billets-en-ligne-pour-la-loterie-mega-millions","status":"publish","type":"page","link":"https:\/\/gambling6.com\/fr\/loterie\/achetez-vos-billets-en-ligne-pour-la-loterie-mega-millions\/","title":{"rendered":"Achetez vos billets en ligne pour la loterie Mega Millions"},"content":{"rendered":"<h2>Billets de loterie Mega Millions disponibles partout dans le monde<\/h2>\n<p>Un nombre incroyable de personnes ach\u00e8tent des billets de loterie chaque jour, en Am\u00e9rique du Nord et dans le monde entier. La plupart des joueurs savent que leurs chances de gagner le gros lot sont infimes. <strong>Pourtant, gr\u00e2ce \u00e0 la possibilit\u00e9 d&rsquo;acheter des billets en ligne pour la loterie Mega Millions, de nombreuses personnes se connectent quotidiennement \u00e0 leur ordinateur, au site de notre partenaire RedFoxLotto.com, et ach\u00e8tent des billets pour la gigantesque loterie am\u00e9ricaine Mega Millions.<img loading=\"lazy\" decoding=\"async\" class=\" alignright wp-image-544\" style=\"margin: 10px; border: 5px solid #ffffff; float: right;\" src=\"http:\/\/gambling6.com\/wp-content\/uploads\/2013\/12\/get-mega-millions-tickets-online.png\" alt=\"Vos billets Mega Millions en ligne\" width=\"297\" height=\"163\" srcset=\"https:\/\/gambling6.com\/wp-content\/uploads\/2013\/12\/get-mega-millions-tickets-online.png 388w, https:\/\/gambling6.com\/wp-content\/uploads\/2013\/12\/get-mega-millions-tickets-online-300x165.png 300w\" sizes=\"auto, (max-width: 297px) 100vw, 297px\" \/><\/strong><\/p>\n<h2>Pour gagner, achetez vos billets en ligne.<\/h2>\n<p>Nombreux sont ceux qui pr\u00e9f\u00e8rent une petite chance de gagner \u00e0 aucune. Comme le dit l&rsquo;adage\u00a0: \u00ab\u00a0Qui ne tente rien n&rsquo;a rien\u00a0\u00bb. Cette phrase est rest\u00e9e grav\u00e9e dans les esprits et, submerg\u00e9s d&rsquo;images de loterie, beaucoup sont tent\u00e9s d&rsquo;acheter leurs billets en ligne. Internet permet d\u00e9sormais \u00e0 tous, partout dans le monde, d&rsquo;acheter des billets pour chaque tirage. Mega Millions \u00e9tant l&rsquo;un des plus grands tirages au monde, il est logique que les gens se ruent sur l&rsquo;achat de billets en ligne.<\/p>\n<p>Pour obtenir votre billet, <a class=\"thirstylink\" title=\"Redfoxlotto\" href=\"https:\/\/gambling6.com\/go\/redfoxlotto\/\" target=\"_blank\" rel=\"nofollow noopener\">cliquez ici pour visiter RedFoxLotto.com<\/a>, un excellent service de messagerie pour l&rsquo;achat de billets de loterie. Vous pourrez y acheter des billets pour les plus gros jackpots du monde entier.<\/p>\n<h2>Des opportunit\u00e9s qui changeront votre vie attendent les acheteurs en ligne.<\/h2>\n<p>Il est important de noter que les gens ach\u00e8tent des billets en ligne pour la loterie Mega Millions dans l&rsquo;espoir de changer leur vie. Lorsqu&rsquo;ils apprennent qu&rsquo;un couple de Tunkhannock, en Pennsylvanie, a remport\u00e9 le gros lot, ils sont d\u00e9\u00e7us et ne v\u00e9rifient m\u00eame pas leurs billets.<\/p>\n<h2>Les billets Mega Millions et Powerball en ligne sont les plus populaires.<\/h2>\n<p>Les deux loteries am\u00e9ricaines, Mega Millions et Powerball, sont en effet les loteries qui produisent les plus gros jackpots au monde. Il n&rsquo;est donc pas surprenant que les ventes de billets en ligne pour ces deux g\u00e9ants atteignent des sommets chaque semaine. L&rsquo;achat de billets en ligne pour le Mega Millions a r\u00e9guli\u00e8rement permis aux jackpots d&rsquo;atteindre des niveaux extraordinaires.<\/p>\n<h2>Les jackpots exceptionnels du Mega Millions en 2013 fr\u00f4lent le record<\/h2>\n<table style=\"width: 500px;\" border=\"1\" cellspacing=\"5\" cellpadding=\"5\" align=\"center\">\n<tbody>\n<tr>\n<td colspan=\"3\" align=\"center\">Top 5 des jackpots de 2013<\/td>\n<\/tr>\n<tr>\n<td>Tirage<\/td>\n<td align=\"center\">Date<\/td>\n<td align=\"center\">Jackpot (USD)<\/td>\n<\/tr>\n<tr>\n<td>Mega Millions &#8211; USA<\/td>\n<td align=\"center\">17-d\u00e9c-13<\/td>\n<td align=\"right\">636\u00a0000\u00a0000 $<\/td>\n<\/tr>\n<tr>\n<td>Mega Millions &#8211; USA<\/td>\n<td align=\"center\">17-mai-13<\/td>\n<td align=\"right\">190\u00a0000\u00a0000\u00a0$<\/td>\n<\/tr>\n<tr>\n<td>Mega Millions &#8211; \u00c9tats-Unis<\/td>\n<td align=\"center\">1er oct. 2013<\/td>\n<td align=\"right\">189\u00a0000\u00a0000\u00a0$<\/td>\n<\/tr>\n<tr>\n<td>Mega Millions &#8211; \u00c9tats-Unis<\/td>\n<td align=\"center\">25 janv. 2013<\/td>\n<td align=\"right\">89\u00a0000\u00a0000\u00a0$<\/td>\n<\/tr>\n<tr>\n<td>Mega Millions &#8211; \u00c9tats-Unis<\/td>\n<td align=\"center\">5 juil. 2013<\/td>\n<td align=\"right\">79\u00a0000\u00a0000\u00a0$<\/td>\n<\/tr>\n<\/tbody>\n<\/table>\n<h2>\u00a0Nombreux Prix \u200b\u200bpour les d\u00e9tenteurs de billets Mega Millions en ligne<\/h2>\n<table style=\"width: 500px;\" border=\"1\" cellspacing=\"5\" cellpadding=\"5\" align=\"center\">\n<tbody>\n<tr>\n<td colspan=\"3\" align=\"center\">Niveaux de prix de la loterie Mega Millions<\/td>\n<\/tr>\n<tr>\n<td>Prix<\/td>\n<td align=\"center\">Matchs<\/td>\n<td align=\"center\">Probabilit\u00e9s<\/td>\n<\/tr>\n<tr>\n<td>1er prix (Jackpot)<\/td>\n<td align=\"center\">5 + 1<\/td>\n<td align=\"right\">175\u00a0711\u00a0538 : 1<\/td>\n<\/tr>\n<tr>\n<td>2e prix<\/td>\n<td align=\"center\">5<\/td>\n<td align=\"right\">3\u00a0904\u00a0701 : 1<\/td>\n<\/tr>\n<tr>\n<td>3e<\/td>\n<td align=\"center\">4 + 1<\/td>\n<td align=\"right\">689\u00a0065 : 1<\/td>\n<\/tr>\n<tr>\n<td>4e<\/td>\n<td align=\"center\">4<\/td>\n<td align=\"right\">15\u00a0313 : 1<\/td>\n<\/tr>\n<tr>\n<td>5e<\/td>\n<td align=\"center\">3 + 1<\/td>\n<td align=\"right\">13\u00a0781 : 1<\/td>\n<\/tr>\n<tr>\n<td>6e<\/td>\n<td align=\"center\">2 + 1<\/td>\n<td align=\"right\">844 : 1<\/td>\n<\/tr>\n<tr>\n<td>7e<\/td>\n<td align=\"center\">3<\/td>\n<td align=\"right\">360 : 1<\/td>\n<\/tr>\n<tr>\n<td>8e<\/td>\n<td align=\"center\">1 + 1<\/td>\n<td align=\"right\">141 : 1<\/td>\n<\/tr>\n<tr>\n<td>9e<\/td>\n<td align=\"center\">0 + 1<\/td>\n<td align=\"right\">75 : 1<\/td>\n<\/tr>\n<\/tbody>\n<\/table>\n<p style=\"text-align: center;\"><strong>Jouez \u00e0 Mega Millions d\u00e8s aujourd&rsquo;hui avec vos billets en ligne et vos r\u00eaves pourraient devenir r\u00e9alit\u00e9\u00a0!<\/strong><\/p>\n","protected":false},"excerpt":{"rendered":"<p>Billets de loterie Mega Millions disponibles partout dans le monde Un nombre incroyable de personnes ach\u00e8tent des billets de loterie chaque jour, en Am\u00e9rique du Nord et dans le monde entier. La plupart des joueurs savent que leurs chances de gagner le gros lot sont infimes. Pourtant, gr\u00e2ce \u00e0 la possibilit\u00e9 d&rsquo;acheter des billets en [&hellip;]<\/p>\n","protected":false},"author":1,"featured_media":545,"parent":9283,"menu_order":13,"comment_status":"closed","ping_status":"closed","template":"","meta":{"footnotes":""},"class_list":["post-9343","page","type-page","status-publish","has-post-thumbnail","hentry"],"yoast_head":"<!-- This site is optimized with the Yoast SEO plugin v27.4 - https:\/\/yoast.com\/product\/yoast-seo-wordpress\/ -->\n<title>Achetez vos billets de loterie Mega Millions en ligne<\/title>\n<meta name=\"description\" content=\"Gagnez gros en achetant vos billets en ligne pour la loterie Mega Millions.\" \/>\n<meta name=\"robots\" content=\"index, follow, max-snippet:-1, max-image-preview:large, max-video-preview:-1\" \/>\n<link rel=\"canonical\" href=\"https:\/\/gambling6.com\/fr\/loterie\/achetez-vos-billets-en-ligne-pour-la-loterie-mega-millions\/\" \/>\n<meta property=\"og:locale\" content=\"fr_FR\" \/>\n<meta property=\"og:type\" content=\"article\" \/>\n<meta property=\"og:title\" content=\"Achetez vos billets de loterie Mega Millions en ligne\" \/>\n<meta property=\"og:description\" content=\"Gagnez gros en achetant vos billets en ligne pour la loterie Mega Millions.\" \/>\n<meta property=\"og:url\" content=\"https:\/\/gambling6.com\/fr\/loterie\/achetez-vos-billets-en-ligne-pour-la-loterie-mega-millions\/\" \/>\n<meta property=\"og:site_name\" content=\"Gambling6\" \/>\n<meta property=\"og:image\" content=\"https:\/\/gambling6.com\/wp-content\/uploads\/2013\/12\/get-mega-millions-tickets-online.png\" \/>\n\t<meta property=\"og:image:width\" content=\"388\" \/>\n\t<meta property=\"og:image:height\" content=\"213\" \/>\n\t<meta property=\"og:image:type\" content=\"image\/png\" \/>\n<meta name=\"twitter:card\" content=\"summary_large_image\" \/>\n<meta name=\"twitter:label1\" content=\"Dur\u00e9e de lecture estim\u00e9e\" \/>\n\t<meta name=\"twitter:data1\" content=\"2 minutes\" \/>\n<script type=\"application\/ld+json\" class=\"yoast-schema-graph\">{\"@context\":\"https:\\\/\\\/schema.org\",\"@graph\":[{\"@type\":\"WebPage\",\"@id\":\"https:\\\/\\\/gambling6.com\\\/fr\\\/loterie\\\/achetez-vos-billets-en-ligne-pour-la-loterie-mega-millions\\\/\",\"url\":\"https:\\\/\\\/gambling6.com\\\/fr\\\/loterie\\\/achetez-vos-billets-en-ligne-pour-la-loterie-mega-millions\\\/\",\"name\":\"Achetez vos billets de loterie Mega Millions en ligne\",\"isPartOf\":{\"@id\":\"https:\\\/\\\/gambling6.com\\\/fr\\\/#website\"},\"primaryImageOfPage\":{\"@id\":\"https:\\\/\\\/gambling6.com\\\/fr\\\/loterie\\\/achetez-vos-billets-en-ligne-pour-la-loterie-mega-millions\\\/#primaryimage\"},\"image\":{\"@id\":\"https:\\\/\\\/gambling6.com\\\/fr\\\/loterie\\\/achetez-vos-billets-en-ligne-pour-la-loterie-mega-millions\\\/#primaryimage\"},\"thumbnailUrl\":\"https:\\\/\\\/gambling6.com\\\/wp-content\\\/uploads\\\/2013\\\/12\\\/get-mega-millions-tickets-online.png\",\"datePublished\":\"2025-11-10T20:35:48+00:00\",\"description\":\"Gagnez gros en achetant vos billets en ligne pour la loterie Mega Millions.\",\"breadcrumb\":{\"@id\":\"https:\\\/\\\/gambling6.com\\\/fr\\\/loterie\\\/achetez-vos-billets-en-ligne-pour-la-loterie-mega-millions\\\/#breadcrumb\"},\"inLanguage\":\"fr-FR\",\"potentialAction\":[{\"@type\":\"ReadAction\",\"target\":[\"https:\\\/\\\/gambling6.com\\\/fr\\\/loterie\\\/achetez-vos-billets-en-ligne-pour-la-loterie-mega-millions\\\/\"]}]},{\"@type\":\"ImageObject\",\"inLanguage\":\"fr-FR\",\"@id\":\"https:\\\/\\\/gambling6.com\\\/fr\\\/loterie\\\/achetez-vos-billets-en-ligne-pour-la-loterie-mega-millions\\\/#primaryimage\",\"url\":\"https:\\\/\\\/gambling6.com\\\/wp-content\\\/uploads\\\/2013\\\/12\\\/get-mega-millions-tickets-online.png\",\"contentUrl\":\"https:\\\/\\\/gambling6.com\\\/wp-content\\\/uploads\\\/2013\\\/12\\\/get-mega-millions-tickets-online.png\",\"width\":388,\"height\":213},{\"@type\":\"BreadcrumbList\",\"@id\":\"https:\\\/\\\/gambling6.com\\\/fr\\\/loterie\\\/achetez-vos-billets-en-ligne-pour-la-loterie-mega-millions\\\/#breadcrumb\",\"itemListElement\":[{\"@type\":\"ListItem\",\"position\":1,\"name\":\"Home\",\"item\":\"https:\\\/\\\/gambling6.com\\\/fr\\\/home\\\/\"},{\"@type\":\"ListItem\",\"position\":2,\"name\":\"Loterie\",\"item\":\"https:\\\/\\\/gambling6.com\\\/fr\\\/loterie\\\/\"},{\"@type\":\"ListItem\",\"position\":3,\"name\":\"Achetez vos billets en ligne pour la loterie Mega Millions\"}]},{\"@type\":\"WebSite\",\"@id\":\"https:\\\/\\\/gambling6.com\\\/fr\\\/#website\",\"url\":\"https:\\\/\\\/gambling6.com\\\/fr\\\/\",\"name\":\"Gambling6\",\"description\":\"\",\"potentialAction\":[{\"@type\":\"SearchAction\",\"target\":{\"@type\":\"EntryPoint\",\"urlTemplate\":\"https:\\\/\\\/gambling6.com\\\/fr\\\/?s={search_term_string}\"},\"query-input\":{\"@type\":\"PropertyValueSpecification\",\"valueRequired\":true,\"valueName\":\"search_term_string\"}}],\"inLanguage\":\"fr-FR\"}]}<\/script>\n<!-- \/ Yoast SEO plugin. -->","yoast_head_json":{"title":"Achetez vos billets de loterie Mega Millions en ligne","description":"Gagnez gros en achetant vos billets en ligne pour la loterie Mega Millions.","robots":{"index":"index","follow":"follow","max-snippet":"max-snippet:-1","max-image-preview":"max-image-preview:large","max-video-preview":"max-video-preview:-1"},"canonical":"https:\/\/gambling6.com\/fr\/loterie\/achetez-vos-billets-en-ligne-pour-la-loterie-mega-millions\/","og_locale":"fr_FR","og_type":"article","og_title":"Achetez vos billets de loterie Mega Millions en ligne","og_description":"Gagnez gros en achetant vos billets en ligne pour la loterie Mega Millions.","og_url":"https:\/\/gambling6.com\/fr\/loterie\/achetez-vos-billets-en-ligne-pour-la-loterie-mega-millions\/","og_site_name":"Gambling6","og_image":[{"width":388,"height":213,"url":"https:\/\/gambling6.com\/wp-content\/uploads\/2013\/12\/get-mega-millions-tickets-online.png","type":"image\/png"}],"twitter_card":"summary_large_image","twitter_misc":{"Dur\u00e9e de lecture estim\u00e9e":"2 minutes"},"schema":{"@context":"https:\/\/schema.org","@graph":[{"@type":"WebPage","@id":"https:\/\/gambling6.com\/fr\/loterie\/achetez-vos-billets-en-ligne-pour-la-loterie-mega-millions\/","url":"https:\/\/gambling6.com\/fr\/loterie\/achetez-vos-billets-en-ligne-pour-la-loterie-mega-millions\/","name":"Achetez vos billets de loterie Mega Millions en ligne","isPartOf":{"@id":"https:\/\/gambling6.com\/fr\/#website"},"primaryImageOfPage":{"@id":"https:\/\/gambling6.com\/fr\/loterie\/achetez-vos-billets-en-ligne-pour-la-loterie-mega-millions\/#primaryimage"},"image":{"@id":"https:\/\/gambling6.com\/fr\/loterie\/achetez-vos-billets-en-ligne-pour-la-loterie-mega-millions\/#primaryimage"},"thumbnailUrl":"https:\/\/gambling6.com\/wp-content\/uploads\/2013\/12\/get-mega-millions-tickets-online.png","datePublished":"2025-11-10T20:35:48+00:00","description":"Gagnez gros en achetant vos billets en ligne pour la loterie Mega Millions.","breadcrumb":{"@id":"https:\/\/gambling6.com\/fr\/loterie\/achetez-vos-billets-en-ligne-pour-la-loterie-mega-millions\/#breadcrumb"},"inLanguage":"fr-FR","potentialAction":[{"@type":"ReadAction","target":["https:\/\/gambling6.com\/fr\/loterie\/achetez-vos-billets-en-ligne-pour-la-loterie-mega-millions\/"]}]},{"@type":"ImageObject","inLanguage":"fr-FR","@id":"https:\/\/gambling6.com\/fr\/loterie\/achetez-vos-billets-en-ligne-pour-la-loterie-mega-millions\/#primaryimage","url":"https:\/\/gambling6.com\/wp-content\/uploads\/2013\/12\/get-mega-millions-tickets-online.png","contentUrl":"https:\/\/gambling6.com\/wp-content\/uploads\/2013\/12\/get-mega-millions-tickets-online.png","width":388,"height":213},{"@type":"BreadcrumbList","@id":"https:\/\/gambling6.com\/fr\/loterie\/achetez-vos-billets-en-ligne-pour-la-loterie-mega-millions\/#breadcrumb","itemListElement":[{"@type":"ListItem","position":1,"name":"Home","item":"https:\/\/gambling6.com\/fr\/home\/"},{"@type":"ListItem","position":2,"name":"Loterie","item":"https:\/\/gambling6.com\/fr\/loterie\/"},{"@type":"ListItem","position":3,"name":"Achetez vos billets en ligne pour la loterie Mega Millions"}]},{"@type":"WebSite","@id":"https:\/\/gambling6.com\/fr\/#website","url":"https:\/\/gambling6.com\/fr\/","name":"Gambling6","description":"","potentialAction":[{"@type":"SearchAction","target":{"@type":"EntryPoint","urlTemplate":"https:\/\/gambling6.com\/fr\/?s={search_term_string}"},"query-input":{"@type":"PropertyValueSpecification","valueRequired":true,"valueName":"search_term_string"}}],"inLanguage":"fr-FR"}]}},"_links":{"self":[{"href":"https:\/\/gambling6.com\/fr\/wp-json\/wp\/v2\/pages\/9343","targetHints":{"allow":["GET"]}}],"collection":[{"href":"https:\/\/gambling6.com\/fr\/wp-json\/wp\/v2\/pages"}],"about":[{"href":"https:\/\/gambling6.com\/fr\/wp-json\/wp\/v2\/types\/page"}],"author":[{"embeddable":true,"href":"https:\/\/gambling6.com\/fr\/wp-json\/wp\/v2\/users\/1"}],"replies":[{"embeddable":true,"href":"https:\/\/gambling6.com\/fr\/wp-json\/wp\/v2\/comments?post=9343"}],"version-history":[{"count":0,"href":"https:\/\/gambling6.com\/fr\/wp-json\/wp\/v2\/pages\/9343\/revisions"}],"up":[{"embeddable":true,"href":"https:\/\/gambling6.com\/fr\/wp-json\/wp\/v2\/pages\/9283"}],"wp:featuredmedia":[{"embeddable":true,"href":"https:\/\/gambling6.com\/fr\/wp-json\/wp\/v2\/media\/545"}],"wp:attachment":[{"href":"https:\/\/gambling6.com\/fr\/wp-json\/wp\/v2\/media?parent=9343"}],"curies":[{"name":"wp","href":"https:\/\/api.w.org\/{rel}","templated":true}]}}