{"id":9386,"date":"2025-11-10T21:30:11","date_gmt":"2025-11-10T21:30:11","guid":{"rendered":"https:\/\/gambling6.com\/loterie\/comment-puis-je-acheter-des-billets-de-loterie-euromillions-en-ligne-depuis-lexterieur-de-leurope\/"},"modified":"2025-11-12T18:43:43","modified_gmt":"2025-11-12T18:43:43","slug":"comment-puis-je-acheter-des-billets-de-loterie-euromillions-en-ligne-depuis-lexterieur-de-leurope","status":"publish","type":"page","link":"https:\/\/gambling6.com\/fr\/loterie\/comment-puis-je-acheter-des-billets-de-loterie-euromillions-en-ligne-depuis-lexterieur-de-leurope\/","title":{"rendered":"Comment puis-je acheter des billets de loterie Euromillions en ligne depuis l&rsquo;ext\u00e9rieur de l&rsquo;Europe\u00a0?"},"content":{"rendered":"<p>EuroMillions<\/p>\n<p>Avec 185 millions d&rsquo;euros en jeu et une chance r\u00e9guli\u00e8re de gagner plus de 100 millions d&rsquo;euros, les joueurs se ruent sur leurs ordinateurs pour acheter des billets en ligne pour l&rsquo;EuroMillions. L&rsquo;EuroMillions est jou\u00e9 dans 9 pays d&rsquo;Europe et a distribu\u00e9 plus de 2,5 milliards de dollars de gains l&rsquo;an dernier. Pourquoi ne pas tenter votre chance\u00a0? Il vous suffit de vous rendre sur le site de notre partenaire RedFoxLotto et d&rsquo;acheter vos billets en ligne. Jouer avec RedFoxLotto n&rsquo;a jamais \u00e9t\u00e9 aussi simple.<\/p>\n<p>Vous pouvez acheter des billets en ligne pour l&rsquo;EuroMillions deux fois par semaine et ainsi tenter de remporter jusqu&rsquo;\u00e0 13 prix diff\u00e9rents. Pour acheter des billets en ligne, s\u00e9lectionnez 5 num\u00e9ros principaux entre 1 et 50. Ensuite, deux num\u00e9ros \u00e9toiles, compris entre 1 et 11, sont tir\u00e9s au sort. Pour remporter le jackpot, vous devez trouver les sept num\u00e9ros.<\/p>\n<h2>Pourquoi jouer \u00e0 l&rsquo;Euromillions en ligne\u00a0?<\/h2>\n<p><img loading=\"lazy\" decoding=\"async\" class=\" wp-image-1437 alignright\" src=\"https:\/\/gambling6.com\/wp-content\/uploads\/2022\/04\/2_ticket_euromillions-112x300.jpg\" alt=\"billet Euromillions\" width=\"99\" height=\"265\" srcset=\"https:\/\/gambling6.com\/wp-content\/uploads\/2022\/04\/2_ticket_euromillions-112x300.jpg 112w, https:\/\/gambling6.com\/wp-content\/uploads\/2022\/04\/2_ticket_euromillions.jpg 200w\" sizes=\"auto, (max-width: 99px) 100vw, 99px\" \/>La fi\u00e8vre des loteries en Europe peut atteindre des proportions \u00e9pid\u00e9miques. Chaque semaine, des milliers de personnes font la queue pour tenter leur chance \u00e0 la plus grande loterie d&rsquo;Europe, qui propose l&rsquo;un des trois plus gros jackpots au monde. La loterie Euromillions a \u00e9t\u00e9 lanc\u00e9e en 2004 et se joue en Belgique, en France, en Irlande, en Autriche, au Luxembourg, en Espagne, au Portugal, en Suisse et au Royaume-Uni. Un couple \u00e9cossais a remport\u00e9 le plus gros jackpot jamais mis en jeu en juillet 2011, empochant 185 millions d&rsquo;euros.<\/p>\n<p>Outre les nombreux joueurs europ\u00e9ens r\u00e9sidant dans les pays mentionn\u00e9s ci-dessus, des millions de personnes ach\u00e8tent des billets en ligne chaque semaine. Acheter vos billets Euromillions en ligne est tr\u00e8s simple\u00a0: rendez-vous sur le site de notre partenaire RedFoxLotto. La probabilit\u00e9 de remporter le jackpot \u00e0 l&rsquo;Euromillions est de 1 sur 116\u00a0531\u00a0800. Pour participer \u00e0 l&rsquo;un des 13 autres rangs de prix, la probabilit\u00e9 globale est de 1 sur 13.<\/p>\n<p>L&rsquo;Euromillions reste l&rsquo;une des loteries les plus passionnantes au monde. Prenez le temps de <a href=\"https:\/\/gambling6.com\/go\/redfoxlotto-en\/\" target=\"_blank\" rel=\"noopener\">visiter RedFoxLotto d\u00e8s aujourd&rsquo;hui en suivant ce lien<\/a>, ouvrez un compte et commencez \u00e0 jouer \u00e0 cette gigantesque loterie europ\u00e9enne. Nous sommes certains que vous ne le regretterez pas. Il est facile d&rsquo;acheter des billets en ligne pour l&rsquo;EuroMillions et d&rsquo;autres loteries populaires dans le monde entier.<\/p>\n<table style=\"width: 500px;\" border=\"1\" cellspacing=\"5\" cellpadding=\"5\" align=\"center\">\n<tbody>\n<tr>\n<td colspan=\"3\" align=\"center\">Top 5 des jackpots de 2013<\/td>\n<\/tr>\n<tr>\n<td>Tirage<\/td>\n<td align=\"center\">Date<\/td>\n<td align=\"center\">Jackpot (USD)<\/td>\n<\/tr>\n<tr>\n<td>Euro Millions &#8211; Europe<\/td>\n<td align=\"center\">25 juin 2013<\/td>\n<td align=\"right\">260\u00a0129\u00a0094 $<\/td>\n<\/tr>\n<tr>\n<td>Euro Millions &#8211; Europe<\/td>\n<td align=\"center\">15 novembre 2013<\/td>\n<td align=\"right\">137\u00a0000\u00a0000\u00a0$<\/td>\n<\/tr>\n<tr>\n<td>Euro Millions &#8211; Europe<\/td>\n<td align=\"center\">28 mai 2013<\/td>\n<td align=\"right\">132\u00a0676\u00a0542\u00a0$<\/td>\n<\/tr>\n<tr>\n<td>Euro Millions &#8211; Europe<\/td>\n<td align=\"center\">25 juin 2013<\/td>\n<td align=\"right\">131\u00a0636\u00a0203\u00a0$<\/td>\n<\/tr>\n<tr>\n<td>Euro Millions &#8211; Europe<\/td>\n<td align=\"center\">23 ao\u00fbt 2013<\/td>\n<td align=\"right\">131\u00a0628\u00a0767\u00a0$<\/td>\n<\/tr>\n<\/tbody>\n<\/table>\n<table style=\"width: 500px;\" border=\"1\" cellspacing=\"5\" cellpadding=\"5\" align=\"center\">\n<tbody>\n<tr>\n<td colspan=\"3\" align=\"center\">Niveaux de gains Euro Millions<\/td>\n<\/tr>\n<tr>\n<td>Gain<\/td>\n<td align=\"center\">Matchs<\/td>\n<td align=\"center\">Cotes<\/td>\n<\/tr>\n<tr>\n<td>1er prix (Jackpot)<\/td>\n<td align=\"center\">5 + 2<\/td>\n<td align=\"right\">116\u00a0531\u00a0800 : 1<\/td>\n<\/tr>\n<tr>\n<td>2e prix<\/td>\n<td align=\"center\">5 + 1<\/td>\n<td align=\"right\">6\u00a0473\u00a0989 : 1<\/td>\n<\/tr>\n<tr>\n<td>3e<\/td>\n<td align=\"center\">5<\/td>\n<td align=\"right\">3\u00a0236\u00a0994 : 1<\/td>\n<\/tr>\n<tr>\n<td>4e<\/td>\n<td align=\"center\">4 + 2<\/td>\n<td align=\"right\">517\u00a0919 : 1<\/td>\n<\/tr>\n<tr>\n<td>5e<\/td>\n<td align=\"center\">4 + 1<\/td>\n<td align=\"right\">28\u00a0773 : 1<\/td>\n<\/tr>\n<tr>\n<td>6e<\/td>\n<td align=\"center\">4<\/td>\n<td align=\"right\">14\u00a0387 : 1<\/td>\n<\/tr>\n<tr>\n<td>7e<\/td>\n<td align=\"center\">3 + 2<\/td>\n<td align=\"right\">11\u00a0771 : 1<\/td>\n<\/tr>\n<tr>\n<td>8e<\/td>\n<td align=\"center\">2 + 2<\/td>\n<td align=\"right\">821 : 1<\/td>\n<\/tr>\n<tr>\n<td>9e<\/td>\n<td align=\"center\">3 + 1<\/td>\n<td align=\"right\">654 : 1<\/td>\n<\/tr>\n<tr>\n<td>10e<\/td>\n<td align=\"center\">3<\/td>\n<td align=\"right\">327 : 1<\/td>\n<\/tr>\n<tr>\n<td>11e<\/td>\n<td align=\"center\">1 + 2<\/td>\n<td align=\"right\">156 : 1<\/td>\n<\/tr>\n<tr>\n<td>12e<\/td>\n<td align=\"center\">2 + 1<\/td>\n<td align=\"right\">46 : 1<\/td>\n<\/tr>\n<tr>\n<td>13e<\/td>\n<td align=\"center\">2<\/td>\n<td align=\"right\">23 : 1<\/td>\n<\/tr>\n<\/tbody>\n<\/table>\n","protected":false},"excerpt":{"rendered":"<p>EuroMillions Avec 185 millions d&rsquo;euros en jeu et une chance r\u00e9guli\u00e8re de gagner plus de 100 millions d&rsquo;euros, les joueurs se ruent sur leurs ordinateurs pour acheter des billets en ligne pour l&rsquo;EuroMillions. L&rsquo;EuroMillions est jou\u00e9 dans 9 pays d&rsquo;Europe et a distribu\u00e9 plus de 2,5 milliards de dollars de gains l&rsquo;an dernier. Pourquoi ne [&hellip;]<\/p>\n","protected":false},"author":1,"featured_media":0,"parent":9283,"menu_order":2,"comment_status":"closed","ping_status":"closed","template":"","meta":{"footnotes":""},"class_list":["post-9386","page","type-page","status-publish","hentry"],"yoast_head":"<!-- This site is optimized with the Yoast SEO plugin v27.4 - https:\/\/yoast.com\/product\/yoast-seo-wordpress\/ -->\n<title>Achetez vos billets en ligne pour la loterie Euromillions<\/title>\n<meta name=\"description\" content=\"Assurez-vous d&#039;acheter vos billets en ligne pour le plus grand loto d&#039;Europe, Euromillions et Euromillions UK, aupr\u00e8s d&#039;un fournisseur de confiance tel que RedFoxLotto.com.\" \/>\n<meta name=\"robots\" content=\"index, follow, max-snippet:-1, max-image-preview:large, max-video-preview:-1\" \/>\n<link rel=\"canonical\" href=\"https:\/\/gambling6.com\/fr\/loterie\/comment-puis-je-acheter-des-billets-de-loterie-euromillions-en-ligne-depuis-lexterieur-de-leurope\/\" \/>\n<meta property=\"og:locale\" content=\"fr_FR\" \/>\n<meta property=\"og:type\" content=\"article\" \/>\n<meta property=\"og:title\" content=\"Achetez vos billets en ligne pour la loterie Euromillions\" \/>\n<meta property=\"og:description\" content=\"Assurez-vous d&#039;acheter vos billets en ligne pour le plus grand loto d&#039;Europe, Euromillions et Euromillions UK, aupr\u00e8s d&#039;un fournisseur de confiance tel que RedFoxLotto.com.\" \/>\n<meta property=\"og:url\" content=\"https:\/\/gambling6.com\/fr\/loterie\/comment-puis-je-acheter-des-billets-de-loterie-euromillions-en-ligne-depuis-lexterieur-de-leurope\/\" \/>\n<meta property=\"og:site_name\" content=\"Gambling6\" \/>\n<meta property=\"article:modified_time\" content=\"2025-11-12T18:43:43+00:00\" \/>\n<meta property=\"og:image\" content=\"https:\/\/gambling6.com\/wp-content\/uploads\/2022\/04\/2_ticket_euromillions.jpg\" \/>\n\t<meta property=\"og:image:width\" content=\"200\" \/>\n\t<meta property=\"og:image:height\" content=\"534\" \/>\n\t<meta property=\"og:image:type\" content=\"image\/jpeg\" \/>\n<meta name=\"twitter:card\" content=\"summary_large_image\" \/>\n<meta name=\"twitter:label1\" content=\"Dur\u00e9e de lecture estim\u00e9e\" \/>\n\t<meta name=\"twitter:data1\" content=\"2 minutes\" \/>\n<script type=\"application\/ld+json\" class=\"yoast-schema-graph\">{\"@context\":\"https:\\\/\\\/schema.org\",\"@graph\":[{\"@type\":\"WebPage\",\"@id\":\"https:\\\/\\\/gambling6.com\\\/fr\\\/loterie\\\/comment-puis-je-acheter-des-billets-de-loterie-euromillions-en-ligne-depuis-lexterieur-de-leurope\\\/\",\"url\":\"https:\\\/\\\/gambling6.com\\\/fr\\\/loterie\\\/comment-puis-je-acheter-des-billets-de-loterie-euromillions-en-ligne-depuis-lexterieur-de-leurope\\\/\",\"name\":\"Achetez vos billets en ligne pour la loterie Euromillions\",\"isPartOf\":{\"@id\":\"https:\\\/\\\/gambling6.com\\\/fr\\\/#website\"},\"primaryImageOfPage\":{\"@id\":\"https:\\\/\\\/gambling6.com\\\/fr\\\/loterie\\\/comment-puis-je-acheter-des-billets-de-loterie-euromillions-en-ligne-depuis-lexterieur-de-leurope\\\/#primaryimage\"},\"image\":{\"@id\":\"https:\\\/\\\/gambling6.com\\\/fr\\\/loterie\\\/comment-puis-je-acheter-des-billets-de-loterie-euromillions-en-ligne-depuis-lexterieur-de-leurope\\\/#primaryimage\"},\"thumbnailUrl\":\"https:\\\/\\\/gambling6.com\\\/wp-content\\\/uploads\\\/2022\\\/04\\\/2_ticket_euromillions-112x300.jpg\",\"datePublished\":\"2025-11-10T21:30:11+00:00\",\"dateModified\":\"2025-11-12T18:43:43+00:00\",\"description\":\"Assurez-vous d'acheter vos billets en ligne pour le plus grand loto d'Europe, Euromillions et Euromillions UK, aupr\u00e8s d'un fournisseur de confiance tel que RedFoxLotto.com.\",\"breadcrumb\":{\"@id\":\"https:\\\/\\\/gambling6.com\\\/fr\\\/loterie\\\/comment-puis-je-acheter-des-billets-de-loterie-euromillions-en-ligne-depuis-lexterieur-de-leurope\\\/#breadcrumb\"},\"inLanguage\":\"fr-FR\",\"potentialAction\":[{\"@type\":\"ReadAction\",\"target\":[\"https:\\\/\\\/gambling6.com\\\/fr\\\/loterie\\\/comment-puis-je-acheter-des-billets-de-loterie-euromillions-en-ligne-depuis-lexterieur-de-leurope\\\/\"]}]},{\"@type\":\"ImageObject\",\"inLanguage\":\"fr-FR\",\"@id\":\"https:\\\/\\\/gambling6.com\\\/fr\\\/loterie\\\/comment-puis-je-acheter-des-billets-de-loterie-euromillions-en-ligne-depuis-lexterieur-de-leurope\\\/#primaryimage\",\"url\":\"https:\\\/\\\/gambling6.com\\\/wp-content\\\/uploads\\\/2022\\\/04\\\/2_ticket_euromillions-112x300.jpg\",\"contentUrl\":\"https:\\\/\\\/gambling6.com\\\/wp-content\\\/uploads\\\/2022\\\/04\\\/2_ticket_euromillions-112x300.jpg\"},{\"@type\":\"BreadcrumbList\",\"@id\":\"https:\\\/\\\/gambling6.com\\\/fr\\\/loterie\\\/comment-puis-je-acheter-des-billets-de-loterie-euromillions-en-ligne-depuis-lexterieur-de-leurope\\\/#breadcrumb\",\"itemListElement\":[{\"@type\":\"ListItem\",\"position\":1,\"name\":\"Home\",\"item\":\"https:\\\/\\\/gambling6.com\\\/fr\\\/home\\\/\"},{\"@type\":\"ListItem\",\"position\":2,\"name\":\"Loterie\",\"item\":\"https:\\\/\\\/gambling6.com\\\/fr\\\/loterie\\\/\"},{\"@type\":\"ListItem\",\"position\":3,\"name\":\"Comment puis-je acheter des billets de loterie Euromillions en ligne depuis l&#8217;ext\u00e9rieur de l&#8217;Europe\u00a0?\"}]},{\"@type\":\"WebSite\",\"@id\":\"https:\\\/\\\/gambling6.com\\\/fr\\\/#website\",\"url\":\"https:\\\/\\\/gambling6.com\\\/fr\\\/\",\"name\":\"Gambling6\",\"description\":\"\",\"potentialAction\":[{\"@type\":\"SearchAction\",\"target\":{\"@type\":\"EntryPoint\",\"urlTemplate\":\"https:\\\/\\\/gambling6.com\\\/fr\\\/?s={search_term_string}\"},\"query-input\":{\"@type\":\"PropertyValueSpecification\",\"valueRequired\":true,\"valueName\":\"search_term_string\"}}],\"inLanguage\":\"fr-FR\"}]}<\/script>\n<!-- \/ Yoast SEO plugin. -->","yoast_head_json":{"title":"Achetez vos billets en ligne pour la loterie Euromillions","description":"Assurez-vous d'acheter vos billets en ligne pour le plus grand loto d'Europe, Euromillions et Euromillions UK, aupr\u00e8s d'un fournisseur de confiance tel que RedFoxLotto.com.","robots":{"index":"index","follow":"follow","max-snippet":"max-snippet:-1","max-image-preview":"max-image-preview:large","max-video-preview":"max-video-preview:-1"},"canonical":"https:\/\/gambling6.com\/fr\/loterie\/comment-puis-je-acheter-des-billets-de-loterie-euromillions-en-ligne-depuis-lexterieur-de-leurope\/","og_locale":"fr_FR","og_type":"article","og_title":"Achetez vos billets en ligne pour la loterie Euromillions","og_description":"Assurez-vous d'acheter vos billets en ligne pour le plus grand loto d'Europe, Euromillions et Euromillions UK, aupr\u00e8s d'un fournisseur de confiance tel que RedFoxLotto.com.","og_url":"https:\/\/gambling6.com\/fr\/loterie\/comment-puis-je-acheter-des-billets-de-loterie-euromillions-en-ligne-depuis-lexterieur-de-leurope\/","og_site_name":"Gambling6","article_modified_time":"2025-11-12T18:43:43+00:00","og_image":[{"width":200,"height":534,"url":"https:\/\/gambling6.com\/wp-content\/uploads\/2022\/04\/2_ticket_euromillions.jpg","type":"image\/jpeg"}],"twitter_card":"summary_large_image","twitter_misc":{"Dur\u00e9e de lecture estim\u00e9e":"2 minutes"},"schema":{"@context":"https:\/\/schema.org","@graph":[{"@type":"WebPage","@id":"https:\/\/gambling6.com\/fr\/loterie\/comment-puis-je-acheter-des-billets-de-loterie-euromillions-en-ligne-depuis-lexterieur-de-leurope\/","url":"https:\/\/gambling6.com\/fr\/loterie\/comment-puis-je-acheter-des-billets-de-loterie-euromillions-en-ligne-depuis-lexterieur-de-leurope\/","name":"Achetez vos billets en ligne pour la loterie Euromillions","isPartOf":{"@id":"https:\/\/gambling6.com\/fr\/#website"},"primaryImageOfPage":{"@id":"https:\/\/gambling6.com\/fr\/loterie\/comment-puis-je-acheter-des-billets-de-loterie-euromillions-en-ligne-depuis-lexterieur-de-leurope\/#primaryimage"},"image":{"@id":"https:\/\/gambling6.com\/fr\/loterie\/comment-puis-je-acheter-des-billets-de-loterie-euromillions-en-ligne-depuis-lexterieur-de-leurope\/#primaryimage"},"thumbnailUrl":"https:\/\/gambling6.com\/wp-content\/uploads\/2022\/04\/2_ticket_euromillions-112x300.jpg","datePublished":"2025-11-10T21:30:11+00:00","dateModified":"2025-11-12T18:43:43+00:00","description":"Assurez-vous d'acheter vos billets en ligne pour le plus grand loto d'Europe, Euromillions et Euromillions UK, aupr\u00e8s d'un fournisseur de confiance tel que RedFoxLotto.com.","breadcrumb":{"@id":"https:\/\/gambling6.com\/fr\/loterie\/comment-puis-je-acheter-des-billets-de-loterie-euromillions-en-ligne-depuis-lexterieur-de-leurope\/#breadcrumb"},"inLanguage":"fr-FR","potentialAction":[{"@type":"ReadAction","target":["https:\/\/gambling6.com\/fr\/loterie\/comment-puis-je-acheter-des-billets-de-loterie-euromillions-en-ligne-depuis-lexterieur-de-leurope\/"]}]},{"@type":"ImageObject","inLanguage":"fr-FR","@id":"https:\/\/gambling6.com\/fr\/loterie\/comment-puis-je-acheter-des-billets-de-loterie-euromillions-en-ligne-depuis-lexterieur-de-leurope\/#primaryimage","url":"https:\/\/gambling6.com\/wp-content\/uploads\/2022\/04\/2_ticket_euromillions-112x300.jpg","contentUrl":"https:\/\/gambling6.com\/wp-content\/uploads\/2022\/04\/2_ticket_euromillions-112x300.jpg"},{"@type":"BreadcrumbList","@id":"https:\/\/gambling6.com\/fr\/loterie\/comment-puis-je-acheter-des-billets-de-loterie-euromillions-en-ligne-depuis-lexterieur-de-leurope\/#breadcrumb","itemListElement":[{"@type":"ListItem","position":1,"name":"Home","item":"https:\/\/gambling6.com\/fr\/home\/"},{"@type":"ListItem","position":2,"name":"Loterie","item":"https:\/\/gambling6.com\/fr\/loterie\/"},{"@type":"ListItem","position":3,"name":"Comment puis-je acheter des billets de loterie Euromillions en ligne depuis l&#8217;ext\u00e9rieur de l&#8217;Europe\u00a0?"}]},{"@type":"WebSite","@id":"https:\/\/gambling6.com\/fr\/#website","url":"https:\/\/gambling6.com\/fr\/","name":"Gambling6","description":"","potentialAction":[{"@type":"SearchAction","target":{"@type":"EntryPoint","urlTemplate":"https:\/\/gambling6.com\/fr\/?s={search_term_string}"},"query-input":{"@type":"PropertyValueSpecification","valueRequired":true,"valueName":"search_term_string"}}],"inLanguage":"fr-FR"}]}},"_links":{"self":[{"href":"https:\/\/gambling6.com\/fr\/wp-json\/wp\/v2\/pages\/9386","targetHints":{"allow":["GET"]}}],"collection":[{"href":"https:\/\/gambling6.com\/fr\/wp-json\/wp\/v2\/pages"}],"about":[{"href":"https:\/\/gambling6.com\/fr\/wp-json\/wp\/v2\/types\/page"}],"author":[{"embeddable":true,"href":"https:\/\/gambling6.com\/fr\/wp-json\/wp\/v2\/users\/1"}],"replies":[{"embeddable":true,"href":"https:\/\/gambling6.com\/fr\/wp-json\/wp\/v2\/comments?post=9386"}],"version-history":[{"count":1,"href":"https:\/\/gambling6.com\/fr\/wp-json\/wp\/v2\/pages\/9386\/revisions"}],"predecessor-version":[{"id":10760,"href":"https:\/\/gambling6.com\/fr\/wp-json\/wp\/v2\/pages\/9386\/revisions\/10760"}],"up":[{"embeddable":true,"href":"https:\/\/gambling6.com\/fr\/wp-json\/wp\/v2\/pages\/9283"}],"wp:attachment":[{"href":"https:\/\/gambling6.com\/fr\/wp-json\/wp\/v2\/media?parent=9386"}],"curies":[{"name":"wp","href":"https:\/\/api.w.org\/{rel}","templated":true}]}}