{"id":9423,"date":"2025-11-11T02:26:04","date_gmt":"2025-11-11T02:26:04","guid":{"rendered":"https:\/\/gambling6.com\/loterie\/achetez-vos-billets-de-loterie-de-new-york-en-ligne\/"},"modified":"2025-11-11T02:26:04","modified_gmt":"2025-11-11T02:26:04","slug":"achetez-vos-billets-de-loterie-de-new-york-en-ligne","status":"publish","type":"page","link":"https:\/\/gambling6.com\/fr\/loterie\/achetez-vos-billets-de-loterie-de-new-york-en-ligne\/","title":{"rendered":"Achetez vos billets de loterie de New York en ligne"},"content":{"rendered":"<h2>La loterie de New York en ligne<\/h2>\n<p>Avec des jackpots d\u00e9butant \u00e0 3 millions de dollars, le New York Lotto prend une ampleur comparable \u00e0 celle de la ville elle-m\u00eame le jour du tirage. Sachez que le jackpot minimum est bien plus \u00e9lev\u00e9 que dans la plupart des loteries, <strong>alors, pour tenter votre chance, pensez \u00e0 acheter vos billets en ligne pour la loterie de New York<\/strong>.<\/p>\n<p>Si le jackpot n&rsquo;est pas remport\u00e9, il est report\u00e9 et son montant peut atteindre 10 chiffres. Le jackpot record du New York Lotto s&rsquo;\u00e9l\u00e8ve d&rsquo;ailleurs \u00e0 58 millions de dollars. <strong>Gr\u00e2ce \u00e0 la possibilit\u00e9 d&rsquo;acheter vos billets en ligne, vous pourriez participer au prochain jackpot record.<\/strong><\/p>\n<h2>Le tirage du New York Lotto a lieu deux fois par semaine.<\/h2>\n<p>Le jackpot se chiffre toujours en millions de dollars lors des deux tirages hebdomadaires \u00e0 New York. Il est tout \u00e0 fait logique que l&rsquo;une des plus grandes villes du monde poss\u00e8de une loterie dont le jackpot initial est parmi les plus importants au monde. Chaque semaine, des millions de New-Yorkais font la queue pour acheter des billets de cette loterie qui peut changer leur vie. <b>Plus besoin de faire la queue\u00a0: achetez vos billets en ligne\u00a0!<\/b><\/p>\n<p>Fond\u00e9e en 1967, la Loterie de New York est l&rsquo;une des plus anciennes loteries des \u00c9tats-Unis. Elle a permis de r\u00e9colter pr\u00e8s de 40 milliards de dollars pour des \u0153uvres caritatives dans le monde entier. En 2004, un joueur a empoch\u00e9 la coquette somme de 58 millions de dollars, ce qui repr\u00e9sentait alors l&rsquo;un des plus gros gains de l&rsquo;histoire des loteries am\u00e9ricaines.<\/p>\n<p>Jouer \u00e0 la Loterie de New York est simple. Ce loto de type 6\/59 vous demande de choisir six num\u00e9ros entre 1 et 59, ainsi que le num\u00e9ro compl\u00e9mentaire. <strong>Pour remporter le jackpot, vous devez trouver les six num\u00e9ros principaux. Vos chances sont d&rsquo;environ une sur 45 millions.<\/strong> En trouvant cinq, quatre ou trois num\u00e9ros, vous participez \u00e0 l&rsquo;un des cinq tirages aux prix secondaires, qui ont lieu les mercredis et samedis de chaque semaine.<\/p>\n<p>La loterie de New York est un jeu auquel tout le monde veut jouer, et maintenant\u00a0<span style=\"box-sizing: border-box; margin: 0px; padding: 0px;\">vous pouvez\u00a0<a href=\"https:\/\/gambling6.com\/go\/redfoxlotto-en\/\" target=\"_blank\" rel=\"noopener\">acheter vos billets en ligne via notre partenaire RedFoxLotto en utilisant<\/a><\/span><a class=\"thirstylink\" title=\"RedFoxLotto en\" href=\"https:\/\/gambling6.com\/go\/redfoxlotto-en\/\" target=\"_blank\" rel=\"nofollow noopener\">\u00a0ce lien.<\/a><\/p>\n<table style=\"width: 500px;\" border=\"1\" cellspacing=\"5\" cellpadding=\"5\" align=\"center\">\n<tbody>\n<tr>\n<td colspan=\"3\" align=\"center\">Les cinq plus gros jackpots de 2013<\/td>\n<\/tr>\n<tr>\n<td>Tirage<\/td>\n<td align=\"center\">Date<\/td>\n<td align=\"center\">Jackpot (USD)<\/td>\n<\/tr>\n<tr>\n<td>Loterie de New York &#8211; \u00c9tats-Unis<\/td>\n<td align=\"center\">10 avril 2013<\/td>\n<td align=\"right\">26\u00a0500\u00a0000 $<\/td>\n<\/tr>\n<tr>\n<td>Loterie de New York &#8211; \u00c9tats-Unis<\/td>\n<td align=\"center\">29 juin 2013<\/td>\n<td align=\"right\">10\u00a0700\u00a0000 $<\/td>\n<\/tr>\n<tr>\n<td>Loterie de New York &#8211; \u00c9tats-Unis<\/td>\n<td align=\"center\">4 sept. 2013<\/td>\n<td align=\"right\">7\u00a0100\u00a0000 $<\/td>\n<\/tr>\n<tr>\n<td>Loterie de New York &#8211; \u00c9tats-Unis<\/td>\n<td align=\"center\">6 nov. 2013<\/td>\n<td align=\"right\">6\u00a0200\u00a0000 $<\/td>\n<\/tr>\n<tr>\n<td>Loterie de New York &#8211; \u00c9tats-Unis<\/td>\n<td align=\"center\">23 nov. 2013<\/td>\n<td align=\"right\">3\u00a0200\u00a0000 $<\/td>\n<\/tr>\n<\/tbody>\n<\/table>\n<table style=\"width: 500px;\" border=\"1\" cellspacing=\"5\" cellpadding=\"5\" align=\"center\">\n<tbody>\n<tr>\n<td colspan=\"3\" align=\"center\">Niveaux de prix du Loto de New York &#8211; \u00c9tats-Unis<\/td>\n<\/tr>\n<tr>\n<td>Prix<\/td>\n<td align=\"center\">Nombre de matchs<\/td>\n<td align=\"center\">Probabilit\u00e9s<\/td>\n<\/tr>\n<tr>\n<td>1er prix (Jackpot)<\/td>\n<td align=\"center\">6<\/td>\n<td align=\"right\">45\u00a0057\u00a0474 : 1<\/td>\n<\/tr>\n<tr>\n<td>2e prix<\/td>\n<td align=\"center\">5 + 1<\/td>\n<td align=\"right\">7\u00a0509\u00a0579 : 1<\/td>\n<\/tr>\n<tr>\n<td>3e<\/td>\n<td align=\"center\">5<\/td>\n<td align=\"right\">141\u00a0690 : 1<\/td>\n<\/tr>\n<tr>\n<td>4e<\/td>\n<td align=\"center\">4<\/td>\n<td align=\"right\">2\u00a0180 : 1<\/td>\n<\/tr>\n<tr>\n<td>5e<\/td>\n<td align=\"center\">3<\/td>\n<td align=\"right\">96 : 1<\/td>\n<\/tr>\n<\/tbody>\n<\/table>\n","protected":false},"excerpt":{"rendered":"<p>La loterie de New York en ligne Avec des jackpots d\u00e9butant \u00e0 3 millions de dollars, le New York Lotto prend une ampleur comparable \u00e0 celle de la ville elle-m\u00eame le jour du tirage. Sachez que le jackpot minimum est bien plus \u00e9lev\u00e9 que dans la plupart des loteries, alors, pour tenter votre chance, pensez [&hellip;]<\/p>\n","protected":false},"author":1,"featured_media":0,"parent":9283,"menu_order":12,"comment_status":"closed","ping_status":"closed","template":"","meta":{"footnotes":""},"class_list":["post-9423","page","type-page","status-publish","hentry"],"yoast_head":"<!-- This site is optimized with the Yoast SEO plugin v27.4 - https:\/\/yoast.com\/product\/yoast-seo-wordpress\/ -->\n<title>Achetez vos billets de loterie de New York en ligne<\/title>\n<meta name=\"description\" content=\"Devenez millionnaire instantan\u00e9ment en achetant vos billets en ligne pour le Loto de New York.\" \/>\n<meta name=\"robots\" content=\"index, follow, max-snippet:-1, max-image-preview:large, max-video-preview:-1\" \/>\n<link rel=\"canonical\" href=\"https:\/\/gambling6.com\/fr\/loterie\/achetez-vos-billets-de-loterie-de-new-york-en-ligne\/\" \/>\n<meta property=\"og:locale\" content=\"fr_FR\" \/>\n<meta property=\"og:type\" content=\"article\" \/>\n<meta property=\"og:title\" content=\"Achetez vos billets de loterie de New York en ligne\" \/>\n<meta property=\"og:description\" content=\"Devenez millionnaire instantan\u00e9ment en achetant vos billets en ligne pour le Loto de New York.\" \/>\n<meta property=\"og:url\" content=\"https:\/\/gambling6.com\/fr\/loterie\/achetez-vos-billets-de-loterie-de-new-york-en-ligne\/\" \/>\n<meta property=\"og:site_name\" content=\"Gambling6\" \/>\n<meta name=\"twitter:card\" content=\"summary_large_image\" \/>\n<meta name=\"twitter:label1\" content=\"Dur\u00e9e de lecture estim\u00e9e\" \/>\n\t<meta name=\"twitter:data1\" content=\"2 minutes\" \/>\n<script type=\"application\/ld+json\" class=\"yoast-schema-graph\">{\"@context\":\"https:\\\/\\\/schema.org\",\"@graph\":[{\"@type\":\"WebPage\",\"@id\":\"https:\\\/\\\/gambling6.com\\\/fr\\\/loterie\\\/achetez-vos-billets-de-loterie-de-new-york-en-ligne\\\/\",\"url\":\"https:\\\/\\\/gambling6.com\\\/fr\\\/loterie\\\/achetez-vos-billets-de-loterie-de-new-york-en-ligne\\\/\",\"name\":\"Achetez vos billets de loterie de New York en ligne\",\"isPartOf\":{\"@id\":\"https:\\\/\\\/gambling6.com\\\/fr\\\/#website\"},\"datePublished\":\"2025-11-11T02:26:04+00:00\",\"description\":\"Devenez millionnaire instantan\u00e9ment en achetant vos billets en ligne pour le Loto de New York.\",\"breadcrumb\":{\"@id\":\"https:\\\/\\\/gambling6.com\\\/fr\\\/loterie\\\/achetez-vos-billets-de-loterie-de-new-york-en-ligne\\\/#breadcrumb\"},\"inLanguage\":\"fr-FR\",\"potentialAction\":[{\"@type\":\"ReadAction\",\"target\":[\"https:\\\/\\\/gambling6.com\\\/fr\\\/loterie\\\/achetez-vos-billets-de-loterie-de-new-york-en-ligne\\\/\"]}]},{\"@type\":\"BreadcrumbList\",\"@id\":\"https:\\\/\\\/gambling6.com\\\/fr\\\/loterie\\\/achetez-vos-billets-de-loterie-de-new-york-en-ligne\\\/#breadcrumb\",\"itemListElement\":[{\"@type\":\"ListItem\",\"position\":1,\"name\":\"Home\",\"item\":\"https:\\\/\\\/gambling6.com\\\/fr\\\/home\\\/\"},{\"@type\":\"ListItem\",\"position\":2,\"name\":\"Loterie\",\"item\":\"https:\\\/\\\/gambling6.com\\\/fr\\\/loterie\\\/\"},{\"@type\":\"ListItem\",\"position\":3,\"name\":\"Achetez vos billets de loterie de New York en ligne\"}]},{\"@type\":\"WebSite\",\"@id\":\"https:\\\/\\\/gambling6.com\\\/fr\\\/#website\",\"url\":\"https:\\\/\\\/gambling6.com\\\/fr\\\/\",\"name\":\"Gambling6\",\"description\":\"\",\"potentialAction\":[{\"@type\":\"SearchAction\",\"target\":{\"@type\":\"EntryPoint\",\"urlTemplate\":\"https:\\\/\\\/gambling6.com\\\/fr\\\/?s={search_term_string}\"},\"query-input\":{\"@type\":\"PropertyValueSpecification\",\"valueRequired\":true,\"valueName\":\"search_term_string\"}}],\"inLanguage\":\"fr-FR\"}]}<\/script>\n<!-- \/ Yoast SEO plugin. -->","yoast_head_json":{"title":"Achetez vos billets de loterie de New York en ligne","description":"Devenez millionnaire instantan\u00e9ment en achetant vos billets en ligne pour le Loto de New York.","robots":{"index":"index","follow":"follow","max-snippet":"max-snippet:-1","max-image-preview":"max-image-preview:large","max-video-preview":"max-video-preview:-1"},"canonical":"https:\/\/gambling6.com\/fr\/loterie\/achetez-vos-billets-de-loterie-de-new-york-en-ligne\/","og_locale":"fr_FR","og_type":"article","og_title":"Achetez vos billets de loterie de New York en ligne","og_description":"Devenez millionnaire instantan\u00e9ment en achetant vos billets en ligne pour le Loto de New York.","og_url":"https:\/\/gambling6.com\/fr\/loterie\/achetez-vos-billets-de-loterie-de-new-york-en-ligne\/","og_site_name":"Gambling6","twitter_card":"summary_large_image","twitter_misc":{"Dur\u00e9e de lecture estim\u00e9e":"2 minutes"},"schema":{"@context":"https:\/\/schema.org","@graph":[{"@type":"WebPage","@id":"https:\/\/gambling6.com\/fr\/loterie\/achetez-vos-billets-de-loterie-de-new-york-en-ligne\/","url":"https:\/\/gambling6.com\/fr\/loterie\/achetez-vos-billets-de-loterie-de-new-york-en-ligne\/","name":"Achetez vos billets de loterie de New York en ligne","isPartOf":{"@id":"https:\/\/gambling6.com\/fr\/#website"},"datePublished":"2025-11-11T02:26:04+00:00","description":"Devenez millionnaire instantan\u00e9ment en achetant vos billets en ligne pour le Loto de New York.","breadcrumb":{"@id":"https:\/\/gambling6.com\/fr\/loterie\/achetez-vos-billets-de-loterie-de-new-york-en-ligne\/#breadcrumb"},"inLanguage":"fr-FR","potentialAction":[{"@type":"ReadAction","target":["https:\/\/gambling6.com\/fr\/loterie\/achetez-vos-billets-de-loterie-de-new-york-en-ligne\/"]}]},{"@type":"BreadcrumbList","@id":"https:\/\/gambling6.com\/fr\/loterie\/achetez-vos-billets-de-loterie-de-new-york-en-ligne\/#breadcrumb","itemListElement":[{"@type":"ListItem","position":1,"name":"Home","item":"https:\/\/gambling6.com\/fr\/home\/"},{"@type":"ListItem","position":2,"name":"Loterie","item":"https:\/\/gambling6.com\/fr\/loterie\/"},{"@type":"ListItem","position":3,"name":"Achetez vos billets de loterie de New York en ligne"}]},{"@type":"WebSite","@id":"https:\/\/gambling6.com\/fr\/#website","url":"https:\/\/gambling6.com\/fr\/","name":"Gambling6","description":"","potentialAction":[{"@type":"SearchAction","target":{"@type":"EntryPoint","urlTemplate":"https:\/\/gambling6.com\/fr\/?s={search_term_string}"},"query-input":{"@type":"PropertyValueSpecification","valueRequired":true,"valueName":"search_term_string"}}],"inLanguage":"fr-FR"}]}},"_links":{"self":[{"href":"https:\/\/gambling6.com\/fr\/wp-json\/wp\/v2\/pages\/9423","targetHints":{"allow":["GET"]}}],"collection":[{"href":"https:\/\/gambling6.com\/fr\/wp-json\/wp\/v2\/pages"}],"about":[{"href":"https:\/\/gambling6.com\/fr\/wp-json\/wp\/v2\/types\/page"}],"author":[{"embeddable":true,"href":"https:\/\/gambling6.com\/fr\/wp-json\/wp\/v2\/users\/1"}],"replies":[{"embeddable":true,"href":"https:\/\/gambling6.com\/fr\/wp-json\/wp\/v2\/comments?post=9423"}],"version-history":[{"count":0,"href":"https:\/\/gambling6.com\/fr\/wp-json\/wp\/v2\/pages\/9423\/revisions"}],"up":[{"embeddable":true,"href":"https:\/\/gambling6.com\/fr\/wp-json\/wp\/v2\/pages\/9283"}],"wp:attachment":[{"href":"https:\/\/gambling6.com\/fr\/wp-json\/wp\/v2\/media?parent=9423"}],"curies":[{"name":"wp","href":"https:\/\/api.w.org\/{rel}","templated":true}]}}