{"id":9476,"date":"2025-11-11T03:23:16","date_gmt":"2025-11-11T03:23:16","guid":{"rendered":"https:\/\/gambling6.com\/loterie\/participez-au-loto-6-49-du-canada\/"},"modified":"2025-11-11T03:23:16","modified_gmt":"2025-11-11T03:23:16","slug":"participez-au-loto-6-49-du-canada","status":"publish","type":"page","link":"https:\/\/gambling6.com\/fr\/loterie\/participez-au-loto-6-49-du-canada\/","title":{"rendered":"Participez au Loto 6\/49 du Canada"},"content":{"rendered":"<h2>Loto 6\/49 Canada<\/h2>\n<p>Depuis 1982 au Canada, deux choses \u00e9taient garanties en hiver. La premi\u00e8re, c&rsquo;\u00e9tait de pouvoir regarder Hockey Night in Canada sur les ondes de CBC. La seconde, c&rsquo;\u00e9tait de pr\u00e9dire que quelqu&rsquo;un deviendrait millionnaire au Loto 6\/49. Aujourd&rsquo;hui encore, vous pouvez compter sur le tirage du samedi soir. La grande diff\u00e9rence aujourd&rsquo;hui, c&rsquo;est que vous pouvez acheter des billets en ligne pour le tirage du Lotto 6\/49 du Canada. Prenez le temps d&rsquo;<a class=\"thirstylink\" title=\"Redfoxlotto\" href=\"https:\/\/gambling6.com\/go\/redfoxlotto\/\" target=\"_blank\" rel=\"nofollow noopener\">acheter vos billets en ligne d\u00e8s aujourd&rsquo;hui chez notre partenaire RedFoxLotto.com.<\/a><img loading=\"lazy\" decoding=\"async\" class=\" alignright size-full wp-image-562\" style=\"margin: 10px; border: 5px solid #ffffff; float: right;\" src=\"http:\/\/gambling6.com\/wp-content\/uploads\/2013\/12\/get-online-649-lotto-tickets.png\" alt=\"Lotto 6\/49 Canada\" width=\"300\" height=\"190\" \/><\/p>\n<p>La probabilit\u00e9 de remporter le premier prix au Lotto 6\/49 du Canada est de 1 sur 13\u00a0983\u00a0816. Les chances globales de gagner un prix sont d&rsquo;environ 1 sur 32. Pour acheter des billets en ligne, choisissez d&rsquo;abord six num\u00e9ros principaux parmi les num\u00e9ros de 1 \u00e0 49. <strong>Pour remporter une part du gros lot, vous devez trouver les six bons num\u00e9ros tir\u00e9s.<\/strong> Pour remporter le deuxi\u00e8me prix, choisissez cinq num\u00e9ros principaux et le num\u00e9ro compl\u00e9mentaire. Les tirages ont lieu les samedis et mercredis soirs vers 19 h 10 HNE au Canada. Il y a six cat\u00e9gories de prix, et si personne ne r\u00e9clame le gros lot, il est report\u00e9 au tirage suivant jusqu&rsquo;\u00e0 ce qu&rsquo;un gagnant arrive.<\/p>\n<h2>Tentez de gagner le jackpot avec les tickets en ligne du Lotto 6\/49<\/h2>\n<table style=\"width: 500px;\" border=\"1\" cellspacing=\"5\" cellpadding=\"5\" align=\"center\">\n<tbody>\n<tr>\n<td colspan=\"3\" align=\"center\">Les cinq plus gros jackpots de 2013<\/td>\n<\/tr>\n<tr>\n<td>Tirage<\/td>\n<td align=\"center\">Date<\/td>\n<td align=\"center\">Jackpot (USD)<\/td>\n<\/tr>\n<tr>\n<td>Lotto 6\/49 &#8211; Canada<\/td>\n<td align=\"center\">13 avril 2013<\/td>\n<td align=\"right\">58\u00a0974\u00a0913 $<\/td>\n<\/tr>\n<tr>\n<td>Lotto 6\/49 &#8211; Canada<\/td>\n<td align=\"center\">12 octobre 2013<\/td>\n<td align=\"right\">37\u00a0200\u00a0000\u00a0$<\/td>\n<\/tr>\n<tr>\n<td>Lotto 6\/49 &#8211; Canada<\/td>\n<td align=\"center\">30 oct. 2013<\/td>\n<td align=\"right\">18\u00a0807\u00a0390\u00a0$<\/td>\n<\/tr>\n<tr>\n<td>Lotto 6\/49 &#8211; Canada<\/td>\n<td align=\"center\">6 juil. 2013<\/td>\n<td align=\"right\">18\u00a0351\u00a0756\u00a0$<\/td>\n<\/tr>\n<tr>\n<td>Lotto 6\/49 &#8211; Canada<\/td>\n<td align=\"center\">4 d\u00e9c. 2013<\/td>\n<td align=\"right\">17\u00a0670\u00a0000 $<\/td>\n<\/tr>\n<\/tbody>\n<\/table>\n<h2>De nombreux niveaux de gains \u00e0 remporter avec les billets de loterie en ligne<\/h2>\n<p>La possibilit\u00e9 de gagner \u00e0 sept niveaux diff\u00e9rents ouvre un monde d&rsquo;opportunit\u00e9s pour gagner de l&rsquo;argent en achetant des billets de Lotto 6\/49 en ligne. Nombreux sont ceux qui oublient l&rsquo;existence de tous ces niveaux suppl\u00e9mentaires. Il est important, une fois vos billets achet\u00e9s, de les v\u00e9rifier pour voir si vous avez gagn\u00e9.<\/p>\n<p>Il est fr\u00e9quent que des personnes ach\u00e8tent des billets chaque semaine sans v\u00e9rifier leurs gains, apr\u00e8s avoir entendu dire que quelqu&rsquo;un d&rsquo;autre, ayant achet\u00e9 un billet ailleurs, a remport\u00e9 le jackpot. <b>Acheter des billets de Lotto 6\/49 en ligne est aussi simple que de v\u00e9rifier ses billets.<\/b> De nombreux outils vous permettent de consulter les bases de donn\u00e9es des principales loteries du monde.<\/p>\n<table style=\"width: 500px;\" border=\"1\" cellspacing=\"5\" cellpadding=\"5\" align=\"center\">\n<tbody>\n<tr>\n<td colspan=\"3\" align=\"center\">Lotto 6\/49 &#8211; Canada &#8211; Niveaux de prix<\/td>\n<\/tr>\n<tr>\n<td>Prix<\/td>\n<td align=\"center\">Nombre de num\u00e9ros gagnants<\/td>\n<td align=\"center\">Probabilit\u00e9s<\/td>\n<\/tr>\n<tr>\n<td>1er prix (Gros lot)<\/td>\n<td align=\"center\">6<\/td>\n<td align=\"right\">13\u00a0983\u00a0816 : 1<\/td>\n<\/tr>\n<tr>\n<td>2e prix<\/td>\n<td align=\"center\">5 + 1<\/td>\n<td align=\"right\">2\u00a0330\u00a0636 : 1<\/td>\n<\/tr>\n<tr>\n<td>3e<\/td>\n<td align=\"center\">5<\/td>\n<td align=\"right\">55\u00a0492 : 1<\/td>\n<\/tr>\n<tr>\n<td>4e<\/td>\n<td align=\"center\">4<\/td>\n<td align=\"right\">1\u00a0033 : 1<\/td>\n<\/tr>\n<tr>\n<td>5e<\/td>\n<td align=\"center\">3<\/td>\n<td align=\"right\">57 : 1<\/td>\n<\/tr>\n<tr>\n<td>6e<\/td>\n<td align=\"center\">2 + 1<\/td>\n<td align=\"right\">81 : 1<\/td>\n<\/tr>\n<tr>\n<td>7e<\/td>\n<td align=\"center\">2<\/td>\n<td align=\"right\">8 : 1<\/td>\n<\/tr>\n<\/tbody>\n<\/table>\n<p style=\"text-align: center;\"><strong>Jouez au Loto 6\/49 du Canada en ligne et go\u00fbtez \u00e0 la libert\u00e9 de devenir millionnaire\u00a0!<\/strong><\/p>\n","protected":false},"excerpt":{"rendered":"<p>Loto 6\/49 Canada Depuis 1982 au Canada, deux choses \u00e9taient garanties en hiver. La premi\u00e8re, c&rsquo;\u00e9tait de pouvoir regarder Hockey Night in Canada sur les ondes de CBC. La seconde, c&rsquo;\u00e9tait de pr\u00e9dire que quelqu&rsquo;un deviendrait millionnaire au Loto 6\/49. Aujourd&rsquo;hui encore, vous pouvez compter sur le tirage du samedi soir. La grande diff\u00e9rence aujourd&rsquo;hui, [&hellip;]<\/p>\n","protected":false},"author":1,"featured_media":563,"parent":9283,"menu_order":5,"comment_status":"closed","ping_status":"closed","template":"","meta":{"footnotes":""},"class_list":["post-9476","page","type-page","status-publish","has-post-thumbnail","hentry"],"yoast_head":"<!-- This site is optimized with the Yoast SEO plugin v27.3 - https:\/\/yoast.com\/product\/yoast-seo-wordpress\/ -->\n<title>Achetez vos billets en ligne pour la loterie canadienne 6\/49<\/title>\n<meta name=\"description\" content=\"Il est maintenant facile d&#039;acheter des billets en ligne pour le Lotto 6\/49 au Canada.\" \/>\n<meta name=\"robots\" content=\"index, follow, max-snippet:-1, max-image-preview:large, max-video-preview:-1\" \/>\n<link rel=\"canonical\" href=\"https:\/\/gambling6.com\/fr\/loterie\/participez-au-loto-6-49-du-canada\/\" \/>\n<meta property=\"og:locale\" content=\"fr_FR\" \/>\n<meta property=\"og:type\" content=\"article\" \/>\n<meta property=\"og:title\" content=\"Achetez vos billets en ligne pour la loterie canadienne 6\/49\" \/>\n<meta property=\"og:description\" content=\"Il est maintenant facile d&#039;acheter des billets en ligne pour le Lotto 6\/49 au Canada.\" \/>\n<meta property=\"og:url\" content=\"https:\/\/gambling6.com\/fr\/loterie\/participez-au-loto-6-49-du-canada\/\" \/>\n<meta property=\"og:site_name\" content=\"Gambling6\" \/>\n<meta property=\"og:image\" content=\"https:\/\/gambling6.com\/wp-content\/uploads\/2013\/12\/get-online-649-lotto-tickets.png\" \/>\n\t<meta property=\"og:image:width\" content=\"300\" \/>\n\t<meta property=\"og:image:height\" content=\"190\" \/>\n\t<meta property=\"og:image:type\" content=\"image\/png\" \/>\n<meta name=\"twitter:card\" content=\"summary_large_image\" \/>\n<meta name=\"twitter:label1\" content=\"Dur\u00e9e de lecture estim\u00e9e\" \/>\n\t<meta name=\"twitter:data1\" content=\"2 minutes\" \/>\n<script type=\"application\/ld+json\" class=\"yoast-schema-graph\">{\"@context\":\"https:\\\/\\\/schema.org\",\"@graph\":[{\"@type\":\"WebPage\",\"@id\":\"https:\\\/\\\/gambling6.com\\\/fr\\\/loterie\\\/participez-au-loto-6-49-du-canada\\\/\",\"url\":\"https:\\\/\\\/gambling6.com\\\/fr\\\/loterie\\\/participez-au-loto-6-49-du-canada\\\/\",\"name\":\"Achetez vos billets en ligne pour la loterie canadienne 6\\\/49\",\"isPartOf\":{\"@id\":\"https:\\\/\\\/gambling6.com\\\/fr\\\/#website\"},\"primaryImageOfPage\":{\"@id\":\"https:\\\/\\\/gambling6.com\\\/fr\\\/loterie\\\/participez-au-loto-6-49-du-canada\\\/#primaryimage\"},\"image\":{\"@id\":\"https:\\\/\\\/gambling6.com\\\/fr\\\/loterie\\\/participez-au-loto-6-49-du-canada\\\/#primaryimage\"},\"thumbnailUrl\":\"https:\\\/\\\/gambling6.com\\\/wp-content\\\/uploads\\\/2013\\\/12\\\/get-online-649-lotto-tickets.png\",\"datePublished\":\"2025-11-11T03:23:16+00:00\",\"description\":\"Il est maintenant facile d'acheter des billets en ligne pour le Lotto 6\\\/49 au Canada.\",\"breadcrumb\":{\"@id\":\"https:\\\/\\\/gambling6.com\\\/fr\\\/loterie\\\/participez-au-loto-6-49-du-canada\\\/#breadcrumb\"},\"inLanguage\":\"fr-FR\",\"potentialAction\":[{\"@type\":\"ReadAction\",\"target\":[\"https:\\\/\\\/gambling6.com\\\/fr\\\/loterie\\\/participez-au-loto-6-49-du-canada\\\/\"]}]},{\"@type\":\"ImageObject\",\"inLanguage\":\"fr-FR\",\"@id\":\"https:\\\/\\\/gambling6.com\\\/fr\\\/loterie\\\/participez-au-loto-6-49-du-canada\\\/#primaryimage\",\"url\":\"https:\\\/\\\/gambling6.com\\\/wp-content\\\/uploads\\\/2013\\\/12\\\/get-online-649-lotto-tickets.png\",\"contentUrl\":\"https:\\\/\\\/gambling6.com\\\/wp-content\\\/uploads\\\/2013\\\/12\\\/get-online-649-lotto-tickets.png\",\"width\":300,\"height\":190},{\"@type\":\"BreadcrumbList\",\"@id\":\"https:\\\/\\\/gambling6.com\\\/fr\\\/loterie\\\/participez-au-loto-6-49-du-canada\\\/#breadcrumb\",\"itemListElement\":[{\"@type\":\"ListItem\",\"position\":1,\"name\":\"Home\",\"item\":\"https:\\\/\\\/gambling6.com\\\/fr\\\/home\\\/\"},{\"@type\":\"ListItem\",\"position\":2,\"name\":\"Loterie\",\"item\":\"https:\\\/\\\/gambling6.com\\\/fr\\\/loterie\\\/\"},{\"@type\":\"ListItem\",\"position\":3,\"name\":\"Participez au Loto 6\\\/49 du Canada\"}]},{\"@type\":\"WebSite\",\"@id\":\"https:\\\/\\\/gambling6.com\\\/fr\\\/#website\",\"url\":\"https:\\\/\\\/gambling6.com\\\/fr\\\/\",\"name\":\"Gambling6\",\"description\":\"\",\"potentialAction\":[{\"@type\":\"SearchAction\",\"target\":{\"@type\":\"EntryPoint\",\"urlTemplate\":\"https:\\\/\\\/gambling6.com\\\/fr\\\/?s={search_term_string}\"},\"query-input\":{\"@type\":\"PropertyValueSpecification\",\"valueRequired\":true,\"valueName\":\"search_term_string\"}}],\"inLanguage\":\"fr-FR\"}]}<\/script>\n<!-- \/ Yoast SEO plugin. -->","yoast_head_json":{"title":"Achetez vos billets en ligne pour la loterie canadienne 6\/49","description":"Il est maintenant facile d'acheter des billets en ligne pour le Lotto 6\/49 au Canada.","robots":{"index":"index","follow":"follow","max-snippet":"max-snippet:-1","max-image-preview":"max-image-preview:large","max-video-preview":"max-video-preview:-1"},"canonical":"https:\/\/gambling6.com\/fr\/loterie\/participez-au-loto-6-49-du-canada\/","og_locale":"fr_FR","og_type":"article","og_title":"Achetez vos billets en ligne pour la loterie canadienne 6\/49","og_description":"Il est maintenant facile d'acheter des billets en ligne pour le Lotto 6\/49 au Canada.","og_url":"https:\/\/gambling6.com\/fr\/loterie\/participez-au-loto-6-49-du-canada\/","og_site_name":"Gambling6","og_image":[{"width":300,"height":190,"url":"https:\/\/gambling6.com\/wp-content\/uploads\/2013\/12\/get-online-649-lotto-tickets.png","type":"image\/png"}],"twitter_card":"summary_large_image","twitter_misc":{"Dur\u00e9e de lecture estim\u00e9e":"2 minutes"},"schema":{"@context":"https:\/\/schema.org","@graph":[{"@type":"WebPage","@id":"https:\/\/gambling6.com\/fr\/loterie\/participez-au-loto-6-49-du-canada\/","url":"https:\/\/gambling6.com\/fr\/loterie\/participez-au-loto-6-49-du-canada\/","name":"Achetez vos billets en ligne pour la loterie canadienne 6\/49","isPartOf":{"@id":"https:\/\/gambling6.com\/fr\/#website"},"primaryImageOfPage":{"@id":"https:\/\/gambling6.com\/fr\/loterie\/participez-au-loto-6-49-du-canada\/#primaryimage"},"image":{"@id":"https:\/\/gambling6.com\/fr\/loterie\/participez-au-loto-6-49-du-canada\/#primaryimage"},"thumbnailUrl":"https:\/\/gambling6.com\/wp-content\/uploads\/2013\/12\/get-online-649-lotto-tickets.png","datePublished":"2025-11-11T03:23:16+00:00","description":"Il est maintenant facile d'acheter des billets en ligne pour le Lotto 6\/49 au Canada.","breadcrumb":{"@id":"https:\/\/gambling6.com\/fr\/loterie\/participez-au-loto-6-49-du-canada\/#breadcrumb"},"inLanguage":"fr-FR","potentialAction":[{"@type":"ReadAction","target":["https:\/\/gambling6.com\/fr\/loterie\/participez-au-loto-6-49-du-canada\/"]}]},{"@type":"ImageObject","inLanguage":"fr-FR","@id":"https:\/\/gambling6.com\/fr\/loterie\/participez-au-loto-6-49-du-canada\/#primaryimage","url":"https:\/\/gambling6.com\/wp-content\/uploads\/2013\/12\/get-online-649-lotto-tickets.png","contentUrl":"https:\/\/gambling6.com\/wp-content\/uploads\/2013\/12\/get-online-649-lotto-tickets.png","width":300,"height":190},{"@type":"BreadcrumbList","@id":"https:\/\/gambling6.com\/fr\/loterie\/participez-au-loto-6-49-du-canada\/#breadcrumb","itemListElement":[{"@type":"ListItem","position":1,"name":"Home","item":"https:\/\/gambling6.com\/fr\/home\/"},{"@type":"ListItem","position":2,"name":"Loterie","item":"https:\/\/gambling6.com\/fr\/loterie\/"},{"@type":"ListItem","position":3,"name":"Participez au Loto 6\/49 du Canada"}]},{"@type":"WebSite","@id":"https:\/\/gambling6.com\/fr\/#website","url":"https:\/\/gambling6.com\/fr\/","name":"Gambling6","description":"","potentialAction":[{"@type":"SearchAction","target":{"@type":"EntryPoint","urlTemplate":"https:\/\/gambling6.com\/fr\/?s={search_term_string}"},"query-input":{"@type":"PropertyValueSpecification","valueRequired":true,"valueName":"search_term_string"}}],"inLanguage":"fr-FR"}]}},"_links":{"self":[{"href":"https:\/\/gambling6.com\/fr\/wp-json\/wp\/v2\/pages\/9476","targetHints":{"allow":["GET"]}}],"collection":[{"href":"https:\/\/gambling6.com\/fr\/wp-json\/wp\/v2\/pages"}],"about":[{"href":"https:\/\/gambling6.com\/fr\/wp-json\/wp\/v2\/types\/page"}],"author":[{"embeddable":true,"href":"https:\/\/gambling6.com\/fr\/wp-json\/wp\/v2\/users\/1"}],"replies":[{"embeddable":true,"href":"https:\/\/gambling6.com\/fr\/wp-json\/wp\/v2\/comments?post=9476"}],"version-history":[{"count":0,"href":"https:\/\/gambling6.com\/fr\/wp-json\/wp\/v2\/pages\/9476\/revisions"}],"up":[{"embeddable":true,"href":"https:\/\/gambling6.com\/fr\/wp-json\/wp\/v2\/pages\/9283"}],"wp:featuredmedia":[{"embeddable":true,"href":"https:\/\/gambling6.com\/fr\/wp-json\/wp\/v2\/media\/563"}],"wp:attachment":[{"href":"https:\/\/gambling6.com\/fr\/wp-json\/wp\/v2\/media?parent=9476"}],"curies":[{"name":"wp","href":"https:\/\/api.w.org\/{rel}","templated":true}]}}