{"id":9509,"date":"2025-11-11T04:08:31","date_gmt":"2025-11-11T04:08:31","guid":{"rendered":"https:\/\/gambling6.com\/loterie\/achetez-vos-billets-de-loterie-de-floride-en-ligne\/"},"modified":"2025-11-11T04:08:31","modified_gmt":"2025-11-11T04:08:31","slug":"achetez-vos-billets-de-loterie-de-floride-en-ligne","status":"publish","type":"page","link":"https:\/\/gambling6.com\/fr\/loterie\/achetez-vos-billets-de-loterie-de-floride-en-ligne\/","title":{"rendered":"Achetez vos billets de loterie de Floride en ligne"},"content":{"rendered":"<h2>Loto de Floride<\/h2>\n<p>Un \u00c9tat o\u00f9 le jeu est roi, une loterie \u00e0 ne pas manquer ! En Floride, jouer \u00e0 la loterie est un incontournable chaque mercredi et samedi. Avec des jackpots d\u00e9butant \u00e0 2 millions de dollars et d\u00e9passant souvent les 10 millions, voire plus, la Loterie de Floride est devenue extr\u00eamement populaire aupr\u00e8s des retrait\u00e9s qui y passent l&rsquo;hiver et des passionn\u00e9s de loterie en ligne. <strong>Acheter ses billets de Loto de Floride en ligne est plus simple que de se rendre en Floride.<\/strong><\/p>\n<p>Bien que les chances de gagner le jackpot soient de 1 sur 22\u00a0957\u00a0480, <strong>vous avez plus d&rsquo;une chance sur 67 de remporter l&rsquo;un des prix disponibles dans les quatre rangs<\/strong>. Comme il n&rsquo;y a que quatre niveaux de prix, les montants sont plus \u00e9lev\u00e9s que dans la plupart des autres loteries. Remporter le jackpot reste n\u00e9anmoins possible. Le jackpot record s&rsquo;\u00e9levait \u00e0 un peu plus de 106 millions de dollars\u00a0; c&rsquo;\u00e9tait l&rsquo;un des plus gros jackpots de l&rsquo;histoire am\u00e9ricaine \u00e0 l&rsquo;\u00e9poque.<\/p>\n<h2>Le Florida Lotto soutient l&rsquo;\u00e9ducation<\/h2>\n<p>Cr\u00e9\u00e9 en 1988 pour financer l&rsquo;\u00e9ducation en Floride, le Florida Lotto a permis de r\u00e9colter des fonds importants. Gr\u00e2ce \u00e0 la vente en ligne, les cagnottes ont rapidement augment\u00e9, comme en t\u00e9moigne le jackpot record de 106 millions de dollars atteint en 1990. Ce jackpot a \u00e9t\u00e9 remport\u00e9 par six personnes diff\u00e9rentes, chacune ayant trouv\u00e9 les bons num\u00e9ros.<\/p>\n<p>Pour jouer, il suffit de choisir six num\u00e9ros entre 1 et 53. Pour remporter le jackpot, il faut trouver les six bons num\u00e9ros. S&rsquo;il n&rsquo;est pas remport\u00e9, il est remis en jeu pour le tirage suivant. En achetant un billet en ligne, vous pouvez gagner des prix de quatre niveaux diff\u00e9rents et empocher le jackpot.<\/p>\n<p>Peut-\u00eatre avez-vous du mal \u00e0 supporter la chaleur de la Floride. N\u00e9anmoins, vous pouvez tout \u00e0 fait <a class=\"thirstylink\" title=\"TheLotter en\" href=\"https:\/\/gambling6.com\/go\/thelotter-en\/\" target=\"_blank\" rel=\"nofollow noopener\"><strong>profiter de la possibilit\u00e9 d&rsquo;acheter vos billets de loterie en ligne pour la Florida Lotto en visitant notre partenaire, TheLotter<\/strong>.<\/a><\/p>\n<p>&nbsp;<\/p>\n<table style=\"width: 500px;\" border=\"1\" cellspacing=\"5\" cellpadding=\"5\" align=\"center\">\n<tbody>\n<tr>\n<td colspan=\"3\" align=\"center\">Les plus gros jackpots de 2013<\/td>\n<\/tr>\n<tr>\n<td>Tirage<\/td>\n<td align=\"center\">Date<\/td>\n<td align=\"center\">Jackpot (USD)<\/td>\n<\/tr>\n<tr>\n<td>Loterie de Floride &#8211; \u00c9tats-Unis<\/td>\n<td align=\"center\">24 ao\u00fbt 2013<\/td>\n<td align=\"right\">58\u00a0000\u00a0000 $<\/td>\n<\/tr>\n<tr>\n<td>Loterie de Floride &#8211; \u00c9tats-Unis<\/td>\n<td align=\"center\">18 d\u00e9cembre 2013<\/td>\n<td align=\"right\">46\u00a0000\u00a0000\u00a0$<\/td>\n<\/tr>\n<\/tbody>\n<\/table>\n<table style=\"width: 500px;\" border=\"1\" cellspacing=\"5\" cellpadding=\"5\" align=\"center\">\n<tbody>\n<tr>\n<td colspan=\"3\" align=\"center\">Niveaux de prix du Loto de Floride &#8211; \u00c9tats-Unis<\/td>\n<\/tr>\n<tr>\n<td>Prix<\/td>\n<td align=\"center\">Nombre de matchs<\/td>\n<td align=\"center\">Probabilit\u00e9s<\/td>\n<\/tr>\n<tr>\n<td>1er prix (Jackpot)<\/td>\n<td align=\"center\">6<\/td>\n<td align=\"right\">22\u00a0957\u00a0480 : 1<\/td>\n<\/tr>\n<tr>\n<td>2e prix<\/td>\n<td align=\"center\">5<\/td>\n<td align=\"right\">81\u00a0410 : 1<\/td>\n<\/tr>\n<tr>\n<td>3e<\/td>\n<td align=\"center\">4<\/td>\n<td align=\"right\">1\u00a0416 : 1<\/td>\n<\/tr>\n<tr>\n<td>4e<\/td>\n<td align=\"center\">3<\/td>\n<td align=\"right\">71 : 1<\/td>\n<\/tr>\n<\/tbody>\n<\/table>\n","protected":false},"excerpt":{"rendered":"<p>Loto de Floride Un \u00c9tat o\u00f9 le jeu est roi, une loterie \u00e0 ne pas manquer ! En Floride, jouer \u00e0 la loterie est un incontournable chaque mercredi et samedi. Avec des jackpots d\u00e9butant \u00e0 2 millions de dollars et d\u00e9passant souvent les 10 millions, voire plus, la Loterie de Floride est devenue extr\u00eamement populaire [&hellip;]<\/p>\n","protected":false},"author":1,"featured_media":0,"parent":9283,"menu_order":11,"comment_status":"closed","ping_status":"closed","template":"","meta":{"footnotes":""},"class_list":["post-9509","page","type-page","status-publish","hentry"],"yoast_head":"<!-- This site is optimized with the Yoast SEO plugin v27.6 - https:\/\/yoast.com\/product\/yoast-seo-wordpress\/ -->\n<title>Achetez vos billets de loterie de Floride en ligne<\/title>\n<meta name=\"description\" content=\"Participez \u00e0 la loterie de Floride et \u00e9vitez la chaleur en achetant vos billets en ligne.\" \/>\n<meta name=\"robots\" content=\"index, follow, max-snippet:-1, max-image-preview:large, max-video-preview:-1\" \/>\n<link rel=\"canonical\" href=\"https:\/\/gambling6.com\/fr\/loterie\/achetez-vos-billets-de-loterie-de-floride-en-ligne\/\" \/>\n<meta property=\"og:locale\" content=\"fr_FR\" \/>\n<meta property=\"og:type\" content=\"article\" \/>\n<meta property=\"og:title\" content=\"Achetez vos billets de loterie de Floride en ligne\" \/>\n<meta property=\"og:description\" content=\"Participez \u00e0 la loterie de Floride et \u00e9vitez la chaleur en achetant vos billets en ligne.\" \/>\n<meta property=\"og:url\" content=\"https:\/\/gambling6.com\/fr\/loterie\/achetez-vos-billets-de-loterie-de-floride-en-ligne\/\" \/>\n<meta property=\"og:site_name\" content=\"Gambling6\" \/>\n<meta name=\"twitter:card\" content=\"summary_large_image\" \/>\n<meta name=\"twitter:label1\" content=\"Dur\u00e9e de lecture estim\u00e9e\" \/>\n\t<meta name=\"twitter:data1\" content=\"2 minutes\" \/>\n<script type=\"application\/ld+json\" class=\"yoast-schema-graph\">{\"@context\":\"https:\\\/\\\/schema.org\",\"@graph\":[{\"@type\":\"WebPage\",\"@id\":\"https:\\\/\\\/gambling6.com\\\/fr\\\/loterie\\\/achetez-vos-billets-de-loterie-de-floride-en-ligne\\\/\",\"url\":\"https:\\\/\\\/gambling6.com\\\/fr\\\/loterie\\\/achetez-vos-billets-de-loterie-de-floride-en-ligne\\\/\",\"name\":\"Achetez vos billets de loterie de Floride en ligne\",\"isPartOf\":{\"@id\":\"https:\\\/\\\/gambling6.com\\\/fr\\\/#website\"},\"datePublished\":\"2025-11-11T04:08:31+00:00\",\"description\":\"Participez \u00e0 la loterie de Floride et \u00e9vitez la chaleur en achetant vos billets en ligne.\",\"breadcrumb\":{\"@id\":\"https:\\\/\\\/gambling6.com\\\/fr\\\/loterie\\\/achetez-vos-billets-de-loterie-de-floride-en-ligne\\\/#breadcrumb\"},\"inLanguage\":\"fr-FR\",\"potentialAction\":[{\"@type\":\"ReadAction\",\"target\":[\"https:\\\/\\\/gambling6.com\\\/fr\\\/loterie\\\/achetez-vos-billets-de-loterie-de-floride-en-ligne\\\/\"]}]},{\"@type\":\"BreadcrumbList\",\"@id\":\"https:\\\/\\\/gambling6.com\\\/fr\\\/loterie\\\/achetez-vos-billets-de-loterie-de-floride-en-ligne\\\/#breadcrumb\",\"itemListElement\":[{\"@type\":\"ListItem\",\"position\":1,\"name\":\"Home\",\"item\":\"https:\\\/\\\/gambling6.com\\\/fr\\\/home\\\/\"},{\"@type\":\"ListItem\",\"position\":2,\"name\":\"Loterie\",\"item\":\"https:\\\/\\\/gambling6.com\\\/fr\\\/loterie\\\/\"},{\"@type\":\"ListItem\",\"position\":3,\"name\":\"Achetez vos billets de loterie de Floride en ligne\"}]},{\"@type\":\"WebSite\",\"@id\":\"https:\\\/\\\/gambling6.com\\\/fr\\\/#website\",\"url\":\"https:\\\/\\\/gambling6.com\\\/fr\\\/\",\"name\":\"Gambling6\",\"description\":\"\",\"potentialAction\":[{\"@type\":\"SearchAction\",\"target\":{\"@type\":\"EntryPoint\",\"urlTemplate\":\"https:\\\/\\\/gambling6.com\\\/fr\\\/?s={search_term_string}\"},\"query-input\":{\"@type\":\"PropertyValueSpecification\",\"valueRequired\":true,\"valueName\":\"search_term_string\"}}],\"inLanguage\":\"fr-FR\"}]}<\/script>\n<!-- \/ Yoast SEO plugin. -->","yoast_head_json":{"title":"Achetez vos billets de loterie de Floride en ligne","description":"Participez \u00e0 la loterie de Floride et \u00e9vitez la chaleur en achetant vos billets en ligne.","robots":{"index":"index","follow":"follow","max-snippet":"max-snippet:-1","max-image-preview":"max-image-preview:large","max-video-preview":"max-video-preview:-1"},"canonical":"https:\/\/gambling6.com\/fr\/loterie\/achetez-vos-billets-de-loterie-de-floride-en-ligne\/","og_locale":"fr_FR","og_type":"article","og_title":"Achetez vos billets de loterie de Floride en ligne","og_description":"Participez \u00e0 la loterie de Floride et \u00e9vitez la chaleur en achetant vos billets en ligne.","og_url":"https:\/\/gambling6.com\/fr\/loterie\/achetez-vos-billets-de-loterie-de-floride-en-ligne\/","og_site_name":"Gambling6","twitter_card":"summary_large_image","twitter_misc":{"Dur\u00e9e de lecture estim\u00e9e":"2 minutes"},"schema":{"@context":"https:\/\/schema.org","@graph":[{"@type":"WebPage","@id":"https:\/\/gambling6.com\/fr\/loterie\/achetez-vos-billets-de-loterie-de-floride-en-ligne\/","url":"https:\/\/gambling6.com\/fr\/loterie\/achetez-vos-billets-de-loterie-de-floride-en-ligne\/","name":"Achetez vos billets de loterie de Floride en ligne","isPartOf":{"@id":"https:\/\/gambling6.com\/fr\/#website"},"datePublished":"2025-11-11T04:08:31+00:00","description":"Participez \u00e0 la loterie de Floride et \u00e9vitez la chaleur en achetant vos billets en ligne.","breadcrumb":{"@id":"https:\/\/gambling6.com\/fr\/loterie\/achetez-vos-billets-de-loterie-de-floride-en-ligne\/#breadcrumb"},"inLanguage":"fr-FR","potentialAction":[{"@type":"ReadAction","target":["https:\/\/gambling6.com\/fr\/loterie\/achetez-vos-billets-de-loterie-de-floride-en-ligne\/"]}]},{"@type":"BreadcrumbList","@id":"https:\/\/gambling6.com\/fr\/loterie\/achetez-vos-billets-de-loterie-de-floride-en-ligne\/#breadcrumb","itemListElement":[{"@type":"ListItem","position":1,"name":"Home","item":"https:\/\/gambling6.com\/fr\/home\/"},{"@type":"ListItem","position":2,"name":"Loterie","item":"https:\/\/gambling6.com\/fr\/loterie\/"},{"@type":"ListItem","position":3,"name":"Achetez vos billets de loterie de Floride en ligne"}]},{"@type":"WebSite","@id":"https:\/\/gambling6.com\/fr\/#website","url":"https:\/\/gambling6.com\/fr\/","name":"Gambling6","description":"","potentialAction":[{"@type":"SearchAction","target":{"@type":"EntryPoint","urlTemplate":"https:\/\/gambling6.com\/fr\/?s={search_term_string}"},"query-input":{"@type":"PropertyValueSpecification","valueRequired":true,"valueName":"search_term_string"}}],"inLanguage":"fr-FR"}]}},"_links":{"self":[{"href":"https:\/\/gambling6.com\/fr\/wp-json\/wp\/v2\/pages\/9509","targetHints":{"allow":["GET"]}}],"collection":[{"href":"https:\/\/gambling6.com\/fr\/wp-json\/wp\/v2\/pages"}],"about":[{"href":"https:\/\/gambling6.com\/fr\/wp-json\/wp\/v2\/types\/page"}],"author":[{"embeddable":true,"href":"https:\/\/gambling6.com\/fr\/wp-json\/wp\/v2\/users\/1"}],"replies":[{"embeddable":true,"href":"https:\/\/gambling6.com\/fr\/wp-json\/wp\/v2\/comments?post=9509"}],"version-history":[{"count":0,"href":"https:\/\/gambling6.com\/fr\/wp-json\/wp\/v2\/pages\/9509\/revisions"}],"up":[{"embeddable":true,"href":"https:\/\/gambling6.com\/fr\/wp-json\/wp\/v2\/pages\/9283"}],"wp:attachment":[{"href":"https:\/\/gambling6.com\/fr\/wp-json\/wp\/v2\/media?parent=9509"}],"curies":[{"name":"wp","href":"https:\/\/api.w.org\/{rel}","templated":true}]}}