{"id":9512,"date":"2025-11-11T04:13:35","date_gmt":"2025-11-11T04:13:35","guid":{"rendered":"https:\/\/gambling6.com\/loterie\/achetez-vos-billets-en-ligne-pour-la-loterie-eurojackpot\/"},"modified":"2025-11-11T04:13:35","modified_gmt":"2025-11-11T04:13:35","slug":"achetez-vos-billets-en-ligne-pour-la-loterie-eurojackpot","status":"publish","type":"page","link":"https:\/\/gambling6.com\/fr\/loterie\/achetez-vos-billets-en-ligne-pour-la-loterie-eurojackpot\/","title":{"rendered":"Achetez vos billets en ligne pour la loterie Eurojackpot"},"content":{"rendered":"<h2>Loterie Eurojackpot<\/h2>\n<p>Vous pouvez acheter des billets d&rsquo;Eurojackpot en ligne et devenir millionnaire du jour au lendemain. Gr\u00e2ce \u00e0 Internet, il est d\u00e9sormais possible de jouer \u00e0 l&rsquo;Eurojackpot et \u00e0 de nombreuses autres loteries europ\u00e9ennes en ligne. Installez-vous confortablement chez vous et achetez vos billets en ligne. Plus besoin de courir au magasin du coin ou aux points de vente, achetez vos billets d&rsquo;Eurojackpot en ligne. src=\u00a0\u00bbhttps:\/\/gambling6.com\/wp-content\/uploads\/2013\/12\/play-euro-jackpot-online.jpg\u00a0\u00bb alt=\u00a0\u00bbAcheter des billets Eurojackpot en ligne\u00a0\u00bb width=\u00a0\u00bb240&Prime; height=\u00a0\u00bb218&Prime; \/&gt;<\/p>\n<p>Si vous souhaitez rejoindre les millions de personnes qui esp\u00e8rent d\u00e9crocher le jackpot, il vous suffit de choisir vos sept num\u00e9ros en ligne et d&rsquo;encaisser vos gains gr\u00e2ce \u00e0 l&rsquo;un des nombreux modes de paiement disponibles. Acheter des billets de loterie en ligne n&rsquo;a jamais \u00e9t\u00e9 aussi simple. Partout en Europe, vous pouvez acheter des billets en ligne pour plusieurs grandes loteries \u00e0 jackpot.<\/p>\n<h2>Acheter des billets Eurojackpot en ligne depuis n&rsquo;importe quel pays<\/h2>\n<p>Les fronti\u00e8res n&rsquo;existent pas lorsqu&rsquo;il s&rsquo;agit d&rsquo;acheter des billets en ligne. Que vous soyez \u00e0 Cuba ou en Chine, vous pouvez utiliser Internet pour acheter vos billets rapidement, facilement et en toute s\u00e9curit\u00e9 gr\u00e2ce \u00e0 notre partenaire RedFoxLotto. <a class=\"thirstylink\" title=\"RedFoxLotto en\" href=\"https:\/\/gambling6.com\/go\/redfoxlotto-en\/\" target=\"_blank\" rel=\"nofollow noopener\">Inscrivez-vous ici, connectez-vous \u00e0 votre compte<\/a>, choisissez vos num\u00e9ros, payez et attendez les r\u00e9sultats du tirage.<\/p>\n<p>RedFoxLotto n&rsquo;accepte pas les joueurs r\u00e9sidant aux \u00c9tats-Unis\u00a0; ces derniers peuvent se tourner vers TheLotter, une autre option pour les billets de loterie internationale. <a href=\"https:\/\/smarturl.it\/theBig_Play?tl_affid=8190&amp;tl_bannerid=6cc3afab\" target=\"_self\" rel=\"noopener\"><img loading=\"lazy\" decoding=\"async\" class=\"aligncenter\" title=\"\" src=\"\/\/www.thelotter-affiliates.com\/accounts\/default1\/banners\/6cc3afab.gif\" alt=\"\" width=\"468\" height=\"60\" \/><\/a><\/p>\n<h2>Gagnez des prix \u00e9normes avec vos billets Eurojackpot en ligne<\/h2>\n<table style=\"width: 500px;\" border=\"1\" cellspacing=\"5\" cellpadding=\"5\" align=\"center\">\n<tbody>\n<tr>\n<td colspan=\"3\" align=\"center\">Top 5 des jackpots de 2013<\/td>\n<\/tr>\n<tr>\n<td>Tirage<\/td>\n<td align=\"center\">Date<\/td>\n<td align=\"center\">Jackpot (USD)<\/td>\n<\/tr>\n<tr>\n<td>Jackpot Euro &#8211; Europe<\/td>\n<td align=\"center\">12 avril 2013<\/td>\n<td align=\"right\">63\u00a0128\u00a0694 $<\/td>\n<\/tr>\n<tr>\n<td>Jackpot Euro &#8211; Europe<\/td>\n<td align=\"center\">19 juillet 2013<\/td>\n<td align=\"right\">56\u00a0886\u00a0414\u00a0$<\/td>\n<\/tr>\n<tr>\n<td>Jackpot Euro &#8211; Europe<\/td>\n<td align=\"center\">25 janv. 2013<\/td>\n<td align=\"right\">40\u00a0470\u00a0680\u00a0$<\/td>\n<\/tr>\n<tr>\n<td>Jackpot Euro &#8211; Europe<\/td>\n<td align=\"center\">27 sept. 2013<\/td>\n<td align=\"right\">29\u00a0122\u00a0090\u00a0$<\/td>\n<\/tr>\n<tr>\n<td>Jackpot Euro &#8211; Europe<\/td>\n<td align=\"center\">7 d\u00e9c. 2013<\/td>\n<td align=\"right\">28\u00a0770\u00a0000\u00a0$<\/td>\n<\/tr>\n<\/tbody>\n<\/table>\n<h2>\u00a0Douze chances de gagner avec vos billets Eurojackpot en ligne<\/h2>\n<table style=\"width: 500px;\" border=\"1\" cellspacing=\"5\" cellpadding=\"5\" align=\"center\">\n<tbody>\n<tr>\n<td colspan=\"3\" align=\"center\">Niveaux de prix de l&rsquo;Eurojackpot<\/td>\n<\/tr>\n<tr>\n<td>Prix<\/td>\n<td align=\"center\">Matchs<\/td>\n<td align=\"center\">Probabilit\u00e9s<\/td>\n<\/tr>\n<tr>\n<td>1er prix (Jackpot)<\/td>\n<td align=\"center\">5 + 2<\/td>\n<td align=\"right\">59\u00a0325\u00a0280 : 1<\/td>\n<\/tr>\n<tr>\n<td>2e prix<\/td>\n<td align=\"center\">5 + 1<\/td>\n<td align=\"right\">4\u00a0943\u00a0773 : 1<\/td>\n<\/tr>\n<tr>\n<td>3e<\/td>\n<td align=\"center\">5<\/td>\n<td align=\"right\">3\u00a0955\u00a0019 : 1<\/td>\n<\/tr>\n<tr>\n<td>4e<\/td>\n<td align=\"center\">4 + 2<\/td>\n<td align=\"right\">263\u00a0668 : 1<\/td>\n<\/tr>\n<tr>\n<td>5e<\/td>\n<td align=\"center\">4 + 1<\/td>\n<td align=\"right\">21\u00a0972 : 1<\/td>\n<\/tr>\n<tr>\n<td>6e<\/td>\n<td align=\"center\">4<\/td>\n<td align=\"right\">17\u00a0578 : 1<\/td>\n<\/tr>\n<tr>\n<td>7e<\/td>\n<td align=\"center\">3 + 2<\/td>\n<td align=\"right\">5\u00a0992 : 1<\/td>\n<\/tr>\n<tr>\n<td>8e<\/td>\n<td align=\"center\">3 + 1<\/td>\n<td align=\"right\">499 : 1<\/td>\n<\/tr>\n<tr>\n<td>9e<\/td>\n<td align=\"center\">2 + 2<\/td>\n<td align=\"right\">418 : 1<\/td>\n<\/tr>\n<tr>\n<td>10e<\/td>\n<td align=\"center\">3<\/td>\n<td align=\"right\">399 : 1<\/td>\n<\/tr>\n<tr>\n<td>11e<\/td>\n<td align=\"center\">1 + 2<\/td>\n<td align=\"right\">80 : 1<\/td>\n<\/tr>\n<tr>\n<td>12e<\/td>\n<td align=\"center\">2 + 1<\/td>\n<td align=\"right\">35 : 1<\/td>\n<\/tr>\n<\/tbody>\n<\/table>\n<p style=\"text-align: center;\"><strong>Ne laissez pas passer votre chance de devenir millionnaire. Inscrivez-vous d\u00e8s aujourd&rsquo;hui pour acheter vos billets d&rsquo;Eurojackpot en ligne.<\/strong><\/p>\n","protected":false},"excerpt":{"rendered":"<p>Loterie Eurojackpot Vous pouvez acheter des billets d&rsquo;Eurojackpot en ligne et devenir millionnaire du jour au lendemain. Gr\u00e2ce \u00e0 Internet, il est d\u00e9sormais possible de jouer \u00e0 l&rsquo;Eurojackpot et \u00e0 de nombreuses autres loteries europ\u00e9ennes en ligne. Installez-vous confortablement chez vous et achetez vos billets en ligne. Plus besoin de courir au magasin du coin [&hellip;]<\/p>\n","protected":false},"author":1,"featured_media":553,"parent":9283,"menu_order":10,"comment_status":"closed","ping_status":"closed","template":"","meta":{"footnotes":""},"class_list":["post-9512","page","type-page","status-publish","has-post-thumbnail","hentry"],"yoast_head":"<!-- This site is optimized with the Yoast SEO plugin v27.4 - https:\/\/yoast.com\/product\/yoast-seo-wordpress\/ -->\n<title>Achetez vos billets pour l&#039;Eurojackpot en ligne<\/title>\n<meta name=\"description\" content=\"Des gains importants sont \u00e0 la cl\u00e9 en jouant \u00e0 l&#039;Eurojackpot lors de l&#039;achat de vos billets de loterie en ligne.\" \/>\n<meta name=\"robots\" content=\"index, follow, max-snippet:-1, max-image-preview:large, max-video-preview:-1\" \/>\n<link rel=\"canonical\" href=\"https:\/\/gambling6.com\/fr\/loterie\/achetez-vos-billets-en-ligne-pour-la-loterie-eurojackpot\/\" \/>\n<meta property=\"og:locale\" content=\"fr_FR\" \/>\n<meta property=\"og:type\" content=\"article\" \/>\n<meta property=\"og:title\" content=\"Achetez vos billets pour l&#039;Eurojackpot en ligne\" \/>\n<meta property=\"og:description\" content=\"Des gains importants sont \u00e0 la cl\u00e9 en jouant \u00e0 l&#039;Eurojackpot lors de l&#039;achat de vos billets de loterie en ligne.\" \/>\n<meta property=\"og:url\" content=\"https:\/\/gambling6.com\/fr\/loterie\/achetez-vos-billets-en-ligne-pour-la-loterie-eurojackpot\/\" \/>\n<meta property=\"og:site_name\" content=\"Gambling6\" \/>\n<meta property=\"og:image\" content=\"https:\/\/gambling6.com\/wp-content\/uploads\/2013\/12\/play-euro-jackpot-online.jpg\" \/>\n\t<meta property=\"og:image:width\" content=\"285\" \/>\n\t<meta property=\"og:image:height\" content=\"259\" \/>\n\t<meta property=\"og:image:type\" content=\"image\/jpeg\" \/>\n<meta name=\"twitter:card\" content=\"summary_large_image\" \/>\n<meta name=\"twitter:label1\" content=\"Dur\u00e9e de lecture estim\u00e9e\" \/>\n\t<meta name=\"twitter:data1\" content=\"2 minutes\" \/>\n<script type=\"application\/ld+json\" class=\"yoast-schema-graph\">{\"@context\":\"https:\\\/\\\/schema.org\",\"@graph\":[{\"@type\":\"WebPage\",\"@id\":\"https:\\\/\\\/gambling6.com\\\/fr\\\/loterie\\\/achetez-vos-billets-en-ligne-pour-la-loterie-eurojackpot\\\/\",\"url\":\"https:\\\/\\\/gambling6.com\\\/fr\\\/loterie\\\/achetez-vos-billets-en-ligne-pour-la-loterie-eurojackpot\\\/\",\"name\":\"Achetez vos billets pour l'Eurojackpot en ligne\",\"isPartOf\":{\"@id\":\"https:\\\/\\\/gambling6.com\\\/fr\\\/#website\"},\"primaryImageOfPage\":{\"@id\":\"https:\\\/\\\/gambling6.com\\\/fr\\\/loterie\\\/achetez-vos-billets-en-ligne-pour-la-loterie-eurojackpot\\\/#primaryimage\"},\"image\":{\"@id\":\"https:\\\/\\\/gambling6.com\\\/fr\\\/loterie\\\/achetez-vos-billets-en-ligne-pour-la-loterie-eurojackpot\\\/#primaryimage\"},\"thumbnailUrl\":\"https:\\\/\\\/gambling6.com\\\/wp-content\\\/uploads\\\/2013\\\/12\\\/play-euro-jackpot-online.jpg\",\"datePublished\":\"2025-11-11T04:13:35+00:00\",\"description\":\"Des gains importants sont \u00e0 la cl\u00e9 en jouant \u00e0 l'Eurojackpot lors de l'achat de vos billets de loterie en ligne.\",\"breadcrumb\":{\"@id\":\"https:\\\/\\\/gambling6.com\\\/fr\\\/loterie\\\/achetez-vos-billets-en-ligne-pour-la-loterie-eurojackpot\\\/#breadcrumb\"},\"inLanguage\":\"fr-FR\",\"potentialAction\":[{\"@type\":\"ReadAction\",\"target\":[\"https:\\\/\\\/gambling6.com\\\/fr\\\/loterie\\\/achetez-vos-billets-en-ligne-pour-la-loterie-eurojackpot\\\/\"]}]},{\"@type\":\"ImageObject\",\"inLanguage\":\"fr-FR\",\"@id\":\"https:\\\/\\\/gambling6.com\\\/fr\\\/loterie\\\/achetez-vos-billets-en-ligne-pour-la-loterie-eurojackpot\\\/#primaryimage\",\"url\":\"https:\\\/\\\/gambling6.com\\\/wp-content\\\/uploads\\\/2013\\\/12\\\/play-euro-jackpot-online.jpg\",\"contentUrl\":\"https:\\\/\\\/gambling6.com\\\/wp-content\\\/uploads\\\/2013\\\/12\\\/play-euro-jackpot-online.jpg\",\"width\":285,\"height\":259},{\"@type\":\"BreadcrumbList\",\"@id\":\"https:\\\/\\\/gambling6.com\\\/fr\\\/loterie\\\/achetez-vos-billets-en-ligne-pour-la-loterie-eurojackpot\\\/#breadcrumb\",\"itemListElement\":[{\"@type\":\"ListItem\",\"position\":1,\"name\":\"Home\",\"item\":\"https:\\\/\\\/gambling6.com\\\/fr\\\/home\\\/\"},{\"@type\":\"ListItem\",\"position\":2,\"name\":\"Loterie\",\"item\":\"https:\\\/\\\/gambling6.com\\\/fr\\\/loterie\\\/\"},{\"@type\":\"ListItem\",\"position\":3,\"name\":\"Achetez vos billets en ligne pour la loterie Eurojackpot\"}]},{\"@type\":\"WebSite\",\"@id\":\"https:\\\/\\\/gambling6.com\\\/fr\\\/#website\",\"url\":\"https:\\\/\\\/gambling6.com\\\/fr\\\/\",\"name\":\"Gambling6\",\"description\":\"\",\"potentialAction\":[{\"@type\":\"SearchAction\",\"target\":{\"@type\":\"EntryPoint\",\"urlTemplate\":\"https:\\\/\\\/gambling6.com\\\/fr\\\/?s={search_term_string}\"},\"query-input\":{\"@type\":\"PropertyValueSpecification\",\"valueRequired\":true,\"valueName\":\"search_term_string\"}}],\"inLanguage\":\"fr-FR\"}]}<\/script>\n<!-- \/ Yoast SEO plugin. -->","yoast_head_json":{"title":"Achetez vos billets pour l'Eurojackpot en ligne","description":"Des gains importants sont \u00e0 la cl\u00e9 en jouant \u00e0 l'Eurojackpot lors de l'achat de vos billets de loterie en ligne.","robots":{"index":"index","follow":"follow","max-snippet":"max-snippet:-1","max-image-preview":"max-image-preview:large","max-video-preview":"max-video-preview:-1"},"canonical":"https:\/\/gambling6.com\/fr\/loterie\/achetez-vos-billets-en-ligne-pour-la-loterie-eurojackpot\/","og_locale":"fr_FR","og_type":"article","og_title":"Achetez vos billets pour l'Eurojackpot en ligne","og_description":"Des gains importants sont \u00e0 la cl\u00e9 en jouant \u00e0 l'Eurojackpot lors de l'achat de vos billets de loterie en ligne.","og_url":"https:\/\/gambling6.com\/fr\/loterie\/achetez-vos-billets-en-ligne-pour-la-loterie-eurojackpot\/","og_site_name":"Gambling6","og_image":[{"width":285,"height":259,"url":"https:\/\/gambling6.com\/wp-content\/uploads\/2013\/12\/play-euro-jackpot-online.jpg","type":"image\/jpeg"}],"twitter_card":"summary_large_image","twitter_misc":{"Dur\u00e9e de lecture estim\u00e9e":"2 minutes"},"schema":{"@context":"https:\/\/schema.org","@graph":[{"@type":"WebPage","@id":"https:\/\/gambling6.com\/fr\/loterie\/achetez-vos-billets-en-ligne-pour-la-loterie-eurojackpot\/","url":"https:\/\/gambling6.com\/fr\/loterie\/achetez-vos-billets-en-ligne-pour-la-loterie-eurojackpot\/","name":"Achetez vos billets pour l'Eurojackpot en ligne","isPartOf":{"@id":"https:\/\/gambling6.com\/fr\/#website"},"primaryImageOfPage":{"@id":"https:\/\/gambling6.com\/fr\/loterie\/achetez-vos-billets-en-ligne-pour-la-loterie-eurojackpot\/#primaryimage"},"image":{"@id":"https:\/\/gambling6.com\/fr\/loterie\/achetez-vos-billets-en-ligne-pour-la-loterie-eurojackpot\/#primaryimage"},"thumbnailUrl":"https:\/\/gambling6.com\/wp-content\/uploads\/2013\/12\/play-euro-jackpot-online.jpg","datePublished":"2025-11-11T04:13:35+00:00","description":"Des gains importants sont \u00e0 la cl\u00e9 en jouant \u00e0 l'Eurojackpot lors de l'achat de vos billets de loterie en ligne.","breadcrumb":{"@id":"https:\/\/gambling6.com\/fr\/loterie\/achetez-vos-billets-en-ligne-pour-la-loterie-eurojackpot\/#breadcrumb"},"inLanguage":"fr-FR","potentialAction":[{"@type":"ReadAction","target":["https:\/\/gambling6.com\/fr\/loterie\/achetez-vos-billets-en-ligne-pour-la-loterie-eurojackpot\/"]}]},{"@type":"ImageObject","inLanguage":"fr-FR","@id":"https:\/\/gambling6.com\/fr\/loterie\/achetez-vos-billets-en-ligne-pour-la-loterie-eurojackpot\/#primaryimage","url":"https:\/\/gambling6.com\/wp-content\/uploads\/2013\/12\/play-euro-jackpot-online.jpg","contentUrl":"https:\/\/gambling6.com\/wp-content\/uploads\/2013\/12\/play-euro-jackpot-online.jpg","width":285,"height":259},{"@type":"BreadcrumbList","@id":"https:\/\/gambling6.com\/fr\/loterie\/achetez-vos-billets-en-ligne-pour-la-loterie-eurojackpot\/#breadcrumb","itemListElement":[{"@type":"ListItem","position":1,"name":"Home","item":"https:\/\/gambling6.com\/fr\/home\/"},{"@type":"ListItem","position":2,"name":"Loterie","item":"https:\/\/gambling6.com\/fr\/loterie\/"},{"@type":"ListItem","position":3,"name":"Achetez vos billets en ligne pour la loterie Eurojackpot"}]},{"@type":"WebSite","@id":"https:\/\/gambling6.com\/fr\/#website","url":"https:\/\/gambling6.com\/fr\/","name":"Gambling6","description":"","potentialAction":[{"@type":"SearchAction","target":{"@type":"EntryPoint","urlTemplate":"https:\/\/gambling6.com\/fr\/?s={search_term_string}"},"query-input":{"@type":"PropertyValueSpecification","valueRequired":true,"valueName":"search_term_string"}}],"inLanguage":"fr-FR"}]}},"_links":{"self":[{"href":"https:\/\/gambling6.com\/fr\/wp-json\/wp\/v2\/pages\/9512","targetHints":{"allow":["GET"]}}],"collection":[{"href":"https:\/\/gambling6.com\/fr\/wp-json\/wp\/v2\/pages"}],"about":[{"href":"https:\/\/gambling6.com\/fr\/wp-json\/wp\/v2\/types\/page"}],"author":[{"embeddable":true,"href":"https:\/\/gambling6.com\/fr\/wp-json\/wp\/v2\/users\/1"}],"replies":[{"embeddable":true,"href":"https:\/\/gambling6.com\/fr\/wp-json\/wp\/v2\/comments?post=9512"}],"version-history":[{"count":0,"href":"https:\/\/gambling6.com\/fr\/wp-json\/wp\/v2\/pages\/9512\/revisions"}],"up":[{"embeddable":true,"href":"https:\/\/gambling6.com\/fr\/wp-json\/wp\/v2\/pages\/9283"}],"wp:featuredmedia":[{"embeddable":true,"href":"https:\/\/gambling6.com\/fr\/wp-json\/wp\/v2\/media\/553"}],"wp:attachment":[{"href":"https:\/\/gambling6.com\/fr\/wp-json\/wp\/v2\/media?parent=9512"}],"curies":[{"name":"wp","href":"https:\/\/api.w.org\/{rel}","templated":true}]}}