{"id":9535,"date":"2025-11-11T04:20:10","date_gmt":"2025-11-11T04:20:10","guid":{"rendered":"https:\/\/gambling6.com\/loterie\/achetez-vos-billets-de-loterie-australienne-en-ligne\/"},"modified":"2025-11-11T04:20:10","modified_gmt":"2025-11-11T04:20:10","slug":"achetez-vos-billets-de-loterie-australienne-en-ligne","status":"publish","type":"page","link":"https:\/\/gambling6.com\/fr\/loterie\/achetez-vos-billets-de-loterie-australienne-en-ligne\/","title":{"rendered":"Achetez vos billets de loterie australienne en ligne"},"content":{"rendered":"<h2>La Loterie Australienne<\/h2>\n<p>Chaque semaine, les mardis et jeudis, deux loteries tr\u00e8s palpitantes ont lieu en Australie. Les billets pour le Powerball et l&rsquo;Oz Lotto sont disponibles \u00e0 l&rsquo;achat en ligne. Acheter des billets pour l&rsquo;Oz Lotto en ligne est un jeu d&rsquo;enfant. Les joueurs tentent leur chance pour remporter des jackpots r\u00e9guli\u00e8rement \u00e9lev\u00e9s, atteignant 50 millions de dollars et plus.<\/p>\n<p>Les chances de gagner ces deux jackpots sont plut\u00f4t favorables, compte tenu de leur montant, et gr\u00e2ce \u00e0 la possibilit\u00e9 d&rsquo;acheter des billets en ligne, elles augmentent rapidement. Ces jackpots ont gagn\u00e9 en popularit\u00e9 dans le monde entier ces derni\u00e8res ann\u00e9es. On en parle de plus en plus dans les m\u00e9dias.<\/p>\n<h2>Les billets pour l&rsquo;Oz Lotto en ligne sont s\u00fbrs et s\u00e9curis\u00e9s.<\/h2>\n<p>Vous pouvez choisir vos 7 num\u00e9ros en toute s\u00e9curit\u00e9 et attendre le tirage. Notre partenaire <a class=\"thirstylink\" title=\"Redfoxlotto\" href=\"https:\/\/gambling6.com\/go\/redfoxlotto\/\" target=\"_blank\" rel=\"nofollow noopener\">RedFoxLotto.com<\/a> vous simplifie la vie en vous permettant d&rsquo;acheter vos billets de loterie en ligne en toute s\u00e9r\u00e9nit\u00e9. Il ne vous reste plus qu&rsquo;\u00e0 patienter et \u00e0 attendre le gain.<\/p>\n<p>Les joueurs am\u00e9ricains <span style=\"box-sizing: border-box; margin: 0px; padding: 0px;\">qui souhaitent participer et acheter un billet en ligne pour le Powerball ou toute autre loterie australienne devraient opter pour notre deuxi\u00e8me recommandation\u00a0: <a href=\"https:\/\/gambling6.com\/go\/thelotter-en\/\" target=\"_blank\" rel=\"noopener\">TheLotter<\/a>. Cliquez ici pour visiter leur site web.<\/span><\/p>\n<h2>Gagnez des jackpots \u00e9normes avec les billets en ligne pour le Powerball Australie<\/h2>\n<p>TirageDateJackpot (USD)Powerball &#8211; Australie2 mai 201355\u00a0229\u00a0291 $<\/p>\n<table style=\"width: 500px;\" border=\"1\" cellspacing=\"5\" cellpadding=\"5\" align=\"center\">\n<tbody>\n<tr>\n<td colspan=\"3\" align=\"center\">Les cinq plus gros jackpots de 2013<\/td>\n<\/tr>\n<tr>\n<td>Powerball &#8211; Australie<\/td>\n<td align=\"center\">18 juillet 2013<\/td>\n<td align=\"right\">26\u00a0700\u00a0000\u00a0$<\/td>\n<\/tr>\n<tr>\n<td>Powerball &#8211; Australie<\/td>\n<td align=\"center\">19 sept. 2013<\/td>\n<td align=\"right\">26\u00a0700\u00a0000\u00a0$<\/td>\n<\/tr>\n<tr>\n<td>Powerball &#8211; Australie<\/td>\n<td align=\"center\">24 oct. 2013<\/td>\n<td align=\"right\">26\u00a0700\u00a0000\u00a0$<\/td>\n<\/tr>\n<tr>\n<td>Powerball &#8211; Australie<\/td>\n<td align=\"center\">3 janv. 2013<\/td>\n<td align=\"right\">22\u00a0250\u00a0000\u00a0$<\/td>\n<\/tr>\n<\/tbody>\n<\/table>\n<h2>\u00a0Huit cat\u00e9gories de prix pour un billet de Powerball australien en ligne acheteurs<\/h2>\n<table style=\"width: 500px;\" border=\"1\" cellspacing=\"5\" cellpadding=\"5\" align=\"center\">\n<tbody>\n<tr>\n<td colspan=\"3\" align=\"center\">Niveaux de prix du Powerball Loto Australie<\/td>\n<\/tr>\n<tr>\n<td>Prix<\/td>\n<td align=\"center\">Correspondances<\/td>\n<td align=\"center\">Probabilit\u00e9s<\/td>\n<\/tr>\n<tr>\n<td>1er prix (Jackpot)<\/td>\n<td align=\"center\">6 + 1<\/td>\n<td align=\"right\">76\u00a0767\u00a0600 : 1<\/td>\n<\/tr>\n<tr>\n<td>2e prix<\/td>\n<td align=\"center\">6<\/td>\n<td align=\"right\">4\u00a0040\u00a0400 : 1<\/td>\n<\/tr>\n<tr>\n<td>3e<\/td>\n<td align=\"center\">5 + 1<\/td>\n<td align=\"right\">376\u00a0312 : 1<\/td>\n<\/tr>\n<tr>\n<td>4e<\/td>\n<td align=\"center\">5<\/td>\n<td align=\"right\">19\u00a0806 : 1<\/td>\n<\/tr>\n<tr>\n<td>5e<\/td>\n<td align=\"center\">4 + 1<\/td>\n<td align=\"right\">9\u00a0123 : 1<\/td>\n<\/tr>\n<tr>\n<td>6e<\/td>\n<td align=\"center\">3 + 1<\/td>\n<td align=\"right\">641 : 1<\/td>\n<\/tr>\n<tr>\n<td>7e<\/td>\n<td align=\"center\">4<\/td>\n<td align=\"right\">480 : 1<\/td>\n<\/tr>\n<tr>\n<td>8e<\/td>\n<td align=\"center\">2 + 1<\/td>\n<td align=\"right\">110 : 1<\/td>\n<\/tr>\n<\/tbody>\n<\/table>\n<h2>\u00a0Les d\u00e9tenteurs de billets Oz Lotto en ligne peuvent empocher le gros lot\u00a0!<\/h2>\n<table style=\"width: 500px;\" border=\"1\" cellspacing=\"5\" cellpadding=\"5\" align=\"center\">\n<tbody>\n<tr>\n<td colspan=\"3\" align=\"center\">Les cinq plus gros jackpots de 2013<\/td>\n<\/tr>\n<tr>\n<td>Tirage<\/td>\n<td align=\"center\">Date<\/td>\n<td align=\"center\">Jackpot (USD)<\/td>\n<\/tr>\n<tr>\n<td>Oz Lotto &#8211; Australie<\/td>\n<td align=\"center\">17 d\u00e9c. 2013<\/td>\n<td align=\"right\">62\u00a0300\u00a0000 $<\/td>\n<\/tr>\n<tr>\n<td>Oz Lotto &#8211; Australie<\/td>\n<td align=\"center\">2 juil. 2013<\/td>\n<td align=\"right\">44\u00a0500\u00a0000\u00a0$<\/td>\n<\/tr>\n<tr>\n<td>Oz Lotto &#8211; Australie<\/td>\n<td align=\"center\">30 avril 2013<\/td>\n<td align=\"right\">26\u00a0700\u00a0000\u00a0$<\/td>\n<\/tr>\n<tr>\n<td>Oz Lotto &#8211; Australie<\/td>\n<td align=\"center\">29 janvier 2013<\/td>\n<td align=\"right\">20\u00a0296\u00a0484\u00a0$<\/td>\n<\/tr>\n<tr>\n<td>Oz Lotto &#8211; Australie<\/td>\n<td align=\"center\">3 septembre 2013<\/td>\n<td align=\"right\">19\u00a0790\u00a0620\u00a0$<\/td>\n<\/tr>\n<\/tbody>\n<\/table>\n<h2>\u00a0V\u00e9rifiez vos billets en ligne pour v\u00e9rifier si des correspondances sont disponibles<\/h2>\n<table style=\"width: 500px;\" border=\"1\" cellspacing=\"5\" cellpadding=\"5\" align=\"center\">\n<tbody>\n<tr>\n<td colspan=\"3\" align=\"center\">Oz Lotto &#8211; Niveaux de gains Australie<\/td>\n<\/tr>\n<tr>\n<td>Prix<\/td>\n<td align=\"center\">Nombre de matchs<\/td>\n<td align=\"center\">Probabilit\u00e9s<\/td>\n<\/tr>\n<tr>\n<td>1er prix (Jackpot)<\/td>\n<td align=\"center\">7<\/td>\n<td align=\"right\">45\u00a0379\u00a0620 : 1<\/td>\n<\/tr>\n<tr>\n<td>2e prix<\/td>\n<td align=\"center\">6 + 1<\/td>\n<td align=\"right\">3\u00a0241\u00a0401 : 1<\/td>\n<\/tr>\n<tr>\n<td>3e<\/td>\n<td align=\"center\">6<\/td>\n<td align=\"right\">180\u00a0078 : 1<\/td>\n<\/tr>\n<tr>\n<td>4e<\/td>\n<td align=\"center\">5 + 1<\/td>\n<td align=\"right\">29\u00a0602 : 1<\/td>\n<\/tr>\n<tr>\n<td>5e<\/td>\n<td align=\"center\">5<\/td>\n<td align=\"right\">3\u00a0430 : 1<\/td>\n<\/tr>\n<tr>\n<td>6e<\/td>\n<td align=\"center\">4<\/td>\n<td align=\"right\">154 : 1<\/td>\n<\/tr>\n<tr>\n<td>7e<\/td>\n<td align=\"center\">3 + 1<\/td>\n<td align=\"right\">55 : 1<\/td>\n<\/tr>\n<\/tbody>\n<\/table>\n","protected":false},"excerpt":{"rendered":"<p>La Loterie Australienne Chaque semaine, les mardis et jeudis, deux loteries tr\u00e8s palpitantes ont lieu en Australie. Les billets pour le Powerball et l&rsquo;Oz Lotto sont disponibles \u00e0 l&rsquo;achat en ligne. Acheter des billets pour l&rsquo;Oz Lotto en ligne est un jeu d&rsquo;enfant. Les joueurs tentent leur chance pour remporter des jackpots r\u00e9guli\u00e8rement \u00e9lev\u00e9s, atteignant [&hellip;]<\/p>\n","protected":false},"author":1,"featured_media":0,"parent":9283,"menu_order":9,"comment_status":"closed","ping_status":"closed","template":"","meta":{"footnotes":""},"class_list":["post-9535","page","type-page","status-publish","hentry"],"yoast_head":"<!-- This site is optimized with the Yoast SEO plugin v27.5 - https:\/\/yoast.com\/product\/yoast-seo-wordpress\/ -->\n<title>Achetez vos billets de loterie australienne en ligne<\/title>\n<meta name=\"description\" content=\"Acheter des billets de loterie australienne en ligne procure une excitation in\u00e9dite.\" \/>\n<meta name=\"robots\" content=\"index, follow, max-snippet:-1, max-image-preview:large, max-video-preview:-1\" \/>\n<link rel=\"canonical\" href=\"https:\/\/gambling6.com\/fr\/loterie\/achetez-vos-billets-de-loterie-australienne-en-ligne\/\" \/>\n<meta property=\"og:locale\" content=\"fr_FR\" \/>\n<meta property=\"og:type\" content=\"article\" \/>\n<meta property=\"og:title\" content=\"Achetez vos billets de loterie australienne en ligne\" \/>\n<meta property=\"og:description\" content=\"Acheter des billets de loterie australienne en ligne procure une excitation in\u00e9dite.\" \/>\n<meta property=\"og:url\" content=\"https:\/\/gambling6.com\/fr\/loterie\/achetez-vos-billets-de-loterie-australienne-en-ligne\/\" \/>\n<meta property=\"og:site_name\" content=\"Gambling6\" \/>\n<meta name=\"twitter:card\" content=\"summary_large_image\" \/>\n<meta name=\"twitter:label1\" content=\"Dur\u00e9e de lecture estim\u00e9e\" \/>\n\t<meta name=\"twitter:data1\" content=\"2 minutes\" \/>\n<script type=\"application\/ld+json\" class=\"yoast-schema-graph\">{\"@context\":\"https:\\\/\\\/schema.org\",\"@graph\":[{\"@type\":\"WebPage\",\"@id\":\"https:\\\/\\\/gambling6.com\\\/fr\\\/loterie\\\/achetez-vos-billets-de-loterie-australienne-en-ligne\\\/\",\"url\":\"https:\\\/\\\/gambling6.com\\\/fr\\\/loterie\\\/achetez-vos-billets-de-loterie-australienne-en-ligne\\\/\",\"name\":\"Achetez vos billets de loterie australienne en ligne\",\"isPartOf\":{\"@id\":\"https:\\\/\\\/gambling6.com\\\/fr\\\/#website\"},\"datePublished\":\"2025-11-11T04:20:10+00:00\",\"description\":\"Acheter des billets de loterie australienne en ligne procure une excitation in\u00e9dite.\",\"breadcrumb\":{\"@id\":\"https:\\\/\\\/gambling6.com\\\/fr\\\/loterie\\\/achetez-vos-billets-de-loterie-australienne-en-ligne\\\/#breadcrumb\"},\"inLanguage\":\"fr-FR\",\"potentialAction\":[{\"@type\":\"ReadAction\",\"target\":[\"https:\\\/\\\/gambling6.com\\\/fr\\\/loterie\\\/achetez-vos-billets-de-loterie-australienne-en-ligne\\\/\"]}]},{\"@type\":\"BreadcrumbList\",\"@id\":\"https:\\\/\\\/gambling6.com\\\/fr\\\/loterie\\\/achetez-vos-billets-de-loterie-australienne-en-ligne\\\/#breadcrumb\",\"itemListElement\":[{\"@type\":\"ListItem\",\"position\":1,\"name\":\"Home\",\"item\":\"https:\\\/\\\/gambling6.com\\\/fr\\\/home\\\/\"},{\"@type\":\"ListItem\",\"position\":2,\"name\":\"Loterie\",\"item\":\"https:\\\/\\\/gambling6.com\\\/fr\\\/loterie\\\/\"},{\"@type\":\"ListItem\",\"position\":3,\"name\":\"Achetez vos billets de loterie australienne en ligne\"}]},{\"@type\":\"WebSite\",\"@id\":\"https:\\\/\\\/gambling6.com\\\/fr\\\/#website\",\"url\":\"https:\\\/\\\/gambling6.com\\\/fr\\\/\",\"name\":\"Gambling6\",\"description\":\"\",\"potentialAction\":[{\"@type\":\"SearchAction\",\"target\":{\"@type\":\"EntryPoint\",\"urlTemplate\":\"https:\\\/\\\/gambling6.com\\\/fr\\\/?s={search_term_string}\"},\"query-input\":{\"@type\":\"PropertyValueSpecification\",\"valueRequired\":true,\"valueName\":\"search_term_string\"}}],\"inLanguage\":\"fr-FR\"}]}<\/script>\n<!-- \/ Yoast SEO plugin. -->","yoast_head_json":{"title":"Achetez vos billets de loterie australienne en ligne","description":"Acheter des billets de loterie australienne en ligne procure une excitation in\u00e9dite.","robots":{"index":"index","follow":"follow","max-snippet":"max-snippet:-1","max-image-preview":"max-image-preview:large","max-video-preview":"max-video-preview:-1"},"canonical":"https:\/\/gambling6.com\/fr\/loterie\/achetez-vos-billets-de-loterie-australienne-en-ligne\/","og_locale":"fr_FR","og_type":"article","og_title":"Achetez vos billets de loterie australienne en ligne","og_description":"Acheter des billets de loterie australienne en ligne procure une excitation in\u00e9dite.","og_url":"https:\/\/gambling6.com\/fr\/loterie\/achetez-vos-billets-de-loterie-australienne-en-ligne\/","og_site_name":"Gambling6","twitter_card":"summary_large_image","twitter_misc":{"Dur\u00e9e de lecture estim\u00e9e":"2 minutes"},"schema":{"@context":"https:\/\/schema.org","@graph":[{"@type":"WebPage","@id":"https:\/\/gambling6.com\/fr\/loterie\/achetez-vos-billets-de-loterie-australienne-en-ligne\/","url":"https:\/\/gambling6.com\/fr\/loterie\/achetez-vos-billets-de-loterie-australienne-en-ligne\/","name":"Achetez vos billets de loterie australienne en ligne","isPartOf":{"@id":"https:\/\/gambling6.com\/fr\/#website"},"datePublished":"2025-11-11T04:20:10+00:00","description":"Acheter des billets de loterie australienne en ligne procure une excitation in\u00e9dite.","breadcrumb":{"@id":"https:\/\/gambling6.com\/fr\/loterie\/achetez-vos-billets-de-loterie-australienne-en-ligne\/#breadcrumb"},"inLanguage":"fr-FR","potentialAction":[{"@type":"ReadAction","target":["https:\/\/gambling6.com\/fr\/loterie\/achetez-vos-billets-de-loterie-australienne-en-ligne\/"]}]},{"@type":"BreadcrumbList","@id":"https:\/\/gambling6.com\/fr\/loterie\/achetez-vos-billets-de-loterie-australienne-en-ligne\/#breadcrumb","itemListElement":[{"@type":"ListItem","position":1,"name":"Home","item":"https:\/\/gambling6.com\/fr\/home\/"},{"@type":"ListItem","position":2,"name":"Loterie","item":"https:\/\/gambling6.com\/fr\/loterie\/"},{"@type":"ListItem","position":3,"name":"Achetez vos billets de loterie australienne en ligne"}]},{"@type":"WebSite","@id":"https:\/\/gambling6.com\/fr\/#website","url":"https:\/\/gambling6.com\/fr\/","name":"Gambling6","description":"","potentialAction":[{"@type":"SearchAction","target":{"@type":"EntryPoint","urlTemplate":"https:\/\/gambling6.com\/fr\/?s={search_term_string}"},"query-input":{"@type":"PropertyValueSpecification","valueRequired":true,"valueName":"search_term_string"}}],"inLanguage":"fr-FR"}]}},"_links":{"self":[{"href":"https:\/\/gambling6.com\/fr\/wp-json\/wp\/v2\/pages\/9535","targetHints":{"allow":["GET"]}}],"collection":[{"href":"https:\/\/gambling6.com\/fr\/wp-json\/wp\/v2\/pages"}],"about":[{"href":"https:\/\/gambling6.com\/fr\/wp-json\/wp\/v2\/types\/page"}],"author":[{"embeddable":true,"href":"https:\/\/gambling6.com\/fr\/wp-json\/wp\/v2\/users\/1"}],"replies":[{"embeddable":true,"href":"https:\/\/gambling6.com\/fr\/wp-json\/wp\/v2\/comments?post=9535"}],"version-history":[{"count":0,"href":"https:\/\/gambling6.com\/fr\/wp-json\/wp\/v2\/pages\/9535\/revisions"}],"up":[{"embeddable":true,"href":"https:\/\/gambling6.com\/fr\/wp-json\/wp\/v2\/pages\/9283"}],"wp:attachment":[{"href":"https:\/\/gambling6.com\/fr\/wp-json\/wp\/v2\/media?parent=9535"}],"curies":[{"name":"wp","href":"https:\/\/api.w.org\/{rel}","templated":true}]}}