{"id":9539,"date":"2025-11-11T04:28:53","date_gmt":"2025-11-11T04:28:53","guid":{"rendered":"https:\/\/gambling6.com\/loterie\/achetez-vos-billets-de-loterie-australienne-en-ligne-2\/"},"modified":"2025-11-11T04:28:53","modified_gmt":"2025-11-11T04:28:53","slug":"achetez-vos-billets-de-loterie-australienne-en-ligne-2","status":"publish","type":"page","link":"https:\/\/gambling6.com\/fr\/loterie\/achetez-vos-billets-de-loterie-australienne-en-ligne-2\/","title":{"rendered":"Achetez vos billets de loterie australienne en ligne"},"content":{"rendered":"<h2>Loterie Mega Sena<\/h2>\n<p>Avec un jackpot minimum garanti de 1,1 million de dollars, la loterie Mega Sena au Br\u00e9sil attire un public immense deux fois par semaine. Gr\u00e2ce \u00e0 la possibilit\u00e9 d&rsquo;acheter des billets en ligne, les jackpots atteignent souvent des sommes bien plus importantes. Dans un pays mondialement connu pour ses plages paradisiaques et son ambiance festive, la loterie nationale br\u00e9silienne Mega Sena ajoute \u00e0 l&rsquo;excitation avec des jackpots pouvant atteindre 35 millions de dollars.<\/p>\n<p><strong>Comme si 35 millions de dollars ne suffisaient pas, un tirage sp\u00e9cial a lieu le soir du Nouvel An avec un jackpot garanti de 200 millions de dollars.<\/strong><\/p>\n<p>La loterie Mega Sena, organis\u00e9e deux fois par semaine au Br\u00e9sil, est la plus importante d&rsquo;Am\u00e9rique du Sud et est accessible en ligne. Les Br\u00e9siliens, ainsi que de nombreux joueurs en ligne, se ruent sur les billets deux fois par semaine pour cette loterie facile d&rsquo;acc\u00e8s. Jouez \u00e0 la loterie Mega-Sena en ligne.<\/p>\n<p>Pour participer, il vous suffit de choisir six num\u00e9ros entre 1 et 60 et d&rsquo;attendre le tirage. Pour remporter le jackpot, il vous suffit de trouver les six bons num\u00e9ros. Ensuite, en tant que joueur en ligne, vous pourrez vous envoler pour le Br\u00e9sil, r\u00e9cup\u00e9rer votre gain et profiter de la plage avec vos nouveaux amis.<\/p>\n<p>Vos chances de gagner \u00e0 Mega-Sena avec vos billets en ligne sont d&rsquo;environ 1 sur 50\u00a0000\u00a0000. Acheter des billets Mega-Sena en ligne vous permet \u00e9galement de remporter des prix de deuxi\u00e8me ou troisi\u00e8me rang, souvent tr\u00e8s importants. <a class=\"thirstylink\" title=\"Redfoxlotto\" href=\"https:\/\/gambling6.com\/go\/redfoxlotto\/\" target=\"_blank\" rel=\"nofollow noopener\">Cliquez ici pour visiter notre partenaire RedFoxlotto et acheter vos billets pour la loterie Mega Sena en ligne.<\/a><\/p>\n<table style=\"width: 500px;\" border=\"1\" cellspacing=\"5\" cellpadding=\"5\" align=\"center\">\n<tbody>\n<tr>\n<td colspan=\"3\" align=\"center\">Cinq jackpots majeurs de 2013<\/td>\n<\/tr>\n<tr>\n<td>Tirage<\/td>\n<td align=\"center\">Date<\/td>\n<td align=\"center\">Jackpot (USD)<\/td>\n<\/tr>\n<tr>\n<td>Mega-Sena &#8211; Am\u00e9rique latine<\/td>\n<td align=\"center\">6 novembre 2013<\/td>\n<td align=\"right\">34\u00a0615\u00a0000 $<\/td>\n<\/tr>\n<tr>\n<td>Mega-Sena &#8211; Am\u00e9rique latine<\/td>\n<td align=\"center\">1er juin 2013<\/td>\n<td align=\"right\">18\u00a0505\u00a0745\u00a0$<\/td>\n<\/tr>\n<tr>\n<td>Mega-Sena &#8211; Am\u00e9rique latine<\/td>\n<td align=\"center\">3 juil. 2013<\/td>\n<td align=\"right\">18\u00a0205\u00a0319\u00a0$<\/td>\n<\/tr>\n<tr>\n<td>Mega-Sena &#8211; Am\u00e9rique latine<\/td>\n<td align=\"center\">31 ao\u00fbt 2013<\/td>\n<td align=\"right\">13\u00a0760\u00a0000\u00a0$<\/td>\n<\/tr>\n<tr>\n<td>Mega-Sena &#8211; Am\u00e9rique latine<\/td>\n<td align=\"center\">14 ao\u00fbt 2013<\/td>\n<td align=\"right\">10\u00a0884\u00a0923\u00a0$<\/td>\n<\/tr>\n<\/tbody>\n<\/table>\n<table style=\"width: 500px;\" border=\"1\" cellspacing=\"5\" cellpadding=\"5\" align=\"center\">\n<tbody>\n<tr>\n<td colspan=\"3\" align=\"center\">Loterie Mega-Sena &#8211; Br\u00e9sil &#8211; Niveaux de prix<\/td>\n<\/tr>\n<tr>\n<td>Prix<\/td>\n<td align=\"center\">Matchs<\/td>\n<td align=\"center\">Probabilit\u00e9s<\/td>\n<\/tr>\n<tr>\n<td>1er prix (Jackpot)<\/td>\n<td align=\"center\">6<\/td>\n<td align=\"right\">50\u00a0063\u00a0856 : 1<\/td>\n<\/tr>\n<tr>\n<td>2e prix<\/td>\n<td align=\"center\">5<\/td>\n<td align=\"right\">154\u00a0518 : 1<\/td>\n<\/tr>\n<tr>\n<td>3e<\/td>\n<td align=\"center\">4<\/td>\n<td align=\"right\">2\u00a0332 : 1<\/td>\n<\/tr>\n<\/tbody>\n<\/table>\n","protected":false},"excerpt":{"rendered":"<p>Loterie Mega Sena Avec un jackpot minimum garanti de 1,1 million de dollars, la loterie Mega Sena au Br\u00e9sil attire un public immense deux fois par semaine. Gr\u00e2ce \u00e0 la possibilit\u00e9 d&rsquo;acheter des billets en ligne, les jackpots atteignent souvent des sommes bien plus importantes. Dans un pays mondialement connu pour ses plages paradisiaques et [&hellip;]<\/p>\n","protected":false},"author":1,"featured_media":0,"parent":9283,"menu_order":8,"comment_status":"closed","ping_status":"closed","template":"","meta":{"footnotes":""},"class_list":["post-9539","page","type-page","status-publish","hentry"],"yoast_head":"<!-- This site is optimized with the Yoast SEO plugin v27.4 - https:\/\/yoast.com\/product\/yoast-seo-wordpress\/ -->\n<title>Achetez vos billets en ligne pour la loterie Mega Sena<\/title>\n<meta name=\"description\" content=\"D\u00e9couvrez comment obtenir des billets en ligne pour la loterie Mega-Sena du Br\u00e9sil.\" \/>\n<meta name=\"robots\" content=\"index, follow, max-snippet:-1, max-image-preview:large, max-video-preview:-1\" \/>\n<link rel=\"canonical\" href=\"https:\/\/gambling6.com\/fr\/loterie\/achetez-vos-billets-de-loterie-australienne-en-ligne-2\/\" \/>\n<meta property=\"og:locale\" content=\"fr_FR\" \/>\n<meta property=\"og:type\" content=\"article\" \/>\n<meta property=\"og:title\" content=\"Achetez vos billets en ligne pour la loterie Mega Sena\" \/>\n<meta property=\"og:description\" content=\"D\u00e9couvrez comment obtenir des billets en ligne pour la loterie Mega-Sena du Br\u00e9sil.\" \/>\n<meta property=\"og:url\" content=\"https:\/\/gambling6.com\/fr\/loterie\/achetez-vos-billets-de-loterie-australienne-en-ligne-2\/\" \/>\n<meta property=\"og:site_name\" content=\"Gambling6\" \/>\n<meta name=\"twitter:card\" content=\"summary_large_image\" \/>\n<meta name=\"twitter:label1\" content=\"Dur\u00e9e de lecture estim\u00e9e\" \/>\n\t<meta name=\"twitter:data1\" content=\"2 minutes\" \/>\n<script type=\"application\/ld+json\" class=\"yoast-schema-graph\">{\"@context\":\"https:\\\/\\\/schema.org\",\"@graph\":[{\"@type\":\"WebPage\",\"@id\":\"https:\\\/\\\/gambling6.com\\\/fr\\\/loterie\\\/achetez-vos-billets-de-loterie-australienne-en-ligne-2\\\/\",\"url\":\"https:\\\/\\\/gambling6.com\\\/fr\\\/loterie\\\/achetez-vos-billets-de-loterie-australienne-en-ligne-2\\\/\",\"name\":\"Achetez vos billets en ligne pour la loterie Mega Sena\",\"isPartOf\":{\"@id\":\"https:\\\/\\\/gambling6.com\\\/fr\\\/#website\"},\"datePublished\":\"2025-11-11T04:28:53+00:00\",\"description\":\"D\u00e9couvrez comment obtenir des billets en ligne pour la loterie Mega-Sena du Br\u00e9sil.\",\"breadcrumb\":{\"@id\":\"https:\\\/\\\/gambling6.com\\\/fr\\\/loterie\\\/achetez-vos-billets-de-loterie-australienne-en-ligne-2\\\/#breadcrumb\"},\"inLanguage\":\"fr-FR\",\"potentialAction\":[{\"@type\":\"ReadAction\",\"target\":[\"https:\\\/\\\/gambling6.com\\\/fr\\\/loterie\\\/achetez-vos-billets-de-loterie-australienne-en-ligne-2\\\/\"]}]},{\"@type\":\"BreadcrumbList\",\"@id\":\"https:\\\/\\\/gambling6.com\\\/fr\\\/loterie\\\/achetez-vos-billets-de-loterie-australienne-en-ligne-2\\\/#breadcrumb\",\"itemListElement\":[{\"@type\":\"ListItem\",\"position\":1,\"name\":\"Home\",\"item\":\"https:\\\/\\\/gambling6.com\\\/fr\\\/home\\\/\"},{\"@type\":\"ListItem\",\"position\":2,\"name\":\"Loterie\",\"item\":\"https:\\\/\\\/gambling6.com\\\/fr\\\/loterie\\\/\"},{\"@type\":\"ListItem\",\"position\":3,\"name\":\"Achetez vos billets de loterie australienne en ligne\"}]},{\"@type\":\"WebSite\",\"@id\":\"https:\\\/\\\/gambling6.com\\\/fr\\\/#website\",\"url\":\"https:\\\/\\\/gambling6.com\\\/fr\\\/\",\"name\":\"Gambling6\",\"description\":\"\",\"potentialAction\":[{\"@type\":\"SearchAction\",\"target\":{\"@type\":\"EntryPoint\",\"urlTemplate\":\"https:\\\/\\\/gambling6.com\\\/fr\\\/?s={search_term_string}\"},\"query-input\":{\"@type\":\"PropertyValueSpecification\",\"valueRequired\":true,\"valueName\":\"search_term_string\"}}],\"inLanguage\":\"fr-FR\"}]}<\/script>\n<!-- \/ Yoast SEO plugin. -->","yoast_head_json":{"title":"Achetez vos billets en ligne pour la loterie Mega Sena","description":"D\u00e9couvrez comment obtenir des billets en ligne pour la loterie Mega-Sena du Br\u00e9sil.","robots":{"index":"index","follow":"follow","max-snippet":"max-snippet:-1","max-image-preview":"max-image-preview:large","max-video-preview":"max-video-preview:-1"},"canonical":"https:\/\/gambling6.com\/fr\/loterie\/achetez-vos-billets-de-loterie-australienne-en-ligne-2\/","og_locale":"fr_FR","og_type":"article","og_title":"Achetez vos billets en ligne pour la loterie Mega Sena","og_description":"D\u00e9couvrez comment obtenir des billets en ligne pour la loterie Mega-Sena du Br\u00e9sil.","og_url":"https:\/\/gambling6.com\/fr\/loterie\/achetez-vos-billets-de-loterie-australienne-en-ligne-2\/","og_site_name":"Gambling6","twitter_card":"summary_large_image","twitter_misc":{"Dur\u00e9e de lecture estim\u00e9e":"2 minutes"},"schema":{"@context":"https:\/\/schema.org","@graph":[{"@type":"WebPage","@id":"https:\/\/gambling6.com\/fr\/loterie\/achetez-vos-billets-de-loterie-australienne-en-ligne-2\/","url":"https:\/\/gambling6.com\/fr\/loterie\/achetez-vos-billets-de-loterie-australienne-en-ligne-2\/","name":"Achetez vos billets en ligne pour la loterie Mega Sena","isPartOf":{"@id":"https:\/\/gambling6.com\/fr\/#website"},"datePublished":"2025-11-11T04:28:53+00:00","description":"D\u00e9couvrez comment obtenir des billets en ligne pour la loterie Mega-Sena du Br\u00e9sil.","breadcrumb":{"@id":"https:\/\/gambling6.com\/fr\/loterie\/achetez-vos-billets-de-loterie-australienne-en-ligne-2\/#breadcrumb"},"inLanguage":"fr-FR","potentialAction":[{"@type":"ReadAction","target":["https:\/\/gambling6.com\/fr\/loterie\/achetez-vos-billets-de-loterie-australienne-en-ligne-2\/"]}]},{"@type":"BreadcrumbList","@id":"https:\/\/gambling6.com\/fr\/loterie\/achetez-vos-billets-de-loterie-australienne-en-ligne-2\/#breadcrumb","itemListElement":[{"@type":"ListItem","position":1,"name":"Home","item":"https:\/\/gambling6.com\/fr\/home\/"},{"@type":"ListItem","position":2,"name":"Loterie","item":"https:\/\/gambling6.com\/fr\/loterie\/"},{"@type":"ListItem","position":3,"name":"Achetez vos billets de loterie australienne en ligne"}]},{"@type":"WebSite","@id":"https:\/\/gambling6.com\/fr\/#website","url":"https:\/\/gambling6.com\/fr\/","name":"Gambling6","description":"","potentialAction":[{"@type":"SearchAction","target":{"@type":"EntryPoint","urlTemplate":"https:\/\/gambling6.com\/fr\/?s={search_term_string}"},"query-input":{"@type":"PropertyValueSpecification","valueRequired":true,"valueName":"search_term_string"}}],"inLanguage":"fr-FR"}]}},"_links":{"self":[{"href":"https:\/\/gambling6.com\/fr\/wp-json\/wp\/v2\/pages\/9539","targetHints":{"allow":["GET"]}}],"collection":[{"href":"https:\/\/gambling6.com\/fr\/wp-json\/wp\/v2\/pages"}],"about":[{"href":"https:\/\/gambling6.com\/fr\/wp-json\/wp\/v2\/types\/page"}],"author":[{"embeddable":true,"href":"https:\/\/gambling6.com\/fr\/wp-json\/wp\/v2\/users\/1"}],"replies":[{"embeddable":true,"href":"https:\/\/gambling6.com\/fr\/wp-json\/wp\/v2\/comments?post=9539"}],"version-history":[{"count":0,"href":"https:\/\/gambling6.com\/fr\/wp-json\/wp\/v2\/pages\/9539\/revisions"}],"up":[{"embeddable":true,"href":"https:\/\/gambling6.com\/fr\/wp-json\/wp\/v2\/pages\/9283"}],"wp:attachment":[{"href":"https:\/\/gambling6.com\/fr\/wp-json\/wp\/v2\/media?parent=9539"}],"curies":[{"name":"wp","href":"https:\/\/api.w.org\/{rel}","templated":true}]}}