{"id":9543,"date":"2025-11-11T04:37:28","date_gmt":"2025-11-11T04:37:28","guid":{"rendered":"https:\/\/gambling6.com\/loterie\/achetez-vos-billets-en-ligne-pour-le-superenalotto\/"},"modified":"2025-11-12T19:09:36","modified_gmt":"2025-11-12T19:09:36","slug":"achetez-vos-billets-en-ligne-pour-le-superenalotto","status":"publish","type":"page","link":"https:\/\/gambling6.com\/fr\/loterie\/achetez-vos-billets-en-ligne-pour-le-superenalotto\/","title":{"rendered":"Achetez vos billets en ligne pour le Superenalotto"},"content":{"rendered":"<h2>Superenalotto<\/h2>\n<p>Les Italiens sont de v\u00e9ritables mordus de loterie, et particuli\u00e8rement du Superenalotto. Chaque semaine, les ventes de billets pour cette loterie atteignent des sommets, avec des chances de gagner inf\u00e9rieures \u00e0 1 sur 600 millions. <strong>Acheter des billets de Superenalotto en ligne vous offre les plus mauvaises chances de gagner de toutes les loteries du monde.<\/strong> Pourtant, cela semble \u00eatre le principal attrait pour les joueurs europ\u00e9ens et internationaux.<\/p>\n<h2><img loading=\"lazy\" decoding=\"async\" class=\"size-full wp-image-1575 alignright\" src=\"https:\/\/gambling6.com\/wp-content\/uploads\/2022\/04\/2_ticket_superenalotto.jpg\" alt=\"ticket de SuperEnalotto\" width=\"228\" height=\"300\" \/>Report du jackpot du SuperEnalotto<\/h2>\n<p>Compte tenu des faibles probabilit\u00e9s de gagner au SuperEnalotto italien, le jackpot est fr\u00e9quemment report\u00e9. Choisir six num\u00e9ros entre 1 et 90 vous donne une chance de remporter le jackpot en trouvant les six bons num\u00e9ros. Trouver cinq num\u00e9ros et le num\u00e9ro compl\u00e9mentaire vous permet de remporter le gain de deuxi\u00e8me rang. Le num\u00e9ro compl\u00e9mentaire est tir\u00e9 s\u00e9par\u00e9ment et est appel\u00e9 la \u00ab\u00a0boule jolly\u00a0\u00bb. <strong>Les joueurs en ligne se pr\u00e9cipitent pour acheter des tickets afin de tenter de d\u00e9crocher des jackpots records pouvant atteindre 500 millions d&rsquo;euros.<\/strong><\/p>\n<p>Le SuperEnalotto italien propose trois tirages par semaine. Le jackpot commence \u00e0 2 millions d&rsquo;euros, et il n&rsquo;est pas surprenant que le jeu suscite un tel engouement. Les joueurs locaux comme les joueurs en ligne convoitent cette loterie internationale, r\u00e9put\u00e9e pour ses excellentes chances de gain.<\/p>\n<p>Lanc\u00e9 en 1997 en Italie, le Superenalotto a rapidement conquis les joueurs europ\u00e9ens, et les jackpots n&rsquo;ont cess\u00e9 de cro\u00eetre. Le record du jackpot, 223 millions d&rsquo;euros, a \u00e9t\u00e9 remport\u00e9 par un seul joueur en 2010. Avec l&rsquo;augmentation du nombre de billets achet\u00e9s en ligne pour le Superenalotto, le jackpot a le potentiel d&rsquo;atteindre des montants encore plus importants, puisqu&rsquo;il n&rsquo;y a pas de limite.<\/p>\n<p>Outre la possibilit\u00e9 de remporter le jackpot, les joueurs en ligne peuvent \u00e9galement tenter leur chance pour l&rsquo;un des cinq autres prix mis en jeu. <a class=\"thirstylink\" title=\"RedFoxLotto en\" href=\"https:\/\/gambling6.com\/go\/redfoxlotto-en\/\" target=\"_blank\" rel=\"nofollow noopener\">Pour acheter vos tickets pour le Superenalotto italien via RedFoxLotto, cliquez ici.<\/a><\/p>\n<table style=\"width: 500px;\" border=\"1\" cellspacing=\"5\" cellpadding=\"5\" align=\"center\">\n<tbody>\n<tr>\n<td colspan=\"3\" align=\"center\">Meilleurs jackpots de 2013<\/td>\n<\/tr>\n<tr>\n<td>Tirage<\/td>\n<td align=\"center\">Date<\/td>\n<td align=\"center\">Jackpot (USD)<\/td>\n<\/tr>\n<tr>\n<td>Superenalotto &#8211; Italie<\/td>\n<td align=\"center\">29 juin 2013<\/td>\n<td align=\"right\">55\u00a0759\u00a0000 $<\/td>\n<\/tr>\n<tr>\n<td>Superenalotto &#8211; Italie<\/td>\n<td align=\"center\">15 octobre 2013<\/td>\n<td align=\"right\">25\u00a0124\u00a0430\u00a0$<\/td>\n<\/tr>\n<tr>\n<td>Superenalotto &#8211; Italie<\/td>\n<td align=\"center\">3 oct. 2013<\/td>\n<td align=\"right\">21\u00a0372\u00a0000\u00a0$<\/td>\n<\/tr>\n<tr>\n<td>Superenalotto &#8211; Italie<\/td>\n<td align=\"center\">27 juil. 2013<\/td>\n<td align=\"right\">19\u00a0043\u00a0000\u00a0$<\/td>\n<\/tr>\n<\/tbody>\n<\/table>\n<table style=\"width: 500px;\" border=\"1\" cellspacing=\"5\" cellpadding=\"5\" align=\"center\">\n<tbody>\n<tr>\n<td colspan=\"3\" align=\"center\">Superenalotto &#8211; Italie &#8211; Niveaux de gains<\/td>\n<\/tr>\n<tr>\n<td>Gain<\/td>\n<td align=\"center\">Matchs<\/td>\n<td align=\"center\">Cotes<\/td>\n<\/tr>\n<tr>\n<td>1er prix (Jackpot)<\/td>\n<td align=\"center\">6<\/td>\n<td align=\"right\">622\u00a0614\u00a0630 : 1<\/td>\n<\/tr>\n<tr>\n<td>2e prix<\/td>\n<td align=\"center\">5 + 1<\/td>\n<td align=\"right\">103\u00a0769\u00a0105 : 1<\/td>\n<\/tr>\n<tr>\n<td>3e<\/td>\n<td align=\"center\">5<\/td>\n<td align=\"right\">1\u00a0235\u00a0346 \u200b\u200b: 1<\/td>\n<\/tr>\n<tr>\n<td>4e<\/td>\n<td align=\"center\">4<\/td>\n<td align=\"right\">11\u00a0907 : 1<\/td>\n<\/tr>\n<tr>\n<td>5e<\/td>\n<td align=\"center\">3<\/td>\n<td align=\"right\">327 : 1<\/td>\n<\/tr>\n<\/tbody>\n<\/table>\n","protected":false},"excerpt":{"rendered":"<p>Superenalotto Les Italiens sont de v\u00e9ritables mordus de loterie, et particuli\u00e8rement du Superenalotto. Chaque semaine, les ventes de billets pour cette loterie atteignent des sommets, avec des chances de gagner inf\u00e9rieures \u00e0 1 sur 600 millions. Acheter des billets de Superenalotto en ligne vous offre les plus mauvaises chances de gagner de toutes les loteries [&hellip;]<\/p>\n","protected":false},"author":1,"featured_media":0,"parent":9283,"menu_order":7,"comment_status":"closed","ping_status":"closed","template":"","meta":{"footnotes":""},"class_list":["post-9543","page","type-page","status-publish","hentry"],"yoast_head":"<!-- This site is optimized with the Yoast SEO plugin v27.3 - https:\/\/yoast.com\/product\/yoast-seo-wordpress\/ -->\n<title>Achetez vos billets pour le Superenalotto en ligne<\/title>\n<meta name=\"description\" content=\"Achetez vos billets de Superenalotto en ligne en visitant notre partenaire, RedFoxLotto.\" \/>\n<meta name=\"robots\" content=\"index, follow, max-snippet:-1, max-image-preview:large, max-video-preview:-1\" \/>\n<link rel=\"canonical\" href=\"https:\/\/gambling6.com\/fr\/loterie\/achetez-vos-billets-en-ligne-pour-le-superenalotto\/\" \/>\n<meta property=\"og:locale\" content=\"fr_FR\" \/>\n<meta property=\"og:type\" content=\"article\" \/>\n<meta property=\"og:title\" content=\"Achetez vos billets pour le Superenalotto en ligne\" \/>\n<meta property=\"og:description\" content=\"Achetez vos billets de Superenalotto en ligne en visitant notre partenaire, RedFoxLotto.\" \/>\n<meta property=\"og:url\" content=\"https:\/\/gambling6.com\/fr\/loterie\/achetez-vos-billets-en-ligne-pour-le-superenalotto\/\" \/>\n<meta property=\"og:site_name\" content=\"Gambling6\" \/>\n<meta property=\"article:modified_time\" content=\"2025-11-12T19:09:36+00:00\" \/>\n<meta property=\"og:image\" content=\"https:\/\/gambling6.com\/wp-content\/uploads\/2022\/04\/2_ticket_superenalotto.jpg\" \/>\n\t<meta property=\"og:image:width\" content=\"228\" \/>\n\t<meta property=\"og:image:height\" content=\"300\" \/>\n\t<meta property=\"og:image:type\" content=\"image\/jpeg\" \/>\n<meta name=\"twitter:card\" content=\"summary_large_image\" \/>\n<meta name=\"twitter:label1\" content=\"Dur\u00e9e de lecture estim\u00e9e\" \/>\n\t<meta name=\"twitter:data1\" content=\"2 minutes\" \/>\n<script type=\"application\/ld+json\" class=\"yoast-schema-graph\">{\"@context\":\"https:\\\/\\\/schema.org\",\"@graph\":[{\"@type\":\"WebPage\",\"@id\":\"https:\\\/\\\/gambling6.com\\\/fr\\\/loterie\\\/achetez-vos-billets-en-ligne-pour-le-superenalotto\\\/\",\"url\":\"https:\\\/\\\/gambling6.com\\\/fr\\\/loterie\\\/achetez-vos-billets-en-ligne-pour-le-superenalotto\\\/\",\"name\":\"Achetez vos billets pour le Superenalotto en ligne\",\"isPartOf\":{\"@id\":\"https:\\\/\\\/gambling6.com\\\/fr\\\/#website\"},\"primaryImageOfPage\":{\"@id\":\"https:\\\/\\\/gambling6.com\\\/fr\\\/loterie\\\/achetez-vos-billets-en-ligne-pour-le-superenalotto\\\/#primaryimage\"},\"image\":{\"@id\":\"https:\\\/\\\/gambling6.com\\\/fr\\\/loterie\\\/achetez-vos-billets-en-ligne-pour-le-superenalotto\\\/#primaryimage\"},\"thumbnailUrl\":\"https:\\\/\\\/gambling6.com\\\/wp-content\\\/uploads\\\/2022\\\/04\\\/2_ticket_superenalotto.jpg\",\"datePublished\":\"2025-11-11T04:37:28+00:00\",\"dateModified\":\"2025-11-12T19:09:36+00:00\",\"description\":\"Achetez vos billets de Superenalotto en ligne en visitant notre partenaire, RedFoxLotto.\",\"breadcrumb\":{\"@id\":\"https:\\\/\\\/gambling6.com\\\/fr\\\/loterie\\\/achetez-vos-billets-en-ligne-pour-le-superenalotto\\\/#breadcrumb\"},\"inLanguage\":\"fr-FR\",\"potentialAction\":[{\"@type\":\"ReadAction\",\"target\":[\"https:\\\/\\\/gambling6.com\\\/fr\\\/loterie\\\/achetez-vos-billets-en-ligne-pour-le-superenalotto\\\/\"]}]},{\"@type\":\"ImageObject\",\"inLanguage\":\"fr-FR\",\"@id\":\"https:\\\/\\\/gambling6.com\\\/fr\\\/loterie\\\/achetez-vos-billets-en-ligne-pour-le-superenalotto\\\/#primaryimage\",\"url\":\"https:\\\/\\\/gambling6.com\\\/wp-content\\\/uploads\\\/2022\\\/04\\\/2_ticket_superenalotto.jpg\",\"contentUrl\":\"https:\\\/\\\/gambling6.com\\\/wp-content\\\/uploads\\\/2022\\\/04\\\/2_ticket_superenalotto.jpg\"},{\"@type\":\"BreadcrumbList\",\"@id\":\"https:\\\/\\\/gambling6.com\\\/fr\\\/loterie\\\/achetez-vos-billets-en-ligne-pour-le-superenalotto\\\/#breadcrumb\",\"itemListElement\":[{\"@type\":\"ListItem\",\"position\":1,\"name\":\"Home\",\"item\":\"https:\\\/\\\/gambling6.com\\\/fr\\\/home\\\/\"},{\"@type\":\"ListItem\",\"position\":2,\"name\":\"Loterie\",\"item\":\"https:\\\/\\\/gambling6.com\\\/fr\\\/loterie\\\/\"},{\"@type\":\"ListItem\",\"position\":3,\"name\":\"Achetez vos billets en ligne pour le Superenalotto\"}]},{\"@type\":\"WebSite\",\"@id\":\"https:\\\/\\\/gambling6.com\\\/fr\\\/#website\",\"url\":\"https:\\\/\\\/gambling6.com\\\/fr\\\/\",\"name\":\"Gambling6\",\"description\":\"\",\"potentialAction\":[{\"@type\":\"SearchAction\",\"target\":{\"@type\":\"EntryPoint\",\"urlTemplate\":\"https:\\\/\\\/gambling6.com\\\/fr\\\/?s={search_term_string}\"},\"query-input\":{\"@type\":\"PropertyValueSpecification\",\"valueRequired\":true,\"valueName\":\"search_term_string\"}}],\"inLanguage\":\"fr-FR\"}]}<\/script>\n<!-- \/ Yoast SEO plugin. -->","yoast_head_json":{"title":"Achetez vos billets pour le Superenalotto en ligne","description":"Achetez vos billets de Superenalotto en ligne en visitant notre partenaire, RedFoxLotto.","robots":{"index":"index","follow":"follow","max-snippet":"max-snippet:-1","max-image-preview":"max-image-preview:large","max-video-preview":"max-video-preview:-1"},"canonical":"https:\/\/gambling6.com\/fr\/loterie\/achetez-vos-billets-en-ligne-pour-le-superenalotto\/","og_locale":"fr_FR","og_type":"article","og_title":"Achetez vos billets pour le Superenalotto en ligne","og_description":"Achetez vos billets de Superenalotto en ligne en visitant notre partenaire, RedFoxLotto.","og_url":"https:\/\/gambling6.com\/fr\/loterie\/achetez-vos-billets-en-ligne-pour-le-superenalotto\/","og_site_name":"Gambling6","article_modified_time":"2025-11-12T19:09:36+00:00","og_image":[{"width":228,"height":300,"url":"https:\/\/gambling6.com\/wp-content\/uploads\/2022\/04\/2_ticket_superenalotto.jpg","type":"image\/jpeg"}],"twitter_card":"summary_large_image","twitter_misc":{"Dur\u00e9e de lecture estim\u00e9e":"2 minutes"},"schema":{"@context":"https:\/\/schema.org","@graph":[{"@type":"WebPage","@id":"https:\/\/gambling6.com\/fr\/loterie\/achetez-vos-billets-en-ligne-pour-le-superenalotto\/","url":"https:\/\/gambling6.com\/fr\/loterie\/achetez-vos-billets-en-ligne-pour-le-superenalotto\/","name":"Achetez vos billets pour le Superenalotto en ligne","isPartOf":{"@id":"https:\/\/gambling6.com\/fr\/#website"},"primaryImageOfPage":{"@id":"https:\/\/gambling6.com\/fr\/loterie\/achetez-vos-billets-en-ligne-pour-le-superenalotto\/#primaryimage"},"image":{"@id":"https:\/\/gambling6.com\/fr\/loterie\/achetez-vos-billets-en-ligne-pour-le-superenalotto\/#primaryimage"},"thumbnailUrl":"https:\/\/gambling6.com\/wp-content\/uploads\/2022\/04\/2_ticket_superenalotto.jpg","datePublished":"2025-11-11T04:37:28+00:00","dateModified":"2025-11-12T19:09:36+00:00","description":"Achetez vos billets de Superenalotto en ligne en visitant notre partenaire, RedFoxLotto.","breadcrumb":{"@id":"https:\/\/gambling6.com\/fr\/loterie\/achetez-vos-billets-en-ligne-pour-le-superenalotto\/#breadcrumb"},"inLanguage":"fr-FR","potentialAction":[{"@type":"ReadAction","target":["https:\/\/gambling6.com\/fr\/loterie\/achetez-vos-billets-en-ligne-pour-le-superenalotto\/"]}]},{"@type":"ImageObject","inLanguage":"fr-FR","@id":"https:\/\/gambling6.com\/fr\/loterie\/achetez-vos-billets-en-ligne-pour-le-superenalotto\/#primaryimage","url":"https:\/\/gambling6.com\/wp-content\/uploads\/2022\/04\/2_ticket_superenalotto.jpg","contentUrl":"https:\/\/gambling6.com\/wp-content\/uploads\/2022\/04\/2_ticket_superenalotto.jpg"},{"@type":"BreadcrumbList","@id":"https:\/\/gambling6.com\/fr\/loterie\/achetez-vos-billets-en-ligne-pour-le-superenalotto\/#breadcrumb","itemListElement":[{"@type":"ListItem","position":1,"name":"Home","item":"https:\/\/gambling6.com\/fr\/home\/"},{"@type":"ListItem","position":2,"name":"Loterie","item":"https:\/\/gambling6.com\/fr\/loterie\/"},{"@type":"ListItem","position":3,"name":"Achetez vos billets en ligne pour le Superenalotto"}]},{"@type":"WebSite","@id":"https:\/\/gambling6.com\/fr\/#website","url":"https:\/\/gambling6.com\/fr\/","name":"Gambling6","description":"","potentialAction":[{"@type":"SearchAction","target":{"@type":"EntryPoint","urlTemplate":"https:\/\/gambling6.com\/fr\/?s={search_term_string}"},"query-input":{"@type":"PropertyValueSpecification","valueRequired":true,"valueName":"search_term_string"}}],"inLanguage":"fr-FR"}]}},"_links":{"self":[{"href":"https:\/\/gambling6.com\/fr\/wp-json\/wp\/v2\/pages\/9543","targetHints":{"allow":["GET"]}}],"collection":[{"href":"https:\/\/gambling6.com\/fr\/wp-json\/wp\/v2\/pages"}],"about":[{"href":"https:\/\/gambling6.com\/fr\/wp-json\/wp\/v2\/types\/page"}],"author":[{"embeddable":true,"href":"https:\/\/gambling6.com\/fr\/wp-json\/wp\/v2\/users\/1"}],"replies":[{"embeddable":true,"href":"https:\/\/gambling6.com\/fr\/wp-json\/wp\/v2\/comments?post=9543"}],"version-history":[{"count":1,"href":"https:\/\/gambling6.com\/fr\/wp-json\/wp\/v2\/pages\/9543\/revisions"}],"predecessor-version":[{"id":10798,"href":"https:\/\/gambling6.com\/fr\/wp-json\/wp\/v2\/pages\/9543\/revisions\/10798"}],"up":[{"embeddable":true,"href":"https:\/\/gambling6.com\/fr\/wp-json\/wp\/v2\/pages\/9283"}],"wp:attachment":[{"href":"https:\/\/gambling6.com\/fr\/wp-json\/wp\/v2\/media?parent=9543"}],"curies":[{"name":"wp","href":"https:\/\/api.w.org\/{rel}","templated":true}]}}