{"id":9566,"date":"2025-11-11T04:43:03","date_gmt":"2025-11-11T04:43:03","guid":{"rendered":"https:\/\/gambling6.com\/loterie\/achetez-vos-billets-en-ligne-pour-la-loterie-nationale-britannique\/"},"modified":"2025-11-12T19:02:31","modified_gmt":"2025-11-12T19:02:31","slug":"achetez-vos-billets-en-ligne-pour-la-loterie-nationale-britannique","status":"publish","type":"page","link":"https:\/\/gambling6.com\/fr\/loterie\/achetez-vos-billets-en-ligne-pour-la-loterie-nationale-britannique\/","title":{"rendered":"Achetez vos billets en ligne pour la Loterie Nationale britannique"},"content":{"rendered":"<h2>Billets pour la Loterie Nationale britannique en ligne<\/h2>\n<p><strong style=\"background-color: initial;\">Acheter un billet en ligne pour la Loterie Nationale britannique vous permettra de participer au jeu de loterie pr\u00e9f\u00e9r\u00e9 des Britanniques.<\/strong><span style=\"background-color: initial;\">Les ventes de billets, en ligne et en points de vente physiques, s&rsquo;\u00e9l\u00e8vent \u00e0 environ 50\u00a0millions par tirage. Avec un billet, vous avez une chance sur 56 de gagner 25\u00a0\u00a3, le premier prix de la Loterie Nationale britannique.<\/span><\/p>\n<p>Pour jouer \u00e0 cette loterie, vous choisissez six num\u00e9ros principaux parmi ceux disponibles entre 1 et 49. Pour remporter le jackpot, il vous suffit de trouver les six bons num\u00e9ros. <strong>Les chances de gagner \u00e0 la Loterie Nationale britannique sont d&rsquo;environ une sur 14 millions.<\/strong> Ces chances sont bien meilleures que celles de gagner \u00e0 l&rsquo;Euromillions. En r\u00e9alit\u00e9, vous avez environ dix fois plus de chances de gagner.<\/p>\n<p>Chaque mercredi et samedi, les ventes de billets explosent, les Britanniques et les joueurs internationaux de loterie en ligne achetant des billets pour tenter de remporter le jackpot, qui d\u00e9passe presque toujours les 5 millions de livres sterling. Bien que 45 % des ventes de billets soient revers\u00e9s \u00e0 la cagnotte, depuis la cr\u00e9ation de cette loterie en 1994, plus de 42 milliards de livres sterling ont \u00e9t\u00e9 vers\u00e9s \u00e0 des \u0153uvres caritatives au Royaume-Uni et \u00e0 l&rsquo;\u00e9tranger.<\/p>\n<p><img loading=\"lazy\" decoding=\"async\" class=\"size-medium wp-image-1371 alignright\" src=\"https:\/\/gambling6.com\/wp-content\/uploads\/2022\/04\/2_ticket_uk_lottery-192x300.jpg\" alt=\"billet de la loterie nationale du Royaume-Uni\" width=\"192\" height=\"300\" srcset=\"https:\/\/gambling6.com\/wp-content\/uploads\/2022\/04\/2_ticket_uk_lottery-192x300.jpg 192w, https:\/\/gambling6.com\/wp-content\/uploads\/2022\/04\/2_ticket_uk_lottery.jpg 564w\" sizes=\"auto, (max-width: 192px) 100vw, 192px\" \/>Lorsque ce tirage a lieu les samedis et mercredis \u00e0 Londres, l&rsquo;affluence est consid\u00e9rable. Les gens se pressent devant le t\u00e9l\u00e9viseur dans les pubs du quartier dans l&rsquo;espoir de remporter les 5 millions de livres sterling. De plus, si le jackpot n&rsquo;est pas remport\u00e9, il est report\u00e9 au tirage suivant. <a class=\"thirstylink\" title=\"RedFoxLotto en\" href=\"https:\/\/gambling6.com\/go\/redfoxlotto-en\/\" target=\"_blank\" rel=\"nofollow noopener\">Obtenez votre billet en ligne et tentez de gagner le gros lot \u00e0 la Loterie Nationale britannique en visitant notre partenaire RedFoxLotto.<\/a><\/p>\n<table style=\"width: 500px;\" border=\"1\" cellspacing=\"5\" cellpadding=\"5\" align=\"center\">\n<tbody>\n<tr>\n<td colspan=\"3\" align=\"center\">Les cinq plus gros jackpots de 2013<\/td>\n<\/tr>\n<tr>\n<td>Tirage<\/td>\n<td align=\"center\">Date<\/td>\n<td align=\"center\">Jackpot (USD)<\/td>\n<\/tr>\n<tr>\n<td>Loterie nationale &#8211; Royaume-Uni<\/td>\n<td align=\"center\">5 octobre 2013<\/td>\n<td style=\"text-align: center;\" align=\"right\">16\u00a0500\u00a0000 $<\/td>\n<\/tr>\n<tr>\n<td>Loterie nationale &#8211; Royaume-Uni<\/td>\n<td align=\"center\">12 oct. 2013<\/td>\n<td align=\"right\">16\u00a0500\u00a0000 $<\/td>\n<\/tr>\n<tr>\n<td>Loterie nationale &#8211; Royaume-Uni<\/td>\n<td align=\"center\">18 sept. 2013<\/td>\n<td align=\"right\">14\u00a0025\u00a0000 $<\/td>\n<\/tr>\n<tr>\n<td>Loterie nationale &#8211; Royaume-Uni<\/td>\n<td align=\"center\">18 d\u00e9c. 2013<\/td>\n<td align=\"right\">13\u00a0173\u00a0600 $<\/td>\n<\/tr>\n<tr>\n<td>Loterie nationale &#8211; Royaume-Uni<\/td>\n<td align=\"center\">2 nov. 2013<\/td>\n<td align=\"right\">13\u00a0134\u00a0000 $<\/td>\n<\/tr>\n<\/tbody>\n<\/table>\n<table style=\"width: 500px;\" border=\"1\" cellspacing=\"5\" cellpadding=\"5\" align=\"center\">\n<tbody>\n<tr>\n<td colspan=\"3\" align=\"center\">Niveaux de prix de la Loterie Nationale du Royaume-Uni<\/td>\n<\/tr>\n<tr>\n<td>Prix<\/td>\n<td align=\"center\">Matchs<\/td>\n<td align=\"center\">Probabilit\u00e9s<\/td>\n<\/tr>\n<tr>\n<td>1er prix (Jackpot)<\/td>\n<td style=\"text-align: center;\" align=\"center\">6<\/td>\n<td align=\"right\">13\u00a0983\u00a0816 : 1<\/td>\n<\/tr>\n<tr>\n<td>2e<\/td>\n<td align=\"center\">5 + 1<\/td>\n<td align=\"right\">2\u00a0330\u00a0636 : 1<\/td>\n<\/tr>\n<tr>\n<td>3e<\/td>\n<td align=\"center\">5<\/td>\n<td align=\"right\">55\u00a0492 : 1<\/td>\n<\/tr>\n<tr>\n<td>4e<\/td>\n<td align=\"center\">4<\/td>\n<td align=\"right\">1\u00a0033 : 1<\/td>\n<\/tr>\n<tr>\n<td>5e<\/td>\n<td align=\"center\">3<\/td>\n<td align=\"right\">57 : 1<\/td>\n<\/tr>\n<\/tbody>\n<\/table>\n","protected":false},"excerpt":{"rendered":"<p>Billets pour la Loterie Nationale britannique en ligne Acheter un billet en ligne pour la Loterie Nationale britannique vous permettra de participer au jeu de loterie pr\u00e9f\u00e9r\u00e9 des Britanniques.Les ventes de billets, en ligne et en points de vente physiques, s&rsquo;\u00e9l\u00e8vent \u00e0 environ 50\u00a0millions par tirage. Avec un billet, vous avez une chance sur 56 [&hellip;]<\/p>\n","protected":false},"author":1,"featured_media":0,"parent":9283,"menu_order":6,"comment_status":"closed","ping_status":"closed","template":"","meta":{"footnotes":""},"class_list":["post-9566","page","type-page","status-publish","hentry"],"yoast_head":"<!-- This site is optimized with the Yoast SEO plugin v27.3 - https:\/\/yoast.com\/product\/yoast-seo-wordpress\/ -->\n<title>Achetez vos billets de loterie nationale britannique en ligne<\/title>\n<meta name=\"description\" content=\"Participez \u00e0 la loterie nationale britannique en achetant vos billets en ligne.\" \/>\n<meta name=\"robots\" content=\"index, follow, max-snippet:-1, max-image-preview:large, max-video-preview:-1\" \/>\n<link rel=\"canonical\" href=\"https:\/\/gambling6.com\/fr\/loterie\/achetez-vos-billets-en-ligne-pour-la-loterie-nationale-britannique\/\" \/>\n<meta property=\"og:locale\" content=\"fr_FR\" \/>\n<meta property=\"og:type\" content=\"article\" \/>\n<meta property=\"og:title\" content=\"Achetez vos billets de loterie nationale britannique en ligne\" \/>\n<meta property=\"og:description\" content=\"Participez \u00e0 la loterie nationale britannique en achetant vos billets en ligne.\" \/>\n<meta property=\"og:url\" content=\"https:\/\/gambling6.com\/fr\/loterie\/achetez-vos-billets-en-ligne-pour-la-loterie-nationale-britannique\/\" \/>\n<meta property=\"og:site_name\" content=\"Gambling6\" \/>\n<meta property=\"article:modified_time\" content=\"2025-11-12T19:02:31+00:00\" \/>\n<meta property=\"og:image\" content=\"https:\/\/gambling6.com\/wp-content\/uploads\/2022\/04\/2_ticket_uk_lottery.jpg\" \/>\n\t<meta property=\"og:image:width\" content=\"564\" \/>\n\t<meta property=\"og:image:height\" content=\"883\" \/>\n\t<meta property=\"og:image:type\" content=\"image\/jpeg\" \/>\n<meta name=\"twitter:card\" content=\"summary_large_image\" \/>\n<meta name=\"twitter:label1\" content=\"Dur\u00e9e de lecture estim\u00e9e\" \/>\n\t<meta name=\"twitter:data1\" content=\"2 minutes\" \/>\n<script type=\"application\/ld+json\" class=\"yoast-schema-graph\">{\"@context\":\"https:\\\/\\\/schema.org\",\"@graph\":[{\"@type\":\"WebPage\",\"@id\":\"https:\\\/\\\/gambling6.com\\\/fr\\\/loterie\\\/achetez-vos-billets-en-ligne-pour-la-loterie-nationale-britannique\\\/\",\"url\":\"https:\\\/\\\/gambling6.com\\\/fr\\\/loterie\\\/achetez-vos-billets-en-ligne-pour-la-loterie-nationale-britannique\\\/\",\"name\":\"Achetez vos billets de loterie nationale britannique en ligne\",\"isPartOf\":{\"@id\":\"https:\\\/\\\/gambling6.com\\\/fr\\\/#website\"},\"primaryImageOfPage\":{\"@id\":\"https:\\\/\\\/gambling6.com\\\/fr\\\/loterie\\\/achetez-vos-billets-en-ligne-pour-la-loterie-nationale-britannique\\\/#primaryimage\"},\"image\":{\"@id\":\"https:\\\/\\\/gambling6.com\\\/fr\\\/loterie\\\/achetez-vos-billets-en-ligne-pour-la-loterie-nationale-britannique\\\/#primaryimage\"},\"thumbnailUrl\":\"https:\\\/\\\/gambling6.com\\\/wp-content\\\/uploads\\\/2022\\\/04\\\/2_ticket_uk_lottery-192x300.jpg\",\"datePublished\":\"2025-11-11T04:43:03+00:00\",\"dateModified\":\"2025-11-12T19:02:31+00:00\",\"description\":\"Participez \u00e0 la loterie nationale britannique en achetant vos billets en ligne.\",\"breadcrumb\":{\"@id\":\"https:\\\/\\\/gambling6.com\\\/fr\\\/loterie\\\/achetez-vos-billets-en-ligne-pour-la-loterie-nationale-britannique\\\/#breadcrumb\"},\"inLanguage\":\"fr-FR\",\"potentialAction\":[{\"@type\":\"ReadAction\",\"target\":[\"https:\\\/\\\/gambling6.com\\\/fr\\\/loterie\\\/achetez-vos-billets-en-ligne-pour-la-loterie-nationale-britannique\\\/\"]}]},{\"@type\":\"ImageObject\",\"inLanguage\":\"fr-FR\",\"@id\":\"https:\\\/\\\/gambling6.com\\\/fr\\\/loterie\\\/achetez-vos-billets-en-ligne-pour-la-loterie-nationale-britannique\\\/#primaryimage\",\"url\":\"https:\\\/\\\/gambling6.com\\\/wp-content\\\/uploads\\\/2022\\\/04\\\/2_ticket_uk_lottery-192x300.jpg\",\"contentUrl\":\"https:\\\/\\\/gambling6.com\\\/wp-content\\\/uploads\\\/2022\\\/04\\\/2_ticket_uk_lottery-192x300.jpg\"},{\"@type\":\"BreadcrumbList\",\"@id\":\"https:\\\/\\\/gambling6.com\\\/fr\\\/loterie\\\/achetez-vos-billets-en-ligne-pour-la-loterie-nationale-britannique\\\/#breadcrumb\",\"itemListElement\":[{\"@type\":\"ListItem\",\"position\":1,\"name\":\"Home\",\"item\":\"https:\\\/\\\/gambling6.com\\\/fr\\\/home\\\/\"},{\"@type\":\"ListItem\",\"position\":2,\"name\":\"Loterie\",\"item\":\"https:\\\/\\\/gambling6.com\\\/fr\\\/loterie\\\/\"},{\"@type\":\"ListItem\",\"position\":3,\"name\":\"Achetez vos billets en ligne pour la Loterie Nationale britannique\"}]},{\"@type\":\"WebSite\",\"@id\":\"https:\\\/\\\/gambling6.com\\\/fr\\\/#website\",\"url\":\"https:\\\/\\\/gambling6.com\\\/fr\\\/\",\"name\":\"Gambling6\",\"description\":\"\",\"potentialAction\":[{\"@type\":\"SearchAction\",\"target\":{\"@type\":\"EntryPoint\",\"urlTemplate\":\"https:\\\/\\\/gambling6.com\\\/fr\\\/?s={search_term_string}\"},\"query-input\":{\"@type\":\"PropertyValueSpecification\",\"valueRequired\":true,\"valueName\":\"search_term_string\"}}],\"inLanguage\":\"fr-FR\"}]}<\/script>\n<!-- \/ Yoast SEO plugin. -->","yoast_head_json":{"title":"Achetez vos billets de loterie nationale britannique en ligne","description":"Participez \u00e0 la loterie nationale britannique en achetant vos billets en ligne.","robots":{"index":"index","follow":"follow","max-snippet":"max-snippet:-1","max-image-preview":"max-image-preview:large","max-video-preview":"max-video-preview:-1"},"canonical":"https:\/\/gambling6.com\/fr\/loterie\/achetez-vos-billets-en-ligne-pour-la-loterie-nationale-britannique\/","og_locale":"fr_FR","og_type":"article","og_title":"Achetez vos billets de loterie nationale britannique en ligne","og_description":"Participez \u00e0 la loterie nationale britannique en achetant vos billets en ligne.","og_url":"https:\/\/gambling6.com\/fr\/loterie\/achetez-vos-billets-en-ligne-pour-la-loterie-nationale-britannique\/","og_site_name":"Gambling6","article_modified_time":"2025-11-12T19:02:31+00:00","og_image":[{"width":564,"height":883,"url":"https:\/\/gambling6.com\/wp-content\/uploads\/2022\/04\/2_ticket_uk_lottery.jpg","type":"image\/jpeg"}],"twitter_card":"summary_large_image","twitter_misc":{"Dur\u00e9e de lecture estim\u00e9e":"2 minutes"},"schema":{"@context":"https:\/\/schema.org","@graph":[{"@type":"WebPage","@id":"https:\/\/gambling6.com\/fr\/loterie\/achetez-vos-billets-en-ligne-pour-la-loterie-nationale-britannique\/","url":"https:\/\/gambling6.com\/fr\/loterie\/achetez-vos-billets-en-ligne-pour-la-loterie-nationale-britannique\/","name":"Achetez vos billets de loterie nationale britannique en ligne","isPartOf":{"@id":"https:\/\/gambling6.com\/fr\/#website"},"primaryImageOfPage":{"@id":"https:\/\/gambling6.com\/fr\/loterie\/achetez-vos-billets-en-ligne-pour-la-loterie-nationale-britannique\/#primaryimage"},"image":{"@id":"https:\/\/gambling6.com\/fr\/loterie\/achetez-vos-billets-en-ligne-pour-la-loterie-nationale-britannique\/#primaryimage"},"thumbnailUrl":"https:\/\/gambling6.com\/wp-content\/uploads\/2022\/04\/2_ticket_uk_lottery-192x300.jpg","datePublished":"2025-11-11T04:43:03+00:00","dateModified":"2025-11-12T19:02:31+00:00","description":"Participez \u00e0 la loterie nationale britannique en achetant vos billets en ligne.","breadcrumb":{"@id":"https:\/\/gambling6.com\/fr\/loterie\/achetez-vos-billets-en-ligne-pour-la-loterie-nationale-britannique\/#breadcrumb"},"inLanguage":"fr-FR","potentialAction":[{"@type":"ReadAction","target":["https:\/\/gambling6.com\/fr\/loterie\/achetez-vos-billets-en-ligne-pour-la-loterie-nationale-britannique\/"]}]},{"@type":"ImageObject","inLanguage":"fr-FR","@id":"https:\/\/gambling6.com\/fr\/loterie\/achetez-vos-billets-en-ligne-pour-la-loterie-nationale-britannique\/#primaryimage","url":"https:\/\/gambling6.com\/wp-content\/uploads\/2022\/04\/2_ticket_uk_lottery-192x300.jpg","contentUrl":"https:\/\/gambling6.com\/wp-content\/uploads\/2022\/04\/2_ticket_uk_lottery-192x300.jpg"},{"@type":"BreadcrumbList","@id":"https:\/\/gambling6.com\/fr\/loterie\/achetez-vos-billets-en-ligne-pour-la-loterie-nationale-britannique\/#breadcrumb","itemListElement":[{"@type":"ListItem","position":1,"name":"Home","item":"https:\/\/gambling6.com\/fr\/home\/"},{"@type":"ListItem","position":2,"name":"Loterie","item":"https:\/\/gambling6.com\/fr\/loterie\/"},{"@type":"ListItem","position":3,"name":"Achetez vos billets en ligne pour la Loterie Nationale britannique"}]},{"@type":"WebSite","@id":"https:\/\/gambling6.com\/fr\/#website","url":"https:\/\/gambling6.com\/fr\/","name":"Gambling6","description":"","potentialAction":[{"@type":"SearchAction","target":{"@type":"EntryPoint","urlTemplate":"https:\/\/gambling6.com\/fr\/?s={search_term_string}"},"query-input":{"@type":"PropertyValueSpecification","valueRequired":true,"valueName":"search_term_string"}}],"inLanguage":"fr-FR"}]}},"_links":{"self":[{"href":"https:\/\/gambling6.com\/fr\/wp-json\/wp\/v2\/pages\/9566","targetHints":{"allow":["GET"]}}],"collection":[{"href":"https:\/\/gambling6.com\/fr\/wp-json\/wp\/v2\/pages"}],"about":[{"href":"https:\/\/gambling6.com\/fr\/wp-json\/wp\/v2\/types\/page"}],"author":[{"embeddable":true,"href":"https:\/\/gambling6.com\/fr\/wp-json\/wp\/v2\/users\/1"}],"replies":[{"embeddable":true,"href":"https:\/\/gambling6.com\/fr\/wp-json\/wp\/v2\/comments?post=9566"}],"version-history":[{"count":2,"href":"https:\/\/gambling6.com\/fr\/wp-json\/wp\/v2\/pages\/9566\/revisions"}],"predecessor-version":[{"id":10790,"href":"https:\/\/gambling6.com\/fr\/wp-json\/wp\/v2\/pages\/9566\/revisions\/10790"}],"up":[{"embeddable":true,"href":"https:\/\/gambling6.com\/fr\/wp-json\/wp\/v2\/pages\/9283"}],"wp:attachment":[{"href":"https:\/\/gambling6.com\/fr\/wp-json\/wp\/v2\/media?parent=9566"}],"curies":[{"name":"wp","href":"https:\/\/api.w.org\/{rel}","templated":true}]}}