{"id":9589,"date":"2025-11-11T04:48:29","date_gmt":"2025-11-11T04:48:29","guid":{"rendered":"https:\/\/gambling6.com\/loterie\/achetez-des-billets-de-loterie-el-gordo-ou-que-vous-soyez\/"},"modified":"2025-11-12T18:55:01","modified_gmt":"2025-11-12T18:55:01","slug":"achetez-des-billets-de-loterie-el-gordo-ou-que-vous-soyez","status":"publish","type":"page","link":"https:\/\/gambling6.com\/fr\/loterie\/achetez-des-billets-de-loterie-el-gordo-ou-que-vous-soyez\/","title":{"rendered":"Achetez des billets de loterie El Gordo o\u00f9 que vous soyez."},"content":{"rendered":"<h2>Achetez facilement vos billets en ligne pour la loterie El Gordo.<\/h2>\n<p><img loading=\"lazy\" decoding=\"async\" class=\" wp-image-1569 alignright\" src=\"https:\/\/gambling6.com\/wp-content\/uploads\/2022\/04\/2_ticket_spanish_lottery.jpg\" alt=\"billet El Gordo\" width=\"200\" height=\"274\" \/>En Europe, la loterie El Gordo est un immense succ\u00e8s, jou\u00e9e aussi bien en Espagne qu&rsquo;\u00e0 l&rsquo;\u00e9tranger. Le jackpot minimum est d&rsquo;environ 6,5 millions d&rsquo;euros chaque semaine. Il n&rsquo;y a qu&rsquo;un seul tirage par semaine, le dimanche, et les joueurs font la queue chaque semaine. Le jackpot peut atteindre 26 millions d&rsquo;euros. Cependant, en cas de reports fr\u00e9quents (et non de jackpot), il peut parfois atteindre 35 millions d&rsquo;euros, une fois les gains des semaines pr\u00e9c\u00e9dentes cumul\u00e9s. Les Europ\u00e9ens ach\u00e8tent des billets de loterie en ligne chaque semaine.<\/p>\n<p>L&rsquo;Europe demeure une source croissante de revenus pour les loteries\u00a0; chaque semaine, des millions de joueurs se connectent pour tenter leur chance au loto sur ce continent. Pour obtenir vos billets en ligne pour la loterie El Gordo, rendez-vous sur le site de notre partenaire RedFoxLotto, connectez-vous \u00e0 votre compte, puis choisissez entre la s\u00e9lection rapide et la composition de vos num\u00e9ros. Si vous optez pour la composition de vos num\u00e9ros, vous devrez choisir cinq num\u00e9ros principaux et un num\u00e9ro compl\u00e9mentaire.<\/p>\n<p>Les Europ\u00e9ens ach\u00e8tent des billets en ligne pour le tirage du dimanche.<\/p>\n<p>El Gordo, \u00e9galement connue sous le nom de loterie espagnole 6\/49, ne doit pas \u00eatre confondue avec la loterie de No\u00ebl El Gordo. Ce tirage hebdomadaire populaire a lieu le dimanche. Lors de l&rsquo;achat de billets en ligne pour la loterie El Gordo, n&rsquo;oubliez pas que vous avez une chance sur dix de gagner un prix. En effet, il existe sept niveaux de prix diff\u00e9rents, en plus du jackpot. Des millions sont d\u00e9pens\u00e9s chaque mois en billets de loterie.<\/p>\n<p>Ces derni\u00e8res ann\u00e9es, les Europ\u00e9ens sont devenus fous de la loterie. Juste apr\u00e8s l&rsquo;Am\u00e9rique du Nord, ils d\u00e9pensent des centaines de millions de dollars chaque ann\u00e9e en billets. D\u00e9sormais, gr\u00e2ce \u00e0 la possibilit\u00e9 d&rsquo;acheter des billets de loterie du monde entier en ligne, les ventes ont explos\u00e9. Si vous souhaitez acheter vos billets pour le prochain tirage d&rsquo;El Gordo, <a class=\"thirstylink\" title=\"Redfoxlotto\" href=\"https:\/\/gambling6.com\/go\/redfoxlotto\/\" target=\"_blank\" rel=\"nofollow noopener\">rendez-vous simplement sur le site de notre partenaire RedFoxLotto<\/a>, cr\u00e9ez un compte, et vous pourriez bien devenir multimillionnaire du jour au lendemain.<\/p>\n<table style=\"width: 500px;\" border=\"1\" cellspacing=\"5\" cellpadding=\"5\" align=\"center\">\n<tbody>\n<tr>\n<td colspan=\"3\" align=\"center\">Meilleurs jackpots de 2013<\/td>\n<\/tr>\n<tr>\n<td>Tirage<\/td>\n<td align=\"center\">Date<\/td>\n<td align=\"center\">Jackpot (USD)<\/td>\n<\/tr>\n<tr>\n<td>El Gordo &#8211; Espagne<\/td>\n<td align=\"center\">13 oct. 2013<\/td>\n<td align=\"right\">13\u00a0327\u00a0360 $<\/td>\n<\/tr>\n<tr>\n<td>El Gordo &#8211; Espagne<\/td>\n<td align=\"center\">4 ao\u00fbt 2013<\/td>\n<td align=\"right\">10\u00a0275\u00a0000 $<\/td>\n<\/tr>\n<tr>\n<td>El Gordo &#8211; Espagne<\/td>\n<td align=\"center\">16 juin 2013<\/td>\n<td align=\"right\">9\u00a0590\u00a0000 $<\/td>\n<\/tr>\n<tr>\n<td>El Gordo &#8211; Espagne<\/td>\n<td align=\"center\">23 juin 2013<\/td>\n<td align=\"right\">6\u00a0850\u00a0000 $<\/td>\n<\/tr>\n<\/tbody>\n<\/table>\n<table style=\"width: 500px;\" border=\"1\" cellspacing=\"5\" cellpadding=\"5\" align=\"center\">\n<tbody>\n<tr>\n<td colspan=\"3\" align=\"center\">Tarifs du Loto El Gordo &#8211; Espagnol 6\/49<\/td>\n<\/tr>\n<tr>\n<td>Prix<\/td>\n<td align=\"center\">Nombre de combinaisons<\/td>\n<td align=\"center\">Probabilit\u00e9s<\/td>\n<\/tr>\n<tr>\n<td>1er prix (Jackpot)<\/td>\n<td align=\"center\">5 + 1<\/td>\n<td align=\"right\">31\u00a0625\u00a0100 : 1<\/td>\n<\/tr>\n<tr>\n<td>2e prix<\/td>\n<td align=\"center\">5<\/td>\n<td align=\"right\">3\u00a0513\u00a0900 : 1<\/td>\n<\/tr>\n<tr>\n<td>3e<\/td>\n<td align=\"center\">4 + 1<\/td>\n<td align=\"right\">129\u00a0082 : 1<\/td>\n<\/tr>\n<tr>\n<td>4e<\/td>\n<td align=\"center\">4<\/td>\n<td align=\"right\">14\u00a0342 : 1<\/td>\n<\/tr>\n<tr>\n<td>5e<\/td>\n<td align=\"center\">3 + 1<\/td>\n<td align=\"right\">2\u00a0689 : 1<\/td>\n<\/tr>\n<tr>\n<td>6e<\/td>\n<td align=\"center\">3<\/td>\n<td align=\"right\">299 : 1<\/td>\n<\/tr>\n<tr>\n<td>7e<\/td>\n<td align=\"center\">2 + 1<\/td>\n<td align=\"right\">172 : 1<\/td>\n<\/tr>\n<tr>\n<td>8e<\/td>\n<td align=\"center\">2<\/td>\n<td align=\"right\">19 : 1<\/td>\n<\/tr>\n<tr>\n<td>9e<\/td>\n<td align=\"center\">0 + 1<\/td>\n<td align=\"right\">10 : 1<\/td>\n<\/tr>\n<\/tbody>\n<\/table>\n","protected":false},"excerpt":{"rendered":"<p>Achetez facilement vos billets en ligne pour la loterie El Gordo. En Europe, la loterie El Gordo est un immense succ\u00e8s, jou\u00e9e aussi bien en Espagne qu&rsquo;\u00e0 l&rsquo;\u00e9tranger. Le jackpot minimum est d&rsquo;environ 6,5 millions d&rsquo;euros chaque semaine. Il n&rsquo;y a qu&rsquo;un seul tirage par semaine, le dimanche, et les joueurs font la queue chaque [&hellip;]<\/p>\n","protected":false},"author":1,"featured_media":0,"parent":9283,"menu_order":3,"comment_status":"closed","ping_status":"closed","template":"","meta":{"footnotes":""},"class_list":["post-9589","page","type-page","status-publish","hentry"],"yoast_head":"<!-- This site is optimized with the Yoast SEO plugin v27.3 - https:\/\/yoast.com\/product\/yoast-seo-wordpress\/ -->\n<title>Achetez vos billets pour la loterie El Gordo en ligne<\/title>\n<meta name=\"description\" content=\"Devenez millionnaire en achetant vos billets en ligne pour la loterie El Gordo.\" \/>\n<meta name=\"robots\" content=\"index, follow, max-snippet:-1, max-image-preview:large, max-video-preview:-1\" \/>\n<link rel=\"canonical\" href=\"https:\/\/gambling6.com\/fr\/loterie\/achetez-des-billets-de-loterie-el-gordo-ou-que-vous-soyez\/\" \/>\n<meta property=\"og:locale\" content=\"fr_FR\" \/>\n<meta property=\"og:type\" content=\"article\" \/>\n<meta property=\"og:title\" content=\"Achetez vos billets pour la loterie El Gordo en ligne\" \/>\n<meta property=\"og:description\" content=\"Devenez millionnaire en achetant vos billets en ligne pour la loterie El Gordo.\" \/>\n<meta property=\"og:url\" content=\"https:\/\/gambling6.com\/fr\/loterie\/achetez-des-billets-de-loterie-el-gordo-ou-que-vous-soyez\/\" \/>\n<meta property=\"og:site_name\" content=\"Gambling6\" \/>\n<meta property=\"article:modified_time\" content=\"2025-11-12T18:55:01+00:00\" \/>\n<meta property=\"og:image\" content=\"https:\/\/gambling6.com\/wp-content\/uploads\/2022\/04\/2_ticket_spanish_lottery.jpg\" \/>\n\t<meta property=\"og:image:width\" content=\"219\" \/>\n\t<meta property=\"og:image:height\" content=\"300\" \/>\n\t<meta property=\"og:image:type\" content=\"image\/jpeg\" \/>\n<meta name=\"twitter:card\" content=\"summary_large_image\" \/>\n<meta name=\"twitter:label1\" content=\"Dur\u00e9e de lecture estim\u00e9e\" \/>\n\t<meta name=\"twitter:data1\" content=\"2 minutes\" \/>\n<script type=\"application\/ld+json\" class=\"yoast-schema-graph\">{\"@context\":\"https:\\\/\\\/schema.org\",\"@graph\":[{\"@type\":\"WebPage\",\"@id\":\"https:\\\/\\\/gambling6.com\\\/fr\\\/loterie\\\/achetez-des-billets-de-loterie-el-gordo-ou-que-vous-soyez\\\/\",\"url\":\"https:\\\/\\\/gambling6.com\\\/fr\\\/loterie\\\/achetez-des-billets-de-loterie-el-gordo-ou-que-vous-soyez\\\/\",\"name\":\"Achetez vos billets pour la loterie El Gordo en ligne\",\"isPartOf\":{\"@id\":\"https:\\\/\\\/gambling6.com\\\/fr\\\/#website\"},\"primaryImageOfPage\":{\"@id\":\"https:\\\/\\\/gambling6.com\\\/fr\\\/loterie\\\/achetez-des-billets-de-loterie-el-gordo-ou-que-vous-soyez\\\/#primaryimage\"},\"image\":{\"@id\":\"https:\\\/\\\/gambling6.com\\\/fr\\\/loterie\\\/achetez-des-billets-de-loterie-el-gordo-ou-que-vous-soyez\\\/#primaryimage\"},\"thumbnailUrl\":\"https:\\\/\\\/gambling6.com\\\/wp-content\\\/uploads\\\/2022\\\/04\\\/2_ticket_spanish_lottery.jpg\",\"datePublished\":\"2025-11-11T04:48:29+00:00\",\"dateModified\":\"2025-11-12T18:55:01+00:00\",\"description\":\"Devenez millionnaire en achetant vos billets en ligne pour la loterie El Gordo.\",\"breadcrumb\":{\"@id\":\"https:\\\/\\\/gambling6.com\\\/fr\\\/loterie\\\/achetez-des-billets-de-loterie-el-gordo-ou-que-vous-soyez\\\/#breadcrumb\"},\"inLanguage\":\"fr-FR\",\"potentialAction\":[{\"@type\":\"ReadAction\",\"target\":[\"https:\\\/\\\/gambling6.com\\\/fr\\\/loterie\\\/achetez-des-billets-de-loterie-el-gordo-ou-que-vous-soyez\\\/\"]}]},{\"@type\":\"ImageObject\",\"inLanguage\":\"fr-FR\",\"@id\":\"https:\\\/\\\/gambling6.com\\\/fr\\\/loterie\\\/achetez-des-billets-de-loterie-el-gordo-ou-que-vous-soyez\\\/#primaryimage\",\"url\":\"https:\\\/\\\/gambling6.com\\\/wp-content\\\/uploads\\\/2022\\\/04\\\/2_ticket_spanish_lottery.jpg\",\"contentUrl\":\"https:\\\/\\\/gambling6.com\\\/wp-content\\\/uploads\\\/2022\\\/04\\\/2_ticket_spanish_lottery.jpg\"},{\"@type\":\"BreadcrumbList\",\"@id\":\"https:\\\/\\\/gambling6.com\\\/fr\\\/loterie\\\/achetez-des-billets-de-loterie-el-gordo-ou-que-vous-soyez\\\/#breadcrumb\",\"itemListElement\":[{\"@type\":\"ListItem\",\"position\":1,\"name\":\"Home\",\"item\":\"https:\\\/\\\/gambling6.com\\\/fr\\\/home\\\/\"},{\"@type\":\"ListItem\",\"position\":2,\"name\":\"Loterie\",\"item\":\"https:\\\/\\\/gambling6.com\\\/fr\\\/loterie\\\/\"},{\"@type\":\"ListItem\",\"position\":3,\"name\":\"Achetez des billets de loterie El Gordo o\u00f9 que vous soyez.\"}]},{\"@type\":\"WebSite\",\"@id\":\"https:\\\/\\\/gambling6.com\\\/fr\\\/#website\",\"url\":\"https:\\\/\\\/gambling6.com\\\/fr\\\/\",\"name\":\"Gambling6\",\"description\":\"\",\"potentialAction\":[{\"@type\":\"SearchAction\",\"target\":{\"@type\":\"EntryPoint\",\"urlTemplate\":\"https:\\\/\\\/gambling6.com\\\/fr\\\/?s={search_term_string}\"},\"query-input\":{\"@type\":\"PropertyValueSpecification\",\"valueRequired\":true,\"valueName\":\"search_term_string\"}}],\"inLanguage\":\"fr-FR\"}]}<\/script>\n<!-- \/ Yoast SEO plugin. -->","yoast_head_json":{"title":"Achetez vos billets pour la loterie El Gordo en ligne","description":"Devenez millionnaire en achetant vos billets en ligne pour la loterie El Gordo.","robots":{"index":"index","follow":"follow","max-snippet":"max-snippet:-1","max-image-preview":"max-image-preview:large","max-video-preview":"max-video-preview:-1"},"canonical":"https:\/\/gambling6.com\/fr\/loterie\/achetez-des-billets-de-loterie-el-gordo-ou-que-vous-soyez\/","og_locale":"fr_FR","og_type":"article","og_title":"Achetez vos billets pour la loterie El Gordo en ligne","og_description":"Devenez millionnaire en achetant vos billets en ligne pour la loterie El Gordo.","og_url":"https:\/\/gambling6.com\/fr\/loterie\/achetez-des-billets-de-loterie-el-gordo-ou-que-vous-soyez\/","og_site_name":"Gambling6","article_modified_time":"2025-11-12T18:55:01+00:00","og_image":[{"width":219,"height":300,"url":"https:\/\/gambling6.com\/wp-content\/uploads\/2022\/04\/2_ticket_spanish_lottery.jpg","type":"image\/jpeg"}],"twitter_card":"summary_large_image","twitter_misc":{"Dur\u00e9e de lecture estim\u00e9e":"2 minutes"},"schema":{"@context":"https:\/\/schema.org","@graph":[{"@type":"WebPage","@id":"https:\/\/gambling6.com\/fr\/loterie\/achetez-des-billets-de-loterie-el-gordo-ou-que-vous-soyez\/","url":"https:\/\/gambling6.com\/fr\/loterie\/achetez-des-billets-de-loterie-el-gordo-ou-que-vous-soyez\/","name":"Achetez vos billets pour la loterie El Gordo en ligne","isPartOf":{"@id":"https:\/\/gambling6.com\/fr\/#website"},"primaryImageOfPage":{"@id":"https:\/\/gambling6.com\/fr\/loterie\/achetez-des-billets-de-loterie-el-gordo-ou-que-vous-soyez\/#primaryimage"},"image":{"@id":"https:\/\/gambling6.com\/fr\/loterie\/achetez-des-billets-de-loterie-el-gordo-ou-que-vous-soyez\/#primaryimage"},"thumbnailUrl":"https:\/\/gambling6.com\/wp-content\/uploads\/2022\/04\/2_ticket_spanish_lottery.jpg","datePublished":"2025-11-11T04:48:29+00:00","dateModified":"2025-11-12T18:55:01+00:00","description":"Devenez millionnaire en achetant vos billets en ligne pour la loterie El Gordo.","breadcrumb":{"@id":"https:\/\/gambling6.com\/fr\/loterie\/achetez-des-billets-de-loterie-el-gordo-ou-que-vous-soyez\/#breadcrumb"},"inLanguage":"fr-FR","potentialAction":[{"@type":"ReadAction","target":["https:\/\/gambling6.com\/fr\/loterie\/achetez-des-billets-de-loterie-el-gordo-ou-que-vous-soyez\/"]}]},{"@type":"ImageObject","inLanguage":"fr-FR","@id":"https:\/\/gambling6.com\/fr\/loterie\/achetez-des-billets-de-loterie-el-gordo-ou-que-vous-soyez\/#primaryimage","url":"https:\/\/gambling6.com\/wp-content\/uploads\/2022\/04\/2_ticket_spanish_lottery.jpg","contentUrl":"https:\/\/gambling6.com\/wp-content\/uploads\/2022\/04\/2_ticket_spanish_lottery.jpg"},{"@type":"BreadcrumbList","@id":"https:\/\/gambling6.com\/fr\/loterie\/achetez-des-billets-de-loterie-el-gordo-ou-que-vous-soyez\/#breadcrumb","itemListElement":[{"@type":"ListItem","position":1,"name":"Home","item":"https:\/\/gambling6.com\/fr\/home\/"},{"@type":"ListItem","position":2,"name":"Loterie","item":"https:\/\/gambling6.com\/fr\/loterie\/"},{"@type":"ListItem","position":3,"name":"Achetez des billets de loterie El Gordo o\u00f9 que vous soyez."}]},{"@type":"WebSite","@id":"https:\/\/gambling6.com\/fr\/#website","url":"https:\/\/gambling6.com\/fr\/","name":"Gambling6","description":"","potentialAction":[{"@type":"SearchAction","target":{"@type":"EntryPoint","urlTemplate":"https:\/\/gambling6.com\/fr\/?s={search_term_string}"},"query-input":{"@type":"PropertyValueSpecification","valueRequired":true,"valueName":"search_term_string"}}],"inLanguage":"fr-FR"}]}},"_links":{"self":[{"href":"https:\/\/gambling6.com\/fr\/wp-json\/wp\/v2\/pages\/9589","targetHints":{"allow":["GET"]}}],"collection":[{"href":"https:\/\/gambling6.com\/fr\/wp-json\/wp\/v2\/pages"}],"about":[{"href":"https:\/\/gambling6.com\/fr\/wp-json\/wp\/v2\/types\/page"}],"author":[{"embeddable":true,"href":"https:\/\/gambling6.com\/fr\/wp-json\/wp\/v2\/users\/1"}],"replies":[{"embeddable":true,"href":"https:\/\/gambling6.com\/fr\/wp-json\/wp\/v2\/comments?post=9589"}],"version-history":[{"count":1,"href":"https:\/\/gambling6.com\/fr\/wp-json\/wp\/v2\/pages\/9589\/revisions"}],"predecessor-version":[{"id":10783,"href":"https:\/\/gambling6.com\/fr\/wp-json\/wp\/v2\/pages\/9589\/revisions\/10783"}],"up":[{"embeddable":true,"href":"https:\/\/gambling6.com\/fr\/wp-json\/wp\/v2\/pages\/9283"}],"wp:attachment":[{"href":"https:\/\/gambling6.com\/fr\/wp-json\/wp\/v2\/media?parent=9589"}],"curies":[{"name":"wp","href":"https:\/\/api.w.org\/{rel}","templated":true}]}}