{"id":11005,"date":"2025-11-17T11:05:40","date_gmt":"2025-11-17T11:05:40","guid":{"rendered":"https:\/\/gambling6.com\/?page_id=11005"},"modified":"2025-11-17T11:05:40","modified_gmt":"2025-11-17T11:05:40","slug":"888-kaszino-ertekeles","status":"publish","type":"page","link":"https:\/\/gambling6.com\/hu\/888-kaszino-ertekeles\/","title":{"rendered":"888 Kaszin\u00f3 \u00c9rt\u00e9kel\u00e9s"},"content":{"rendered":"<h2>Nem csak egy rulett oldal &#8211; 888 Casino<\/h2>\n<p>A 888 online kaszin\u00f3 egy elismert m\u00e1rka a j\u00e1t\u00e9kiparban. Ez az online kaszin\u00f3 fantasztikus, gyorsan bet\u00f6lt\u0151d\u0151 Flash-alap\u00fa kaszin\u00f3t \u00e9s a j\u00e1t\u00e9kok el\u00e9r\u00e9s\u00e9hez sz\u00fcks\u00e9ges szoftver let\u00f6lt\u00e9s\u00e9nek lehet\u0151s\u00e9g\u00e9t k\u00edn\u00e1lja. A j\u00e1t\u00e9kosok a let\u00f6lthet\u0151 verzi\u00f3t r\u00e9szes\u00edtik el\u0151nyben, mivel egys\u00e9ges \u00e9rzetet \u00e9s megjelen\u00e9st biztos\u00edt a j\u00e1t\u00e9kok sor\u00e1n.<br \/>\n<a href=\"https:\/\/ic.aff-handler.com\/C\/45871?sr=1064399&amp;anid=\" rel=\"nofollow\"><img decoding=\"async\" class=\"aligncenter\" src=\"https:\/\/ic.aff-handler.com\/I\/45871?sr=1064399&amp;anid=\" \/><\/a><\/p>\n<h2>888 Rulettj\u00e1t\u00e9kok<\/h2>\n<p>Az eur\u00f3pai rulettt\u0151l a 3D rulettig mindenf\u00e9le rulettet \u00e9lvezhet ebben a kaszin\u00f3ban. Ingyenesen j\u00e1tszhat\u00f3 rulettj\u00e1t\u00e9kok is el\u00e9rhet\u0151k, ahol megtanulhatod a j\u00e1t\u00e9k szab\u00e1lyait, ha m\u00e9g csak most ismerkedsz a j\u00e1t\u00e9kkal. A kaszin\u00f3 f\u0151 vonzereje az \u00e9l\u0151 rulett. H\u00e1rom egy null\u00e1s asztal k\u00f6z\u00fcl v\u00e1laszthatsz: eur\u00f3pai, francia \u00e9s velencei rulett (olaszul besz\u00e9l\u0151 oszt\u00f3val).<\/p>\n<p>A t\u00e9t 1-t\u0151l maximum 200-ig terjed. Az elfogadott p\u00e9nznemek az USD, az eur\u00f3 \u00e9s a GBP. A j\u00e1t\u00e9k nagyszer\u0171 eszt\u00e9tik\u00e1t k\u00edn\u00e1l a j\u00e1t\u00e9kosoknak. A legjobb az eg\u00e9szben, hogy a j\u00e1t\u00e9kosok b\u00f6ng\u00e9sz\u0151ben j\u00e1tszhatnak szoftver let\u00f6lt\u00e9se n\u00e9lk\u00fcl. A j\u00e1t\u00e9knak k\u00e9t n\u00e9zete van: a klasszikus \u00e9s a 3D-s n\u00e9zet. A j\u00e1t\u00e9kban minden megtal\u00e1lhat\u00f3, egyetlen rulettrajong\u00f3 sem k\u00edv\u00e1nhatna t\u00f6bbet.<\/p>\n<p>De a rulettj\u00e1t\u00e9kokon k\u00edv\u00fcl mindenf\u00e9le online p\u00e9nzes j\u00e1t\u00e9kot tal\u00e1lsz itt. P\u00f3ker, sportfogad\u00e1s, bing\u00f3, kapar\u00f3s sorsjegyek, nyer\u0151g\u00e9pek, blackjack &#8211; amit csak tudsz, van nekik!<\/p>\n<h2>888 biztons\u00e1g<\/h2>\n<p>Ez a gibralt\u00e1ri sz\u00e9khely\u0171 kaszin\u00f3 nagyon komolyan veszi tagjai szem\u00e9lyes adatainak v\u00e9delm\u00e9t. Szigor\u00fa biztons\u00e1gi protokollokat k\u00f6vetnek az adatok \u00e9s inform\u00e1ci\u00f3k kiberb\u0171n\u00f6z\u0151i t\u00e1mad\u00e1sokkal szembeni v\u00e9delme \u00e9rdek\u00e9ben. A kaszin\u00f3 b\u00fcszke arra, hogy k\u00fcl\u00f6nf\u00e9le biztons\u00e1gi tan\u00fas\u00edtv\u00e1nyokkal rendelkezik. 20 befizet\u00e9si m\u00f3dot k\u00edn\u00e1lnak, bele\u00e9rtve az ipar\u00e1g legmegb\u00edzhat\u00f3bb neveit, mint p\u00e9ld\u00e1ul a Visa \u00e9s a Neteller. A kaszin\u00f3nak magas szint\u0171 biztons\u00e1got kell fenntartania, mivel a j\u00e1t\u00e9kosoknak igazol\u00f3 dokumentumokat kell bemutatniuk a csal\u00e1sok megel\u0151z\u00e9se \u00e9rdek\u00e9ben, \u00e9s az inform\u00e1ci\u00f3k \u00e9rz\u00e9kenyek. Ilyen rendk\u00edv\u00fcli biztons\u00e1gi int\u00e9zked\u00e9sekkel a j\u00e1t\u00e9kosok aggodalom n\u00e9lk\u00fcl \u00e9lvezhetik a j\u00e1t\u00e9kot.<\/p>\n<h2>888 Kaszin\u00f3 B\u00f3nuszok \u00e9s Prom\u00f3ci\u00f3k<\/h2>\n<p>A j\u00e1t\u00e9kokon k\u00edv\u00fcl a legt\u00f6bb kaszin\u00f3j\u00e1t\u00e9kost a k\u00f6vetkez\u0151 dolog \u00e9rdekli: a b\u00f3nuszok \u00e9s prom\u00f3ci\u00f3k. A 888 rendszeres id\u0151k\u00f6z\u00f6nk\u00e9nt nagyszer\u0171 prom\u00f3ci\u00f3kat k\u00edn\u00e1l. Nagylelk\u0171 csatlakoz\u00e1si b\u00f3nuszt biztos\u00edtanak minden \u00faj j\u00e1t\u00e9kosnak. Ezt szabadon felhaszn\u00e1lhatja b\u00e1rmely kaszin\u00f3j\u00e1t\u00e9k-szekci\u00f3ban. Amikor el\u0151sz\u00f6r j\u00e1tszik rulettet, 1500 eur\u00f3s csatlakoz\u00e1si b\u00f3nusszal fogadj\u00e1k. A kaszin\u00f3 aj\u00e1nl\u00e1si prom\u00f3ci\u00f3val is rendelkezik, ahol jutalmakat szerezhet bar\u00e1tai megh\u00edv\u00e1s\u00e1val. \u00d6sszess\u00e9g\u00e9ben a 888 Kaszin\u00f3 egy sz\u00f3rakoztat\u00f3 hely minden rulettrajong\u00f3 sz\u00e1m\u00e1ra. B\u00e1rmely szerencsej\u00e1t\u00e9k-rajong\u00f3 \u00e9lvezheti \u00e9s j\u00f3l \u00e9rezheti mag\u00e1t ebben a kaszin\u00f3ban!<\/p>\n","protected":false},"excerpt":{"rendered":"<p>Nem csak egy rulett oldal &#8211; 888 Casino A 888 online kaszin\u00f3 egy elismert m\u00e1rka a j\u00e1t\u00e9kiparban. Ez az online kaszin\u00f3 fantasztikus, gyorsan bet\u00f6lt\u0151d\u0151 Flash-alap\u00fa kaszin\u00f3t \u00e9s a j\u00e1t\u00e9kok el\u00e9r\u00e9s\u00e9hez sz\u00fcks\u00e9ges szoftver let\u00f6lt\u00e9s\u00e9nek lehet\u0151s\u00e9g\u00e9t k\u00edn\u00e1lja. A j\u00e1t\u00e9kosok a let\u00f6lthet\u0151 verzi\u00f3t r\u00e9szes\u00edtik el\u0151nyben, mivel egys\u00e9ges \u00e9rzetet \u00e9s megjelen\u00e9st biztos\u00edt a j\u00e1t\u00e9kok sor\u00e1n. 888 Rulettj\u00e1t\u00e9kok Az eur\u00f3pai [&hellip;]<\/p>\n","protected":false},"author":1,"featured_media":0,"parent":0,"menu_order":3,"comment_status":"closed","ping_status":"closed","template":"","meta":{"footnotes":""},"class_list":["post-11005","page","type-page","status-publish","hentry"],"yoast_head":"<!-- This site is optimized with the Yoast SEO plugin v27.4 - https:\/\/yoast.com\/product\/yoast-seo-wordpress\/ -->\n<title>888 Kaszin\u00f3 \u00c9rt\u00e9kel\u00e9s - Gambling6<\/title>\n<meta name=\"robots\" content=\"index, follow, max-snippet:-1, max-image-preview:large, max-video-preview:-1\" \/>\n<link rel=\"canonical\" href=\"https:\/\/gambling6.com\/hu\/888-kaszino-ertekeles\/\" \/>\n<meta property=\"og:locale\" content=\"hu_HU\" \/>\n<meta property=\"og:type\" content=\"article\" \/>\n<meta property=\"og:title\" content=\"888 Kaszin\u00f3 \u00c9rt\u00e9kel\u00e9s - Gambling6\" \/>\n<meta property=\"og:description\" content=\"Nem csak egy rulett oldal &#8211; 888 Casino A 888 online kaszin\u00f3 egy elismert m\u00e1rka a j\u00e1t\u00e9kiparban. Ez az online kaszin\u00f3 fantasztikus, gyorsan bet\u00f6lt\u0151d\u0151 Flash-alap\u00fa kaszin\u00f3t \u00e9s a j\u00e1t\u00e9kok el\u00e9r\u00e9s\u00e9hez sz\u00fcks\u00e9ges szoftver let\u00f6lt\u00e9s\u00e9nek lehet\u0151s\u00e9g\u00e9t k\u00edn\u00e1lja. A j\u00e1t\u00e9kosok a let\u00f6lthet\u0151 verzi\u00f3t r\u00e9szes\u00edtik el\u0151nyben, mivel egys\u00e9ges \u00e9rzetet \u00e9s megjelen\u00e9st biztos\u00edt a j\u00e1t\u00e9kok sor\u00e1n. 888 Rulettj\u00e1t\u00e9kok Az eur\u00f3pai [&hellip;]\" \/>\n<meta property=\"og:url\" content=\"https:\/\/gambling6.com\/hu\/888-kaszino-ertekeles\/\" \/>\n<meta property=\"og:site_name\" content=\"Gambling6\" \/>\n<meta property=\"og:image\" content=\"https:\/\/ic.aff-handler.com\/I\/45871?sr=1064399&amp;anid=\" \/>\n<meta name=\"twitter:card\" content=\"summary_large_image\" \/>\n<meta name=\"twitter:label1\" content=\"Becs\u00fclt olvas\u00e1si id\u0151\" \/>\n\t<meta name=\"twitter:data1\" content=\"3 perc\" \/>\n<script type=\"application\/ld+json\" class=\"yoast-schema-graph\">{\"@context\":\"https:\\\/\\\/schema.org\",\"@graph\":[{\"@type\":\"WebPage\",\"@id\":\"https:\\\/\\\/gambling6.com\\\/hu\\\/888-kaszino-ertekeles\\\/\",\"url\":\"https:\\\/\\\/gambling6.com\\\/hu\\\/888-kaszino-ertekeles\\\/\",\"name\":\"888 Kaszin\u00f3 \u00c9rt\u00e9kel\u00e9s - Gambling6\",\"isPartOf\":{\"@id\":\"https:\\\/\\\/gambling6.com\\\/hu\\\/#website\"},\"primaryImageOfPage\":{\"@id\":\"https:\\\/\\\/gambling6.com\\\/hu\\\/888-kaszino-ertekeles\\\/#primaryimage\"},\"image\":{\"@id\":\"https:\\\/\\\/gambling6.com\\\/hu\\\/888-kaszino-ertekeles\\\/#primaryimage\"},\"thumbnailUrl\":\"https:\\\/\\\/ic.aff-handler.com\\\/I\\\/45871?sr=1064399&amp;anid=\",\"datePublished\":\"2025-11-17T11:05:40+00:00\",\"breadcrumb\":{\"@id\":\"https:\\\/\\\/gambling6.com\\\/hu\\\/888-kaszino-ertekeles\\\/#breadcrumb\"},\"inLanguage\":\"hu\",\"potentialAction\":[{\"@type\":\"ReadAction\",\"target\":[\"https:\\\/\\\/gambling6.com\\\/hu\\\/888-kaszino-ertekeles\\\/\"]}]},{\"@type\":\"ImageObject\",\"inLanguage\":\"hu\",\"@id\":\"https:\\\/\\\/gambling6.com\\\/hu\\\/888-kaszino-ertekeles\\\/#primaryimage\",\"url\":\"https:\\\/\\\/ic.aff-handler.com\\\/I\\\/45871?sr=1064399&amp;anid=\",\"contentUrl\":\"https:\\\/\\\/ic.aff-handler.com\\\/I\\\/45871?sr=1064399&amp;anid=\"},{\"@type\":\"BreadcrumbList\",\"@id\":\"https:\\\/\\\/gambling6.com\\\/hu\\\/888-kaszino-ertekeles\\\/#breadcrumb\",\"itemListElement\":[{\"@type\":\"ListItem\",\"position\":1,\"name\":\"Home\",\"item\":\"https:\\\/\\\/gambling6.com\\\/hu\\\/home\\\/\"},{\"@type\":\"ListItem\",\"position\":2,\"name\":\"888 Kaszin\u00f3 \u00c9rt\u00e9kel\u00e9s\"}]},{\"@type\":\"WebSite\",\"@id\":\"https:\\\/\\\/gambling6.com\\\/hu\\\/#website\",\"url\":\"https:\\\/\\\/gambling6.com\\\/hu\\\/\",\"name\":\"Gambling6\",\"description\":\"\",\"potentialAction\":[{\"@type\":\"SearchAction\",\"target\":{\"@type\":\"EntryPoint\",\"urlTemplate\":\"https:\\\/\\\/gambling6.com\\\/hu\\\/?s={search_term_string}\"},\"query-input\":{\"@type\":\"PropertyValueSpecification\",\"valueRequired\":true,\"valueName\":\"search_term_string\"}}],\"inLanguage\":\"hu\"}]}<\/script>\n<!-- \/ Yoast SEO plugin. -->","yoast_head_json":{"title":"888 Kaszin\u00f3 \u00c9rt\u00e9kel\u00e9s - Gambling6","robots":{"index":"index","follow":"follow","max-snippet":"max-snippet:-1","max-image-preview":"max-image-preview:large","max-video-preview":"max-video-preview:-1"},"canonical":"https:\/\/gambling6.com\/hu\/888-kaszino-ertekeles\/","og_locale":"hu_HU","og_type":"article","og_title":"888 Kaszin\u00f3 \u00c9rt\u00e9kel\u00e9s - Gambling6","og_description":"Nem csak egy rulett oldal &#8211; 888 Casino A 888 online kaszin\u00f3 egy elismert m\u00e1rka a j\u00e1t\u00e9kiparban. Ez az online kaszin\u00f3 fantasztikus, gyorsan bet\u00f6lt\u0151d\u0151 Flash-alap\u00fa kaszin\u00f3t \u00e9s a j\u00e1t\u00e9kok el\u00e9r\u00e9s\u00e9hez sz\u00fcks\u00e9ges szoftver let\u00f6lt\u00e9s\u00e9nek lehet\u0151s\u00e9g\u00e9t k\u00edn\u00e1lja. A j\u00e1t\u00e9kosok a let\u00f6lthet\u0151 verzi\u00f3t r\u00e9szes\u00edtik el\u0151nyben, mivel egys\u00e9ges \u00e9rzetet \u00e9s megjelen\u00e9st biztos\u00edt a j\u00e1t\u00e9kok sor\u00e1n. 888 Rulettj\u00e1t\u00e9kok Az eur\u00f3pai [&hellip;]","og_url":"https:\/\/gambling6.com\/hu\/888-kaszino-ertekeles\/","og_site_name":"Gambling6","og_image":[{"url":"https:\/\/ic.aff-handler.com\/I\/45871?sr=1064399&amp;anid=","type":"","width":"","height":""}],"twitter_card":"summary_large_image","twitter_misc":{"Becs\u00fclt olvas\u00e1si id\u0151":"3 perc"},"schema":{"@context":"https:\/\/schema.org","@graph":[{"@type":"WebPage","@id":"https:\/\/gambling6.com\/hu\/888-kaszino-ertekeles\/","url":"https:\/\/gambling6.com\/hu\/888-kaszino-ertekeles\/","name":"888 Kaszin\u00f3 \u00c9rt\u00e9kel\u00e9s - Gambling6","isPartOf":{"@id":"https:\/\/gambling6.com\/hu\/#website"},"primaryImageOfPage":{"@id":"https:\/\/gambling6.com\/hu\/888-kaszino-ertekeles\/#primaryimage"},"image":{"@id":"https:\/\/gambling6.com\/hu\/888-kaszino-ertekeles\/#primaryimage"},"thumbnailUrl":"https:\/\/ic.aff-handler.com\/I\/45871?sr=1064399&amp;anid=","datePublished":"2025-11-17T11:05:40+00:00","breadcrumb":{"@id":"https:\/\/gambling6.com\/hu\/888-kaszino-ertekeles\/#breadcrumb"},"inLanguage":"hu","potentialAction":[{"@type":"ReadAction","target":["https:\/\/gambling6.com\/hu\/888-kaszino-ertekeles\/"]}]},{"@type":"ImageObject","inLanguage":"hu","@id":"https:\/\/gambling6.com\/hu\/888-kaszino-ertekeles\/#primaryimage","url":"https:\/\/ic.aff-handler.com\/I\/45871?sr=1064399&amp;anid=","contentUrl":"https:\/\/ic.aff-handler.com\/I\/45871?sr=1064399&amp;anid="},{"@type":"BreadcrumbList","@id":"https:\/\/gambling6.com\/hu\/888-kaszino-ertekeles\/#breadcrumb","itemListElement":[{"@type":"ListItem","position":1,"name":"Home","item":"https:\/\/gambling6.com\/hu\/home\/"},{"@type":"ListItem","position":2,"name":"888 Kaszin\u00f3 \u00c9rt\u00e9kel\u00e9s"}]},{"@type":"WebSite","@id":"https:\/\/gambling6.com\/hu\/#website","url":"https:\/\/gambling6.com\/hu\/","name":"Gambling6","description":"","potentialAction":[{"@type":"SearchAction","target":{"@type":"EntryPoint","urlTemplate":"https:\/\/gambling6.com\/hu\/?s={search_term_string}"},"query-input":{"@type":"PropertyValueSpecification","valueRequired":true,"valueName":"search_term_string"}}],"inLanguage":"hu"}]}},"_links":{"self":[{"href":"https:\/\/gambling6.com\/hu\/wp-json\/wp\/v2\/pages\/11005","targetHints":{"allow":["GET"]}}],"collection":[{"href":"https:\/\/gambling6.com\/hu\/wp-json\/wp\/v2\/pages"}],"about":[{"href":"https:\/\/gambling6.com\/hu\/wp-json\/wp\/v2\/types\/page"}],"author":[{"embeddable":true,"href":"https:\/\/gambling6.com\/hu\/wp-json\/wp\/v2\/users\/1"}],"replies":[{"embeddable":true,"href":"https:\/\/gambling6.com\/hu\/wp-json\/wp\/v2\/comments?post=11005"}],"version-history":[{"count":1,"href":"https:\/\/gambling6.com\/hu\/wp-json\/wp\/v2\/pages\/11005\/revisions"}],"predecessor-version":[{"id":11007,"href":"https:\/\/gambling6.com\/hu\/wp-json\/wp\/v2\/pages\/11005\/revisions\/11007"}],"wp:attachment":[{"href":"https:\/\/gambling6.com\/hu\/wp-json\/wp\/v2\/media?parent=11005"}],"curies":[{"name":"wp","href":"https:\/\/api.w.org\/{rel}","templated":true}]}}