{"id":11056,"date":"2025-11-17T12:13:25","date_gmt":"2025-11-17T12:13:25","guid":{"rendered":"https:\/\/gambling6.com\/?p=11056"},"modified":"2025-11-17T12:13:25","modified_gmt":"2025-11-17T12:13:25","slug":"mennyire-jo-a-redfoxlotto","status":"publish","type":"page","link":"https:\/\/gambling6.com\/hu\/mennyire-jo-a-redfoxlotto\/","title":{"rendered":"Mennyire j\u00f3 a RedFoxLotto?"},"content":{"rendered":"<h2>A RedFoxLotto \u00e1ttekint\u00e9se<\/h2>\n<p><strong>A RedFoxLotto<\/strong>egy rendk\u00edv\u00fcl felhaszn\u00e1l\u00f3bar\u00e1t, biztons\u00e1gos \u00e9s megb\u00edzhat\u00f3 platform online szelv\u00e9nyek v\u00e1s\u00e1rl\u00e1s\u00e1ra a vil\u00e1g \u00f6sszes nagyobb lott\u00f3j\u00e1ra. A RedFoxLotto weboldal\u00e1n sz\u00e1mos vil\u00e1gm\u00e9ret\u0171 lott\u00f3n j\u00e1tszhat, \u00e9s a szelv\u00e9nyek a nap 24 \u00f3r\u00e1j\u00e1ban, a h\u00e9t minden napj\u00e1n megrendelhet\u0151k. Egyszer\u0171 fi\u00f3kot l\u00e9trehozni, p\u00e9nzt befizetni, \u00e9s perceken bel\u00fcl elkezdhet j\u00e1tszani a nemzetk\u00f6zi lott\u00f3szelv\u00e9nyeken.<\/p>\n<h2>Az \u00f6sszes nyerem\u00e9ny\u00e9t a RedFoxLotto-n\u00e1l tarthatja<\/h2>\n<p>A RedFoxLotto vil\u00e1gszerte lott\u00f3fut\u00e1rokat alkalmaz, akik az \u00d6n nev\u00e9ben v\u00e1s\u00e1rolj\u00e1k meg a szelv\u00e9nyeket az \u00d6n \u00e1ltal j\u00e1tszani k\u00edv\u00e1nt lott\u00f3kra. Miut\u00e1n a szelv\u00e9nyeket megv\u00e1s\u00e1rolt\u00e1k, \u00e9s a szelv\u00e9nyeket beolvass\u00e1k \u00e9s felt\u00f6ltik a sz\u00e1ml\u00e1j\u00e1ra a sorsol\u00e1s el\u0151tt, ez a m\u00f3dszer biztos\u00edtja, hogy l\u00e1thassa szelv\u00e9nyeit, \u00e9s nyerem\u00e9ny\u00e9nek 100%-\u00e1t megkapja. A RedFoxLotto nem szed le sz\u00e1zal\u00e9kot a nyerem\u00e9ny\u00e9b\u0151l; minden d\u00edj benne van a szelv\u00e9nyek \u00e1r\u00e1ban.<\/p>\n<h2>Minden nagyobb lott\u00f3ra kaphat\u00f3 szelv\u00e9ny<\/h2>\n<p><strong>Minden nagyobb vil\u00e1glott\u00f3ra kaphat\u00f3 szelv\u00e9ny, bele\u00e9rtve a Mega Millions, Powerball USA, Eurojackpot, Euro Millions \u00e9s m\u00e9g sok m\u00e1s lott\u00f3t.<\/strong> Nem sz\u00e1m\u00edt, melyik orsz\u00e1gban \u00e9lsz; vil\u00e1gszerte minden nagyobb lott\u00f3ra v\u00e1s\u00e1rolhatsz szelv\u00e9nyeket. Csak be kell jelentkezned a fi\u00f3kodba, ki kell v\u00e1lasztanod a j\u00e1tszani k\u00edv\u00e1nt RedFoxLotto lott\u00f3t, ki kell v\u00e1lasztanod a j\u00e1tszani k\u00edv\u00e1nt sz\u00e1mokat, \u00e9s h\u00e1trad\u0151ln\u00f6d, hogy megv\u00e1rd a sorsol\u00e1st. A RedFoxLotto \u00e9rtes\u00edt\u00e9st k\u00fcld neked minden nyerem\u00e9nyr\u0151l.<\/p>\n<p>K\u00f6nny\u0171 \u00e1tvenni a nyerem\u00e9nyedet a RedFoxLotto-n\u00e1l<\/p>\n<p>A nyertes szelv\u00e9nyeidr\u0151l <strong>a RedFoxLotto e-mailben \u00e9rtes\u00edt\u00e9st k\u00fcld, vagy felh\u00edv, ha a nyerem\u00e9ny nagyobb, hogy t\u00e1j\u00e9koztasson a nyerem\u00e9nyedr\u0151l.<\/strong> A 2000 eur\u00f3ig terjed\u0151 nyerem\u00e9nyeket automatikusan j\u00f3v\u00e1\u00edrjuk a sz\u00e1ml\u00e1don. Ha 2000 eur\u00f3n\u00e1l nagyobb nyerem\u00e9nyt nyer, a RedFoxLotto feldolgoz\u00e1si szak\u00e9rt\u0151i v\u00e9gigvezetik \u00d6nt a nyerem\u00e9ny \u00e1tv\u00e9tel\u00e9hez sz\u00fcks\u00e9ges l\u00e9p\u00e9seken. A f\u0151d\u00edjasok v\u00e1laszthatj\u00e1k, hogy a RedFoxLotto j\u00e1rjon el a nev\u00fckben, vagy ha \u00fagy tetszik, szem\u00e9lyesen is elutazhat nyerem\u00e9nye \u00e1tv\u00e9tel\u00e9\u00e9rt. Biztosak vagyunk benne, hogy ha t\u00f6bb milli\u00f3 doll\u00e1ros nyertes lesz, nem lesz gondja a nyerem\u00e9ny \u00e1tv\u00e9tel\u00e9hez sz\u00fcks\u00e9ges l\u00e9p\u00e9sek megt\u00e9tel\u00e9vel.<\/p>\n<h2>Online lott\u00f3szelv\u00e9nyek fizet\u00e9se<\/h2>\n<p>A RedFoxLotto sz\u00e1mos biztons\u00e1gos fizet\u00e9si lehet\u0151s\u00e9get k\u00edn\u00e1l, f\u00fcggetlen\u00fcl att\u00f3l, hogy melyik orsz\u00e1gban \u00e9l.<strong> Elfogadj\u00e1k a Visa, MasterCard, American Express, Skrill, Neteller, azonnali banki \u00e1tutal\u00e1s, kriptovalut\u00e1k \u00e9s sz\u00e1mos m\u00e1s internetes p\u00e9nzt\u00e1rca term\u00e9ket.<\/strong> D\u00f6nthet \u00fagy, hogy nyerem\u00e9ny\u00e9t ezen m\u00f3dszerek b\u00e1rmelyik\u00e9vel utalj\u00e1k \u00e1t, vagy k\u00f6zvetlen\u00fcl a banksz\u00e1ml\u00e1j\u00e1ra utalj\u00e1k.<\/p>\n<p>A RedFoxLotto minden \u00e9vben t\u00f6bb milli\u00f3 doll\u00e1ros nyerteseket k\u00e9pvisel, \u00e9s 100%-os fizet\u00e9si garanci\u00e1t v\u00e1llal. Azt fogja tapasztalni, hogy ha b\u00e1rmilyen k\u00e9rd\u00e9se van, k\u00f6nnyen kapcsolatba l\u00e9phet a RedFoxLotto.com weboldalon a nap 24 \u00f3r\u00e1j\u00e1ban el\u00e9rhet\u0151, elk\u00f6telezett \u00fcgyf\u00e9lszolg\u00e1lati k\u00e9pvisel\u0151kkel. T\u00f6bb\u00e9 nem kell felkeresnie a helyi lott\u00f3z\u00f3kat, hogy szelv\u00e9nyeket v\u00e1s\u00e1roljon a helyi lott\u00f3ra. Otthona vagy irod\u00e1ja k\u00e9nyelm\u00e9b\u0151l, b\u0151ven id\u0151ben v\u00e1s\u00e1rolhat szelv\u00e9nyeket minden lott\u00f3ra.<\/p>\n<p><strong>Kezdjen el j\u00e1tszani nemzetk\u00f6zi lott\u00f3kon online m\u00e9g ma! L\u00e1togasson el partner\u00fcnkh\u00f6z, a RedFoxLottohoz, \u00e9s nyissa meg szem\u00e9lyes fi\u00f3kj\u00e1t.<\/strong> Miut\u00e1n l\u00e9trehozta fi\u00f3kj\u00e1t, sz\u00e1mos k\u00fcl\u00f6nb\u00f6z\u0151 b\u00f3nuszaj\u00e1nlatot \u00e9s k\u00fcl\u00f6nleges szelv\u00e9nyv\u00e1s\u00e1rl\u00e1si programot tal\u00e1l, hogy a lott\u00f3z\u00e1s sz\u00f3rakoztat\u00f3 \u00e9s j\u00f6vedelmez\u0151 legyen.<\/p>\n<p><a class=\"thirstylink\" title=\"Redfoxlotto\" href=\"https:\/\/gambling6.com\/go\/redfoxlotto\/\" target=\"_blank\" rel=\"nofollow noopener\">Kattintson ide most, hogy l\u00e9trehozza szem\u00e9lyes online RedFoxLotto fi\u00f3kj\u00e1t<\/a>, \u00e9s egyik napr\u00f3l a m\u00e1sikra multimilliomoss\u00e1 v\u00e1lhat.<\/p>\n","protected":false},"excerpt":{"rendered":"<p>A RedFoxLotto \u00e1ttekint\u00e9se A RedFoxLottoegy rendk\u00edv\u00fcl felhaszn\u00e1l\u00f3bar\u00e1t, biztons\u00e1gos \u00e9s megb\u00edzhat\u00f3 platform online szelv\u00e9nyek v\u00e1s\u00e1rl\u00e1s\u00e1ra a vil\u00e1g \u00f6sszes nagyobb lott\u00f3j\u00e1ra. A RedFoxLotto weboldal\u00e1n sz\u00e1mos vil\u00e1gm\u00e9ret\u0171 lott\u00f3n j\u00e1tszhat, \u00e9s a szelv\u00e9nyek a nap 24 \u00f3r\u00e1j\u00e1ban, a h\u00e9t minden napj\u00e1n megrendelhet\u0151k. Egyszer\u0171 fi\u00f3kot l\u00e9trehozni, p\u00e9nzt befizetni, \u00e9s perceken bel\u00fcl elkezdhet j\u00e1tszani a nemzetk\u00f6zi lott\u00f3szelv\u00e9nyeken. Az \u00f6sszes nyerem\u00e9ny\u00e9t a [&hellip;]<\/p>\n","protected":false},"author":1,"featured_media":0,"parent":0,"menu_order":1,"comment_status":"closed","ping_status":"closed","template":"","meta":{"footnotes":""},"class_list":["post-11056","page","type-page","status-publish","hentry"],"yoast_head":"<!-- This site is optimized with the Yoast SEO plugin v27.4 - https:\/\/yoast.com\/product\/yoast-seo-wordpress\/ -->\n<title>RedFoxLotto ismertet\u0151<\/title>\n<meta name=\"description\" content=\"A RedFoxLotto.com oldalon online v\u00e1s\u00e1rolhatsz szelv\u00e9nyeket nemzetk\u00f6zi lott\u00f3kra, bele\u00e9rtve a Powerballt \u00e9s a Mega Millionst is. Olvasd el a RedFoxlotto ismertet\u0151nket.\" \/>\n<meta name=\"robots\" content=\"index, follow, max-snippet:-1, max-image-preview:large, max-video-preview:-1\" \/>\n<link rel=\"canonical\" href=\"https:\/\/gambling6.com\/hu\/mennyire-jo-a-redfoxlotto\/\" \/>\n<meta property=\"og:locale\" content=\"hu_HU\" \/>\n<meta property=\"og:type\" content=\"article\" \/>\n<meta property=\"og:title\" content=\"RedFoxLotto ismertet\u0151\" \/>\n<meta property=\"og:description\" content=\"A RedFoxLotto.com oldalon online v\u00e1s\u00e1rolhatsz szelv\u00e9nyeket nemzetk\u00f6zi lott\u00f3kra, bele\u00e9rtve a Powerballt \u00e9s a Mega Millionst is. Olvasd el a RedFoxlotto ismertet\u0151nket.\" \/>\n<meta property=\"og:url\" content=\"https:\/\/gambling6.com\/hu\/mennyire-jo-a-redfoxlotto\/\" \/>\n<meta property=\"og:site_name\" content=\"Gambling6\" \/>\n<meta property=\"article:published_time\" content=\"2025-11-17T12:13:25+00:00\" \/>\n<meta name=\"author\" content=\"Catfish\" \/>\n<meta name=\"twitter:card\" content=\"summary_large_image\" \/>\n<meta name=\"twitter:label1\" content=\"Szerz\u0151:\" \/>\n\t<meta name=\"twitter:data1\" content=\"Catfish\" \/>\n\t<meta name=\"twitter:label2\" content=\"Becs\u00fclt olvas\u00e1si id\u0151\" \/>\n\t<meta name=\"twitter:data2\" content=\"4 perc\" \/>\n<script type=\"application\/ld+json\" class=\"yoast-schema-graph\">{\"@context\":\"https:\\\/\\\/schema.org\",\"@graph\":[{\"@type\":\"Article\",\"@id\":\"https:\\\/\\\/gambling6.com\\\/hu\\\/mennyire-jo-a-redfoxlotto\\\/#article\",\"isPartOf\":{\"@id\":\"https:\\\/\\\/gambling6.com\\\/hu\\\/mennyire-jo-a-redfoxlotto\\\/\"},\"author\":{\"name\":\"Catfish\",\"@id\":\"https:\\\/\\\/gambling6.com\\\/hu\\\/#\\\/schema\\\/person\\\/d093de87a44a018ef67117d02d86ddaf\"},\"headline\":\"Mennyire j\u00f3 a RedFoxLotto?\",\"datePublished\":\"2025-11-17T12:13:25+00:00\",\"mainEntityOfPage\":{\"@id\":\"https:\\\/\\\/gambling6.com\\\/hu\\\/mennyire-jo-a-redfoxlotto\\\/\"},\"wordCount\":715,\"articleSection\":[\"Uncategorized @hu\"],\"inLanguage\":\"hu\"},{\"@type\":\"WebPage\",\"@id\":\"https:\\\/\\\/gambling6.com\\\/hu\\\/mennyire-jo-a-redfoxlotto\\\/\",\"url\":\"https:\\\/\\\/gambling6.com\\\/hu\\\/mennyire-jo-a-redfoxlotto\\\/\",\"name\":\"RedFoxLotto ismertet\u0151\",\"isPartOf\":{\"@id\":\"https:\\\/\\\/gambling6.com\\\/hu\\\/#website\"},\"datePublished\":\"2025-11-17T12:13:25+00:00\",\"author\":{\"@id\":\"https:\\\/\\\/gambling6.com\\\/hu\\\/#\\\/schema\\\/person\\\/d093de87a44a018ef67117d02d86ddaf\"},\"description\":\"A RedFoxLotto.com oldalon online v\u00e1s\u00e1rolhatsz szelv\u00e9nyeket nemzetk\u00f6zi lott\u00f3kra, bele\u00e9rtve a Powerballt \u00e9s a Mega Millionst is. Olvasd el a RedFoxlotto ismertet\u0151nket.\",\"breadcrumb\":{\"@id\":\"https:\\\/\\\/gambling6.com\\\/hu\\\/mennyire-jo-a-redfoxlotto\\\/#breadcrumb\"},\"inLanguage\":\"hu\",\"potentialAction\":[{\"@type\":\"ReadAction\",\"target\":[\"https:\\\/\\\/gambling6.com\\\/hu\\\/mennyire-jo-a-redfoxlotto\\\/\"]}]},{\"@type\":\"BreadcrumbList\",\"@id\":\"https:\\\/\\\/gambling6.com\\\/hu\\\/mennyire-jo-a-redfoxlotto\\\/#breadcrumb\",\"itemListElement\":[{\"@type\":\"ListItem\",\"position\":1,\"name\":\"Home\",\"item\":\"https:\\\/\\\/gambling6.com\\\/hu\\\/home\\\/\"},{\"@type\":\"ListItem\",\"position\":2,\"name\":\"Mennyire j\u00f3 a RedFoxLotto?\"}]},{\"@type\":\"WebSite\",\"@id\":\"https:\\\/\\\/gambling6.com\\\/hu\\\/#website\",\"url\":\"https:\\\/\\\/gambling6.com\\\/hu\\\/\",\"name\":\"Gambling6\",\"description\":\"\",\"potentialAction\":[{\"@type\":\"SearchAction\",\"target\":{\"@type\":\"EntryPoint\",\"urlTemplate\":\"https:\\\/\\\/gambling6.com\\\/hu\\\/?s={search_term_string}\"},\"query-input\":{\"@type\":\"PropertyValueSpecification\",\"valueRequired\":true,\"valueName\":\"search_term_string\"}}],\"inLanguage\":\"hu\"},{\"@type\":\"Person\",\"@id\":\"https:\\\/\\\/gambling6.com\\\/hu\\\/#\\\/schema\\\/person\\\/d093de87a44a018ef67117d02d86ddaf\",\"name\":\"Catfish\",\"image\":{\"@type\":\"ImageObject\",\"inLanguage\":\"hu\",\"@id\":\"https:\\\/\\\/secure.gravatar.com\\\/avatar\\\/32edfa28ccbf005c231538b245a2670a36c7f33f2d3a9ab09e50843b363f2821?s=96&d=mm&r=g\",\"url\":\"https:\\\/\\\/secure.gravatar.com\\\/avatar\\\/32edfa28ccbf005c231538b245a2670a36c7f33f2d3a9ab09e50843b363f2821?s=96&d=mm&r=g\",\"contentUrl\":\"https:\\\/\\\/secure.gravatar.com\\\/avatar\\\/32edfa28ccbf005c231538b245a2670a36c7f33f2d3a9ab09e50843b363f2821?s=96&d=mm&r=g\",\"caption\":\"Catfish\"},\"sameAs\":[\"http:\\\/\\\/gambling6.com\"],\"url\":\"https:\\\/\\\/gambling6.com\\\/hu\\\/author\\\/catfish\\\/\"}]}<\/script>\n<!-- \/ Yoast SEO plugin. -->","yoast_head_json":{"title":"RedFoxLotto ismertet\u0151","description":"A RedFoxLotto.com oldalon online v\u00e1s\u00e1rolhatsz szelv\u00e9nyeket nemzetk\u00f6zi lott\u00f3kra, bele\u00e9rtve a Powerballt \u00e9s a Mega Millionst is. Olvasd el a RedFoxlotto ismertet\u0151nket.","robots":{"index":"index","follow":"follow","max-snippet":"max-snippet:-1","max-image-preview":"max-image-preview:large","max-video-preview":"max-video-preview:-1"},"canonical":"https:\/\/gambling6.com\/hu\/mennyire-jo-a-redfoxlotto\/","og_locale":"hu_HU","og_type":"article","og_title":"RedFoxLotto ismertet\u0151","og_description":"A RedFoxLotto.com oldalon online v\u00e1s\u00e1rolhatsz szelv\u00e9nyeket nemzetk\u00f6zi lott\u00f3kra, bele\u00e9rtve a Powerballt \u00e9s a Mega Millionst is. Olvasd el a RedFoxlotto ismertet\u0151nket.","og_url":"https:\/\/gambling6.com\/hu\/mennyire-jo-a-redfoxlotto\/","og_site_name":"Gambling6","article_published_time":"2025-11-17T12:13:25+00:00","author":"Catfish","twitter_card":"summary_large_image","twitter_misc":{"Szerz\u0151:":"Catfish","Becs\u00fclt olvas\u00e1si id\u0151":"4 perc"},"schema":{"@context":"https:\/\/schema.org","@graph":[{"@type":"Article","@id":"https:\/\/gambling6.com\/hu\/mennyire-jo-a-redfoxlotto\/#article","isPartOf":{"@id":"https:\/\/gambling6.com\/hu\/mennyire-jo-a-redfoxlotto\/"},"author":{"name":"Catfish","@id":"https:\/\/gambling6.com\/hu\/#\/schema\/person\/d093de87a44a018ef67117d02d86ddaf"},"headline":"Mennyire j\u00f3 a RedFoxLotto?","datePublished":"2025-11-17T12:13:25+00:00","mainEntityOfPage":{"@id":"https:\/\/gambling6.com\/hu\/mennyire-jo-a-redfoxlotto\/"},"wordCount":715,"articleSection":["Uncategorized @hu"],"inLanguage":"hu"},{"@type":"WebPage","@id":"https:\/\/gambling6.com\/hu\/mennyire-jo-a-redfoxlotto\/","url":"https:\/\/gambling6.com\/hu\/mennyire-jo-a-redfoxlotto\/","name":"RedFoxLotto ismertet\u0151","isPartOf":{"@id":"https:\/\/gambling6.com\/hu\/#website"},"datePublished":"2025-11-17T12:13:25+00:00","author":{"@id":"https:\/\/gambling6.com\/hu\/#\/schema\/person\/d093de87a44a018ef67117d02d86ddaf"},"description":"A RedFoxLotto.com oldalon online v\u00e1s\u00e1rolhatsz szelv\u00e9nyeket nemzetk\u00f6zi lott\u00f3kra, bele\u00e9rtve a Powerballt \u00e9s a Mega Millionst is. Olvasd el a RedFoxlotto ismertet\u0151nket.","breadcrumb":{"@id":"https:\/\/gambling6.com\/hu\/mennyire-jo-a-redfoxlotto\/#breadcrumb"},"inLanguage":"hu","potentialAction":[{"@type":"ReadAction","target":["https:\/\/gambling6.com\/hu\/mennyire-jo-a-redfoxlotto\/"]}]},{"@type":"BreadcrumbList","@id":"https:\/\/gambling6.com\/hu\/mennyire-jo-a-redfoxlotto\/#breadcrumb","itemListElement":[{"@type":"ListItem","position":1,"name":"Home","item":"https:\/\/gambling6.com\/hu\/home\/"},{"@type":"ListItem","position":2,"name":"Mennyire j\u00f3 a RedFoxLotto?"}]},{"@type":"WebSite","@id":"https:\/\/gambling6.com\/hu\/#website","url":"https:\/\/gambling6.com\/hu\/","name":"Gambling6","description":"","potentialAction":[{"@type":"SearchAction","target":{"@type":"EntryPoint","urlTemplate":"https:\/\/gambling6.com\/hu\/?s={search_term_string}"},"query-input":{"@type":"PropertyValueSpecification","valueRequired":true,"valueName":"search_term_string"}}],"inLanguage":"hu"},{"@type":"Person","@id":"https:\/\/gambling6.com\/hu\/#\/schema\/person\/d093de87a44a018ef67117d02d86ddaf","name":"Catfish","image":{"@type":"ImageObject","inLanguage":"hu","@id":"https:\/\/secure.gravatar.com\/avatar\/32edfa28ccbf005c231538b245a2670a36c7f33f2d3a9ab09e50843b363f2821?s=96&d=mm&r=g","url":"https:\/\/secure.gravatar.com\/avatar\/32edfa28ccbf005c231538b245a2670a36c7f33f2d3a9ab09e50843b363f2821?s=96&d=mm&r=g","contentUrl":"https:\/\/secure.gravatar.com\/avatar\/32edfa28ccbf005c231538b245a2670a36c7f33f2d3a9ab09e50843b363f2821?s=96&d=mm&r=g","caption":"Catfish"},"sameAs":["http:\/\/gambling6.com"],"url":"https:\/\/gambling6.com\/hu\/author\/catfish\/"}]}},"_links":{"self":[{"href":"https:\/\/gambling6.com\/hu\/wp-json\/wp\/v2\/pages\/11056","targetHints":{"allow":["GET"]}}],"collection":[{"href":"https:\/\/gambling6.com\/hu\/wp-json\/wp\/v2\/pages"}],"about":[{"href":"https:\/\/gambling6.com\/hu\/wp-json\/wp\/v2\/types\/page"}],"author":[{"embeddable":true,"href":"https:\/\/gambling6.com\/hu\/wp-json\/wp\/v2\/users\/1"}],"replies":[{"embeddable":true,"href":"https:\/\/gambling6.com\/hu\/wp-json\/wp\/v2\/comments?post=11056"}],"version-history":[{"count":1,"href":"https:\/\/gambling6.com\/hu\/wp-json\/wp\/v2\/pages\/11056\/revisions"}],"predecessor-version":[{"id":11057,"href":"https:\/\/gambling6.com\/hu\/wp-json\/wp\/v2\/pages\/11056\/revisions\/11057"}],"wp:attachment":[{"href":"https:\/\/gambling6.com\/hu\/wp-json\/wp\/v2\/media?parent=11056"}],"curies":[{"name":"wp","href":"https:\/\/api.w.org\/{rel}","templated":true}]}}