{"id":11089,"date":"2025-11-17T15:01:23","date_gmt":"2025-11-17T15:01:23","guid":{"rendered":"https:\/\/gambling6.com\/siker-az-online-bingoban\/"},"modified":"2025-11-17T16:35:36","modified_gmt":"2025-11-17T16:35:36","slug":"siker-az-online-bingoban","status":"publish","type":"page","link":"https:\/\/gambling6.com\/hu\/bingo\/siker-az-online-bingoban\/","title":{"rendered":"Siker az online bing\u00f3ban"},"content":{"rendered":"<h2>J\u00e1tssz online bing\u00f3t a megfelel\u0151 strat\u00e9gi\u00e1val<\/h2>\n<p>Az internet fejl\u0151d\u00e9s\u00e9nek k\u00f6sz\u00f6nhet\u0151en ma m\u00e1r otthonod k\u00e9nyelm\u00e9b\u0151l \u00e9lvezheted a sz\u00f3rakoztat\u00f3 bing\u00f3j\u00e1t\u00e9kot. A legjobb az eg\u00e9szben, hogy b\u00e1rmikor j\u00e1tszhatsz. Ez az oka annak, hogy az online bing\u00f3 olyan n\u00e9pszer\u0171v\u00e9 v\u00e1lt az emberek, k\u00fcl\u00f6n\u00f6sen a n\u0151k k\u00f6r\u00e9ben. Ha kezd\u0151 vagy, ne agg\u00f3dj, megtanulhatod a j\u00e1t\u00e9kot, ha el\u0151sz\u00f6r kipr\u00f3b\u00e1lod egy ingyenes bing\u00f3 oldalon. <a class=\"thirstylink\" title=\"Bingo Billy en\" href=\"https:\/\/gambling6.com\/go\/bingobilly-en\/\" target=\"_blank\" rel=\"nofollow noopener\">J\u00f3 kiindul\u00f3pont lehet a Bingo Billy &#8211; kattints ide a l\u00e1togat\u00e1shoz.<\/a><\/p>\n<p>De ha online j\u00e1tszol, \u00edme n\u00e9h\u00e1ny tipp, amelyek seg\u00edthetnek n\u00f6velni a nyer\u00e9si es\u00e9lyeidet. Olvass tov\u00e1bb, hogy t\u00f6bbet megtudj. V\u00e9gezz egy gyors kutat\u00e1st, \u00e9s tal\u00e1ld meg azokat a bing\u00f3 oldalakat, amelyek a legjobb befizet\u00e9si b\u00f3nuszokat k\u00edn\u00e1lj\u00e1k. Sok weboldal j\u00f6vedelmez\u0151 csatlakoz\u00e1si b\u00f3nuszokat is k\u00edn\u00e1l. Mindig aj\u00e1nlott megb\u00edzhat\u00f3 kaszin\u00f3 oldalakon bing\u00f3zni. Miel\u0151tt regisztr\u00e1lna vagy regisztr\u00e1lna, felt\u00e9tlen\u00fcl olvassa el a kaszin\u00f3oldalak val\u00f3di felhaszn\u00e1l\u00f3inak v\u00e9lem\u00e9nyeit.<\/p>\n<p><a href=\"https:\/\/record.revenueplanet.com\/_BoBybWC_aAPUOsjNOfgKefwM06wa-Rwt\/1\/\" target=\"_new\" rel=\"noopener\"><img loading=\"lazy\" decoding=\"async\" class=\"aligncenter\" style=\"border: none;\" src=\"https:\/\/media.revenueplanet.com\/uploads\/nbb-468x60-nov-generic.gif\" alt=\"BingoBilly Ingyenes Bing\u00f3\" width=\"468\" height=\"60\" \/><\/a><br \/>\nCsak a j\u00f3 h\u00edr\u0171 \u00e9s megb\u00edzhat\u00f3 kaszin\u00f3k fizetik ki a j\u00e1t\u00e9kban nyert teljes \u00f6sszeget. Az internet tele van bing\u00f3oldalakkal, \u00e9s sajnos sok \u00e1tver\u0151s oldal ellopja a p\u00e9nz\u00e9t, \u00e9s nem fizet, ha nyer egy j\u00e1t\u00e9kban. Ez\u00e9rt kell k\u00fcl\u00f6n\u00f6sen k\u00f6r\u00fcltekint\u0151nek lennie az online kaszin\u00f3 kiv\u00e1laszt\u00e1sakor. A bing\u00f3j\u00e1t\u00e9kokat csak sz\u00f3rakoz\u00e1sb\u00f3l j\u00e1tssz\u00e1k.<\/p>\n<p>A j\u00e1t\u00e9k szab\u00e1lyai \u00e9s el\u0151\u00edr\u00e1sai k\u00f6nnyen k\u00f6vethet\u0151k. A bing\u00f3 j\u00e1t\u00e9ka teljes m\u00e9rt\u00e9kben a szerencs\u00e9n m\u00falik. Semmilyen elem nem tudja megj\u00f3solni a kimenetelt, vagy befoly\u00e1solni a j\u00e1t\u00e9kot. Pihenhetsz \u00e9s \u00e9lvezheted a j\u00e1t\u00e9kot, mivel nem kell d\u00f6nt\u00e9seket hoznod. Az online bing\u00f3 sokkal el\u00e9rhet\u0151bb\u00e9 tette a j\u00e1t\u00e9kot, mivel a saj\u00e1t k\u00e9nyelmed szerint, b\u00e1rhonnan j\u00e1tszhatod, ahol van internetkapcsolat \u00e9s sz\u00e1m\u00edt\u00f3g\u00e9p.<\/p>\n<p>Mindig pr\u00f3b\u00e1lj meg egy kev\u00e9sb\u00e9 zs\u00fafolt oldalon j\u00e1tszani. Ez n\u00f6veli a nyer\u00e9si es\u00e9lyeidet, mivel kevesebb j\u00e1t\u00e9kos ellen fogsz versenyezni. Egy kiegyens\u00falyozott sz\u00e1m\u00fa j\u00e1t\u00e9kossal rendelkez\u0151 oldal nagyobb es\u00e9lyt ad a j\u00e1t\u00e9k megnyer\u00e9s\u00e9re. V\u00e1lassz olyan oldalakat, amelyek chatszob\u00e1kat biztos\u00edtanak a j\u00e1t\u00e9kosok k\u00f6z\u00f6tti egyszer\u0171 kommunik\u00e1ci\u00f3 \u00e9rdek\u00e9ben. Besz\u00e9lgethetsz a t\u00f6bbi j\u00e1t\u00e9kossal is a kij\u00e1tszott k\u00e1rty\u00e1ikr\u00f3l. N\u00f6velheted a k\u00e1rtyasz\u00e1mot is, hogy a gy\u0151zelmet a te oldaladra ford\u00edtsd.<\/p>\n<p>Sok m\u00falik a j\u00e1t\u00e9k id\u0151pontj\u00e1n is. Megfigyelt\u00e9k, hogy ha szokatlan \u00f3r\u00e1kban j\u00e1tszol, van es\u00e9lyed nyerni, mivel ilyenkor nem sok j\u00e1t\u00e9kos van online. Nagy jackpotos bing\u00f3j\u00e1t\u00e9kokban mindig ker\u00fcld a t\u00fal sok lapot. Mindig olyan kaszin\u00f3oldalakat v\u00e1lassz, amelyek 100%-os befizet\u00e9si b\u00f3nuszt k\u00edn\u00e1lnak. Manaps\u00e1g a kaszin\u00f3 oldalakon aj\u00e1nl\u00e1si programokkal is tal\u00e1lkozhatsz. A program r\u00e9szek\u00e9nt ingyenes p\u00e9nzt kapsz, ha az aj\u00e1nl\u00e1sod regisztr\u00e1l a kaszin\u00f3ban. Ezenk\u00edv\u00fcl az online kaszin\u00f3 id\u0151r\u0151l id\u0151re sz\u00e1mos prom\u00f3ci\u00f3s b\u00f3nuszt k\u00edn\u00e1l.<\/p>\n<p>&nbsp;<\/p>\n","protected":false},"excerpt":{"rendered":"<p>J\u00e1tssz online bing\u00f3t a megfelel\u0151 strat\u00e9gi\u00e1val Az internet fejl\u0151d\u00e9s\u00e9nek k\u00f6sz\u00f6nhet\u0151en ma m\u00e1r otthonod k\u00e9nyelm\u00e9b\u0151l \u00e9lvezheted a sz\u00f3rakoztat\u00f3 bing\u00f3j\u00e1t\u00e9kot. A legjobb az eg\u00e9szben, hogy b\u00e1rmikor j\u00e1tszhatsz. Ez az oka annak, hogy az online bing\u00f3 olyan n\u00e9pszer\u0171v\u00e9 v\u00e1lt az emberek, k\u00fcl\u00f6n\u00f6sen a n\u0151k k\u00f6r\u00e9ben. Ha kezd\u0151 vagy, ne agg\u00f3dj, megtanulhatod a j\u00e1t\u00e9kot, ha el\u0151sz\u00f6r kipr\u00f3b\u00e1lod egy ingyenes [&hellip;]<\/p>\n","protected":false},"author":1,"featured_media":0,"parent":8507,"menu_order":3,"comment_status":"closed","ping_status":"closed","template":"","meta":{"footnotes":""},"class_list":["post-11089","page","type-page","status-publish","hentry"],"yoast_head":"<!-- This site is optimized with the Yoast SEO plugin v27.4 - https:\/\/yoast.com\/product\/yoast-seo-wordpress\/ -->\n<title>J\u00e1t\u00e9kstrat\u00e9gia online bing\u00f3hoz<\/title>\n<meta name=\"description\" content=\"N\u00f6veld az online bing\u00f3 nyer\u00e9si es\u00e9lyeidet a megfelel\u0151 j\u00e1t\u00e9kstrat\u00e9gia k\u00f6vet\u00e9s\u00e9vel.\" \/>\n<meta name=\"robots\" content=\"index, follow, max-snippet:-1, max-image-preview:large, max-video-preview:-1\" \/>\n<link rel=\"canonical\" href=\"https:\/\/gambling6.com\/hu\/bingo\/siker-az-online-bingoban\/\" \/>\n<meta property=\"og:locale\" content=\"hu_HU\" \/>\n<meta property=\"og:type\" content=\"article\" \/>\n<meta property=\"og:title\" content=\"J\u00e1t\u00e9kstrat\u00e9gia online bing\u00f3hoz\" \/>\n<meta property=\"og:description\" content=\"N\u00f6veld az online bing\u00f3 nyer\u00e9si es\u00e9lyeidet a megfelel\u0151 j\u00e1t\u00e9kstrat\u00e9gia k\u00f6vet\u00e9s\u00e9vel.\" \/>\n<meta property=\"og:url\" content=\"https:\/\/gambling6.com\/hu\/bingo\/siker-az-online-bingoban\/\" \/>\n<meta property=\"og:site_name\" content=\"Gambling6\" \/>\n<meta property=\"article:published_time\" content=\"2025-11-17T15:01:23+00:00\" \/>\n<meta property=\"article:modified_time\" content=\"2025-11-17T16:35:36+00:00\" \/>\n<meta property=\"og:image\" content=\"https:\/\/media.revenueplanet.com\/uploads\/nbb-468x60-nov-generic.gif\" \/>\n<meta name=\"author\" content=\"Catfish\" \/>\n<meta name=\"twitter:card\" content=\"summary_large_image\" \/>\n<meta name=\"twitter:label1\" content=\"Szerz\u0151:\" \/>\n\t<meta name=\"twitter:data1\" content=\"Catfish\" \/>\n\t<meta name=\"twitter:label2\" content=\"Becs\u00fclt olvas\u00e1si id\u0151\" \/>\n\t<meta name=\"twitter:data2\" content=\"3 perc\" \/>\n<script type=\"application\/ld+json\" class=\"yoast-schema-graph\">{\"@context\":\"https:\\\/\\\/schema.org\",\"@graph\":[{\"@type\":\"Article\",\"@id\":\"https:\\\/\\\/gambling6.com\\\/hu\\\/bingo\\\/siker-az-online-bingoban\\\/#article\",\"isPartOf\":{\"@id\":\"https:\\\/\\\/gambling6.com\\\/hu\\\/bingo\\\/siker-az-online-bingoban\\\/\"},\"author\":{\"name\":\"Catfish\",\"@id\":\"https:\\\/\\\/gambling6.com\\\/hu\\\/#\\\/schema\\\/person\\\/d093de87a44a018ef67117d02d86ddaf\"},\"headline\":\"Siker az online bing\u00f3ban\",\"datePublished\":\"2025-11-17T15:01:23+00:00\",\"dateModified\":\"2025-11-17T16:35:36+00:00\",\"mainEntityOfPage\":{\"@id\":\"https:\\\/\\\/gambling6.com\\\/hu\\\/bingo\\\/siker-az-online-bingoban\\\/\"},\"wordCount\":593,\"image\":{\"@id\":\"https:\\\/\\\/gambling6.com\\\/hu\\\/bingo\\\/siker-az-online-bingoban\\\/#primaryimage\"},\"thumbnailUrl\":\"https:\\\/\\\/media.revenueplanet.com\\\/uploads\\\/nbb-468x60-nov-generic.gif\",\"articleSection\":[\"Bing\u00f3 h\u00edrek\",\"Bing\u00f3 strat\u00e9gia\"],\"inLanguage\":\"hu\"},{\"@type\":\"WebPage\",\"@id\":\"https:\\\/\\\/gambling6.com\\\/hu\\\/bingo\\\/siker-az-online-bingoban\\\/\",\"url\":\"https:\\\/\\\/gambling6.com\\\/hu\\\/bingo\\\/siker-az-online-bingoban\\\/\",\"name\":\"J\u00e1t\u00e9kstrat\u00e9gia online bing\u00f3hoz\",\"isPartOf\":{\"@id\":\"https:\\\/\\\/gambling6.com\\\/hu\\\/#website\"},\"primaryImageOfPage\":{\"@id\":\"https:\\\/\\\/gambling6.com\\\/hu\\\/bingo\\\/siker-az-online-bingoban\\\/#primaryimage\"},\"image\":{\"@id\":\"https:\\\/\\\/gambling6.com\\\/hu\\\/bingo\\\/siker-az-online-bingoban\\\/#primaryimage\"},\"thumbnailUrl\":\"https:\\\/\\\/media.revenueplanet.com\\\/uploads\\\/nbb-468x60-nov-generic.gif\",\"datePublished\":\"2025-11-17T15:01:23+00:00\",\"dateModified\":\"2025-11-17T16:35:36+00:00\",\"author\":{\"@id\":\"https:\\\/\\\/gambling6.com\\\/hu\\\/#\\\/schema\\\/person\\\/d093de87a44a018ef67117d02d86ddaf\"},\"description\":\"N\u00f6veld az online bing\u00f3 nyer\u00e9si es\u00e9lyeidet a megfelel\u0151 j\u00e1t\u00e9kstrat\u00e9gia k\u00f6vet\u00e9s\u00e9vel.\",\"breadcrumb\":{\"@id\":\"https:\\\/\\\/gambling6.com\\\/hu\\\/bingo\\\/siker-az-online-bingoban\\\/#breadcrumb\"},\"inLanguage\":\"hu\",\"potentialAction\":[{\"@type\":\"ReadAction\",\"target\":[\"https:\\\/\\\/gambling6.com\\\/hu\\\/bingo\\\/siker-az-online-bingoban\\\/\"]}]},{\"@type\":\"ImageObject\",\"inLanguage\":\"hu\",\"@id\":\"https:\\\/\\\/gambling6.com\\\/hu\\\/bingo\\\/siker-az-online-bingoban\\\/#primaryimage\",\"url\":\"https:\\\/\\\/media.revenueplanet.com\\\/uploads\\\/nbb-468x60-nov-generic.gif\",\"contentUrl\":\"https:\\\/\\\/media.revenueplanet.com\\\/uploads\\\/nbb-468x60-nov-generic.gif\"},{\"@type\":\"BreadcrumbList\",\"@id\":\"https:\\\/\\\/gambling6.com\\\/hu\\\/bingo\\\/siker-az-online-bingoban\\\/#breadcrumb\",\"itemListElement\":[{\"@type\":\"ListItem\",\"position\":1,\"name\":\"Home\",\"item\":\"https:\\\/\\\/gambling6.com\\\/hu\\\/home\\\/\"},{\"@type\":\"ListItem\",\"position\":2,\"name\":\"Siker az online bing\u00f3ban\"}]},{\"@type\":\"WebSite\",\"@id\":\"https:\\\/\\\/gambling6.com\\\/hu\\\/#website\",\"url\":\"https:\\\/\\\/gambling6.com\\\/hu\\\/\",\"name\":\"Gambling6\",\"description\":\"\",\"potentialAction\":[{\"@type\":\"SearchAction\",\"target\":{\"@type\":\"EntryPoint\",\"urlTemplate\":\"https:\\\/\\\/gambling6.com\\\/hu\\\/?s={search_term_string}\"},\"query-input\":{\"@type\":\"PropertyValueSpecification\",\"valueRequired\":true,\"valueName\":\"search_term_string\"}}],\"inLanguage\":\"hu\"},{\"@type\":\"Person\",\"@id\":\"https:\\\/\\\/gambling6.com\\\/hu\\\/#\\\/schema\\\/person\\\/d093de87a44a018ef67117d02d86ddaf\",\"name\":\"Catfish\",\"image\":{\"@type\":\"ImageObject\",\"inLanguage\":\"hu\",\"@id\":\"https:\\\/\\\/secure.gravatar.com\\\/avatar\\\/32edfa28ccbf005c231538b245a2670a36c7f33f2d3a9ab09e50843b363f2821?s=96&d=mm&r=g\",\"url\":\"https:\\\/\\\/secure.gravatar.com\\\/avatar\\\/32edfa28ccbf005c231538b245a2670a36c7f33f2d3a9ab09e50843b363f2821?s=96&d=mm&r=g\",\"contentUrl\":\"https:\\\/\\\/secure.gravatar.com\\\/avatar\\\/32edfa28ccbf005c231538b245a2670a36c7f33f2d3a9ab09e50843b363f2821?s=96&d=mm&r=g\",\"caption\":\"Catfish\"},\"sameAs\":[\"http:\\\/\\\/gambling6.com\"],\"url\":\"https:\\\/\\\/gambling6.com\\\/hu\\\/author\\\/catfish\\\/\"}]}<\/script>\n<!-- \/ Yoast SEO plugin. -->","yoast_head_json":{"title":"J\u00e1t\u00e9kstrat\u00e9gia online bing\u00f3hoz","description":"N\u00f6veld az online bing\u00f3 nyer\u00e9si es\u00e9lyeidet a megfelel\u0151 j\u00e1t\u00e9kstrat\u00e9gia k\u00f6vet\u00e9s\u00e9vel.","robots":{"index":"index","follow":"follow","max-snippet":"max-snippet:-1","max-image-preview":"max-image-preview:large","max-video-preview":"max-video-preview:-1"},"canonical":"https:\/\/gambling6.com\/hu\/bingo\/siker-az-online-bingoban\/","og_locale":"hu_HU","og_type":"article","og_title":"J\u00e1t\u00e9kstrat\u00e9gia online bing\u00f3hoz","og_description":"N\u00f6veld az online bing\u00f3 nyer\u00e9si es\u00e9lyeidet a megfelel\u0151 j\u00e1t\u00e9kstrat\u00e9gia k\u00f6vet\u00e9s\u00e9vel.","og_url":"https:\/\/gambling6.com\/hu\/bingo\/siker-az-online-bingoban\/","og_site_name":"Gambling6","article_published_time":"2025-11-17T15:01:23+00:00","article_modified_time":"2025-11-17T16:35:36+00:00","og_image":[{"url":"https:\/\/media.revenueplanet.com\/uploads\/nbb-468x60-nov-generic.gif","type":"","width":"","height":""}],"author":"Catfish","twitter_card":"summary_large_image","twitter_misc":{"Szerz\u0151:":"Catfish","Becs\u00fclt olvas\u00e1si id\u0151":"3 perc"},"schema":{"@context":"https:\/\/schema.org","@graph":[{"@type":"Article","@id":"https:\/\/gambling6.com\/hu\/bingo\/siker-az-online-bingoban\/#article","isPartOf":{"@id":"https:\/\/gambling6.com\/hu\/bingo\/siker-az-online-bingoban\/"},"author":{"name":"Catfish","@id":"https:\/\/gambling6.com\/hu\/#\/schema\/person\/d093de87a44a018ef67117d02d86ddaf"},"headline":"Siker az online bing\u00f3ban","datePublished":"2025-11-17T15:01:23+00:00","dateModified":"2025-11-17T16:35:36+00:00","mainEntityOfPage":{"@id":"https:\/\/gambling6.com\/hu\/bingo\/siker-az-online-bingoban\/"},"wordCount":593,"image":{"@id":"https:\/\/gambling6.com\/hu\/bingo\/siker-az-online-bingoban\/#primaryimage"},"thumbnailUrl":"https:\/\/media.revenueplanet.com\/uploads\/nbb-468x60-nov-generic.gif","articleSection":["Bing\u00f3 h\u00edrek","Bing\u00f3 strat\u00e9gia"],"inLanguage":"hu"},{"@type":"WebPage","@id":"https:\/\/gambling6.com\/hu\/bingo\/siker-az-online-bingoban\/","url":"https:\/\/gambling6.com\/hu\/bingo\/siker-az-online-bingoban\/","name":"J\u00e1t\u00e9kstrat\u00e9gia online bing\u00f3hoz","isPartOf":{"@id":"https:\/\/gambling6.com\/hu\/#website"},"primaryImageOfPage":{"@id":"https:\/\/gambling6.com\/hu\/bingo\/siker-az-online-bingoban\/#primaryimage"},"image":{"@id":"https:\/\/gambling6.com\/hu\/bingo\/siker-az-online-bingoban\/#primaryimage"},"thumbnailUrl":"https:\/\/media.revenueplanet.com\/uploads\/nbb-468x60-nov-generic.gif","datePublished":"2025-11-17T15:01:23+00:00","dateModified":"2025-11-17T16:35:36+00:00","author":{"@id":"https:\/\/gambling6.com\/hu\/#\/schema\/person\/d093de87a44a018ef67117d02d86ddaf"},"description":"N\u00f6veld az online bing\u00f3 nyer\u00e9si es\u00e9lyeidet a megfelel\u0151 j\u00e1t\u00e9kstrat\u00e9gia k\u00f6vet\u00e9s\u00e9vel.","breadcrumb":{"@id":"https:\/\/gambling6.com\/hu\/bingo\/siker-az-online-bingoban\/#breadcrumb"},"inLanguage":"hu","potentialAction":[{"@type":"ReadAction","target":["https:\/\/gambling6.com\/hu\/bingo\/siker-az-online-bingoban\/"]}]},{"@type":"ImageObject","inLanguage":"hu","@id":"https:\/\/gambling6.com\/hu\/bingo\/siker-az-online-bingoban\/#primaryimage","url":"https:\/\/media.revenueplanet.com\/uploads\/nbb-468x60-nov-generic.gif","contentUrl":"https:\/\/media.revenueplanet.com\/uploads\/nbb-468x60-nov-generic.gif"},{"@type":"BreadcrumbList","@id":"https:\/\/gambling6.com\/hu\/bingo\/siker-az-online-bingoban\/#breadcrumb","itemListElement":[{"@type":"ListItem","position":1,"name":"Home","item":"https:\/\/gambling6.com\/hu\/home\/"},{"@type":"ListItem","position":2,"name":"Siker az online bing\u00f3ban"}]},{"@type":"WebSite","@id":"https:\/\/gambling6.com\/hu\/#website","url":"https:\/\/gambling6.com\/hu\/","name":"Gambling6","description":"","potentialAction":[{"@type":"SearchAction","target":{"@type":"EntryPoint","urlTemplate":"https:\/\/gambling6.com\/hu\/?s={search_term_string}"},"query-input":{"@type":"PropertyValueSpecification","valueRequired":true,"valueName":"search_term_string"}}],"inLanguage":"hu"},{"@type":"Person","@id":"https:\/\/gambling6.com\/hu\/#\/schema\/person\/d093de87a44a018ef67117d02d86ddaf","name":"Catfish","image":{"@type":"ImageObject","inLanguage":"hu","@id":"https:\/\/secure.gravatar.com\/avatar\/32edfa28ccbf005c231538b245a2670a36c7f33f2d3a9ab09e50843b363f2821?s=96&d=mm&r=g","url":"https:\/\/secure.gravatar.com\/avatar\/32edfa28ccbf005c231538b245a2670a36c7f33f2d3a9ab09e50843b363f2821?s=96&d=mm&r=g","contentUrl":"https:\/\/secure.gravatar.com\/avatar\/32edfa28ccbf005c231538b245a2670a36c7f33f2d3a9ab09e50843b363f2821?s=96&d=mm&r=g","caption":"Catfish"},"sameAs":["http:\/\/gambling6.com"],"url":"https:\/\/gambling6.com\/hu\/author\/catfish\/"}]}},"_links":{"self":[{"href":"https:\/\/gambling6.com\/hu\/wp-json\/wp\/v2\/pages\/11089","targetHints":{"allow":["GET"]}}],"collection":[{"href":"https:\/\/gambling6.com\/hu\/wp-json\/wp\/v2\/pages"}],"about":[{"href":"https:\/\/gambling6.com\/hu\/wp-json\/wp\/v2\/types\/page"}],"author":[{"embeddable":true,"href":"https:\/\/gambling6.com\/hu\/wp-json\/wp\/v2\/users\/1"}],"replies":[{"embeddable":true,"href":"https:\/\/gambling6.com\/hu\/wp-json\/wp\/v2\/comments?post=11089"}],"version-history":[{"count":1,"href":"https:\/\/gambling6.com\/hu\/wp-json\/wp\/v2\/pages\/11089\/revisions"}],"predecessor-version":[{"id":11107,"href":"https:\/\/gambling6.com\/hu\/wp-json\/wp\/v2\/pages\/11089\/revisions\/11107"}],"up":[{"embeddable":true,"href":"https:\/\/gambling6.com\/hu\/wp-json\/wp\/v2\/pages\/8507"}],"wp:attachment":[{"href":"https:\/\/gambling6.com\/hu\/wp-json\/wp\/v2\/media?parent=11089"}],"curies":[{"name":"wp","href":"https:\/\/api.w.org\/{rel}","templated":true}]}}