{"id":8108,"date":"2025-10-29T09:53:17","date_gmt":"2025-10-29T09:53:17","guid":{"rendered":"https:\/\/gambling6.com\/?page_id=8108"},"modified":"2025-10-29T11:30:07","modified_gmt":"2025-10-29T11:30:07","slug":"home","status":"publish","type":"page","link":"https:\/\/gambling6.com\/hu\/","title":{"rendered":"Home"},"content":{"rendered":"<h2>\u00dcdv\u00f6z\u00f6lj\u00fck a Gambling6 oldalon \u2013 inform\u00e1ci\u00f3k minden p\u00e9nz\u00e9rt val\u00f3 szerencsej\u00e1t\u00e9kkal kapcsolatos ig\u00e9ny\u00e9r\u0151l<\/h2>\n<p><img loading=\"lazy\" decoding=\"async\" class=\" wp-image-2679 alignright\" src=\"https:\/\/gambling6.com\/wp-content\/uploads\/2022\/04\/1_win_lottery_online1.jpg\" alt=\"online szerencsej\u00e1t\u00e9k p\u00e9nz\u00e9rt\" width=\"253\" height=\"168\" \/><br \/>\nSok ember sz\u00e1m\u00e1ra az online szerencsej\u00e1t\u00e9kok vil\u00e1ga ijeszt\u0151nek t\u0171nhet, \u00e9s nem sz\u00edvesen pr\u00f3b\u00e1lj\u00e1k ki. Lehet, hogy \u00e1ltal\u00e1ban szeretnek szerencsej\u00e1t\u00e9kokkal foglalkozni, de nem biztosak abban, hogy az online szerencsej\u00e1t\u00e9k-oldalak megb\u00edzhat\u00f3ak-e. Ma azonban ez az egyik legegyszer\u0171bb m\u00f3dja annak, hogy \u00e9lvezze kedvenc kaszin\u00f3j\u00e1t\u00e9kait, m\u00e9g akkor is, ha nem \u00e9l kaszin\u00f3 k\u00f6zel\u00e9ben.<\/p>\n<p>Az online szerencsej\u00e1t\u00e9k-webhelyek lehet\u0151s\u00e9get teremtettek az emberek sz\u00e1m\u00e1ra, hogy p\u00f3kert, blackjacket, rulettet, videop\u00f3kert, nyer\u0151g\u00e9peket, bing\u00f3t, kapar\u00f3s sorsjegyeket j\u00e1tsszanak, sportesem\u00e9nyekre fogadjanak, \u00e9s most m\u00e1r ak\u00e1r a vil\u00e1g nagy lott\u00f3 jackpotjaiban is r\u00e9szt vehetnek online \u2013 an\u00e9lk\u00fcl, hogy el kellene hagyniuk otthonaik k\u00e9nyelm\u00e9t.<\/p>\n<p>Mindenki szereti a gyors kifizet\u00e9st biztos\u00edt\u00f3 kaszin\u00f3 weboldalakat, \u00e9s ha szereti a szerencsej\u00e1t\u00e9kot, akkor \u00e9rdemes megn\u00e9znie, mir\u0151l is van sz\u00f3, \u00e9s hogyan kezdhet el j\u00e1tszani a sz\u00e1mos online szerencsej\u00e1t\u00e9k-weboldalon. Ha figyelembe veszi egy olyan online szerencsej\u00e1t\u00e9k-inform\u00e1ci\u00f3s weboldal tan\u00e1csait, mint a mi\u00e9nk, az seg\u00edt kiv\u00e1lasztani egy j\u00f3 szolg\u00e1ltat\u00f3t, \u00e9s biztos\u00edtja, hogy remek \u00e9lm\u00e9nyben legyen r\u00e9sze. Ha azonnal el akarja kezdeni, akkor ezek az \u00e9n szem\u00e9lyes aj\u00e1nl\u00e1saim:<\/p>\n<h2>A legjobb \u00e1ltal\u00e1nos szerencsej\u00e1t\u00e9k-weboldal \u2013 nem az USA-ban:<\/h2>\n<p>Ha az \u00d6n lak\u00f3helye szerinti orsz\u00e1g nem enged\u00e9lyezi az online szerencsej\u00e1t\u00e9kot, akkor a fenti, amerikai bar\u00e1ti oldalak a legjobb v\u00e1laszt\u00e1s. De minden m\u00e1s \u00fcgyf\u00e9l sz\u00e1m\u00e1ra sokkal t\u00f6bb szerencsej\u00e1t\u00e9k-oldal \u00e1ll rendelkez\u00e9sre. Szem\u00e9ly szerint szeretem az \u00f6sszes online szerencsej\u00e1t\u00e9komat egy helyen v\u00e9gezni, an\u00e9lk\u00fcl, hogy k\u00fcl\u00f6nb\u00f6z\u0151 oldalakra kellene befizetnem.<\/p>\n<p>Ez\u00e9rt a kedvenc, mindenre kiterjed\u0151 oldalam a 888 \u2013 egy remek online kaszin\u00f3, a legmen\u0151bb nyer\u0151g\u00e9pekkel, amiket valaha l\u00e1ttam, \u00e9s egy kiv\u00e1l\u00f3 online p\u00f3kerteremmel. A kaszin\u00f3 j\u00e1t\u00e9kok v\u00e1laszt\u00e9ka, bele\u00e9rtve a Blackjacket, a Rulettet \u00e9s m\u00e9g sok m\u00e1st, minden ig\u00e9nyt kiel\u00e9g\u00edt. Ha val\u00f3di bing\u00f3- vagy kapar\u00f3s sorsjegy-\u00e9lm\u00e9nyt keres, akkor a 888-n\u00e1l jobbat nem tal\u00e1lhat.<\/p>\n<p>\u00c9s akkor ott van m\u00e9g a sportfogad\u00e1si r\u00e9szleg, amely sz\u00e9les v\u00e1laszt\u00e9kot k\u00edn\u00e1l a fogad\u00e1sokra, \u00e9s a legjobb oddsokat, amelyeket az interneten tal\u00e1lhat. Ak\u00e1r p\u00e9nz\u00fcgyi esem\u00e9nyekre is fogadhat, p\u00e9ld\u00e1ul a f\u0151bb t\u0151zsdeindexekre \u00e9s deviza\u00e1rfolyamokra! <a class=\"thirstylink\" title=\"888 casino en\" href=\"https:\/\/gambling6.com\/go\/888-casino-en\/\" target=\"_blank\" rel=\"nofollow noopener\">Haszn\u00e1lja ezt a linket, hogy m\u00e9g ma ell\u00e1togasson a 888-ra, \u00e9s els\u0151 befizet\u00e9s\u00e9n\u00e9l ak\u00e1r 1500 eur\u00f3 b\u00f3nuszt kaphat.<\/a><\/p>\n<h2>A legjobb \u00e1tfog\u00f3 szerencsej\u00e1t\u00e9k-oldal amerikai lakosok sz\u00e1m\u00e1ra<\/h2>\n<p>Ha \u00d6n amerikai lakos, akkor v\u00e1laszt\u00e1si lehet\u0151s\u00e9gei korl\u00e1tozottak, \u00e9s n\u00e9h\u00e1ny, amerikai \u00fcgyfeleket fogad\u00f3 \u00fczemeltet\u0151 kiss\u00e9 k\u00e9tes, ez\u00e9rt \u00f3vatosan kell v\u00e1lasztania.<\/p>\n<p>Egy oldal azonban kiemelkedik a t\u00f6megb\u0151l, ez pedig a <a class=\"thirstylink\" title=\"Betonline casino en\" href=\"https:\/\/gambling6.com\/go\/betonline-casino-en\/\" target=\"_blank\" rel=\"nofollow noopener\">Betonline \u2013 itt online p\u00f3kert, kaszin\u00f3 j\u00e1t\u00e9kokat, nyer\u0151g\u00e9peket, rulettet, blackjacket j\u00e1tszhat, \u00e9s sportfogad\u00e1sokat is tehet<\/a>. Elfogadnak amerikai j\u00e1t\u00e9kosokat, \u00e9s t\u00f6bbf\u00e9le m\u00f3don is befizethet p\u00e9nzt a sz\u00e1ml\u00e1j\u00e1ra, valamint kiveheti nyerem\u00e9ny\u00e9t.<\/p>\n<h2>Gambling6 \u2013 az online szerencsej\u00e1t\u00e9k hat legn\u00e9pszer\u0171bb form\u00e1ja<\/h2>\n<p>A Gambling6.com oldalon a k\u00f6vetkez\u0151kr\u0151l tal\u00e1lsz inform\u00e1ci\u00f3kat:<\/p>\n<ul>\n<li>Kaszin\u00f3j\u00e1t\u00e9kok, bele\u00e9rtve a blackjacket, a rulettet, a crapset, a videop\u00f3kert, a nyer\u0151g\u00e9peket stb.<\/li>\n<li>P\u00f3ker minden v\u00e1ltozat\u00e1ban<\/li>\n<li>Online bing\u00f3<\/li>\n<li>Online kapar\u00f3s sorsjegyek<\/li>\n<li>Sportfogad\u00e1s \u00e9s m\u00e1s esem\u00e9nyekre val\u00f3 fogad\u00e1s<\/li>\n<li>Hogyan szerezhet online jegyet b\u00e1rmely, a saj\u00e1t lak\u00f3hely\u00e9n k\u00edv\u00fcli lott\u00f3ra?<\/li>\n<\/ul>\n<h2>Mit sz\u00f3lna egy kis lott\u00f3z\u00e1shoz \u00e9s vil\u00e1gsz\u00ednvonal\u00fa jackpotokhoz?<\/h2>\n<p>Tegy\u00fck fel, hogy \u00d6n lott\u00f3rajong\u00f3, \u00e9s nem szeretne korl\u00e1toz\u00f3dni a helyi lott\u00f3ra. Ebben az esetben j\u00f3 h\u00edr\u00fcnk van az \u00d6n sz\u00e1m\u00e1ra: most kipr\u00f3b\u00e1lhatja szerencs\u00e9j\u00e9t b\u00e1rmelyik lott\u00f3 jackpoton vil\u00e1gszerte \u2013 a RedFoxLotto lehet\u0151v\u00e9 teszi, hogy online lott\u00f3szelv\u00e9nyeket v\u00e1s\u00e1roljon a vil\u00e1g legnagyobb lott\u00f3 jackpotjaira, mint p\u00e9ld\u00e1ul a Mega Millions, a Powerball, az El Gordo, az EuroMillions \u00e9s m\u00e9g sok m\u00e1s. <a href=\"https:\/\/redfoxlotto.com\/hu\">Kattintson ide, hogy megn\u00e9zze, melyik lott\u00f3n lesz a legnagyobb jackpot, \u00e9s szerezzen be egy szelv\u00e9nyt m\u00e1sodpercek alatt!<\/a><\/p>\n<h2>Online kaszin\u00f3 \u2013 Gyakran ism\u00e9telt k\u00e9rd\u00e9sek<\/h2>\n<p>Ha m\u00e9g \u00faj vagy az online kaszin\u00f3k vil\u00e1g\u00e1ban, val\u00f3sz\u00edn\u0171leg k\u00e9rd\u00e9seid vannak az online j\u00e1t\u00e9kokkal \u00e9s azok m\u0171k\u00f6d\u00e9s\u00e9vel kapcsolatban. N\u00e9h\u00e1ny k\u00e9rd\u00e9sed megegyezik m\u00e1s \u00faj online kaszin\u00f3 j\u00e1t\u00e9kosok k\u00e9rd\u00e9seivel. Ezekre a k\u00e9rd\u00e9sekre a Gyakran ism\u00e9telt k\u00e9rd\u00e9sek r\u00e9szben tal\u00e1lsz v\u00e1laszt, amelyek seg\u00edtenek az indul\u00e1sban.<\/p>\n<p><strong>Van-e korhat\u00e1r az online kaszin\u00f3kban val\u00f3 j\u00e1t\u00e9khoz?<\/strong><\/p>\n<p>Minden online kaszin\u00f3 saj\u00e1t szab\u00e1lyokat \u00e9s ir\u00e1nyelveket \u00e1llap\u00edt meg. A legt\u00f6bbj\u00fck azonban megk\u00f6veteli, hogy a j\u00e1t\u00e9kosok 18 vagy 21 \u00e9vesek legyenek, hogy val\u00f3di p\u00e9nzes kaszin\u00f3j\u00e1t\u00e9kokban vehessenek r\u00e9szt.<\/p>\n<p><strong>Kell valamit let\u00f6ltenem a sz\u00e1m\u00edt\u00f3g\u00e9pemre, hogy online kaszin\u00f3j\u00e1t\u00e9kokat j\u00e1tszhassak?<\/strong><\/p>\n<p>Sok online kaszin\u00f3 lehet\u0151v\u00e9 teszi az azonnali j\u00e1t\u00e9km\u00f3dban val\u00f3 j\u00e1t\u00e9kot. Ha az azonnali j\u00e1t\u00e9km\u00f3dot v\u00e1lasztja, nem kell semmilyen szoftvert let\u00f6ltenie a sz\u00e1m\u00edt\u00f3g\u00e9p\u00e9re.<\/p>\n<p><strong>Mennyire neh\u00e9z regisztr\u00e1lni egy online kaszin\u00f3ban?<\/strong><\/p>\n<p>A folyamat val\u00f3j\u00e1ban nagyon egyszer\u0171. Meg kell adnia n\u00e9h\u00e1ny alapvet\u0151 inform\u00e1ci\u00f3t mag\u00e1r\u00f3l, \u00e9s le kell t\u00f6ltenie \u00e9s telep\u00edtenie kell a szoftvert, ha let\u00f6lt\u00e9st ig\u00e9nyl\u0151 j\u00e1t\u00e9kokat szeretne j\u00e1tszani. Az eg\u00e9sz folyamat csak n\u00e9h\u00e1ny percet vesz ig\u00e9nybe.<\/p>\n<p><strong>Azonnal be kell fizetnem p\u00e9nzt?<\/strong><\/p>\n<p>A legt\u00f6bb kaszin\u00f3 lehet\u0151v\u00e9 teszi, hogy let\u00e9t n\u00e9lk\u00fcl kipr\u00f3b\u00e1lja a j\u00e1t\u00e9kaikat. N\u00e9h\u00e1nyan ingyenes p\u00f6rget\u00e9seket adnak, vagy lehet\u0151v\u00e9 teszik, hogy egy bizonyos ideig ingyen j\u00e1tsszon. Gyakran el\u0151fordul, hogy ebben az id\u0151szakban megtarthatja nyerem\u00e9ny\u00e9t, ha k\u00e9s\u0151bb val\u00f3di p\u00e9nzt utal be!<\/p>\n<p><strong>Mi a helyzet a b\u00f3nuszokkal?<\/strong><\/p>\n<p>A legt\u00f6bb online kaszin\u00f3 b\u00f3nuszokkal cs\u00e1b\u00edtja a j\u00e1t\u00e9kosokat, hogy ott j\u00e1tsszanak \u00e9s visszat\u00e9rjenek. N\u00e9h\u00e1ny b\u00f3nusz \u00e9rt\u00e9ke t\u00f6bb sz\u00e1z, vagy ak\u00e1r t\u00f6bb ezer doll\u00e1r is lehet. A legt\u00f6bb esetben a b\u00f3nuszokat ki kell j\u00e1tszania, miel\u0151tt hozz\u00e1f\u00e9rhetne hozz\u00e1juk. A b\u00f3nuszok felhaszn\u00e1l\u00e1s\u00e1ra vonatkoz\u00f3 utas\u00edt\u00e1sokat az adott b\u00f3nuszt k\u00edn\u00e1l\u00f3 online kaszin\u00f3 honlapj\u00e1n tal\u00e1lja.<\/p>\n<p><strong>Milyen j\u00e1t\u00e9kokat j\u00e1tszhatok egy online kaszin\u00f3ban?<\/strong><\/p>\n<p>Minden online kaszin\u00f3 a saj\u00e1t j\u00e1t\u00e9kv\u00e1laszt\u00e9k\u00e1t k\u00edn\u00e1lja. Azonban a leggyakrabban el\u0151fordul\u00f3 j\u00e1t\u00e9kok k\u00f6z\u00e9 tartoznak a video slotok, a nyer\u0151g\u00e9pek, a rulett, a craps, a blackjack, a p\u00f3ker, \u00e9s m\u00e9g a vil\u00e1g minden t\u00e1j\u00e1r\u00f3l sz\u00e1rmaz\u00f3 lott\u00f3j\u00e1t\u00e9kok is.<\/p>\n<p><strong>Mennyi p\u00e9nzt nyerhetek val\u00f3j\u00e1ban egy online kaszin\u00f3ban?<\/strong><\/p>\n<p>El\u0151sz\u00f6r is, nem garant\u00e1lt, hogy egy\u00e1ltal\u00e1n nyer valamit. Azonban rengeteg p\u00e9nzt lehet nyerni. Tal\u00e1lhat egymilli\u00f3 doll\u00e1ros nyer\u0151g\u00e9pes jackpotokat, 1 milli\u00f3 doll\u00e1r vagy ann\u00e1l nagyobb garant\u00e1lt nyerem\u00e9nyalappal rendelkez\u0151 p\u00f3ker versenyeket stb. Val\u00f3j\u00e1ban a legt\u00f6bb online kaszin\u00f3 jobb kifizet\u00e9si sz\u00e1zal\u00e9kokkal rendelkezik, mint a hagyom\u00e1nyos kaszin\u00f3k. Ez az\u00e9rt van, mert alacsonyabbak a m\u0171k\u00f6d\u00e9si k\u00f6lts\u00e9geik, \u00e9s megengedhetik maguknak, hogy magasabb ar\u00e1nyban fizess\u00e9k ki a t\u00e9teket.<\/p>\n","protected":false},"excerpt":{"rendered":"<p>\u00dcdv\u00f6z\u00f6lj\u00fck a Gambling6 oldalon \u2013 inform\u00e1ci\u00f3k minden p\u00e9nz\u00e9rt val\u00f3 szerencsej\u00e1t\u00e9kkal kapcsolatos ig\u00e9ny\u00e9r\u0151l Sok ember sz\u00e1m\u00e1ra az online szerencsej\u00e1t\u00e9kok vil\u00e1ga ijeszt\u0151nek t\u0171nhet, \u00e9s nem sz\u00edvesen pr\u00f3b\u00e1lj\u00e1k ki. Lehet, hogy \u00e1ltal\u00e1ban szeretnek szerencsej\u00e1t\u00e9kokkal foglalkozni, de nem biztosak abban, hogy az online szerencsej\u00e1t\u00e9k-oldalak megb\u00edzhat\u00f3ak-e. Ma azonban ez az egyik legegyszer\u0171bb m\u00f3dja annak, hogy \u00e9lvezze kedvenc kaszin\u00f3j\u00e1t\u00e9kait, m\u00e9g akkor [&hellip;]<\/p>\n","protected":false},"author":1,"featured_media":0,"parent":0,"menu_order":1,"comment_status":"closed","ping_status":"closed","template":"","meta":{"footnotes":""},"class_list":["post-8108","page","type-page","status-publish","hentry"],"yoast_head":"<!-- This site is optimized with the Yoast SEO plugin v27.4 - https:\/\/yoast.com\/product\/yoast-seo-wordpress\/ -->\n<title>A legjobb online szerencsej\u00e1t\u00e9k p\u00e9nz\u00e9rt | \u00dcdv\u00f6z\u00f6lj\u00fck a Gambling6!<\/title>\n<meta name=\"description\" content=\"Ha szereti a p\u00e9nz\u00e9rt val\u00f3 szerencsej\u00e1t\u00e9kot, akkor szerencsej\u00e1t\u00e9k-inform\u00e1ci\u00f3s oldalunkon megtal\u00e1lja az \u00f6sszes sz\u00fcks\u00e9ges inform\u00e1ci\u00f3t a 6 legn\u00e9pszer\u0171bb online j\u00e1t\u00e9kr\u00f3l.\" \/>\n<meta name=\"robots\" content=\"index, follow, max-snippet:-1, max-image-preview:large, max-video-preview:-1\" \/>\n<link rel=\"canonical\" href=\"https:\/\/gambling6.com\/hu\/\" \/>\n<meta property=\"og:locale\" content=\"hu_HU\" \/>\n<meta property=\"og:type\" content=\"article\" \/>\n<meta property=\"og:title\" content=\"A legjobb online szerencsej\u00e1t\u00e9k p\u00e9nz\u00e9rt | \u00dcdv\u00f6z\u00f6lj\u00fck a Gambling6!\" \/>\n<meta property=\"og:description\" content=\"Ha szereti a p\u00e9nz\u00e9rt val\u00f3 szerencsej\u00e1t\u00e9kot, akkor szerencsej\u00e1t\u00e9k-inform\u00e1ci\u00f3s oldalunkon megtal\u00e1lja az \u00f6sszes sz\u00fcks\u00e9ges inform\u00e1ci\u00f3t a 6 legn\u00e9pszer\u0171bb online j\u00e1t\u00e9kr\u00f3l.\" \/>\n<meta property=\"og:url\" content=\"https:\/\/gambling6.com\/hu\/\" \/>\n<meta property=\"og:site_name\" content=\"Gambling6\" \/>\n<meta property=\"article:modified_time\" content=\"2025-10-29T11:30:07+00:00\" \/>\n<meta property=\"og:image\" content=\"https:\/\/gambling6.com\/wp-content\/uploads\/2022\/04\/1_win_lottery_online1.jpg\" \/>\n\t<meta property=\"og:image:width\" content=\"300\" \/>\n\t<meta property=\"og:image:height\" content=\"199\" \/>\n\t<meta property=\"og:image:type\" content=\"image\/jpeg\" \/>\n<meta name=\"twitter:card\" content=\"summary_large_image\" \/>\n<meta name=\"twitter:label1\" content=\"Becs\u00fclt olvas\u00e1si id\u0151\" \/>\n\t<meta name=\"twitter:data1\" content=\"7 perc\" \/>\n<script type=\"application\/ld+json\" class=\"yoast-schema-graph\">{\"@context\":\"https:\\\/\\\/schema.org\",\"@graph\":[{\"@type\":\"WebPage\",\"@id\":\"https:\\\/\\\/gambling6.com\\\/hu\\\/\",\"url\":\"https:\\\/\\\/gambling6.com\\\/hu\\\/\",\"name\":\"A legjobb online szerencsej\u00e1t\u00e9k p\u00e9nz\u00e9rt | \u00dcdv\u00f6z\u00f6lj\u00fck a Gambling6!\",\"isPartOf\":{\"@id\":\"https:\\\/\\\/gambling6.com\\\/hu\\\/#website\"},\"primaryImageOfPage\":{\"@id\":\"https:\\\/\\\/gambling6.com\\\/hu\\\/#primaryimage\"},\"image\":{\"@id\":\"https:\\\/\\\/gambling6.com\\\/hu\\\/#primaryimage\"},\"thumbnailUrl\":\"https:\\\/\\\/gambling6.com\\\/wp-content\\\/uploads\\\/2022\\\/04\\\/1_win_lottery_online1.jpg\",\"datePublished\":\"2025-10-29T09:53:17+00:00\",\"dateModified\":\"2025-10-29T11:30:07+00:00\",\"description\":\"Ha szereti a p\u00e9nz\u00e9rt val\u00f3 szerencsej\u00e1t\u00e9kot, akkor szerencsej\u00e1t\u00e9k-inform\u00e1ci\u00f3s oldalunkon megtal\u00e1lja az \u00f6sszes sz\u00fcks\u00e9ges inform\u00e1ci\u00f3t a 6 legn\u00e9pszer\u0171bb online j\u00e1t\u00e9kr\u00f3l.\",\"breadcrumb\":{\"@id\":\"https:\\\/\\\/gambling6.com\\\/hu\\\/#breadcrumb\"},\"inLanguage\":\"hu\",\"potentialAction\":[{\"@type\":\"ReadAction\",\"target\":[\"https:\\\/\\\/gambling6.com\\\/hu\\\/\"]}]},{\"@type\":\"ImageObject\",\"inLanguage\":\"hu\",\"@id\":\"https:\\\/\\\/gambling6.com\\\/hu\\\/#primaryimage\",\"url\":\"https:\\\/\\\/gambling6.com\\\/wp-content\\\/uploads\\\/2022\\\/04\\\/1_win_lottery_online1.jpg\",\"contentUrl\":\"https:\\\/\\\/gambling6.com\\\/wp-content\\\/uploads\\\/2022\\\/04\\\/1_win_lottery_online1.jpg\"},{\"@type\":\"BreadcrumbList\",\"@id\":\"https:\\\/\\\/gambling6.com\\\/hu\\\/#breadcrumb\",\"itemListElement\":[{\"@type\":\"ListItem\",\"position\":1,\"name\":\"Home\",\"item\":\"https:\\\/\\\/gambling6.com\\\/hu\\\/home\\\/\"},{\"@type\":\"ListItem\",\"position\":2,\"name\":\"Home\"}]},{\"@type\":\"WebSite\",\"@id\":\"https:\\\/\\\/gambling6.com\\\/hu\\\/#website\",\"url\":\"https:\\\/\\\/gambling6.com\\\/hu\\\/\",\"name\":\"Gambling6\",\"description\":\"\",\"potentialAction\":[{\"@type\":\"SearchAction\",\"target\":{\"@type\":\"EntryPoint\",\"urlTemplate\":\"https:\\\/\\\/gambling6.com\\\/hu\\\/?s={search_term_string}\"},\"query-input\":{\"@type\":\"PropertyValueSpecification\",\"valueRequired\":true,\"valueName\":\"search_term_string\"}}],\"inLanguage\":\"hu\"}]}<\/script>\n<!-- \/ Yoast SEO plugin. -->","yoast_head_json":{"title":"A legjobb online szerencsej\u00e1t\u00e9k p\u00e9nz\u00e9rt | \u00dcdv\u00f6z\u00f6lj\u00fck a Gambling6!","description":"Ha szereti a p\u00e9nz\u00e9rt val\u00f3 szerencsej\u00e1t\u00e9kot, akkor szerencsej\u00e1t\u00e9k-inform\u00e1ci\u00f3s oldalunkon megtal\u00e1lja az \u00f6sszes sz\u00fcks\u00e9ges inform\u00e1ci\u00f3t a 6 legn\u00e9pszer\u0171bb online j\u00e1t\u00e9kr\u00f3l.","robots":{"index":"index","follow":"follow","max-snippet":"max-snippet:-1","max-image-preview":"max-image-preview:large","max-video-preview":"max-video-preview:-1"},"canonical":"https:\/\/gambling6.com\/hu\/","og_locale":"hu_HU","og_type":"article","og_title":"A legjobb online szerencsej\u00e1t\u00e9k p\u00e9nz\u00e9rt | \u00dcdv\u00f6z\u00f6lj\u00fck a Gambling6!","og_description":"Ha szereti a p\u00e9nz\u00e9rt val\u00f3 szerencsej\u00e1t\u00e9kot, akkor szerencsej\u00e1t\u00e9k-inform\u00e1ci\u00f3s oldalunkon megtal\u00e1lja az \u00f6sszes sz\u00fcks\u00e9ges inform\u00e1ci\u00f3t a 6 legn\u00e9pszer\u0171bb online j\u00e1t\u00e9kr\u00f3l.","og_url":"https:\/\/gambling6.com\/hu\/","og_site_name":"Gambling6","article_modified_time":"2025-10-29T11:30:07+00:00","og_image":[{"width":300,"height":199,"url":"https:\/\/gambling6.com\/wp-content\/uploads\/2022\/04\/1_win_lottery_online1.jpg","type":"image\/jpeg"}],"twitter_card":"summary_large_image","twitter_misc":{"Becs\u00fclt olvas\u00e1si id\u0151":"7 perc"},"schema":{"@context":"https:\/\/schema.org","@graph":[{"@type":"WebPage","@id":"https:\/\/gambling6.com\/hu\/","url":"https:\/\/gambling6.com\/hu\/","name":"A legjobb online szerencsej\u00e1t\u00e9k p\u00e9nz\u00e9rt | \u00dcdv\u00f6z\u00f6lj\u00fck a Gambling6!","isPartOf":{"@id":"https:\/\/gambling6.com\/hu\/#website"},"primaryImageOfPage":{"@id":"https:\/\/gambling6.com\/hu\/#primaryimage"},"image":{"@id":"https:\/\/gambling6.com\/hu\/#primaryimage"},"thumbnailUrl":"https:\/\/gambling6.com\/wp-content\/uploads\/2022\/04\/1_win_lottery_online1.jpg","datePublished":"2025-10-29T09:53:17+00:00","dateModified":"2025-10-29T11:30:07+00:00","description":"Ha szereti a p\u00e9nz\u00e9rt val\u00f3 szerencsej\u00e1t\u00e9kot, akkor szerencsej\u00e1t\u00e9k-inform\u00e1ci\u00f3s oldalunkon megtal\u00e1lja az \u00f6sszes sz\u00fcks\u00e9ges inform\u00e1ci\u00f3t a 6 legn\u00e9pszer\u0171bb online j\u00e1t\u00e9kr\u00f3l.","breadcrumb":{"@id":"https:\/\/gambling6.com\/hu\/#breadcrumb"},"inLanguage":"hu","potentialAction":[{"@type":"ReadAction","target":["https:\/\/gambling6.com\/hu\/"]}]},{"@type":"ImageObject","inLanguage":"hu","@id":"https:\/\/gambling6.com\/hu\/#primaryimage","url":"https:\/\/gambling6.com\/wp-content\/uploads\/2022\/04\/1_win_lottery_online1.jpg","contentUrl":"https:\/\/gambling6.com\/wp-content\/uploads\/2022\/04\/1_win_lottery_online1.jpg"},{"@type":"BreadcrumbList","@id":"https:\/\/gambling6.com\/hu\/#breadcrumb","itemListElement":[{"@type":"ListItem","position":1,"name":"Home","item":"https:\/\/gambling6.com\/hu\/home\/"},{"@type":"ListItem","position":2,"name":"Home"}]},{"@type":"WebSite","@id":"https:\/\/gambling6.com\/hu\/#website","url":"https:\/\/gambling6.com\/hu\/","name":"Gambling6","description":"","potentialAction":[{"@type":"SearchAction","target":{"@type":"EntryPoint","urlTemplate":"https:\/\/gambling6.com\/hu\/?s={search_term_string}"},"query-input":{"@type":"PropertyValueSpecification","valueRequired":true,"valueName":"search_term_string"}}],"inLanguage":"hu"}]}},"_links":{"self":[{"href":"https:\/\/gambling6.com\/hu\/wp-json\/wp\/v2\/pages\/8108","targetHints":{"allow":["GET"]}}],"collection":[{"href":"https:\/\/gambling6.com\/hu\/wp-json\/wp\/v2\/pages"}],"about":[{"href":"https:\/\/gambling6.com\/hu\/wp-json\/wp\/v2\/types\/page"}],"author":[{"embeddable":true,"href":"https:\/\/gambling6.com\/hu\/wp-json\/wp\/v2\/users\/1"}],"replies":[{"embeddable":true,"href":"https:\/\/gambling6.com\/hu\/wp-json\/wp\/v2\/comments?post=8108"}],"version-history":[{"count":1,"href":"https:\/\/gambling6.com\/hu\/wp-json\/wp\/v2\/pages\/8108\/revisions"}],"predecessor-version":[{"id":8109,"href":"https:\/\/gambling6.com\/hu\/wp-json\/wp\/v2\/pages\/8108\/revisions\/8109"}],"wp:attachment":[{"href":"https:\/\/gambling6.com\/hu\/wp-json\/wp\/v2\/media?parent=8108"}],"curies":[{"name":"wp","href":"https:\/\/api.w.org\/{rel}","templated":true}]}}