{"id":8310,"date":"2025-11-07T09:33:48","date_gmt":"2025-11-07T09:33:48","guid":{"rendered":"https:\/\/gambling6.com\/kaszino\/"},"modified":"2025-11-12T15:39:16","modified_gmt":"2025-11-12T15:39:16","slug":"kaszino","status":"publish","type":"page","link":"https:\/\/gambling6.com\/hu\/kaszino\/","title":{"rendered":"Kaszin\u00f3"},"content":{"rendered":"<h2>Online kaszin\u00f3 kezd\u0151knek sz\u00f3l\u00f3 \u00fatmutat\u00f3<\/h2>\n<p>N\u00e9zz\u00fcnk szembe a t\u00e9nyekkel \u2013 az online kaszin\u00f3 itt marad. N\u00f6vekv\u0151 n\u00e9pszer\u0171s\u00e9g\u00e9t tekintve bebizonyosodott, hogy a j\u00e1t\u00e9kosok im\u00e1dj\u00e1k. A val\u00f3di p\u00e9nzes online szerencsej\u00e1t\u00e9k mindenkit boldogg\u00e1 tesz, miut\u00e1n elkezdt\u00e9k, \u00e9s egyre t\u00f6bbet k\u00e9rnek. Szinte minden nap nagy mennyis\u00e9g\u0171 k\u00e9szp\u00e9nz cser\u00e9l gazd\u00e1t ezekben a val\u00f3di p\u00e9nzes kaszin\u00f3kban. Legyen sz\u00f3 befizet\u00e9sekr\u0151l vagy kifizet\u00e9sekr\u0151l, minden szupergyorsan t\u00f6rt\u00e9nik az interneten kereszt\u00fcl.<\/p>\n<p>Azonban itt sokan kezdenek egy kicsit idegess\u00e9 v\u00e1lni. A k\u00e1rtya- vagy nyer\u0151g\u00e9p-kombin\u00e1ci\u00f3k helyett a fizet\u00e9si lehet\u0151s\u00e9gek \u00e9s azok biztons\u00e1ga zavarja a j\u00e1t\u00e9kosokat. \u0150ket sem lehet hib\u00e1ztatni. Az internetes tranzakci\u00f3k sok fejf\u00e1j\u00e1st okozhatnak, ha valaki nem el\u00e9g \u00f3vatos.<\/p>\n<p>Ez\u00e9rt sok online kaszin\u00f3 mindent megtesz, hogy meggy\u0151zze \u00fcgyfeleit arr\u00f3l, hogy az **oldalaikon k\u00edn\u00e1lt fizet\u00e9si lehet\u0151s\u00e9gek biztons\u00e1gosak \u00e9s megb\u00edzhat\u00f3ak.** Val\u00f3ban j\u00f3 \u00f6tlet k\u00f6r\u00fcltekint\u0151nek lenni az online tranzakci\u00f3k sor\u00e1n. Az utols\u00f3 dolog, amit szeretn\u00e9nk, az az, hogy a hitelk\u00e1rtya adataink rossz kezekbe ker\u00fcljenek. Az interneten rengeteg hacker \u00e9s csal\u00f3 van, \u00e9s az utols\u00f3 dolog, amit szeretn\u00e9l, az az, hogy a k\u00f6vetkez\u0151 \u00e1ldozatukk\u00e1 v\u00e1lj. A legjobb, amit tehetsz, hogy b\u0151v\u00edted az online fizet\u00e9si m\u00f3dokkal \u00e9s azok v\u00e1ltozatoss\u00e1g\u00e1val kapcsolatos ismereteidet.<\/p>\n<p>Az online kaszin\u00f3k sz\u00e1mos fizet\u00e9si csatorn\u00e1t k\u00edn\u00e1lnak, amelyek biztons\u00e1gosan haszn\u00e1lhat\u00f3k online szerencsej\u00e1t\u00e9k eset\u00e9n. A hitel- vagy bankk\u00e1rty\u00e1s fizet\u00e9s meglehet\u0151sen gyakori az online kaszin\u00f3kban. Szinte minden kaszin\u00f3 elfogad Visa, MasterCard \u00e9s American Express k\u00e1rty\u00e1kat. B\u00e1rmelyik k\u00e1rty\u00e1val lebonyol\u00edthatsz tranzakci\u00f3kat.<\/p>\n<h2>Online kaszin\u00f3k, amelyek amerikai \u00fcgyfeleket fogadnak el<\/h2>\n<p><img loading=\"lazy\" decoding=\"async\" class=\" wp-image-2901 alignright\" src=\"https:\/\/gambling6.com\/wp-content\/uploads\/2022\/04\/download-image2-300x190.jpg\" alt=\"online kaszin\u00f3 let\u00f6lt\u00e9s\" width=\"249\" height=\"158\" srcset=\"https:\/\/gambling6.com\/wp-content\/uploads\/2022\/04\/download-image2-300x190.jpg 300w, https:\/\/gambling6.com\/wp-content\/uploads\/2022\/04\/download-image2.jpg 435w\" sizes=\"auto, (max-width: 249px) 100vw, 249px\" \/><br \/>\nHa az Egyes\u00fclt \u00c1llamokban laksz, az online kaszin\u00f3kkal kapcsolatos lehet\u0151s\u00e9geid n\u00e9mileg korl\u00e1tozottak az amerikai jogszab\u00e1lyok miatt. Ugyanez vonatkozik az el\u00e9rhet\u0151 fizet\u00e9si lehet\u0151s\u00e9gekre is. Ez\u00e9rt \u00e9rdemes amerikai lakosk\u00e9nt olyan kaszin\u00f3t keresni, amely k\u00e9nyelmes befizet\u00e9si \u00e9s kifizet\u00e9si m\u00f3dokat k\u00edn\u00e1l, hogy elkezdhesse az online szerencsej\u00e1t\u00e9kot.<\/p>\n<p>K\u00fcl\u00f6n\u00f6sen a fizet\u00e9sfeldolgoz\u00e1s egyszer\u0171s\u00e9ge tekintet\u00e9ben emelkedik ki a BetOnline kaszin\u00f3 a t\u00f6megb\u0151l, ez\u00e9rt er\u0151sen aj\u00e1nljuk az amerikai l\u00e1togat\u00f3knak. <a class=\"thirstylink\" title=\"Betonline casino en\" href=\"https:\/\/gambling6.com\/go\/betonline-casino-en\/\" target=\"_blank\" rel=\"nofollow noopener\"><strong>Kattintson <\/strong><strong>ide, hogy most megl\u00e1togassa \u0151ket.<\/strong><\/a><\/p>\n<p>B\u00e1r ez mag\u00e1t\u00f3l \u00e9rtet\u0151d\u0151 javaslatnak t\u0171nhet, miel\u0151tt megadn\u00e1 hitelk\u00e1rtyaadatait, gy\u0151z\u0151dj\u00f6n meg arr\u00f3l, hogy tiszt\u00e1ban van a tranzakci\u00f3 c\u00e9lj\u00e1val, \u00e9s megb\u00edzik az oldalon. A hitelk\u00e1rtyaadatok be\u00edr\u00e1s\u00e1n t\u00fal online fizet\u00e9si m\u00f3dokat is v\u00e1laszthat. Sz\u00e1mos online port\u00e1l l\u00e9tezik, amelyek erre a c\u00e9lra specializ\u00e1l\u00f3dtak. Igaz, hogy a kaszin\u00f3knak lehetnek kedvenc online tranzakci\u00f3s oldalaik, de vannak olyanok, amelyek n\u00e9pszer\u0171bbek, mint a t\u00f6bbi.<\/p>\n<p>Ezek az online tranzakci\u00f3s oldalak k\u00f6z\u00e9 tartozik a Neteller, a Money Transfer, az eWalletXpress, a PayPal, az Instadebit \u00e9s a Moneybookers. A Moneybookers egy meglehet\u0151sen n\u00e9pszer\u0171 fizet\u00e9si m\u00f3d az eur\u00f3pai orsz\u00e1gokban, bele\u00e9rtve az Egyes\u00fclt Kir\u00e1lys\u00e1got is. Ez a szolg\u00e1ltat\u00e1s tette az eur\u00f3pai polg\u00e1rokat az online kaszin\u00f3k nagy rajong\u00f3iv\u00e1.<\/p>\n<h2>Kaszin\u00f3k, amelyek PayPal-on kereszt\u00fcl dolgoznak fel fizet\u00e9seket<\/h2>\n<p>Ha ismeri a PayPalt, akkor nem lesz probl\u00e9m\u00e1ja a haszn\u00e1lat\u00e1val online j\u00e1t\u00e9kmenetei sor\u00e1n. Csak annyit kell tennie, hogy regisztr\u00e1lja a nev\u00e9t, \u00e9s p\u00e1ros\u00edtja a hitelk\u00e1rty\u00e1j\u00e1t a fi\u00f3kj\u00e1val. Ezt a fizet\u00e9si m\u00f3dot a legt\u00f6bb kaszin\u00f3 \u00e9s online szerencsej\u00e1t\u00e9k-oldal elfogadja. Ha anonim szeretne maradni az online szerencsej\u00e1t\u00e9k sor\u00e1n, akkor az eWalletXpress a legmegfelel\u0151bb az \u00d6n sz\u00e1m\u00e1ra. A biztons\u00e1g mellett ez az oldal seg\u00edt a befizet\u0151knek abban, hogy rejtve maradjanak. Ez egy gyors tranzakci\u00f3s m\u00f3dszer, amelyet a legt\u00f6bb online kaszin\u00f3 elfogad.<\/p>\n<p>Az online tranzakci\u00f3k, bele\u00e9rtve az online szerencsej\u00e1t\u00e9kot is, n\u00e9pszer\u0171s\u00e9g\u00e9nek k\u00f6sz\u00f6nhet\u0151en a PayPal nagy figyelmet kapott. \u00dagy t\u0171nik, hogy kev\u00e9s kaszin\u00f3 b\u00edzik meg ebben az oldalon a biztons\u00e1gos fizet\u00e9si m\u00f3d miatt.<\/p>\n<p>A 888 Casino minden, az Egyes\u00fclt Kir\u00e1lys\u00e1gban \u00e9s \u00cdrorsz\u00e1gban \u00e9l\u0151 j\u00e1t\u00e9kos\u00e1nak biztos\u00edtja a PayPal opci\u00f3t. Azonban, ha Ausztr\u00e1li\u00e1ban \u00e9lsz, \u00e9s ezen az oldalon szeretn\u00e9l j\u00e1tszani, MasterCarddal is lebonyol\u00edthatod a tranzakci\u00f3idat. A fent eml\u00edtett k\u00e9t orsz\u00e1gon k\u00edv\u00fcl Spanyolorsz\u00e1g, Portug\u00e1lia, Olaszorsz\u00e1g, Ausztria, Finnorsz\u00e1g, Sv\u00e9dorsz\u00e1g \u00e9s D\u00e1nia is r\u00e9szt vesz ezen az online tranzakci\u00f3s rendszeren.<\/p>\n<p>Jelenleg a 888 Casino egy nagyszer\u0171 aj\u00e1nlattal is v\u00e1rja az \u00faj j\u00e1t\u00e9kosokat: <strong>100%-os \u00e9s ak\u00e1r 1500,00 eur\u00f3s b\u00f3nusz az els\u0151 befizet\u00e9sre \u00faj j\u00e1t\u00e9kosoknak!<\/strong> Ez a prom\u00f3ci\u00f3s aj\u00e1nlat csak bizonyos orsz\u00e1gok lakosai sz\u00e1m\u00e1ra \u00e9rv\u00e9nyes, <a class=\"thirstylink\" title=\"888 casino en\" href=\"https:\/\/gambling6.com\/go\/888-casino-en\/\" target=\"_blank\" rel=\"nofollow noopener\">tov\u00e1bbi inform\u00e1ci\u00f3k\u00e9rt k\u00e9rj\u00fck, tekintse meg a 888 weboldalait.<\/a><\/p>\n<p>Di\u00f3h\u00e9jban, a legt\u00f6bbj\u00fck fizet\u00e9si lehet\u0151s\u00e9geket k\u00edn\u00e1l minden j\u00e1t\u00e9kos sz\u00e1m\u00e1ra, f\u00fcggetlen\u00fcl att\u00f3l, hogy hol \u00e9lnek. M\u00edgAz amerikai \u00e9s ausztr\u00e1l \u00e1llampolg\u00e1rok haszn\u00e1lhatj\u00e1k a Visa, Master Card, Neteller \u00e9s Moneybookers k\u00e1rty\u00e1kat, az Eur\u00f3p\u00e1ban \u00e9l\u0151k pedig a PayPal rendszert.<\/p>\n<p>A 888 Casino sz\u00e1mos j\u00e1t\u00e9kot k\u00edn\u00e1l, bele\u00e9rtve a 3D-s j\u00e1t\u00e9kokat is. Fogad\u00e1sait PayPal, Master Card vagy b\u00e1rmilyen m\u00e1s elfogadott fizet\u00e9si m\u00f3d seg\u00edts\u00e9g\u00e9vel teheti meg. Mindezek a fizet\u00e9si m\u00f3dok meglehet\u0151sen biztons\u00e1gosak. Azonban, mint sok m\u00e1s online kaszin\u00f3n\u00e1l, a 888casinos.com-n\u00e1l is van egy minim\u00e1lis befizet\u00e9si \u00f6sszeg, amelyet be kell tartani. Az \u00f6sszeg azonban gyakran a v\u00e1lasztott fizet\u00e9si m\u00f3dt\u00f3l f\u00fcgg. Master Card vagy Visa k\u00e1rty\u00e1k haszn\u00e1lata eset\u00e9n 20 doll\u00e1rt, 20 eur\u00f3t vagy 20 fontot kell fizetnie, att\u00f3l f\u00fcgg\u0151en, hogy melyik r\u00e9gi\u00f3ban tart\u00f3zkodik. A Maestro bankk\u00e1rty\u00e1t haszn\u00e1l\u00f3 j\u00e1t\u00e9kosoknak azonban legal\u00e1bb 10 doll\u00e1rt vagy 10 eur\u00f3t kell befizetni\u00fck. Ha olyan online oldalakat haszn\u00e1l, mint a PayPal, a MoneyBookers vagy a Neteller, akkor a minim\u00e1lis \u00f6sszeg 20 doll\u00e1r lesz.<\/p>\n<p>Az \u00f6sszeg legt\u00f6bbsz\u00f6r p\u00e9nznemenk\u00e9nt v\u00e1ltozhat az \u00e1rfolyamt\u00f3l \u00e9s az egy\u00e9b vonatkoz\u00f3 d\u00edjakt\u00f3l f\u00fcgg\u0151en. Ez\u00e9rt m\u00edg az egyik j\u00e1t\u00e9kos befizethet 10 fontot a Netelleren kereszt\u00fcl, egy m\u00e1sik v\u00e9g\u00fcl 20 doll\u00e1rt fizethet, ami az el\u0151z\u0151 \u00f6sszeg k\u00e9tszerese. Teh\u00e1t a tranzakci\u00f3k v\u00e9grehajt\u00e1sakor jobb, ha ismeri az adott kaszin\u00f3ban haszn\u00e1land\u00f3 p\u00e9nznemet.<\/p>\n<p>A l\u00e9nyeg az, hogy amikor online szerencsej\u00e1t\u00e9kot j\u00e1tszol a p\u00e9nzeddel egy online kaszin\u00f3ban, jobb, ha megb\u00edzhat\u00f3 fizet\u00e9si m\u00f3dot v\u00e1lasztasz. \u00cdgy k\u00e9s\u0151bb nem kell megb\u00e1nnod. V\u00e9g\u00fcl is az\u00e9rt vagy ott, hogy sz\u00f3rakozz, \u00e9s ne v\u00e1lj csal\u00e1s \u00e1ldozat\u00e1v\u00e1. Teh\u00e1t j\u00e1tssz \u00f3vatosan, \u00e9s hagyd, hogy a ker\u00e9k p\u00f6r\u00f6gj\u00f6n!<\/p>\n","protected":false},"excerpt":{"rendered":"<p>Online kaszin\u00f3 kezd\u0151knek sz\u00f3l\u00f3 \u00fatmutat\u00f3 N\u00e9zz\u00fcnk szembe a t\u00e9nyekkel \u2013 az online kaszin\u00f3 itt marad. N\u00f6vekv\u0151 n\u00e9pszer\u0171s\u00e9g\u00e9t tekintve bebizonyosodott, hogy a j\u00e1t\u00e9kosok im\u00e1dj\u00e1k. A val\u00f3di p\u00e9nzes online szerencsej\u00e1t\u00e9k mindenkit boldogg\u00e1 tesz, miut\u00e1n elkezdt\u00e9k, \u00e9s egyre t\u00f6bbet k\u00e9rnek. Szinte minden nap nagy mennyis\u00e9g\u0171 k\u00e9szp\u00e9nz cser\u00e9l gazd\u00e1t ezekben a val\u00f3di p\u00e9nzes kaszin\u00f3kban. Legyen sz\u00f3 befizet\u00e9sekr\u0151l vagy kifizet\u00e9sekr\u0151l, [&hellip;]<\/p>\n","protected":false},"author":1,"featured_media":0,"parent":0,"menu_order":2,"comment_status":"closed","ping_status":"closed","template":"","meta":{"footnotes":""},"class_list":["post-8310","page","type-page","status-publish","hentry"],"yoast_head":"<!-- This site is optimized with the Yoast SEO plugin v27.3 - https:\/\/yoast.com\/product\/yoast-seo-wordpress\/ -->\n<title>Kezdje el az online szerencsej\u00e1t\u00e9kot | Online kaszin\u00f3 \u00fatmutat\u00f3<\/title>\n<meta name=\"description\" content=\"N\u00e9zz\u00fcnk szembe a t\u00e9nyekkel \u2013 az online kaszin\u00f3 itt marad. Kezdj bele most \u2013 online kaszin\u00f3 kalauzunk seg\u00edt kiv\u00e1lasztani a sz\u00e1modra legjobb oldalakat.\" \/>\n<meta name=\"robots\" content=\"index, follow, max-snippet:-1, max-image-preview:large, max-video-preview:-1\" \/>\n<link rel=\"canonical\" href=\"https:\/\/gambling6.com\/hu\/kaszino\/\" \/>\n<meta property=\"og:locale\" content=\"hu_HU\" \/>\n<meta property=\"og:type\" content=\"article\" \/>\n<meta property=\"og:title\" content=\"Kezdje el az online szerencsej\u00e1t\u00e9kot | Online kaszin\u00f3 \u00fatmutat\u00f3\" \/>\n<meta property=\"og:description\" content=\"N\u00e9zz\u00fcnk szembe a t\u00e9nyekkel \u2013 az online kaszin\u00f3 itt marad. Kezdj bele most \u2013 online kaszin\u00f3 kalauzunk seg\u00edt kiv\u00e1lasztani a sz\u00e1modra legjobb oldalakat.\" \/>\n<meta property=\"og:url\" content=\"https:\/\/gambling6.com\/hu\/kaszino\/\" \/>\n<meta property=\"og:site_name\" content=\"Gambling6\" \/>\n<meta property=\"article:modified_time\" content=\"2025-11-12T15:39:16+00:00\" \/>\n<meta property=\"og:image\" content=\"https:\/\/gambling6.com\/wp-content\/uploads\/2022\/04\/download-image2.jpg\" \/>\n\t<meta property=\"og:image:width\" content=\"435\" \/>\n\t<meta property=\"og:image:height\" content=\"276\" \/>\n\t<meta property=\"og:image:type\" content=\"image\/jpeg\" \/>\n<meta name=\"twitter:card\" content=\"summary_large_image\" \/>\n<meta name=\"twitter:label1\" content=\"Becs\u00fclt olvas\u00e1si id\u0151\" \/>\n\t<meta name=\"twitter:data1\" content=\"6 perc\" \/>\n<script type=\"application\/ld+json\" class=\"yoast-schema-graph\">{\"@context\":\"https:\\\/\\\/schema.org\",\"@graph\":[{\"@type\":\"WebPage\",\"@id\":\"https:\\\/\\\/gambling6.com\\\/hu\\\/kaszino\\\/\",\"url\":\"https:\\\/\\\/gambling6.com\\\/hu\\\/kaszino\\\/\",\"name\":\"Kezdje el az online szerencsej\u00e1t\u00e9kot | Online kaszin\u00f3 \u00fatmutat\u00f3\",\"isPartOf\":{\"@id\":\"https:\\\/\\\/gambling6.com\\\/hu\\\/#website\"},\"primaryImageOfPage\":{\"@id\":\"https:\\\/\\\/gambling6.com\\\/hu\\\/kaszino\\\/#primaryimage\"},\"image\":{\"@id\":\"https:\\\/\\\/gambling6.com\\\/hu\\\/kaszino\\\/#primaryimage\"},\"thumbnailUrl\":\"https:\\\/\\\/gambling6.com\\\/wp-content\\\/uploads\\\/2022\\\/04\\\/download-image2-300x190.jpg\",\"datePublished\":\"2025-11-07T09:33:48+00:00\",\"dateModified\":\"2025-11-12T15:39:16+00:00\",\"description\":\"N\u00e9zz\u00fcnk szembe a t\u00e9nyekkel \u2013 az online kaszin\u00f3 itt marad. Kezdj bele most \u2013 online kaszin\u00f3 kalauzunk seg\u00edt kiv\u00e1lasztani a sz\u00e1modra legjobb oldalakat.\",\"breadcrumb\":{\"@id\":\"https:\\\/\\\/gambling6.com\\\/hu\\\/kaszino\\\/#breadcrumb\"},\"inLanguage\":\"hu\",\"potentialAction\":[{\"@type\":\"ReadAction\",\"target\":[\"https:\\\/\\\/gambling6.com\\\/hu\\\/kaszino\\\/\"]}]},{\"@type\":\"ImageObject\",\"inLanguage\":\"hu\",\"@id\":\"https:\\\/\\\/gambling6.com\\\/hu\\\/kaszino\\\/#primaryimage\",\"url\":\"https:\\\/\\\/gambling6.com\\\/wp-content\\\/uploads\\\/2022\\\/04\\\/download-image2-300x190.jpg\",\"contentUrl\":\"https:\\\/\\\/gambling6.com\\\/wp-content\\\/uploads\\\/2022\\\/04\\\/download-image2-300x190.jpg\"},{\"@type\":\"BreadcrumbList\",\"@id\":\"https:\\\/\\\/gambling6.com\\\/hu\\\/kaszino\\\/#breadcrumb\",\"itemListElement\":[{\"@type\":\"ListItem\",\"position\":1,\"name\":\"Home\",\"item\":\"https:\\\/\\\/gambling6.com\\\/hu\\\/home\\\/\"},{\"@type\":\"ListItem\",\"position\":2,\"name\":\"Kaszin\u00f3\"}]},{\"@type\":\"WebSite\",\"@id\":\"https:\\\/\\\/gambling6.com\\\/hu\\\/#website\",\"url\":\"https:\\\/\\\/gambling6.com\\\/hu\\\/\",\"name\":\"Gambling6\",\"description\":\"\",\"potentialAction\":[{\"@type\":\"SearchAction\",\"target\":{\"@type\":\"EntryPoint\",\"urlTemplate\":\"https:\\\/\\\/gambling6.com\\\/hu\\\/?s={search_term_string}\"},\"query-input\":{\"@type\":\"PropertyValueSpecification\",\"valueRequired\":true,\"valueName\":\"search_term_string\"}}],\"inLanguage\":\"hu\"}]}<\/script>\n<!-- \/ Yoast SEO plugin. -->","yoast_head_json":{"title":"Kezdje el az online szerencsej\u00e1t\u00e9kot | Online kaszin\u00f3 \u00fatmutat\u00f3","description":"N\u00e9zz\u00fcnk szembe a t\u00e9nyekkel \u2013 az online kaszin\u00f3 itt marad. Kezdj bele most \u2013 online kaszin\u00f3 kalauzunk seg\u00edt kiv\u00e1lasztani a sz\u00e1modra legjobb oldalakat.","robots":{"index":"index","follow":"follow","max-snippet":"max-snippet:-1","max-image-preview":"max-image-preview:large","max-video-preview":"max-video-preview:-1"},"canonical":"https:\/\/gambling6.com\/hu\/kaszino\/","og_locale":"hu_HU","og_type":"article","og_title":"Kezdje el az online szerencsej\u00e1t\u00e9kot | Online kaszin\u00f3 \u00fatmutat\u00f3","og_description":"N\u00e9zz\u00fcnk szembe a t\u00e9nyekkel \u2013 az online kaszin\u00f3 itt marad. Kezdj bele most \u2013 online kaszin\u00f3 kalauzunk seg\u00edt kiv\u00e1lasztani a sz\u00e1modra legjobb oldalakat.","og_url":"https:\/\/gambling6.com\/hu\/kaszino\/","og_site_name":"Gambling6","article_modified_time":"2025-11-12T15:39:16+00:00","og_image":[{"width":435,"height":276,"url":"https:\/\/gambling6.com\/wp-content\/uploads\/2022\/04\/download-image2.jpg","type":"image\/jpeg"}],"twitter_card":"summary_large_image","twitter_misc":{"Becs\u00fclt olvas\u00e1si id\u0151":"6 perc"},"schema":{"@context":"https:\/\/schema.org","@graph":[{"@type":"WebPage","@id":"https:\/\/gambling6.com\/hu\/kaszino\/","url":"https:\/\/gambling6.com\/hu\/kaszino\/","name":"Kezdje el az online szerencsej\u00e1t\u00e9kot | Online kaszin\u00f3 \u00fatmutat\u00f3","isPartOf":{"@id":"https:\/\/gambling6.com\/hu\/#website"},"primaryImageOfPage":{"@id":"https:\/\/gambling6.com\/hu\/kaszino\/#primaryimage"},"image":{"@id":"https:\/\/gambling6.com\/hu\/kaszino\/#primaryimage"},"thumbnailUrl":"https:\/\/gambling6.com\/wp-content\/uploads\/2022\/04\/download-image2-300x190.jpg","datePublished":"2025-11-07T09:33:48+00:00","dateModified":"2025-11-12T15:39:16+00:00","description":"N\u00e9zz\u00fcnk szembe a t\u00e9nyekkel \u2013 az online kaszin\u00f3 itt marad. Kezdj bele most \u2013 online kaszin\u00f3 kalauzunk seg\u00edt kiv\u00e1lasztani a sz\u00e1modra legjobb oldalakat.","breadcrumb":{"@id":"https:\/\/gambling6.com\/hu\/kaszino\/#breadcrumb"},"inLanguage":"hu","potentialAction":[{"@type":"ReadAction","target":["https:\/\/gambling6.com\/hu\/kaszino\/"]}]},{"@type":"ImageObject","inLanguage":"hu","@id":"https:\/\/gambling6.com\/hu\/kaszino\/#primaryimage","url":"https:\/\/gambling6.com\/wp-content\/uploads\/2022\/04\/download-image2-300x190.jpg","contentUrl":"https:\/\/gambling6.com\/wp-content\/uploads\/2022\/04\/download-image2-300x190.jpg"},{"@type":"BreadcrumbList","@id":"https:\/\/gambling6.com\/hu\/kaszino\/#breadcrumb","itemListElement":[{"@type":"ListItem","position":1,"name":"Home","item":"https:\/\/gambling6.com\/hu\/home\/"},{"@type":"ListItem","position":2,"name":"Kaszin\u00f3"}]},{"@type":"WebSite","@id":"https:\/\/gambling6.com\/hu\/#website","url":"https:\/\/gambling6.com\/hu\/","name":"Gambling6","description":"","potentialAction":[{"@type":"SearchAction","target":{"@type":"EntryPoint","urlTemplate":"https:\/\/gambling6.com\/hu\/?s={search_term_string}"},"query-input":{"@type":"PropertyValueSpecification","valueRequired":true,"valueName":"search_term_string"}}],"inLanguage":"hu"}]}},"_links":{"self":[{"href":"https:\/\/gambling6.com\/hu\/wp-json\/wp\/v2\/pages\/8310","targetHints":{"allow":["GET"]}}],"collection":[{"href":"https:\/\/gambling6.com\/hu\/wp-json\/wp\/v2\/pages"}],"about":[{"href":"https:\/\/gambling6.com\/hu\/wp-json\/wp\/v2\/types\/page"}],"author":[{"embeddable":true,"href":"https:\/\/gambling6.com\/hu\/wp-json\/wp\/v2\/users\/1"}],"replies":[{"embeddable":true,"href":"https:\/\/gambling6.com\/hu\/wp-json\/wp\/v2\/comments?post=8310"}],"version-history":[{"count":1,"href":"https:\/\/gambling6.com\/hu\/wp-json\/wp\/v2\/pages\/8310\/revisions"}],"predecessor-version":[{"id":10394,"href":"https:\/\/gambling6.com\/hu\/wp-json\/wp\/v2\/pages\/8310\/revisions\/10394"}],"wp:attachment":[{"href":"https:\/\/gambling6.com\/hu\/wp-json\/wp\/v2\/media?parent=8310"}],"curies":[{"name":"wp","href":"https:\/\/api.w.org\/{rel}","templated":true}]}}