{"id":8351,"date":"2025-11-07T12:01:03","date_gmt":"2025-11-07T12:01:03","guid":{"rendered":"https:\/\/gambling6.com\/kaszino\/kaszinoertekelesek\/"},"modified":"2025-11-12T06:43:24","modified_gmt":"2025-11-12T06:43:24","slug":"kaszinoertekelesek","status":"publish","type":"page","link":"https:\/\/gambling6.com\/hu\/kaszino\/kaszinoertekelesek\/","title":{"rendered":"Kaszin\u00f3\u00e9rt\u00e9kel\u00e9sek"},"content":{"rendered":"<h2>Seg\u00edt\u00fcnk kiv\u00e1lasztani a legjobb szerencsej\u00e1t\u00e9k-oldalt \u00e9rt\u00e9kel\u00e9seink alapj\u00e1n<\/h2>\n<p>A kaszin\u00f3 weboldalak olyan helysz\u00ednek, amelyek lehet\u0151s\u00e9get k\u00edn\u00e1lnak arra, hogy fogad\u00e1sokat tegyen kaszin\u00f3j\u00e1t\u00e9kokra vagy sportesem\u00e9nyekre, vagy online p\u00f3kerteremben fogadjon. Az online szerencsej\u00e1t\u00e9k biztos\u00edtja az otthoni j\u00e1t\u00e9k k\u00e9nyelm\u00e9t. \u00c9lvezheti a kedvenc sport\u00e1gaira val\u00f3 fogad\u00e1s izgalm\u00e1t an\u00e9lk\u00fcl, hogy elhagyn\u00e1 otthona k\u00e9nyelm\u00e9t. Az online szerencsej\u00e1t\u00e9k n\u00e9pszer\u0171s\u00e9ge sz\u00e1mos online fogad\u00e1si oldal \u00e9s kaszin\u00f3 l\u00e9trej\u00f6tt\u00e9hez vezetett. Mint minden m\u00e1s ipar\u00e1gban, az online szerencsej\u00e1t\u00e9kban is vannak g\u00e1tl\u00e1stalan \u00fczemeltet\u0151k. Ez\u00e9rt a legjobb kaszin\u00f3 weboldal kiv\u00e1laszt\u00e1sa kulcsfontoss\u00e1g\u00fa. <strong>Kaszin\u00f3 weboldalaink \u00e9rt\u00e9kel\u00e9seinek \u00e1ttekint\u00e9se seg\u00edthet eld\u00f6nteni, hogy megb\u00edzhat\u00f3-e egy adott oldal.<\/strong><\/p>\n<p><a href=\"https:\/\/ic.aff-handler.com\/C\/47965?sr=1064399&amp;anid=\" rel=\"nofollow\"><img loading=\"lazy\" decoding=\"async\" class=\"alignright\" src=\"https:\/\/ic.aff-handler.com\/I\/47965?sr=1064399&amp;anid=\" width=\"420\" height=\"84\" \/><\/a><\/p>\n<ul>\n<li><strong>H\u00edrn\u00e9v<\/strong><\/li>\n<\/ul>\n<p>A kaszin\u00f3 weboldalak h\u00edrneve az els\u0151dleges szempont a d\u00f6nt\u00e9shozatal el\u0151tt. Mivel a kaszin\u00f3t nem lehet fizikailag megtekinteni, a h\u00edrnev\u00e9re kell hagyatkozni, hogy eld\u00f6ntse, j\u00e1tsz-e ott vagy sem. A legjobb kaszin\u00f3 weboldalak azok, amelyek t\u00f6bb \u00e9ves tapasztalattal rendelkeznek az ipar\u00e1gban, \u00e9s j\u00f3 h\u00edrnevet szereztek a kiv\u00e1l\u00f3 \u00fcgyf\u00e9lszolg\u00e1latukr\u00f3l.<\/p>\n<ul>\n<li><strong>Enged\u00e9lyek<\/strong><\/li>\n<\/ul>\n<p>A megb\u00edzhat\u00f3 kaszin\u00f3 weboldalak megfelel\u0151 enged\u00e9lyekkel rendelkeznek m\u0171k\u00f6d\u00e9s\u00fckh\u00f6z. A j\u00f3 h\u00edr\u0171 j\u00e1t\u00e9kbizotts\u00e1gok vagy a regisztr\u00e1lt j\u00e1t\u00e9khat\u00f3s\u00e1gok bizonyos joghat\u00f3s\u00e1gokban adj\u00e1k ki az enged\u00e9lyeket a szerencsej\u00e1t\u00e9k-oldalaknak, miut\u00e1n biztos\u00edtott\u00e1k, hogy a kaszin\u00f3 weboldal megfelel bizonyos szabv\u00e1nyoknak a biztons\u00e1g, a tisztess\u00e9ges j\u00e1t\u00e9kszab\u00e1lyzat, a kifizet\u00e9sek \u00e9s az \u00fcgyf\u00e9lszolg\u00e1lat tekintet\u00e9ben. A megb\u00edzhat\u00f3 szerencsej\u00e1t\u00e9k-oldalak j\u00f3l l\u00e1that\u00f3an felt\u00fcntetik ezt az enged\u00e9lyt, de egy **j\u00f3 kaszin\u00f3\u00e9rt\u00e9kel\u00e9snek** azt is fel kell t\u00fcntetnie, hogy hol rendelkezik enged\u00e9llyel a kaszin\u00f3. A rendszereket \u00e9s folyamatokat a megfelel\u0151 szervek is ellen\u0151rzik, \u00e9s tan\u00fas\u00edtv\u00e1nyokat is szereztek. Ezeket a tan\u00fas\u00edtv\u00e1nyokat megtekintheti a weboldalaikon. Egy enged\u00e9llyel rendelkez\u0151 szerencsej\u00e1t\u00e9k-oldal kiv\u00e1laszt\u00e1sa seg\u00edt abban, hogy biztons\u00e1gos j\u00e1t\u00e9k\u00e9lm\u00e9nyben legyen r\u00e9sze.<\/p>\n<ul>\n<li><strong>J\u00e1t\u00e9klehet\u0151s\u00e9gek<\/strong><\/li>\n<\/ul>\n<p>A v\u00e1lasztott kaszin\u00f3 oldalnak sz\u00e1mos j\u00e1t\u00e9kot kell k\u00edn\u00e1lnia, bele\u00e9rtve a craps-t, a rulettet, a blackjack-et, a nyer\u0151g\u00e9peket, a vide\u00f3 p\u00f3kert \u00e9s az asztali j\u00e1t\u00e9kokat. A kaszin\u00f3 oldal \u00e1ltal haszn\u00e1lt szerencsej\u00e1t\u00e9k-szoftver seg\u00edt meg\u00edt\u00e9lni a j\u00e1t\u00e9k\u00e9lm\u00e9ny min\u0151s\u00e9g\u00e9t. Ha olyan kaszin\u00f3oldalt v\u00e1lasztasz, amely sz\u00e9les j\u00e1t\u00e9kv\u00e1laszt\u00e9kot k\u00edn\u00e1l, az online szerencsej\u00e1t\u00e9k-\u00e9lm\u00e9nyed \u00e9lvezetesebb lesz.<\/p>\n<ul>\n<li><strong>Szerencsej\u00e1t\u00e9k-szoftver<\/strong><\/li>\n<\/ul>\n<p>A legjobb online szerencsej\u00e1t\u00e9k-oldalak a legrobusztusabb j\u00e1t\u00e9kszoftvert haszn\u00e1lj\u00e1k, amely olyan k\u00f6rnyezetet teremt, mintha egy igazi kaszin\u00f3ban lenn\u00e9l. A legmagasabb min\u0151s\u00e9g\u0171 grafik\u00e1t \u00e9s hangz\u00e1st k\u00edn\u00e1lja. Felhaszn\u00e1l\u00f3bar\u00e1t, \u00edgy k\u00f6nnyen let\u00f6ltheted, telep\u00edtheted \u00e9s haszn\u00e1lhatod.<\/p>\n<ul>\n<li style=\"list-style-type: none;\">\n<ul>\n<li><strong>Befizet\u00e9si \u00e9s kifizet\u00e9si lehet\u0151s\u00e9gek<\/strong><\/li>\n<\/ul>\n<\/li>\n<\/ul>\n<p>Fontos, hogy elolvasd az online kaszin\u00f3 \u00e1ltal k\u00edn\u00e1lt befizet\u00e9si \u00e9s kifizet\u00e9si lehet\u0151s\u00e9gekr\u0151l sz\u00f3l\u00f3 v\u00e9lem\u00e9nyeket. A lehet\u0151s\u00e9geknek meg kell felelni\u00fck az ig\u00e9nyeidnek. Manaps\u00e1g sok j\u00e1t\u00e9kos nagyobb biztons\u00e1gra v\u00e1gyik az online kaszin\u00f3kban val\u00f3 j\u00e1t\u00e9k sor\u00e1n, ez\u00e9rt egyn\u00e9l t\u00f6bb befizet\u00e9si lehet\u0151s\u00e9get szeretn\u00e9nek. A legjobb szerencsej\u00e1t\u00e9k-oldal k\u00fcl\u00f6nf\u00e9le lehet\u0151s\u00e9geket k\u00edn\u00e1l, p\u00e9ld\u00e1ul hitelk\u00e1rty\u00e1kat, banksz\u00e1mla-\u00e1tutal\u00e1sokat, e-p\u00e9nzt\u00e1rc\u00e1kat, mint a Neteller \u00e9s a PayPal, valamint k\u00e1rty\u00e1kat, mint az Ukash \u00e9s a Paysafecard, s\u0151t kriptovaluta-fizet\u00e9seket is. Kaszin\u00f3-\u00e9rt\u00e9kel\u00e9si oldalaink t\u00e1j\u00e9koztat\u00e1st ny\u00fajtanak arr\u00f3l, hogy sz\u00e1m\u00edthatsz-e gyors \u00e9s probl\u00e9mamentes befizet\u00e9sekre \u00e9s kifizet\u00e9sekre. A kaszin\u00f3nak er\u0151fesz\u00edt\u00e9seket kell tennie a p\u00e9nz\u00fcgyi \u00e9s szem\u00e9lyes adataid v\u00e9delme \u00e9rdek\u00e9ben az\u00e1ltal, hogy a tranzakci\u00f3kat biztons\u00e1gos szervereken kereszt\u00fcl bonyol\u00edtja le.<\/p>\n<ul>\n<li style=\"list-style-type: none;\">\n<ul>\n<li style=\"list-style-type: none;\">\n<ul>\n<li><strong>\u00dcgyf\u00e9lszolg\u00e1lat<\/strong><\/li>\n<\/ul>\n<\/li>\n<\/ul>\n<\/li>\n<\/ul>\n<p><span style=\"background-color: transparent;\">Az \u00fcgyf\u00e9lszolg\u00e1lat az egyik legfontosabb szempont, amelyet figyelembe kell venni egy <\/span><strong style=\"background-color: transparent;\">kaszin\u00f3 weboldal kiv\u00e1laszt\u00e1sa el\u0151tt.<\/strong><span style=\"background-color: transparent;\"> A legjobb oldal bar\u00e1ts\u00e1gos \u00fcgyf\u00e9lszolg\u00e1latot k\u00edn\u00e1l telefonon, e-mailben \u00e9s \u00e9l\u0151 chaten kereszt\u00fcl a nap 24 \u00f3r\u00e1j\u00e1ban, a h\u00e9t minden napj\u00e1n.<\/span><\/p>\n<p>Ha k\u00e9ts\u00e9geid vannak, v\u00e1lassz egy piacvezet\u0151 kaszin\u00f3t, p\u00e9ld\u00e1ul a 888 Casino-t &#8211; \u0151k minden szerencsej\u00e1t\u00e9kkal kapcsolatos ig\u00e9nyedet lefedik. <a class=\"thirstylink\" title=\"888 casino en\" href=\"https:\/\/gambling6.com\/go\/888-casino-en\/\" target=\"_blank\" rel=\"nofollow noopener\">Kattints ide, hogy m\u00e9g ma ell\u00e1togass a 888 oldal\u00e1ra.<\/a><\/p>\n","protected":false},"excerpt":{"rendered":"<p>Seg\u00edt\u00fcnk kiv\u00e1lasztani a legjobb szerencsej\u00e1t\u00e9k-oldalt \u00e9rt\u00e9kel\u00e9seink alapj\u00e1n A kaszin\u00f3 weboldalak olyan helysz\u00ednek, amelyek lehet\u0151s\u00e9get k\u00edn\u00e1lnak arra, hogy fogad\u00e1sokat tegyen kaszin\u00f3j\u00e1t\u00e9kokra vagy sportesem\u00e9nyekre, vagy online p\u00f3kerteremben fogadjon. Az online szerencsej\u00e1t\u00e9k biztos\u00edtja az otthoni j\u00e1t\u00e9k k\u00e9nyelm\u00e9t. \u00c9lvezheti a kedvenc sport\u00e1gaira val\u00f3 fogad\u00e1s izgalm\u00e1t an\u00e9lk\u00fcl, hogy elhagyn\u00e1 otthona k\u00e9nyelm\u00e9t. Az online szerencsej\u00e1t\u00e9k n\u00e9pszer\u0171s\u00e9ge sz\u00e1mos online fogad\u00e1si oldal \u00e9s [&hellip;]<\/p>\n","protected":false},"author":1,"featured_media":0,"parent":8310,"menu_order":0,"comment_status":"closed","ping_status":"closed","template":"","meta":{"footnotes":""},"class_list":["post-8351","page","type-page","status-publish","hentry"],"yoast_head":"<!-- This site is optimized with the Yoast SEO plugin v27.3 - https:\/\/yoast.com\/product\/yoast-seo-wordpress\/ -->\n<title>Aj\u00e1nlott online kaszin\u00f3 weboldalak \u00e9rt\u00e9kel\u00e9sei \u00e9s tesztjei<\/title>\n<meta name=\"description\" content=\"Kaszin\u00f3 weboldal-\u00e9rt\u00e9kel\u00e9seink seg\u00edtenek eld\u00f6nteni, hogy mire kell figyelni a legjobb online kaszin\u00f3 oldalak keres\u00e9sekor.\" \/>\n<meta name=\"robots\" content=\"index, follow, max-snippet:-1, max-image-preview:large, max-video-preview:-1\" \/>\n<link rel=\"canonical\" href=\"https:\/\/gambling6.com\/hu\/kaszino\/kaszinoertekelesek\/\" \/>\n<meta property=\"og:locale\" content=\"hu_HU\" \/>\n<meta property=\"og:type\" content=\"article\" \/>\n<meta property=\"og:title\" content=\"Aj\u00e1nlott online kaszin\u00f3 weboldalak \u00e9rt\u00e9kel\u00e9sei \u00e9s tesztjei\" \/>\n<meta property=\"og:description\" content=\"Kaszin\u00f3 weboldal-\u00e9rt\u00e9kel\u00e9seink seg\u00edtenek eld\u00f6nteni, hogy mire kell figyelni a legjobb online kaszin\u00f3 oldalak keres\u00e9sekor.\" \/>\n<meta property=\"og:url\" content=\"https:\/\/gambling6.com\/hu\/kaszino\/kaszinoertekelesek\/\" \/>\n<meta property=\"og:site_name\" content=\"Gambling6\" \/>\n<meta property=\"article:modified_time\" content=\"2025-11-12T06:43:24+00:00\" \/>\n<meta property=\"og:image\" content=\"https:\/\/ic.aff-handler.com\/I\/47965?sr=1064399&amp;anid=\" \/>\n<meta name=\"twitter:card\" content=\"summary_large_image\" \/>\n<meta name=\"twitter:label1\" content=\"Becs\u00fclt olvas\u00e1si id\u0151\" \/>\n\t<meta name=\"twitter:data1\" content=\"4 perc\" \/>\n<script type=\"application\/ld+json\" class=\"yoast-schema-graph\">{\"@context\":\"https:\\\/\\\/schema.org\",\"@graph\":[{\"@type\":\"WebPage\",\"@id\":\"https:\\\/\\\/gambling6.com\\\/hu\\\/kaszino\\\/kaszinoertekelesek\\\/\",\"url\":\"https:\\\/\\\/gambling6.com\\\/hu\\\/kaszino\\\/kaszinoertekelesek\\\/\",\"name\":\"Aj\u00e1nlott online kaszin\u00f3 weboldalak \u00e9rt\u00e9kel\u00e9sei \u00e9s tesztjei\",\"isPartOf\":{\"@id\":\"https:\\\/\\\/gambling6.com\\\/hu\\\/#website\"},\"primaryImageOfPage\":{\"@id\":\"https:\\\/\\\/gambling6.com\\\/hu\\\/kaszino\\\/kaszinoertekelesek\\\/#primaryimage\"},\"image\":{\"@id\":\"https:\\\/\\\/gambling6.com\\\/hu\\\/kaszino\\\/kaszinoertekelesek\\\/#primaryimage\"},\"thumbnailUrl\":\"https:\\\/\\\/ic.aff-handler.com\\\/I\\\/47965?sr=1064399&amp;anid=\",\"datePublished\":\"2025-11-07T12:01:03+00:00\",\"dateModified\":\"2025-11-12T06:43:24+00:00\",\"description\":\"Kaszin\u00f3 weboldal-\u00e9rt\u00e9kel\u00e9seink seg\u00edtenek eld\u00f6nteni, hogy mire kell figyelni a legjobb online kaszin\u00f3 oldalak keres\u00e9sekor.\",\"breadcrumb\":{\"@id\":\"https:\\\/\\\/gambling6.com\\\/hu\\\/kaszino\\\/kaszinoertekelesek\\\/#breadcrumb\"},\"inLanguage\":\"hu\",\"potentialAction\":[{\"@type\":\"ReadAction\",\"target\":[\"https:\\\/\\\/gambling6.com\\\/hu\\\/kaszino\\\/kaszinoertekelesek\\\/\"]}]},{\"@type\":\"ImageObject\",\"inLanguage\":\"hu\",\"@id\":\"https:\\\/\\\/gambling6.com\\\/hu\\\/kaszino\\\/kaszinoertekelesek\\\/#primaryimage\",\"url\":\"https:\\\/\\\/ic.aff-handler.com\\\/I\\\/47965?sr=1064399&amp;anid=\",\"contentUrl\":\"https:\\\/\\\/ic.aff-handler.com\\\/I\\\/47965?sr=1064399&amp;anid=\"},{\"@type\":\"BreadcrumbList\",\"@id\":\"https:\\\/\\\/gambling6.com\\\/hu\\\/kaszino\\\/kaszinoertekelesek\\\/#breadcrumb\",\"itemListElement\":[{\"@type\":\"ListItem\",\"position\":1,\"name\":\"Home\",\"item\":\"https:\\\/\\\/gambling6.com\\\/hu\\\/home\\\/\"},{\"@type\":\"ListItem\",\"position\":2,\"name\":\"Kaszin\u00f3\",\"item\":\"https:\\\/\\\/gambling6.com\\\/hu\\\/get-started-with-online-gambling\\\/\"},{\"@type\":\"ListItem\",\"position\":3,\"name\":\"Kaszin\u00f3\u00e9rt\u00e9kel\u00e9sek\"}]},{\"@type\":\"WebSite\",\"@id\":\"https:\\\/\\\/gambling6.com\\\/hu\\\/#website\",\"url\":\"https:\\\/\\\/gambling6.com\\\/hu\\\/\",\"name\":\"Gambling6\",\"description\":\"\",\"potentialAction\":[{\"@type\":\"SearchAction\",\"target\":{\"@type\":\"EntryPoint\",\"urlTemplate\":\"https:\\\/\\\/gambling6.com\\\/hu\\\/?s={search_term_string}\"},\"query-input\":{\"@type\":\"PropertyValueSpecification\",\"valueRequired\":true,\"valueName\":\"search_term_string\"}}],\"inLanguage\":\"hu\"}]}<\/script>\n<!-- \/ Yoast SEO plugin. -->","yoast_head_json":{"title":"Aj\u00e1nlott online kaszin\u00f3 weboldalak \u00e9rt\u00e9kel\u00e9sei \u00e9s tesztjei","description":"Kaszin\u00f3 weboldal-\u00e9rt\u00e9kel\u00e9seink seg\u00edtenek eld\u00f6nteni, hogy mire kell figyelni a legjobb online kaszin\u00f3 oldalak keres\u00e9sekor.","robots":{"index":"index","follow":"follow","max-snippet":"max-snippet:-1","max-image-preview":"max-image-preview:large","max-video-preview":"max-video-preview:-1"},"canonical":"https:\/\/gambling6.com\/hu\/kaszino\/kaszinoertekelesek\/","og_locale":"hu_HU","og_type":"article","og_title":"Aj\u00e1nlott online kaszin\u00f3 weboldalak \u00e9rt\u00e9kel\u00e9sei \u00e9s tesztjei","og_description":"Kaszin\u00f3 weboldal-\u00e9rt\u00e9kel\u00e9seink seg\u00edtenek eld\u00f6nteni, hogy mire kell figyelni a legjobb online kaszin\u00f3 oldalak keres\u00e9sekor.","og_url":"https:\/\/gambling6.com\/hu\/kaszino\/kaszinoertekelesek\/","og_site_name":"Gambling6","article_modified_time":"2025-11-12T06:43:24+00:00","og_image":[{"url":"https:\/\/ic.aff-handler.com\/I\/47965?sr=1064399&amp;anid=","type":"","width":"","height":""}],"twitter_card":"summary_large_image","twitter_misc":{"Becs\u00fclt olvas\u00e1si id\u0151":"4 perc"},"schema":{"@context":"https:\/\/schema.org","@graph":[{"@type":"WebPage","@id":"https:\/\/gambling6.com\/hu\/kaszino\/kaszinoertekelesek\/","url":"https:\/\/gambling6.com\/hu\/kaszino\/kaszinoertekelesek\/","name":"Aj\u00e1nlott online kaszin\u00f3 weboldalak \u00e9rt\u00e9kel\u00e9sei \u00e9s tesztjei","isPartOf":{"@id":"https:\/\/gambling6.com\/hu\/#website"},"primaryImageOfPage":{"@id":"https:\/\/gambling6.com\/hu\/kaszino\/kaszinoertekelesek\/#primaryimage"},"image":{"@id":"https:\/\/gambling6.com\/hu\/kaszino\/kaszinoertekelesek\/#primaryimage"},"thumbnailUrl":"https:\/\/ic.aff-handler.com\/I\/47965?sr=1064399&amp;anid=","datePublished":"2025-11-07T12:01:03+00:00","dateModified":"2025-11-12T06:43:24+00:00","description":"Kaszin\u00f3 weboldal-\u00e9rt\u00e9kel\u00e9seink seg\u00edtenek eld\u00f6nteni, hogy mire kell figyelni a legjobb online kaszin\u00f3 oldalak keres\u00e9sekor.","breadcrumb":{"@id":"https:\/\/gambling6.com\/hu\/kaszino\/kaszinoertekelesek\/#breadcrumb"},"inLanguage":"hu","potentialAction":[{"@type":"ReadAction","target":["https:\/\/gambling6.com\/hu\/kaszino\/kaszinoertekelesek\/"]}]},{"@type":"ImageObject","inLanguage":"hu","@id":"https:\/\/gambling6.com\/hu\/kaszino\/kaszinoertekelesek\/#primaryimage","url":"https:\/\/ic.aff-handler.com\/I\/47965?sr=1064399&amp;anid=","contentUrl":"https:\/\/ic.aff-handler.com\/I\/47965?sr=1064399&amp;anid="},{"@type":"BreadcrumbList","@id":"https:\/\/gambling6.com\/hu\/kaszino\/kaszinoertekelesek\/#breadcrumb","itemListElement":[{"@type":"ListItem","position":1,"name":"Home","item":"https:\/\/gambling6.com\/hu\/home\/"},{"@type":"ListItem","position":2,"name":"Kaszin\u00f3","item":"https:\/\/gambling6.com\/hu\/get-started-with-online-gambling\/"},{"@type":"ListItem","position":3,"name":"Kaszin\u00f3\u00e9rt\u00e9kel\u00e9sek"}]},{"@type":"WebSite","@id":"https:\/\/gambling6.com\/hu\/#website","url":"https:\/\/gambling6.com\/hu\/","name":"Gambling6","description":"","potentialAction":[{"@type":"SearchAction","target":{"@type":"EntryPoint","urlTemplate":"https:\/\/gambling6.com\/hu\/?s={search_term_string}"},"query-input":{"@type":"PropertyValueSpecification","valueRequired":true,"valueName":"search_term_string"}}],"inLanguage":"hu"}]}},"_links":{"self":[{"href":"https:\/\/gambling6.com\/hu\/wp-json\/wp\/v2\/pages\/8351","targetHints":{"allow":["GET"]}}],"collection":[{"href":"https:\/\/gambling6.com\/hu\/wp-json\/wp\/v2\/pages"}],"about":[{"href":"https:\/\/gambling6.com\/hu\/wp-json\/wp\/v2\/types\/page"}],"author":[{"embeddable":true,"href":"https:\/\/gambling6.com\/hu\/wp-json\/wp\/v2\/users\/1"}],"replies":[{"embeddable":true,"href":"https:\/\/gambling6.com\/hu\/wp-json\/wp\/v2\/comments?post=8351"}],"version-history":[{"count":1,"href":"https:\/\/gambling6.com\/hu\/wp-json\/wp\/v2\/pages\/8351\/revisions"}],"predecessor-version":[{"id":10372,"href":"https:\/\/gambling6.com\/hu\/wp-json\/wp\/v2\/pages\/8351\/revisions\/10372"}],"up":[{"embeddable":true,"href":"https:\/\/gambling6.com\/hu\/wp-json\/wp\/v2\/pages\/8310"}],"wp:attachment":[{"href":"https:\/\/gambling6.com\/hu\/wp-json\/wp\/v2\/media?parent=8351"}],"curies":[{"name":"wp","href":"https:\/\/api.w.org\/{rel}","templated":true}]}}