{"id":8375,"date":"2025-11-07T13:24:18","date_gmt":"2025-11-07T13:24:18","guid":{"rendered":"https:\/\/gambling6.com\/kaszino\/a-hagyomanyos-es-online-kaszinok-osszehasonlitasa\/"},"modified":"2025-11-07T13:24:18","modified_gmt":"2025-11-07T13:24:18","slug":"a-hagyomanyos-es-online-kaszinok-osszehasonlitasa","status":"publish","type":"page","link":"https:\/\/gambling6.com\/hu\/kaszino\/a-hagyomanyos-es-online-kaszinok-osszehasonlitasa\/","title":{"rendered":"A hagyom\u00e1nyos \u00e9s online kaszin\u00f3k \u00f6sszehasonl\u00edt\u00e1sa"},"content":{"rendered":"<h2>\u00c9l\u0151 vagy online kaszin\u00f3k<\/h2>\n<h3>Mindegyik t\u00edpusnak van valami, amit a j\u00e1t\u00e9kosok szeretnek<\/h3>\n<p><img loading=\"lazy\" decoding=\"async\" class=\" wp-image-332 alignright\" src=\"https:\/\/gambling6.com\/wp-content\/uploads\/2013\/12\/phil_ivey-247x300.jpg\" alt=\"\u00e9l\u0151 kaszin\u00f3\" width=\"175\" height=\"213\" srcset=\"https:\/\/gambling6.com\/wp-content\/uploads\/2013\/12\/phil_ivey-247x300.jpg 247w, https:\/\/gambling6.com\/wp-content\/uploads\/2013\/12\/phil_ivey.jpg 250w\" sizes=\"auto, (max-width: 175px) 100vw, 175px\" \/>A kaszin\u00f3j\u00e1t\u00e9kosoknak \u00fagy kell j\u00e1tszaniuk kedvenc j\u00e1t\u00e9kaikat, hogy az k\u00e9nyelmesen \u00e9rezz\u00e9k magukat, \u00e9s illik a szem\u00e9lyis\u00e9g\u00fckh\u00f6z. Egyes j\u00e1t\u00e9kosok mindig sz\u00edvesebben j\u00e1tszanak hagyom\u00e1nyos kaszin\u00f3kban, mert szeretik a hangulatot. Szeretnek j\u00e1tszani a t\u00f6bbi j\u00e1t\u00e9kossal, a t\u00f6meggel \u00e9s a zajjal.<\/p>\n<p>M\u00e1s kaszin\u00f3j\u00e1t\u00e9kosok azonban a csendes, pihentet\u0151 k\u00f6rnyezetben val\u00f3 j\u00e1t\u00e9k gondolat\u00e1t kedvelik, ahol teljes kontrolljuk van. Ezek a j\u00e1t\u00e9kosok \u00e1ltal\u00e1ban az online kaszin\u00f3k fel\u00e9 hajlanak. Nem sz\u00e1m\u00edt, hogyan szeretn\u00e9 egy j\u00e1t\u00e9kos \u00e9lvezni a j\u00e1t\u00e9kait, van valami odakint, legyen sz\u00f3 hagyom\u00e1nyos vagy online kaszin\u00f3kr\u00f3l. <\/p>\n<h3>\u00cdme a jelent\u0151s k\u00fcl\u00f6nbs\u00e9gek az online \u00e9s a hagyom\u00e1nyos kaszin\u00f3k k\u00f6z\u00f6tt:<\/h3>\n<ul>\n<li>Nyilv\u00e1nval\u00f3, hogy az online \u00e9s a hagyom\u00e1nyos kaszin\u00f3k teljesen m\u00e1s k\u00f6rnyezetben m\u0171k\u00f6dnek. A hagyom\u00e1nyos kaszin\u00f3ban a j\u00e1t\u00e9kosok fizikailag is r\u00e9szesei lehetnek a j\u00e1t\u00e9knak. Az online kaszin\u00f3kban az interneten j\u00e1tszanak, ami azt jelenti, hogy a j\u00e1t\u00e9kosok b\u00e1rhonnan j\u00e1tszhatj\u00e1k a k\u00edv\u00e1nt j\u00e1t\u00e9kokat. Ez a helysz\u00edn lehet az otthonuk, az irod\u00e1juk vagy b\u00e1rhol m\u00e1shol, am\u00edg csatlakoznak az internethez.<\/li>\n<li>A hagyom\u00e1nyos kaszin\u00f3kban j\u00e1t\u00e9kosklubok tal\u00e1lhat\u00f3k, amelyek lehet\u0151v\u00e9 teszik a j\u00e1t\u00e9kosok sz\u00e1m\u00e1ra, hogy jutalmakat szerezzenek. A jutalmak kaszin\u00f3nk\u00e9nt elt\u00e9r\u0151ek lehetnek. Az online szerencsej\u00e1t\u00e9k-oldalaknak is megvannak ezeknek a kluboknak a saj\u00e1t verzi\u00f3i, amelyeket VIP programoknak neveznek. Sok kaszin\u00f3j\u00e1t\u00e9kos azonban \u00fagy tal\u00e1lja, hogy az online kaszin\u00f3k \u00e1ltal\u00e1ban nagylelk\u0171bbek, mivel nem szembes\u00fclnek ugyanolyan szint\u0171 \u00e1ltal\u00e1nos k\u00f6lts\u00e9gekkel, mint a hagyom\u00e1nyos kaszin\u00f3k.<\/li>\n<li>M\u00edg a hagyom\u00e1nyos kaszin\u00f3k lehet\u0151s\u00e9get k\u00edn\u00e1lnak a j\u00e1t\u00e9kosoknak arra, hogy szinte b\u00e1rmilyen kaszin\u00f3j\u00e1t\u00e9kot j\u00e1tsszanak, m\u00e9gis lesznek olyan id\u0151szakok, amikor nem akarnak egy eg\u00e9sz kaszin\u00f3t bej\u00e1rni, hogy j\u00e1t\u00e9kr\u00f3l j\u00e1t\u00e9kra menjenek. El\u0151fordulhatnak olyan alkalmak is, amikor egy adott j\u00e1t\u00e9kkal szeretn\u00e9nek j\u00e1tszani, de nem lesz szabad hely. Az online kaszin\u00f3k azonban lehet\u0151v\u00e9 teszik a j\u00e1t\u00e9kosok sz\u00e1m\u00e1ra, hogy b\u00e1rmikor j\u00e1tszhassanak a k\u00edv\u00e1nt j\u00e1t\u00e9kokkal an\u00e9lk\u00fcl, hogy gyalogolniuk kellene, vagy v\u00e1rniuk kellene egy helyre.<\/li>\n<li>A hagyom\u00e1nyos kaszin\u00f3k ijeszt\u0151ek lehetnek az \u00faj j\u00e1t\u00e9kosok sz\u00e1m\u00e1ra, \u00e9s gyakran hi\u00e1nyoznak bel\u0151l\u00fck az ingyenes forr\u00e1sok, amelyek seg\u00edthetn\u00e9nek nekik a j\u00e1t\u00e9kok \u00e9s a k\u00fcl\u00f6nb\u00f6z\u0151 strat\u00e9gi\u00e1k elsaj\u00e1t\u00edt\u00e1s\u00e1ban. Az online kaszin\u00f3k lehet\u0151v\u00e9 teszik a j\u00e1t\u00e9kosok sz\u00e1m\u00e1ra, hogy olyan k\u00f6rnyezetben j\u00e1tsszanak, amelyben kev\u00e9sb\u00e9 \u00e9rzik magukat ijeszt\u0151nek, \u00e9s rengeteg ingyenes tartalmat k\u00edn\u00e1lnak, amelyek v\u00e9gigvezetik \u0151ket az online kaszin\u00f3j\u00e1t\u00e9kok k\u00fcl\u00f6nb\u00f6z\u0151 aspektusain.<\/li>\n<\/ul>\n<p>B\u00e1rki, aki \u00fagy gondolja, hogy az online kaszin\u00f3k neki val\u00f3k lehetnek, azzal szeretn\u00e9 kezdeni, hogy mindent megtudjon a Microgaming \u00e1ltal m\u0171k\u00f6dtetett kaszin\u00f3kr\u00f3l. Ezek k\u00f6z\u00fcl k\u00e9ts\u00e9gtelen\u00fcl a legjobb a 888 Casino, amelyet az al\u00e1bbi bannerre kattintva l\u00e1togathat meg. <a href=\"https:\/\/ic.aff-handler.com\/C\/45871?sr=1064399&amp;anid=\" rel=\"nofollow\"><img loading=\"lazy\" decoding=\"async\" class=\"aligncenter\" src=\"https:\/\/ic.aff-handler.com\/I\/45871?sr=1064399&amp;anid=\" width=\"725\" height=\"93\" \/><\/a><br \/>\nHa az Egyes\u00fclt \u00c1llamokban \u00e9l, a legjobb v\u00e1laszt\u00e1s a BetOnline \u00e1ltal\u00e1nos kaszin\u00f3j\u00e1t\u00e9kokhoz vagy online p\u00f3kerhez.<br \/>\n<img loading=\"lazy\" decoding=\"async\" class=\" wp-image-7875 aligncenter\" src=\"https:\/\/gambling6.com\/wp-content\/uploads\/2025\/10\/BOL_AQC_banner_468x60_FS1_casino-300x38.gif\" alt=\"BetOnline casino\" width=\"694\" height=\"88\" \/><\/p>\n","protected":false},"excerpt":{"rendered":"<p>\u00c9l\u0151 vagy online kaszin\u00f3k Mindegyik t\u00edpusnak van valami, amit a j\u00e1t\u00e9kosok szeretnek A kaszin\u00f3j\u00e1t\u00e9kosoknak \u00fagy kell j\u00e1tszaniuk kedvenc j\u00e1t\u00e9kaikat, hogy az k\u00e9nyelmesen \u00e9rezz\u00e9k magukat, \u00e9s illik a szem\u00e9lyis\u00e9g\u00fckh\u00f6z. Egyes j\u00e1t\u00e9kosok mindig sz\u00edvesebben j\u00e1tszanak hagyom\u00e1nyos kaszin\u00f3kban, mert szeretik a hangulatot. Szeretnek j\u00e1tszani a t\u00f6bbi j\u00e1t\u00e9kossal, a t\u00f6meggel \u00e9s a zajjal. M\u00e1s kaszin\u00f3j\u00e1t\u00e9kosok azonban a csendes, pihentet\u0151 [&hellip;]<\/p>\n","protected":false},"author":1,"featured_media":0,"parent":8310,"menu_order":28,"comment_status":"closed","ping_status":"closed","template":"","meta":{"footnotes":""},"class_list":["post-8375","page","type-page","status-publish","hentry"],"yoast_head":"<!-- This site is optimized with the Yoast SEO plugin v27.4 - https:\/\/yoast.com\/product\/yoast-seo-wordpress\/ -->\n<title>A hagyom\u00e1nyos \u00e9s online kaszin\u00f3k \u00f6sszehasonl\u00edt\u00e1sa<\/title>\n<meta name=\"description\" content=\"Az online kaszin\u00f3k \u00e9s a hagyom\u00e1nyos kaszin\u00f3k egyar\u00e1nt nagyszer\u0171 id\u0151t\u00f6lt\u00e9st \u00e9s sz\u00e1mos lehet\u0151s\u00e9get k\u00edn\u00e1lnak a j\u00e1t\u00e9kosoknak.\" \/>\n<meta name=\"robots\" content=\"index, follow, max-snippet:-1, max-image-preview:large, max-video-preview:-1\" \/>\n<link rel=\"canonical\" href=\"https:\/\/gambling6.com\/hu\/kaszino\/a-hagyomanyos-es-online-kaszinok-osszehasonlitasa\/\" \/>\n<meta property=\"og:locale\" content=\"hu_HU\" \/>\n<meta property=\"og:type\" content=\"article\" \/>\n<meta property=\"og:title\" content=\"A hagyom\u00e1nyos \u00e9s online kaszin\u00f3k \u00f6sszehasonl\u00edt\u00e1sa\" \/>\n<meta property=\"og:description\" content=\"Az online kaszin\u00f3k \u00e9s a hagyom\u00e1nyos kaszin\u00f3k egyar\u00e1nt nagyszer\u0171 id\u0151t\u00f6lt\u00e9st \u00e9s sz\u00e1mos lehet\u0151s\u00e9get k\u00edn\u00e1lnak a j\u00e1t\u00e9kosoknak.\" \/>\n<meta property=\"og:url\" content=\"https:\/\/gambling6.com\/hu\/kaszino\/a-hagyomanyos-es-online-kaszinok-osszehasonlitasa\/\" \/>\n<meta property=\"og:site_name\" content=\"Gambling6\" \/>\n<meta property=\"og:image\" content=\"https:\/\/gambling6.com\/wp-content\/uploads\/2013\/12\/phil_ivey.jpg\" \/>\n\t<meta property=\"og:image:width\" content=\"250\" \/>\n\t<meta property=\"og:image:height\" content=\"304\" \/>\n\t<meta property=\"og:image:type\" content=\"image\/jpeg\" \/>\n<meta name=\"twitter:card\" content=\"summary_large_image\" \/>\n<meta name=\"twitter:label1\" content=\"Becs\u00fclt olvas\u00e1si id\u0151\" \/>\n\t<meta name=\"twitter:data1\" content=\"3 perc\" \/>\n<script type=\"application\/ld+json\" class=\"yoast-schema-graph\">{\"@context\":\"https:\\\/\\\/schema.org\",\"@graph\":[{\"@type\":\"WebPage\",\"@id\":\"https:\\\/\\\/gambling6.com\\\/hu\\\/kaszino\\\/a-hagyomanyos-es-online-kaszinok-osszehasonlitasa\\\/\",\"url\":\"https:\\\/\\\/gambling6.com\\\/hu\\\/kaszino\\\/a-hagyomanyos-es-online-kaszinok-osszehasonlitasa\\\/\",\"name\":\"A hagyom\u00e1nyos \u00e9s online kaszin\u00f3k \u00f6sszehasonl\u00edt\u00e1sa\",\"isPartOf\":{\"@id\":\"https:\\\/\\\/gambling6.com\\\/hu\\\/#website\"},\"primaryImageOfPage\":{\"@id\":\"https:\\\/\\\/gambling6.com\\\/hu\\\/kaszino\\\/a-hagyomanyos-es-online-kaszinok-osszehasonlitasa\\\/#primaryimage\"},\"image\":{\"@id\":\"https:\\\/\\\/gambling6.com\\\/hu\\\/kaszino\\\/a-hagyomanyos-es-online-kaszinok-osszehasonlitasa\\\/#primaryimage\"},\"thumbnailUrl\":\"https:\\\/\\\/gambling6.com\\\/wp-content\\\/uploads\\\/2013\\\/12\\\/phil_ivey-247x300.jpg\",\"datePublished\":\"2025-11-07T13:24:18+00:00\",\"description\":\"Az online kaszin\u00f3k \u00e9s a hagyom\u00e1nyos kaszin\u00f3k egyar\u00e1nt nagyszer\u0171 id\u0151t\u00f6lt\u00e9st \u00e9s sz\u00e1mos lehet\u0151s\u00e9get k\u00edn\u00e1lnak a j\u00e1t\u00e9kosoknak.\",\"breadcrumb\":{\"@id\":\"https:\\\/\\\/gambling6.com\\\/hu\\\/kaszino\\\/a-hagyomanyos-es-online-kaszinok-osszehasonlitasa\\\/#breadcrumb\"},\"inLanguage\":\"hu\",\"potentialAction\":[{\"@type\":\"ReadAction\",\"target\":[\"https:\\\/\\\/gambling6.com\\\/hu\\\/kaszino\\\/a-hagyomanyos-es-online-kaszinok-osszehasonlitasa\\\/\"]}]},{\"@type\":\"ImageObject\",\"inLanguage\":\"hu\",\"@id\":\"https:\\\/\\\/gambling6.com\\\/hu\\\/kaszino\\\/a-hagyomanyos-es-online-kaszinok-osszehasonlitasa\\\/#primaryimage\",\"url\":\"https:\\\/\\\/gambling6.com\\\/wp-content\\\/uploads\\\/2013\\\/12\\\/phil_ivey-247x300.jpg\",\"contentUrl\":\"https:\\\/\\\/gambling6.com\\\/wp-content\\\/uploads\\\/2013\\\/12\\\/phil_ivey-247x300.jpg\"},{\"@type\":\"BreadcrumbList\",\"@id\":\"https:\\\/\\\/gambling6.com\\\/hu\\\/kaszino\\\/a-hagyomanyos-es-online-kaszinok-osszehasonlitasa\\\/#breadcrumb\",\"itemListElement\":[{\"@type\":\"ListItem\",\"position\":1,\"name\":\"Home\",\"item\":\"https:\\\/\\\/gambling6.com\\\/hu\\\/home\\\/\"},{\"@type\":\"ListItem\",\"position\":2,\"name\":\"Kaszin\u00f3\",\"item\":\"https:\\\/\\\/gambling6.com\\\/hu\\\/get-started-with-online-gambling\\\/\"},{\"@type\":\"ListItem\",\"position\":3,\"name\":\"A hagyom\u00e1nyos \u00e9s online kaszin\u00f3k \u00f6sszehasonl\u00edt\u00e1sa\"}]},{\"@type\":\"WebSite\",\"@id\":\"https:\\\/\\\/gambling6.com\\\/hu\\\/#website\",\"url\":\"https:\\\/\\\/gambling6.com\\\/hu\\\/\",\"name\":\"Gambling6\",\"description\":\"\",\"potentialAction\":[{\"@type\":\"SearchAction\",\"target\":{\"@type\":\"EntryPoint\",\"urlTemplate\":\"https:\\\/\\\/gambling6.com\\\/hu\\\/?s={search_term_string}\"},\"query-input\":{\"@type\":\"PropertyValueSpecification\",\"valueRequired\":true,\"valueName\":\"search_term_string\"}}],\"inLanguage\":\"hu\"}]}<\/script>\n<!-- \/ Yoast SEO plugin. -->","yoast_head_json":{"title":"A hagyom\u00e1nyos \u00e9s online kaszin\u00f3k \u00f6sszehasonl\u00edt\u00e1sa","description":"Az online kaszin\u00f3k \u00e9s a hagyom\u00e1nyos kaszin\u00f3k egyar\u00e1nt nagyszer\u0171 id\u0151t\u00f6lt\u00e9st \u00e9s sz\u00e1mos lehet\u0151s\u00e9get k\u00edn\u00e1lnak a j\u00e1t\u00e9kosoknak.","robots":{"index":"index","follow":"follow","max-snippet":"max-snippet:-1","max-image-preview":"max-image-preview:large","max-video-preview":"max-video-preview:-1"},"canonical":"https:\/\/gambling6.com\/hu\/kaszino\/a-hagyomanyos-es-online-kaszinok-osszehasonlitasa\/","og_locale":"hu_HU","og_type":"article","og_title":"A hagyom\u00e1nyos \u00e9s online kaszin\u00f3k \u00f6sszehasonl\u00edt\u00e1sa","og_description":"Az online kaszin\u00f3k \u00e9s a hagyom\u00e1nyos kaszin\u00f3k egyar\u00e1nt nagyszer\u0171 id\u0151t\u00f6lt\u00e9st \u00e9s sz\u00e1mos lehet\u0151s\u00e9get k\u00edn\u00e1lnak a j\u00e1t\u00e9kosoknak.","og_url":"https:\/\/gambling6.com\/hu\/kaszino\/a-hagyomanyos-es-online-kaszinok-osszehasonlitasa\/","og_site_name":"Gambling6","og_image":[{"width":250,"height":304,"url":"https:\/\/gambling6.com\/wp-content\/uploads\/2013\/12\/phil_ivey.jpg","type":"image\/jpeg"}],"twitter_card":"summary_large_image","twitter_misc":{"Becs\u00fclt olvas\u00e1si id\u0151":"3 perc"},"schema":{"@context":"https:\/\/schema.org","@graph":[{"@type":"WebPage","@id":"https:\/\/gambling6.com\/hu\/kaszino\/a-hagyomanyos-es-online-kaszinok-osszehasonlitasa\/","url":"https:\/\/gambling6.com\/hu\/kaszino\/a-hagyomanyos-es-online-kaszinok-osszehasonlitasa\/","name":"A hagyom\u00e1nyos \u00e9s online kaszin\u00f3k \u00f6sszehasonl\u00edt\u00e1sa","isPartOf":{"@id":"https:\/\/gambling6.com\/hu\/#website"},"primaryImageOfPage":{"@id":"https:\/\/gambling6.com\/hu\/kaszino\/a-hagyomanyos-es-online-kaszinok-osszehasonlitasa\/#primaryimage"},"image":{"@id":"https:\/\/gambling6.com\/hu\/kaszino\/a-hagyomanyos-es-online-kaszinok-osszehasonlitasa\/#primaryimage"},"thumbnailUrl":"https:\/\/gambling6.com\/wp-content\/uploads\/2013\/12\/phil_ivey-247x300.jpg","datePublished":"2025-11-07T13:24:18+00:00","description":"Az online kaszin\u00f3k \u00e9s a hagyom\u00e1nyos kaszin\u00f3k egyar\u00e1nt nagyszer\u0171 id\u0151t\u00f6lt\u00e9st \u00e9s sz\u00e1mos lehet\u0151s\u00e9get k\u00edn\u00e1lnak a j\u00e1t\u00e9kosoknak.","breadcrumb":{"@id":"https:\/\/gambling6.com\/hu\/kaszino\/a-hagyomanyos-es-online-kaszinok-osszehasonlitasa\/#breadcrumb"},"inLanguage":"hu","potentialAction":[{"@type":"ReadAction","target":["https:\/\/gambling6.com\/hu\/kaszino\/a-hagyomanyos-es-online-kaszinok-osszehasonlitasa\/"]}]},{"@type":"ImageObject","inLanguage":"hu","@id":"https:\/\/gambling6.com\/hu\/kaszino\/a-hagyomanyos-es-online-kaszinok-osszehasonlitasa\/#primaryimage","url":"https:\/\/gambling6.com\/wp-content\/uploads\/2013\/12\/phil_ivey-247x300.jpg","contentUrl":"https:\/\/gambling6.com\/wp-content\/uploads\/2013\/12\/phil_ivey-247x300.jpg"},{"@type":"BreadcrumbList","@id":"https:\/\/gambling6.com\/hu\/kaszino\/a-hagyomanyos-es-online-kaszinok-osszehasonlitasa\/#breadcrumb","itemListElement":[{"@type":"ListItem","position":1,"name":"Home","item":"https:\/\/gambling6.com\/hu\/home\/"},{"@type":"ListItem","position":2,"name":"Kaszin\u00f3","item":"https:\/\/gambling6.com\/hu\/get-started-with-online-gambling\/"},{"@type":"ListItem","position":3,"name":"A hagyom\u00e1nyos \u00e9s online kaszin\u00f3k \u00f6sszehasonl\u00edt\u00e1sa"}]},{"@type":"WebSite","@id":"https:\/\/gambling6.com\/hu\/#website","url":"https:\/\/gambling6.com\/hu\/","name":"Gambling6","description":"","potentialAction":[{"@type":"SearchAction","target":{"@type":"EntryPoint","urlTemplate":"https:\/\/gambling6.com\/hu\/?s={search_term_string}"},"query-input":{"@type":"PropertyValueSpecification","valueRequired":true,"valueName":"search_term_string"}}],"inLanguage":"hu"}]}},"_links":{"self":[{"href":"https:\/\/gambling6.com\/hu\/wp-json\/wp\/v2\/pages\/8375","targetHints":{"allow":["GET"]}}],"collection":[{"href":"https:\/\/gambling6.com\/hu\/wp-json\/wp\/v2\/pages"}],"about":[{"href":"https:\/\/gambling6.com\/hu\/wp-json\/wp\/v2\/types\/page"}],"author":[{"embeddable":true,"href":"https:\/\/gambling6.com\/hu\/wp-json\/wp\/v2\/users\/1"}],"replies":[{"embeddable":true,"href":"https:\/\/gambling6.com\/hu\/wp-json\/wp\/v2\/comments?post=8375"}],"version-history":[{"count":0,"href":"https:\/\/gambling6.com\/hu\/wp-json\/wp\/v2\/pages\/8375\/revisions"}],"up":[{"embeddable":true,"href":"https:\/\/gambling6.com\/hu\/wp-json\/wp\/v2\/pages\/8310"}],"wp:attachment":[{"href":"https:\/\/gambling6.com\/hu\/wp-json\/wp\/v2\/media?parent=8375"}],"curies":[{"name":"wp","href":"https:\/\/api.w.org\/{rel}","templated":true}]}}