{"id":8399,"date":"2025-11-07T16:10:57","date_gmt":"2025-11-07T16:10:57","guid":{"rendered":"https:\/\/gambling6.com\/kaszino\/ot-fo-ok-amiert-erdemes-online-kaszinoba-csatlakozni\/"},"modified":"2025-11-12T16:34:40","modified_gmt":"2025-11-12T16:34:40","slug":"ot-fo-ok-amiert-erdemes-online-kaszinoba-csatlakozni","status":"publish","type":"page","link":"https:\/\/gambling6.com\/hu\/kaszino\/ot-fo-ok-amiert-erdemes-online-kaszinoba-csatlakozni\/","title":{"rendered":"\u00d6t f\u0151 ok, ami\u00e9rt \u00e9rdemes online kaszin\u00f3ba csatlakozni"},"content":{"rendered":"<h2>Mi\u00e9rt \u00e9rdemes csatlakoznod egy online kaszin\u00f3hoz<\/h2>\n<h2>Sok minden teszi az online kaszin\u00f3kat olyan nagyszer\u0171v\u00e9<\/h2>\n<p><img loading=\"lazy\" decoding=\"async\" class=\"size-medium wp-image-318 alignright\" src=\"https:\/\/gambling6.com\/wp-content\/uploads\/2013\/12\/classic-casino-games-300x179.jpg\" alt=\"online kaszin\u00f3\" width=\"300\" height=\"179\" srcset=\"https:\/\/gambling6.com\/wp-content\/uploads\/2013\/12\/classic-casino-games-300x179.jpg 300w, https:\/\/gambling6.com\/wp-content\/uploads\/2013\/12\/classic-casino-games.jpg 612w\" sizes=\"auto, (max-width: 300px) 100vw, 300px\" \/>Minden online kaszin\u00f3j\u00e1t\u00e9kosnak megvannak a saj\u00e1t szem\u00e9lyes okai arra, hogy mi\u00e9rt j\u00e1tszik kaszin\u00f3j\u00e1t\u00e9kokat az interneten. Vannak azonban n\u00e9pszer\u0171bb okok is. Amikor a j\u00e1t\u00e9kosok \u00fagy d\u00f6ntenek, hogy online j\u00e1tszanak, egy teljesen \u00faj vil\u00e1g ny\u00edlik meg el\u0151tt\u00fck. Az online kaszin\u00f3k sokf\u00e9le st\u00edlusban kaphat\u00f3k, \u00edgy a j\u00e1t\u00e9kosok addig keresg\u00e9lhetnek, am\u00edg meg nem tal\u00e1lj\u00e1k a nekik megfelel\u0151t.<\/p>\n<p>Kedvenc online kaszin\u00f3nkkal, a 888-cal nem t\u00e9vedhetsz. <a class=\"thirstylink\" title=\"888 casino en\" href=\"https:\/\/gambling6.com\/go\/888-casino-en\/\" target=\"_blank\" rel=\"nofollow noopener\">Ez a link a weboldalukra visz, \u00e9s garant\u00e1l egy kellemes, ak\u00e1r 1500 eur\u00f3s b\u00f3nuszt.<\/a><\/p>\n<h2>\u00cdme \u00f6t f\u0151 ok, ami\u00e9rt a legt\u00f6bb j\u00e1t\u00e9kos csatlakozni szeretne egy online kaszin\u00f3hoz:<\/h2>\n<ol>\n<li>Az online kaszin\u00f3hoz val\u00f3 csatlakoz\u00e1s egyik nagyszer\u0171 oka a b\u00f3nuszok. Sokf\u00e9le online kaszin\u00f3 b\u00f3nusz l\u00e9tezik, \u00e9s minden kaszin\u00f3 lehet\u0151v\u00e9 teszi a j\u00e1t\u00e9kosai sz\u00e1m\u00e1ra, hogy azokat \u00e9lvezz\u00e9k, amelyeket megfelel\u0151nek tartanak. Egyes b\u00f3nuszok azonban sokat \u00e9rhetnek, s\u0151t lehet\u0151s\u00e9get k\u00edn\u00e1lhatnak a j\u00e1t\u00e9kosoknak arra, hogy t\u00f6bb sz\u00e1z vagy ak\u00e1r t\u00f6bb ezer doll\u00e1rt is ingyen kapjanak. Az online kaszin\u00f3kban gyakran megtal\u00e1lhat\u00f3 b\u00f3nuszok k\u00f6z\u00e9 tartoznak az \u00fcdv\u00f6zl\u0151 b\u00f3nuszok, az \u00fajrat\u00f6lt\u00e9si b\u00f3nuszok, a j\u00e1t\u00e9kb\u00f3nuszok \u00e9s az aj\u00e1nl\u00e1si b\u00f3nuszok. A j\u00e1t\u00e9kosoknak \u00e9rdemes elolvasniuk a b\u00f3nuszk\u00f6vetelm\u00e9nyeket, hogy tudj\u00e1k, hogyan maradhatnak jogosultak r\u00e1, \u00e9s pontosan mit kell tenni\u00fck a megszerz\u00e9s\u00e9hez.<\/li>\n<li>Egy m\u00e1sik f\u0151 ok, ami\u00e9rt sok j\u00e1t\u00e9kos csatlakozik online kaszin\u00f3khoz, a j\u00e1t\u00e9kok sz\u00e1ma, amelyeket egy helyen j\u00e1tszhatnak. Amikor a j\u00e1t\u00e9kosok ell\u00e1togatnak az egyik n\u00e9pszer\u0171 online kaszin\u00f3ba, j\u00e1t\u00e9kr\u00f3l j\u00e1t\u00e9kra v\u00e1lthatnak an\u00e9lk\u00fcl, hogy elhagyn\u00e1k a hely\u00fcket. Nem kell agg\u00f3dniuk amiatt, hogy meg kell v\u00e1rniuk a szabad helyekre, vagy a hagyom\u00e1nyos kaszin\u00f3kban val\u00f3 j\u00e1t\u00e9kkal j\u00e1r\u00f3 egy\u00e9b gondok miatt. A j\u00e1t\u00e9kok k\u00f6nnyen el\u00e9rhet\u0151k \u00e9s mindig zajlanak, am\u00edg a j\u00e1t\u00e9kos az egyik n\u00e9pszer\u0171bb kaszin\u00f3t v\u00e1lasztotta.<\/li>\n<li>Egy tov\u00e1bbi ok, ami\u00e9rt sok j\u00e1t\u00e9kos online kaszin\u00f3khoz fordul, a p\u00e9nz\u00fcgyi. Azok a j\u00e1t\u00e9kosok, akik id\u0151t t\u00f6ltenek online kaszin\u00f3kban, nem kell fizetni\u00fck olyan dolgok\u00e9rt, mint az \u00fczemanyag, a jegyek, a sz\u00e1llodai sz\u00e1ll\u00e1s, az \u00e9tkez\u00e9s vagy a hagyom\u00e1nyos kaszin\u00f3kba val\u00f3 utaz\u00e1s tervez\u00e9sekor felmer\u00fcl\u0151 egy\u00e9b k\u00f6lts\u00e9gek. Ez azt jelenti, hogy a j\u00e1t\u00e9kosoknak t\u00f6bb p\u00e9nz\u00fck lesz a j\u00e1t\u00e9kokra, ami mindig j\u00f3 dolog.<\/li>\n<li>N\u00e9h\u00e1ny j\u00e1t\u00e9kos mozgalmas, elfoglalt \u00e9letet \u00e9l. Ez azt jelenti, hogy nagyon neh\u00e9z lehet eljutniuk a hagyom\u00e1nyos kaszin\u00f3kba is. Az online kaszin\u00f3k azonban mindig ott vannak sz\u00e1mukra. M\u00e9g ha csak n\u00e9h\u00e1ny percre is be tudnak jelentkezni a nap folyam\u00e1n, legal\u00e1bb j\u00e1tszhatnak egy kicsit, ha csatlakoznak egy online kaszin\u00f3hoz.<\/li>\n<li>Az online kaszin\u00f3kban val\u00f3 j\u00e1t\u00e9k egy m\u00e1sik k\u00e9ts\u00e9gtelen el\u0151nye, hogy a j\u00e1t\u00e9kosok teljes m\u00e9rt\u00e9kben ir\u00e1ny\u00edthatj\u00e1k a j\u00e1t\u00e9k\u00e9lm\u00e9ny\u00fcket. Kiv\u00e1laszthatj\u00e1k a kaszin\u00f3t, a b\u00f3nuszokat, a prom\u00f3ci\u00f3kat \u00e9s a j\u00e1t\u00e9kokat, \u00e9s testreszabhatj\u00e1k a k\u00fcl\u00f6nb\u00f6z\u0151 online kaszin\u00f3j\u00e1t\u00e9kok sz\u00e1mos aspektus\u00e1t.<\/li>\n<\/ol>\n<p>B\u00e1rki, aki egy j\u00f3 online kaszin\u00f3t keres, amely mindent biztons\u00e1goss\u00e1 \u00e9s egyszer\u0171v\u00e9 tesz, \u00e9rdemes elolvasnia a v\u00e9lem\u00e9nyeket, \u00e9s olyat tal\u00e1lnia, amely megb\u00edzhat\u00f3 szoftverrel m\u0171k\u00f6dik, kiv\u00e1l\u00f3 \u00fcgyf\u00e9lszolg\u00e1latot ny\u00fajt, \u00e9s sok j\u00e1t\u00e9kot k\u00edn\u00e1l.<\/p>\n","protected":false},"excerpt":{"rendered":"<p>Mi\u00e9rt \u00e9rdemes csatlakoznod egy online kaszin\u00f3hoz Sok minden teszi az online kaszin\u00f3kat olyan nagyszer\u0171v\u00e9 Minden online kaszin\u00f3j\u00e1t\u00e9kosnak megvannak a saj\u00e1t szem\u00e9lyes okai arra, hogy mi\u00e9rt j\u00e1tszik kaszin\u00f3j\u00e1t\u00e9kokat az interneten. Vannak azonban n\u00e9pszer\u0171bb okok is. Amikor a j\u00e1t\u00e9kosok \u00fagy d\u00f6ntenek, hogy online j\u00e1tszanak, egy teljesen \u00faj vil\u00e1g ny\u00edlik meg el\u0151tt\u00fck. Az online kaszin\u00f3k sokf\u00e9le st\u00edlusban kaphat\u00f3k, [&hellip;]<\/p>\n","protected":false},"author":1,"featured_media":0,"parent":8310,"menu_order":30,"comment_status":"closed","ping_status":"closed","template":"","meta":{"footnotes":""},"class_list":["post-8399","page","type-page","status-publish","hentry"],"yoast_head":"<!-- This site is optimized with the Yoast SEO plugin v27.4 - https:\/\/yoast.com\/product\/yoast-seo-wordpress\/ -->\n<title>Online kaszin\u00f3hoz val\u00f3 csatlakoz\u00e1s okai<\/title>\n<meta name=\"description\" content=\"Az online kaszin\u00f3k rengeteg lehet\u0151s\u00e9get k\u00edn\u00e1lnak a j\u00e1t\u00e9kosoknak, akik nagyszer\u0171 id\u0151t\u00f6lt\u00e9sre \u00e9s sok nyer\u00e9si es\u00e9lyre v\u00e1gynak.\" \/>\n<meta name=\"robots\" content=\"index, follow, max-snippet:-1, max-image-preview:large, max-video-preview:-1\" \/>\n<link rel=\"canonical\" href=\"https:\/\/gambling6.com\/hu\/kaszino\/ot-fo-ok-amiert-erdemes-online-kaszinoba-csatlakozni\/\" \/>\n<meta property=\"og:locale\" content=\"hu_HU\" \/>\n<meta property=\"og:type\" content=\"article\" \/>\n<meta property=\"og:title\" content=\"Online kaszin\u00f3hoz val\u00f3 csatlakoz\u00e1s okai\" \/>\n<meta property=\"og:description\" content=\"Az online kaszin\u00f3k rengeteg lehet\u0151s\u00e9get k\u00edn\u00e1lnak a j\u00e1t\u00e9kosoknak, akik nagyszer\u0171 id\u0151t\u00f6lt\u00e9sre \u00e9s sok nyer\u00e9si es\u00e9lyre v\u00e1gynak.\" \/>\n<meta property=\"og:url\" content=\"https:\/\/gambling6.com\/hu\/kaszino\/ot-fo-ok-amiert-erdemes-online-kaszinoba-csatlakozni\/\" \/>\n<meta property=\"og:site_name\" content=\"Gambling6\" \/>\n<meta property=\"article:modified_time\" content=\"2025-11-12T16:34:40+00:00\" \/>\n<meta property=\"og:image\" content=\"https:\/\/gambling6.com\/wp-content\/uploads\/2013\/12\/classic-casino-games.jpg\" \/>\n\t<meta property=\"og:image:width\" content=\"612\" \/>\n\t<meta property=\"og:image:height\" content=\"366\" \/>\n\t<meta property=\"og:image:type\" content=\"image\/jpeg\" \/>\n<meta name=\"twitter:card\" content=\"summary_large_image\" \/>\n<meta name=\"twitter:label1\" content=\"Becs\u00fclt olvas\u00e1si id\u0151\" \/>\n\t<meta name=\"twitter:data1\" content=\"3 perc\" \/>\n<script type=\"application\/ld+json\" class=\"yoast-schema-graph\">{\"@context\":\"https:\\\/\\\/schema.org\",\"@graph\":[{\"@type\":\"WebPage\",\"@id\":\"https:\\\/\\\/gambling6.com\\\/hu\\\/kaszino\\\/ot-fo-ok-amiert-erdemes-online-kaszinoba-csatlakozni\\\/\",\"url\":\"https:\\\/\\\/gambling6.com\\\/hu\\\/kaszino\\\/ot-fo-ok-amiert-erdemes-online-kaszinoba-csatlakozni\\\/\",\"name\":\"Online kaszin\u00f3hoz val\u00f3 csatlakoz\u00e1s okai\",\"isPartOf\":{\"@id\":\"https:\\\/\\\/gambling6.com\\\/hu\\\/#website\"},\"primaryImageOfPage\":{\"@id\":\"https:\\\/\\\/gambling6.com\\\/hu\\\/kaszino\\\/ot-fo-ok-amiert-erdemes-online-kaszinoba-csatlakozni\\\/#primaryimage\"},\"image\":{\"@id\":\"https:\\\/\\\/gambling6.com\\\/hu\\\/kaszino\\\/ot-fo-ok-amiert-erdemes-online-kaszinoba-csatlakozni\\\/#primaryimage\"},\"thumbnailUrl\":\"https:\\\/\\\/gambling6.com\\\/wp-content\\\/uploads\\\/2013\\\/12\\\/classic-casino-games-300x179.jpg\",\"datePublished\":\"2025-11-07T16:10:57+00:00\",\"dateModified\":\"2025-11-12T16:34:40+00:00\",\"description\":\"Az online kaszin\u00f3k rengeteg lehet\u0151s\u00e9get k\u00edn\u00e1lnak a j\u00e1t\u00e9kosoknak, akik nagyszer\u0171 id\u0151t\u00f6lt\u00e9sre \u00e9s sok nyer\u00e9si es\u00e9lyre v\u00e1gynak.\",\"breadcrumb\":{\"@id\":\"https:\\\/\\\/gambling6.com\\\/hu\\\/kaszino\\\/ot-fo-ok-amiert-erdemes-online-kaszinoba-csatlakozni\\\/#breadcrumb\"},\"inLanguage\":\"hu\",\"potentialAction\":[{\"@type\":\"ReadAction\",\"target\":[\"https:\\\/\\\/gambling6.com\\\/hu\\\/kaszino\\\/ot-fo-ok-amiert-erdemes-online-kaszinoba-csatlakozni\\\/\"]}]},{\"@type\":\"ImageObject\",\"inLanguage\":\"hu\",\"@id\":\"https:\\\/\\\/gambling6.com\\\/hu\\\/kaszino\\\/ot-fo-ok-amiert-erdemes-online-kaszinoba-csatlakozni\\\/#primaryimage\",\"url\":\"https:\\\/\\\/gambling6.com\\\/wp-content\\\/uploads\\\/2013\\\/12\\\/classic-casino-games-300x179.jpg\",\"contentUrl\":\"https:\\\/\\\/gambling6.com\\\/wp-content\\\/uploads\\\/2013\\\/12\\\/classic-casino-games-300x179.jpg\"},{\"@type\":\"BreadcrumbList\",\"@id\":\"https:\\\/\\\/gambling6.com\\\/hu\\\/kaszino\\\/ot-fo-ok-amiert-erdemes-online-kaszinoba-csatlakozni\\\/#breadcrumb\",\"itemListElement\":[{\"@type\":\"ListItem\",\"position\":1,\"name\":\"Home\",\"item\":\"https:\\\/\\\/gambling6.com\\\/hu\\\/home\\\/\"},{\"@type\":\"ListItem\",\"position\":2,\"name\":\"Kaszin\u00f3\",\"item\":\"https:\\\/\\\/gambling6.com\\\/hu\\\/get-started-with-online-gambling\\\/\"},{\"@type\":\"ListItem\",\"position\":3,\"name\":\"\u00d6t f\u0151 ok, ami\u00e9rt \u00e9rdemes online kaszin\u00f3ba csatlakozni\"}]},{\"@type\":\"WebSite\",\"@id\":\"https:\\\/\\\/gambling6.com\\\/hu\\\/#website\",\"url\":\"https:\\\/\\\/gambling6.com\\\/hu\\\/\",\"name\":\"Gambling6\",\"description\":\"\",\"potentialAction\":[{\"@type\":\"SearchAction\",\"target\":{\"@type\":\"EntryPoint\",\"urlTemplate\":\"https:\\\/\\\/gambling6.com\\\/hu\\\/?s={search_term_string}\"},\"query-input\":{\"@type\":\"PropertyValueSpecification\",\"valueRequired\":true,\"valueName\":\"search_term_string\"}}],\"inLanguage\":\"hu\"}]}<\/script>\n<!-- \/ Yoast SEO plugin. -->","yoast_head_json":{"title":"Online kaszin\u00f3hoz val\u00f3 csatlakoz\u00e1s okai","description":"Az online kaszin\u00f3k rengeteg lehet\u0151s\u00e9get k\u00edn\u00e1lnak a j\u00e1t\u00e9kosoknak, akik nagyszer\u0171 id\u0151t\u00f6lt\u00e9sre \u00e9s sok nyer\u00e9si es\u00e9lyre v\u00e1gynak.","robots":{"index":"index","follow":"follow","max-snippet":"max-snippet:-1","max-image-preview":"max-image-preview:large","max-video-preview":"max-video-preview:-1"},"canonical":"https:\/\/gambling6.com\/hu\/kaszino\/ot-fo-ok-amiert-erdemes-online-kaszinoba-csatlakozni\/","og_locale":"hu_HU","og_type":"article","og_title":"Online kaszin\u00f3hoz val\u00f3 csatlakoz\u00e1s okai","og_description":"Az online kaszin\u00f3k rengeteg lehet\u0151s\u00e9get k\u00edn\u00e1lnak a j\u00e1t\u00e9kosoknak, akik nagyszer\u0171 id\u0151t\u00f6lt\u00e9sre \u00e9s sok nyer\u00e9si es\u00e9lyre v\u00e1gynak.","og_url":"https:\/\/gambling6.com\/hu\/kaszino\/ot-fo-ok-amiert-erdemes-online-kaszinoba-csatlakozni\/","og_site_name":"Gambling6","article_modified_time":"2025-11-12T16:34:40+00:00","og_image":[{"width":612,"height":366,"url":"https:\/\/gambling6.com\/wp-content\/uploads\/2013\/12\/classic-casino-games.jpg","type":"image\/jpeg"}],"twitter_card":"summary_large_image","twitter_misc":{"Becs\u00fclt olvas\u00e1si id\u0151":"3 perc"},"schema":{"@context":"https:\/\/schema.org","@graph":[{"@type":"WebPage","@id":"https:\/\/gambling6.com\/hu\/kaszino\/ot-fo-ok-amiert-erdemes-online-kaszinoba-csatlakozni\/","url":"https:\/\/gambling6.com\/hu\/kaszino\/ot-fo-ok-amiert-erdemes-online-kaszinoba-csatlakozni\/","name":"Online kaszin\u00f3hoz val\u00f3 csatlakoz\u00e1s okai","isPartOf":{"@id":"https:\/\/gambling6.com\/hu\/#website"},"primaryImageOfPage":{"@id":"https:\/\/gambling6.com\/hu\/kaszino\/ot-fo-ok-amiert-erdemes-online-kaszinoba-csatlakozni\/#primaryimage"},"image":{"@id":"https:\/\/gambling6.com\/hu\/kaszino\/ot-fo-ok-amiert-erdemes-online-kaszinoba-csatlakozni\/#primaryimage"},"thumbnailUrl":"https:\/\/gambling6.com\/wp-content\/uploads\/2013\/12\/classic-casino-games-300x179.jpg","datePublished":"2025-11-07T16:10:57+00:00","dateModified":"2025-11-12T16:34:40+00:00","description":"Az online kaszin\u00f3k rengeteg lehet\u0151s\u00e9get k\u00edn\u00e1lnak a j\u00e1t\u00e9kosoknak, akik nagyszer\u0171 id\u0151t\u00f6lt\u00e9sre \u00e9s sok nyer\u00e9si es\u00e9lyre v\u00e1gynak.","breadcrumb":{"@id":"https:\/\/gambling6.com\/hu\/kaszino\/ot-fo-ok-amiert-erdemes-online-kaszinoba-csatlakozni\/#breadcrumb"},"inLanguage":"hu","potentialAction":[{"@type":"ReadAction","target":["https:\/\/gambling6.com\/hu\/kaszino\/ot-fo-ok-amiert-erdemes-online-kaszinoba-csatlakozni\/"]}]},{"@type":"ImageObject","inLanguage":"hu","@id":"https:\/\/gambling6.com\/hu\/kaszino\/ot-fo-ok-amiert-erdemes-online-kaszinoba-csatlakozni\/#primaryimage","url":"https:\/\/gambling6.com\/wp-content\/uploads\/2013\/12\/classic-casino-games-300x179.jpg","contentUrl":"https:\/\/gambling6.com\/wp-content\/uploads\/2013\/12\/classic-casino-games-300x179.jpg"},{"@type":"BreadcrumbList","@id":"https:\/\/gambling6.com\/hu\/kaszino\/ot-fo-ok-amiert-erdemes-online-kaszinoba-csatlakozni\/#breadcrumb","itemListElement":[{"@type":"ListItem","position":1,"name":"Home","item":"https:\/\/gambling6.com\/hu\/home\/"},{"@type":"ListItem","position":2,"name":"Kaszin\u00f3","item":"https:\/\/gambling6.com\/hu\/get-started-with-online-gambling\/"},{"@type":"ListItem","position":3,"name":"\u00d6t f\u0151 ok, ami\u00e9rt \u00e9rdemes online kaszin\u00f3ba csatlakozni"}]},{"@type":"WebSite","@id":"https:\/\/gambling6.com\/hu\/#website","url":"https:\/\/gambling6.com\/hu\/","name":"Gambling6","description":"","potentialAction":[{"@type":"SearchAction","target":{"@type":"EntryPoint","urlTemplate":"https:\/\/gambling6.com\/hu\/?s={search_term_string}"},"query-input":{"@type":"PropertyValueSpecification","valueRequired":true,"valueName":"search_term_string"}}],"inLanguage":"hu"}]}},"_links":{"self":[{"href":"https:\/\/gambling6.com\/hu\/wp-json\/wp\/v2\/pages\/8399","targetHints":{"allow":["GET"]}}],"collection":[{"href":"https:\/\/gambling6.com\/hu\/wp-json\/wp\/v2\/pages"}],"about":[{"href":"https:\/\/gambling6.com\/hu\/wp-json\/wp\/v2\/types\/page"}],"author":[{"embeddable":true,"href":"https:\/\/gambling6.com\/hu\/wp-json\/wp\/v2\/users\/1"}],"replies":[{"embeddable":true,"href":"https:\/\/gambling6.com\/hu\/wp-json\/wp\/v2\/comments?post=8399"}],"version-history":[{"count":2,"href":"https:\/\/gambling6.com\/hu\/wp-json\/wp\/v2\/pages\/8399\/revisions"}],"predecessor-version":[{"id":10678,"href":"https:\/\/gambling6.com\/hu\/wp-json\/wp\/v2\/pages\/8399\/revisions\/10678"}],"up":[{"embeddable":true,"href":"https:\/\/gambling6.com\/hu\/wp-json\/wp\/v2\/pages\/8310"}],"wp:attachment":[{"href":"https:\/\/gambling6.com\/hu\/wp-json\/wp\/v2\/media?parent=8399"}],"curies":[{"name":"wp","href":"https:\/\/api.w.org\/{rel}","templated":true}]}}