{"id":8451,"date":"2025-11-07T17:44:45","date_gmt":"2025-11-07T17:44:45","guid":{"rendered":"https:\/\/gambling6.com\/tippek-a-legjobb-bingo-weboldalakrol\/"},"modified":"2025-11-15T07:45:47","modified_gmt":"2025-11-15T07:45:47","slug":"tippek-a-legjobb-bingo-weboldalakrol","status":"publish","type":"page","link":"https:\/\/gambling6.com\/hu\/bingo\/tippek-a-legjobb-bingo-weboldalakrol\/","title":{"rendered":"Tippek a legjobb bing\u00f3 weboldalakr\u00f3l"},"content":{"rendered":"<h2>Bing\u00f3 weboldal kiv\u00e1laszt\u00e1sa<\/h2>\n<p>A bing\u00f3 egy izgalmas j\u00e1t\u00e9k, amely sokkal kevesebb \u00fcgyess\u00e9get ig\u00e9nyel, mint olyan j\u00e1t\u00e9kok, mint a blackjack vagy a p\u00f3ker. A j\u00e1t\u00e9k egyszer\u0171s\u00e9g\u00e9vel vonzza az embereket. Nem ig\u00e9nyel bonyolult szab\u00e1lyok vagy strat\u00e9gi\u00e1k elsaj\u00e1t\u00edt\u00e1s\u00e1t. R\u00e1ad\u00e1sul olcs\u00f3bb bing\u00f3k\u00e1rty\u00e1kkal j\u00e1tszani. Sok oldal k\u00edn\u00e1lja ezt a j\u00e1t\u00e9kot online. Csatlakozhatsz valamelyikhez, \u00e9s ak\u00e1r minim\u00e1lis \u00f6sszeg\u00e9rt is j\u00e1tszhatsz.<img loading=\"lazy\" decoding=\"async\" class=\" alignright size-full wp-image-213\" style=\"margin: 5px; float: right;\" src=\"http:\/\/gambling6.com\/wp-content\/uploads\/2013\/12\/img_110.png\" alt=\"V\u00e1laszd ki a legjobb bing\u00f3 weboldalt\" width=\"288\" height=\"175\" \/><\/p>\n<p>Annyi bing\u00f3 oldal k\u00f6z\u00fcl<strong>nagy kih\u00edv\u00e1st jelenthet megtal\u00e1lni a legjobb online bing\u00f3 weboldalt<\/strong>. Ez\u00e9rt tan\u00e1csos figyelembe venni a l\u00e9nyeges t\u00e9nyez\u0151ket, \u00e9s eld\u00f6nteni, hogy egy oldal ide\u00e1lis-e sz\u00e1modra.<\/p>\n<ul>\n<li><strong>H\u00edrn\u00e9v \u00e9s tapasztalat<\/strong><\/li>\n<\/ul>\n<p>Gy\u0151z\u0151dj\u00f6n meg arr\u00f3l, hogy olyan bing\u00f3 weboldalt v\u00e1laszt, amely m\u00e1r r\u00e9g\u00f3ta jelen van az ipar\u00e1gban, \u00e9s er\u0151s h\u00edrn\u00e9vnek \u00f6rvend a j\u00f3 j\u00e1t\u00e9k\u00e9lm\u00e9ny biztos\u00edt\u00e1sa ter\u00e9n. Ezt ellen\u0151rizheti szakemberek \u00e9s val\u00f3di j\u00e1t\u00e9kosok \u00e9rt\u00e9kel\u00e9seinek elolvas\u00e1s\u00e1val. Egy sok j\u00e1t\u00e9kossal rendelkez\u0151 bing\u00f3 weboldal megb\u00edzhat\u00f3 lehet, mivel a j\u00e1t\u00e9kosok nem akarnak olyan oldalon maradni, amely nem k\u00edn\u00e1l \u00e9lvezetes j\u00e1t\u00e9k\u00e9lm\u00e9nyt.<\/p>\n<p><a href=\"https:\/\/record.revenueplanet.com\/_BoBybWC_aAPUOsjNOfgKefwM06wa-Rwt\/1\/\" target=\"_new\"><img loading=\"lazy\" decoding=\"async\" class=\"aligncenter\" style=\"border: none;\" src=\"https:\/\/media.revenueplanet.com\/uploads\/nbb-468x60-nov-generic.gif\" alt=\"BingoBilly Free Bingo\" width=\"686\" height=\"88\" \/><\/a><\/p>\n<ul>\n<li><strong>K\u00edn\u00e1lati j\u00e1t\u00e9kok<\/strong><\/li>\n<\/ul>\n<p>A v\u00e1lasztott oldalnak sz\u00e9les j\u00e1t\u00e9kv\u00e1laszt\u00e9kot kell k\u00edn\u00e1lnia. A <strong>bing\u00f3<\/strong> t\u00f6bbf\u00e9le form\u00e1ban l\u00e9tezik. A j\u00e1t\u00e9k n\u00e9pszer\u0171 v\u00e1ltozatai k\u00f6z\u00e9 tartozik a 90 goly\u00f3s, 80 goly\u00f3s, 75 goly\u00f3s, mini, quickie, coverall, bonanza \u00e9s pattern. Ha olyan oldalt v\u00e1laszt, amely mindezeket a v\u00e1ltozatokat k\u00edn\u00e1lja, az seg\u00edt abban, hogy unalom n\u00e9lk\u00fcl \u00e9lvezhesse a j\u00e1t\u00e9kot.<\/p>\n<ul>\n<li><strong>B\u00f3nusz<\/strong><\/li>\n<\/ul>\n<p>B\u00e1r nem aj\u00e1nlott a j\u00e1t\u00e9kweboldal \u00e1ltal k\u00edn\u00e1lt b\u00f3nusz alapj\u00e1n d\u00f6nteni, a legmagasabb b\u00f3nuszt k\u00edn\u00e1l\u00f3 oldal nem felt\u00e9tlen\u00fcl a legjobb bing\u00f3weboldal az \u00d6n sz\u00e1m\u00e1ra. A hasznos funkci\u00f3k \u00e9s a j\u00e1t\u00e9kok sz\u00e9les v\u00e1laszt\u00e9ka mindenk\u00e9ppen fontosabb szempontok. A legt\u00f6bb bing\u00f3 oldal \u00fcdv\u00f6zl\u0151 b\u00f3nuszt k\u00edn\u00e1l. Amint megteszi az els\u0151 befizet\u00e9s\u00e9t, az \u00fcdv\u00f6zl\u0151 b\u00f3nusz \u00f6sszege automatikusan j\u00f3v\u00e1\u00edr\u00e1sra ker\u00fcl a sz\u00e1ml\u00e1j\u00e1n. Ezt a b\u00f3nuszt felhaszn\u00e1lhatja tov\u00e1bbi j\u00e1t\u00e9kokra. Felt\u00e9tlen\u00fcl olvassa el a b\u00f3nuszhoz kapcsol\u00f3d\u00f3 felt\u00e9teleket. A b\u00f3nuszt \u00e1ltal\u00e1ban egy h\u00f3napon bel\u00fcl fel kell haszn\u00e1lni.<\/p>\n<ul>\n<li><strong>Befizet\u00e9si \u00e9s kifizet\u00e9si m\u00f3dok<\/strong><\/li>\n<\/ul>\n<p>A legjobb bing\u00f3 oldal k\u00fcl\u00f6nf\u00e9le befizet\u00e9si m\u00f3dokat k\u00edn\u00e1l, \u00edgy kiv\u00e1laszthatja az \u00d6nnek legmegfelel\u0151bbet. Emellett sz\u00e1mos lehet\u0151s\u00e9get k\u00edn\u00e1l a nyerem\u00e9ny kifizet\u00e9s\u00e9re is. Megk\u00f6nny\u00edtik a fi\u00f3k l\u00e9trehoz\u00e1s\u00e1t. K\u00f6nnyen elv\u00e9gezheti online regisztr\u00e1ci\u00f3j\u00e1t \u00e9s megadhatja banki adatait.<\/p>\n<ul>\n<li><strong>\u00dcgyf\u00e9lszolg\u00e1lat<\/strong><\/li>\n<\/ul>\n<p>Ellen\u0151rizheti, hogy a j\u00e1t\u00e9k oldal a legjobb \u00fcgyf\u00e9lszolg\u00e1latot k\u00edn\u00e1lja-e. A legjobb oldal j\u00f3l k\u00e9pzett \u00fcgyf\u00e9lszolg\u00e1lattal rendelkezik, amely gyorsan v\u00e1laszol a k\u00e9rd\u00e9seire \u00e9s megoldja a probl\u00e9m\u00e1it. Ak\u00e1r a sz\u00e1mlanyit\u00e1s folyamat\u00e1ban elakadsz, ak\u00e1r a nyerem\u00e9nyed felv\u00e9tel\u00e9vel tal\u00e1lod a probl\u00e9m\u00e1idat, b\u00e1rmikor k\u00e9rhetsz seg\u00edts\u00e9get. \u00c9l\u0151 chaten, telefonon \u00e9s e-mailben is el\u00e9rhet\u0151 t\u00e1mogat\u00e1st ny\u00fajtanak, hogy professzion\u00e1lisan kezelj\u00e9k a probl\u00e9m\u00e1idat.<\/p>\n<p>Mindezek figyelembev\u00e9tele seg\u00edthet egy fantasztikus online bing\u00f3 oldal kiv\u00e1laszt\u00e1s\u00e1ban. Szem\u00e9ly szerint mi a Bingo Billyt szeretj\u00fck. M\u00e9g ha az Egyes\u00fclt \u00c1llamokban \u00e9lsz is, <span style=\"box-sizing: border-box; margin: 0px; padding: 0px;\">tov\u00e1bbra is j\u00e1tszhatsz a\u00a0<a class=\"thirstylink\" title=\"Bingo Billy en\" href=\"https:\/\/gambling6.com\/go\/bingobilly-en\/\" target=\"_blank\" rel=\"nofollow noopener\">Bingo Billy-n\u2014<\/a><\/span>k\u00f6vetheted ezt a linket a weboldalukra.<\/p>\n","protected":false},"excerpt":{"rendered":"<p>Bing\u00f3 weboldal kiv\u00e1laszt\u00e1sa A bing\u00f3 egy izgalmas j\u00e1t\u00e9k, amely sokkal kevesebb \u00fcgyess\u00e9get ig\u00e9nyel, mint olyan j\u00e1t\u00e9kok, mint a blackjack vagy a p\u00f3ker. A j\u00e1t\u00e9k egyszer\u0171s\u00e9g\u00e9vel vonzza az embereket. Nem ig\u00e9nyel bonyolult szab\u00e1lyok vagy strat\u00e9gi\u00e1k elsaj\u00e1t\u00edt\u00e1s\u00e1t. R\u00e1ad\u00e1sul olcs\u00f3bb bing\u00f3k\u00e1rty\u00e1kkal j\u00e1tszani. Sok oldal k\u00edn\u00e1lja ezt a j\u00e1t\u00e9kot online. Csatlakozhatsz valamelyikhez, \u00e9s ak\u00e1r minim\u00e1lis \u00f6sszeg\u00e9rt is j\u00e1tszhatsz. Annyi [&hellip;]<\/p>\n","protected":false},"author":1,"featured_media":8435,"parent":8507,"menu_order":5,"comment_status":"closed","ping_status":"closed","template":"","meta":{"footnotes":""},"class_list":["post-8451","page","type-page","status-publish","has-post-thumbnail","hentry"],"yoast_head":"<!-- This site is optimized with the Yoast SEO plugin v27.4 - https:\/\/yoast.com\/product\/yoast-seo-wordpress\/ -->\n<title>Bing\u00f3 tippek - Melyek a legjobb bing\u00f3 weboldalak?<\/title>\n<meta name=\"description\" content=\"A legjobb bing\u00f3 weboldal kiv\u00e1laszt\u00e1sa fontos - de melyik oldalt \u00e9rdemes v\u00e1lasztani? Itt tal\u00e1lod a v\u00e1laszokat\" \/>\n<meta name=\"robots\" content=\"index, follow, max-snippet:-1, max-image-preview:large, max-video-preview:-1\" \/>\n<link rel=\"canonical\" href=\"https:\/\/gambling6.com\/hu\/bingo\/tippek-a-legjobb-bingo-weboldalakrol\/\" \/>\n<meta property=\"og:locale\" content=\"hu_HU\" \/>\n<meta property=\"og:type\" content=\"article\" \/>\n<meta property=\"og:title\" content=\"Bing\u00f3 tippek - Melyek a legjobb bing\u00f3 weboldalak?\" \/>\n<meta property=\"og:description\" content=\"A legjobb bing\u00f3 weboldal kiv\u00e1laszt\u00e1sa fontos - de melyik oldalt \u00e9rdemes v\u00e1lasztani? Itt tal\u00e1lod a v\u00e1laszokat\" \/>\n<meta property=\"og:url\" content=\"https:\/\/gambling6.com\/hu\/bingo\/tippek-a-legjobb-bingo-weboldalakrol\/\" \/>\n<meta property=\"og:site_name\" content=\"Gambling6\" \/>\n<meta property=\"article:modified_time\" content=\"2025-11-15T07:45:47+00:00\" \/>\n<meta property=\"og:image\" content=\"https:\/\/gambling6.com\/wp-content\/uploads\/2013\/12\/img_110.png\" \/>\n\t<meta property=\"og:image:width\" content=\"288\" \/>\n\t<meta property=\"og:image:height\" content=\"175\" \/>\n\t<meta property=\"og:image:type\" content=\"image\/png\" \/>\n<meta name=\"twitter:card\" content=\"summary_large_image\" \/>\n<meta name=\"twitter:label1\" content=\"Becs\u00fclt olvas\u00e1si id\u0151\" \/>\n\t<meta name=\"twitter:data1\" content=\"3 perc\" \/>\n<script type=\"application\/ld+json\" class=\"yoast-schema-graph\">{\"@context\":\"https:\\\/\\\/schema.org\",\"@graph\":[{\"@type\":\"WebPage\",\"@id\":\"https:\\\/\\\/gambling6.com\\\/hu\\\/bingo\\\/tippek-a-legjobb-bingo-weboldalakrol\\\/\",\"url\":\"https:\\\/\\\/gambling6.com\\\/hu\\\/bingo\\\/tippek-a-legjobb-bingo-weboldalakrol\\\/\",\"name\":\"Bing\u00f3 tippek - Melyek a legjobb bing\u00f3 weboldalak?\",\"isPartOf\":{\"@id\":\"https:\\\/\\\/gambling6.com\\\/hu\\\/#website\"},\"primaryImageOfPage\":{\"@id\":\"https:\\\/\\\/gambling6.com\\\/hu\\\/bingo\\\/tippek-a-legjobb-bingo-weboldalakrol\\\/#primaryimage\"},\"image\":{\"@id\":\"https:\\\/\\\/gambling6.com\\\/hu\\\/bingo\\\/tippek-a-legjobb-bingo-weboldalakrol\\\/#primaryimage\"},\"thumbnailUrl\":\"https:\\\/\\\/gambling6.com\\\/wp-content\\\/uploads\\\/2013\\\/12\\\/img_110.png\",\"datePublished\":\"2025-11-07T17:44:45+00:00\",\"dateModified\":\"2025-11-15T07:45:47+00:00\",\"description\":\"A legjobb bing\u00f3 weboldal kiv\u00e1laszt\u00e1sa fontos - de melyik oldalt \u00e9rdemes v\u00e1lasztani? Itt tal\u00e1lod a v\u00e1laszokat\",\"breadcrumb\":{\"@id\":\"https:\\\/\\\/gambling6.com\\\/hu\\\/bingo\\\/tippek-a-legjobb-bingo-weboldalakrol\\\/#breadcrumb\"},\"inLanguage\":\"hu\",\"potentialAction\":[{\"@type\":\"ReadAction\",\"target\":[\"https:\\\/\\\/gambling6.com\\\/hu\\\/bingo\\\/tippek-a-legjobb-bingo-weboldalakrol\\\/\"]}]},{\"@type\":\"ImageObject\",\"inLanguage\":\"hu\",\"@id\":\"https:\\\/\\\/gambling6.com\\\/hu\\\/bingo\\\/tippek-a-legjobb-bingo-weboldalakrol\\\/#primaryimage\",\"url\":\"https:\\\/\\\/gambling6.com\\\/wp-content\\\/uploads\\\/2013\\\/12\\\/img_110.png\",\"contentUrl\":\"https:\\\/\\\/gambling6.com\\\/wp-content\\\/uploads\\\/2013\\\/12\\\/img_110.png\",\"width\":288,\"height\":175},{\"@type\":\"BreadcrumbList\",\"@id\":\"https:\\\/\\\/gambling6.com\\\/hu\\\/bingo\\\/tippek-a-legjobb-bingo-weboldalakrol\\\/#breadcrumb\",\"itemListElement\":[{\"@type\":\"ListItem\",\"position\":1,\"name\":\"Home\",\"item\":\"https:\\\/\\\/gambling6.com\\\/hu\\\/home\\\/\"},{\"@type\":\"ListItem\",\"position\":2,\"name\":\"Bing\u00f3\",\"item\":\"https:\\\/\\\/gambling6.com\\\/hu\\\/all-about-bingo\\\/\"},{\"@type\":\"ListItem\",\"position\":3,\"name\":\"Tippek a legjobb bing\u00f3 weboldalakr\u00f3l\"}]},{\"@type\":\"WebSite\",\"@id\":\"https:\\\/\\\/gambling6.com\\\/hu\\\/#website\",\"url\":\"https:\\\/\\\/gambling6.com\\\/hu\\\/\",\"name\":\"Gambling6\",\"description\":\"\",\"potentialAction\":[{\"@type\":\"SearchAction\",\"target\":{\"@type\":\"EntryPoint\",\"urlTemplate\":\"https:\\\/\\\/gambling6.com\\\/hu\\\/?s={search_term_string}\"},\"query-input\":{\"@type\":\"PropertyValueSpecification\",\"valueRequired\":true,\"valueName\":\"search_term_string\"}}],\"inLanguage\":\"hu\"}]}<\/script>\n<!-- \/ Yoast SEO plugin. -->","yoast_head_json":{"title":"Bing\u00f3 tippek - Melyek a legjobb bing\u00f3 weboldalak?","description":"A legjobb bing\u00f3 weboldal kiv\u00e1laszt\u00e1sa fontos - de melyik oldalt \u00e9rdemes v\u00e1lasztani? Itt tal\u00e1lod a v\u00e1laszokat","robots":{"index":"index","follow":"follow","max-snippet":"max-snippet:-1","max-image-preview":"max-image-preview:large","max-video-preview":"max-video-preview:-1"},"canonical":"https:\/\/gambling6.com\/hu\/bingo\/tippek-a-legjobb-bingo-weboldalakrol\/","og_locale":"hu_HU","og_type":"article","og_title":"Bing\u00f3 tippek - Melyek a legjobb bing\u00f3 weboldalak?","og_description":"A legjobb bing\u00f3 weboldal kiv\u00e1laszt\u00e1sa fontos - de melyik oldalt \u00e9rdemes v\u00e1lasztani? Itt tal\u00e1lod a v\u00e1laszokat","og_url":"https:\/\/gambling6.com\/hu\/bingo\/tippek-a-legjobb-bingo-weboldalakrol\/","og_site_name":"Gambling6","article_modified_time":"2025-11-15T07:45:47+00:00","og_image":[{"width":288,"height":175,"url":"https:\/\/gambling6.com\/wp-content\/uploads\/2013\/12\/img_110.png","type":"image\/png"}],"twitter_card":"summary_large_image","twitter_misc":{"Becs\u00fclt olvas\u00e1si id\u0151":"3 perc"},"schema":{"@context":"https:\/\/schema.org","@graph":[{"@type":"WebPage","@id":"https:\/\/gambling6.com\/hu\/bingo\/tippek-a-legjobb-bingo-weboldalakrol\/","url":"https:\/\/gambling6.com\/hu\/bingo\/tippek-a-legjobb-bingo-weboldalakrol\/","name":"Bing\u00f3 tippek - Melyek a legjobb bing\u00f3 weboldalak?","isPartOf":{"@id":"https:\/\/gambling6.com\/hu\/#website"},"primaryImageOfPage":{"@id":"https:\/\/gambling6.com\/hu\/bingo\/tippek-a-legjobb-bingo-weboldalakrol\/#primaryimage"},"image":{"@id":"https:\/\/gambling6.com\/hu\/bingo\/tippek-a-legjobb-bingo-weboldalakrol\/#primaryimage"},"thumbnailUrl":"https:\/\/gambling6.com\/wp-content\/uploads\/2013\/12\/img_110.png","datePublished":"2025-11-07T17:44:45+00:00","dateModified":"2025-11-15T07:45:47+00:00","description":"A legjobb bing\u00f3 weboldal kiv\u00e1laszt\u00e1sa fontos - de melyik oldalt \u00e9rdemes v\u00e1lasztani? Itt tal\u00e1lod a v\u00e1laszokat","breadcrumb":{"@id":"https:\/\/gambling6.com\/hu\/bingo\/tippek-a-legjobb-bingo-weboldalakrol\/#breadcrumb"},"inLanguage":"hu","potentialAction":[{"@type":"ReadAction","target":["https:\/\/gambling6.com\/hu\/bingo\/tippek-a-legjobb-bingo-weboldalakrol\/"]}]},{"@type":"ImageObject","inLanguage":"hu","@id":"https:\/\/gambling6.com\/hu\/bingo\/tippek-a-legjobb-bingo-weboldalakrol\/#primaryimage","url":"https:\/\/gambling6.com\/wp-content\/uploads\/2013\/12\/img_110.png","contentUrl":"https:\/\/gambling6.com\/wp-content\/uploads\/2013\/12\/img_110.png","width":288,"height":175},{"@type":"BreadcrumbList","@id":"https:\/\/gambling6.com\/hu\/bingo\/tippek-a-legjobb-bingo-weboldalakrol\/#breadcrumb","itemListElement":[{"@type":"ListItem","position":1,"name":"Home","item":"https:\/\/gambling6.com\/hu\/home\/"},{"@type":"ListItem","position":2,"name":"Bing\u00f3","item":"https:\/\/gambling6.com\/hu\/all-about-bingo\/"},{"@type":"ListItem","position":3,"name":"Tippek a legjobb bing\u00f3 weboldalakr\u00f3l"}]},{"@type":"WebSite","@id":"https:\/\/gambling6.com\/hu\/#website","url":"https:\/\/gambling6.com\/hu\/","name":"Gambling6","description":"","potentialAction":[{"@type":"SearchAction","target":{"@type":"EntryPoint","urlTemplate":"https:\/\/gambling6.com\/hu\/?s={search_term_string}"},"query-input":{"@type":"PropertyValueSpecification","valueRequired":true,"valueName":"search_term_string"}}],"inLanguage":"hu"}]}},"_links":{"self":[{"href":"https:\/\/gambling6.com\/hu\/wp-json\/wp\/v2\/pages\/8451","targetHints":{"allow":["GET"]}}],"collection":[{"href":"https:\/\/gambling6.com\/hu\/wp-json\/wp\/v2\/pages"}],"about":[{"href":"https:\/\/gambling6.com\/hu\/wp-json\/wp\/v2\/types\/page"}],"author":[{"embeddable":true,"href":"https:\/\/gambling6.com\/hu\/wp-json\/wp\/v2\/users\/1"}],"replies":[{"embeddable":true,"href":"https:\/\/gambling6.com\/hu\/wp-json\/wp\/v2\/comments?post=8451"}],"version-history":[{"count":3,"href":"https:\/\/gambling6.com\/hu\/wp-json\/wp\/v2\/pages\/8451\/revisions"}],"predecessor-version":[{"id":10817,"href":"https:\/\/gambling6.com\/hu\/wp-json\/wp\/v2\/pages\/8451\/revisions\/10817"}],"up":[{"embeddable":true,"href":"https:\/\/gambling6.com\/hu\/wp-json\/wp\/v2\/pages\/8507"}],"wp:featuredmedia":[{"embeddable":true,"href":"https:\/\/gambling6.com\/hu\/wp-json\/wp\/v2\/media\/8435"}],"wp:attachment":[{"href":"https:\/\/gambling6.com\/hu\/wp-json\/wp\/v2\/media?parent=8451"}],"curies":[{"name":"wp","href":"https:\/\/api.w.org\/{rel}","templated":true}]}}