{"id":8507,"date":"2025-11-07T19:15:25","date_gmt":"2025-11-07T19:15:25","guid":{"rendered":"https:\/\/gambling6.com\/bingo\/"},"modified":"2025-11-12T11:46:29","modified_gmt":"2025-11-12T11:46:29","slug":"bingo","status":"publish","type":"page","link":"https:\/\/gambling6.com\/hu\/bingo\/","title":{"rendered":"Bing\u00f3"},"content":{"rendered":"<h2>Alapvet\u0151 inform\u00e1ci\u00f3k a bing\u00f3r\u00f3l<\/h2>\n<p><a href=\"https:\/\/record.revenueplanet.com\/_BoBybWC_aAMWqcfzuvZcQMni_MQzyHn0\/1\/\" target=\"_new\"><img loading=\"lazy\" decoding=\"async\" class=\"alignright\" style=\"border: none;\" src=\"https:\/\/media.revenueplanet.com\/uploads\/nbb-120x600-oct-free.gif\" alt=\"BingoBilly Ingyenes Bingo\" width=\"120\" height=\"600\" \/><\/a>A bing\u00f3 j\u00e1t\u00e9ka fiataloknak \u00e9s id\u0151seknek egyar\u00e1nt sz\u00f3l. A j\u00e1t\u00e9k eredete a 16. sz\u00e1zadi Olaszorsz\u00e1gban keresend\u0151, ahol &#8222;Il Giuoco del Lotto d&#8217;Italia&#8221; n\u00e9ven j\u00e1tszott\u00e1k, majd eg\u00e9sz Eur\u00f3p\u00e1ban elterjedt. A bing\u00f3 egy t\u00e1rsas\u00e1gi j\u00e1t\u00e9k, amelyben sz\u00e1m\u00edt: az id\u0151, a reakci\u00f3id\u0151, a j\u00e1t\u00e9k \u00e9rz\u00e9kel\u00e9se \u00e9s v\u00e9g\u00fcl, de nem utols\u00f3sorban a szerencse. Az id\u0151k sor\u00e1n az emberek k\u00fcl\u00f6nb\u00f6z\u0151 strat\u00e9gi\u00e1kat pr\u00f3b\u00e1ltak kidolgozni, hogy pontosabb sz\u00e1m\u00edt\u00e1sokat v\u00e9gezzenek a nyer\u00e9si es\u00e9lyeik n\u00f6vel\u00e9s\u00e9re. N\u00e9h\u00e1nyan kudarcot vallottak, m\u00e1sok sikeresek voltak. Az online bing\u00f3 az 1990-es \u00e9vek k\u00f6zep\u00e9n jelent meg, \u00e9s az\u00f3ta folyamatos fejl\u0151d\u00e9sen megy kereszt\u00fcl. Az online bing\u00f3 el\u0151nyei az offline bing\u00f3val ellent\u00e9tben a k\u00f6vetkez\u0151k:<\/p>\n<ul>\n<li>K\u00f6zvetlen\u00fcl otthonr\u00f3l j\u00e1tszhatsz<\/li>\n<li>Minden egyszer\u0171<\/li>\n<li>B\u00f3nuszokat \u00e9s jutalmakat k\u00edn\u00e1lnak<\/li>\n<li>Ingyen j\u00e1tszhatsz<\/li>\n<li>A nap vagy az \u00e9jszaka b\u00e1rmely szak\u00e1ban j\u00e1tszhatsz<\/li>\n<li>Val\u00f3s idej\u0171 online t\u00e1mogat\u00e1st kapsz<\/li>\n<\/ul>\n<p>A kezd\u0151knek aj\u00e1nlott dem\u00f3j\u00e1t\u00e9kokat j\u00e1tszani, amelyek lehet\u0151s\u00e9get k\u00edn\u00e1lnak nekik arra, hogy alkalmazkodjanak a szab\u00e1lyokhoz \u00e9s a j\u00e1t\u00e9k sebess\u00e9g\u00e9hez. A j\u00e1t\u00e9k strat\u00e9gi\u00e1i nem garant\u00e1lj\u00e1k a kifizet\u00e9st, de n\u00f6velik a nyer\u00e9si es\u00e9lyeket. Azt is aj\u00e1nlott, hogy olyan szob\u00e1ban j\u00e1tsszanak, ahol kev\u00e9s a j\u00e1t\u00e9kos. A tapasztaltabb j\u00e1t\u00e9kosoknak \u00e9rdemes annyi k\u00e1rty\u00e1val j\u00e1tszani, amennyivel csak tudnak; Ez n\u00f6veli a nyer\u00e9si es\u00e9lyeiket. A bing\u00f3j\u00e1t\u00e9kot 30, 75, 80 \u00e9s 90 goly\u00f3val j\u00e1tssz\u00e1k.<\/p>\n<p>A legjobb v\u00e1laszt\u00e1s a <a class=\"thirstylink\" title=\"Bingo Billy en\" href=\"https:\/\/gambling6.com\/go\/bingobilly-en\/\" target=\"_blank\" rel=\"nofollow noopener\">Bingo Billy lenne \u2013 kattints ide a j\u00e1t\u00e9khoz<\/a>, \u00e9s 30 doll\u00e1r \u00e9rt\u00e9k\u0171 ingyenes bing\u00f3jegyet kapsz a kezd\u00e9shez! A Bingo Billy a vil\u00e1g minden t\u00e1j\u00e1r\u00f3l fogad j\u00e1t\u00e9kosokat, bele\u00e9rtve az Egyes\u00fclt \u00c1llamokat is.<\/p>\n<h2>Bing\u00f3 j\u00e1t\u00e9k 30 goly\u00f3val<\/h2>\n<p>A j\u00e1t\u00e9kos \u00f6sszesen 30 goly\u00f3t v\u00e1laszt, \u00e9s egy 1-t\u0151l 75-ig terjed\u0151 sk\u00e1l\u00e1t haszn\u00e1l. A bing\u00f3ter\u00fcletek \u00f6t n\u00e9gyzetb\u0151l \u00e1ll\u00f3 \u00f6t\u00f6s\u00f6kb\u0151l \u00e1llnak. A szelv\u00e9ny megv\u00e1s\u00e1rl\u00e1sa ut\u00e1n a j\u00e1t\u00e9kosnak \u00f6sszesen 30 sz\u00e1mot kell v\u00e1lasztania. A sz\u00e1mokat kih\u00fazz\u00e1k \u00e9s automatikusan felt\u00fcntetik a szelv\u00e9nyen. A bing\u00f3 akkor \u00e9r v\u00e9get, amikor a j\u00e1t\u00e9kos \u00f6t vagy hat sz\u00e1mot h\u00fazott ki, amelyek lehet\u0151v\u00e9 teszik sz\u00e1m\u00e1ra, hogy f\u00fcgg\u0151leges, v\u00edzszintes vagy \u00e1tl\u00f3s vonalat alkosson. A j\u00e1t\u00e9k akkor \u00e9r v\u00e9get, amikor a 30 goly\u00f3 kih\u00faz\u00e1sra ker\u00fclt. Az a j\u00e1t\u00e9kos nyer, aki a legt\u00f6bb bing\u00f3vonalat nyeri.<\/p>\n<h2>Bing\u00f3 j\u00e1t\u00e9k 90 goly\u00f3val<\/h2>\n<p>A k\u00e1rtya 9-3 darabos csoportokb\u00f3l \u00e1ll, \u00f6sszesen 27 n\u00e9gyzetet tartalmaz. Minden sorban 5 sz\u00e1m \u00e9s 4 \u00fcres n\u00e9gyzet tal\u00e1lhat\u00f3. A k\u00e1rty\u00e1n l\u00e9v\u0151 sz\u00e1mok sz\u00e1ma \u00f6sszesen 15<\/p>\n<h2>A bing\u00f3j\u00e1t\u00e9k 80 goly\u00f3val<\/h2>\n<p>Itt minden k\u00e1rty\u00e1n 16 sz\u00e1m, 4 sor \u00e9s 4 oszlop tal\u00e1lhat\u00f3.<\/p>\n<h2>Online bing\u00f3strat\u00e9gi\u00e1k<\/h2>\n<p>Joseph E. Granville azt mondta, hogy &#8222;ak\u00e1r 50%-kal is n\u00f6velheti az es\u00e9lyeket a jav\u00e1ra&#8221;. Azt is mondta, hogy a val\u00f3ban v\u00e9letlenszer\u0171en kih\u00fazott sz\u00e1mok a k\u00f6vetkez\u0151 mint\u00e1zatot k\u00f6vetik: azonos sz\u00e1m\u00fa, 1, 2, 3, 4, 5, 6, 7, 8, 9-re v\u00e9gz\u0151d\u0151 sz\u00e1m, a nagy \u00e9s a kis sz\u00e1mok egyens\u00falyban vannak a j\u00e1t\u00e9k meg\u00fajul\u00e1s\u00e1val egy\u00fctt, a 38-hoz k\u00f6zel\u00edt\u0151, pontosabban a k\u00f6z\u00e9pponthoz k\u00f6zel\u00edt\u0151 sz\u00e1mokat h\u00fazz\u00e1k ki.<\/p>\n<p><strong>Egy p\u00e9lda egy v\u00e9letlenszer\u0171 szelv\u00e9nyre Joseph E. Granville mint\u00e1ja szerint<\/strong> a 6, 11, 24, 32, 43, 57, 38, 69. A brit statisztikus, L.C.H. Tippet egy elm\u00e9letet \u00e1ll\u00edtott fel, amely szerint a kih\u00fazott sz\u00e1mok val\u00f3sz\u00edn\u0171s\u00e9ge k\u00f6zel 38. Mindezek mellett sz\u00e1mos oldal \u00e1ll rendelkez\u00e9sedre, \u00e9s egy kis bevezet\u00e9s a bing\u00f3j\u00e1t\u00e9kok vil\u00e1g\u00e1ba. A preferenci\u00e1id szerint eld\u00f6ntheted, melyik verzi\u00f3 a jobb sz\u00e1modra. Sok szerencs\u00e9t!<\/p>\n","protected":false},"excerpt":{"rendered":"<p>Alapvet\u0151 inform\u00e1ci\u00f3k a bing\u00f3r\u00f3l A bing\u00f3 j\u00e1t\u00e9ka fiataloknak \u00e9s id\u0151seknek egyar\u00e1nt sz\u00f3l. A j\u00e1t\u00e9k eredete a 16. sz\u00e1zadi Olaszorsz\u00e1gban keresend\u0151, ahol &#8222;Il Giuoco del Lotto d&#8217;Italia&#8221; n\u00e9ven j\u00e1tszott\u00e1k, majd eg\u00e9sz Eur\u00f3p\u00e1ban elterjedt. A bing\u00f3 egy t\u00e1rsas\u00e1gi j\u00e1t\u00e9k, amelyben sz\u00e1m\u00edt: az id\u0151, a reakci\u00f3id\u0151, a j\u00e1t\u00e9k \u00e9rz\u00e9kel\u00e9se \u00e9s v\u00e9g\u00fcl, de nem utols\u00f3sorban a szerencse. Az id\u0151k [&hellip;]<\/p>\n","protected":false},"author":1,"featured_media":0,"parent":0,"menu_order":6,"comment_status":"closed","ping_status":"closed","template":"","meta":{"footnotes":""},"class_list":["post-8507","page","type-page","status-publish","hentry"],"yoast_head":"<!-- This site is optimized with the Yoast SEO plugin v27.4 - https:\/\/yoast.com\/product\/yoast-seo-wordpress\/ -->\n<title>Alapvet\u0151 inform\u00e1ci\u00f3k a bing\u00f3r\u00f3l<\/title>\n<meta name=\"description\" content=\"Minden az online bing\u00f3r\u00f3l \u00e9s a legjobb oldalakr\u00f3l, ahol online bing\u00f3zhatsz\" \/>\n<meta name=\"robots\" content=\"index, follow, max-snippet:-1, max-image-preview:large, max-video-preview:-1\" \/>\n<link rel=\"canonical\" href=\"https:\/\/gambling6.com\/hu\/bingo\/\" \/>\n<meta property=\"og:locale\" content=\"hu_HU\" \/>\n<meta property=\"og:type\" content=\"article\" \/>\n<meta property=\"og:title\" content=\"Alapvet\u0151 inform\u00e1ci\u00f3k a bing\u00f3r\u00f3l\" \/>\n<meta property=\"og:description\" content=\"Minden az online bing\u00f3r\u00f3l \u00e9s a legjobb oldalakr\u00f3l, ahol online bing\u00f3zhatsz\" \/>\n<meta property=\"og:url\" content=\"https:\/\/gambling6.com\/hu\/bingo\/\" \/>\n<meta property=\"og:site_name\" content=\"Gambling6\" \/>\n<meta property=\"article:modified_time\" content=\"2025-11-12T11:46:29+00:00\" \/>\n<meta property=\"og:image\" content=\"https:\/\/media.revenueplanet.com\/uploads\/nbb-120x600-oct-free.gif\" \/>\n<meta name=\"twitter:card\" content=\"summary_large_image\" \/>\n<meta name=\"twitter:label1\" content=\"Becs\u00fclt olvas\u00e1si id\u0151\" \/>\n\t<meta name=\"twitter:data1\" content=\"4 perc\" \/>\n<script type=\"application\/ld+json\" class=\"yoast-schema-graph\">{\"@context\":\"https:\\\/\\\/schema.org\",\"@graph\":[{\"@type\":\"WebPage\",\"@id\":\"https:\\\/\\\/gambling6.com\\\/hu\\\/bingo\\\/\",\"url\":\"https:\\\/\\\/gambling6.com\\\/hu\\\/bingo\\\/\",\"name\":\"Alapvet\u0151 inform\u00e1ci\u00f3k a bing\u00f3r\u00f3l\",\"isPartOf\":{\"@id\":\"https:\\\/\\\/gambling6.com\\\/hu\\\/#website\"},\"primaryImageOfPage\":{\"@id\":\"https:\\\/\\\/gambling6.com\\\/hu\\\/bingo\\\/#primaryimage\"},\"image\":{\"@id\":\"https:\\\/\\\/gambling6.com\\\/hu\\\/bingo\\\/#primaryimage\"},\"thumbnailUrl\":\"https:\\\/\\\/media.revenueplanet.com\\\/uploads\\\/nbb-120x600-oct-free.gif\",\"datePublished\":\"2025-11-07T19:15:25+00:00\",\"dateModified\":\"2025-11-12T11:46:29+00:00\",\"description\":\"Minden az online bing\u00f3r\u00f3l \u00e9s a legjobb oldalakr\u00f3l, ahol online bing\u00f3zhatsz\",\"breadcrumb\":{\"@id\":\"https:\\\/\\\/gambling6.com\\\/hu\\\/bingo\\\/#breadcrumb\"},\"inLanguage\":\"hu\",\"potentialAction\":[{\"@type\":\"ReadAction\",\"target\":[\"https:\\\/\\\/gambling6.com\\\/hu\\\/bingo\\\/\"]}]},{\"@type\":\"ImageObject\",\"inLanguage\":\"hu\",\"@id\":\"https:\\\/\\\/gambling6.com\\\/hu\\\/bingo\\\/#primaryimage\",\"url\":\"https:\\\/\\\/media.revenueplanet.com\\\/uploads\\\/nbb-120x600-oct-free.gif\",\"contentUrl\":\"https:\\\/\\\/media.revenueplanet.com\\\/uploads\\\/nbb-120x600-oct-free.gif\"},{\"@type\":\"BreadcrumbList\",\"@id\":\"https:\\\/\\\/gambling6.com\\\/hu\\\/bingo\\\/#breadcrumb\",\"itemListElement\":[{\"@type\":\"ListItem\",\"position\":1,\"name\":\"Home\",\"item\":\"https:\\\/\\\/gambling6.com\\\/hu\\\/home\\\/\"},{\"@type\":\"ListItem\",\"position\":2,\"name\":\"Bing\u00f3\"}]},{\"@type\":\"WebSite\",\"@id\":\"https:\\\/\\\/gambling6.com\\\/hu\\\/#website\",\"url\":\"https:\\\/\\\/gambling6.com\\\/hu\\\/\",\"name\":\"Gambling6\",\"description\":\"\",\"potentialAction\":[{\"@type\":\"SearchAction\",\"target\":{\"@type\":\"EntryPoint\",\"urlTemplate\":\"https:\\\/\\\/gambling6.com\\\/hu\\\/?s={search_term_string}\"},\"query-input\":{\"@type\":\"PropertyValueSpecification\",\"valueRequired\":true,\"valueName\":\"search_term_string\"}}],\"inLanguage\":\"hu\"}]}<\/script>\n<!-- \/ Yoast SEO plugin. -->","yoast_head_json":{"title":"Alapvet\u0151 inform\u00e1ci\u00f3k a bing\u00f3r\u00f3l","description":"Minden az online bing\u00f3r\u00f3l \u00e9s a legjobb oldalakr\u00f3l, ahol online bing\u00f3zhatsz","robots":{"index":"index","follow":"follow","max-snippet":"max-snippet:-1","max-image-preview":"max-image-preview:large","max-video-preview":"max-video-preview:-1"},"canonical":"https:\/\/gambling6.com\/hu\/bingo\/","og_locale":"hu_HU","og_type":"article","og_title":"Alapvet\u0151 inform\u00e1ci\u00f3k a bing\u00f3r\u00f3l","og_description":"Minden az online bing\u00f3r\u00f3l \u00e9s a legjobb oldalakr\u00f3l, ahol online bing\u00f3zhatsz","og_url":"https:\/\/gambling6.com\/hu\/bingo\/","og_site_name":"Gambling6","article_modified_time":"2025-11-12T11:46:29+00:00","og_image":[{"url":"https:\/\/media.revenueplanet.com\/uploads\/nbb-120x600-oct-free.gif","type":"","width":"","height":""}],"twitter_card":"summary_large_image","twitter_misc":{"Becs\u00fclt olvas\u00e1si id\u0151":"4 perc"},"schema":{"@context":"https:\/\/schema.org","@graph":[{"@type":"WebPage","@id":"https:\/\/gambling6.com\/hu\/bingo\/","url":"https:\/\/gambling6.com\/hu\/bingo\/","name":"Alapvet\u0151 inform\u00e1ci\u00f3k a bing\u00f3r\u00f3l","isPartOf":{"@id":"https:\/\/gambling6.com\/hu\/#website"},"primaryImageOfPage":{"@id":"https:\/\/gambling6.com\/hu\/bingo\/#primaryimage"},"image":{"@id":"https:\/\/gambling6.com\/hu\/bingo\/#primaryimage"},"thumbnailUrl":"https:\/\/media.revenueplanet.com\/uploads\/nbb-120x600-oct-free.gif","datePublished":"2025-11-07T19:15:25+00:00","dateModified":"2025-11-12T11:46:29+00:00","description":"Minden az online bing\u00f3r\u00f3l \u00e9s a legjobb oldalakr\u00f3l, ahol online bing\u00f3zhatsz","breadcrumb":{"@id":"https:\/\/gambling6.com\/hu\/bingo\/#breadcrumb"},"inLanguage":"hu","potentialAction":[{"@type":"ReadAction","target":["https:\/\/gambling6.com\/hu\/bingo\/"]}]},{"@type":"ImageObject","inLanguage":"hu","@id":"https:\/\/gambling6.com\/hu\/bingo\/#primaryimage","url":"https:\/\/media.revenueplanet.com\/uploads\/nbb-120x600-oct-free.gif","contentUrl":"https:\/\/media.revenueplanet.com\/uploads\/nbb-120x600-oct-free.gif"},{"@type":"BreadcrumbList","@id":"https:\/\/gambling6.com\/hu\/bingo\/#breadcrumb","itemListElement":[{"@type":"ListItem","position":1,"name":"Home","item":"https:\/\/gambling6.com\/hu\/home\/"},{"@type":"ListItem","position":2,"name":"Bing\u00f3"}]},{"@type":"WebSite","@id":"https:\/\/gambling6.com\/hu\/#website","url":"https:\/\/gambling6.com\/hu\/","name":"Gambling6","description":"","potentialAction":[{"@type":"SearchAction","target":{"@type":"EntryPoint","urlTemplate":"https:\/\/gambling6.com\/hu\/?s={search_term_string}"},"query-input":{"@type":"PropertyValueSpecification","valueRequired":true,"valueName":"search_term_string"}}],"inLanguage":"hu"}]}},"_links":{"self":[{"href":"https:\/\/gambling6.com\/hu\/wp-json\/wp\/v2\/pages\/8507","targetHints":{"allow":["GET"]}}],"collection":[{"href":"https:\/\/gambling6.com\/hu\/wp-json\/wp\/v2\/pages"}],"about":[{"href":"https:\/\/gambling6.com\/hu\/wp-json\/wp\/v2\/types\/page"}],"author":[{"embeddable":true,"href":"https:\/\/gambling6.com\/hu\/wp-json\/wp\/v2\/users\/1"}],"replies":[{"embeddable":true,"href":"https:\/\/gambling6.com\/hu\/wp-json\/wp\/v2\/comments?post=8507"}],"version-history":[{"count":1,"href":"https:\/\/gambling6.com\/hu\/wp-json\/wp\/v2\/pages\/8507\/revisions"}],"predecessor-version":[{"id":10597,"href":"https:\/\/gambling6.com\/hu\/wp-json\/wp\/v2\/pages\/8507\/revisions\/10597"}],"wp:attachment":[{"href":"https:\/\/gambling6.com\/hu\/wp-json\/wp\/v2\/media?parent=8507"}],"curies":[{"name":"wp","href":"https:\/\/api.w.org\/{rel}","templated":true}]}}