{"id":8579,"date":"2025-11-07T20:32:27","date_gmt":"2025-11-07T20:32:27","guid":{"rendered":"https:\/\/gambling6.com\/kaszino\/mobilra-valtva-szerencsejatek-utkozben\/"},"modified":"2025-11-12T09:21:17","modified_gmt":"2025-11-12T09:21:17","slug":"mobilra-valtva-szerencsejatek-utkozben","status":"publish","type":"page","link":"https:\/\/gambling6.com\/hu\/kaszino\/mobilra-valtva-szerencsejatek-utkozben\/","title":{"rendered":"Mobilra v\u00e1ltva \u2013 Szerencsej\u00e1t\u00e9k \u00fatk\u00f6zben"},"content":{"rendered":"<h2>Online szerencsej\u00e1t\u00e9k mobil eszk\u00f6z\u00f6k\u00f6n<\/h2>\n<h3>HTML5 vs. nat\u00edv alkalmaz\u00e1sok \u2013 a v\u00e1laszt\u00e1s a ti\u00e9d!<\/h3>\n<p>Egy j\u00f3 szerencsej\u00e1t\u00e9k-katal\u00f3gust \u00e1tn\u00e9zve k\u00f6nnyen l\u00e1that\u00f3, hogy sz\u00e1mos nagyszer\u0171 lehet\u0151s\u00e9g \u00e1ll rendelkez\u00e9sre azoknak a j\u00e1t\u00e9kosoknak, akik kedvenc lehet\u0151s\u00e9geiket szeretn\u00e9k \u00e9lvezni az interneten kereszt\u00fcl. K\u00fcl\u00f6nb\u00f6z\u0151 oldalak k\u00edn\u00e1lnak biztons\u00e1gos online szerencsej\u00e1t\u00e9kot szinte minden kateg\u00f3ri\u00e1ban, a p\u00f3ker, a kaszin\u00f3 \u00e9s a sportfogad\u00e1s jellemz\u0151en a lista \u00e9l\u00e9n \u00e1ll. Fontos megjegyezni, hogy az amerikai j\u00e1t\u00e9kosok sz\u00e1m\u00e1ra is vannak lehet\u0151s\u00e9gek, a piac szab\u00e1lyoz\u00e1sai ellen\u00e9re, \u00edgy az amerikaiaknak nem okozhat gondot megb\u00edzhat\u00f3 oldal megtal\u00e1l\u00e1sa egy iGambling port\u00e1lon kereszt\u00fcl.<\/p>\n<p><img loading=\"lazy\" decoding=\"async\" class=\" alignright size-full wp-image-400\" style=\"margin: 5px; float: right;\" src=\"http:\/\/gambling6.com\/wp-content\/uploads\/2013\/12\/mobile-gambling-150x150.jpg\" alt=\"mobile szerencsej\u00e1t\u00e9k-alkalmaz\u00e1sok\" width=\"150\" height=\"150\" \/>M\u00edg az online szerencsej\u00e1t\u00e9k-k\u00edn\u00e1lat folyamatosan n\u00f6vekszik, \u00fagy t\u0171nik, hogy a trend az, hogy a mobilj\u00e1t\u00e9kok fel\u00e9 haladnak a dolgok. Az ipar\u00e1g szinte \u00f6sszes vezet\u0151 \u00fczemeltet\u0151je rendelkezik, vagy jelenleg dolgozik egy mobilalkalmaz\u00e1son, amely lehet\u0151v\u00e9 teszi a felhaszn\u00e1l\u00f3k sz\u00e1m\u00e1ra, hogy ugyanazokat a szolg\u00e1ltat\u00e1sokat \u00e9rj\u00e9k el, mint otthon egy okostelefonon. Egy nemr\u00e9giben adott interj\u00faban az Intralot inform\u00e1ci\u00f3s vezet\u0151je, Dr. Christos Dimitriadis elmondta, hogy a mobil szerencsej\u00e1t\u00e9k az Eur\u00f3pai Uni\u00f3 \u00f6sszes orsz\u00e1g\u00e1ban leg\u00e1liss\u00e1 v\u00e1lik.<\/p>\n<p>B\u00e1r nem pontos\u00edtotta, hogy ez mikor v\u00e1rhat\u00f3, az a t\u00e9ny, hogy az \u00e1llamoknak meg kell \u0151rizni\u00fck a szerencsej\u00e1t\u00e9kok feletti ellen\u0151rz\u00e9st, a mobil szerencsej\u00e1t\u00e9kot leg\u00e1liss\u00e1 \u00e9s gondosan szab\u00e1lyozott\u00e1 teszi. Ahogy egyre t\u00f6bb j\u00e1t\u00e9kos mobileszk\u00f6z\u00f6k\u00f6n j\u00e1tszik, mind az \u00fczemeltet\u0151knek, mind a szab\u00e1lyoz\u00f3 hat\u00f3s\u00e1goknak egy\u00fctt kell m\u0171k\u00f6dni\u00fck az egyes piacokon az ide\u00e1lis megold\u00e1s el\u00e9r\u00e9se \u00e9rdek\u00e9ben.<\/p>\n<h2>HTML5<\/h2>\n<p>Az online szerencsej\u00e1t\u00e9k-piac n\u00e9h\u00e1ny jelent\u0151s \u00fczemeltet\u0151je m\u00e1r jelent\u0151s l\u00e9p\u00e9seket tett mobil k\u00edn\u00e1lat\u00e1nak fejleszt\u00e9se \u00e9rdek\u00e9ben. A 888 vil\u00e1gszerte ismert, els\u0151sorban online sportfogad\u00e1s\u00e1r\u00f3l, amely gyakorlatilag az eg\u00e9sz vil\u00e1got lefedi, \u00e9s minden nagyobb sport\u00e1gra \u00e9s k\u00fcl\u00f6nf\u00e9le lig\u00e1kra k\u00edn\u00e1l fogad\u00e1st. Az oldalon kaszin\u00f3j\u00e1t\u00e9kok, p\u00f3ker, bing\u00f3 \u00e9s egy\u00e9b online j\u00e1t\u00e9kkateg\u00f3ri\u00e1k is tal\u00e1lhat\u00f3k, \u00edgy az ipar\u00e1g egyik legnagyobb nev\u00e9v\u00e9 v\u00e1lt.<\/p>\n<p><a class=\"thirstylink\" title=\"888 casino en\" href=\"https:\/\/gambling6.com\/go\/888-casino-en\/\" target=\"_blank\" rel=\"nofollow noopener\"><strong>Kattintson ide a 888 Kaszin\u00f3 felkeres\u00e9s\u00e9hez<\/strong><\/a> &#8211; hozzon l\u00e9tre egy ingyenes j\u00e1t\u00e9kosfi\u00f3kot, majd t\u00f6ltse le a mobilalkalmaz\u00e1st.<\/p>\n<p>A 888 nemr\u00e9giben HTML5 verzi\u00f3ra v\u00e1ltott mobil platformj\u00e1n, hogy sokkal k\u00e9nyelmesebb legyen a j\u00e1t\u00e9kosok sz\u00e1m\u00e1ra. Alapvet\u0151en a szolg\u00e1ltat\u00f3 hang- \u00e9s videostreamingj\u00e9t mostant\u00f3l HTML5 fogja m\u0171k\u00f6dtetni, lehet\u0151v\u00e9 t\u00e9ve a felhaszn\u00e1l\u00f3k sz\u00e1m\u00e1ra, hogy a v\u00e1lasztott eszk\u00f6z\u00fck\u00f6n k\u00f6vess\u00e9k az esem\u00e9nyeket Flash plugin n\u00e9lk\u00fcl. Ez \u00faj lehet\u0151s\u00e9gek kapuj\u00e1t is nyitja meg, mivel a felhaszn\u00e1l\u00f3k mostant\u00f3l val\u00f3s idej\u0171 adatok fogad\u00e1sa k\u00f6zben is fogadhatnak fogad\u00e1sokat. A HTML5 verzi\u00f3 jobb felhaszn\u00e1l\u00f3i \u00e9lm\u00e9nyt is ny\u00fajt. K\u00e9pes \u00e9rz\u00e9kelni az eszk\u00f6z k\u00e9perny\u0151m\u00e9ret\u00e9t, a rendszer k\u00e9pess\u00e9geit \u00e9s az el\u00e9rhet\u0151 kapcsolatokat.<\/p>\n<p>Ez azt jelenti, hogy meg kell tenni a sz\u00fcks\u00e9ges \u00f3vint\u00e9zked\u00e9seket annak \u00e9rdek\u00e9ben, hogy minden z\u00f6kken\u0151mentesen m\u0171k\u00f6dj\u00f6n, p\u00e9ld\u00e1ul cs\u00f6kkenteni kell a min\u0151s\u00e9get, vagy v\u00e1rni kell a vide\u00f3 elind\u00edt\u00e1sa el\u0151tt a s\u00e1vsz\u00e9less\u00e9g megtakar\u00edt\u00e1sa \u00e9rdek\u00e9ben. A szerencsej\u00e1t\u00e9k-\u00e9rt\u00e9kel\u00e9seket tartalmaz\u00f3 weboldalak sokkal k\u00f6nnyebb\u00e9 teszik a megb\u00edzhat\u00f3 online kaszin\u00f3k megtal\u00e1l\u00e1s\u00e1t az\u00e1ltal, hogy az oldalakat er\u0151ss\u00e9geik alapj\u00e1n k\u00fcl\u00f6nb\u00f6z\u0151 kateg\u00f3ri\u00e1kba csoportos\u00edtj\u00e1k. Egyes oldalak hajlamosak a mobil aj\u00e1nlataikra \u00f6sszpontos\u00edtani, \u00e9s az amerikai online kaszin\u00f3k mindig kiv\u00e1l\u00f3 t\u00e9m\u00e1t jelentenek a besz\u00e9lget\u00e9shez.<\/p>\n<h2>Nat\u00edv alkalmaz\u00e1sok<\/h2>\n<p>A nat\u00edv alkalmaz\u00e1sok let\u00f6lt\u00e9st \u00e9s telep\u00edt\u00e9st ig\u00e9nyelnek, ami azt jelenti, hogy k\u00fcl\u00f6nb\u00f6z\u0151 verzi\u00f3knak kell lenni\u00fck a jelenleg el\u00e9rhet\u0151 k\u00fcl\u00f6nb\u00f6z\u0151 mobil oper\u00e1ci\u00f3s rendszerek t\u00e1mogat\u00e1s\u00e1hoz. B\u00e1r ezek nagyon gyakoriak az online kaszin\u00f3k k\u00f6r\u00e9ben, val\u00f3j\u00e1ban vesz\u00edtenek a HTML5-tel szemben. Ennek sz\u00e1mos oka van, a legfontosabb az, hogy egy HTML5 verzi\u00f3 minden mobileszk\u00f6zre illeszkedik, \u00e9s maga elv\u00e9gzi a sz\u00fcks\u00e9ges m\u00f3dos\u00edt\u00e1sokat. Fontos megjegyezni, hogy a fent eml\u00edtettek szerint a 888 nem fogja elhagyni nat\u00edv alkalmaz\u00e1sait, \u00e9s a HTML4 technol\u00f3gia haszn\u00e1lat\u00e1t sem fogja abbahagyni.<\/p>\n<p>Ez kiv\u00e1l\u00f3 p\u00e9lda m\u00e1s \u00fczemeltet\u0151k sz\u00e1m\u00e1ra is, mivel a HTML5-re val\u00f3 \u00e1tt\u00e9r\u00e9s egyik napr\u00f3l a m\u00e1sikra, \u00e9s a kor\u00e1bbi lehet\u0151s\u00e9gek elhagy\u00e1sa azt jelenten\u00e9, hogy egyes felhaszn\u00e1l\u00f3k nem f\u00e9rn\u00e9nek hozz\u00e1 az aj\u00e1nlatokhoz. Nem minden j\u00e1t\u00e9kos rendelkezik a sz\u00fcks\u00e9ges technol\u00f3gi\u00e1val az \u00faj gener\u00e1ci\u00f3s szoftverek t\u00f6k\u00e9letes futtat\u00e1s\u00e1hoz, \u00edgy b\u00e1r ez egy j\u00f3 l\u00e9p\u00e9s a jobb mobil szerencsej\u00e1t\u00e9k fel\u00e9 vezet\u0151 \u00faton, nem szabad, hogy negat\u00edvan befoly\u00e1solja a jelenlegi \u00fcgyfeleket. A nat\u00edv alkalmaz\u00e1sok tov\u00e1bbra is nagyszer\u0171 m\u00f3dja annak, hogy online kaszin\u00f3j\u00e1t\u00e9kokat \u00e9lvezz\u00fcnk k\u00fcl\u00f6nb\u00f6z\u0151 mobileszk\u00f6z\u00f6k\u00f6n. Az eg\u00e9sz elkezd\u00e9si folyamat \u00e1ltal\u00e1ban nem tart sok\u00e1ig, \u00edgy b\u00e1r a HTML5 lesz a k\u00f6vetkez\u0151 nagy l\u00e9p\u00e9s minden \u00fczemeltet\u0151 sz\u00e1m\u00e1ra, a jelenleg el\u00e9rhet\u0151 aj\u00e1nlatok is el\u00e9g j\u00f3k.<\/p>\n","protected":false},"excerpt":{"rendered":"<p>Online szerencsej\u00e1t\u00e9k mobil eszk\u00f6z\u00f6k\u00f6n HTML5 vs. nat\u00edv alkalmaz\u00e1sok \u2013 a v\u00e1laszt\u00e1s a ti\u00e9d! Egy j\u00f3 szerencsej\u00e1t\u00e9k-katal\u00f3gust \u00e1tn\u00e9zve k\u00f6nnyen l\u00e1that\u00f3, hogy sz\u00e1mos nagyszer\u0171 lehet\u0151s\u00e9g \u00e1ll rendelkez\u00e9sre azoknak a j\u00e1t\u00e9kosoknak, akik kedvenc lehet\u0151s\u00e9geiket szeretn\u00e9k \u00e9lvezni az interneten kereszt\u00fcl. K\u00fcl\u00f6nb\u00f6z\u0151 oldalak k\u00edn\u00e1lnak biztons\u00e1gos online szerencsej\u00e1t\u00e9kot szinte minden kateg\u00f3ri\u00e1ban, a p\u00f3ker, a kaszin\u00f3 \u00e9s a sportfogad\u00e1s jellemz\u0151en a lista [&hellip;]<\/p>\n","protected":false},"author":1,"featured_media":8565,"parent":8310,"menu_order":40,"comment_status":"closed","ping_status":"closed","template":"","meta":{"footnotes":""},"class_list":["post-8579","page","type-page","status-publish","has-post-thumbnail","hentry"],"yoast_head":"<!-- This site is optimized with the Yoast SEO plugin v27.4 - https:\/\/yoast.com\/product\/yoast-seo-wordpress\/ -->\n<title>Online szerencsej\u00e1t\u00e9k mobil eszk\u00f6z\u00f6k\u00f6n<\/title>\n<meta name=\"description\" content=\"A mobil szerencsej\u00e1t\u00e9k egyre n\u00e9pszer\u0171bb, az alkalmaz\u00e1sok pedig jobb grafik\u00e1t \u00e9s t\u00f6bb funkci\u00f3t kapnak.\" \/>\n<meta name=\"robots\" content=\"index, follow, max-snippet:-1, max-image-preview:large, max-video-preview:-1\" \/>\n<link rel=\"canonical\" href=\"https:\/\/gambling6.com\/hu\/kaszino\/mobilra-valtva-szerencsejatek-utkozben\/\" \/>\n<meta property=\"og:locale\" content=\"hu_HU\" \/>\n<meta property=\"og:type\" content=\"article\" \/>\n<meta property=\"og:title\" content=\"Online szerencsej\u00e1t\u00e9k mobil eszk\u00f6z\u00f6k\u00f6n\" \/>\n<meta property=\"og:description\" content=\"A mobil szerencsej\u00e1t\u00e9k egyre n\u00e9pszer\u0171bb, az alkalmaz\u00e1sok pedig jobb grafik\u00e1t \u00e9s t\u00f6bb funkci\u00f3t kapnak.\" \/>\n<meta property=\"og:url\" content=\"https:\/\/gambling6.com\/hu\/kaszino\/mobilra-valtva-szerencsejatek-utkozben\/\" \/>\n<meta property=\"og:site_name\" content=\"Gambling6\" \/>\n<meta property=\"article:modified_time\" content=\"2025-11-12T09:21:17+00:00\" \/>\n<meta property=\"og:image\" content=\"https:\/\/gambling6.com\/wp-content\/uploads\/2013\/12\/mobile-gambling-150x150.jpg\" \/>\n\t<meta property=\"og:image:width\" content=\"150\" \/>\n\t<meta property=\"og:image:height\" content=\"150\" \/>\n\t<meta property=\"og:image:type\" content=\"image\/jpeg\" \/>\n<meta name=\"twitter:card\" content=\"summary_large_image\" \/>\n<meta name=\"twitter:label1\" content=\"Becs\u00fclt olvas\u00e1si id\u0151\" \/>\n\t<meta name=\"twitter:data1\" content=\"5 perc\" \/>\n<script type=\"application\/ld+json\" class=\"yoast-schema-graph\">{\"@context\":\"https:\\\/\\\/schema.org\",\"@graph\":[{\"@type\":\"WebPage\",\"@id\":\"https:\\\/\\\/gambling6.com\\\/hu\\\/kaszino\\\/mobilra-valtva-szerencsejatek-utkozben\\\/\",\"url\":\"https:\\\/\\\/gambling6.com\\\/hu\\\/kaszino\\\/mobilra-valtva-szerencsejatek-utkozben\\\/\",\"name\":\"Online szerencsej\u00e1t\u00e9k mobil eszk\u00f6z\u00f6k\u00f6n\",\"isPartOf\":{\"@id\":\"https:\\\/\\\/gambling6.com\\\/hu\\\/#website\"},\"primaryImageOfPage\":{\"@id\":\"https:\\\/\\\/gambling6.com\\\/hu\\\/kaszino\\\/mobilra-valtva-szerencsejatek-utkozben\\\/#primaryimage\"},\"image\":{\"@id\":\"https:\\\/\\\/gambling6.com\\\/hu\\\/kaszino\\\/mobilra-valtva-szerencsejatek-utkozben\\\/#primaryimage\"},\"thumbnailUrl\":\"https:\\\/\\\/gambling6.com\\\/wp-content\\\/uploads\\\/2013\\\/12\\\/mobile-gambling-150x150.jpg\",\"datePublished\":\"2025-11-07T20:32:27+00:00\",\"dateModified\":\"2025-11-12T09:21:17+00:00\",\"description\":\"A mobil szerencsej\u00e1t\u00e9k egyre n\u00e9pszer\u0171bb, az alkalmaz\u00e1sok pedig jobb grafik\u00e1t \u00e9s t\u00f6bb funkci\u00f3t kapnak.\",\"breadcrumb\":{\"@id\":\"https:\\\/\\\/gambling6.com\\\/hu\\\/kaszino\\\/mobilra-valtva-szerencsejatek-utkozben\\\/#breadcrumb\"},\"inLanguage\":\"hu\",\"potentialAction\":[{\"@type\":\"ReadAction\",\"target\":[\"https:\\\/\\\/gambling6.com\\\/hu\\\/kaszino\\\/mobilra-valtva-szerencsejatek-utkozben\\\/\"]}]},{\"@type\":\"ImageObject\",\"inLanguage\":\"hu\",\"@id\":\"https:\\\/\\\/gambling6.com\\\/hu\\\/kaszino\\\/mobilra-valtva-szerencsejatek-utkozben\\\/#primaryimage\",\"url\":\"https:\\\/\\\/gambling6.com\\\/wp-content\\\/uploads\\\/2013\\\/12\\\/mobile-gambling-150x150.jpg\",\"contentUrl\":\"https:\\\/\\\/gambling6.com\\\/wp-content\\\/uploads\\\/2013\\\/12\\\/mobile-gambling-150x150.jpg\",\"width\":150,\"height\":150,\"caption\":\"online slotmachine\"},{\"@type\":\"BreadcrumbList\",\"@id\":\"https:\\\/\\\/gambling6.com\\\/hu\\\/kaszino\\\/mobilra-valtva-szerencsejatek-utkozben\\\/#breadcrumb\",\"itemListElement\":[{\"@type\":\"ListItem\",\"position\":1,\"name\":\"Home\",\"item\":\"https:\\\/\\\/gambling6.com\\\/hu\\\/home\\\/\"},{\"@type\":\"ListItem\",\"position\":2,\"name\":\"Kaszin\u00f3\",\"item\":\"https:\\\/\\\/gambling6.com\\\/hu\\\/get-started-with-online-gambling\\\/\"},{\"@type\":\"ListItem\",\"position\":3,\"name\":\"Mobilra v\u00e1ltva \u2013 Szerencsej\u00e1t\u00e9k \u00fatk\u00f6zben\"}]},{\"@type\":\"WebSite\",\"@id\":\"https:\\\/\\\/gambling6.com\\\/hu\\\/#website\",\"url\":\"https:\\\/\\\/gambling6.com\\\/hu\\\/\",\"name\":\"Gambling6\",\"description\":\"\",\"potentialAction\":[{\"@type\":\"SearchAction\",\"target\":{\"@type\":\"EntryPoint\",\"urlTemplate\":\"https:\\\/\\\/gambling6.com\\\/hu\\\/?s={search_term_string}\"},\"query-input\":{\"@type\":\"PropertyValueSpecification\",\"valueRequired\":true,\"valueName\":\"search_term_string\"}}],\"inLanguage\":\"hu\"}]}<\/script>\n<!-- \/ Yoast SEO plugin. -->","yoast_head_json":{"title":"Online szerencsej\u00e1t\u00e9k mobil eszk\u00f6z\u00f6k\u00f6n","description":"A mobil szerencsej\u00e1t\u00e9k egyre n\u00e9pszer\u0171bb, az alkalmaz\u00e1sok pedig jobb grafik\u00e1t \u00e9s t\u00f6bb funkci\u00f3t kapnak.","robots":{"index":"index","follow":"follow","max-snippet":"max-snippet:-1","max-image-preview":"max-image-preview:large","max-video-preview":"max-video-preview:-1"},"canonical":"https:\/\/gambling6.com\/hu\/kaszino\/mobilra-valtva-szerencsejatek-utkozben\/","og_locale":"hu_HU","og_type":"article","og_title":"Online szerencsej\u00e1t\u00e9k mobil eszk\u00f6z\u00f6k\u00f6n","og_description":"A mobil szerencsej\u00e1t\u00e9k egyre n\u00e9pszer\u0171bb, az alkalmaz\u00e1sok pedig jobb grafik\u00e1t \u00e9s t\u00f6bb funkci\u00f3t kapnak.","og_url":"https:\/\/gambling6.com\/hu\/kaszino\/mobilra-valtva-szerencsejatek-utkozben\/","og_site_name":"Gambling6","article_modified_time":"2025-11-12T09:21:17+00:00","og_image":[{"width":150,"height":150,"url":"https:\/\/gambling6.com\/wp-content\/uploads\/2013\/12\/mobile-gambling-150x150.jpg","type":"image\/jpeg"}],"twitter_card":"summary_large_image","twitter_misc":{"Becs\u00fclt olvas\u00e1si id\u0151":"5 perc"},"schema":{"@context":"https:\/\/schema.org","@graph":[{"@type":"WebPage","@id":"https:\/\/gambling6.com\/hu\/kaszino\/mobilra-valtva-szerencsejatek-utkozben\/","url":"https:\/\/gambling6.com\/hu\/kaszino\/mobilra-valtva-szerencsejatek-utkozben\/","name":"Online szerencsej\u00e1t\u00e9k mobil eszk\u00f6z\u00f6k\u00f6n","isPartOf":{"@id":"https:\/\/gambling6.com\/hu\/#website"},"primaryImageOfPage":{"@id":"https:\/\/gambling6.com\/hu\/kaszino\/mobilra-valtva-szerencsejatek-utkozben\/#primaryimage"},"image":{"@id":"https:\/\/gambling6.com\/hu\/kaszino\/mobilra-valtva-szerencsejatek-utkozben\/#primaryimage"},"thumbnailUrl":"https:\/\/gambling6.com\/wp-content\/uploads\/2013\/12\/mobile-gambling-150x150.jpg","datePublished":"2025-11-07T20:32:27+00:00","dateModified":"2025-11-12T09:21:17+00:00","description":"A mobil szerencsej\u00e1t\u00e9k egyre n\u00e9pszer\u0171bb, az alkalmaz\u00e1sok pedig jobb grafik\u00e1t \u00e9s t\u00f6bb funkci\u00f3t kapnak.","breadcrumb":{"@id":"https:\/\/gambling6.com\/hu\/kaszino\/mobilra-valtva-szerencsejatek-utkozben\/#breadcrumb"},"inLanguage":"hu","potentialAction":[{"@type":"ReadAction","target":["https:\/\/gambling6.com\/hu\/kaszino\/mobilra-valtva-szerencsejatek-utkozben\/"]}]},{"@type":"ImageObject","inLanguage":"hu","@id":"https:\/\/gambling6.com\/hu\/kaszino\/mobilra-valtva-szerencsejatek-utkozben\/#primaryimage","url":"https:\/\/gambling6.com\/wp-content\/uploads\/2013\/12\/mobile-gambling-150x150.jpg","contentUrl":"https:\/\/gambling6.com\/wp-content\/uploads\/2013\/12\/mobile-gambling-150x150.jpg","width":150,"height":150,"caption":"online slotmachine"},{"@type":"BreadcrumbList","@id":"https:\/\/gambling6.com\/hu\/kaszino\/mobilra-valtva-szerencsejatek-utkozben\/#breadcrumb","itemListElement":[{"@type":"ListItem","position":1,"name":"Home","item":"https:\/\/gambling6.com\/hu\/home\/"},{"@type":"ListItem","position":2,"name":"Kaszin\u00f3","item":"https:\/\/gambling6.com\/hu\/get-started-with-online-gambling\/"},{"@type":"ListItem","position":3,"name":"Mobilra v\u00e1ltva \u2013 Szerencsej\u00e1t\u00e9k \u00fatk\u00f6zben"}]},{"@type":"WebSite","@id":"https:\/\/gambling6.com\/hu\/#website","url":"https:\/\/gambling6.com\/hu\/","name":"Gambling6","description":"","potentialAction":[{"@type":"SearchAction","target":{"@type":"EntryPoint","urlTemplate":"https:\/\/gambling6.com\/hu\/?s={search_term_string}"},"query-input":{"@type":"PropertyValueSpecification","valueRequired":true,"valueName":"search_term_string"}}],"inLanguage":"hu"}]}},"_links":{"self":[{"href":"https:\/\/gambling6.com\/hu\/wp-json\/wp\/v2\/pages\/8579","targetHints":{"allow":["GET"]}}],"collection":[{"href":"https:\/\/gambling6.com\/hu\/wp-json\/wp\/v2\/pages"}],"about":[{"href":"https:\/\/gambling6.com\/hu\/wp-json\/wp\/v2\/types\/page"}],"author":[{"embeddable":true,"href":"https:\/\/gambling6.com\/hu\/wp-json\/wp\/v2\/users\/1"}],"replies":[{"embeddable":true,"href":"https:\/\/gambling6.com\/hu\/wp-json\/wp\/v2\/comments?post=8579"}],"version-history":[{"count":1,"href":"https:\/\/gambling6.com\/hu\/wp-json\/wp\/v2\/pages\/8579\/revisions"}],"predecessor-version":[{"id":10462,"href":"https:\/\/gambling6.com\/hu\/wp-json\/wp\/v2\/pages\/8579\/revisions\/10462"}],"up":[{"embeddable":true,"href":"https:\/\/gambling6.com\/hu\/wp-json\/wp\/v2\/pages\/8310"}],"wp:featuredmedia":[{"embeddable":true,"href":"https:\/\/gambling6.com\/hu\/wp-json\/wp\/v2\/media\/8565"}],"wp:attachment":[{"href":"https:\/\/gambling6.com\/hu\/wp-json\/wp\/v2\/media?parent=8579"}],"curies":[{"name":"wp","href":"https:\/\/api.w.org\/{rel}","templated":true}]}}