{"id":8633,"date":"2025-11-07T21:46:34","date_gmt":"2025-11-07T21:46:34","guid":{"rendered":"https:\/\/gambling6.com\/jatek-europai-poker-oldalakon\/"},"modified":"2025-11-15T08:01:45","modified_gmt":"2025-11-15T08:01:45","slug":"jatek-europai-poker-oldalakon","status":"publish","type":"page","link":"https:\/\/gambling6.com\/hu\/poker\/jatek-europai-poker-oldalakon\/","title":{"rendered":"J\u00e1t\u00e9k eur\u00f3pai p\u00f3ker oldalakon"},"content":{"rendered":"<h2>Az eur\u00f3pai oldalakon is van p\u00f3ker.<\/h2>\n<p>Az elm\u00falt \u00e9vekben a p\u00f3ker n\u00e9pszer\u0171s\u00e9ge \u00faj magass\u00e1gokba emelkedett. Az eur\u00f3pai orsz\u00e1gok jelent\u0151s piacot jelentenek az online p\u00f3keroldalak sz\u00e1m\u00e1ra, \u00e9s az amerikai korm\u00e1ny online szerencsej\u00e1t\u00e9kkal szembeni fell\u00e9p\u00e9se arra k\u00e9nyszer\u00edtette az \u00fczemeltet\u0151ket, hogy nagym\u00e9rt\u00e9kben az eur\u00f3pai piacra \u00f6sszpontos\u00edtsanak. B\u00e1r az \u00e9l\u0151 p\u00f3ker szenved\u00e9ly az eur\u00f3paiak k\u00f6r\u00e9ben, az online p\u00f3ker gyorsan utol\u00e9ri a nethez \u00e9rt\u0151 j\u00e1t\u00e9kosokat. Olyan orsz\u00e1gok, mint az Egyes\u00fclt Kir\u00e1lys\u00e1g, Ausztria \u00e9s N\u00e9metorsz\u00e1g, nemzetk\u00f6zi p\u00f3kert\u00far\u00e1kat \u00e9s versenyeket is rendeznek.<\/p>\n<p><img loading=\"lazy\" decoding=\"async\" class=\"size-full wp-image-3075 alignright\" src=\"https:\/\/gambling6.com\/wp-content\/uploads\/2022\/04\/poker_bonusode_test_bericht.png\" alt=\"eur\u00f3pai p\u00f3ker oldalak\" width=\"246\" height=\"200\" \/>Az eur\u00f3pai kontinens sz\u00e1mos olyan orsz\u00e1got foglal mag\u00e1ban, amelyek az Eur\u00f3pai Uni\u00f3 (EU) tagjai. Az online p\u00f3kert kedvez\u0151en \u00edt\u00e9lik meg az eg\u00e9sz Eur\u00f3pai Uni\u00f3ban \u2013 s\u0151t, az online p\u00f3keroldalakat nem tiltott\u00e1k be az eur\u00f3pai piacokon val\u00f3 m\u0171k\u00f6d\u00e9st\u0151l. Azonban minden tag\u00e1llam saj\u00e1t t\u00f6rv\u00e9nyeket alkalmaz az online szerencsej\u00e1t\u00e9kokkal kapcsolatban. Mint ilyen, az online p\u00f3ker jogszer\u0171s\u00e9g\u00e9nek magyar\u00e1zata Eur\u00f3p\u00e1ban meglehet\u0151sen bonyolult. Az Eur\u00f3pai Uni\u00f3 minden tag\u00e1llam\u00e1nak el kell fogadnia a t\u00f6bbi tag\u00e1llam szolg\u00e1ltat\u00e1sait, de minden orsz\u00e1g szabadon d\u00f6nthet az online szerencsej\u00e1t\u00e9k jogszer\u0171s\u00e9g\u00e9r\u0151l.<\/p>\n<p>K\u00f6vetkez\u00e9sk\u00e9ppen egyes EU-tag\u00e1llamok betiltott\u00e1k az online szerencsej\u00e1t\u00e9kot, n\u00e9h\u00e1nyan legaliz\u00e1lt\u00e1k, m\u00edg m\u00e1sok k\u00e9t\u00e9rtelm\u0171 megk\u00f6zel\u00edt\u00e9st alkalmaztak. B\u00e1r rendben van online szerencsej\u00e1t\u00e9kot j\u00e1tszani, az eur\u00f3pai online p\u00f3kerj\u00e1t\u00e9kosoknak \u00f3vatosan kell elj\u00e1rniuk \u2013 javasolt, hogy a j\u00e1t\u00e9k megkezd\u00e9se el\u0151tt ellen\u0151rizz\u00e9k az online szerencsej\u00e1t\u00e9kkal kapcsolatos helyi szab\u00e1lyoz\u00e1st. Annak ellen\u00e9re, hogy az online p\u00f3keroldalakat az Eur\u00f3pai Uni\u00f3 ad\u00f3ztatja \u00e9s szab\u00e1lyozza, az egyes tag\u00e1llamok online szerencsej\u00e1t\u00e9kkal kapcsolatos t\u00f6rv\u00e9nyeiben elt\u00e9r\u00e9sek vannak.<\/p>\n<h2>A legjobb online p\u00f3keroldal eur\u00f3pai j\u00e1t\u00e9kosok sz\u00e1m\u00e1ra<\/h2>\n<p>Az eur\u00f3pai online p\u00f3kerj\u00e1t\u00e9kosok sokkal sz\u00e9lesebb p\u00f3keroldal-v\u00e1laszt\u00e9kkal rendelkeznek, mint az amerikai j\u00e1t\u00e9kosok. Az oldal, amely kiemelkedik a t\u00f6megb\u0151l, a 888 Poker.<\/p>\n<p><span style=\"background-color: transparent;\"><strong>888 Poker<\/strong> egy k\u00f6zismert n\u00e9v az eur\u00f3pai p\u00f3keroldalak k\u00f6z\u00f6tt. \u00c9s az \u00faj j\u00e1t\u00e9kosoknak m\u00e9g egy 20 eur\u00f3s <span style=\"font-size: medium;\"><strong>ingyenes p\u00e9nzt\u00e1rc\u00e1t is adnak \u2013 ez egy teljesen kock\u00e1zatmentes kezdet a val\u00f3di p\u00e9nzes p\u00f3kerhez<\/strong><\/span>! R\u00e1ad\u00e1sul egy tov\u00e1bbi 300 eur\u00f3s b\u00f3nuszra is jogosult vagy a k\u00f6vetkez\u0151 befizet\u00e9sedkor. <\/span><a class=\"thirstylink\" title=\"888 poker en\" href=\"https:\/\/gambling6.com\/go\/888-poker-en\/\" target=\"_blank\" rel=\"nofollow noopener\"><strong>Kattintson ide a 888-as regisztr\u00e1ci\u00f3hoz, \u00e9s kezdjen el j\u00e1tszani 20 eur\u00f3val ingyen val\u00f3di p\u00e9nzzel.<\/strong><\/a><br \/>\n<a href=\"https:\/\/ic.aff-handler.com\/C\/46138?sr=1073333&amp;anid=\" rel=\"nofollow\"><img loading=\"lazy\" decoding=\"async\" class=\"aligncenter\" src=\"https:\/\/ic.aff-handler.com\/I\/46138?sr=1073333&amp;anid=\" width=\"530\" height=\"68\" \/><\/a><\/p>\n<p>P\u00e9ld\u00e1ul az Egyes\u00fclt Kir\u00e1lys\u00e1g lehet\u0151v\u00e9 teszi \u00e1llampolg\u00e1rai sz\u00e1m\u00e1ra az online szerencsej\u00e1t\u00e9kot, \u00e9s k\u00fclf\u00f6ldi szerencsej\u00e1t\u00e9k-oldalak m\u0171k\u00f6d\u00e9s\u00e9t is enged\u00e9lyezi az orsz\u00e1gban. Hollandia csak a holland enged\u00e9llyel rendelkez\u0151 online p\u00f3keroldalakon enged\u00e9lyezi a lakosok sz\u00e1m\u00e1ra a j\u00e1t\u00e9kot. A kelet-eur\u00f3pai orsz\u00e1gok ezzel szemben nem voltak l\u00e1zban az online szerencsej\u00e1t\u00e9kok verseny\u00e9ben, de az ut\u00f3bbi id\u0151ben, a k\u00f6nny\u0171 internet-hozz\u00e1f\u00e9r\u00e9snek k\u00f6sz\u00f6nhet\u0151en, \u0151k is csatlakoztak a versenyhez. Nemr\u00e9giben javaslatot ny\u00fajtottak be az EU-nak, amelyben egys\u00e9ges szab\u00e1lyoz\u00e1si rendszert szorgalmaznak az online szerencsej\u00e1t\u00e9kokra a tag\u00e1llamokban. Ez seg\u00edtene egys\u00e9ges\u00edteni az enged\u00e9lyez\u00e9si folyamatot Eur\u00f3pa-szerte \u00e9s egyszer\u0171s\u00edteni azt.<\/p>\n<p>Ami az eur\u00f3pai p\u00f3keroldalak j\u00e1t\u00e9kosait illeti, r\u00e1juk csak az ad\u00f3t\u00f6rv\u00e9nyek vonatkoznak. A j\u00e1t\u00e9kosokat a saj\u00e1t orsz\u00e1guk \u00e9s az EU ad\u00f3zza meg, amikor k\u00fclf\u00f6ldi online p\u00f3keroldalon fizetnek be. Eur\u00f3pa k\u00fcl\u00f6nb\u00f6z\u0151 orsz\u00e1gai m\u00e1s nyelveket besz\u00e9lnek. Az eur\u00f3pai p\u00f3keroldalak \u00e1ltal\u00e1ban a helyi nyelven szolg\u00e1lj\u00e1k ki \u00fcgyfeleiket. Azonban n\u00e9h\u00e1ny nagyobb p\u00f3keroldal ma m\u00e1r k\u00fcl\u00f6nb\u00f6z\u0151 nyelveken k\u00edn\u00e1lja weboldalait, mivel p\u00f3kerszoftver\u00fck t\u00f6bb nyelvet is t\u00e1mogat.<\/p>\n<p>Az \u00fcgyf\u00e9lszolg\u00e1lat is k\u00fcl\u00f6nb\u00f6z\u0151 nyelveken \u00e9rhet\u0151 el. Az angol mellett a p\u00f3keroldal francia, spanyol, n\u00e9met, holland, d\u00e1n, olasz, norv\u00e9g, portug\u00e1l stb. nyelvet is k\u00edn\u00e1lhat. A nyelvekhez hasonl\u00f3an az eur\u00f3pai p\u00f3keroldalak k\u00fcl\u00f6nb\u00f6z\u0151 p\u00e9nznemeket fogadnak el. B\u00e1r az els\u0151dleges p\u00e9nznemek az amerikai doll\u00e1r vagy az angol font, az eur\u00f3 a k\u00f6z\u00f6s p\u00e9nznem az EU-ban. Az eur\u00f3pai p\u00f3kerj\u00e1t\u00e9kosok az online p\u00f3keroldalakon t\u00f6rt\u00e9n\u0151 befizet\u00e9sek sor\u00e1n az eur\u00f3t vagy az angol fontot r\u00e9szes\u00edtik el\u0151nyben.<\/p>\n<p>Az eur\u00f3pai p\u00f3keroldalak \u00e1ltal\u00e1ban sz\u00e1mos befizet\u00e9si \u00e9s kifizet\u00e9si lehet\u0151s\u00e9get k\u00edn\u00e1lnak, hogy megfeleljenek az Eur\u00f3pai Uni\u00f3 k\u00fcl\u00f6nb\u00f6z\u0151 orsz\u00e1gaib\u00f3l \u00e9rkez\u0151 \u00fcgyfelek ig\u00e9nyeinek. Az online p\u00f3keroldalakon a szok\u00e1sos fizet\u00e9si m\u00f3dok k\u00f6z\u00e9 tartoznak a bankk\u00e1rty\u00e1k, hitelk\u00e1rty\u00e1k, elektronikus p\u00e9nzt\u00e1rc\u00e1k, banki \u00e1tutal\u00e1sok, banki \u00e1tutal\u00e1sok \u00e9s elektronikus csekkek. Az online p\u00f3kersz\u00e1mla felt\u00f6lt\u00e9s\u00e9nek legegyszer\u0171bb \u00e9s legn\u00e9pszer\u0171bb m\u00f3dja a hitelk\u00e1rtya. Egyes hitelk\u00e1rtya-kibocs\u00e1t\u00f3k azonban nem hagyhatj\u00e1k j\u00f3v\u00e1 az online szerencsej\u00e1t\u00e9kra vonatkoz\u00f3 tranzakci\u00f3kat, ez\u00e9rt \u00e9rdemes t\u00e1j\u00e9koz\u00f3dni, miel\u0151tt ezt a m\u00f3dszert v\u00e1lasztan\u00e1nk.<\/p>\n<p>Sok p\u00f3kerj\u00e1t\u00e9kos k\u00e9nyelmesnek tartja online p\u00f3kersz\u00e1ml\u00e1j\u00e1nak elektronikus p\u00e9nzt\u00e1rc\u00e1kon kereszt\u00fcli felt\u00f6lt\u00e9s\u00e9t. A j\u00e1t\u00e9kosok b\u00e1rmelyik elektronikus p\u00e9nzt\u00e1rca szolg\u00e1ltat\u00e1sn\u00e1l nyithatnak sz\u00e1ml\u00e1t, \u00e9s a bankjukon kereszt\u00fcl felt\u00f6lthetik a sz\u00e1ml\u00e1t. Az elektronikus fal&#8230;Az et sz\u00e1mla viszont felhaszn\u00e1lhat\u00f3 befizet\u00e9sekre a p\u00f3kersz\u00e1ml\u00e1ra. Az eur\u00f3pai c\u00e9gek \u00e1ltal k\u00edn\u00e1lt n\u00e9pszer\u0171 e-p\u00e9nzt\u00e1rc\u00e1k k\u00f6z\u00e9 tartozik t\u00f6bbek k\u00f6z\u00f6tt a Neteller, a Moneybookers \u00e9s az e-WalletXpress. A j\u00e1t\u00e9kos sz\u00e1mos m\u00e1s e-p\u00e9nzt\u00e1rca k\u00f6z\u00fcl v\u00e1laszthat, azok alkalmass\u00e1g\u00e1t\u00f3l f\u00fcgg\u0151en.<\/p>\n","protected":false},"excerpt":{"rendered":"<p>Az eur\u00f3pai oldalakon is van p\u00f3ker. Az elm\u00falt \u00e9vekben a p\u00f3ker n\u00e9pszer\u0171s\u00e9ge \u00faj magass\u00e1gokba emelkedett. Az eur\u00f3pai orsz\u00e1gok jelent\u0151s piacot jelentenek az online p\u00f3keroldalak sz\u00e1m\u00e1ra, \u00e9s az amerikai korm\u00e1ny online szerencsej\u00e1t\u00e9kkal szembeni fell\u00e9p\u00e9se arra k\u00e9nyszer\u00edtette az \u00fczemeltet\u0151ket, hogy nagym\u00e9rt\u00e9kben az eur\u00f3pai piacra \u00f6sszpontos\u00edtsanak. B\u00e1r az \u00e9l\u0151 p\u00f3ker szenved\u00e9ly az eur\u00f3paiak k\u00f6r\u00e9ben, az online p\u00f3ker gyorsan [&hellip;]<\/p>\n","protected":false},"author":1,"featured_media":0,"parent":8757,"menu_order":22,"comment_status":"closed","ping_status":"closed","template":"","meta":{"footnotes":""},"class_list":["post-8633","page","type-page","status-publish","hentry"],"yoast_head":"<!-- This site is optimized with the Yoast SEO plugin v27.4 - https:\/\/yoast.com\/product\/yoast-seo-wordpress\/ -->\n<title>Legjobb eur\u00f3pai p\u00f3keroldalak<\/title>\n<meta name=\"description\" content=\"Az eur\u00f3pai p\u00f3kerj\u00e1t\u00e9kosoknak rengeteg oldal k\u00f6z\u00fcl v\u00e1laszthatnak - \u00edme a kedvenc EU-s p\u00f3kertermeink\" \/>\n<meta name=\"robots\" content=\"index, follow, max-snippet:-1, max-image-preview:large, max-video-preview:-1\" \/>\n<link rel=\"canonical\" href=\"https:\/\/gambling6.com\/hu\/poker\/jatek-europai-poker-oldalakon\/\" \/>\n<meta property=\"og:locale\" content=\"hu_HU\" \/>\n<meta property=\"og:type\" content=\"article\" \/>\n<meta property=\"og:title\" content=\"Legjobb eur\u00f3pai p\u00f3keroldalak\" \/>\n<meta property=\"og:description\" content=\"Az eur\u00f3pai p\u00f3kerj\u00e1t\u00e9kosoknak rengeteg oldal k\u00f6z\u00fcl v\u00e1laszthatnak - \u00edme a kedvenc EU-s p\u00f3kertermeink\" \/>\n<meta property=\"og:url\" content=\"https:\/\/gambling6.com\/hu\/poker\/jatek-europai-poker-oldalakon\/\" \/>\n<meta property=\"og:site_name\" content=\"Gambling6\" \/>\n<meta property=\"article:modified_time\" content=\"2025-11-15T08:01:45+00:00\" \/>\n<meta property=\"og:image\" content=\"https:\/\/gambling6.com\/wp-content\/uploads\/2022\/04\/poker_bonusode_test_bericht.png\" \/>\n\t<meta property=\"og:image:width\" content=\"246\" \/>\n\t<meta property=\"og:image:height\" content=\"200\" \/>\n\t<meta property=\"og:image:type\" content=\"image\/png\" \/>\n<meta name=\"twitter:card\" content=\"summary_large_image\" \/>\n<meta name=\"twitter:label1\" content=\"Becs\u00fclt olvas\u00e1si id\u0151\" \/>\n\t<meta name=\"twitter:data1\" content=\"5 perc\" \/>\n<script type=\"application\/ld+json\" class=\"yoast-schema-graph\">{\"@context\":\"https:\\\/\\\/schema.org\",\"@graph\":[{\"@type\":\"WebPage\",\"@id\":\"https:\\\/\\\/gambling6.com\\\/hu\\\/poker\\\/jatek-europai-poker-oldalakon\\\/\",\"url\":\"https:\\\/\\\/gambling6.com\\\/hu\\\/poker\\\/jatek-europai-poker-oldalakon\\\/\",\"name\":\"Legjobb eur\u00f3pai p\u00f3keroldalak\",\"isPartOf\":{\"@id\":\"https:\\\/\\\/gambling6.com\\\/hu\\\/#website\"},\"primaryImageOfPage\":{\"@id\":\"https:\\\/\\\/gambling6.com\\\/hu\\\/poker\\\/jatek-europai-poker-oldalakon\\\/#primaryimage\"},\"image\":{\"@id\":\"https:\\\/\\\/gambling6.com\\\/hu\\\/poker\\\/jatek-europai-poker-oldalakon\\\/#primaryimage\"},\"thumbnailUrl\":\"https:\\\/\\\/gambling6.com\\\/wp-content\\\/uploads\\\/2022\\\/04\\\/poker_bonusode_test_bericht.png\",\"datePublished\":\"2025-11-07T21:46:34+00:00\",\"dateModified\":\"2025-11-15T08:01:45+00:00\",\"description\":\"Az eur\u00f3pai p\u00f3kerj\u00e1t\u00e9kosoknak rengeteg oldal k\u00f6z\u00fcl v\u00e1laszthatnak - \u00edme a kedvenc EU-s p\u00f3kertermeink\",\"breadcrumb\":{\"@id\":\"https:\\\/\\\/gambling6.com\\\/hu\\\/poker\\\/jatek-europai-poker-oldalakon\\\/#breadcrumb\"},\"inLanguage\":\"hu\",\"potentialAction\":[{\"@type\":\"ReadAction\",\"target\":[\"https:\\\/\\\/gambling6.com\\\/hu\\\/poker\\\/jatek-europai-poker-oldalakon\\\/\"]}]},{\"@type\":\"ImageObject\",\"inLanguage\":\"hu\",\"@id\":\"https:\\\/\\\/gambling6.com\\\/hu\\\/poker\\\/jatek-europai-poker-oldalakon\\\/#primaryimage\",\"url\":\"https:\\\/\\\/gambling6.com\\\/wp-content\\\/uploads\\\/2022\\\/04\\\/poker_bonusode_test_bericht.png\",\"contentUrl\":\"https:\\\/\\\/gambling6.com\\\/wp-content\\\/uploads\\\/2022\\\/04\\\/poker_bonusode_test_bericht.png\"},{\"@type\":\"BreadcrumbList\",\"@id\":\"https:\\\/\\\/gambling6.com\\\/hu\\\/poker\\\/jatek-europai-poker-oldalakon\\\/#breadcrumb\",\"itemListElement\":[{\"@type\":\"ListItem\",\"position\":1,\"name\":\"Home\",\"item\":\"https:\\\/\\\/gambling6.com\\\/hu\\\/home\\\/\"},{\"@type\":\"ListItem\",\"position\":2,\"name\":\"Poker\",\"item\":\"https:\\\/\\\/gambling6.com\\\/hu\\\/poker\\\/\"},{\"@type\":\"ListItem\",\"position\":3,\"name\":\"J\u00e1t\u00e9k eur\u00f3pai p\u00f3ker oldalakon\"}]},{\"@type\":\"WebSite\",\"@id\":\"https:\\\/\\\/gambling6.com\\\/hu\\\/#website\",\"url\":\"https:\\\/\\\/gambling6.com\\\/hu\\\/\",\"name\":\"Gambling6\",\"description\":\"\",\"potentialAction\":[{\"@type\":\"SearchAction\",\"target\":{\"@type\":\"EntryPoint\",\"urlTemplate\":\"https:\\\/\\\/gambling6.com\\\/hu\\\/?s={search_term_string}\"},\"query-input\":{\"@type\":\"PropertyValueSpecification\",\"valueRequired\":true,\"valueName\":\"search_term_string\"}}],\"inLanguage\":\"hu\"}]}<\/script>\n<!-- \/ Yoast SEO plugin. -->","yoast_head_json":{"title":"Legjobb eur\u00f3pai p\u00f3keroldalak","description":"Az eur\u00f3pai p\u00f3kerj\u00e1t\u00e9kosoknak rengeteg oldal k\u00f6z\u00fcl v\u00e1laszthatnak - \u00edme a kedvenc EU-s p\u00f3kertermeink","robots":{"index":"index","follow":"follow","max-snippet":"max-snippet:-1","max-image-preview":"max-image-preview:large","max-video-preview":"max-video-preview:-1"},"canonical":"https:\/\/gambling6.com\/hu\/poker\/jatek-europai-poker-oldalakon\/","og_locale":"hu_HU","og_type":"article","og_title":"Legjobb eur\u00f3pai p\u00f3keroldalak","og_description":"Az eur\u00f3pai p\u00f3kerj\u00e1t\u00e9kosoknak rengeteg oldal k\u00f6z\u00fcl v\u00e1laszthatnak - \u00edme a kedvenc EU-s p\u00f3kertermeink","og_url":"https:\/\/gambling6.com\/hu\/poker\/jatek-europai-poker-oldalakon\/","og_site_name":"Gambling6","article_modified_time":"2025-11-15T08:01:45+00:00","og_image":[{"width":246,"height":200,"url":"https:\/\/gambling6.com\/wp-content\/uploads\/2022\/04\/poker_bonusode_test_bericht.png","type":"image\/png"}],"twitter_card":"summary_large_image","twitter_misc":{"Becs\u00fclt olvas\u00e1si id\u0151":"5 perc"},"schema":{"@context":"https:\/\/schema.org","@graph":[{"@type":"WebPage","@id":"https:\/\/gambling6.com\/hu\/poker\/jatek-europai-poker-oldalakon\/","url":"https:\/\/gambling6.com\/hu\/poker\/jatek-europai-poker-oldalakon\/","name":"Legjobb eur\u00f3pai p\u00f3keroldalak","isPartOf":{"@id":"https:\/\/gambling6.com\/hu\/#website"},"primaryImageOfPage":{"@id":"https:\/\/gambling6.com\/hu\/poker\/jatek-europai-poker-oldalakon\/#primaryimage"},"image":{"@id":"https:\/\/gambling6.com\/hu\/poker\/jatek-europai-poker-oldalakon\/#primaryimage"},"thumbnailUrl":"https:\/\/gambling6.com\/wp-content\/uploads\/2022\/04\/poker_bonusode_test_bericht.png","datePublished":"2025-11-07T21:46:34+00:00","dateModified":"2025-11-15T08:01:45+00:00","description":"Az eur\u00f3pai p\u00f3kerj\u00e1t\u00e9kosoknak rengeteg oldal k\u00f6z\u00fcl v\u00e1laszthatnak - \u00edme a kedvenc EU-s p\u00f3kertermeink","breadcrumb":{"@id":"https:\/\/gambling6.com\/hu\/poker\/jatek-europai-poker-oldalakon\/#breadcrumb"},"inLanguage":"hu","potentialAction":[{"@type":"ReadAction","target":["https:\/\/gambling6.com\/hu\/poker\/jatek-europai-poker-oldalakon\/"]}]},{"@type":"ImageObject","inLanguage":"hu","@id":"https:\/\/gambling6.com\/hu\/poker\/jatek-europai-poker-oldalakon\/#primaryimage","url":"https:\/\/gambling6.com\/wp-content\/uploads\/2022\/04\/poker_bonusode_test_bericht.png","contentUrl":"https:\/\/gambling6.com\/wp-content\/uploads\/2022\/04\/poker_bonusode_test_bericht.png"},{"@type":"BreadcrumbList","@id":"https:\/\/gambling6.com\/hu\/poker\/jatek-europai-poker-oldalakon\/#breadcrumb","itemListElement":[{"@type":"ListItem","position":1,"name":"Home","item":"https:\/\/gambling6.com\/hu\/home\/"},{"@type":"ListItem","position":2,"name":"Poker","item":"https:\/\/gambling6.com\/hu\/poker\/"},{"@type":"ListItem","position":3,"name":"J\u00e1t\u00e9k eur\u00f3pai p\u00f3ker oldalakon"}]},{"@type":"WebSite","@id":"https:\/\/gambling6.com\/hu\/#website","url":"https:\/\/gambling6.com\/hu\/","name":"Gambling6","description":"","potentialAction":[{"@type":"SearchAction","target":{"@type":"EntryPoint","urlTemplate":"https:\/\/gambling6.com\/hu\/?s={search_term_string}"},"query-input":{"@type":"PropertyValueSpecification","valueRequired":true,"valueName":"search_term_string"}}],"inLanguage":"hu"}]}},"_links":{"self":[{"href":"https:\/\/gambling6.com\/hu\/wp-json\/wp\/v2\/pages\/8633","targetHints":{"allow":["GET"]}}],"collection":[{"href":"https:\/\/gambling6.com\/hu\/wp-json\/wp\/v2\/pages"}],"about":[{"href":"https:\/\/gambling6.com\/hu\/wp-json\/wp\/v2\/types\/page"}],"author":[{"embeddable":true,"href":"https:\/\/gambling6.com\/hu\/wp-json\/wp\/v2\/users\/1"}],"replies":[{"embeddable":true,"href":"https:\/\/gambling6.com\/hu\/wp-json\/wp\/v2\/comments?post=8633"}],"version-history":[{"count":2,"href":"https:\/\/gambling6.com\/hu\/wp-json\/wp\/v2\/pages\/8633\/revisions"}],"predecessor-version":[{"id":10830,"href":"https:\/\/gambling6.com\/hu\/wp-json\/wp\/v2\/pages\/8633\/revisions\/10830"}],"up":[{"embeddable":true,"href":"https:\/\/gambling6.com\/hu\/wp-json\/wp\/v2\/pages\/8757"}],"wp:attachment":[{"href":"https:\/\/gambling6.com\/hu\/wp-json\/wp\/v2\/media?parent=8633"}],"curies":[{"name":"wp","href":"https:\/\/api.w.org\/{rel}","templated":true}]}}