{"id":8708,"date":"2025-11-07T23:00:39","date_gmt":"2025-11-07T23:00:39","guid":{"rendered":"https:\/\/gambling6.com\/kaparos-sorsjegyek\/"},"modified":"2025-11-15T10:20:30","modified_gmt":"2025-11-15T10:20:30","slug":"kaparos-sorsjegyek","status":"publish","type":"page","link":"https:\/\/gambling6.com\/hu\/kaparos-sorsjegyek\/","title":{"rendered":"Kapar\u00f3s sorsjegyek"},"content":{"rendered":"<p>Ha szereted a kapar\u00f3s sorsjegyek vagy m\u00e1s azonnali nyerem\u00e9ny\u0171 j\u00e1t\u00e9kok izgalm\u00e1t, <strong>im\u00e1dni fogod a weboldalunk aj\u00e1nl\u00e1s\u00e1t az online kapar\u00f3s sorsjegyek j\u00e1t\u00e9k\u00e1hoz.<\/strong> Sz\u00e1mos lehet\u0151s\u00e9g k\u00edn\u00e1lkozik a kapar\u00f3s sorsjegyek online j\u00e1t\u00e9k\u00e1ra. Mindegyik oldal regisztr\u00e1ci\u00f3s b\u00f3nuszokat \u00e9s j\u00f3 term\u00e9kv\u00e1laszt\u00e9kot k\u00edn\u00e1l. Regisztr\u00e1lhatsz, kiv\u00e1laszthatsz egy fizet\u00e9si m\u00f3dot, felt\u00f6ltheted a sz\u00e1ml\u00e1dat, \u00e9s perceken bel\u00fcl j\u00e1tszhatsz.<img loading=\"lazy\" decoding=\"async\" class=\" alignright wp-image-511\" style=\"margin: 10px; border: 5px solid #ffffff; float: right;\" src=\"http:\/\/gambling6.com\/wp-content\/uploads\/2013\/12\/best_online_scratchcards.jpg\" alt=\"legjobb online kapar\u00f3s sorsjegyek\" width=\"299\" height=\"163\" srcset=\"https:\/\/gambling6.com\/wp-content\/uploads\/2013\/12\/best_online_scratchcards.jpg 446w, https:\/\/gambling6.com\/wp-content\/uploads\/2013\/12\/best_online_scratchcards-300x163.jpg 300w\" sizes=\"auto, (max-width: 299px) 100vw, 299px\" \/><\/p>\n<h2>Az online kapar\u00f3s sorsjegy oldalak nagyszer\u0171 anim\u00e1ci\u00f3t k\u00edn\u00e1lnak<\/h2>\n<p>A kedvenc lott\u00f3\u00e1rusod k\u00e1rty\u00e1in j\u00e1tszott j\u00e1t\u00e9kokkal ellent\u00e9tben a kapar\u00f3s sorsjegyek online verzi\u00f3i izgalmas anim\u00e1ci\u00f3t k\u00edn\u00e1lnak a sz\u00f3rakoztat\u00f3 k\u00f6rnyezet megteremt\u00e9s\u00e9hez. A nyer\u00e9s izgalma \u00e9s az adrenalinl\u00f6ket, amit a nyertes t\u00e1rgyak k\u00e9perny\u0151n val\u00f3 megjelen\u00e9se okoz, az, ami miatt a j\u00e1t\u00e9kosok visszat\u00e9rnek az online kapar\u00f3s sorsjegyes weboldalakhoz. Ezek az oldalak vizu\u00e1lis seg\u00e9deszk\u00f6z\u00f6kkel vannak ell\u00e1tva, hogy fokozz\u00e1k a fesz\u00fclts\u00e9get \u00e9s az izgalmat.<\/p>\n<h2>A 888 Casino azonnali nyerem\u00e9ny\u0171 kapar\u00f3s sorsjegyei eur\u00f3pai \u00e9s brit j\u00e1t\u00e9kosok sz\u00e1m\u00e1ra k\u00e9sz\u00fcltek<\/h2>\n<p>A 888 Casino nemzetk\u00f6zileg j\u00f3l ismert vil\u00e1gsz\u00ednvonal\u00fa kaszin\u00f3k\u00e9nt, de az online kapar\u00f3s sorsjegyek ter\u00e9n is sz\u00e1m\u00edtani kell r\u00e1juk. <a class=\"thirstylink\" title=\"888 casino en\" href=\"https:\/\/gambling6.com\/go\/888-casino-en\/\" target=\"_blank\" rel=\"nofollow noopener\">A kapar\u00f3s sorsjegyek r\u00e9szt ide kattintva l\u00e1togathatod meg.<\/a><\/p>\n<p>Pontosan mit fogsz l\u00e1tni a 888 Casino online kapar\u00f3s sorsjegyes j\u00e1t\u00e9kaiban? A legfontosabb, hogy a j\u00e1t\u00e9kosok im\u00e1dni fogj\u00e1k a k\u00edn\u00e1lt k\u00e1rty\u00e1k sz\u00e1m\u00e1t. T\u00f6bb mint 40 k\u00fcl\u00f6nb\u00f6z\u0151 j\u00e1t\u00e9kot j\u00e1tszhatsz, \u00e9s ha megunod a kapar\u00f3s sorsjegyeket, gyorsan \u00e1tv\u00e1lthatsz t\u00f6bb sz\u00e1z online nyer\u0151g\u00e9p\u00fckre progressz\u00edv jackpotokkal \u00e9s minden j\u00e1t\u00e9kos sz\u00e1m\u00e1ra el\u00e9rhet\u0151 j\u00e1t\u00e9kk\u00edn\u00e1lattal. Ezek k\u00f6z\u00fcl sok g\u00e9p fill\u00e9res nyer\u0151g\u00e9pk\u00e9nt indul fantasztikus kifizet\u00e9sekkel.<\/p>\n<p>Ez az oldal sz\u00e9les v\u00e1laszt\u00e9kban k\u00edn\u00e1l kaszin\u00f3j\u00e1t\u00e9kokat, de p\u00f3kert \u00e9s sportfogad\u00e1st is.<\/p>\n<p>A 888 Casino izgalm\u00e1t az \u00fcgyf\u00e9lszolg\u00e1lati csapat hajtja, akik felel\u0151sek az\u00e9rt, hogy olyan k\u00f6rnyezetet teremtsenek, amely \u00e1lland\u00f3an visszav\u00e1r. Mindig \u00faj m\u00f3dszereket tal\u00e1lnak ki, hogy \u00faj j\u00e1t\u00e9kokat \u00e9s \u00faj nyer\u00e9si m\u00f3dokat k\u00edn\u00e1ljanak, \u00e9s minden l\u00e9p\u00e9sn\u00e9l naprak\u00e9szen tartsanak.<\/p>\n<p>Kombin\u00e1ld a hatalmas jackpotokat sz\u00e1mos j\u00e1t\u00e9kkal, \u00e9s adj hozz\u00e1 egy vil\u00e1gsz\u00ednvonal\u00fa csapatot, amely \u00e9jjel-nappal azon dolgozik, hogy \u00faj programokat biztos\u00edtson sz\u00e1modra, hogy sz\u00f3rakoztasson, \u00e9s m\u00e1ris egy kellemes kapar\u00f3s sorsjegy-\u00e9lm\u00e9nyben lesz r\u00e9szed. Gy\u0151z\u0151dj meg r\u00f3la, hogy te is r\u00e9szt veszel a 888 Casino kapar\u00f3s sorsjegy-akci\u00f3j\u00e1ban.<\/p>\n","protected":false},"excerpt":{"rendered":"<p>Ha szereted a kapar\u00f3s sorsjegyek vagy m\u00e1s azonnali nyerem\u00e9ny\u0171 j\u00e1t\u00e9kok izgalm\u00e1t, im\u00e1dni fogod a weboldalunk aj\u00e1nl\u00e1s\u00e1t az online kapar\u00f3s sorsjegyek j\u00e1t\u00e9k\u00e1hoz. Sz\u00e1mos lehet\u0151s\u00e9g k\u00edn\u00e1lkozik a kapar\u00f3s sorsjegyek online j\u00e1t\u00e9k\u00e1ra. Mindegyik oldal regisztr\u00e1ci\u00f3s b\u00f3nuszokat \u00e9s j\u00f3 term\u00e9kv\u00e1laszt\u00e9kot k\u00edn\u00e1l. Regisztr\u00e1lhatsz, kiv\u00e1laszthatsz egy fizet\u00e9si m\u00f3dot, felt\u00f6ltheted a sz\u00e1ml\u00e1dat, \u00e9s perceken bel\u00fcl j\u00e1tszhatsz. Az online kapar\u00f3s sorsjegy oldalak nagyszer\u0171 [&hellip;]<\/p>\n","protected":false},"author":1,"featured_media":8686,"parent":0,"menu_order":7,"comment_status":"closed","ping_status":"closed","template":"","meta":{"footnotes":""},"class_list":["post-8708","page","type-page","status-publish","has-post-thumbnail","hentry"],"yoast_head":"<!-- This site is optimized with the Yoast SEO plugin v27.3 - https:\/\/yoast.com\/product\/yoast-seo-wordpress\/ -->\n<title>Melyek a legjobb online kapar\u00f3s sorsjegyes weboldalak?<\/title>\n<meta name=\"description\" content=\"Kezdj el j\u00e1tszani a legjobb online kapar\u00f3s sorsjegy weboldalon. T\u00f6bb tucat kapar\u00f3s sorsjegy sz\u00e9les nyerem\u00e9nysk\u00e1l\u00e1ban.\" \/>\n<meta name=\"robots\" content=\"index, follow, max-snippet:-1, max-image-preview:large, max-video-preview:-1\" \/>\n<link rel=\"canonical\" href=\"https:\/\/gambling6.com\/hu\/kaparos-sorsjegyek\/\" \/>\n<meta property=\"og:locale\" content=\"hu_HU\" \/>\n<meta property=\"og:type\" content=\"article\" \/>\n<meta property=\"og:title\" content=\"Melyek a legjobb online kapar\u00f3s sorsjegyes weboldalak?\" \/>\n<meta property=\"og:description\" content=\"Kezdj el j\u00e1tszani a legjobb online kapar\u00f3s sorsjegy weboldalon. T\u00f6bb tucat kapar\u00f3s sorsjegy sz\u00e9les nyerem\u00e9nysk\u00e1l\u00e1ban.\" \/>\n<meta property=\"og:url\" content=\"https:\/\/gambling6.com\/hu\/kaparos-sorsjegyek\/\" \/>\n<meta property=\"og:site_name\" content=\"Gambling6\" \/>\n<meta property=\"article:modified_time\" content=\"2025-11-15T10:20:30+00:00\" \/>\n<meta property=\"og:image\" content=\"https:\/\/gambling6.com\/wp-content\/uploads\/2013\/12\/best_online_scratchcards.jpg\" \/>\n\t<meta property=\"og:image:width\" content=\"446\" \/>\n\t<meta property=\"og:image:height\" content=\"243\" \/>\n\t<meta property=\"og:image:type\" content=\"image\/jpeg\" \/>\n<meta name=\"twitter:card\" content=\"summary_large_image\" \/>\n<meta name=\"twitter:label1\" content=\"Becs\u00fclt olvas\u00e1si id\u0151\" \/>\n\t<meta name=\"twitter:data1\" content=\"2 perc\" \/>\n<script type=\"application\/ld+json\" class=\"yoast-schema-graph\">{\"@context\":\"https:\\\/\\\/schema.org\",\"@graph\":[{\"@type\":\"WebPage\",\"@id\":\"https:\\\/\\\/gambling6.com\\\/hu\\\/kaparos-sorsjegyek\\\/\",\"url\":\"https:\\\/\\\/gambling6.com\\\/hu\\\/kaparos-sorsjegyek\\\/\",\"name\":\"Melyek a legjobb online kapar\u00f3s sorsjegyes weboldalak?\",\"isPartOf\":{\"@id\":\"https:\\\/\\\/gambling6.com\\\/hu\\\/#website\"},\"primaryImageOfPage\":{\"@id\":\"https:\\\/\\\/gambling6.com\\\/hu\\\/kaparos-sorsjegyek\\\/#primaryimage\"},\"image\":{\"@id\":\"https:\\\/\\\/gambling6.com\\\/hu\\\/kaparos-sorsjegyek\\\/#primaryimage\"},\"thumbnailUrl\":\"https:\\\/\\\/gambling6.com\\\/wp-content\\\/uploads\\\/2013\\\/12\\\/best_online_scratchcards.jpg\",\"datePublished\":\"2025-11-07T23:00:39+00:00\",\"dateModified\":\"2025-11-15T10:20:30+00:00\",\"description\":\"Kezdj el j\u00e1tszani a legjobb online kapar\u00f3s sorsjegy weboldalon. T\u00f6bb tucat kapar\u00f3s sorsjegy sz\u00e9les nyerem\u00e9nysk\u00e1l\u00e1ban.\",\"breadcrumb\":{\"@id\":\"https:\\\/\\\/gambling6.com\\\/hu\\\/kaparos-sorsjegyek\\\/#breadcrumb\"},\"inLanguage\":\"hu\",\"potentialAction\":[{\"@type\":\"ReadAction\",\"target\":[\"https:\\\/\\\/gambling6.com\\\/hu\\\/kaparos-sorsjegyek\\\/\"]}]},{\"@type\":\"ImageObject\",\"inLanguage\":\"hu\",\"@id\":\"https:\\\/\\\/gambling6.com\\\/hu\\\/kaparos-sorsjegyek\\\/#primaryimage\",\"url\":\"https:\\\/\\\/gambling6.com\\\/wp-content\\\/uploads\\\/2013\\\/12\\\/best_online_scratchcards.jpg\",\"contentUrl\":\"https:\\\/\\\/gambling6.com\\\/wp-content\\\/uploads\\\/2013\\\/12\\\/best_online_scratchcards.jpg\",\"width\":446,\"height\":243},{\"@type\":\"BreadcrumbList\",\"@id\":\"https:\\\/\\\/gambling6.com\\\/hu\\\/kaparos-sorsjegyek\\\/#breadcrumb\",\"itemListElement\":[{\"@type\":\"ListItem\",\"position\":1,\"name\":\"Home\",\"item\":\"https:\\\/\\\/gambling6.com\\\/hu\\\/home\\\/\"},{\"@type\":\"ListItem\",\"position\":2,\"name\":\"Kapar\u00f3s sorsjegyek\"}]},{\"@type\":\"WebSite\",\"@id\":\"https:\\\/\\\/gambling6.com\\\/hu\\\/#website\",\"url\":\"https:\\\/\\\/gambling6.com\\\/hu\\\/\",\"name\":\"Gambling6\",\"description\":\"\",\"potentialAction\":[{\"@type\":\"SearchAction\",\"target\":{\"@type\":\"EntryPoint\",\"urlTemplate\":\"https:\\\/\\\/gambling6.com\\\/hu\\\/?s={search_term_string}\"},\"query-input\":{\"@type\":\"PropertyValueSpecification\",\"valueRequired\":true,\"valueName\":\"search_term_string\"}}],\"inLanguage\":\"hu\"}]}<\/script>\n<!-- \/ Yoast SEO plugin. -->","yoast_head_json":{"title":"Melyek a legjobb online kapar\u00f3s sorsjegyes weboldalak?","description":"Kezdj el j\u00e1tszani a legjobb online kapar\u00f3s sorsjegy weboldalon. T\u00f6bb tucat kapar\u00f3s sorsjegy sz\u00e9les nyerem\u00e9nysk\u00e1l\u00e1ban.","robots":{"index":"index","follow":"follow","max-snippet":"max-snippet:-1","max-image-preview":"max-image-preview:large","max-video-preview":"max-video-preview:-1"},"canonical":"https:\/\/gambling6.com\/hu\/kaparos-sorsjegyek\/","og_locale":"hu_HU","og_type":"article","og_title":"Melyek a legjobb online kapar\u00f3s sorsjegyes weboldalak?","og_description":"Kezdj el j\u00e1tszani a legjobb online kapar\u00f3s sorsjegy weboldalon. T\u00f6bb tucat kapar\u00f3s sorsjegy sz\u00e9les nyerem\u00e9nysk\u00e1l\u00e1ban.","og_url":"https:\/\/gambling6.com\/hu\/kaparos-sorsjegyek\/","og_site_name":"Gambling6","article_modified_time":"2025-11-15T10:20:30+00:00","og_image":[{"width":446,"height":243,"url":"https:\/\/gambling6.com\/wp-content\/uploads\/2013\/12\/best_online_scratchcards.jpg","type":"image\/jpeg"}],"twitter_card":"summary_large_image","twitter_misc":{"Becs\u00fclt olvas\u00e1si id\u0151":"2 perc"},"schema":{"@context":"https:\/\/schema.org","@graph":[{"@type":"WebPage","@id":"https:\/\/gambling6.com\/hu\/kaparos-sorsjegyek\/","url":"https:\/\/gambling6.com\/hu\/kaparos-sorsjegyek\/","name":"Melyek a legjobb online kapar\u00f3s sorsjegyes weboldalak?","isPartOf":{"@id":"https:\/\/gambling6.com\/hu\/#website"},"primaryImageOfPage":{"@id":"https:\/\/gambling6.com\/hu\/kaparos-sorsjegyek\/#primaryimage"},"image":{"@id":"https:\/\/gambling6.com\/hu\/kaparos-sorsjegyek\/#primaryimage"},"thumbnailUrl":"https:\/\/gambling6.com\/wp-content\/uploads\/2013\/12\/best_online_scratchcards.jpg","datePublished":"2025-11-07T23:00:39+00:00","dateModified":"2025-11-15T10:20:30+00:00","description":"Kezdj el j\u00e1tszani a legjobb online kapar\u00f3s sorsjegy weboldalon. T\u00f6bb tucat kapar\u00f3s sorsjegy sz\u00e9les nyerem\u00e9nysk\u00e1l\u00e1ban.","breadcrumb":{"@id":"https:\/\/gambling6.com\/hu\/kaparos-sorsjegyek\/#breadcrumb"},"inLanguage":"hu","potentialAction":[{"@type":"ReadAction","target":["https:\/\/gambling6.com\/hu\/kaparos-sorsjegyek\/"]}]},{"@type":"ImageObject","inLanguage":"hu","@id":"https:\/\/gambling6.com\/hu\/kaparos-sorsjegyek\/#primaryimage","url":"https:\/\/gambling6.com\/wp-content\/uploads\/2013\/12\/best_online_scratchcards.jpg","contentUrl":"https:\/\/gambling6.com\/wp-content\/uploads\/2013\/12\/best_online_scratchcards.jpg","width":446,"height":243},{"@type":"BreadcrumbList","@id":"https:\/\/gambling6.com\/hu\/kaparos-sorsjegyek\/#breadcrumb","itemListElement":[{"@type":"ListItem","position":1,"name":"Home","item":"https:\/\/gambling6.com\/hu\/home\/"},{"@type":"ListItem","position":2,"name":"Kapar\u00f3s sorsjegyek"}]},{"@type":"WebSite","@id":"https:\/\/gambling6.com\/hu\/#website","url":"https:\/\/gambling6.com\/hu\/","name":"Gambling6","description":"","potentialAction":[{"@type":"SearchAction","target":{"@type":"EntryPoint","urlTemplate":"https:\/\/gambling6.com\/hu\/?s={search_term_string}"},"query-input":{"@type":"PropertyValueSpecification","valueRequired":true,"valueName":"search_term_string"}}],"inLanguage":"hu"}]}},"_links":{"self":[{"href":"https:\/\/gambling6.com\/hu\/wp-json\/wp\/v2\/pages\/8708","targetHints":{"allow":["GET"]}}],"collection":[{"href":"https:\/\/gambling6.com\/hu\/wp-json\/wp\/v2\/pages"}],"about":[{"href":"https:\/\/gambling6.com\/hu\/wp-json\/wp\/v2\/types\/page"}],"author":[{"embeddable":true,"href":"https:\/\/gambling6.com\/hu\/wp-json\/wp\/v2\/users\/1"}],"replies":[{"embeddable":true,"href":"https:\/\/gambling6.com\/hu\/wp-json\/wp\/v2\/comments?post=8708"}],"version-history":[{"count":1,"href":"https:\/\/gambling6.com\/hu\/wp-json\/wp\/v2\/pages\/8708\/revisions"}],"predecessor-version":[{"id":10922,"href":"https:\/\/gambling6.com\/hu\/wp-json\/wp\/v2\/pages\/8708\/revisions\/10922"}],"wp:featuredmedia":[{"embeddable":true,"href":"https:\/\/gambling6.com\/hu\/wp-json\/wp\/v2\/media\/8686"}],"wp:attachment":[{"href":"https:\/\/gambling6.com\/hu\/wp-json\/wp\/v2\/media?parent=8708"}],"curies":[{"name":"wp","href":"https:\/\/api.w.org\/{rel}","templated":true}]}}